{"id":108,"date":"2017-02-17T15:01:19","date_gmt":"2017-02-17T14:01:19","guid":{"rendered":"http:\/\/whisky-francais.com\/?page_id=108"},"modified":"2021-01-20T15:36:03","modified_gmt":"2021-01-20T14:36:03","slug":"distillerie-des-menhirs","status":"publish","type":"page","link":"https:\/\/whisky-francais.com\/index.php\/distilleries\/distillerie-des-menhirs\/","title":{"rendered":"Distillerie des Menhirs"},"content":{"rendered":"<p><img loading=\"lazy\" decoding=\"async\" data-attachment-id=\"488\" data-permalink=\"https:\/\/whisky-francais.com\/index.php\/distilleries\/distillerie-des-menhirs\/logo\/\" data-orig-file=\"https:\/\/whisky-francais.com\/wp-content\/uploads\/2017\/02\/LOGO.jpg\" data-orig-size=\"250,243\" data-comments-opened=\"1\" data-image-meta=\"{&quot;aperture&quot;:&quot;0&quot;,&quot;credit&quot;:&quot;&quot;,&quot;camera&quot;:&quot;&quot;,&quot;caption&quot;:&quot;&quot;,&quot;created_timestamp&quot;:&quot;0&quot;,&quot;copyright&quot;:&quot;&quot;,&quot;focal_length&quot;:&quot;0&quot;,&quot;iso&quot;:&quot;0&quot;,&quot;shutter_speed&quot;:&quot;0&quot;,&quot;title&quot;:&quot;&quot;,&quot;orientation&quot;:&quot;0&quot;}\" data-image-title=\"Whisky Fran\u00e7ais, Single Cask, Single Malt, Plomelin, Bretagne, Distillerie des Mehnhirs, Eddu Silver, Eddu Gold, Eddu Grey Rock, Eddu Silver Sherry, Ed Gwenn, Broc\u00e9liande, orge, bl\u00e9 noir, Matthieu Acar, Xavier Brevet, d\u00e9gustation, whisky, masterclass, Paris\" data-image-description=\"&lt;p&gt;Whisky Fran\u00e7ais, Single Cask, Single Malt, Plomelin, Bretagne, Distillerie des Mehnhirs, Eddu Silver, Eddu Gold, Eddu Grey Rock, Eddu Silver Sherry, Ed Gwenn, Broc\u00e9liande, orge, bl\u00e9 noir, Matthieu Acar, Xavier Brevet, d\u00e9gustation, whisky, masterclass, Paris&lt;\/p&gt;\n\" data-image-caption=\"&lt;p&gt;Whisky Fran\u00e7ais, Single Cask, Single Malt, Plomelin, Bretagne, Distillerie des Mehnhirs, Eddu Silver, Eddu Gold, Eddu Grey Rock, Eddu Silver Sherry, Ed Gwenn, Broc\u00e9liande, orge, bl\u00e9 noir, Matthieu Acar, Xavier Brevet, d\u00e9gustation, whisky, masterclass, Paris, atelier, d\u00e9gustation, whisky&lt;\/p&gt;\n\" data-medium-file=\"https:\/\/whisky-francais.com\/wp-content\/uploads\/2017\/02\/LOGO.jpg\" data-large-file=\"https:\/\/whisky-francais.com\/wp-content\/uploads\/2017\/02\/LOGO.jpg\" class=\"size-full wp-image-488 aligncenter\" src=\"https:\/\/whisky-francais.com\/wp-content\/uploads\/2017\/02\/LOGO.jpg\" alt=\"\" width=\"250\" height=\"243\" \/><\/p>\n<p><img loading=\"lazy\" decoding=\"async\" data-attachment-id=\"670\" data-permalink=\"https:\/\/whisky-francais.com\/index.php\/distilleries\/gilbert-holl\/certifie\/\" data-orig-file=\"https:\/\/whisky-francais.com\/wp-content\/uploads\/2017\/02\/certifie.jpg\" data-orig-size=\"125,125\" data-comments-opened=\"1\" data-image-meta=\"{&quot;aperture&quot;:&quot;0&quot;,&quot;credit&quot;:&quot;&quot;,&quot;camera&quot;:&quot;&quot;,&quot;caption&quot;:&quot;&quot;,&quot;created_timestamp&quot;:&quot;0&quot;,&quot;copyright&quot;:&quot;&quot;,&quot;focal_length&quot;:&quot;0&quot;,&quot;iso&quot;:&quot;0&quot;,&quot;shutter_speed&quot;:&quot;0&quot;,&quot;title&quot;:&quot;&quot;,&quot;orientation&quot;:&quot;1&quot;}\" data-image-title=\"Whisky Fran\u00e7ais &#8211; French Whisky, Matthieu Acar, Xavier Brevet, d\u00e9gustation, whisky, masterclass, Paris\" data-image-description=\"&lt;p&gt;Whisky Fran\u00e7ais &#8211; French Whisky, Matthieu Acar, Xavier Brevet, d\u00e9gustation, whisky, masterclass, Paris&lt;\/p&gt;\n\" data-image-caption=\"&lt;p&gt;Whisky Fran\u00e7ais &#8211; French Whisky, Matthieu Acar, Xavier Brevet, d\u00e9gustation, whisky, masterclass, Paris, atelier, d\u00e9gustation, whisky&lt;\/p&gt;\n\" data-medium-file=\"https:\/\/whisky-francais.com\/wp-content\/uploads\/2017\/02\/certifie.jpg\" data-large-file=\"https:\/\/whisky-francais.com\/wp-content\/uploads\/2017\/02\/certifie.jpg\" class=\"size-full wp-image-670 aligncenter\" src=\"https:\/\/whisky-francais.com\/wp-content\/uploads\/2017\/02\/certifie.jpg\" alt=\"Whisky Fran\u00e7ais - French Whisky\" width=\"125\" height=\"125\" srcset=\"https:\/\/whisky-francais.com\/wp-content\/uploads\/2017\/02\/certifie.jpg 125w, https:\/\/whisky-francais.com\/wp-content\/uploads\/2017\/02\/certifie-32x32.jpg 32w, https:\/\/whisky-francais.com\/wp-content\/uploads\/2017\/02\/certifie-50x50.jpg 50w, https:\/\/whisky-francais.com\/wp-content\/uploads\/2017\/02\/certifie-64x64.jpg 64w, https:\/\/whisky-francais.com\/wp-content\/uploads\/2017\/02\/certifie-96x96.jpg 96w\" sizes=\"(max-width: 125px) 100vw, 125px\" \/><\/p>\n<p>Cr\u00e9\u00e9e en 1986 par Guy Le Lay, alors professeur de math\u00e9matique, la Distillerie des Menhirs parach\u00e8ve une histoire familiale de bouilleur de cru qui remonte \u00e0 1921 !<\/p>\n<p>En 1999 elle se lance dans la production de whisky et opte alors pour l&rsquo;utilisation du bl\u00e9 noir, une c\u00e9r\u00e9ale (une Polygonac\u00e9e en fait) dont le rendement est nettement\u00a0inf\u00e9rieur \u00e0 l&rsquo;orge (1,3 kg pour une bouteille contre 0,8 kg pour un whisky d&rsquo;orge)&#8230; Mais que voulez-vous, on ne transige pas quand on veut faire du whisky Breton !<\/p>\n<table class=\" aligncenter\" style=\"width: 830px;\">\n<tbody>\n<tr style=\"height: 48px;\">\n<td style=\"width: 191.5px; height: 48px;\">Statut<\/td>\n<td style=\"width: 786.5px; height: 48px;\">Produit et commercialise son propre whisky<\/td>\n<\/tr>\n<tr style=\"height: 48px;\">\n<td style=\"width: 191.5px; height: 48px;\">Localisation<\/td>\n<td style=\"width: 786.5px; height: 48px;\">Distillerie des Menhirs, 7 Hent Sant Philibert, 29700 Plomelin, France.<br \/>\n47\u00b056&rsquo;17.3&Prime;N \/ 4\u00b009&rsquo;06.1&Prime;W<\/td>\n<\/tr>\n<tr style=\"height: 48px;\">\n<td style=\"width: 191.5px; height: 48px;\">Volume de Production<\/td>\n<td style=\"width: 786.5px; height: 48px;\">110 000 cols\/an.<\/td>\n<\/tr>\n<tr style=\"height: 24px;\">\n<td style=\"width: 191.5px; height: 24px;\">Dates Cl\u00e9s<\/td>\n<td style=\"width: 786.5px; height: 24px;\"><strong>1986 :<\/strong>\u00a0Cr\u00e9ation de la distillerie. Elle produit alors du Lambig, du cidre, du jus de pomme ainsi que <strong>le premier pommeau de Bretagne.<\/strong><br \/>\nLes produits de la distillerie se vendent tr\u00e8s bien l\u2019\u00e9t\u00e9 mais moins le reste de l&rsquo;ann\u00e9e. Elle se met alors \u00e0 la recherche d&rsquo;un nouveau produit.<\/p>\n<p><strong>Milieu des ann\u00e9es 90\u00a0:<\/strong> C&rsquo;est au cours d&rsquo;un voyage en Ecosse que Guy le Lay a l\u2019id\u00e9e de faire du whisky. Il visite alors les coulisses de la distillerie Dalmore en compagnie du ma\u00eetre de chai (chose impensable aujourd&rsquo;hui !).<\/p>\n<p><strong>1999\u00a0:<\/strong> Apr\u00e8s avoir re\u00e7u l&rsquo;aval des douanes pour l&rsquo;utilisation du bl\u00e9 noir, la distillerie r\u00e9alise sa premi\u00e8re distillation de whisky\u00a0!<\/p>\n<p><strong>2002<\/strong> : Lancement d\u2019Eddu Silver<\/p>\n<p><strong>2003 :<\/strong> Lancement d&rsquo;Eddu Grey Rock<\/p>\n<p><strong>2007 :<\/strong> Lancement d\u2019Eddu Gold<\/p>\n<p><strong>2009\u00a0:<\/strong> Les trois fils Le Lay reprennent officiellement les r\u00eanes de la distillerie. Guy le Lay continue de leur transmettre son savoir.<\/p>\n<p><strong>2010\u00a0:<\/strong> Lancement d&rsquo;Eddu grey rock \u00ab\u00a0Broceliande\u00a0\u00bb<\/p>\n<p><strong>2013 :<\/strong> Lancement d\u2019Eddu silver \u00ab\u00a0Broc\u00e9liande\u00a0\u00bb<\/p>\n<p><strong>2016\u00a0:<\/strong> Lancement d&rsquo;Ed Gwenn<\/p>\n<p><strong>2020 :<\/strong> Changement de packaging<\/td>\n<\/tr>\n<tr style=\"height: 24px;\">\n<td style=\"width: 191.5px; height: 24px;\">Personnages Cl\u00e9s<\/td>\n<td style=\"width: 786.5px; height: 24px;\"><strong>Guy Le Lay :<\/strong> Fondateur.<\/p>\n<p><strong>Kevin Le Lay :<\/strong> Responsable de la direction.<\/p>\n<p><strong>Erwan Le Lay :<\/strong> Responsable de la production.<\/p>\n<p><strong>Loig le Lay :<\/strong> Responsable de la partie commerciale.<\/p>\n<p><strong>Robert L\u00e9aut\u00e9 :<\/strong> Consultant (Ancien de chez R\u00e9my Martin).<\/td>\n<\/tr>\n<tr style=\"height: 24px;\">\n<td style=\"width: 191.5px; height: 24px;\">Gamme<\/td>\n<td style=\"width: 786.5px; height: 24px;\"><a href=\"https:\/\/whisky-francais.com\/index.php\/2017\/03\/13\/eddu-silver-2016\/\"><span style=\"color: #990000;\">\ud83e\udd43 EDDU Silver<\/span><\/a><span style=\"color: #990000;\">, <span style=\"color: #000000;\">base sarrasin, \u00e9lev\u00e9 en f\u00fbts de cognac<\/span><\/span><a href=\"https:\/\/whisky-francais.com\/index.php\/2017\/03\/13\/eddu-silver-2016\/\"><span style=\"color: #990000;\"><br \/>\n<\/span><\/a><br \/>\n<a href=\"https:\/\/whisky-francais.com\/index.php\/2017\/07\/13\/eddu-silver-broceliande\/\" target=\"blank\" rel=\"noopener noreferrer\"><span style=\"color: #990000;\">\ud83e\udd43 EDDU Silver \u201cBroc\u00e9liande\u201d,\u00a0<\/span><\/a>F\u00fbts de cognac puis f\u00fbts de ch\u00eane de Broc\u00e9liande<a href=\"https:\/\/whisky-francais.com\/index.php\/2017\/07\/19\/eddu-gold-43-distillerie-des-menhirs\/\" target=\"blank\" rel=\"noopener noreferrer\"><span style=\"color: #990000;\">\ud83e\udd43 EDDU Gold<\/span><\/a><span style=\"color: #990000;\">, 10 ans<\/span><a href=\"https:\/\/whisky-francais.com\/index.php\/2017\/07\/19\/eddu-gold-43-distillerie-des-menhirs\/\" target=\"blank\" rel=\"noopener noreferrer\"><span style=\"color: #990000;\"><br \/>\n<\/span><\/a><span style=\"color: #990000;\"><br \/>\n<span style=\"color: #000000;\"><a href=\"https:\/\/whisky-francais.com\/index.php\/2017\/11\/07\/eddu-diamant-44-distillerie-des-menhirs\/\">\ud83e\udd43 EDDU diamant<\/a>, 16 ans<a href=\"https:\/\/whisky-francais.com\/index.php\/2017\/11\/07\/eddu-diamant-44-distillerie-des-menhirs\/\"><br \/>\n<\/a><br \/>\n<\/span><\/span><a href=\"https:\/\/whisky-francais.com\/index.php\/2017\/09\/12\/eddu-grey-rock-40-distillerie-des-menhirs\/\">\ud83e\udd43 EDDU Grey Rock<\/a>, 35% bl\u00e9 noir, 65% orge<a href=\"https:\/\/whisky-francais.com\/index.php\/2017\/09\/12\/eddu-grey-rock-40-distillerie-des-menhirs\/\"><br \/>\n<\/a><br \/>\n<a href=\"https:\/\/whisky-francais.com\/index.php\/2017\/08\/16\/eddu-grey-rock-broceliande-40-distillerie-des-menhirs\/\">\ud83e\udd43 EDDU Grey Rock \u201cBroc\u00e9liande\u201d<\/a><\/p>\n<p><a href=\"https:\/\/whisky-francais.com\/index.php\/2017\/10\/30\/rafraichi-ou-a-temperature-degustation-de-ed-gwenn\/\">\ud83e\udd43 ED Gwenn<\/a>, orge malt\u00e9e et orge non malt\u00e9e distill\u00e9 dans une colonne et vieillie dans des f\u00fbts de ch\u00eane \u00e9puis\u00e9.<\/td>\n<\/tr>\n<tr style=\"height: 24px;\">\n<td style=\"width: 191.5px; height: 24px;\">Editions limit\u00e9es<\/td>\n<td style=\"width: 786.5px; height: 24px;\"><a href=\"https:\/\/whisky-francais.com\/index.php\/2017\/09\/07\/eddu-grey-rock-finition-porto-40-distillerie-des-menhirs\/\">\ud83e\udd43 EDDU Grey Rock\u00a0\u00ab\u00a0F\u00fbt de porto\u00a0\u00bb<br \/>\n<\/a><br \/>\n\ud83e\udd43 EDDU collection : Guy le Lay\ud83e\udd43 EDDU collection : Patrick Mahe<\/p>\n<p>\ud83e\udd43 EDDU collection : Dan Ar Braz<\/p>\n<p><a href=\"https:\/\/whisky-francais.com\/index.php\/2017\/04\/25\/eddu-silver-sherry-cask-finish-46\/\"><span style=\"color: #990000;\">\ud83e\udd43 EDDU Silver Sherry finish 60 ans LMDW<\/span><\/a><\/p>\n<p><a href=\"https:\/\/whisky-francais.com\/?p=4695&amp;preview=true\">\ud83e\udd43 EDDU MILLESIME 2004<\/a><\/td>\n<\/tr>\n<tr style=\"height: 24px;\">\n<td style=\"width: 191.5px; height: 24px;\">Eau<\/td>\n<td style=\"width: 786.5px; height: 24px;\">La distillerie est construite \u00e0 50 m\u00e8tres d&rsquo;un forage donnant acc\u00e8s \u00e0 une source locale.<\/p>\n<p>La r\u00e9duction est effectu\u00e9e \u00e0 la cogna\u00e7aise, avec adjonction d&rsquo;eau au fur et \u00e0 mesure du vieillissement.<\/td>\n<\/tr>\n<tr style=\"height: 24.5px;\">\n<td style=\"width: 191.5px; height: 24.5px;\">C\u00e9r\u00e9ales<\/td>\n<td style=\"width: 786.5px; height: 24.5px;\">\ud83c\udf3e\u00a0Bl\u00e9 noir ou Sarrasin : gamme \u00ab\u00a0Eddu\u00a0\u00bb<\/p>\n<p>\ud83c\udf3e Orge : gamme \u00ab\u00a0Ed Gwenn\u00a0\u00bb et \u00ab\u00a0Grey Rock\u00a0\u00bb<\/td>\n<\/tr>\n<tr style=\"height: 24px;\">\n<td style=\"width: 191.5px; height: 24px;\">Levures\/Fermentation<\/td>\n<td style=\"width: 786.5px; height: 24px;\">Fermentation Longue<\/td>\n<\/tr>\n<tr style=\"height: 24px;\">\n<td style=\"width: 191.5px; height: 24px;\">Alambics<\/td>\n<td style=\"width: 786.5px; height: 24px;\">\n<ul>\n<li><strong>2 Alambics Cognacais<\/strong> de 25 hectolitres chauff\u00e9s \u00e0 feu direct (gaz) pour le bl\u00e9 noir.<\/li>\n<\/ul>\n<ul>\n<li>1<strong> Alambic \u00e0 colonne<\/strong> pour l&rsquo;orge.<\/li>\n<\/ul>\n<\/td>\n<\/tr>\n<tr style=\"height: 24px;\">\n<td style=\"width: 191.5px; height: 24px;\">Distillation<\/td>\n<td style=\"width: 786.5px; height: 24px;\">\n<ul>\n<li><strong>Distillation \u00e0 repasse<\/strong> (2 passes) pour le bl\u00e9 noir.<\/li>\n<\/ul>\n<ul>\n<li><strong>Distillation continue pour l&rsquo;orge<\/strong>.<\/li>\n<\/ul>\n<\/td>\n<\/tr>\n<tr style=\"height: 24px;\">\n<td style=\"width: 191.5px; height: 24px;\">Type(s) de chai<\/td>\n<td style=\"width: 786.5px; height: 24px;\">Chai sans isolation, les variations thermiques entra\u00eenent une part des anges de l&rsquo;ordre de 3%.<\/td>\n<\/tr>\n<tr style=\"height: 24px;\">\n<td style=\"width: 191.5px; height: 24px;\">F\u00fbts<\/td>\n<td style=\"width: 786.5px; height: 24px;\"><strong>100% Bois Fran\u00e7ais<\/strong><\/p>\n<p>F\u00fbts de Cognac de 350 L<\/p>\n<p>F\u00fbts de ch\u00eane de Broc\u00e9liande de 350 L<\/p>\n<p>Ex-f\u00fbts de :<\/p>\n<p>\ud83c\udf47 Porto<\/p>\n<p>\ud83c\udf47 Sherry.<\/td>\n<\/tr>\n<tr style=\"height: 24px;\">\n<td style=\"width: 191.5px; height: 24px;\">Donn\u00e9es Territoriales<\/td>\n<td style=\"width: 786.5px; height: 24px;\"><strong>Climat<\/strong> : chaud et temp\u00e9r\u00e9<\/p>\n<p>\ud83c\udf21 <strong>Temp\u00e9rature moyenne<\/strong> : 11.4 \u00b0C<\/p>\n<p><strong>Pluviom\u00e9trie annuelle moyenne\u00a0<\/strong>: 1066 mm<\/p>\n<p><strong>\ud83d\udc7c Part des anges<\/strong> : 3%<\/td>\n<\/tr>\n<tr style=\"height: 24px;\">\n<td style=\"width: 191.5px; height: 24px;\">Notes<\/td>\n<td style=\"width: 786.5px; height: 24px;\">\n<ul>\n<li>Membre de l&rsquo;<a href=\"https:\/\/whisky-francais.com\/CdC_whisky-breton BO.pdf\">IGP Whisky Breton<\/a>.<\/li>\n<li>Adh\u00e9rent \u00e0 <a style=\"font-family: inherit; font-size: inherit;\" href=\"http:\/\/www.produitenbretagne.bzh\/\">\u00ab produit en Bretagne \u00bb<\/a><span style=\"font-family: inherit; font-size: inherit;\"><span style=\"font-family: inherit; font-size: inherit;\"><span style=\"font-family: inherit; font-size: inherit;\"><span style=\"font-family: inherit; font-size: inherit;\"> Association visant \u00e0 promouvoir les savoir-faire des entreprises bretonnes.<\/span><\/span><\/span><\/span><\/li>\n<li>Visite sur rendez-vous toute l&rsquo;ann\u00e9e. 3 visites par jour en juillet et ao\u00fbt. Ferm\u00e9 le dimanche.<\/li>\n<\/ul>\n<\/td>\n<\/tr>\n<tr style=\"height: 24px;\">\n<td style=\"width: 191.5px; height: 24px;\">Site Web<\/td>\n<td style=\"width: 786.5px; height: 24px;\"><a href=\"http:\/\/www.distillerie.bzh\/\" target=\"blank\" rel=\"noopener noreferrer\">http:\/\/www.distillerie.bzh\/<\/a><\/td>\n<\/tr>\n<\/tbody>\n<\/table>\n","protected":false},"excerpt":{"rendered":"<p>Cr\u00e9\u00e9e en 1986 par Guy Le Lay, alors professeur de math\u00e9matique, la Distillerie des Menhirs parach\u00e8ve une histoire familiale de<\/p>\n","protected":false},"author":1,"featured_media":0,"parent":56,"menu_order":0,"comment_status":"closed","ping_status":"closed","template":"","meta":{"jetpack_post_was_ever_published":false,"footnotes":""},"class_list":["post-108","page","type-page","status-publish","hentry"],"jetpack_sharing_enabled":true,"jetpack_shortlink":"https:\/\/wp.me\/P8oZPa-1K","jetpack-related-posts":[{"id":5988,"url":"https:\/\/whisky-francais.com\/index.php\/distillerie-du-cotentin\/","url_meta":{"origin":108,"position":0},"title":"Distillerie du Cotentin","date":"11 avril 2021","format":false,"excerpt":"Derni\u00e8re mise \u00e0 jour : Octobre 2025 Laurence Giraud \u00e0 Saint-Germain-le-Gaillard le 3 mars 2021. Micro distillerie produisant du whisky et de l'alcool d'orge malt\u00e9e issue de l'agriculture locale. Le parcours de Laurence est atypique et provient d\u2019histoires de rencontres ! Elle passe de quelques belles ann\u00e9es dans l\u2019\u00e9ducation populaire,\u2026","rel":"","context":"Article similaire","img":{"alt_text":"","src":"https:\/\/i0.wp.com\/whisky-francais.com\/wp-content\/uploads\/2021\/04\/distillerie-du-cotentin-3-1-scaled.jpg?resize=350%2C200&ssl=1","width":350,"height":200},"classes":[]},{"id":4371,"url":"https:\/\/whisky-francais.com\/index.php\/distilleries\/distillerie-disle-de-france\/","url_meta":{"origin":108,"position":1},"title":"Distillerie d&rsquo;Isle de France","date":"13 mai 2019","format":false,"excerpt":"Derni\u00e8re mise \u00e0 jour : 15\/08\/2023 Cr\u00e9\u00e9e en 2017 par trois amis, la distillerie d\u2019Isle de France d\u00e9butera sa production de whisky en 2019. Centr\u00e9e sur une approche m\u00ealant esprit de camaraderie, valorisation de l\u2019\u00e9conomie circulaire et pr\u00e9servation de la biodiversit\u00e9, la distillerie s\u2019appr\u00eate \u00e0 lancer une campagne de financement\u2026","rel":"","context":"Article similaire","img":{"alt_text":"Distillerie d'Isle de France, Fresnes sur Marne, France, Olivier Fl\u00e9, Antonin Van Niel, Michael Landart, whisky, orge, ma\u00efs, seigle, brasserie rabourdin, Stupfler, Whisky Fran\u00e7ais, French Whisky, Xavier Brevet, Matthieu Acar, Lilya Sekkal, d\u00e9gustation, whisky, masterclass, Paris, atelier, d\u00e9gustation","src":"https:\/\/i0.wp.com\/whisky-francais.com\/wp-content\/uploads\/2019\/05\/5eb2b6cb-0e7e-4d6c-a7f0-48566d25032b-min-1.jpg?resize=350%2C200&ssl=1","width":350,"height":200},"classes":[]},{"id":6591,"url":"https:\/\/whisky-francais.com\/index.php\/distillerie-de-soligny\/","url_meta":{"origin":108,"position":2},"title":"Distillerie de Soligny","date":"15 avril 2023","format":false,"excerpt":"C\u2019est \u00e0 Soligny les \u00e9tangs, une petite bourgade de l\u2019Aube, que V\u00e9ronique et Vincent Godier entament leur seconde vie en 2018. Soucieux de valoriser leur terroir, le couple se lance dans la confection d\u2019un whisky du champ \u00e0 la bouteille. Pratiquant une agriculture respectueuse de l\u2019environnement, sans aucun intrant chimique\u2026","rel":"","context":"Article similaire","img":{"alt_text":"","src":"https:\/\/i0.wp.com\/whisky-francais.com\/wp-content\/uploads\/2023\/04\/soligny-whisky-francais.jpg?resize=350%2C200&ssl=1","width":350,"height":200},"classes":[]},{"id":385,"url":"https:\/\/whisky-francais.com\/index.php\/distilleries\/g-rozelieures\/","url_meta":{"origin":108,"position":3},"title":"Rozelieures &#8211; Distillerie Grallet-Dupic","date":"28 f\u00e9vrier 2017","format":false,"excerpt":"De l\u2019AOC Mirabelles de Lorraine a\u0300 la confection de whisky il n\u2019y a qu\u2019un pas ! La distillerie Grallet-Dupic en est le parfait exemple. Forte d\u2019une tradition se\u0301culaire en matie\u0300re en fabrication d\u2019eau-de-vie, la distillerie se lance dans la production de whisky il y a 17 ans de cela. Cette\u2026","rel":"","context":"Article similaire","img":{"alt_text":"Rozelieures, G. Rozelieures, Grallet-Dupic, AOC Mirabelle de Lorraine, Christophe Dupic, Hubert Grallet, Christian Vergier, Rare Collection, Fum\u00e9e Colletion, Tourb\u00e9e Collection, Vosne Roman\u00e9e, Rully , Vosges, Le Grenier, La Bergerie, Le Fort P\u00e9lissier, Tokay, Porto, Banyuls, Saint Joseph, Condrieu, Bourbon, Fino, Oloroso, Pedro Ximenez, France, whisky, whisky Fran\u00e7ais, French whisky, orge, d\u00e9gustation, Matthieu Acar, Xavier Brevet, d\u00e9gustation, whisky, masterclass, Paris, atelier, d\u00e9gustation, whisky","src":"https:\/\/i0.wp.com\/whisky-francais.com\/wp-content\/uploads\/2017\/02\/tonneaux-1.jpg?resize=350%2C200&ssl=1","width":350,"height":200},"classes":[]},{"id":4214,"url":"https:\/\/whisky-francais.com\/index.php\/distilleries\/coqlicorne-company\/","url_meta":{"origin":108,"position":4},"title":"Distillerie Coqlicorne","date":"10 mars 2019","format":false,"excerpt":"La distillerie d\u00e9tient le palmar\u00e8s du plus jeune couple de producteur de whisky Fran\u00e7ais\u00a0! Laure-Anne et Liam se sont rencontr\u00e9s il y a quelques ann\u00e9es en \u00c9cosse. \ud83d\udc13 Laure-Anne, 26 ans, vient du Perche. Elle fait ses \u00e9tudes en \u00c9cosse et dans le Tennessee. C\u2019est l\u00e0 qu\u2019elle d\u00e9couvre le MOONSHINE\u2026","rel":"","context":"Article similaire","img":{"alt_text":"Coqlicorne, coqlicorne company, Liam Hope, laure-anne civet, laure anne vivet, ugo, Nogent le bernard, Nogent-le-bernard, corn whisky, whisky ma\u00c3\u00afs, whisky ma\u00c3\u00afs et orge, whisky ma\u00c3\u00afs et malt, whisky mais, whisky mais et orge, whisky mais et malt, Appalachian Pot Still, Al-Ambic, Dunnage warehouse, ch\u00c3\u00aane am\u00c3\u00a9ricain, pineau des charentes, f\u00c3\u00bbt de pineau des charentes, bourbon barrel, f\u00c3\u00bbts de Jasni\u00c3\u00a8res, f\u00c3\u00bbt de Jasni\u00c3\u00a8res, distillerie fran\u00c3\u00a7aise, whisky fran\u00c3\u00a7ais, french whisky, France, distillerie, Matthieu Acar, Xavier Brevet, Lilya Sekkal, d\u00c3\u00a9gustation, whisky, masterclass, Paris, atelier, d\u00c3\u00a9gustation, whisky Francais, whisky fran\u00c3\u00a7ais, france whisky.","src":"https:\/\/i0.wp.com\/whisky-francais.com\/wp-content\/uploads\/2019\/03\/coqlicorne_logo.jpg?resize=350%2C200","width":350,"height":200},"classes":[]},{"id":124,"url":"https:\/\/whisky-francais.com\/index.php\/distilleries\/hepp\/","url_meta":{"origin":108,"position":5},"title":"Hepp","date":"17 f\u00e9vrier 2017","format":false,"excerpt":"C'est dans la ville d'Uberach, \u00e0 30km au Nord de Strasbourg, que la famille Hepp fonda la distillerie du m\u00eame nom en 1972. Fruit d'une famille de\u00a0bouilleurs ambulants et forte d'une modernisation de ses installations en 2000,\u00a0son premier whisky verra le jour en 2007. Statut Produit et Commercialise son propre\u2026","rel":"","context":"Article similaire","img":{"alt_text":"Hepp, Uberach, Alsace, France, Ren\u00c3\u00a9 Hepp, Tharcis Hepp, Yannick Hepp, IGP, Ouisky, Single Malt, Pinot Gris, Pinot Noir, Vieille Prune, Marc de gew\u00c3\u00bcrztraminer, bourbon, eau-de-vie, liqueur, cr\u00c3\u00a8me, Meteor, orge, Christian Carl, alambic, chai, whisky, whisky Fran\u00c3\u00a7ais, French whisky, orge, distillation, Matthieu Acar, Xavier Brevet, Lilya Sekkal, d\u00c3\u00a9gustation, whisky, acad\u00c3\u00a9mie, masterclass, Paris","src":"https:\/\/i0.wp.com\/whisky-francais.com\/wp-content\/uploads\/2019\/06\/YANNICK.jpg?resize=350%2C200","width":350,"height":200},"classes":[]}],"_links":{"self":[{"href":"https:\/\/whisky-francais.com\/index.php\/wp-json\/wp\/v2\/pages\/108"}],"collection":[{"href":"https:\/\/whisky-francais.com\/index.php\/wp-json\/wp\/v2\/pages"}],"about":[{"href":"https:\/\/whisky-francais.com\/index.php\/wp-json\/wp\/v2\/types\/page"}],"author":[{"embeddable":true,"href":"https:\/\/whisky-francais.com\/index.php\/wp-json\/wp\/v2\/users\/1"}],"replies":[{"embeddable":true,"href":"https:\/\/whisky-francais.com\/index.php\/wp-json\/wp\/v2\/comments?post=108"}],"version-history":[{"count":44,"href":"https:\/\/whisky-francais.com\/index.php\/wp-json\/wp\/v2\/pages\/108\/revisions"}],"predecessor-version":[{"id":5755,"href":"https:\/\/whisky-francais.com\/index.php\/wp-json\/wp\/v2\/pages\/108\/revisions\/5755"}],"up":[{"embeddable":true,"href":"https:\/\/whisky-francais.com\/index.php\/wp-json\/wp\/v2\/pages\/56"}],"wp:attachment":[{"href":"https:\/\/whisky-francais.com\/index.php\/wp-json\/wp\/v2\/media?parent=108"}],"curies":[{"name":"wp","href":"https:\/\/api.w.org\/{rel}","templated":true}]}}