{"id":112,"date":"2017-02-17T17:30:16","date_gmt":"2017-02-17T16:30:16","guid":{"rendered":"http:\/\/whisky-francais.com\/?page_id=112"},"modified":"2020-07-09T12:18:01","modified_gmt":"2020-07-09T10:18:01","slug":"gilbert-holl","status":"publish","type":"page","link":"https:\/\/whisky-francais.com\/index.php\/distilleries\/gilbert-holl\/","title":{"rendered":"Gilbert Holl (ferm\u00e9e)"},"content":{"rendered":"<p><img loading=\"lazy\" decoding=\"async\" data-attachment-id=\"670\" data-permalink=\"https:\/\/whisky-francais.com\/index.php\/distilleries\/gilbert-holl\/certifie\/\" data-orig-file=\"https:\/\/whisky-francais.com\/wp-content\/uploads\/2017\/02\/certifie.jpg\" data-orig-size=\"125,125\" data-comments-opened=\"1\" data-image-meta=\"{&quot;aperture&quot;:&quot;0&quot;,&quot;credit&quot;:&quot;&quot;,&quot;camera&quot;:&quot;&quot;,&quot;caption&quot;:&quot;&quot;,&quot;created_timestamp&quot;:&quot;0&quot;,&quot;copyright&quot;:&quot;&quot;,&quot;focal_length&quot;:&quot;0&quot;,&quot;iso&quot;:&quot;0&quot;,&quot;shutter_speed&quot;:&quot;0&quot;,&quot;title&quot;:&quot;&quot;,&quot;orientation&quot;:&quot;1&quot;}\" data-image-title=\"Whisky Fran\u00e7ais &#8211; French Whisky, Matthieu Acar, Xavier Brevet, d\u00e9gustation, whisky, masterclass, Paris\" data-image-description=\"&lt;p&gt;Whisky Fran\u00e7ais &#8211; French Whisky, Matthieu Acar, Xavier Brevet, d\u00e9gustation, whisky, masterclass, Paris&lt;\/p&gt;\n\" data-image-caption=\"&lt;p&gt;Whisky Fran\u00e7ais &#8211; French Whisky, Matthieu Acar, Xavier Brevet, d\u00e9gustation, whisky, masterclass, Paris, atelier, d\u00e9gustation, whisky&lt;\/p&gt;\n\" data-medium-file=\"https:\/\/whisky-francais.com\/wp-content\/uploads\/2017\/02\/certifie.jpg\" data-large-file=\"https:\/\/whisky-francais.com\/wp-content\/uploads\/2017\/02\/certifie.jpg\" class=\"size-full wp-image-670 aligncenter\" src=\"https:\/\/whisky-francais.com\/wp-content\/uploads\/2017\/02\/certifie.jpg\" alt=\"\" width=\"125\" height=\"125\" srcset=\"https:\/\/whisky-francais.com\/wp-content\/uploads\/2017\/02\/certifie.jpg 125w, https:\/\/whisky-francais.com\/wp-content\/uploads\/2017\/02\/certifie-32x32.jpg 32w, https:\/\/whisky-francais.com\/wp-content\/uploads\/2017\/02\/certifie-50x50.jpg 50w, https:\/\/whisky-francais.com\/wp-content\/uploads\/2017\/02\/certifie-64x64.jpg 64w, https:\/\/whisky-francais.com\/wp-content\/uploads\/2017\/02\/certifie-96x96.jpg 96w\" sizes=\"(max-width: 125px) 100vw, 125px\" \/><\/p>\n<p>La distillerie Holl n&rsquo;est plus active, n\u00e9anmoins l&rsquo;\u00c9pop\u00e9e du premier distillateur de whisky alsacien continu ! Voir la page : <a href=\"https:\/\/whisky-francais.com\/index.php\/distilleries\/nusbaumer\/\">Nusbaumer<\/a><\/p>\n<p>C\u2019est \u00e0 la lisi\u00e8re de Ribeauville, dans une micro-distillerie situ\u00e9e au nord du parc naturel r\u00e9gional des Ballons des Vosges, que Gilbert Holl confectionne avec une attention toute particuli\u00e8re son whisky Alsacien, le Lac\u2019Holl. Porte-\u00e9tendard d\u2019une distillerie proposant une des gammes d\u2019eaux-de-vie et de liqueurs les plus \u00e9toff\u00e9es de France, son whisky est unanimement reconnu pour son caract\u00e8re unique, son authenticit\u00e9 et sa raret\u00e9.<\/p>\n<table>\n<tbody>\n<tr style=\"height: 24px;\">\n<td style=\"height: 24px;\" width=\"143\">Statut<\/td>\n<td style=\"height: 24px;\" width=\"590\">Ferm\u00e9e depuis le 31 D\u00e9cembre 2019<\/p>\n<p>La production de Lac&rsquo;Holl perdure gr\u00e2ce au partenariat liant Gilbert Holl \u00e0 la distillerie Nusbaumer.<\/td>\n<\/tr>\n<tr style=\"height: 24px;\">\n<td style=\"height: 24px;\" width=\"143\">Localisation<\/td>\n<td style=\"height: 24px;\" width=\"590\">\ud83d\udceb 68150 Ribeauvill\u00e9, France<\/td>\n<\/tr>\n<tr style=\"height: 48px;\">\n<td style=\"height: 48px;\" width=\"143\">Volume de Production<\/td>\n<td style=\"height: 48px;\" width=\"590\">1 barrique de 300L chaque ann\u00e9e (sot environ 600bt\/an)<\/td>\n<\/tr>\n<tr style=\"height: 248px;\">\n<td style=\"height: 248px;\" width=\"143\">Dates Cl\u00e9s<\/td>\n<td style=\"height: 248px;\" width=\"590\"><strong>1979<\/strong>\u00a0: G. Holl distille ses premi\u00e8res eaux-de-vie et liqueurs sp\u00e9cifiques au terroir Alsacien. La distillerie s\u2019installe dans les locaux d\u2019une ancienne scierie.<\/p>\n<p>1979 \u2013 1998\u00a0: la distillerie songe et travaille \u00e0 la cr\u00e9ation de nouveaux produits.<\/p>\n<p><strong>1998<\/strong>\u00a0: ouverture de la brasserie artisanale \u00e0 Riquewihr\u2026 L\u2019id\u00e9e de cr\u00e9er son propre whisky appara\u00eet alors et donnera naissance, quelques ann\u00e9es plus tard, au premier whisky Alsacien.<\/p>\n<p>2015\u00a0: revente de la brasserie artisanale de Riquewihr.<\/td>\n<\/tr>\n<tr style=\"height: 24px;\">\n<td style=\"height: 24px;\" width=\"143\">Personnages Cl\u00e9s<\/td>\n<td style=\"height: 24px;\" width=\"590\"><strong>Gilbert Holl<\/strong> (fondateur)<\/td>\n<\/tr>\n<tr style=\"height: 96px;\">\n<td style=\"height: 96px;\" width=\"143\">Gamme<\/td>\n<td style=\"height: 96px;\" width=\"590\">\ud83e\udd43 Whisky <a href=\"https:\/\/whisky-francais.com\/index.php\/2017\/04\/06\/gilbert-holl-lac-holl-or-8-ans-42\/\">LAC\u2019 HOLL \u00ab\u00a0Or\u00a0\u00bb 35cl (8 ans)<\/a>\u00a0: 35cl car format cadeau<\/p>\n<p>\ud83e\udd43 Whisky <a href=\"https:\/\/whisky-francais.com\/index.php\/2017\/04\/07\/gilbert-holl-lac-holl-vieil-or-10-ans-42\/\">LAC\u2019 HOLL \u00ab\u00a0Vieil Or\u00a0\u00bb (10 ans)<\/a> (bt de 50cl)<\/p>\n<p>\ud83e\udd43 Whisky LAC\u2019 HOLL \u00ab\u00a0Junior\u00a0\u00bb (13 ans) (bt de 50cl)<\/p>\n<p>\ud83e\udd43 Whisky <a href=\"https:\/\/whisky-francais.com\/index.php\/2017\/04\/08\/gilbert-holl-lac-holl-15-ans-42\/\">LAC\u2019 HOLL 15 Ans<\/a> (bt de 50cl)<\/td>\n<\/tr>\n<tr style=\"height: 24px;\">\n<td style=\"height: 24px;\" width=\"143\">Eau<\/td>\n<td style=\"height: 24px;\" width=\"590\"><strong>Source locale<\/strong>, unique et non trait\u00e9e.<\/td>\n<\/tr>\n<tr style=\"height: 96px;\">\n<td style=\"height: 96px;\" width=\"143\">C\u00e9r\u00e9ales<\/td>\n<td style=\"height: 96px;\" width=\"590\"><strong>\ud83c\udf3e Orge<\/strong> (6 ou 7 types distincts dont la provenance oscille entre la France, la Belgique et l\u2019Allemagne). Le ma\u00eetre distillateur joue ainsi sur les profils vari\u00e9s des orges malt\u00e9es (niveau de torr\u00e9faction notamment) pour donner toute sa singularit\u00e9\/complexit\u00e9 au whisky.<\/td>\n<\/tr>\n<tr style=\"height: 24px;\">\n<td style=\"height: 24px;\" width=\"143\">Alambics<\/td>\n<td style=\"height: 24px;\" width=\"590\"><strong>Alambic \u00e0 repasse<\/strong> de 150 litres.<\/td>\n<\/tr>\n<tr style=\"height: 240px;\">\n<td style=\"height: 240px;\" width=\"143\">Distillation<\/td>\n<td style=\"height: 240px;\" width=\"590\">Eaux-de-vie\u00a0: utilisation de la colonne de rectification (la distillation des eaux-de-vie de mirabelles s\u2019effectue en une seule passe). Distillation de Janvier \u00e0 Avril.<\/p>\n<p>Whisky\u00a0: la <strong>colonne de rectification<\/strong> (syst\u00e8me de vannes limitant le passage de la vapeur) <strong>est d\u00e9bray\u00e9e<\/strong> pour faire passer l\u2019alambic en <strong>configuration \u00ab\u00a0\u00e0 repasse\u00a0\u00bb<\/strong>. La <strong>double distillation<\/strong> est lente (r\u00e9alis\u00e9e \u00e0 temp\u00e9ratures \u00ab\u00a0mod\u00e9r\u00e9es\u00a0\u00bb) de mani\u00e8re \u00e0 obtenir un spiritueux d\u2019une qualit\u00e9 irr\u00e9prochable. Il arrive que la distillation du whisky se fasse en une journ\u00e9e, en dehors du calendrier de production des eaux-de-vie.<\/td>\n<\/tr>\n<tr style=\"height: 96px;\">\n<td style=\"height: 96px;\" width=\"143\">Type de chai<\/td>\n<td style=\"height: 96px;\" width=\"590\"><strong>Humide<\/strong>.<br \/>\nSitu\u00e9 au sein d\u2019une ancienne scierie. Sol ciment\u00e9 et murs en pierres de gr\u00e8s.<br \/>\nLe chai est \u00e0 proximit\u00e9 de la rivi\u00e8re Strenbach.<br \/>\nLa temp\u00e9rature moyenne, tr\u00e8s froide en hiver et fraiche en \u00e9t\u00e9, entra\u00eene un vieillissement plus long mais limite la part des anges.<\/td>\n<\/tr>\n<tr style=\"height: 24px;\">\n<td style=\"height: 24px;\" width=\"143\">F\u00fbt(s)<\/td>\n<td style=\"height: 24px;\" width=\"590\">F\u00fbts de ch\u00eane fran\u00e7ais. Origine tenue secr\u00e8te\u00a0!\u00a0:p<\/td>\n<\/tr>\n<tr style=\"height: 48px;\">\n<td style=\"height: 48px;\" width=\"143\">Donn\u00e9es Territoriales<\/td>\n<td style=\"height: 48px;\" width=\"590\"><strong>Climat<\/strong>: Continental<\/p>\n<p><strong>Altitude<\/strong>: 405m<\/td>\n<\/tr>\n<tr style=\"height: 72px;\">\n<td style=\"height: 72px;\" width=\"143\">Notes<\/td>\n<td style=\"height: 72px;\" width=\"590\">La grand majorit\u00e9 des whiskies G.Holl est vendue \u00e0 la distillerie m\u00eame (ou par le biais de son site internet). La part de la production destin\u00e9e aux distributeurs et \u00e0 l\u2019export (un cas relev\u00e9 au Japon) est minime.<\/td>\n<\/tr>\n<tr style=\"height: 24px;\">\n<td style=\"height: 24px;\" width=\"143\">Site Web<\/td>\n<td style=\"height: 24px;\" width=\"590\"><a href=\"http:\/\/www.gilbertholl.com\/fr\/\" target=\"blank\" rel=\"noopener noreferrer\">http:\/\/www.gilbertholl.com\/fr\/<\/a><\/td>\n<\/tr>\n<\/tbody>\n<\/table>\n<p>La raret\u00e9 et la typicit\u00e9 des whiskies G. Holl valent d\u00e9sormais \u00e0 la distillerie une notori\u00e9t\u00e9 d\u00e9passant les fronti\u00e8res hexagonales (en t\u00e9moigne la r\u00e9cente mention obtenue dans la \u00ab\u00a0Whisky Bible\u00a0\u00bb de Jim Murray). Aussi sinc\u00e8re dans sa d\u00e9marche que respectueux du temps et de son \u0153uvre sur ses spiritueux, Gilbert Holl hisse son m\u00e9tier au rang d\u2019art. Ceux ayant d\u00e9gust\u00e9 ses whiskies auront eu la chance de go\u00fbter \u00e0 \u00ab\u00a0l\u2019exceptionnel\u00a0\u00bb. Le 15 ans d\u2019\u00e2ge entrera bient\u00f4t dans sa seizi\u00e8me ann\u00e9e\u2026 Sommes-nous en droit de r\u00eaver d\u2019un 20 ans d\u2019\u00e2ge \u00e0 l\u2019or\u00e9e 2022\u00a0? Merci M. Holl.<\/p>\n","protected":false},"excerpt":{"rendered":"<p>La distillerie Holl n&rsquo;est plus active, n\u00e9anmoins l&rsquo;\u00c9pop\u00e9e du premier distillateur de whisky alsacien continu ! Voir la page :<\/p>\n","protected":false},"author":1,"featured_media":657,"parent":56,"menu_order":0,"comment_status":"closed","ping_status":"closed","template":"","meta":{"jetpack_post_was_ever_published":false,"footnotes":""},"class_list":["post-112","page","type-page","status-publish","has-post-thumbnail","hentry"],"jetpack_sharing_enabled":true,"jetpack_shortlink":"https:\/\/wp.me\/P8oZPa-1O","jetpack-related-posts":[{"id":5193,"url":"https:\/\/whisky-francais.com\/index.php\/distilleries\/nusbaumer\/","url_meta":{"origin":112,"position":0},"title":"Nusbaumer (en projet)","date":"13 avril 2020","format":false,"excerpt":"Distillerie artisanale ind\u00e9pendante d\u00e9sormais Entreprise du Patrimoine Vivant, Nusbaumer s\u2019est distingu\u00e9e sur la sc\u00e8ne whisky en signant un partenariat in\u00e9dit avec Gilbert Holl.\u00a0 Statut : En cours de productionLocalisation : 23 Grand Rue 67220 Steige Dates Cl\u00e9s : 1947 - cr\u00e9ation de la distillerie Nusbaumer Avril 2018 - Reprise de\u2026","rel":"","context":"Article similaire","img":{"alt_text":"","src":"","width":0,"height":0},"classes":[]},{"id":5180,"url":"https:\/\/whisky-francais.com\/index.php\/nusbaumer\/","url_meta":{"origin":112,"position":1},"title":"Nusbaumer","date":"9 f\u00e9vrier 2021","format":false,"excerpt":"Statut En cours de production Localisation \ud83d\udcec\u00a0 23 Grand Rue 67220 Steige Dates Cle\u0301s 1947 - cre\u0301ation de la distillerie Nusbaumer Avril 2018 - Reprise de la distillerie par Nicolas Lombard Septembre 2019 - Rencontre avec Gilbert Holl De\u0301but 2020 - De\u0301but de la collaboration avec Gilbert Holl. \u00ab Nous\u2026","rel":"","context":"Article similaire","img":{"alt_text":"","src":"","width":0,"height":0},"classes":[]},{"id":56,"url":"https:\/\/whisky-francais.com\/index.php\/distilleries\/","url_meta":{"origin":112,"position":2},"title":"Producteurs \/ Distilleries","date":"11 f\u00e9vrier 2017","format":false,"excerpt":"Auvergne-Rh\u00f4ne-Alpes Distillerie du Drac Distillerie des Bughes Distillerie du Vercors Domaine des Hautes Glaces Distillerie des Hautes Terres AlpSpirits (ferm\u00e9e) Monsieur Balthazar Mont Blanc Ninkasi O\u2019Baptiste (Ne produit plus de whisky) Bourgogne-Franche-Comt\u00e9 Br\u00fblerie du Revermont Michel Couvreur Rouget de Lisle Bretagne La Bambelle Distillerie des Menhirs Distillerie FDC (Bale Bro)\u2026","rel":"","context":"Article similaire","img":{"alt_text":"","src":"","width":0,"height":0},"classes":[]},{"id":4087,"url":"https:\/\/whisky-francais.com\/index.php\/distilleries\/laurens\/","url_meta":{"origin":112,"position":3},"title":"Laurens","date":"28 f\u00e9vrier 2019","format":false,"excerpt":"Si le nom \u00ab\u00a0Laurens\u00a0\u00bb vous \u00e9voque quelque chose, c'est soit que vous \u00eates oenophile, soit que vous \u00eates whiskyphile ! Situ\u00e9 dans le vallon de Marcillac, ce domaine familial a lanc\u00e9 son 1er whisky en 2017. Tr\u00e8s impliqu\u00e9 dans la pr\u00e9servation de c\u00e9pages oubli\u00e9s c\u00f4t\u00e9 vignoble, l\u2019approche \u00ab\u00a0terroir\u00a0\u00bb du domaine\u2026","rel":"","context":"Article similaire","img":{"alt_text":"Laurens, Clairveaux d'Aveyron, Marcillac, Aubrac, France, distillerie, vignoble, Michel Laurens, Gilbert Laurens, Martine Laurens, Maryse Laurens, Vincent Laurens, Pascal Laurens, \u00c9ric Laurens, Red Leon, Blue Leon, vin blanc, ratafia rouge, Whisky Fran\u00e7ais, French Whisky, Matthieu Acar, Xavier Brevet, d\u00e9gustation, whisky, masterclass, Paris, atelier, d\u00e9gustation","src":"https:\/\/i0.wp.com\/whisky-francais.com\/wp-content\/uploads\/2019\/02\/IMG_3028-min.jpg?resize=350%2C200&ssl=1","width":350,"height":200},"classes":[]},{"id":493,"url":"https:\/\/whisky-francais.com\/index.php\/distilleries\/miclo\/","url_meta":{"origin":112,"position":4},"title":"G.Miclo","date":"6 mars 2017","format":false,"excerpt":"Depuis les ann\u00e9es 90 la consommation des eaux-de-vie a baiss\u00e9 en France. D'une part par effet de mode (les eaux-de-vie sont vues comme vieillottes) d'autre part, car la mise en place des contr\u00f4les routiers a fait baisser les ventes li\u00e9es \u00e0 la restauration. C'est aussi, et peut-\u00eatre surtout, car les\u2026","rel":"","context":"Article similaire","img":{"alt_text":"","src":"https:\/\/i0.wp.com\/whisky-francais.com\/wp-content\/uploads\/2017\/03\/Alambics.jpg?resize=350%2C200","width":350,"height":200},"classes":[]},{"id":120,"url":"https:\/\/whisky-francais.com\/index.php\/distilleries\/castan\/","url_meta":{"origin":112,"position":5},"title":"Castan","date":"17 f\u00e9vrier 2017","format":false,"excerpt":"\u00a0 Fruit du travail de 3 g\u00e9n\u00e9rations et mue par la volont\u00e9 de mettre en avant son terroir, la distillerie Castan s'est lanc\u00e9e dans l'aventure whisky en 2010. Statut Produit et Commercialise son propre whisky Localisation La Soupari\u00e9, 81130 Villeneuve sur Vere 2\u00b01'53\u00bbE \/ 44\u00b00'43\u00bb N Volume de Production 50\u2026","rel":"","context":"Article similaire","img":{"alt_text":"France, Whisky Fran\u00e7ais, French Whisky, Castan, S\u00e9bastien Castan, Vilanova, Single Malt, Single Cask, Tarn, Villeneuve-sur-V\u00e8re, Berbie, Gost, Terrocita, S\u00e9gala, Roja, malt, orge, seigle, alambic stupfler, Gaillac, vin de bordeaux, Matthieu Acar, Xavier Brevet, d\u00e9gustation, whisky, masterclass, Paris, atelier, d\u00e9gustation, whisky","src":"https:\/\/i0.wp.com\/whisky-francais.com\/wp-content\/uploads\/2017\/02\/logocastan.jpg?resize=350%2C200&ssl=1","width":350,"height":200},"classes":[]}],"_links":{"self":[{"href":"https:\/\/whisky-francais.com\/index.php\/wp-json\/wp\/v2\/pages\/112"}],"collection":[{"href":"https:\/\/whisky-francais.com\/index.php\/wp-json\/wp\/v2\/pages"}],"about":[{"href":"https:\/\/whisky-francais.com\/index.php\/wp-json\/wp\/v2\/types\/page"}],"author":[{"embeddable":true,"href":"https:\/\/whisky-francais.com\/index.php\/wp-json\/wp\/v2\/users\/1"}],"replies":[{"embeddable":true,"href":"https:\/\/whisky-francais.com\/index.php\/wp-json\/wp\/v2\/comments?post=112"}],"version-history":[{"count":25,"href":"https:\/\/whisky-francais.com\/index.php\/wp-json\/wp\/v2\/pages\/112\/revisions"}],"predecessor-version":[{"id":5295,"href":"https:\/\/whisky-francais.com\/index.php\/wp-json\/wp\/v2\/pages\/112\/revisions\/5295"}],"up":[{"embeddable":true,"href":"https:\/\/whisky-francais.com\/index.php\/wp-json\/wp\/v2\/pages\/56"}],"wp:featuredmedia":[{"embeddable":true,"href":"https:\/\/whisky-francais.com\/index.php\/wp-json\/wp\/v2\/media\/657"}],"wp:attachment":[{"href":"https:\/\/whisky-francais.com\/index.php\/wp-json\/wp\/v2\/media?parent=112"}],"curies":[{"name":"wp","href":"https:\/\/api.w.org\/{rel}","templated":true}]}}