{"id":114,"date":"2017-02-17T17:56:11","date_gmt":"2017-02-17T16:56:11","guid":{"rendered":"http:\/\/whisky-francais.com\/?page_id=114"},"modified":"2019-02-05T18:23:37","modified_gmt":"2019-02-05T17:23:37","slug":"monsieur-balthazar","status":"publish","type":"page","link":"https:\/\/whisky-francais.com\/index.php\/distilleries\/monsieur-balthazar\/","title":{"rendered":"Monsieur Balthazar"},"content":{"rendered":"<p><img loading=\"lazy\" decoding=\"async\" data-attachment-id=\"319\" data-permalink=\"https:\/\/whisky-francais.com\/index.php\/distilleries\/monsieur-balthazar\/mbalthazar3\/\" data-orig-file=\"https:\/\/whisky-francais.com\/wp-content\/uploads\/2017\/02\/MBALTHAZAR3.png\" data-orig-size=\"37,31\" data-comments-opened=\"1\" data-image-meta=\"{&quot;aperture&quot;:&quot;0&quot;,&quot;credit&quot;:&quot;&quot;,&quot;camera&quot;:&quot;&quot;,&quot;caption&quot;:&quot;&quot;,&quot;created_timestamp&quot;:&quot;0&quot;,&quot;copyright&quot;:&quot;&quot;,&quot;focal_length&quot;:&quot;0&quot;,&quot;iso&quot;:&quot;0&quot;,&quot;shutter_speed&quot;:&quot;0&quot;,&quot;title&quot;:&quot;&quot;,&quot;orientation&quot;:&quot;0&quot;}\" data-image-title=\"Hedgehog, Monsieur Balthazar, Straight Whisky Bourbonnais, Olivier Perrier, David Faverot, H\u00e9risson, ma\u00efs, orge, seigle, Holstein, f\u00fbts de ch\u00eane Fran\u00e7ais, Tron\u00e7ais, ex-f\u00fbts de Cognac.\" data-image-description=\"&lt;p&gt;Hedgehog, Monsieur Balthazar, Straight Whisky Bourbonnais, Olivier Perrier, David Faverot, H\u00e9risson, ma\u00efs, orge, seigle, Holstein, f\u00fbts de ch\u00eane Fran\u00e7ais, Tron\u00e7ais, ex-f\u00fbts de Cognac, Matthieu Acar, Xavier Brevet, d\u00e9gustation, whisky, masterclass, Paris&lt;\/p&gt;\n\" data-image-caption=\"&lt;p&gt;Hedgehog, Monsieur Balthazar, Straight Whisky Bourbonnais, Olivier Perrier, David Faverot, H\u00e9risson, ma\u00efs, orge, seigle, Holstein, f\u00fbts de ch\u00eane Fran\u00e7ais, Tron\u00e7ais, ex-f\u00fbts de Cognac, Matthieu Acar, Xavier Brevet, d\u00e9gustation, whisky, masterclass, Paris, atelier, d\u00e9gustation, whisky&lt;\/p&gt;\n\" data-medium-file=\"https:\/\/whisky-francais.com\/wp-content\/uploads\/2017\/02\/MBALTHAZAR3.png\" data-large-file=\"https:\/\/whisky-francais.com\/wp-content\/uploads\/2017\/02\/MBALTHAZAR3.png\" class=\"size-full wp-image-319 aligncenter\" src=\"https:\/\/whisky-francais.com\/wp-content\/uploads\/2017\/02\/MBALTHAZAR3.png\" alt=\"\" width=\"37\" height=\"31\" \/><\/p>\n<p>C&rsquo;est \u00e0 la lisi\u00e8re de la for\u00eat de Tron\u00e7ais que le Straight Whisky Bourbonnais vit le jour au d\u00e9but des ann\u00e9es 2000, sous l&rsquo;\u00e9gide d&rsquo;Olivier Perrier. Reprise par David Faverot en 2013 (apr\u00e8s plusieurs mois de collaboration avec O. Perrier), le whisky Hedgehog est d\u00e9sormais le porte \u00e9tendard du savoir-faire de la distillerie.<\/p>\n<table>\n<tbody>\n<tr>\n<td style=\"width: 156px;\">Statut<\/td>\n<td style=\"width: 526px;\">Produit et Commercialise son propre whisky<\/td>\n<\/tr>\n<tr>\n<td style=\"width: 156px;\">Localisation<\/td>\n<td style=\"width: 526px;\">8 Place de la R\u00e9publique BP 11, 03190 H\u00e9risson, France.<br \/>\n2\u00b042&rsquo;40\u00bb E \/ 46\u00b030&rsquo;30\u00bb N<\/td>\n<\/tr>\n<tr>\n<td style=\"width: 156px;\">Volume de Production<\/td>\n<td style=\"width: 526px;\">&#8211;<\/td>\n<\/tr>\n<tr>\n<td style=\"width: 156px;\">Dates Cl\u00e9s<\/td>\n<td style=\"width: 526px;\"><strong>1984<\/strong>: C&rsquo;est au cours des rencontres th\u00e9\u00e2trales d&rsquo;H\u00e9risson (le village est renomm\u00e9 pour son patrimoine culturel) que l&rsquo;id\u00e9e de cr\u00e9er une distillerie na\u00eet. Olivier Perrier, co-fondateur de ce ces rencontres, se charge alors de l&rsquo;adaptation de Little Big Man. C&rsquo;est en tant que metteur en sc\u00e8ne qu&rsquo;il fabrique un alambic afin de produire une eau-de-vie de c\u00e9r\u00e9ales qu&rsquo;il distribue aux spectateurs. L&rsquo;histoire \u00e9tait lanc\u00e9e avec pour objectif de produire un whisky local autour de 3 c\u00e9r\u00e9ales cultiv\u00e9es dans la r\u00e9gion: ma\u00efs, orge et seigle. Le travail de la distillerie se poursuit en marge de son m\u00e9tier d&rsquo;acteur.<\/p>\n<p><strong>2000-2001<\/strong>: O. Perrier part \u00e0 la retraite. Il cr\u00e9\u00e9 la SARL Distillerie de Monsieur Balthazar.<\/p>\n<p>2006: 1er embouteillage d&rsquo;Hedgehog.<\/p>\n<p><strong>2012<\/strong>: David Faverot arrive dans l&rsquo;aventure. Il prend peu \u00e0 peu les r\u00eanes de la distillerie.<\/p>\n<p><strong>Juin 2013:<\/strong>\u00a0Reprise de l&rsquo;activit\u00e9 par D. Faverot<\/td>\n<\/tr>\n<tr>\n<td style=\"width: 156px;\">Personnages Cl\u00e9s<\/td>\n<td style=\"width: 526px;\"><strong>Olivier Perrier<\/strong>\u00a0: fondateur<\/p>\n<p><strong>David Faverot<\/strong>\u00a0: actuel dirigeant et ma\u00eetre-distillateur<\/td>\n<\/tr>\n<tr>\n<td style=\"width: 156px;\">Gamme<\/td>\n<td style=\"width: 526px;\"><a href=\"https:\/\/whisky-francais.com\/index.php\/2017\/04\/03\/hedgehog-45-2015\/\"><strong>\ud83e\udd43 Hedgehog<\/strong>\u00a0<\/a>: vieillissement en f\u00fbts neufs de Tron\u00e7ais et f\u00fbts roux de Cognac. L&rsquo;\u00e2ge moyen de vieillissement varie en fonction des cuv\u00e9es. Seul le go\u00fbt fait figure de constance.<\/p>\n<p><strong>\ud83e\udd43 <a href=\"https:\/\/whisky-francais.com\/index.php\/2018\/01\/29\/mr-balthazar-aumance-45-2017\/\">Aumance<\/a><\/strong> : vieillissement en f\u00fbt de Sauternes, Single Cask. L&rsquo;\u00e2ge moyen de vieillissement varie en fonction des cuv\u00e9es.<\/p>\n<p><strong>\ud83e\udd43 <a href=\"https:\/\/whisky-francais.com\/index.php\/2018\/01\/29\/mr-balthazar-troncais-45-2017\/\">Tron\u00e7ais<\/a><\/strong> : vieillissement en f\u00fbt de ch\u00eane neuf de\u200b la for\u00eat du Tron\u00e7ais Single Cask. L&rsquo;\u00e2ge moyen de vieillissement varie en fonction des cuv\u00e9es.<\/td>\n<\/tr>\n<tr>\n<td style=\"width: 156px;\">Eau<\/td>\n<td style=\"width: 526px;\">De nombreuses eaux sont utilis\u00e9es \u00e0 la distillerie.<\/p>\n<p>L&rsquo;eau de source art\u00e9sienne de l&rsquo;Allier est utilis\u00e9e pour la confection de la vodka (Borvo).<\/p>\n<p>L&rsquo;eau d\u00e9di\u00e9e au refroidissement des vapeurs est celle du secteur.<\/p>\n<p>Une eau filtr\u00e9e au charbon actif est utilis\u00e9e pour le brassage du futur whisky.<\/p>\n<p>L&rsquo;eau osmos\u00e9e est utilis\u00e9e pour la r\u00e9duction du whisky. Sans cette eau osmos\u00e9e, des paillettes se formeraient dans le distillat en p\u00e9riode de gel.<\/td>\n<\/tr>\n<tr>\n<td style=\"width: 156px;\">C\u00e9r\u00e9ales<\/td>\n<td style=\"width: 526px;\">\ud83c\udf3d 45% <strong>Ma\u00efs<\/strong> Bio (anciennement 60%)<\/p>\n<p>\ud83c\udf3e 45% <strong>Orge<\/strong> (3 sortes)<\/p>\n<p>\ud83c\udf3e 10% <strong>Seigle<\/strong><\/p>\n<p>Toutes les c\u00e9r\u00e9ales sont cultiv\u00e9es et achet\u00e9es localement.<\/td>\n<\/tr>\n<tr>\n<td style=\"width: 156px;\">Levures<\/td>\n<td style=\"width: 526px;\">\u00a0&#8211;<\/td>\n<\/tr>\n<tr>\n<td style=\"width: 156px;\">Alambics<\/td>\n<td style=\"width: 526px;\">Alambic \u00e0 <strong>bain-marie Holstein<\/strong> (sans colonne) de 1200 litres.\u00a0Refroidissement Charentais avec col de cygne descendant, double distillation.<\/p>\n<p>Alambic <strong>Holstein<\/strong> de 180L. En service pour des essais sur diff\u00e9rentes souches de levures et c\u00e9r\u00e9ales. Alambic \u00e0 repasse.<\/p>\n<p>Alambic de 150L \u00e0 <strong>bain-marie Rump\u00a0<\/strong>: chauffe au gaz (par souci de pr\u00e9cision) Inutilis\u00e9.<\/p>\n<p>Alambic Carl de 260L. Inutilis\u00e9.<\/td>\n<\/tr>\n<tr>\n<td style=\"width: 156px;\">Distillation<\/td>\n<td style=\"width: 526px;\">Pas de filtration de la c\u00e9r\u00e9ale pendant la fermentation (tr\u00e8s longue, au bain marie avec agitation int\u00e9rieure) et la distillation pour donner des notes de pain brioch\u00e9 \/ pain grill\u00e9. D&rsquo;abord essay\u00e9 en 1984, cette particularit\u00e9 a \u00e9t\u00e9 conserv\u00e9e et affin\u00e9e dans d&rsquo;autres directions.<\/td>\n<\/tr>\n<tr>\n<td style=\"width: 156px;\">Type de Chai<\/td>\n<td style=\"width: 526px;\">Plut\u00f4t humide !<\/p>\n<p>Sol non b\u00e9tonn\u00e9, constitu\u00e9 d&rsquo;argile qui garde l&rsquo;humidit\u00e9. Le grain du bois s&rsquo;en trouve resserr\u00e9 et la part d&rsquo;\u00e9vaporation faible.<\/td>\n<\/tr>\n<tr>\n<td style=\"width: 156px;\">F\u00fbts<\/td>\n<td style=\"width: 526px;\">F\u00fbts de ch\u00eane neuf de la for\u00eat de Tron\u00e7ais dont le fournisseur,\u00a0Cognet, est situ\u00e9 \u00e0 Cosne-d&rsquo;Allier.<\/p>\n<p>F\u00fbts Roux de <strong>Cognac<\/strong>. S\u00e9lection au nez chez les producteurs ou tonneliers.<\/p>\n<p>Anciens f\u00fbts de <strong>Sauternes<\/strong>. S\u00e9lection au nez. Plus que l&rsquo;origine du bois, c&rsquo;est le profil aromatique de ce dernier qui est crucial dans sa s\u00e9lection.<\/td>\n<\/tr>\n<tr>\n<td style=\"width: 156px;\">Donn\u00e9es Territoriales<\/td>\n<td style=\"width: 526px;\"><strong>Climat<\/strong>:\u00a0Doux et humide, domin\u00e9 par les vents d\u2019ouest \u00e0 influence Atlantique.<\/p>\n<p><strong>Altitude<\/strong>: 199m.<\/td>\n<\/tr>\n<tr>\n<td style=\"width: 156px;\">Notes<\/td>\n<td style=\"width: 526px;\"><\/td>\n<\/tr>\n<tr>\n<td style=\"width: 156px;\">Site Web<\/td>\n<td style=\"width: 526px;\"><a href=\"http:\/\/whisky-hedgehog.fr\/\" target=\"blank\">http:\/\/whisky-hedgehog.fr\/<\/a><\/td>\n<\/tr>\n<\/tbody>\n<\/table>\n<p>Monsieur Balthazar commercialise \u00e9galement le Gin Balthazar depuis 2017 ainsi que des liqueurs (dont les illustres \u00ab\u00a0Bourbonnaise des \u00celes\u00a0\u00bb et SweetHog (cr\u00e8me de whisky)).<\/p>\n<figure id=\"attachment_225\" aria-describedby=\"caption-attachment-225\" style=\"width: 696px\" class=\"wp-caption alignleft\"><img loading=\"lazy\" decoding=\"async\" data-attachment-id=\"225\" data-permalink=\"https:\/\/whisky-francais.com\/index.php\/distilleries\/monsieur-balthazar\/hedgehog\/\" data-orig-file=\"https:\/\/whisky-francais.com\/wp-content\/uploads\/2017\/02\/Hedgehog.jpg\" data-orig-size=\"696,464\" data-comments-opened=\"1\" data-image-meta=\"{&quot;aperture&quot;:&quot;4.5&quot;,&quot;credit&quot;:&quot;&quot;,&quot;camera&quot;:&quot;Canon EOS 500D&quot;,&quot;caption&quot;:&quot;&quot;,&quot;created_timestamp&quot;:&quot;1380884921&quot;,&quot;copyright&quot;:&quot;&quot;,&quot;focal_length&quot;:&quot;26&quot;,&quot;iso&quot;:&quot;1600&quot;,&quot;shutter_speed&quot;:&quot;0.04&quot;,&quot;title&quot;:&quot;&quot;,&quot;orientation&quot;:&quot;1&quot;}\" data-image-title=\"Hedgehog, Monsieur Balthazar, Straight Whisky Bourbonnais, Olivier Perrier, David Faverot, H\u00e9risson, ma\u00efs, orge, seigle, Holstein, f\u00fbts de ch\u00eane Fran\u00e7ais, Tron\u00e7ais, ex-f\u00fbts de Cognac, Matthieu Acar, Xavier Brevet, d\u00e9gustation, whisky, masterclass, Paris\" data-image-description=\"&lt;p&gt;Hedgehog, Monsieur Balthazar, Straight Whisky Bourbonnais, Olivier Perrier, David Faverot, H\u00e9risson, ma\u00efs, orge, seigle, Holstein, f\u00fbts de ch\u00eane Fran\u00e7ais, Tron\u00e7ais, ex-f\u00fbts de Cognac, Matthieu Acar, Xavier Brevet, d\u00e9gustation, whisky, masterclass, Paris&lt;\/p&gt;\n\" data-image-caption=\"&lt;p&gt;Hedgehog, Monsieur Balthazar, Straight Whisky Bourbonnais, Olivier Perrier, David Faverot, H\u00e9risson, ma\u00efs, orge, seigle, Holstein, f\u00fbts de ch\u00eane Fran\u00e7ais, Tron\u00e7ais, ex-f\u00fbts de Cognac, Matthieu Acar, Xavier Brevet, d\u00e9gustation, whisky, masterclass, Paris, atelier, d\u00e9gustation, whisky&lt;\/p&gt;\n\" data-medium-file=\"https:\/\/whisky-francais.com\/wp-content\/uploads\/2017\/02\/Hedgehog-300x200.jpg\" data-large-file=\"https:\/\/whisky-francais.com\/wp-content\/uploads\/2017\/02\/Hedgehog.jpg\" class=\"wp-image-225 size-full\" src=\"https:\/\/whisky-francais.com\/wp-content\/uploads\/2017\/02\/Hedgehog.jpg\" width=\"696\" height=\"464\" srcset=\"https:\/\/whisky-francais.com\/wp-content\/uploads\/2017\/02\/Hedgehog.jpg 696w, https:\/\/whisky-francais.com\/wp-content\/uploads\/2017\/02\/Hedgehog-300x200.jpg 300w, https:\/\/whisky-francais.com\/wp-content\/uploads\/2017\/02\/Hedgehog-405x270.jpg 405w\" sizes=\"(max-width: 696px) 100vw, 696px\" \/><figcaption id=\"caption-attachment-225\" class=\"wp-caption-text\">David Faverot dans le chai de la distillerie M. Balthazar.<\/figcaption><\/figure>\n<figure id=\"attachment_226\" aria-describedby=\"caption-attachment-226\" style=\"width: 393px\" class=\"wp-caption alignleft\"><img loading=\"lazy\" decoding=\"async\" data-attachment-id=\"226\" data-permalink=\"https:\/\/whisky-francais.com\/index.php\/distilleries\/monsieur-balthazar\/hedgehog2\/\" data-orig-file=\"https:\/\/whisky-francais.com\/wp-content\/uploads\/2017\/02\/Hedgehog2.png\" data-orig-size=\"393,264\" data-comments-opened=\"1\" data-image-meta=\"{&quot;aperture&quot;:&quot;0&quot;,&quot;credit&quot;:&quot;&quot;,&quot;camera&quot;:&quot;&quot;,&quot;caption&quot;:&quot;&quot;,&quot;created_timestamp&quot;:&quot;0&quot;,&quot;copyright&quot;:&quot;&quot;,&quot;focal_length&quot;:&quot;0&quot;,&quot;iso&quot;:&quot;0&quot;,&quot;shutter_speed&quot;:&quot;0&quot;,&quot;title&quot;:&quot;&quot;,&quot;orientation&quot;:&quot;0&quot;}\" data-image-title=\"Hedgehog, Monsieur Balthazar, Straight Whisky Bourbonnais, Olivier Perrier, David Faverot, H\u00e9risson, ma\u00efs, orge, seigle, Holstein, f\u00fbts de ch\u00eane Fran\u00e7ais, Tron\u00e7ais, ex-f\u00fbts de Cognac, Matthieu Acar, Xavier Brevet, d\u00e9gustation, whisky, masterclass, Paris\" data-image-description=\"&lt;p&gt;Hedgehog, Monsieur Balthazar, Straight Whisky Bourbonnais, Olivier Perrier, David Faverot, H\u00e9risson, ma\u00efs, orge, seigle, Holstein, f\u00fbts de ch\u00eane Fran\u00e7ais, Tron\u00e7ais, ex-f\u00fbts de Cognac, Matthieu Acar, Xavier Brevet, d\u00e9gustation, whisky, masterclass, Paris&lt;\/p&gt;\n\" data-image-caption=\"&lt;p&gt;Hedgehog, Monsieur Balthazar, Straight Whisky Bourbonnais, Olivier Perrier, David Faverot, H\u00e9risson, ma\u00efs, orge, seigle, Holstein, f\u00fbts de ch\u00eane Fran\u00e7ais, Tron\u00e7ais, ex-f\u00fbts de Cognac, atelier, d\u00e9gustation, whisky&lt;\/p&gt;\n\" data-medium-file=\"https:\/\/whisky-francais.com\/wp-content\/uploads\/2017\/02\/Hedgehog2-300x202.png\" data-large-file=\"https:\/\/whisky-francais.com\/wp-content\/uploads\/2017\/02\/Hedgehog2.png\" class=\"wp-image-226 size-full\" src=\"https:\/\/whisky-francais.com\/wp-content\/uploads\/2017\/02\/Hedgehog2.png\" width=\"393\" height=\"264\" srcset=\"https:\/\/whisky-francais.com\/wp-content\/uploads\/2017\/02\/Hedgehog2.png 393w, https:\/\/whisky-francais.com\/wp-content\/uploads\/2017\/02\/Hedgehog2-300x202.png 300w\" sizes=\"(max-width: 393px) 100vw, 393px\" \/><figcaption id=\"caption-attachment-226\" class=\"wp-caption-text\">Olivier Perrier, distillerie M. Balthazar.<\/figcaption><\/figure>\n","protected":false},"excerpt":{"rendered":"<p>C&rsquo;est \u00e0 la lisi\u00e8re de la for\u00eat de Tron\u00e7ais que le Straight Whisky Bourbonnais vit le jour au d\u00e9but des<\/p>\n","protected":false},"author":1,"featured_media":0,"parent":56,"menu_order":0,"comment_status":"closed","ping_status":"closed","template":"","meta":{"jetpack_post_was_ever_published":false,"footnotes":""},"class_list":["post-114","page","type-page","status-publish","hentry"],"jetpack_sharing_enabled":true,"jetpack_shortlink":"https:\/\/wp.me\/P8oZPa-1Q","jetpack-related-posts":[{"id":4214,"url":"https:\/\/whisky-francais.com\/index.php\/distilleries\/coqlicorne-company\/","url_meta":{"origin":114,"position":0},"title":"Distillerie Coqlicorne","date":"10 mars 2019","format":false,"excerpt":"La distillerie d\u00e9tient le palmar\u00e8s du plus jeune couple de producteur de whisky Fran\u00e7ais\u00a0! Laure-Anne et Liam se sont rencontr\u00e9s il y a quelques ann\u00e9es en \u00c9cosse. \ud83d\udc13 Laure-Anne, 26 ans, vient du Perche. Elle fait ses \u00e9tudes en \u00c9cosse et dans le Tennessee. C\u2019est l\u00e0 qu\u2019elle d\u00e9couvre le MOONSHINE\u2026","rel":"","context":"Article similaire","img":{"alt_text":"Coqlicorne, coqlicorne company, Liam Hope, laure-anne civet, laure anne vivet, ugo, Nogent le bernard, Nogent-le-bernard, corn whisky, whisky ma\u00c3\u00afs, whisky ma\u00c3\u00afs et orge, whisky ma\u00c3\u00afs et malt, whisky mais, whisky mais et orge, whisky mais et malt, Appalachian Pot Still, Al-Ambic, Dunnage warehouse, ch\u00c3\u00aane am\u00c3\u00a9ricain, pineau des charentes, f\u00c3\u00bbt de pineau des charentes, bourbon barrel, f\u00c3\u00bbts de Jasni\u00c3\u00a8res, f\u00c3\u00bbt de Jasni\u00c3\u00a8res, distillerie fran\u00c3\u00a7aise, whisky fran\u00c3\u00a7ais, french whisky, France, distillerie, Matthieu Acar, Xavier Brevet, Lilya Sekkal, d\u00c3\u00a9gustation, whisky, masterclass, Paris, atelier, d\u00c3\u00a9gustation, whisky Francais, whisky fran\u00c3\u00a7ais, france whisky.","src":"https:\/\/i0.wp.com\/whisky-francais.com\/wp-content\/uploads\/2019\/03\/coqlicorne_logo.jpg?resize=350%2C200","width":350,"height":200},"classes":[]},{"id":124,"url":"https:\/\/whisky-francais.com\/index.php\/distilleries\/hepp\/","url_meta":{"origin":114,"position":1},"title":"Hepp","date":"17 f\u00e9vrier 2017","format":false,"excerpt":"C'est dans la ville d'Uberach, \u00e0 30km au Nord de Strasbourg, que la famille Hepp fonda la distillerie du m\u00eame nom en 1972. Fruit d'une famille de\u00a0bouilleurs ambulants et forte d'une modernisation de ses installations en 2000,\u00a0son premier whisky verra le jour en 2007. Statut Produit et Commercialise son propre\u2026","rel":"","context":"Article similaire","img":{"alt_text":"Hepp, Uberach, Alsace, France, Ren\u00c3\u00a9 Hepp, Tharcis Hepp, Yannick Hepp, IGP, Ouisky, Single Malt, Pinot Gris, Pinot Noir, Vieille Prune, Marc de gew\u00c3\u00bcrztraminer, bourbon, eau-de-vie, liqueur, cr\u00c3\u00a8me, Meteor, orge, Christian Carl, alambic, chai, whisky, whisky Fran\u00c3\u00a7ais, French whisky, orge, distillation, Matthieu Acar, Xavier Brevet, Lilya Sekkal, d\u00c3\u00a9gustation, whisky, acad\u00c3\u00a9mie, masterclass, Paris","src":"https:\/\/i0.wp.com\/whisky-francais.com\/wp-content\/uploads\/2019\/06\/YANNICK.jpg?resize=350%2C200","width":350,"height":200},"classes":[]},{"id":727,"url":"https:\/\/whisky-francais.com\/index.php\/contact\/","url_meta":{"origin":114,"position":2},"title":"Contact","date":"28 mars 2017","format":false,"excerpt":"\u00ab Promouvoir le savoir-faire des producteurs, Mettre en avant la richesse des terroirs, Contribuer \u00e0 la formidable aventure du Whisky Fran\u00e7ais, Telle est la volont\u00e9 de ce site qui se veut \u00eatre un point de rencontre entre les diff\u00e9rents acteurs d'un\u00a0univers en pleine effervescence. Longue vie au Whisky Fran\u00e7ais. \u00bb\u2026","rel":"","context":"Article similaire","img":{"alt_text":"","src":"https:\/\/i0.wp.com\/whisky-francais.com\/wp-content\/uploads\/2020\/10\/LOGO-LWF-CLASSIC-littlr-300x293.jpg?resize=350%2C200","width":350,"height":200},"classes":[]},{"id":738,"url":"https:\/\/whisky-francais.com\/index.php\/distilleries\/dreum\/","url_meta":{"origin":114,"position":3},"title":"Dreum","date":"30 mars 2017","format":false,"excerpt":"Ouverte en 2005, la distillerie Dreum (implante\u0301e dans le Parc Naturel Re\u0301gional de l\u2019Avesnois) s\u2019est lance\u0301e dans la confection de spiritueux de\u0300s 2006\/2007. Avec seulement un fu\u0302t de whisky produit par an, leur JSD Single Cask Double Maturation est une ve\u0301ritable rarete\u0301 sur le marche\u0301 du whisky. Statut Produit et\u2026","rel":"","context":"Article similaire","img":{"alt_text":"France, JSD, Dreum, Neuville en Avesnois, Nord, Single Barrel, Single Malt, J\u00e9r\u00f4me Dreumont, orge malt\u00e9e, f\u00fbt de ch\u00eane am\u00e9ricain, Jack Daniel, f\u00fbt Sherry Oloroso, whisky Fran\u00e7ais, French whisky, Single Malt, Matthieu Acar, Xavier Brevet, d\u00e9gustation, whisky, masterclass, Paris, atelier, d\u00e9gustation, whisky","src":"https:\/\/i0.wp.com\/whisky-francais.com\/wp-content\/uploads\/2017\/03\/JSD.jpg?resize=350%2C200&ssl=1","width":350,"height":200},"classes":[]},{"id":5784,"url":"https:\/\/whisky-francais.com\/index.php\/distilleries\/domaine-valentin-zusslin\/","url_meta":{"origin":114,"position":4},"title":"Domaine Valentin Zusslin","date":"30 janvier 2021","format":false,"excerpt":"Le Domaine Valentin Zusslin, connu pour la qualit\u00e9 de ses vins certifi\u00e9s \"biodynamie\" et pour son souci de l\u2019environnement, produit \u00e9galement des eaux-de-vie et depuis peu, un whisky ! Situ\u00e9 \u00e0 Orschwihr en Alsace, le domaine poss\u00e8de une histoire riche de plus de trois si\u00e8cles, dans laquelle la distillation occupe\u2026","rel":"","context":"Article similaire","img":{"alt_text":"","src":"https:\/\/i0.wp.com\/whisky-francais.com\/wp-content\/uploads\/2021\/01\/backslide-zusslin-8-1781x600-1.jpg?resize=350%2C200","width":350,"height":200},"classes":[]},{"id":131,"url":"https:\/\/whisky-francais.com\/index.php\/distilleries\/michard\/","url_meta":{"origin":114,"position":5},"title":"J.Michard","date":"17 f\u00e9vrier 2017","format":false,"excerpt":"La brasserie Michard produit en toute discr\u00e9tion\u00a0un \u00a0whisky dans la r\u00e9gion Nouvelle-Aquitaine ! La fermentation est une \u00e9tape cl\u00e9 de la production du whisky, et \u00e7a, J. Michard la bien compris, c'est pourquoi la distillerie utilise des souches de levures vivantes cultiv\u00e9es localement ! La distillerie n'embouteille que des singles\u2026","rel":"","context":"Article similaire","img":{"alt_text":"France, Whisky Fran\u00e7ais, Logo Whisky Michard, Jean Michard, Julie Michard, Whisky J.Michard, Matthieu Acar, Xavier Brevet, d\u00e9gustation, whisky, masterclass, Paris, atelier, d\u00e9gustation, whisky","src":"https:\/\/i0.wp.com\/whisky-francais.com\/wp-content\/uploads\/2017\/02\/MICHARD-whisky.png?resize=350%2C200&ssl=1","width":350,"height":200},"classes":[]}],"_links":{"self":[{"href":"https:\/\/whisky-francais.com\/index.php\/wp-json\/wp\/v2\/pages\/114"}],"collection":[{"href":"https:\/\/whisky-francais.com\/index.php\/wp-json\/wp\/v2\/pages"}],"about":[{"href":"https:\/\/whisky-francais.com\/index.php\/wp-json\/wp\/v2\/types\/page"}],"author":[{"embeddable":true,"href":"https:\/\/whisky-francais.com\/index.php\/wp-json\/wp\/v2\/users\/1"}],"replies":[{"embeddable":true,"href":"https:\/\/whisky-francais.com\/index.php\/wp-json\/wp\/v2\/comments?post=114"}],"version-history":[{"count":23,"href":"https:\/\/whisky-francais.com\/index.php\/wp-json\/wp\/v2\/pages\/114\/revisions"}],"predecessor-version":[{"id":4107,"href":"https:\/\/whisky-francais.com\/index.php\/wp-json\/wp\/v2\/pages\/114\/revisions\/4107"}],"up":[{"embeddable":true,"href":"https:\/\/whisky-francais.com\/index.php\/wp-json\/wp\/v2\/pages\/56"}],"wp:attachment":[{"href":"https:\/\/whisky-francais.com\/index.php\/wp-json\/wp\/v2\/media?parent=114"}],"curies":[{"name":"wp","href":"https:\/\/api.w.org\/{rel}","templated":true}]}}