{"id":1145,"date":"2017-05-04T16:52:31","date_gmt":"2017-05-04T14:52:31","guid":{"rendered":"http:\/\/whisky-francais.com\/?page_id=1145"},"modified":"2018-10-13T14:16:38","modified_gmt":"2018-10-13T12:16:38","slug":"roof-rye","status":"publish","type":"page","link":"https:\/\/whisky-francais.com\/index.php\/embouteilleurs-independants\/roof-rye\/","title":{"rendered":"Maison Ferroni"},"content":{"rendered":"<p><img loading=\"lazy\" decoding=\"async\" data-attachment-id=\"732\" data-permalink=\"https:\/\/whisky-francais.com\/index.php\/embouteilleurs-independants\/awa\/certifie2\/\" data-orig-file=\"https:\/\/whisky-francais.com\/wp-content\/uploads\/2017\/03\/certifie2.jpg\" data-orig-size=\"125,125\" data-comments-opened=\"1\" data-image-meta=\"{&quot;aperture&quot;:&quot;0&quot;,&quot;credit&quot;:&quot;&quot;,&quot;camera&quot;:&quot;&quot;,&quot;caption&quot;:&quot;&quot;,&quot;created_timestamp&quot;:&quot;0&quot;,&quot;copyright&quot;:&quot;&quot;,&quot;focal_length&quot;:&quot;0&quot;,&quot;iso&quot;:&quot;0&quot;,&quot;shutter_speed&quot;:&quot;0&quot;,&quot;title&quot;:&quot;&quot;,&quot;orientation&quot;:&quot;1&quot;}\" data-image-title=\"Whisky Fran\u00e7ais &#8211; French Whisky, Matthieu Acar, Xavier Brevet, d\u00e9gustation, whisky, masterclass, Paris\" data-image-description=\"&lt;p&gt;Whisky Fran\u00e7ais &#8211; French Whisky, Matthieu Acar, Xavier Brevet, d\u00e9gustation, whisky, masterclass, Paris&lt;\/p&gt;\n\" data-image-caption=\"&lt;p&gt;Whisky Fran\u00e7ais &#8211; French Whisky, Matthieu Acar, Xavier Brevet, d\u00e9gustation, whisky, masterclass, Paris, atelier, d\u00e9gustation, whisky&lt;\/p&gt;\n\" data-medium-file=\"https:\/\/whisky-francais.com\/wp-content\/uploads\/2017\/03\/certifie2.jpg\" data-large-file=\"https:\/\/whisky-francais.com\/wp-content\/uploads\/2017\/03\/certifie2.jpg\" class=\"size-full wp-image-732 aligncenter\" src=\"https:\/\/whisky-francais.com\/wp-content\/uploads\/2017\/03\/certifie2.jpg\" alt=\"Whisky Fran\u00e7ais - French Whisky\" width=\"125\" height=\"125\" srcset=\"https:\/\/whisky-francais.com\/wp-content\/uploads\/2017\/03\/certifie2.jpg 125w, https:\/\/whisky-francais.com\/wp-content\/uploads\/2017\/03\/certifie2-32x32.jpg 32w, https:\/\/whisky-francais.com\/wp-content\/uploads\/2017\/03\/certifie2-50x50.jpg 50w, https:\/\/whisky-francais.com\/wp-content\/uploads\/2017\/03\/certifie2-64x64.jpg 64w, https:\/\/whisky-francais.com\/wp-content\/uploads\/2017\/03\/certifie2-96x96.jpg 96w\" sizes=\"(max-width: 125px) 100vw, 125px\" \/><\/p>\n<p>Derri\u00e8re le Roof Rye il y a une rencontre, celle de Guillaume Ferroni et David Roussier.<br \/>\nGrand passionn\u00e9 de l&rsquo;univers de la mixologie\u00a0et cr\u00e9ateur des bars Carry Nation, c&rsquo;est avec\u00a0la complicit\u00e9 de David Roussier, directeur de la distillerie Warenghem, que Guillaume Ferroni cr\u00e9\u00e9 une gamme de spiritueux fran\u00e7ais destin\u00e9e au monde du cocktail.<\/p>\n<p><img loading=\"lazy\" decoding=\"async\" data-attachment-id=\"1182\" data-permalink=\"https:\/\/whisky-francais.com\/index.php\/embouteilleurs-independants\/roof-rye\/bariana\/\" data-orig-file=\"https:\/\/whisky-francais.com\/wp-content\/uploads\/2017\/05\/bariana.jpg\" data-orig-size=\"228,346\" data-comments-opened=\"1\" data-image-meta=\"{&quot;aperture&quot;:&quot;0&quot;,&quot;credit&quot;:&quot;&quot;,&quot;camera&quot;:&quot;&quot;,&quot;caption&quot;:&quot;&quot;,&quot;created_timestamp&quot;:&quot;0&quot;,&quot;copyright&quot;:&quot;&quot;,&quot;focal_length&quot;:&quot;0&quot;,&quot;iso&quot;:&quot;0&quot;,&quot;shutter_speed&quot;:&quot;0&quot;,&quot;title&quot;:&quot;&quot;,&quot;orientation&quot;:&quot;0&quot;}\" data-image-title=\"Bariana, Roof Rye, Ferroni, Roussier, Provence, f\u00fbts de ch\u00eane am\u00e9ricain neuf, f\u00fbts de X\u00e9r\u00e8s, Warenghem, Whisky Fran\u00e7ais, French Whisky.\" data-image-description=\"&lt;p&gt;Bariana, Roof Rye, Ferroni, Roussier, Provence, f\u00fbts de ch\u00eane am\u00e9ricain neuf, f\u00fbts de X\u00e9r\u00e8s, Warenghem, Whisky Fran\u00e7ais, French Whisky, Matthieu Acar, Xavier Brevet, d\u00e9gustation, whisky, masterclass, Paris&lt;\/p&gt;\n\" data-image-caption=\"&lt;p&gt;Bariana, Roof Rye, Ferroni, Roussier, Provence, f\u00fbts de ch\u00eane am\u00e9ricain neuf, f\u00fbts de X\u00e9r\u00e8s, Warenghem, Whisky Fran\u00e7ais, French Whisky, Matthieu Acar, Xavier Brevet, d\u00e9gustation, whisky, masterclass, Paris, atelier, d\u00e9gustation, whisky&lt;\/p&gt;\n\" data-medium-file=\"https:\/\/whisky-francais.com\/wp-content\/uploads\/2017\/05\/bariana-198x300.jpg\" data-large-file=\"https:\/\/whisky-francais.com\/wp-content\/uploads\/2017\/05\/bariana.jpg\" class=\"alignleft wp-image-1182 \" src=\"https:\/\/whisky-francais.com\/wp-content\/uploads\/2017\/05\/bariana-198x300.jpg\" alt=\"\" width=\"112\" height=\"170\" srcset=\"https:\/\/whisky-francais.com\/wp-content\/uploads\/2017\/05\/bariana-198x300.jpg 198w, https:\/\/whisky-francais.com\/wp-content\/uploads\/2017\/05\/bariana-178x270.jpg 178w, https:\/\/whisky-francais.com\/wp-content\/uploads\/2017\/05\/bariana.jpg 228w\" sizes=\"(max-width: 112px) 100vw, 112px\" \/><br \/>\nD&rsquo;abord nomm\u00e9e \u00ab Bariana \u00bb en r\u00e9f\u00e9rence au titre de l\u2019un des premiers ouvrages fran\u00e7ais de mixologie, puis renomm\u00e9 <strong>\u00ab\u00a0Maison Ferroni\u00a0\u00bb<\/strong> dans un soucis de clart\u00e9, cette gamme propose des Rhums, des liqueurs, un anis\u00e9 et (c&rsquo;est ce qui nous int\u00e9resse particuli\u00e8rement ici) un Rye!<br \/>\nS\u2019int\u00e9ressant tout autant \u00e0 la confection qu&rsquo;\u00e0 l&rsquo;histoire des cocktails,\u00a0Guillaume Ferroni nous propose de remonter le temps avec une expression de Rye\u00a0qui puise son origine dans l&rsquo;histoire am\u00e9ricaine. En effet, le Rye \u00e9tait le whisky le plus r\u00e9pandu avant la prohibition !<br \/>\nAujourd&rsquo;hui, avec le premier Rye 100% Fran\u00e7ais, Guillaume Ferroni ouvre une nouvelle page de l&rsquo;histoire du whisky de seigle !<\/p>\n<p>&nbsp;<\/p>\n<table>\n<tbody>\n<tr>\n<td style=\"width: 211px;\">Statut<\/td>\n<td style=\"width: 464px;\">\u00c9l\u00e8ve\u00a0et Commercialise son propre whisky<\/td>\n<\/tr>\n<tr>\n<td style=\"width: 211px;\">Localisation<\/td>\n<td style=\"width: 464px;\">Provence, vall\u00e9e du Rh\u00f4ne.<\/td>\n<\/tr>\n<tr>\n<td style=\"width: 211px;\">Volume de Production<\/td>\n<td style=\"width: 464px;\">5000 cols<\/td>\n<\/tr>\n<tr>\n<td style=\"width: 217px;\">Dates Cl\u00e9s<\/td>\n<td style=\"width: 464px;\"><strong>2010<\/strong>:\u00a0Rencontre entre\u00a0Guillaume Ferroni et David Roussier (Warenghem) lors d\u2019une formation sur le vieillissement des alcools bruns. C&rsquo;est cette rencontre qui sera a l&rsquo;origine de Roof Rye. David Roussier fournit le Rye qui sera ensuite \u00e9lev\u00e9 par Guillaume Ferroni.<\/td>\n<\/tr>\n<tr>\n<td style=\"width: 217px;\">Personnages Cl\u00e9s<\/td>\n<td style=\"width: 464px;\"><strong>Guillaume Ferroni<\/strong> (Directeur)<\/p>\n<p><strong>David Roussier<\/strong> (Warenghem)<\/td>\n<\/tr>\n<tr>\n<td style=\"width: 217px;\">Gamme<\/td>\n<td style=\"width: 464px;\"><a href=\"https:\/\/whisky-francais.com\/index.php\/2017\/05\/15\/roof-rye\/\"><strong>Roof Rye<\/strong><\/a> (F\u00fbt de x\u00e9r\u00e8s \u00e9puis\u00e9\u00a0puis f\u00fbt de ch\u00eane am\u00e9ricain neuf\u00a0)<\/td>\n<\/tr>\n<tr>\n<td style=\"width: 217px;\">Eau<\/td>\n<td style=\"width: 464px;\">La r\u00e9duction se fait chez Warenghem \u00e0 la source\u00a0\u201cRest Avel\u201d (demeure du vent), avec une eau pure et limpide, tr\u00e8s faible en calcaire.<\/td>\n<\/tr>\n<tr>\n<td style=\"width: 217px;\">C\u00e9r\u00e9ales<\/td>\n<td style=\"width: 464px;\"><strong>Seigle<\/strong><\/td>\n<\/tr>\n<tr>\n<td style=\"width: 217px;\">Levures<\/td>\n<td style=\"width: 464px;\"><\/td>\n<\/tr>\n<tr>\n<td style=\"width: 217px;\">Alambic<\/td>\n<td style=\"width: 464px;\">2 pot stills :<br \/>\n1 Wash Still de 5500 litres<br \/>\n1 Spirit Still de 2500 litres<\/td>\n<\/tr>\n<tr>\n<td style=\"width: 217px;\">Distillation<\/td>\n<td style=\"width: 464px;\"><strong>Double distillation.<\/strong><\/td>\n<\/tr>\n<tr>\n<td style=\"width: 217px;\">Type de Chai<\/td>\n<td style=\"width: 464px;\">La premi\u00e8re maturation est effectu\u00e9e dans des chais de type \u00ab\u00a0<em>rack warehouses\u00a0\u00bb<\/em> \u00e0 Warenghem.<br \/>\nC&rsquo;est la seconde maturation qui constitue l&rsquo;ADN de Roof Rye. Celle ci est effectu\u00e9e en Provence, dans de petits chais en t\u00f4le.L&rsquo;amplitude thermique y \u00a0est extr\u00eamement importante:<\/p>\n<ul>\n<li>sur l&rsquo;ann\u00e9e la temp\u00e9rature oscille de -4 \u00e0 58\u00b0C.<\/li>\n<li>sur une journ\u00e9e la temp\u00e9rature peu varier de 20 \u00e0 30\u00b0C.<\/li>\n<\/ul>\n<p>Cette variation entra\u00eene des contractions et dilatations de l&rsquo;alcool qui ont pour effet d&rsquo;amplifier l&rsquo;\u00e9change avec le F\u00fbt.<br \/>\nCe vieillissement extr\u00eame entra\u00eene une <strong>part des anges autour des\u00a011% !\u00a0<\/strong><\/td>\n<\/tr>\n<tr>\n<td style=\"width: 217px;\">F\u00fbt(s)<\/td>\n<td style=\"width: 464px;\">Premi\u00e8re maturation en <strong>ex f\u00fbt de X\u00e9r\u00e8s<\/strong> \u00e9puis\u00e9 (ces derniers ont servi un grand nombre de fois et n&rsquo;ont donc plus qu&rsquo;une interaction limit\u00e9e avec l&rsquo;eau de vie)<br \/>\nSeconde maturation en\u00a0<strong>f\u00fbt de ch\u00eane neuf am\u00e9ricain<\/strong> (Quercus Alba). Ces derniers subissent un bousinage intense.<\/td>\n<\/tr>\n<tr>\n<td style=\"width: 217px;\">Donn\u00e9es territoriales<\/td>\n<td style=\"width: 464px;\">Premi\u00e8re maturation sous le <strong>climat temp\u00e9r\u00e9 et humide de Bretagne<\/strong> puis une seconde maturation sous le <strong>climat sec et ensoleill\u00e9 de Provence<\/strong>.<\/td>\n<\/tr>\n<tr>\n<td style=\"width: 217px;\">Notes<\/td>\n<td style=\"width: 464px;\"><\/td>\n<\/tr>\n<tr>\n<td style=\"width: 217px;\">Site Web<\/td>\n<td style=\"width: 464px;\"><a href=\"http:\/\/bariana.fr\">\u00a0http:\/\/bariana.fr<\/a><\/td>\n<\/tr>\n<\/tbody>\n<\/table>\n<figure id=\"attachment_1180\" aria-describedby=\"caption-attachment-1180\" style=\"width: 640px\" class=\"wp-caption aligncenter\"><img loading=\"lazy\" decoding=\"async\" data-attachment-id=\"1180\" data-permalink=\"https:\/\/whisky-francais.com\/index.php\/embouteilleurs-independants\/roof-rye\/warenghem-veut-se-faire-une-belle-place-au-bar\/\" data-orig-file=\"https:\/\/whisky-francais.com\/wp-content\/uploads\/2017\/05\/warenghem-veut-se-faire-une-belle-place-au-bar.jpg\" data-orig-size=\"640,360\" data-comments-opened=\"1\" data-image-meta=\"{&quot;aperture&quot;:&quot;0&quot;,&quot;credit&quot;:&quot;&quot;,&quot;camera&quot;:&quot;&quot;,&quot;caption&quot;:&quot;&quot;,&quot;created_timestamp&quot;:&quot;0&quot;,&quot;copyright&quot;:&quot;&quot;,&quot;focal_length&quot;:&quot;0&quot;,&quot;iso&quot;:&quot;0&quot;,&quot;shutter_speed&quot;:&quot;0&quot;,&quot;title&quot;:&quot;&quot;,&quot;orientation&quot;:&quot;0&quot;}\" data-image-title=\"Bariana, Roof Rye, Ferroni, Roussier, Provence, f\u00fbts de ch\u00eane am\u00e9ricain neuf, f\u00fbts de X\u00e9r\u00e8s, Warenghem, Whisky Fran\u00e7ais, French Whisky.\" data-image-description=\"&lt;p&gt;Bariana, Roof Rye, Ferroni, Roussier, Provence, f\u00fbts de ch\u00eane am\u00e9ricain neuf, f\u00fbts de X\u00e9r\u00e8s, Warenghem, Whisky Fran\u00e7ais, French Whisky, Matthieu Acar, Xavier Brevet, d\u00e9gustation, whisky, masterclass, Paris&lt;\/p&gt;\n\" data-image-caption=\"&lt;p&gt;Cr\u00e9dit Photo : ouest-france.fr, Bariana, Roof Rye, Ferroni, Roussier, Provence, f\u00fbts de ch\u00eane am\u00e9ricain neuf, f\u00fbts de X\u00e9r\u00e8s, Warenghem, Whisky Fran\u00e7ais, French Whisky, Matthieu Acar, Xavier Brevet, d\u00e9gustation, whisky, masterclass, Paris, atelier, d\u00e9gustation, whisky&lt;\/p&gt;\n\" data-medium-file=\"https:\/\/whisky-francais.com\/wp-content\/uploads\/2017\/05\/warenghem-veut-se-faire-une-belle-place-au-bar-300x169.jpg\" data-large-file=\"https:\/\/whisky-francais.com\/wp-content\/uploads\/2017\/05\/warenghem-veut-se-faire-une-belle-place-au-bar.jpg\" class=\"size-full wp-image-1180\" src=\"https:\/\/whisky-francais.com\/wp-content\/uploads\/2017\/05\/warenghem-veut-se-faire-une-belle-place-au-bar.jpg\" alt=\"\" width=\"640\" height=\"360\" srcset=\"https:\/\/whisky-francais.com\/wp-content\/uploads\/2017\/05\/warenghem-veut-se-faire-une-belle-place-au-bar.jpg 640w, https:\/\/whisky-francais.com\/wp-content\/uploads\/2017\/05\/warenghem-veut-se-faire-une-belle-place-au-bar-300x169.jpg 300w, https:\/\/whisky-francais.com\/wp-content\/uploads\/2017\/05\/warenghem-veut-se-faire-une-belle-place-au-bar-480x270.jpg 480w\" sizes=\"(max-width: 640px) 100vw, 640px\" \/><figcaption id=\"caption-attachment-1180\" class=\"wp-caption-text\">Cr\u00e9dit Photo : ouest-france.fr<\/figcaption><\/figure>\n","protected":false},"excerpt":{"rendered":"<p>Derri\u00e8re le Roof Rye il y a une rencontre, celle de Guillaume Ferroni et David Roussier. Grand passionn\u00e9 de l&rsquo;univers<\/p>\n","protected":false},"author":1,"featured_media":1179,"parent":563,"menu_order":0,"comment_status":"closed","ping_status":"closed","template":"","meta":{"jetpack_post_was_ever_published":false,"footnotes":""},"class_list":["post-1145","page","type-page","status-publish","has-post-thumbnail","hentry"],"jetpack_sharing_enabled":true,"jetpack_shortlink":"https:\/\/wp.me\/P8oZPa-it","jetpack-related-posts":[{"id":563,"url":"https:\/\/whisky-francais.com\/index.php\/embouteilleurs-independants\/","url_meta":{"origin":1145,"position":0},"title":"Embouteilleurs Ind\u00e9pendants","date":"14 mars 2017","format":false,"excerpt":"Liste des embouteilleurs ind\u00e9pendants en France. LogoSignificationCe\u00a0pictogramme est un gage d\u2019authenticit\u00e9. Il indique que notre page a \u00e9t\u00e9 mise en ligne apr\u00e8s revue de l'embouteilleur ind\u00e9pendant. Aikan Alfred Giraud Awa Godet Laferte Michel Couvreur Maison Benjamin Kuentz Maison Ferroni Saint Eloi Spirits Version Fran\u00e7aise","rel":"","context":"Article similaire","img":{"alt_text":"","src":"","width":0,"height":0},"classes":[]},{"id":8130,"url":"https:\/\/whisky-francais.com\/index.php\/bordeaux-distilling-company\/","url_meta":{"origin":1145,"position":1},"title":"Bordeaux distilling company","date":"28 novembre 2025","format":false,"excerpt":"La Bordeaux Distilling Company produit des Rye whisky sous la marque Aventure port\u00e9s notamment par l\u2019image de Jean Dujardin, l\u2019un des quatre associ\u00e9s \u00e0 l\u2019origine du projet. Mais la pr\u00e9sence d\u2019une ic\u00f4ne du cin\u00e9ma fran\u00e7ais ne doit pas \u00e9clipser le travail remarquable, sur le plan technique, de cette distillerie bordelaise\u2026","rel":"","context":"Article similaire","img":{"alt_text":"","src":"https:\/\/i0.wp.com\/whisky-francais.com\/wp-content\/uploads\/2025\/11\/medaillon-aventure-whisky-bordeaux-distilling-jean-dujardin.jpg?resize=350%2C200&ssl=1","width":350,"height":200},"classes":[]},{"id":2753,"url":"https:\/\/whisky-francais.com\/index.php\/embouteilleurs-independants\/maison-benjamin-kuentz\/","url_meta":{"origin":1145,"position":2},"title":"Maison Benjamin Kuentz","date":"13 septembre 2017","format":false,"excerpt":"\"La France a tout pour faire du bon whisky !\" C'est en partant de ce constat que Benjamin Kuentz a d\u00e9cid\u00e9 de monter sa propre gamme de whiskys Fran\u00e7ais. Effectivement, nous avons de longues traditions en ce qui concerne la production c\u00e9r\u00e9ali\u00e8re, la culture brassicole, la distillation et l\u2019\u00e9levage !\u2026","rel":"","context":"Article similaire","img":{"alt_text":"(D'un) Verre Printanier, Fin de Partie, Maison Benjamin Kuentz, 46%, Rozelieures, Cognac, Bourbon, Pedro Jimenez, PX, orge mat\u00e9e, whisky Fran\u00e7ais, French whisky, whisky, France, d\u00e9gustation, Passerelles, H\u00f4tel Parister, organiser, d\u00e9gustation, whisky, paris, priv\u00e9e, entreprise, \u00e9v\u00e9nement, masterclass, atelier, d\u00e9gustation, whisky","src":"https:\/\/i0.wp.com\/whisky-francais.com\/wp-content\/uploads\/2017\/09\/kuentz.png?resize=350%2C200&ssl=1","width":350,"height":200},"classes":[]},{"id":139,"url":"https:\/\/whisky-francais.com\/index.php\/distilleries\/warenghem\/","url_meta":{"origin":1145,"position":3},"title":"Warenghem","date":"17 f\u00e9vrier 2017","format":false,"excerpt":"Derni\u00e8re mise \u00e0 jour : Avril 2024 Pionni\u00e8re en France dans la distillation de whisky avec le lancement commercial de l\u2019assemblage WB en 1987 puis avec le 1er Single Malt 100% Fran\u00e7ais Armorik en 1998, la distillerie Warenghem est un classique incontournable du whisky Fran\u00e7ais. Statut Produit et Commercialise son\u2026","rel":"","context":"Article similaire","img":{"alt_text":"","src":"https:\/\/i0.wp.com\/whisky-francais.com\/wp-content\/uploads\/2017\/02\/futs-warenghem.jpg?resize=350%2C200","width":350,"height":200},"classes":[]},{"id":713,"url":"https:\/\/whisky-francais.com\/index.php\/distilleries\/claeyssens\/","url_meta":{"origin":1145,"position":4},"title":"Claeyssens","date":"28 mars 2017","format":false,"excerpt":"C'est du haut de ses 200 ans d'existence que la distillerie Claeyssens s'est lanc\u00e9e dans la confection de whisky au cours des ann\u00e9es 2000. Forte d'un savoir-faire s\u00e9culaire, cette institution est un monument d'histoire nous rappelant la grande \u00e9poque de la distillation dans le Nord de la France. Statut Produit\u2026","rel":"","context":"Article similaire","img":{"alt_text":"Matthieu Acar, Xavier Brevet, Lilya Sekkal, d\u00e9gustation, whisky, acad\u00e9mie, masterclass, Paris, atelier, d\u00e9gustation, whisky","src":"https:\/\/i0.wp.com\/whisky-francais.com\/wp-content\/uploads\/2017\/03\/CLAEYSSENSFONTAINE.jpg?resize=350%2C200&ssl=1","width":350,"height":200},"classes":[]},{"id":2,"url":"https:\/\/whisky-francais.com\/index.php\/distilleries\/dmg\/","url_meta":{"origin":1145,"position":5},"title":"Domaine des Hautes Glaces","date":"9 f\u00e9vrier 2017","format":false,"excerpt":"Le Domaine des Hautes Glaces est une ferme-distillerie fran\u00e7aise perch\u00e9e \u00e0 quelque 896 m\u00e8tres d'altitude, dans une batisse construite il y a de cela 400 ans par un alchimiste du coin. Un lieu pr\u00e9destin\u00e9 \u00e0 la fabrication d'eau-de-vie donc ! Statut Produit et Commercialise son propre whisky Localisation Domaine des\u2026","rel":"","context":"Article similaire","img":{"alt_text":"Le domaine des hautes glaces","src":"https:\/\/i0.wp.com\/whisky-francais.com\/wp-content\/uploads\/2017\/02\/distillerie-whisky-bio-06.jpg?resize=350%2C200","width":350,"height":200},"classes":[]}],"_links":{"self":[{"href":"https:\/\/whisky-francais.com\/index.php\/wp-json\/wp\/v2\/pages\/1145"}],"collection":[{"href":"https:\/\/whisky-francais.com\/index.php\/wp-json\/wp\/v2\/pages"}],"about":[{"href":"https:\/\/whisky-francais.com\/index.php\/wp-json\/wp\/v2\/types\/page"}],"author":[{"embeddable":true,"href":"https:\/\/whisky-francais.com\/index.php\/wp-json\/wp\/v2\/users\/1"}],"replies":[{"embeddable":true,"href":"https:\/\/whisky-francais.com\/index.php\/wp-json\/wp\/v2\/comments?post=1145"}],"version-history":[{"count":15,"href":"https:\/\/whisky-francais.com\/index.php\/wp-json\/wp\/v2\/pages\/1145\/revisions"}],"predecessor-version":[{"id":3756,"href":"https:\/\/whisky-francais.com\/index.php\/wp-json\/wp\/v2\/pages\/1145\/revisions\/3756"}],"up":[{"embeddable":true,"href":"https:\/\/whisky-francais.com\/index.php\/wp-json\/wp\/v2\/pages\/563"}],"wp:featuredmedia":[{"embeddable":true,"href":"https:\/\/whisky-francais.com\/index.php\/wp-json\/wp\/v2\/media\/1179"}],"wp:attachment":[{"href":"https:\/\/whisky-francais.com\/index.php\/wp-json\/wp\/v2\/media?parent=1145"}],"curies":[{"name":"wp","href":"https:\/\/api.w.org\/{rel}","templated":true}]}}