{"id":122,"date":"2017-02-17T18:02:26","date_gmt":"2017-02-17T17:02:26","guid":{"rendered":"http:\/\/whisky-francais.com\/?page_id=122"},"modified":"2020-10-09T10:29:57","modified_gmt":"2020-10-09T08:29:57","slug":"glann-ar-mor","status":"publish","type":"page","link":"https:\/\/whisky-francais.com\/index.php\/distilleries\/glann-ar-mor\/","title":{"rendered":"Glann Ar Mor"},"content":{"rendered":"<p><img loading=\"lazy\" decoding=\"async\" data-attachment-id=\"670\" data-permalink=\"https:\/\/whisky-francais.com\/index.php\/distilleries\/gilbert-holl\/certifie\/\" data-orig-file=\"https:\/\/whisky-francais.com\/wp-content\/uploads\/2017\/02\/certifie.jpg\" data-orig-size=\"125,125\" data-comments-opened=\"1\" data-image-meta=\"{&quot;aperture&quot;:&quot;0&quot;,&quot;credit&quot;:&quot;&quot;,&quot;camera&quot;:&quot;&quot;,&quot;caption&quot;:&quot;&quot;,&quot;created_timestamp&quot;:&quot;0&quot;,&quot;copyright&quot;:&quot;&quot;,&quot;focal_length&quot;:&quot;0&quot;,&quot;iso&quot;:&quot;0&quot;,&quot;shutter_speed&quot;:&quot;0&quot;,&quot;title&quot;:&quot;&quot;,&quot;orientation&quot;:&quot;1&quot;}\" data-image-title=\"Whisky Fran\u00e7ais &#8211; French Whisky, Matthieu Acar, Xavier Brevet, d\u00e9gustation, whisky, masterclass, Paris\" data-image-description=\"&lt;p&gt;Whisky Fran\u00e7ais &#8211; French Whisky, Matthieu Acar, Xavier Brevet, d\u00e9gustation, whisky, masterclass, Paris&lt;\/p&gt;\n\" data-image-caption=\"&lt;p&gt;Whisky Fran\u00e7ais &#8211; French Whisky, Matthieu Acar, Xavier Brevet, d\u00e9gustation, whisky, masterclass, Paris, atelier, d\u00e9gustation, whisky&lt;\/p&gt;\n\" data-medium-file=\"https:\/\/whisky-francais.com\/wp-content\/uploads\/2017\/02\/certifie.jpg\" data-large-file=\"https:\/\/whisky-francais.com\/wp-content\/uploads\/2017\/02\/certifie.jpg\" class=\"size-full wp-image-670 aligncenter\" src=\"https:\/\/whisky-francais.com\/wp-content\/uploads\/2017\/02\/certifie.jpg\" alt=\"Whisky Fran\u00e7ais - French Whisky\" width=\"125\" height=\"125\" srcset=\"https:\/\/whisky-francais.com\/wp-content\/uploads\/2017\/02\/certifie.jpg 125w, https:\/\/whisky-francais.com\/wp-content\/uploads\/2017\/02\/certifie-32x32.jpg 32w, https:\/\/whisky-francais.com\/wp-content\/uploads\/2017\/02\/certifie-50x50.jpg 50w, https:\/\/whisky-francais.com\/wp-content\/uploads\/2017\/02\/certifie-64x64.jpg 64w, https:\/\/whisky-francais.com\/wp-content\/uploads\/2017\/02\/certifie-96x96.jpg 96w\" sizes=\"(max-width: 125px) 100vw, 125px\" \/><\/p>\n<p>Fond\u00e9e en 2005 par Martine et Jean Donnay, la distillerie Glann Ar Mor a rapidement convaincu l\u2019audience nationale et internationale par la qualit\u00e9 de sa production. Dirig\u00e9e de main de ma\u00eetre par le charismatique couple, la \u00ab distillerie Celte au c\u0153ur Breton \u00bb ne cesse de nous \u00e9tonner par la justesse et la profondeur de ses whiskies! La distillerie a \u00e9t\u00e9 achet\u00e9 le 18 juin 2020, par la Maison Villevert. Le d\u00e9but d&rsquo;une nouvelle \u00e8re? <\/p>\n<table>\n<tbody>\n<tr style=\"height: 41px;\">\n<td style=\"width: 209px; height: 41px;\">Statut<\/td>\n<td style=\"width: 477px; height: 41px;\">Produit et distille son propre whisky.<\/td>\n<\/tr>\n<tr style=\"height: 41px;\">\n<td style=\"width: 209px; height: 41px;\">Localisation<\/td>\n<td style=\"width: 477px; height: 41px;\">2 All\u00e9es des Embruns, 22610 Larmor Pleubian, France.\n<p>\u00a0<\/p>\n<p>3\u00b04\u201943\u00bb O \/ 48\u00b051\u201932\u00bb N<\/p>\n<\/td>\n<\/tr>\n<tr style=\"height: 41px;\">\n<td style=\"width: 209px; height: 41px;\">Volume de Production<\/td>\n<td style=\"width: 477px; height: 41px;\">\u00a0<\/td>\n<\/tr>\n<tr style=\"height: 41px;\">\n<td style=\"width: 209px; height: 41px;\">Dates Cl\u00e9s<\/td>\n<td style=\"width: 477px; height: 41px;\">Ao\u00fbt 1996\u00a0: installation du couple en Bretagne.\n<p>\u00a0<\/p>\n<p><strong>Mai 1997<\/strong>\u00a0: cr\u00e9ation de la Celtic Whisky Compagnie (CWCie) et achat du premier f\u00fbt en provenance d\u2019\u00c9cosse.<\/p>\n<p>1998\u00a0: d\u00e9but des ventes.<\/p>\n<p><strong>1999<\/strong>\u00a0: lancement du 1er \u00ab\u00a0blend\u00a0\u00bb de la CWCie. Le whisky, produit et embouteill\u00e9 en \u00c9cosse, est r\u00e9alis\u00e9 selon la recette d\u2019assemblage de Jean Donnay.<\/p>\n<p>Fin 1999\u00a0: 1\u00e8res distillations men\u00e9es \u00e0 titre exp\u00e9rimental. Le distillat obtenu est mis en f\u00fbt quelques heures avant le passage \u00e0 l\u2019an 2000\u00a0!<\/p>\n<p><strong>Fin 2004 \u2013 Juin 2005<\/strong>\u00a0: naissance de Glann Ar Mor\u00a0!<\/p>\n<p><strong>Juin 2020<\/strong> : achat de la distillerie par la Maison Villevert.<\/p>\n<\/td>\n<\/tr>\n<tr style=\"height: 41px;\">\n<td style=\"width: 209px; height: 41px;\">Personnages Cl\u00e9s<\/td>\n<td style=\"width: 477px; height: 41px;\"><strong>Martine et Jean Donnay<\/strong>\u00a0(fondateurs et ma\u00eetre-distillateurs).<\/td>\n<\/tr>\n<tr style=\"height: 41px;\">\n<td style=\"width: 209px; height: 41px;\">Gamme<\/td>\n<td style=\"width: 477px; height: 41px;\"><strong>\ud83e\udd43 Glann Ar Mor<\/strong>\u00a0&#8211; whiskies non tourb\u00e9s :\n<p>\u00a0<\/p>\n<p>&#8211; Version Classique<\/p>\n<p>&#8211; <a href=\"https:\/\/whisky-francais.com\/index.php\/2017\/07\/28\/glann-ar-mor-maris-otter-barley-single-malt-whisky-46\/\" target=\"_blank\" rel=\"noopener noreferrer\">Maris Otter Barley<\/a><\/p>\n<p>&#8211; D\u2019autres embouteillages vieillis dans d\u2019autres f\u00fbts que du Bourbon.<\/p>\n<p><strong>\ud83e\udd43 Kornog<\/strong> (whiskies tourb\u00e9s):<\/p>\n<p>&#8211; <a href=\"https:\/\/whisky-francais.com\/index.php\/2017\/04\/24\/kornog-roch-hir-46\/\" target=\"_blank\" rel=\"noopener noreferrer\">Roc\u2019h Hir\u00a0<\/a><\/p>\n<p>&#8211; Sant Ivy (brut de f\u00fbt, f\u00fbt unique de Bourbon)<\/p>\n<p>&#8211; <a href=\"https:\/\/whisky-francais.com\/index.php\/2018\/03\/29\/kornog-sant-erwan-2017-50\/\">Sant Erwan (50%, f\u00fbt unique de Bourbon)<\/a><\/p>\n<p>&#8211; <a href=\"https:\/\/whisky-francais.com\/index.php\/2018\/07\/08\/kornog-coteaux-du-layon-cask-2018-46\/\">Coteaux du Layon 2018 (46%)<\/a><\/p>\n<p>&#8211; Coteaux du Layon 2018 (52,8 brut de f\u00fbt)<\/p>\n<ul>\n<li><strong>Only Rye<\/strong>,\u00a0whisky de seigle<\/li>\n<\/ul>\n<\/td>\n<\/tr>\n<tr style=\"height: 41px;\">\n<td style=\"width: 209px; height: 41px;\">Eau<\/td>\n<td style=\"width: 477px; height: 41px;\">Source souterraine (-50m). Forage situ\u00e9 devant la distillerie. Cette eau, non sal\u00e9e et filtr\u00e9e par les couches granitiques, est d\u00e9pourvue de fer.<\/td>\n<\/tr>\n<tr style=\"height: 41px;\">\n<td style=\"width: 209px; height: 41px;\">C\u00e9r\u00e9ale(s)<\/td>\n<td style=\"width: 477px; height: 41px;\"><strong>\ud83c\udf3e Orge\u00a0<\/strong>malt\u00e9e <strong>classique<\/strong> (Glann Ar Mor et Kornog)\n<p>\u00a0<\/p>\n<p>\ud83c\udf3e<strong> Orge<\/strong> malt\u00e9e <strong>Maris Otter<\/strong> (Glann Ar Mor).<\/p>\n<p><strong>\ud83c\udf3e Seigle malt\u00e9<\/strong> (Only Rye).<\/p>\n<\/td>\n<\/tr>\n<tr style=\"height: 41px;\">\n<td style=\"width: 209px; height: 41px;\">Levures<\/td>\n<td style=\"width: 477px; height: 41px;\">Levure \u00ab\u00a0classique\u00a0\u00bb \u00e0 laquelle la distillerie appose sa patte.<\/td>\n<\/tr>\n<tr style=\"height: 41px;\">\n<td style=\"width: 209px; height: 41px;\">Alambic(s)<\/td>\n<td style=\"width: 477px; height: 41px;\">2 alambics en forme d\u2019oignon\u00a0:\n<p>\u00a0<\/p>\n<ul>\n<li>1 \u00ab\u00a0<strong>Wash Still<\/strong>\u00a0\u00bb (1100L).<\/li>\n<li>1 \u00ab\u00a0<strong>Spirit Still<\/strong>\u00a0\u00bb (650L en charge maximale. Charg\u00e9 entre 550 et 650L).<\/li>\n<\/ul>\n<\/td>\n<\/tr>\n<tr style=\"height: 41.457px;\">\n<td style=\"width: 209px; height: 41.457px;\">Distillation<\/td>\n<td style=\"width: 477px; height: 41.457px;\">Double distillation<strong> \u00e0 feu direct<\/strong>.<\/td>\n<\/tr>\n<tr style=\"height: 41px;\">\n<td style=\"width: 209px; height: 41px;\">Type de Chai<\/td>\n<td style=\"width: 477px; height: 41px;\">2 chais \u00ab\u00a0humides\u00a0\u00bb avec sol en terre\n<p>\u00a0<\/p>\n<ul>\n<li>Chai 1\u00a0: situ\u00e9 \u00e0 120m de la mer<\/li>\n<li>Chai 2\u00a0: situ\u00e9 \u00e0 50m de la mer<\/li>\n<\/ul>\n<\/td>\n<\/tr>\n<tr style=\"height: 98px;\">\n<td style=\"width: 209px; height: 98px;\">F\u00fbts<\/td>\n<td style=\"width: 477px; height: 98px;\">Ex-f\u00fbts de :\n<p>\u00a0<\/p>\n<p>\ud83e\udd43 Bourbon (utilis\u00e9s en continu)<\/p>\n<p>\ud83c\udf47 Sauternes (utilis\u00e9s de mani\u00e8re sporadique)<\/p>\n<p>\ud83c\udf47 Sherry Pedro Ximenez (utilis\u00e9s de mani\u00e8re sporadique).<\/p>\n<p>Au cours de ces 20 ann\u00e9es d\u2019existence, la distillerie a \u00e9galement travaill\u00e9 avec des ex-f\u00fbts de\u00a0:<\/p>\n<p>\ud83c\udf47 Banyuls<\/p>\n<p>\ud83c\udf47 Rivesaltes<\/p>\n<p>\ud83c\udf47 Vin de Paille du Jura<\/p>\n<p>\ud83c\udf47 C\u00f4teaux du Layon<\/p>\n<p>\ud83c\udf47 Monbazillac<\/p>\n<\/td>\n<\/tr>\n<tr style=\"height: 70px;\">\n<td style=\"width: 209px; height: 70px;\">Donn\u00e9es Territoriales<\/td>\n<td style=\"width: 477px; height: 70px;\"><strong>Climat\u00a0<\/strong>: oc\u00e9anique appartenant \u00e0 une zone temp\u00e9r\u00e9e.\n<p>\u00a0<\/p>\n<p><strong>\ud83c\udf21 Temp\u00e9rature moyenne annuelle<\/strong>\u00a0: 11.2\u00b0C.Pr\u00e9cipitation moyenne annuelle\u00a0: 827mm<br \/><strong><br \/>Altitude\u00a0<\/strong>: 7m<\/p>\n<\/td>\n<\/tr>\n<tr style=\"height: 41px;\">\n<td style=\"width: 209px; height: 41px;\">Notes<\/td>\n<td style=\"width: 477px; height: 41px;\">\u00a0<\/td>\n<\/tr>\n<tr style=\"height: 41px;\">\n<td style=\"width: 209px; height: 41px;\">Site Web<\/td>\n<td style=\"width: 477px; height: 41px;\"><a href=\"https:\/\/glannarmor.com\/\" target=\"blank\" rel=\"noopener noreferrer\">https:\/\/glannarmor.com\/<\/a><\/td>\n<\/tr>\n<\/tbody>\n<\/table>\n<p>Distillerie Bretonne parmi les plus titr\u00e9es, Glann Ar Mor a choisi de ne pas faire partie de l\u2019<a href=\"https:\/\/whisky-francais.com\/index.php\/2017\/08\/07\/igp-whisky-alsacien-vs-whisky-breton\/\" target=\"_blank\" rel=\"noopener noreferrer\">IGP Whisky Breton <\/a>suite \u00e0 un d\u00e9saccord sur la nature et la mise en place de l\u2019IGP.<\/p>\n<p>2017 et 2018 marquent une nouvelle \u00e9tape dans la vie de la distillerie qui souhaite accro\u00eetre ses moyens humains et techniques pour mieux r\u00e9pondre \u00e0 la demande tout en pr\u00e9servant ses stocks. Un nouveau chapitre est en passe de s\u2019ouvrir, pour le plus grand bonheur des amatrices\/amateurs de whisky.<\/p>\n<figure id=\"attachment_267\" aria-describedby=\"caption-attachment-267\" style=\"width: 300px\" class=\"wp-caption aligncenter\"><img loading=\"lazy\" decoding=\"async\" data-attachment-id=\"267\" data-permalink=\"https:\/\/whisky-francais.com\/index.php\/distilleries\/glann-ar-mor\/glannarmor\/\" data-orig-file=\"https:\/\/whisky-francais.com\/wp-content\/uploads\/2017\/02\/GLANNARMOR.png\" data-orig-size=\"335,304\" data-comments-opened=\"1\" data-image-meta=\"{&quot;aperture&quot;:&quot;0&quot;,&quot;credit&quot;:&quot;&quot;,&quot;camera&quot;:&quot;&quot;,&quot;caption&quot;:&quot;&quot;,&quot;created_timestamp&quot;:&quot;0&quot;,&quot;copyright&quot;:&quot;&quot;,&quot;focal_length&quot;:&quot;0&quot;,&quot;iso&quot;:&quot;0&quot;,&quot;shutter_speed&quot;:&quot;0&quot;,&quot;title&quot;:&quot;&quot;,&quot;orientation&quot;:&quot;0&quot;}\" data-image-title=\"Whisky Fran\u00e7ais, Single Cask, Single Malt, Glann Ar Mor, Kornog, Roc\u2019h Hir, Sant Ivy, Saint Erwan, Maris Otter Barley, tourbe, Jean Donnay, Martine Donnay, Matthieu Acar, Xavier Brevet, d\u00e9gustation, whisky, masterclass, Paris\" data-image-description=\"&lt;p&gt;Whisky Fran\u00e7ais, Single Cask, Single Malt, Glann Ar Mor, Kornog, Roc\u2019h Hir, Sant Ivy, Saint Erwan, Maris Otter Barley, tourbe, Jean Donnay, Martine Donnay, Matthieu Acar, Xavier Brevet, d\u00e9gustation, whisky, masterclass, Paris&lt;\/p&gt;\n\" data-image-caption=\"&lt;p&gt;Whisky Fran\u00e7ais, Single Cask, Single Malt, Glann Ar Mor, Kornog, Roc\u2019h Hir, Sant Ivy, Saint Erwan, Maris Otter Barley, tourbe, Jean Donnay, Martine Donnay, atelier, d\u00e9gustation, whisky&lt;\/p&gt;\n\" data-medium-file=\"https:\/\/whisky-francais.com\/wp-content\/uploads\/2017\/02\/GLANNARMOR-300x272.png\" data-large-file=\"https:\/\/whisky-francais.com\/wp-content\/uploads\/2017\/02\/GLANNARMOR.png\" class=\"wp-image-267 size-medium\" src=\"https:\/\/whisky-francais.com\/wp-content\/uploads\/2017\/02\/GLANNARMOR-300x272.png\" width=\"300\" height=\"272\" srcset=\"https:\/\/whisky-francais.com\/wp-content\/uploads\/2017\/02\/GLANNARMOR-300x272.png 300w, https:\/\/whisky-francais.com\/wp-content\/uploads\/2017\/02\/GLANNARMOR-298x270.png 298w, https:\/\/whisky-francais.com\/wp-content\/uploads\/2017\/02\/GLANNARMOR.png 335w\" sizes=\"(max-width: 300px) 100vw, 300px\" \/><figcaption id=\"caption-attachment-267\" class=\"wp-caption-text\">Martine et Jean Donnay.<\/figcaption><\/figure>\n<figure id=\"attachment_268\" aria-describedby=\"caption-attachment-268\" style=\"width: 585px\" class=\"wp-caption aligncenter\"><img loading=\"lazy\" decoding=\"async\" data-attachment-id=\"268\" data-permalink=\"https:\/\/whisky-francais.com\/index.php\/distilleries\/glann-ar-mor\/glannarmor3\/\" data-orig-file=\"https:\/\/whisky-francais.com\/wp-content\/uploads\/2017\/02\/GLANNARMOR3.png\" data-orig-size=\"585,390\" data-comments-opened=\"1\" data-image-meta=\"{&quot;aperture&quot;:&quot;0&quot;,&quot;credit&quot;:&quot;&quot;,&quot;camera&quot;:&quot;&quot;,&quot;caption&quot;:&quot;&quot;,&quot;created_timestamp&quot;:&quot;0&quot;,&quot;copyright&quot;:&quot;&quot;,&quot;focal_length&quot;:&quot;0&quot;,&quot;iso&quot;:&quot;0&quot;,&quot;shutter_speed&quot;:&quot;0&quot;,&quot;title&quot;:&quot;&quot;,&quot;orientation&quot;:&quot;0&quot;}\" data-image-title=\"Whisky Fran\u00e7ais, Single Cask, Single Malt, Glann Ar Mor, Kornog, Roc\u2019h Hir, Sant Ivy, Saint Erwan, Maris Otter Barley, tourbe, Jean Donnay, Martine Donnay, Matthieu Acar, Xavier Brevet, d\u00e9gustation, whisky, masterclass, Paris\" data-image-description=\"&lt;p&gt;Whisky Fran\u00e7ais, Single Cask, Single Malt, Glann Ar Mor, Kornog, Roc\u2019h Hir, Sant Ivy, Saint Erwan, Maris Otter Barley, tourbe, Jean Donnay, Martine Donnay, Matthieu Acar, Xavier Brevet, d\u00e9gustation, whisky, masterclass, Paris&lt;\/p&gt;\n\" data-image-caption=\"&lt;p&gt;Whisky Fran\u00e7ais, Single Cask, Single Malt, Glann Ar Mor, Kornog, Roc\u2019h Hir, Sant Ivy, Saint Erwan, Maris Otter Barley, tourbe, Jean Donnay, Martine Donnay, atelier, d\u00e9gustation, whisky&lt;\/p&gt;\n\" data-medium-file=\"https:\/\/whisky-francais.com\/wp-content\/uploads\/2017\/02\/GLANNARMOR3-300x200.png\" data-large-file=\"https:\/\/whisky-francais.com\/wp-content\/uploads\/2017\/02\/GLANNARMOR3.png\" class=\"wp-image-268 size-full\" src=\"https:\/\/whisky-francais.com\/wp-content\/uploads\/2017\/02\/GLANNARMOR3.png\" width=\"585\" height=\"390\" srcset=\"https:\/\/whisky-francais.com\/wp-content\/uploads\/2017\/02\/GLANNARMOR3.png 585w, https:\/\/whisky-francais.com\/wp-content\/uploads\/2017\/02\/GLANNARMOR3-300x200.png 300w, https:\/\/whisky-francais.com\/wp-content\/uploads\/2017\/02\/GLANNARMOR3-405x270.png 405w\" sizes=\"(max-width: 585px) 100vw, 585px\" \/><figcaption id=\"caption-attachment-268\" class=\"wp-caption-text\">Jean Donnay.<\/figcaption><\/figure>\n<p><img loading=\"lazy\" decoding=\"async\" data-attachment-id=\"266\" data-permalink=\"https:\/\/whisky-francais.com\/index.php\/distilleries\/glann-ar-mor\/glannarmor2\/\" data-orig-file=\"https:\/\/whisky-francais.com\/wp-content\/uploads\/2017\/02\/GLANNARMOR2.png\" data-orig-size=\"585,392\" data-comments-opened=\"1\" data-image-meta=\"{&quot;aperture&quot;:&quot;0&quot;,&quot;credit&quot;:&quot;&quot;,&quot;camera&quot;:&quot;&quot;,&quot;caption&quot;:&quot;&quot;,&quot;created_timestamp&quot;:&quot;0&quot;,&quot;copyright&quot;:&quot;&quot;,&quot;focal_length&quot;:&quot;0&quot;,&quot;iso&quot;:&quot;0&quot;,&quot;shutter_speed&quot;:&quot;0&quot;,&quot;title&quot;:&quot;&quot;,&quot;orientation&quot;:&quot;0&quot;}\" data-image-title=\"Whisky Fran\u00e7ais, Single Cask, Single Malt, Glann Ar Mor, Kornog, Roc\u2019h Hir, Sant Ivy, Saint Erwan, Maris Otter Barley, tourbe, Jean Donnay, Martine Donnay, Matthieu Acar, Xavier Brevet, d\u00e9gustation, whisky, masterclass, Paris\" data-image-description=\"&lt;p&gt;Whisky Fran\u00e7ais, Single Cask, Single Malt, Glann Ar Mor, Kornog, Roc\u2019h Hir, Sant Ivy, Saint Erwan, Maris Otter Barley, tourbe, Jean Donnay, Martine Donnay, Matthieu Acar, Xavier Brevet, d\u00e9gustation, whisky, masterclass, Paris&lt;\/p&gt;\n\" data-image-caption=\"&lt;p&gt;Whisky Fran\u00e7ais, Single Cask, Single Malt, Glann Ar Mor, Kornog, Roc\u2019h Hir, Sant Ivy, Saint Erwan, Maris Otter Barley, tourbe, Jean Donnay, Martine Donnay, atelier, d\u00e9gustation, whisky&lt;\/p&gt;\n\" data-medium-file=\"https:\/\/whisky-francais.com\/wp-content\/uploads\/2017\/02\/GLANNARMOR2-300x201.png\" data-large-file=\"https:\/\/whisky-francais.com\/wp-content\/uploads\/2017\/02\/GLANNARMOR2.png\" class=\"wp-image-266 size-full aligncenter\" src=\"https:\/\/whisky-francais.com\/wp-content\/uploads\/2017\/02\/GLANNARMOR2.png\" width=\"585\" height=\"392\" srcset=\"https:\/\/whisky-francais.com\/wp-content\/uploads\/2017\/02\/GLANNARMOR2.png 585w, https:\/\/whisky-francais.com\/wp-content\/uploads\/2017\/02\/GLANNARMOR2-300x201.png 300w, https:\/\/whisky-francais.com\/wp-content\/uploads\/2017\/02\/GLANNARMOR2-403x270.png 403w\" sizes=\"(max-width: 585px) 100vw, 585px\" \/><\/p>\n<figure id=\"attachment_269\" aria-describedby=\"caption-attachment-269\" style=\"width: 548px\" class=\"wp-caption aligncenter\"><img loading=\"lazy\" decoding=\"async\" data-attachment-id=\"269\" data-permalink=\"https:\/\/whisky-francais.com\/index.php\/distilleries\/glann-ar-mor\/glannarmore4\/\" data-orig-file=\"https:\/\/whisky-francais.com\/wp-content\/uploads\/2017\/02\/GLANNARMORE4.png\" data-orig-size=\"548,367\" data-comments-opened=\"1\" data-image-meta=\"{&quot;aperture&quot;:&quot;0&quot;,&quot;credit&quot;:&quot;&quot;,&quot;camera&quot;:&quot;&quot;,&quot;caption&quot;:&quot;&quot;,&quot;created_timestamp&quot;:&quot;0&quot;,&quot;copyright&quot;:&quot;&quot;,&quot;focal_length&quot;:&quot;0&quot;,&quot;iso&quot;:&quot;0&quot;,&quot;shutter_speed&quot;:&quot;0&quot;,&quot;title&quot;:&quot;&quot;,&quot;orientation&quot;:&quot;0&quot;}\" data-image-title=\"Whisky Fran\u00e7ais, Single Cask, Single Malt, Glann Ar Mor, Kornog, Roc\u2019h Hir, Sant Ivy, Saint Erwan, Maris Otter Barley, tourbe, Jean Donnay, Martine Donnay, Matthieu Acar, Xavier Brevet, d\u00e9gustation, whisky, masterclass, Paris\" data-image-description=\"&lt;p&gt;Whisky Fran\u00e7ais, Single Cask, Single Malt, Glann Ar Mor, Kornog, Roc\u2019h Hir, Sant Ivy, Saint Erwan, Maris Otter Barley, tourbe, Jean Donnay, Martine Donnay&lt;\/p&gt;\n\" data-image-caption=\"&lt;p&gt;Whisky Fran\u00e7ais, Single Cask, Single Malt, Glann Ar Mor, Kornog, Roc\u2019h Hir, Sant Ivy, Saint Erwan, Maris Otter Barley, tourbe, Jean Donnay, Martine Donnay, Matthieu Acar, Xavier Brevet, d\u00e9gustation, whisky, masterclass, Paris, atelier, d\u00e9gustation, whisky&lt;\/p&gt;\n\" data-medium-file=\"https:\/\/whisky-francais.com\/wp-content\/uploads\/2017\/02\/GLANNARMORE4-300x201.png\" data-large-file=\"https:\/\/whisky-francais.com\/wp-content\/uploads\/2017\/02\/GLANNARMORE4.png\" class=\"wp-image-269 size-full\" src=\"https:\/\/whisky-francais.com\/wp-content\/uploads\/2017\/02\/GLANNARMORE4.png\" width=\"548\" height=\"367\" srcset=\"https:\/\/whisky-francais.com\/wp-content\/uploads\/2017\/02\/GLANNARMORE4.png 548w, https:\/\/whisky-francais.com\/wp-content\/uploads\/2017\/02\/GLANNARMORE4-300x201.png 300w, https:\/\/whisky-francais.com\/wp-content\/uploads\/2017\/02\/GLANNARMORE4-403x270.png 403w\" sizes=\"(max-width: 548px) 100vw, 548px\" \/><figcaption id=\"caption-attachment-269\" class=\"wp-caption-text\">Jean Donnay, presqu&rsquo;\u00eele de Larmor-Pleubian.<\/figcaption><\/figure>\n\n","protected":false},"excerpt":{"rendered":"<p>Fond\u00e9e en 2005 par Martine et Jean Donnay, la distillerie Glann Ar Mor a rapidement convaincu l\u2019audience nationale et internationale<\/p>\n","protected":false},"author":1,"featured_media":2411,"parent":56,"menu_order":0,"comment_status":"closed","ping_status":"closed","template":"","meta":{"jetpack_post_was_ever_published":false,"footnotes":""},"class_list":["post-122","page","type-page","status-publish","has-post-thumbnail","hentry"],"jetpack_sharing_enabled":true,"jetpack_shortlink":"https:\/\/wp.me\/P8oZPa-1Y","jetpack-related-posts":[{"id":56,"url":"https:\/\/whisky-francais.com\/index.php\/distilleries\/","url_meta":{"origin":122,"position":0},"title":"Producteurs \/ Distilleries","date":"11 f\u00e9vrier 2017","format":false,"excerpt":"Auvergne-Rh\u00f4ne-Alpes Distillerie du Drac Distillerie des Bughes Distillerie du Vercors Domaine des Hautes Glaces Distillerie des Hautes Terres AlpSpirits (ferm\u00e9e) Monsieur Balthazar Mont Blanc Ninkasi O\u2019Baptiste (Ne produit plus de whisky) Bourgogne-Franche-Comt\u00e9 Br\u00fblerie du Revermont Michel Couvreur Rouget de Lisle Bretagne La Bambelle Distillerie des Menhirs Distillerie FDC (Bale Bro)\u2026","rel":"","context":"Article similaire","img":{"alt_text":"","src":"","width":0,"height":0},"classes":[]},{"id":108,"url":"https:\/\/whisky-francais.com\/index.php\/distilleries\/distillerie-des-menhirs\/","url_meta":{"origin":122,"position":1},"title":"Distillerie des Menhirs","date":"17 f\u00e9vrier 2017","format":false,"excerpt":"Cr\u00e9\u00e9e en 1986 par Guy Le Lay, alors professeur de math\u00e9matique, la Distillerie des Menhirs parach\u00e8ve une histoire familiale de bouilleur de cru qui remonte \u00e0 1921 ! En 1999 elle se lance dans la production de whisky et opte alors pour l'utilisation du bl\u00e9 noir, une c\u00e9r\u00e9ale (une Polygonac\u00e9e\u2026","rel":"","context":"Article similaire","img":{"alt_text":"","src":"https:\/\/i0.wp.com\/whisky-francais.com\/wp-content\/uploads\/2017\/02\/LOGO.jpg?resize=350%2C200","width":350,"height":200},"classes":[]},{"id":585,"url":"https:\/\/whisky-francais.com\/index.php\/distilleries\/hautefeuille\/","url_meta":{"origin":122,"position":2},"title":"Distillerie d&rsquo;Hautefeuille","date":"20 mars 2017","format":false,"excerpt":"La distillerie d'Hautefeuille est install\u00e9e au coeur de la Picardie, dans une propri\u00e9t\u00e9 familiale vieille de 10 g\u00e9n\u00e9rations. Lorsqu'\u00c9tienne d\u2019Hautefeuille\u00a0- ing\u00e9nieur de formation - reprend l'exploitation agricole, il songe d\u00e9j\u00e0 \u00e0 la possibilit\u00e9 de produire ses propres spiritueux (Gin & Whisky). Cette volont\u00e9 se concr\u00e9tisera \u00e0 la suite de sa\u2026","rel":"","context":"Article similaire","img":{"alt_text":"","src":"https:\/\/i0.wp.com\/whisky-francais.com\/wp-content\/uploads\/2017\/03\/DJI_0036-min.jpg?resize=350%2C200","width":350,"height":200},"classes":[]},{"id":6180,"url":"https:\/\/whisky-francais.com\/index.php\/distillerie-artisanale-jm-leisen\/","url_meta":{"origin":122,"position":3},"title":"Distillerie Artisanale JM LEISEN","date":"7 novembre 2021","format":false,"excerpt":"C\u2019est \u00e0 Malling, une petite commune fran\u00e7aise de 623 habitants situ\u00e9e dans le d\u00e9partement de la Moselle, que la distillerie LEISEN produit un whisky depuis 2012. Troisi\u00e8me et plus petite distillerie de whisky en Lorraine, la famille LEISEN a fait le choix de produire un whisky qui soit le reflet\u2026","rel":"","context":"Article similaire","img":{"alt_text":"","src":"","width":0,"height":0},"classes":[]},{"id":1882,"url":"https:\/\/whisky-francais.com\/index.php\/distilleries\/naguelann\/","url_meta":{"origin":122,"position":4},"title":"Naguelann","date":"21 juin 2017","format":false,"excerpt":"\u00a0 \"Naguelann c\u2019est avant tout une fa\u00e7on de faire !\" \u00a0 S\u2019illustrant \u00e0 la fois en tant que distillateur et embouteilleur ind\u00e9pendant, Naguelann tient son originalit\u00e9 de cette double casquette, fondamentale dans la qu\u00eate du go\u00fbt men\u00e9e par L\u00e9na\u00efck Lemaitre et ses \u00e9quipes. Statut Produit et Commercialise son propre whisky\u2026","rel":"","context":"Article similaire","img":{"alt_text":"","src":"","width":0,"height":0},"classes":[]},{"id":3935,"url":"https:\/\/whisky-francais.com\/index.php\/distilleries\/la-mine-dor\/","url_meta":{"origin":122,"position":5},"title":"La Mine d&rsquo;Or","date":"13 d\u00e9cembre 2018","format":false,"excerpt":"Cr\u00e9\u00e9e en 2016 par St\u00e9phane Kerdod\u00e9, la distillerie de La Mine d\u2019Or s\u2019appuie sur le savoir-faire et l\u2019exp\u00e9rience de la brasserie Lancelot dans la confection de son whisky. C\u2019est \u00e0 travers cette activit\u00e9 que la distillerie redonne vie \u00e0 un site o\u00f9 s\u2019activaient jadis des centaines de mineurs en qu\u00eate\u2026","rel":"","context":"Article similaire","img":{"alt_text":"","src":"https:\/\/i0.wp.com\/whisky-francais.com\/wp-content\/uploads\/2018\/12\/LMD1-min.jpg?resize=350%2C200","width":350,"height":200},"classes":[]}],"_links":{"self":[{"href":"https:\/\/whisky-francais.com\/index.php\/wp-json\/wp\/v2\/pages\/122"}],"collection":[{"href":"https:\/\/whisky-francais.com\/index.php\/wp-json\/wp\/v2\/pages"}],"about":[{"href":"https:\/\/whisky-francais.com\/index.php\/wp-json\/wp\/v2\/types\/page"}],"author":[{"embeddable":true,"href":"https:\/\/whisky-francais.com\/index.php\/wp-json\/wp\/v2\/users\/1"}],"replies":[{"embeddable":true,"href":"https:\/\/whisky-francais.com\/index.php\/wp-json\/wp\/v2\/comments?post=122"}],"version-history":[{"count":21,"href":"https:\/\/whisky-francais.com\/index.php\/wp-json\/wp\/v2\/pages\/122\/revisions"}],"predecessor-version":[{"id":5535,"href":"https:\/\/whisky-francais.com\/index.php\/wp-json\/wp\/v2\/pages\/122\/revisions\/5535"}],"up":[{"embeddable":true,"href":"https:\/\/whisky-francais.com\/index.php\/wp-json\/wp\/v2\/pages\/56"}],"wp:featuredmedia":[{"embeddable":true,"href":"https:\/\/whisky-francais.com\/index.php\/wp-json\/wp\/v2\/media\/2411"}],"wp:attachment":[{"href":"https:\/\/whisky-francais.com\/index.php\/wp-json\/wp\/v2\/media?parent=122"}],"curies":[{"name":"wp","href":"https:\/\/api.w.org\/{rel}","templated":true}]}}