{"id":129,"date":"2017-02-17T18:05:20","date_gmt":"2017-02-17T17:05:20","guid":{"rendered":"http:\/\/whisky-francais.com\/?page_id=129"},"modified":"2019-02-10T11:01:32","modified_gmt":"2019-02-10T10:01:32","slug":"meyers","status":"publish","type":"page","link":"https:\/\/whisky-francais.com\/index.php\/distilleries\/meyers\/","title":{"rendered":"Meyer&rsquo;s"},"content":{"rendered":"<p><img loading=\"lazy\" decoding=\"async\" data-attachment-id=\"336\" data-permalink=\"https:\/\/whisky-francais.com\/index.php\/distilleries\/meyers\/meyer-2\/\" data-orig-file=\"https:\/\/whisky-francais.com\/wp-content\/uploads\/2017\/02\/MEYER.png\" data-orig-size=\"193,138\" data-comments-opened=\"1\" data-image-meta=\"{&quot;aperture&quot;:&quot;0&quot;,&quot;credit&quot;:&quot;&quot;,&quot;camera&quot;:&quot;&quot;,&quot;caption&quot;:&quot;&quot;,&quot;created_timestamp&quot;:&quot;0&quot;,&quot;copyright&quot;:&quot;&quot;,&quot;focal_length&quot;:&quot;0&quot;,&quot;iso&quot;:&quot;0&quot;,&quot;shutter_speed&quot;:&quot;0&quot;,&quot;title&quot;:&quot;&quot;,&quot;orientation&quot;:&quot;0&quot;}\" data-image-title=\"Meyer&amp;rsquo;s, Blend Sup\u00e9rieur, Blend Canister, Pur Malt, \u00c9dition Limit\u00e9e, f\u00fbts de Pinot Noir, Arnaud Meyer, Lionel Meyer, Saint Pierre Bois Hohwarth, Alsace, whisky Fran\u00e7ais, French whisky, orge malt\u00e9eMatthieu Acar, Xavier Brevet, d\u00e9gustation, whisky, masterclass, Paris\" data-image-description=\"&lt;p&gt;Meyer&amp;rsquo;s, Blend Sup\u00e9rieur, Blend Canister, Pur Malt, \u00c9dition Limit\u00e9e, f\u00fbts de Pinot Noir, Arnaud Meyer, Lionel Meyer, Saint Pierre Bois Hohwarth, Alsace, whisky Fran\u00e7ais, French whisky, orge malt\u00e9eMatthieu Acar, Xavier Brevet, d\u00e9gustation, whisky, masterclass, Paris&lt;\/p&gt;\n\" data-image-caption=\"&lt;p&gt;Meyer&amp;rsquo;s, Blend Sup\u00e9rieur, Blend Canister, Pur Malt, \u00c9dition Limit\u00e9e, f\u00fbts de Pinot Noir, Arnaud Meyer, Lionel Meyer, Saint Pierre Bois Hohwarth, Alsace, whisky Fran\u00e7ais, French whisky, orge malt\u00e9eMatthieu Acar, Xavier Brevet, d\u00e9gustation, whisky, masterclass, Paris, atelier, d\u00e9gustation, whisky&lt;\/p&gt;\n\" data-medium-file=\"https:\/\/whisky-francais.com\/wp-content\/uploads\/2017\/02\/MEYER.png\" data-large-file=\"https:\/\/whisky-francais.com\/wp-content\/uploads\/2017\/02\/MEYER.png\" class=\"size-full wp-image-336 aligncenter\" src=\"https:\/\/whisky-francais.com\/wp-content\/uploads\/2017\/02\/MEYER.png\" alt=\"\" width=\"193\" height=\"138\" \/><\/p>\n<p>\u00c0 l&rsquo;origine producteur d&rsquo;eaux-de-vie, cr\u00e8mes et liqueurs, Meyer&rsquo;s s&rsquo;est lanc\u00e9e depuis 2007\u00a0dans l&rsquo;aventure du whisky.<\/p>\n<table>\n<tbody>\n<tr style=\"height: 24px;\">\n<td style=\"width: 143px; height: 24px;\">Statut<\/td>\n<td style=\"width: 512px; height: 24px;\">Produit et Commercialise son propre Whisky<\/td>\n<\/tr>\n<tr style=\"height: 48px;\">\n<td style=\"width: 143px; height: 48px;\">Localisation<\/td>\n<td style=\"width: 512px; height: 48px;\">\ud83d\udceb 18 Rue Saint Gilles, 67220 Saint-Pierre-Bois Hohwarth<br \/>\n7\u00b021&rsquo;15\u00bb E \/ 48\u00b020&rsquo;14\u00bb N<\/td>\n<\/tr>\n<tr style=\"height: 48px;\">\n<td style=\"width: 143px; height: 48px;\">Volume de production<\/td>\n<td style=\"width: 512px; height: 48px;\"><\/td>\n<\/tr>\n<tr style=\"height: 120px;\">\n<td style=\"width: 143px; height: 120px;\">Dates Cl\u00e9s<\/td>\n<td style=\"width: 512px; height: 120px;\"><strong>1958<\/strong>: Cr\u00e9ation de la distillerie<\/p>\n<p>1976: Jean Claude Meyer prend les commandes de la distillerie. Celle-ci remportera plus de 150 m\u00e9dailles au CGA sous sa direction.<\/p>\n<p>2004: Acquisition de 3 Alambics de fabrication Allemande<\/p>\n<p>2007: Meyer commercialise ses premiers whiskies<\/td>\n<\/tr>\n<tr style=\"height: 96px;\">\n<td style=\"width: 143px; height: 96px;\">Personnages Cl\u00e9s<\/td>\n<td style=\"width: 512px; height: 96px;\"><strong>Fridolin Meyer<\/strong>\u00a0&#8211; fondateur<\/p>\n<p><strong>Arnaud et Lionel Meyer<\/strong>\u00a0&#8211; actuels dirigeants<\/td>\n<\/tr>\n<tr style=\"height: 120px;\">\n<td style=\"width: 143px; height: 120px;\">Gamme<\/td>\n<td style=\"width: 512px; height: 120px;\">\ud83e\udd43 Blend Sup\u00e9rieur (assemblage whisky de grain et pur malt, vieilli en f\u00fbts de vin doux)<\/p>\n<p>\ud83e\udd43 Blend Canister (assemblage whisky de grain et pur malt, vieilli en f\u00fbts de vin doux)<\/p>\n<p>\ud83e\udd43 Pur Malt (100% orge malt\u00e9e)<\/p>\n<p><a href=\"https:\/\/whisky-francais.com\/index.php\/2017\/04\/04\/meyers-finition-pinot-noir-40\/\">\ud83e\udd43 Blend \u00e9dition limit\u00e9e affin\u00e9e en f\u00fbt de Pinot Noir<\/a><\/td>\n<\/tr>\n<tr style=\"height: 24px;\">\n<td style=\"width: 143px; height: 24px;\">Eau<\/td>\n<td style=\"width: 512px; height: 24px;\">Eau de Source<\/td>\n<\/tr>\n<tr style=\"height: 24px;\">\n<td style=\"width: 143px; height: 24px;\">C\u00e9r\u00e9ale<\/td>\n<td style=\"width: 512px; height: 24px;\">\ud83c\udf3e <strong>Orge<\/strong><\/td>\n<\/tr>\n<tr style=\"height: 24px;\">\n<td style=\"width: 143px; height: 24px;\">Levures et Fermentation<\/td>\n<td style=\"width: 512px; height: 24px;\"><\/td>\n<\/tr>\n<tr style=\"height: 24px;\">\n<td style=\"width: 143px; height: 24px;\">Alambic<\/td>\n<td style=\"width: 512px; height: 24px;\"><\/td>\n<\/tr>\n<tr style=\"height: 24px;\">\n<td style=\"width: 143px; height: 24px;\">Distillation<\/td>\n<td style=\"width: 512px; height: 24px;\"><\/td>\n<\/tr>\n<tr style=\"height: 24px;\">\n<td style=\"width: 143px; height: 24px;\">Type de Chai<\/td>\n<td style=\"width: 512px; height: 24px;\"><\/td>\n<\/tr>\n<tr style=\"height: 24px;\">\n<td style=\"width: 143px; height: 24px;\">F\u00fbts<\/td>\n<td style=\"width: 512px; height: 24px;\">Ex f\u00fbts de&#8230;<\/p>\n<p>\ud83c\udf47 <strong>Vin doux<\/strong><\/td>\n<\/tr>\n<tr style=\"height: 48px;\">\n<td style=\"width: 143px; height: 48px;\">Donn\u00e9es Territoriales<\/td>\n<td style=\"width: 512px; height: 48px;\"><strong>Climat<\/strong>: Continental<\/p>\n<p><strong>Altitude<\/strong>: 310m<\/td>\n<\/tr>\n<tr style=\"height: 48px;\">\n<td style=\"width: 143px; height: 48px;\">Notes<\/td>\n<td style=\"width: 512px; height: 48px;\"><\/td>\n<\/tr>\n<tr style=\"height: 48px;\">\n<td style=\"width: 143px; height: 48px;\">Site Web<\/td>\n<td style=\"width: 512px; height: 48px;\"><a href=\"http:\/\/distilleriemeyer.fr\/fr\/\" target=\"blank\">http:\/\/distilleriemeyer.fr\/fr\/<\/a><\/td>\n<\/tr>\n<\/tbody>\n<\/table>\n<p>Mise en lumi\u00e8re par Jim Murray (note de 88.5\/100 obtenue pour son Blend Sup\u00e9rieur), Meyer est \u00e9galement riche d&rsquo;une gamme d&rsquo;eaux-de-vie, e-d-v Grandes R\u00e9serves, cr\u00e8mes, liqueur, pastis et vin aromatis\u00e9 au quinquina (pour lesquels la distillerie a remport\u00e9 plus de 180 m\u00e9dailles au Concours G\u00e9n\u00e9rale Agricole). C&rsquo;est \u00e9galement \u00e0 travers l&rsquo;ouverture d&rsquo;un espace mus\u00e9ographique d\u00e9di\u00e9 aux eaux-de-vie et whisky alsacien (baptis\u00e9 <em>La Maison du Distillateur)<\/em> que l&rsquo;on retrouve la distillerie.<\/p>\n<figure id=\"attachment_338\" aria-describedby=\"caption-attachment-338\" style=\"width: 620px\" class=\"wp-caption alignnone\"><img loading=\"lazy\" decoding=\"async\" data-attachment-id=\"338\" data-permalink=\"https:\/\/whisky-francais.com\/index.php\/distilleries\/meyers\/meyer2\/\" data-orig-file=\"https:\/\/whisky-francais.com\/wp-content\/uploads\/2017\/02\/MEYER2.png\" data-orig-size=\"620,408\" data-comments-opened=\"1\" data-image-meta=\"{&quot;aperture&quot;:&quot;0&quot;,&quot;credit&quot;:&quot;&quot;,&quot;camera&quot;:&quot;&quot;,&quot;caption&quot;:&quot;&quot;,&quot;created_timestamp&quot;:&quot;0&quot;,&quot;copyright&quot;:&quot;&quot;,&quot;focal_length&quot;:&quot;0&quot;,&quot;iso&quot;:&quot;0&quot;,&quot;shutter_speed&quot;:&quot;0&quot;,&quot;title&quot;:&quot;&quot;,&quot;orientation&quot;:&quot;0&quot;}\" data-image-title=\"Meyer&amp;rsquo;s, Blend Sup\u00e9rieur, Blend Canister, Pur Malt, \u00c9dition Limit\u00e9e, f\u00fbts de Pinot Noir, Arnaud Meyer, Lionel Meyer, Saint Pierre Bois Hohwarth, Alsace, whisky Fran\u00e7ais, French whisky, orge malt\u00e9eMatthieu Acar, Xavier Brevet, d\u00e9gustation, whisky, masterclass, Paris\" data-image-description=\"&lt;p&gt;Meyer&amp;rsquo;s, Blend Sup\u00e9rieur, Blend Canister, Pur Malt, \u00c9dition Limit\u00e9e, f\u00fbts de Pinot Noir, Arnaud Meyer, Lionel Meyer, Saint Pierre Bois Hohwarth, Alsace, whisky Fran\u00e7ais, French whisky, orge malt\u00e9eMatthieu Acar, Xavier Brevet, d\u00e9gustation, whisky, masterclass, Paris&lt;\/p&gt;\n\" data-image-caption=\"&lt;p&gt;Meyer&amp;rsquo;s, Blend Sup\u00e9rieur, Blend Canister, Pur Malt, \u00c9dition Limit\u00e9e, f\u00fbts de Pinot Noir, Arnaud Meyer, Lionel Meyer, Saint Pierre Bois Hohwarth, Alsace, whisky Fran\u00e7ais, French whisky, orge malt\u00e9eMatthieu Acar, Xavier Brevet, d\u00e9gustation, whisky, masterclass, Paris, atelier, d\u00e9gustation, whisky&lt;\/p&gt;\n\" data-medium-file=\"https:\/\/whisky-francais.com\/wp-content\/uploads\/2017\/02\/MEYER2-300x197.png\" data-large-file=\"https:\/\/whisky-francais.com\/wp-content\/uploads\/2017\/02\/MEYER2.png\" class=\"wp-image-338 size-full\" src=\"https:\/\/whisky-francais.com\/wp-content\/uploads\/2017\/02\/MEYER2.png\" width=\"620\" height=\"408\" srcset=\"https:\/\/whisky-francais.com\/wp-content\/uploads\/2017\/02\/MEYER2.png 620w, https:\/\/whisky-francais.com\/wp-content\/uploads\/2017\/02\/MEYER2-300x197.png 300w, https:\/\/whisky-francais.com\/wp-content\/uploads\/2017\/02\/MEYER2-410x270.png 410w\" sizes=\"(max-width: 620px) 100vw, 620px\" \/><figcaption id=\"caption-attachment-338\" class=\"wp-caption-text\">Arnaud et Lionel Meyer. Cr\u00e9dit Photo: lsa-cons.fr<\/figcaption><\/figure>\n","protected":false},"excerpt":{"rendered":"<p>\u00c0 l&rsquo;origine producteur d&rsquo;eaux-de-vie, cr\u00e8mes et liqueurs, Meyer&rsquo;s s&rsquo;est lanc\u00e9e depuis 2007\u00a0dans l&rsquo;aventure du whisky. Statut Produit et Commercialise son<\/p>\n","protected":false},"author":1,"featured_media":0,"parent":56,"menu_order":0,"comment_status":"closed","ping_status":"closed","template":"","meta":{"jetpack_post_was_ever_published":false,"footnotes":""},"class_list":["post-129","page","type-page","status-publish","hentry"],"jetpack_sharing_enabled":true,"jetpack_shortlink":"https:\/\/wp.me\/P8oZPa-25","jetpack-related-posts":[{"id":56,"url":"https:\/\/whisky-francais.com\/index.php\/distilleries\/","url_meta":{"origin":129,"position":0},"title":"Producteurs \/ Distilleries","date":"11 f\u00e9vrier 2017","format":false,"excerpt":"Auvergne-Rh\u00f4ne-Alpes Distillerie du Drac Distillerie des Bughes Distillerie du Vercors Domaine des Hautes Glaces Distillerie des Hautes Terres AlpSpirits (ferm\u00e9e) Monsieur Balthazar Mont Blanc Ninkasi O\u2019Baptiste (Ne produit plus de whisky) Bourgogne-Franche-Comt\u00e9 Br\u00fblerie du Revermont Michel Couvreur Rouget de Lisle Bretagne La Bambelle Distillerie des Menhirs Distillerie FDC (Bale Bro)\u2026","rel":"","context":"Article similaire","img":{"alt_text":"","src":"","width":0,"height":0},"classes":[]},{"id":968,"url":"https:\/\/whisky-francais.com\/index.php\/distilleries\/la-roche-aux-fees-sainte-colombe\/","url_meta":{"origin":129,"position":1},"title":"Distillerie La Roche aux F\u00e9es","date":"23 avril 2017","format":false,"excerpt":"Derni\u00e8re mise \u00e0 jour : Mai 2025 La brasserie Sainte colombe c'est d'abord illustr\u00e9 par la qualit\u00e9 de ses bi\u00e8res avant de se lancer dans la production de whisky. Pour ses spiritueux, la brasserie a donn\u00e9 naissance \u00e0 \"la distillerie de la roche aux f\u00e9es\" faisant ainsi \u00e9cho au dolmen\u2026","rel":"","context":"Article similaire","img":{"alt_text":"","src":"https:\/\/i0.wp.com\/whisky-francais.com\/wp-content\/uploads\/2017\/04\/la-roche-au-fees-2.jpg?resize=350%2C200","width":350,"height":200},"classes":[]},{"id":3097,"url":"https:\/\/whisky-francais.com\/index.php\/distilleries\/tanargue\/","url_meta":{"origin":129,"position":2},"title":"Tanargue","date":"28 novembre 2017","format":false,"excerpt":"Lorsque deux vieux amis voyagent en \u00c9cosse \u00e0 l'hiver 2005, et qu'il d\u00e9couvre le whisky, ils constatent qu'on a tout ce qu'il faut pour en faire en France, et m\u00eame dans leur d\u00e9partement, l'Ard\u00e8che ! Mues par la volont\u00e9 de s'engager dans l'emploi et l'\u00e9conomie locale, C\u00e9dric Ollier et Fran\u00e7ois\u2026","rel":"","context":"Article similaire","img":{"alt_text":"Tanargue, Saint Martin d'Ard\u00e8che, Stupfler,Viognier, Marsanne, Roussanne, Saint Joseph Blanc, Ard\u00e8che, C\u00e9dric Ollier, Fran\u00e7ois Papin, Matthieu Acar, Xavier Brevet, Lilya Sekkal, d\u00e9gustation, whisky, masterclass, Paris, atelier, d\u00e9gustation, whisky","src":"https:\/\/i0.wp.com\/whisky-francais.com\/wp-content\/uploads\/2017\/11\/Tanargue-whisky-fran\u00e7ais-ardeche-copie.jpg?resize=350%2C200&ssl=1","width":350,"height":200},"classes":[]},{"id":6142,"url":"https:\/\/whisky-francais.com\/index.php\/merlet-fils\/","url_meta":{"origin":129,"position":3},"title":"Merlet &#038; fils","date":"18 octobre 2021","format":false,"excerpt":"Issu d\u2019un vieux patois charentais, COPERIES signifie \u00ab moissons \u00bb. Si Luc & Gilles Merlet ont d\u00e9cid\u00e9 de baptiser ainsi leur whisky, c\u2019est pour faire r\u00e9f\u00e9rence \u00e0 son identit\u00e9 fran\u00e7aise, mais aussi, sp\u00e9cifiquement Charentaises.\u00a0\u00a0\u00a0\u00a0\u00a0\u00a0\u00a0 Statut Distillerie productive Localisation \ud83d\udceb Distillerie Merlet et Fils40 Rue de Chevessac 17610 SAINT-SAUVANT Dates Cl\u00e9s\u2026","rel":"","context":"Article similaire","img":{"alt_text":"","src":"","width":0,"height":0},"classes":[]},{"id":4470,"url":"https:\/\/whisky-francais.com\/index.php\/distilleries\/alfred-giraud\/","url_meta":{"origin":129,"position":4},"title":"Alfred Giraud","date":"12 juillet 2019","format":false,"excerpt":"Issues du savoir-faire cogna\u00e7ais, les cuv\u00e9es HARMONIE et HERITAGE d\u2019Alfred GIRAUD\u00a0sont issus d'une\u00a0histoire familiale de plus d\u2019un si\u00e8cle ! Statut En production. En 2019, la production totale est de 7000 bouteilles (5000 de \"HERITAGE\" et 2000 de \"HARMONIE\"). Une part des whiskies repose sur des f\u00fbts d'exception (cognac de 30,\u2026","rel":"","context":"Article similaire","img":{"alt_text":"","src":"https:\/\/i0.wp.com\/whisky-francais.com\/wp-content\/uploads\/2019\/07\/Family-Maison-GIRAUD-2.jpg?resize=350%2C200&ssl=1","width":350,"height":200},"classes":[]},{"id":1532,"url":"https:\/\/whisky-francais.com\/index.php\/distilleries\/brasserie-saint-germain-page-24\/","url_meta":{"origin":129,"position":5},"title":"TOS &#8211; Brasserie Saint Germain (Page 24)","date":"29 mai 2017","format":false,"excerpt":"Mise \u00e0 jour le 27\/01\/2021 Situ\u00e9e \u00e0 Aix-Noulette, dans le Pas-de-Calais, la Brasserie Saint Germain se lance dans la fabrication de whisky cette ann\u00e9e (2017) ! Nul doute que son savoir-faire brassicole et sa volont\u00e9 de mise en valeur des fili\u00e8res locales (100% des mati\u00e8res premi\u00e8res sont d\u2019origine locale) sauront\u2026","rel":"","context":"Article similaire","img":{"alt_text":"","src":"https:\/\/i0.wp.com\/whisky-francais.com\/wp-content\/uploads\/2021\/03\/page-24-whisky-francais-distillerie-tos-scaled.jpg?resize=350%2C200&ssl=1","width":350,"height":200},"classes":[]}],"_links":{"self":[{"href":"https:\/\/whisky-francais.com\/index.php\/wp-json\/wp\/v2\/pages\/129"}],"collection":[{"href":"https:\/\/whisky-francais.com\/index.php\/wp-json\/wp\/v2\/pages"}],"about":[{"href":"https:\/\/whisky-francais.com\/index.php\/wp-json\/wp\/v2\/types\/page"}],"author":[{"embeddable":true,"href":"https:\/\/whisky-francais.com\/index.php\/wp-json\/wp\/v2\/users\/1"}],"replies":[{"embeddable":true,"href":"https:\/\/whisky-francais.com\/index.php\/wp-json\/wp\/v2\/comments?post=129"}],"version-history":[{"count":16,"href":"https:\/\/whisky-francais.com\/index.php\/wp-json\/wp\/v2\/pages\/129\/revisions"}],"predecessor-version":[{"id":4152,"href":"https:\/\/whisky-francais.com\/index.php\/wp-json\/wp\/v2\/pages\/129\/revisions\/4152"}],"up":[{"embeddable":true,"href":"https:\/\/whisky-francais.com\/index.php\/wp-json\/wp\/v2\/pages\/56"}],"wp:attachment":[{"href":"https:\/\/whisky-francais.com\/index.php\/wp-json\/wp\/v2\/media?parent=129"}],"curies":[{"name":"wp","href":"https:\/\/api.w.org\/{rel}","templated":true}]}}