{"id":131,"date":"2017-02-17T18:05:56","date_gmt":"2017-02-17T17:05:56","guid":{"rendered":"http:\/\/whisky-francais.com\/?page_id=131"},"modified":"2017-07-21T18:30:49","modified_gmt":"2017-07-21T16:30:49","slug":"michard","status":"publish","type":"page","link":"https:\/\/whisky-francais.com\/index.php\/distilleries\/michard\/","title":{"rendered":"J.Michard"},"content":{"rendered":"<p>La brasserie Michard produit en toute discr\u00e9tion\u00a0un \u00a0whisky dans la r\u00e9gion Nouvelle-Aquitaine !<br \/>\nLa fermentation est une \u00e9tape cl\u00e9 de la production du whisky, et \u00e7a, J. Michard la bien compris, c&rsquo;est pourquoi la distillerie utilise des souches de levures vivantes cultiv\u00e9es localement !<br \/>\nLa distillerie n&#8217;embouteille que des singles casks \u00e0 43%\u00a0(vol.alcool).<\/p>\n<table class=\" aligncenter\">\n<tbody>\n<tr style=\"height: 48px;\">\n<td style=\"width: 191px; height: 48px;\">Statut<\/td>\n<td style=\"width: 787px; height: 48px;\">Produit et Commercialise son propre whisky<\/td>\n<\/tr>\n<tr style=\"height: 48px;\">\n<td style=\"width: 191px; height: 48px;\">Localisation<\/td>\n<td style=\"width: 787px; height: 48px;\">MICHARD EN VILLE 8 place Denis-Dussoubs 87000 LIMOGES<br \/>\nMICHARD \u00c0 L\u2019USINE 39 all\u00e9e de Faugeras 87100 LIMOGES<\/td>\n<\/tr>\n<tr style=\"height: 48px;\">\n<td style=\"width: 191px; height: 48px;\">Volume de Production<\/td>\n<td style=\"width: 787px; height: 48px;\"><\/td>\n<\/tr>\n<tr style=\"height: 24px;\">\n<td style=\"width: 191px; height: 24px;\">Dates Cl\u00e9s<\/td>\n<td style=\"width: 787px; height: 24px;\">1987 : La brasserie Michard ouvre ses portes \u00e0 Limoge.<br \/>\n2006 : La brasserie ce lance dans la production de whisky.<\/td>\n<\/tr>\n<tr style=\"height: 24px;\">\n<td style=\"width: 191px; height: 24px;\">Personnages Cl\u00e9s<\/td>\n<td style=\"width: 787px; height: 24px;\">Jean Michard (Fondateur)<br \/>\nJulie Michard (Fille de Jean )<\/td>\n<\/tr>\n<tr style=\"height: 24px;\">\n<td style=\"width: 191px; height: 24px;\">Gamme<\/td>\n<td style=\"width: 787px; height: 24px;\">Whisky J.Michard<\/td>\n<\/tr>\n<tr style=\"height: 24px;\">\n<td style=\"width: 191px; height: 24px;\">Eau<\/td>\n<td style=\"width: 787px; height: 24px;\">Eau d\u00e9min\u00e9ralis\u00e9e.<\/td>\n<\/tr>\n<tr style=\"height: 24px;\">\n<td style=\"width: 191px; height: 24px;\">C\u00e9r\u00e9ale(s)<\/td>\n<td style=\"width: 787px; height: 24px;\">Orge malt\u00e9e<\/td>\n<\/tr>\n<tr style=\"height: 24px;\">\n<td style=\"width: 191px; height: 24px;\">Fermentation\/Levures<\/td>\n<td style=\"width: 787px; height: 24px;\">Saccharomyces cerevisiae de plus de 100 ans cultiv\u00e9e localement.<\/td>\n<\/tr>\n<tr style=\"height: 24px;\">\n<td style=\"width: 191px; height: 24px;\">Alambics<\/td>\n<td style=\"width: 787px; height: 24px;\">Alambic\u00a0Holstein et Alambic \u00e0 colonne (depuis 2011)<\/td>\n<\/tr>\n<tr style=\"height: 24px;\">\n<td style=\"width: 191px; height: 24px;\">Distillation<\/td>\n<td style=\"width: 787px; height: 24px;\">Quatre passes. Le distillat\u00a0ne descend jamais en dessous de 80%. (Mise en f\u00fbts \u00e0 68%)<\/td>\n<\/tr>\n<tr style=\"height: 24px;\">\n<td style=\"width: 191px; height: 24px;\">Type de chai<\/td>\n<td style=\"width: 787px; height: 24px;\"><\/td>\n<\/tr>\n<tr style=\"height: 24px;\">\n<td style=\"width: 191px; height: 24px;\">F\u00fbt(s)<\/td>\n<td style=\"width: 787px; height: 24px;\">F\u00fbt de ch\u00eane du Limousin (x\u00e9r\u00e8s)<br \/>\nF\u00fbt ch\u00eane am\u00e9ricain (f\u00fbt de bourbon)<\/td>\n<\/tr>\n<tr style=\"height: 24px;\">\n<td style=\"width: 191px; height: 24px;\">Donn\u00e9es Territoriales<\/td>\n<td style=\"width: 787px; height: 24px;\">Climat chaud et temp\u00e9r\u00e9.<br \/>\nTemp\u00e9rature moyenne annuelle : 11.3 \u00b0C<br \/>\nMoyenne annuelles des pr\u00e9cipitations : 1059 mm.<\/td>\n<\/tr>\n<tr style=\"height: 24px;\">\n<td style=\"width: 191px; height: 24px;\">Notes<\/td>\n<td style=\"width: 787px; height: 24px;\"><\/td>\n<\/tr>\n<tr style=\"height: 24px;\">\n<td style=\"width: 191px; height: 24px;\">Site Web<\/td>\n<td style=\"width: 787px; height: 24px;\"><a href=\"http:\/\/www.bieres-michard.com\">http:\/\/www.bieres-michard.com<\/a><\/td>\n<\/tr>\n<\/tbody>\n<\/table>\n","protected":false},"excerpt":{"rendered":"<p>La brasserie Michard produit en toute discr\u00e9tion\u00a0un \u00a0whisky dans la r\u00e9gion Nouvelle-Aquitaine ! La fermentation est une \u00e9tape cl\u00e9 de<\/p>\n","protected":false},"author":1,"featured_media":985,"parent":56,"menu_order":0,"comment_status":"closed","ping_status":"closed","template":"","meta":{"jetpack_post_was_ever_published":false,"footnotes":""},"class_list":["post-131","page","type-page","status-publish","has-post-thumbnail","hentry"],"jetpack_sharing_enabled":true,"jetpack_shortlink":"https:\/\/wp.me\/P8oZPa-27","jetpack-related-posts":[{"id":987,"url":"https:\/\/whisky-francais.com\/index.php\/distilleries\/distillerie-du-castor\/","url_meta":{"origin":131,"position":0},"title":"Distillerie Artisanale du Castor","date":"24 avril 2017","format":false,"excerpt":"Le whisky St Patrick est un single malt artisanal de Moselle. Statut Produit et Commercialise son propre whisky Localisation \ud83d\udceb Distillerie Artisanale du Castor, Avenue de la Vall\u00e9e, 57870 Troisfontaines, France. Volume de Production Dates Cl\u00e9s 2012 : D\u00e9but de la production de whisky. Personnages Cl\u00e9s Patrick Bertin : directeur\u2026","rel":"","context":"Article similaire","img":{"alt_text":"","src":"","width":0,"height":0},"classes":[]},{"id":1753,"url":"https:\/\/whisky-francais.com\/index.php\/distilleries\/brunet\/","url_meta":{"origin":131,"position":1},"title":"Brunet","date":"12 juin 2017","format":false,"excerpt":"A l'origine, la Maison Brunet produit du Cognac. Aujourd'hui la production se diversifie avec du Whisky, et notamment Brenne Whisky. Statut Localisation Volume de Production Dates Cl\u00e9s Personnages Cl\u00e9s Gamme Eau C\u00e9r\u00e9ales Alambics Distillation Type de chai F\u00fbt(s) Donn\u00e9es Territoriales Notes Site Web","rel":"","context":"Article similaire","img":{"alt_text":"","src":"","width":0,"height":0},"classes":[]},{"id":6180,"url":"https:\/\/whisky-francais.com\/index.php\/distillerie-artisanale-jm-leisen\/","url_meta":{"origin":131,"position":2},"title":"Distillerie Artisanale JM LEISEN","date":"7 novembre 2021","format":false,"excerpt":"C\u2019est \u00e0 Malling, une petite commune fran\u00e7aise de 623 habitants situ\u00e9e dans le d\u00e9partement de la Moselle, que la distillerie LEISEN produit un whisky depuis 2012. Troisi\u00e8me et plus petite distillerie de whisky en Lorraine, la famille LEISEN a fait le choix de produire un whisky qui soit le reflet\u2026","rel":"","context":"Article similaire","img":{"alt_text":"","src":"","width":0,"height":0},"classes":[]},{"id":713,"url":"https:\/\/whisky-francais.com\/index.php\/distilleries\/claeyssens\/","url_meta":{"origin":131,"position":3},"title":"Claeyssens","date":"28 mars 2017","format":false,"excerpt":"C'est du haut de ses 200 ans d'existence que la distillerie Claeyssens s'est lanc\u00e9e dans la confection de whisky au cours des ann\u00e9es 2000. Forte d'un savoir-faire s\u00e9culaire, cette institution est un monument d'histoire nous rappelant la grande \u00e9poque de la distillation dans le Nord de la France. Statut Produit\u2026","rel":"","context":"Article similaire","img":{"alt_text":"Matthieu Acar, Xavier Brevet, Lilya Sekkal, d\u00e9gustation, whisky, acad\u00e9mie, masterclass, Paris, atelier, d\u00e9gustation, whisky","src":"https:\/\/i0.wp.com\/whisky-francais.com\/wp-content\/uploads\/2017\/03\/CLAEYSSENSFONTAINE.jpg?resize=350%2C200&ssl=1","width":350,"height":200},"classes":[]},{"id":576,"url":"https:\/\/whisky-francais.com\/index.php\/distilleries\/pertuis\/","url_meta":{"origin":131,"position":4},"title":"Pertuis","date":"15 mars 2017","format":false,"excerpt":"Statut Produit et Commercialise son propre whisky Localisation Bi\u00e8res de R\u00e9 et Distillerie du Perthuis 11 Zac des Cl\u00e9morinands \u2013 La Noue \u2013 Sainte-Marie de R\u00e9 Volume de Production Dates Cl\u00e9s Personnages Cl\u00e9s Gamme Whisky Pertuis \"single cask\" 70cl - 41,3\u00b0\/Vol Eau C\u00e9r\u00e9ale(s) Fermentation\/Levures Alambics Distillation Type de chai F\u00fbt(s)\u2026","rel":"","context":"Article similaire","img":{"alt_text":"","src":"","width":0,"height":0},"classes":[]},{"id":135,"url":"https:\/\/whisky-francais.com\/index.php\/distilleries\/brulerie-du-revermont\/","url_meta":{"origin":131,"position":5},"title":"Br\u00fblerie du Revermont","date":"17 f\u00e9vrier 2017","format":false,"excerpt":"La br\u00fblerie du Revermont produit un whisky ancr\u00e9 dans le terroir Jurassien. Le choix des f\u00fbts est une \u00e9tape capitale pour la distillerie, ces derniers doivent \u00eatre de premi\u00e8re qualit\u00e9 et remplis rapidement pour ne pas perdre en richesse aromatique. Ceci explique une production r\u00e9duite mais sacr\u00e9ment qualitative ! Statut\u2026","rel":"","context":"Article similaire","img":{"alt_text":"","src":"https:\/\/i0.wp.com\/whisky-francais.com\/wp-content\/uploads\/2017\/02\/b6a75a676e22c1c55bd21e4e997f4d0f.png?resize=350%2C200","width":350,"height":200},"classes":[]}],"_links":{"self":[{"href":"https:\/\/whisky-francais.com\/index.php\/wp-json\/wp\/v2\/pages\/131"}],"collection":[{"href":"https:\/\/whisky-francais.com\/index.php\/wp-json\/wp\/v2\/pages"}],"about":[{"href":"https:\/\/whisky-francais.com\/index.php\/wp-json\/wp\/v2\/types\/page"}],"author":[{"embeddable":true,"href":"https:\/\/whisky-francais.com\/index.php\/wp-json\/wp\/v2\/users\/1"}],"replies":[{"embeddable":true,"href":"https:\/\/whisky-francais.com\/index.php\/wp-json\/wp\/v2\/comments?post=131"}],"version-history":[{"count":5,"href":"https:\/\/whisky-francais.com\/index.php\/wp-json\/wp\/v2\/pages\/131\/revisions"}],"predecessor-version":[{"id":2320,"href":"https:\/\/whisky-francais.com\/index.php\/wp-json\/wp\/v2\/pages\/131\/revisions\/2320"}],"up":[{"embeddable":true,"href":"https:\/\/whisky-francais.com\/index.php\/wp-json\/wp\/v2\/pages\/56"}],"wp:featuredmedia":[{"embeddable":true,"href":"https:\/\/whisky-francais.com\/index.php\/wp-json\/wp\/v2\/media\/985"}],"wp:attachment":[{"href":"https:\/\/whisky-francais.com\/index.php\/wp-json\/wp\/v2\/media?parent=131"}],"curies":[{"name":"wp","href":"https:\/\/api.w.org\/{rel}","templated":true}]}}