{"id":133,"date":"2017-02-17T18:06:48","date_gmt":"2017-02-17T17:06:48","guid":{"rendered":"http:\/\/whisky-francais.com\/?page_id=133"},"modified":"2022-03-18T15:46:37","modified_gmt":"2022-03-18T14:46:37","slug":"domaine-mavela","status":"publish","type":"page","link":"https:\/\/whisky-francais.com\/index.php\/distilleries\/domaine-mavela\/","title":{"rendered":"Domaine Mavela"},"content":{"rendered":"<p><img loading=\"lazy\" decoding=\"async\" data-attachment-id=\"362\" data-permalink=\"https:\/\/whisky-francais.com\/index.php\/distilleries\/domaine-mavela\/pm\/\" data-orig-file=\"https:\/\/whisky-francais.com\/wp-content\/uploads\/2017\/02\/PM.png\" data-orig-size=\"85,66\" data-comments-opened=\"1\" data-image-meta=\"{&quot;aperture&quot;:&quot;0&quot;,&quot;credit&quot;:&quot;&quot;,&quot;camera&quot;:&quot;&quot;,&quot;caption&quot;:&quot;&quot;,&quot;created_timestamp&quot;:&quot;0&quot;,&quot;copyright&quot;:&quot;&quot;,&quot;focal_length&quot;:&quot;0&quot;,&quot;iso&quot;:&quot;0&quot;,&quot;shutter_speed&quot;:&quot;0&quot;,&quot;title&quot;:&quot;&quot;,&quot;orientation&quot;:&quot;0&quot;}\" data-image-title=\"P&#038;M 7 ans, P&#038;M Blend Sup\u00e9rieur, P&#038;M Vintage, Domaine Mavela, Pietra, Al\u00e9ria, Corse, Domaine Gentile, f\u00fbt de ch\u00eane Tron\u00e7ais, Jean Claude Venturini, Dominique Sialelli, alambic Holstein, whisky Fran\u00e7ais, French whiskyMatthieu Acar, Xavier Brevet, d\u00e9gustation, whisky, masterclass, Paris\" data-image-description=\"&lt;p&gt;P&#038;M 7 ans, P&#038;M Blend Sup\u00e9rieur, P&#038;M Vintage, Domaine Mavela, Pietra, Al\u00e9ria, Corse, Domaine Gentile, f\u00fbt de ch\u00eane Tron\u00e7ais, Jean Claude Venturini, Dominique Sialelli, alambic Holstein, whisky Fran\u00e7ais, French whiskyMatthieu Acar, Xavier Brevet, d\u00e9gustation, whisky, masterclass, Paris&lt;\/p&gt;\n\" data-image-caption=\"&lt;p&gt;P&#038;M 7 ans, P&#038;M Blend Sup\u00e9rieur, P&#038;M Vintage, Domaine Mavela, Pietra, Al\u00e9ria, Corse, Domaine Gentile, f\u00fbt de ch\u00eane Tron\u00e7ais, Jean Claude Venturini, Dominique Sialelli, alambic Holstein, whisky Fran\u00e7ais, French whiskyMatthieu Acar, Xavier Brevet, d\u00e9gustation, whisky, masterclass, Paris, atelier, d\u00e9gustation, whisky&lt;\/p&gt;\n\" data-medium-file=\"https:\/\/whisky-francais.com\/wp-content\/uploads\/2017\/02\/PM.png\" data-large-file=\"https:\/\/whisky-francais.com\/wp-content\/uploads\/2017\/02\/PM.png\" class=\"aligncenter wp-image-362 size-full\" src=\"https:\/\/whisky-francais.com\/wp-content\/uploads\/2017\/02\/PM.png\" width=\"85\" height=\"66\" \/><\/p>\n<p>C&rsquo;est en 1999 que Jean Claude Venturini (Domaine Mavela) et Dominique Sialelli (Brasserie Pietra) s&rsquo;associent et lancent le whisky P&amp;M. Aujourd&rsquo;hui entre les mains de Stefanu Venturini (fils de JC. Venturini), le Domaine Mavela prolonge son essor comme en t\u00e9moigne la demande toujours plus forte autour de ses whiskies.<\/p>\n<table>\n<tbody>\n<tr style=\"height: 41px;\">\n<td style=\"width: 202px; height: 41px;\">Statut<\/td>\n<td style=\"width: 507px; height: 41px;\">Produit et Commercialise son propre whisky<\/td>\n<\/tr>\n<tr style=\"height: 70px;\">\n<td style=\"width: 202px; height: 70px;\">Localisation<\/td>\n<td style=\"width: 507px; height: 70px;\">U Licettu, 20270 Al\u00e9ria, France<br \/>\n9\u00b027&rsquo;23\u00a0\u00bb E \/ 42\u00b05&rsquo;3\u00a0\u00bb N<\/td>\n<\/tr>\n<tr style=\"height: 41px;\">\n<td style=\"width: 202px; height: 41px;\">Volume de Production<\/td>\n<td style=\"width: 507px; height: 41px;\"><\/td>\n<\/tr>\n<tr style=\"height: 250px;\">\n<td style=\"width: 202px; height: 250px;\">Dates Cl\u00e9s<\/td>\n<td style=\"width: 507px; height: 250px;\">1996 : cr\u00e9ation de la distillerie<\/p>\n<p>1999 : J. C. Venturini et D. Sialelli confectionnent le 1er P&amp;M<\/p>\n<p>2005 : 1\u00e8re commercialisation des whiskies P&amp;M<\/td>\n<\/tr>\n<tr style=\"height: 167px;\">\n<td style=\"width: 202px; height: 167px;\">Personnages Cl\u00e9s<\/td>\n<td style=\"width: 507px; height: 167px;\"><strong>Jean Claude Venturini<\/strong> : fondateur<\/p>\n<p><strong>Stefanu Venturini<\/strong> : actuel dirigeant et ma\u00eetre distillateur<\/td>\n<\/tr>\n<tr style=\"height: 99.5px;\">\n<td style=\"width: 202px; height: 99.5px;\">Gamme<\/td>\n<td style=\"width: 507px; height: 99.5px;\"><a href=\"https:\/\/whisky-francais.com\/index.php\/2017\/03\/07\/505\/\">\ud83e\udd43 P&amp;M Single Malt 7 ans<\/a><\/p>\n<p><a href=\"https:\/\/whisky-francais.com\/index.php\/2017\/11\/09\/pm-esprit-de-corse-vintage-40-distillerie-mavela-brasserie-pietra\/\">\ud83e\udd43 P&amp;M Esprit de Corse Vintage 40%<\/a><\/p>\n<p>\ud83e\udd43 P&amp;M Blend Sup\u00e9rieur<\/p>\n<p><a href=\"https:\/\/whisky-francais.com\/index.php\/2018\/06\/02\/pm-red-oak-42\/\">\ud83e\udd43 P&amp;M Red Oak 42%<\/a><\/p>\n<p><a href=\"https:\/\/whisky-francais.com\/index.php\/2018\/05\/12\/pm-single-malt-tourbe-42\/\">\ud83e\udd43 P&amp;M Single Malt Tourb\u00e9 42%<\/a><\/td>\n<\/tr>\n<tr style=\"height: 41px;\">\n<td style=\"width: 202px; height: 41px;\">Eau<\/td>\n<td style=\"width: 507px; height: 41px;\">Eau du Col Saint Georges<\/td>\n<\/tr>\n<tr style=\"height: 41px;\">\n<td style=\"width: 202px; height: 41px;\">C\u00e9r\u00e9ale(s)<\/td>\n<td style=\"width: 507px; height: 41px;\">\ud83c\udf3e <strong>Orge<\/strong><\/td>\n<\/tr>\n<tr style=\"height: 41px;\">\n<td style=\"width: 202px; height: 41px;\">Levures<\/td>\n<td style=\"width: 507px; height: 41px;\"><\/td>\n<\/tr>\n<tr style=\"height: 41px;\">\n<td style=\"width: 202px; height: 41px;\">Alambic<\/td>\n<td style=\"width: 507px; height: 41px;\"><a href=\"https:\/\/a-holstein.de\/fr\" target=\"_blank\" rel=\"noopener\">Arnold Holstein<\/a><\/td>\n<\/tr>\n<tr style=\"height: 41px;\">\n<td style=\"width: 202px; height: 41px;\">Distillation<\/td>\n<td style=\"width: 507px; height: 41px;\">Distillation simple<\/td>\n<\/tr>\n<tr style=\"height: 41px;\">\n<td style=\"width: 202px; height: 41px;\">Type de Chai<\/td>\n<td style=\"width: 507px; height: 41px;\"><\/td>\n<\/tr>\n<tr style=\"height: 186px;\">\n<td style=\"width: 202px; height: 186px;\">F\u00fbts<\/td>\n<td style=\"width: 507px; height: 186px;\">Ex-f\u00fbts de :\ud83c\udf47 <strong>Vins Corses<\/strong> (Patrimonio)<br \/>\n\ud83c\udf47 <strong>Muscat<\/strong><br \/>\n\ud83c\udf47 <strong>Sauternes<\/strong><br \/>\n\ud83c\udf47 <strong>Graves Blanc<\/strong><\/p>\n<p>Mais aussi de :<\/p>\n<ul>\n<li><strong>Marc de Vermouth<\/strong><\/li>\n<li><strong>Eau-de-vie de ch\u00e2taigne<\/strong><\/li>\n<\/ul>\n<\/td>\n<\/tr>\n<tr style=\"height: 70px;\">\n<td style=\"width: 202px; height: 70px;\">Donn\u00e9es Territoriales<\/td>\n<td style=\"width: 507px; height: 70px;\"><strong>Climat\u00a0<\/strong>: M\u00e9diterran\u00e9en<strong>Altitude\u00a0<\/strong>: 38m<\/td>\n<\/tr>\n<tr style=\"height: 41px;\">\n<td style=\"width: 202px; height: 41px;\">Notes<\/td>\n<td style=\"width: 507px; height: 41px;\"><\/td>\n<\/tr>\n<tr style=\"height: 41px;\">\n<td style=\"width: 202px; height: 41px;\">Site Web<\/td>\n<td style=\"width: 507px; height: 41px;\"><a href=\"http:\/\/www.domaine-mavela.com\/\" target=\"blank\" rel=\"noopener\">http:\/\/www.domaine-mavela.com\/<\/a><\/td>\n<\/tr>\n<\/tbody>\n<\/table>\n<p>P&amp;M a acquis une reconnaissance internationale suite \u00e0 l&rsquo;obtention\u00a0par son Single Malt 7 ans d&rsquo;un 95\/100 \u00a0dans la \u00ab\u00a0Whisky Bible\u00a0\u00bb de Jim Murray (\u00e9dition 2014).<\/p>\n<figure id=\"attachment_363\" aria-describedby=\"caption-attachment-363\" style=\"width: 607px\" class=\"wp-caption alignleft\"><img loading=\"lazy\" decoding=\"async\" data-attachment-id=\"363\" data-permalink=\"https:\/\/whisky-francais.com\/index.php\/distilleries\/domaine-mavela\/pm2\/\" data-orig-file=\"https:\/\/whisky-francais.com\/wp-content\/uploads\/2017\/02\/PM2.png\" data-orig-size=\"607,403\" data-comments-opened=\"1\" data-image-meta=\"{&quot;aperture&quot;:&quot;0&quot;,&quot;credit&quot;:&quot;&quot;,&quot;camera&quot;:&quot;&quot;,&quot;caption&quot;:&quot;&quot;,&quot;created_timestamp&quot;:&quot;0&quot;,&quot;copyright&quot;:&quot;&quot;,&quot;focal_length&quot;:&quot;0&quot;,&quot;iso&quot;:&quot;0&quot;,&quot;shutter_speed&quot;:&quot;0&quot;,&quot;title&quot;:&quot;&quot;,&quot;orientation&quot;:&quot;0&quot;}\" data-image-title=\"P&#038;M 7 ans, P&#038;M Blend Sup\u00e9rieur, P&#038;M Vintage, Domaine Mavela, Pietra, Al\u00e9ria, Corse, Domaine Gentile, f\u00fbt de ch\u00eane Tron\u00e7ais, Jean Claude Venturini, Dominique Sialelli, alambic Holstein, whisky Fran\u00e7ais, French whiskyMatthieu Acar, Xavier Brevet, d\u00e9gustation, whisky, masterclass, Paris\" data-image-description=\"&lt;p&gt;P&#038;M 7 ans, P&#038;M Blend Sup\u00e9rieur, P&#038;M Vintage, Domaine Mavela, Pietra, Al\u00e9ria, Corse, Domaine Gentile, f\u00fbt de ch\u00eane Tron\u00e7ais, Jean Claude Venturini, Dominique Sialelli, alambic Holstein, whisky Fran\u00e7ais, French whiskyMatthieu Acar, Xavier Brevet, d\u00e9gustation, whisky, masterclass, Paris&lt;\/p&gt;\n\" data-image-caption=\"&lt;p&gt;P&#038;M 7 ans, P&#038;M Blend Sup\u00e9rieur, P&#038;M Vintage, Domaine Mavela, Pietra, Al\u00e9ria, Corse, Domaine Gentile, f\u00fbt de ch\u00eane Tron\u00e7ais, Jean Claude Venturini, Dominique Sialelli, alambic Holstein, whisky Fran\u00e7ais, French whiskyMatthieu Acar, Xavier Brevet, d\u00e9gustation, whisky, masterclass, Paris, atelier, d\u00e9gustation, whisky&lt;\/p&gt;\n\" data-medium-file=\"https:\/\/whisky-francais.com\/wp-content\/uploads\/2017\/02\/PM2-300x199.png\" data-large-file=\"https:\/\/whisky-francais.com\/wp-content\/uploads\/2017\/02\/PM2.png\" class=\"wp-image-363 size-full\" src=\"https:\/\/whisky-francais.com\/wp-content\/uploads\/2017\/02\/PM2.png\" width=\"607\" height=\"403\" srcset=\"https:\/\/whisky-francais.com\/wp-content\/uploads\/2017\/02\/PM2.png 607w, https:\/\/whisky-francais.com\/wp-content\/uploads\/2017\/02\/PM2-300x199.png 300w, https:\/\/whisky-francais.com\/wp-content\/uploads\/2017\/02\/PM2-407x270.png 407w\" sizes=\"(max-width: 607px) 100vw, 607px\" \/><figcaption id=\"caption-attachment-363\" class=\"wp-caption-text\">Cr\u00e9dit Photo: France Quintessence<\/figcaption><\/figure>\n","protected":false},"excerpt":{"rendered":"<p>C&rsquo;est en 1999 que Jean Claude Venturini (Domaine Mavela) et Dominique Sialelli (Brasserie Pietra) s&rsquo;associent et lancent le whisky P&amp;M.<\/p>\n","protected":false},"author":1,"featured_media":0,"parent":56,"menu_order":0,"comment_status":"closed","ping_status":"closed","template":"","meta":{"jetpack_post_was_ever_published":false,"footnotes":""},"class_list":["post-133","page","type-page","status-publish","hentry"],"jetpack_sharing_enabled":true,"jetpack_shortlink":"https:\/\/wp.me\/P8oZPa-29","jetpack-related-posts":[{"id":56,"url":"https:\/\/whisky-francais.com\/index.php\/distilleries\/","url_meta":{"origin":133,"position":0},"title":"Producteurs \/ Distilleries","date":"11 f\u00e9vrier 2017","format":false,"excerpt":"Auvergne-Rh\u00f4ne-Alpes Distillerie du Drac Distillerie des Bughes Distillerie du Vercors Domaine des Hautes Glaces Distillerie des Hautes Terres AlpSpirits (ferm\u00e9e) Monsieur Balthazar Mont Blanc Ninkasi O\u2019Baptiste (Ne produit plus de whisky) Bourgogne-Franche-Comt\u00e9 Br\u00fblerie du Revermont Michel Couvreur Rouget de Lisle Bretagne La Bambelle Distillerie des Menhirs Distillerie FDC (Bale Bro)\u2026","rel":"","context":"Article similaire","img":{"alt_text":"","src":"","width":0,"height":0},"classes":[]},{"id":5784,"url":"https:\/\/whisky-francais.com\/index.php\/distilleries\/domaine-valentin-zusslin\/","url_meta":{"origin":133,"position":1},"title":"Domaine Valentin Zusslin","date":"30 janvier 2021","format":false,"excerpt":"Le Domaine Valentin Zusslin, connu pour la qualit\u00e9 de ses vins certifi\u00e9s \"biodynamie\" et pour son souci de l\u2019environnement, produit \u00e9galement des eaux-de-vie et depuis peu, un whisky ! Situ\u00e9 \u00e0 Orschwihr en Alsace, le domaine poss\u00e8de une histoire riche de plus de trois si\u00e8cles, dans laquelle la distillation occupe\u2026","rel":"","context":"Article similaire","img":{"alt_text":"","src":"https:\/\/i0.wp.com\/whisky-francais.com\/wp-content\/uploads\/2021\/01\/backslide-zusslin-8-1781x600-1.jpg?resize=350%2C200","width":350,"height":200},"classes":[]},{"id":1893,"url":"https:\/\/whisky-francais.com\/index.php\/distilleries\/domaine-de-bourjac\/","url_meta":{"origin":133,"position":2},"title":"Domaine de Bourjac","date":"21 juin 2017","format":false,"excerpt":"Perch\u00e9 \u00e0 350 m\u00e8tres d'altitude dans l\u2019Aveyron, le Domaine de Bourjac a d'abord produit du vin et des ap\u00e9ritifs (Pastis, Ch\u00e2taigne, Prunelle, etc.) avant de signer un whisky artisanal de grande qualit\u00e9 ! Autodidacte et amateur de spiritueux - et plus particuli\u00e8rement de whisky tourb\u00e9 - Olivier Toulouse entreprend d\u00e8s\u2026","rel":"","context":"Article similaire","img":{"alt_text":"Domaine de Bourjac, Broqui\u00e8s, Olivier Toulouse, DDB 3 ans tou&dy, DDB 3 ans Chat Teigne, f\u00fbt par f\u00fbt, double distillation, orge malt\u00e9e biologique, culture raisonn\u00e9e, conduite raisonn\u00e9e, bruy\u00e8re, tourbe, alambic charentais, chauffe au bois, double distillation, f\u00fbt de ch\u00eane, ap\u00e9ritif, domaine, whisky Fran\u00e7ais, French Whisky, malt, whisky France, Passerelles, H\u00f4tel Parister, organiser, d\u00e9gustation, whisky, paris, priv\u00e9e, entreprise, \u00e9v\u00e9nement, masterclass, Matthieu Acar, Xavier Brevet, Lilya Sekkal, d\u00e9gustation, whisky, acad\u00e9mie, masterclass, Paris, atelier, d\u00e9gustation, whisky","src":"https:\/\/i0.wp.com\/whisky-francais.com\/wp-content\/uploads\/2017\/06\/logo-ddb-domaine-de-bourjac-1.png?resize=350%2C200&ssl=1","width":350,"height":200},"classes":[]},{"id":7367,"url":"https:\/\/whisky-francais.com\/index.php\/domaine-de-la-peze\/","url_meta":{"origin":133,"position":3},"title":"Domaine de la P\u00e8ze","date":"2 ao\u00fbt 2024","format":false,"excerpt":"L\u2019histoire commence lorsque Charles, travaillant dans le domaine viticole \u00e0 l\u2019export revient du Cambodge en 2018 avec l\u2019intention de diversifier les activit\u00e9s du domaine Familial. \u00c0 cette \u00e9poque, le domaine de la P\u00e8ze est avant tout consacr\u00e9 \u00e0 l\u2019\u00e9levage de daim mais, afin d\u2019\u00eatre autonome en fourrage et en alimentation\u2026","rel":"","context":"Article similaire","img":{"alt_text":"","src":"https:\/\/i0.wp.com\/whisky-francais.com\/wp-content\/uploads\/2024\/08\/Domaine-de-la-peze-whisky-francais-de-terroir.jpg?resize=350%2C200&ssl=1","width":350,"height":200},"classes":[]},{"id":2,"url":"https:\/\/whisky-francais.com\/index.php\/distilleries\/dmg\/","url_meta":{"origin":133,"position":4},"title":"Domaine des Hautes Glaces","date":"9 f\u00e9vrier 2017","format":false,"excerpt":"Le Domaine des Hautes Glaces est une ferme-distillerie fran\u00e7aise perch\u00e9e \u00e0 quelque 896 m\u00e8tres d'altitude, dans une batisse construite il y a de cela 400 ans par un alchimiste du coin. Un lieu pr\u00e9destin\u00e9 \u00e0 la fabrication d'eau-de-vie donc ! Statut Produit et Commercialise son propre whisky Localisation Domaine des\u2026","rel":"","context":"Article similaire","img":{"alt_text":"Le domaine des hautes glaces","src":"https:\/\/i0.wp.com\/whisky-francais.com\/wp-content\/uploads\/2017\/02\/distillerie-whisky-bio-06.jpg?resize=350%2C200","width":350,"height":200},"classes":[]},{"id":3810,"url":"https:\/\/whisky-francais.com\/index.php\/distilleries\/domaine-mabillot\/","url_meta":{"origin":133,"position":5},"title":"Domaine Mabillot","date":"2 novembre 2018","format":false,"excerpt":"\u00c0 l\u2019origine producteur de c\u00e9r\u00e9ales, Le Domaine Mabillot diversifie son activit\u00e9 dans les ann\u00e9es 1990 en acqu\u00e9rant un vignoble situ\u00e9 au c\u0153ur de l\u2019appellation Reuilly. C\u2019est sous l\u2019impulsion de Matthieu et Renaud \u2013 fils du fondateur \u2013 que le Domaine entame un nouveau chapitre en 2018 en s\u2019\u00e9quipant d\u2019un alambic\u2026","rel":"","context":"Article similaire","img":{"alt_text":"Domaine Mabillot, Sainte Lizaigne, Centre-Val de Loire, France, Reuilly, Renaud Mabillot, Matthieu Mabillot, ferme-distillerie, distillerie, orge, Holstein, whisky Fran\u00e7ais, French whisky, whisky, d\u00e9gustation, Matthieu Acar, Xavier Brevet, Lilya Sekkal, masterclass, Paris, atelier.","src":"https:\/\/i0.wp.com\/whisky-francais.com\/wp-content\/uploads\/2018\/11\/MABILLOT.jpg?resize=350%2C200&ssl=1","width":350,"height":200},"classes":[]}],"_links":{"self":[{"href":"https:\/\/whisky-francais.com\/index.php\/wp-json\/wp\/v2\/pages\/133"}],"collection":[{"href":"https:\/\/whisky-francais.com\/index.php\/wp-json\/wp\/v2\/pages"}],"about":[{"href":"https:\/\/whisky-francais.com\/index.php\/wp-json\/wp\/v2\/types\/page"}],"author":[{"embeddable":true,"href":"https:\/\/whisky-francais.com\/index.php\/wp-json\/wp\/v2\/users\/1"}],"replies":[{"embeddable":true,"href":"https:\/\/whisky-francais.com\/index.php\/wp-json\/wp\/v2\/comments?post=133"}],"version-history":[{"count":11,"href":"https:\/\/whisky-francais.com\/index.php\/wp-json\/wp\/v2\/pages\/133\/revisions"}],"predecessor-version":[{"id":6309,"href":"https:\/\/whisky-francais.com\/index.php\/wp-json\/wp\/v2\/pages\/133\/revisions\/6309"}],"up":[{"embeddable":true,"href":"https:\/\/whisky-francais.com\/index.php\/wp-json\/wp\/v2\/pages\/56"}],"wp:attachment":[{"href":"https:\/\/whisky-francais.com\/index.php\/wp-json\/wp\/v2\/media?parent=133"}],"curies":[{"name":"wp","href":"https:\/\/api.w.org\/{rel}","templated":true}]}}