{"id":135,"date":"2017-02-17T18:07:51","date_gmt":"2017-02-17T17:07:51","guid":{"rendered":"http:\/\/whisky-francais.com\/?page_id=135"},"modified":"2019-02-05T18:40:39","modified_gmt":"2019-02-05T17:40:39","slug":"brulerie-du-revermont","status":"publish","type":"page","link":"https:\/\/whisky-francais.com\/index.php\/distilleries\/brulerie-du-revermont\/","title":{"rendered":"Br\u00fblerie du Revermont"},"content":{"rendered":"<p><img loading=\"lazy\" decoding=\"async\" data-attachment-id=\"670\" data-permalink=\"https:\/\/whisky-francais.com\/index.php\/distilleries\/gilbert-holl\/certifie\/\" data-orig-file=\"https:\/\/whisky-francais.com\/wp-content\/uploads\/2017\/02\/certifie.jpg\" data-orig-size=\"125,125\" data-comments-opened=\"1\" data-image-meta=\"{&quot;aperture&quot;:&quot;0&quot;,&quot;credit&quot;:&quot;&quot;,&quot;camera&quot;:&quot;&quot;,&quot;caption&quot;:&quot;&quot;,&quot;created_timestamp&quot;:&quot;0&quot;,&quot;copyright&quot;:&quot;&quot;,&quot;focal_length&quot;:&quot;0&quot;,&quot;iso&quot;:&quot;0&quot;,&quot;shutter_speed&quot;:&quot;0&quot;,&quot;title&quot;:&quot;&quot;,&quot;orientation&quot;:&quot;1&quot;}\" data-image-title=\"Whisky Fran\u00e7ais &#8211; French Whisky, Matthieu Acar, Xavier Brevet, d\u00e9gustation, whisky, masterclass, Paris\" data-image-description=\"&lt;p&gt;Whisky Fran\u00e7ais &#8211; French Whisky, Matthieu Acar, Xavier Brevet, d\u00e9gustation, whisky, masterclass, Paris&lt;\/p&gt;\n\" data-image-caption=\"&lt;p&gt;Whisky Fran\u00e7ais &#8211; French Whisky, Matthieu Acar, Xavier Brevet, d\u00e9gustation, whisky, masterclass, Paris, atelier, d\u00e9gustation, whisky&lt;\/p&gt;\n\" data-medium-file=\"https:\/\/whisky-francais.com\/wp-content\/uploads\/2017\/02\/certifie.jpg\" data-large-file=\"https:\/\/whisky-francais.com\/wp-content\/uploads\/2017\/02\/certifie.jpg\" class=\"alignnone size-full wp-image-670 aligncenter\" src=\"https:\/\/whisky-francais.com\/wp-content\/uploads\/2017\/02\/certifie.jpg\" alt=\"\" width=\"125\" height=\"125\" srcset=\"https:\/\/whisky-francais.com\/wp-content\/uploads\/2017\/02\/certifie.jpg 125w, https:\/\/whisky-francais.com\/wp-content\/uploads\/2017\/02\/certifie-32x32.jpg 32w, https:\/\/whisky-francais.com\/wp-content\/uploads\/2017\/02\/certifie-50x50.jpg 50w, https:\/\/whisky-francais.com\/wp-content\/uploads\/2017\/02\/certifie-64x64.jpg 64w, https:\/\/whisky-francais.com\/wp-content\/uploads\/2017\/02\/certifie-96x96.jpg 96w\" sizes=\"(max-width: 125px) 100vw, 125px\" \/><\/p>\n<p>La br\u00fblerie du Revermont produit un whisky ancr\u00e9 dans le terroir Jurassien.<\/p>\n<p>Le choix des f\u00fbts est une \u00e9tape capitale pour la distillerie, ces derniers doivent \u00eatre de premi\u00e8re qualit\u00e9 et remplis rapidement pour ne pas perdre en richesse aromatique. Ceci explique une production r\u00e9duite mais sacr\u00e9ment qualitative !<\/p>\n<table class=\" aligncenter\">\n<tbody>\n<tr style=\"height: 48px;\">\n<td style=\"width: 191px; height: 48px;\">Statut<\/td>\n<td style=\"width: 787px; height: 48px;\">Produit et Commercialise son propre whisky<\/td>\n<\/tr>\n<tr style=\"height: 48px;\">\n<td style=\"width: 191px; height: 48px;\">Localisation<\/td>\n<td style=\"width: 787px; height: 48px;\">Br\u00fblerie du Revermont<br \/>\nRue du Moulin, 39210 Nevy sur Seille, France.<\/td>\n<\/tr>\n<tr style=\"height: 48px;\">\n<td style=\"width: 191px; height: 48px;\">Volume de Production<\/td>\n<td style=\"width: 787px; height: 48px;\">Confidentiel (&lt;10.000 cols\/an)<\/td>\n<\/tr>\n<tr style=\"height: 24px;\">\n<td style=\"width: 191px; height: 24px;\">Dates Cl\u00e9s<\/td>\n<td style=\"width: 787px; height: 24px;\">2007, d\u00e9but de la production de whisky<\/td>\n<\/tr>\n<tr style=\"height: 24px;\">\n<td style=\"width: 191px; height: 24px;\">Personnages Cl\u00e9s<\/td>\n<td style=\"width: 787px; height: 24px;\">Pascal Tissot (fondateur)<\/td>\n<\/tr>\n<tr style=\"height: 24px;\">\n<td style=\"width: 191px; height: 24px;\">Gamme<\/td>\n<td style=\"width: 787px; height: 24px;\"><a href=\"https:\/\/whisky-francais.com\/index.php\/2017\/04\/21\/prohibition-fut-de-macvin-41\/\">\ud83e\udd43 Prohibition (f\u00fbt de Macvin, 41%)<br \/>\n<\/a><br \/>\n<a href=\"https:\/\/whisky-francais.com\/index.php\/2017\/04\/17\/prohibition-fut-de-vin-de-paille-41-2\/\">\ud83e\udd43 Prohibition (f\u00fbt de vin de paille, 41%)<br \/>\n<\/a><br \/>\n<a href=\"https:\/\/whisky-francais.com\/index.php\/2017\/04\/19\/prohibition-fut-de-vin-jaune-41\/\">\ud83e\udd43 Prohibition (f\u00fbt de vin jaune, 41%)<br \/>\n<\/a><br \/>\n<a href=\"https:\/\/whisky-francais.com\/index.php\/2017\/04\/20\/prohibition-fut-de-trousseau-41\/\">\ud83e\udd43 Prohibition (f\u00fbt de Trousseau, 41%)<\/a><\/td>\n<\/tr>\n<tr style=\"height: 24px;\">\n<td style=\"width: 191px; height: 24px;\">Eau<\/td>\n<td style=\"width: 787px; height: 24px;\">Brassin du Loiret, eau de nappe phr\u00e9atique<\/td>\n<\/tr>\n<tr style=\"height: 24px;\">\n<td style=\"width: 191px; height: 24px;\">C\u00e9r\u00e9ales<\/td>\n<td style=\"width: 787px; height: 24px;\">\ud83c\udf3e Orge malt\u00e9e<\/td>\n<\/tr>\n<tr style=\"height: 24px;\">\n<td style=\"width: 191px; height: 24px;\">Alambics<\/td>\n<td style=\"width: 787px; height: 24px;\"><a href=\"https:\/\/whisky-francais.com\/index.php\/2017\/04\/18\/lalambic-blavier-de-la-brulerie-du-revermont\/\">Alambic \u00e0 vase de type Blavier<\/a>.<br \/>\nAchet\u00e9 \u00e0 la foire de Lyon en 1923.<br \/>\nOriginellement destin\u00e9 \u00e0 Grasse pour la distillation de la lavande.<br \/>\nParticularit\u00e9: anneaux de raschig en c\u00e9ramique plac\u00e9s dans la colonne.<\/td>\n<\/tr>\n<tr style=\"height: 24px;\">\n<td style=\"width: 191px; height: 24px;\">Distillation<\/td>\n<td style=\"width: 787px; height: 24px;\">1 seule distillation<\/td>\n<\/tr>\n<tr style=\"height: 24px;\">\n<td style=\"width: 191px; height: 24px;\">Type(s) de chai<\/td>\n<td style=\"width: 787px; height: 24px;\"><\/td>\n<\/tr>\n<tr style=\"height: 24px;\">\n<td style=\"width: 191px; height: 24px;\">F\u00fbts<\/td>\n<td style=\"width: 787px; height: 24px;\">Ex-f\u00fbts de :<\/p>\n<p>\ud83c\udf47 Macvin<br \/>\n\ud83c\udf47 Vin de paille<br \/>\n\ud83c\udf47 Vin jaune<br \/>\n\ud83c\udf47 Trousseau<\/td>\n<\/tr>\n<tr style=\"height: 24px;\">\n<td style=\"width: 191px; height: 24px;\">Donn\u00e9es Territoriales<\/td>\n<td style=\"width: 787px; height: 24px;\">La commune de Nevy-sur-Seille a connu 832 millim\u00e8tres de pluie en 2016 (moyenne nationale de 519 millim\u00e8tres de pr\u00e9cipitations pour les villes).<\/td>\n<\/tr>\n<tr style=\"height: 24px;\">\n<td style=\"width: 191px; height: 24px;\">Notes<\/td>\n<td style=\"width: 787px; height: 24px;\"><\/td>\n<\/tr>\n<tr style=\"height: 24px;\">\n<td style=\"width: 191px; height: 24px;\">Site Web<\/td>\n<td style=\"width: 787px; height: 24px;\"><a href=\"http:\/\/www.marielouisetissot-levin.com\/\" target=\"blank\">marielouisetissot-levin.com<\/a><\/td>\n<\/tr>\n<\/tbody>\n<\/table>\n<figure id=\"attachment_556\" aria-describedby=\"caption-attachment-556\" style=\"width: 622px\" class=\"wp-caption alignnone\"><img loading=\"lazy\" decoding=\"async\" data-attachment-id=\"556\" data-permalink=\"https:\/\/whisky-francais.com\/index.php\/distilleries\/brulerie-du-revermont\/b6a75a676e22c1c55bd21e4e997f4d0f\/\" data-orig-file=\"https:\/\/whisky-francais.com\/wp-content\/uploads\/2017\/02\/b6a75a676e22c1c55bd21e4e997f4d0f.png\" data-orig-size=\"622,248\" data-comments-opened=\"1\" data-image-meta=\"{&quot;aperture&quot;:&quot;0&quot;,&quot;credit&quot;:&quot;&quot;,&quot;camera&quot;:&quot;&quot;,&quot;caption&quot;:&quot;&quot;,&quot;created_timestamp&quot;:&quot;0&quot;,&quot;copyright&quot;:&quot;&quot;,&quot;focal_length&quot;:&quot;0&quot;,&quot;iso&quot;:&quot;0&quot;,&quot;shutter_speed&quot;:&quot;0&quot;,&quot;title&quot;:&quot;&quot;,&quot;orientation&quot;:&quot;0&quot;}\" data-image-title=\"Whisky Fran\u00e7ais, French Whisky, Br\u00fblerie du Revermont, Single Malt, Single Barrel, Jura, Nevy-sur-Seille,  malt, Prohibition F\u00fbt de Trousseau, Br\u00fblerie du Revermont, Prohibition Macvin, Prohibition Vin Jaune, Prohibition Trousseau, Prohibition Vin de Paille, Pascal Tissot, alambic \u00e0 vase blavier, Matthieu Acar, Xavier Brevet, d\u00e9gustation, whisky, masterclass, Paris\" data-image-description=\"&lt;p&gt;Whisky Fran\u00e7ais, French Whisky, Br\u00fblerie du Revermont, Single Malt, Single Barrel, Jura, Nevy-sur-Seille,  malt, Prohibition F\u00fbt de Trousseau, Br\u00fblerie du Revermont, Prohibition Macvin, Prohibition Vin Jaune, Prohibition Trousseau, Prohibition Vin de Paille, Pascal Tissot, alambic \u00e0 vase blavier, Matthieu Acar, Xavier Brevet, d\u00e9gustation, whisky, masterclass, Paris&lt;\/p&gt;\n\" data-image-caption=\"&lt;p&gt;Whisky Fran\u00e7ais, French Whisky, Br\u00fblerie du Revermont, Single Malt, Single Barrel, Jura, Nevy-sur-Seille,  malt, Prohibition F\u00fbt de Trousseau, Br\u00fblerie du Revermont, Prohibition Macvin, Prohibition Vin Jaune, Prohibition Trousseau, Prohibition Vin de Paille, Pascal Tissot, alambic \u00e0 vase blavier, Matthieu Acar, Xavier Brevet, d\u00e9gustation, whisky, masterclass, Paris, atelier, d\u00e9gustation, whisky&lt;\/p&gt;\n\" data-medium-file=\"https:\/\/whisky-francais.com\/wp-content\/uploads\/2017\/02\/b6a75a676e22c1c55bd21e4e997f4d0f-300x120.png\" data-large-file=\"https:\/\/whisky-francais.com\/wp-content\/uploads\/2017\/02\/b6a75a676e22c1c55bd21e4e997f4d0f.png\" class=\"size-full wp-image-556\" src=\"https:\/\/whisky-francais.com\/wp-content\/uploads\/2017\/02\/b6a75a676e22c1c55bd21e4e997f4d0f.png\" alt=\"\" width=\"622\" height=\"248\" srcset=\"https:\/\/whisky-francais.com\/wp-content\/uploads\/2017\/02\/b6a75a676e22c1c55bd21e4e997f4d0f.png 622w, https:\/\/whisky-francais.com\/wp-content\/uploads\/2017\/02\/b6a75a676e22c1c55bd21e4e997f4d0f-300x120.png 300w, https:\/\/whisky-francais.com\/wp-content\/uploads\/2017\/02\/b6a75a676e22c1c55bd21e4e997f4d0f-604x241.png 604w\" sizes=\"(max-width: 622px) 100vw, 622px\" \/><figcaption id=\"caption-attachment-556\" class=\"wp-caption-text\">Cr\u00e9dit photo : cdn.sit.franche-comte.org<\/figcaption><\/figure>\n","protected":false},"excerpt":{"rendered":"<p>La br\u00fblerie du Revermont produit un whisky ancr\u00e9 dans le terroir Jurassien. Le choix des f\u00fbts est une \u00e9tape capitale<\/p>\n","protected":false},"author":1,"featured_media":0,"parent":56,"menu_order":0,"comment_status":"closed","ping_status":"closed","template":"","meta":{"jetpack_post_was_ever_published":false,"footnotes":""},"class_list":["post-135","page","type-page","status-publish","hentry"],"jetpack_sharing_enabled":true,"jetpack_shortlink":"https:\/\/wp.me\/P8oZPa-2b","jetpack-related-posts":[{"id":56,"url":"https:\/\/whisky-francais.com\/index.php\/distilleries\/","url_meta":{"origin":135,"position":0},"title":"Producteurs \/ Distilleries","date":"11 f\u00e9vrier 2017","format":false,"excerpt":"Auvergne-Rh\u00f4ne-Alpes Distillerie du Drac Distillerie des Bughes Distillerie du Vercors Domaine des Hautes Glaces Distillerie des Hautes Terres AlpSpirits (ferm\u00e9e) Monsieur Balthazar Mont Blanc Ninkasi O\u2019Baptiste (Ne produit plus de whisky) Bourgogne-Franche-Comt\u00e9 Br\u00fblerie du Revermont Michel Couvreur Rouget de Lisle Bretagne La Bambelle Distillerie des Menhirs Distillerie FDC (Bale Bro)\u2026","rel":"","context":"Article similaire","img":{"alt_text":"","src":"","width":0,"height":0},"classes":[]},{"id":137,"url":"https:\/\/whisky-francais.com\/index.php\/distilleries\/rouget-de-lisle\/","url_meta":{"origin":135,"position":1},"title":"Rouget de Lisle","date":"17 f\u00e9vrier 2017","format":false,"excerpt":"Bi\u00e8rophile depuis toujours et autodidacte par essence, Bruno Mangin \u2013 ex chef cuisinier & fondateur de la brasserie Rouget de Lisle \u2013 se lance dans la fabrication de whisky au cours des ann\u00e9es 2000. Sa volont\u00e9\u00a0? \u00ab\u00a0Fabriquer un whisky qui soit le reflet du terroir Jurassien\u00a0\u00bb. Statut Produit et Commercialise\u2026","rel":"","context":"Article similaire","img":{"alt_text":"","src":"https:\/\/i0.wp.com\/whisky-francais.com\/wp-content\/uploads\/2017\/02\/HOLSTEINRDL-811x1024.jpeg?resize=350%2C200","width":350,"height":200},"classes":[]},{"id":1893,"url":"https:\/\/whisky-francais.com\/index.php\/distilleries\/domaine-de-bourjac\/","url_meta":{"origin":135,"position":2},"title":"Domaine de Bourjac","date":"21 juin 2017","format":false,"excerpt":"Perch\u00e9 \u00e0 350 m\u00e8tres d'altitude dans l\u2019Aveyron, le Domaine de Bourjac a d'abord produit du vin et des ap\u00e9ritifs (Pastis, Ch\u00e2taigne, Prunelle, etc.) avant de signer un whisky artisanal de grande qualit\u00e9 ! Autodidacte et amateur de spiritueux - et plus particuli\u00e8rement de whisky tourb\u00e9 - Olivier Toulouse entreprend d\u00e8s\u2026","rel":"","context":"Article similaire","img":{"alt_text":"Domaine de Bourjac, Broqui\u00e8s, Olivier Toulouse, DDB 3 ans tou&dy, DDB 3 ans Chat Teigne, f\u00fbt par f\u00fbt, double distillation, orge malt\u00e9e biologique, culture raisonn\u00e9e, conduite raisonn\u00e9e, bruy\u00e8re, tourbe, alambic charentais, chauffe au bois, double distillation, f\u00fbt de ch\u00eane, ap\u00e9ritif, domaine, whisky Fran\u00e7ais, French Whisky, malt, whisky France, Passerelles, H\u00f4tel Parister, organiser, d\u00e9gustation, whisky, paris, priv\u00e9e, entreprise, \u00e9v\u00e9nement, masterclass, Matthieu Acar, Xavier Brevet, Lilya Sekkal, d\u00e9gustation, whisky, acad\u00e9mie, masterclass, Paris, atelier, d\u00e9gustation, whisky","src":"https:\/\/i0.wp.com\/whisky-francais.com\/wp-content\/uploads\/2017\/06\/logo-ddb-domaine-de-bourjac-1.png?resize=350%2C200&ssl=1","width":350,"height":200},"classes":[]},{"id":5923,"url":"https:\/\/whisky-francais.com\/index.php\/chateau-du-breuil\/","url_meta":{"origin":135,"position":3},"title":"Ch\u00e2teau du Breuil","date":"28 f\u00e9vrier 2021","format":false,"excerpt":"Situ\u00e9 \u00e0 Breuil-en-auge en Normandie, le ch\u00e2teau du Breuil est r\u00e9put\u00e9 pour la qualit\u00e9 de ses Calvados. Depuis peu, et en toute discr\u00e9tion, la distillerie s'est lanc\u00e9e dans la production d\u2019un whisky fran\u00e7ais hautement qualitatif. Pour ce projet, rien n\u2019a \u00e9t\u00e9 laiss\u00e9 au hasard et tout d\u00e9coule du choix de\u2026","rel":"","context":"Article similaire","img":{"alt_text":"","src":"https:\/\/i0.wp.com\/whisky-francais.com\/wp-content\/uploads\/2021\/02\/chateau-du-breuil-whisky-francais-Matthieu-ACAR-1.jpg?resize=350%2C200&ssl=1","width":350,"height":200},"classes":[]},{"id":1753,"url":"https:\/\/whisky-francais.com\/index.php\/distilleries\/brunet\/","url_meta":{"origin":135,"position":4},"title":"Brunet","date":"12 juin 2017","format":false,"excerpt":"A l'origine, la Maison Brunet produit du Cognac. Aujourd'hui la production se diversifie avec du Whisky, et notamment Brenne Whisky. Statut Localisation Volume de Production Dates Cl\u00e9s Personnages Cl\u00e9s Gamme Eau C\u00e9r\u00e9ales Alambics Distillation Type de chai F\u00fbt(s) Donn\u00e9es Territoriales Notes Site Web","rel":"","context":"Article similaire","img":{"alt_text":"","src":"","width":0,"height":0},"classes":[]},{"id":70,"url":"https:\/\/whisky-francais.com\/index.php\/distilleries\/lehmann\/","url_meta":{"origin":135,"position":5},"title":"Lehmann","date":"17 f\u00e9vrier 2017","format":false,"excerpt":"Fond\u00e9e en 1850 par la famille Lehmann, la distillerie est pass\u00e9e de p\u00e8re en fils au fil des g\u00e9n\u00e9rations (5 en tout\u00a0!). Aujourd\u2019hui entre les mains du couple Lehmann, elle propose une gamme vari\u00e9e* attestant d\u2019un savoir-faire ancestral en mati\u00e8re de production de spiritueux. La mise en avant de son\u2026","rel":"","context":"Article similaire","img":{"alt_text":"","src":"https:\/\/i0.wp.com\/whisky-francais.com\/wp-content\/uploads\/2017\/02\/LEHMANN.png?resize=350%2C200&ssl=1","width":350,"height":200},"classes":[]}],"_links":{"self":[{"href":"https:\/\/whisky-francais.com\/index.php\/wp-json\/wp\/v2\/pages\/135"}],"collection":[{"href":"https:\/\/whisky-francais.com\/index.php\/wp-json\/wp\/v2\/pages"}],"about":[{"href":"https:\/\/whisky-francais.com\/index.php\/wp-json\/wp\/v2\/types\/page"}],"author":[{"embeddable":true,"href":"https:\/\/whisky-francais.com\/index.php\/wp-json\/wp\/v2\/users\/1"}],"replies":[{"embeddable":true,"href":"https:\/\/whisky-francais.com\/index.php\/wp-json\/wp\/v2\/comments?post=135"}],"version-history":[{"count":22,"href":"https:\/\/whisky-francais.com\/index.php\/wp-json\/wp\/v2\/pages\/135\/revisions"}],"predecessor-version":[{"id":4115,"href":"https:\/\/whisky-francais.com\/index.php\/wp-json\/wp\/v2\/pages\/135\/revisions\/4115"}],"up":[{"embeddable":true,"href":"https:\/\/whisky-francais.com\/index.php\/wp-json\/wp\/v2\/pages\/56"}],"wp:attachment":[{"href":"https:\/\/whisky-francais.com\/index.php\/wp-json\/wp\/v2\/media?parent=135"}],"curies":[{"name":"wp","href":"https:\/\/api.w.org\/{rel}","templated":true}]}}