{"id":139,"date":"2017-02-17T18:09:08","date_gmt":"2017-02-17T17:09:08","guid":{"rendered":"http:\/\/whisky-francais.com\/?page_id=139"},"modified":"2024-04-15T20:28:13","modified_gmt":"2024-04-15T18:28:13","slug":"warenghem","status":"publish","type":"page","link":"https:\/\/whisky-francais.com\/index.php\/distilleries\/warenghem\/","title":{"rendered":"Warenghem"},"content":{"rendered":"<p style=\"text-align: right;\">Derni\u00e8re mise \u00e0 jour : Avril 2024<\/p>\n<p><img loading=\"lazy\" decoding=\"async\" data-attachment-id=\"522\" data-permalink=\"https:\/\/whisky-francais.com\/index.php\/distilleries\/warenghem\/logo-warenghem-transparent\/\" data-orig-file=\"https:\/\/whisky-francais.com\/wp-content\/uploads\/2017\/02\/logo-warenghem-transparent.png\" data-orig-size=\"400,177\" data-comments-opened=\"1\" data-image-meta=\"{&quot;aperture&quot;:&quot;0&quot;,&quot;credit&quot;:&quot;&quot;,&quot;camera&quot;:&quot;&quot;,&quot;caption&quot;:&quot;&quot;,&quot;created_timestamp&quot;:&quot;0&quot;,&quot;copyright&quot;:&quot;&quot;,&quot;focal_length&quot;:&quot;0&quot;,&quot;iso&quot;:&quot;0&quot;,&quot;shutter_speed&quot;:&quot;0&quot;,&quot;title&quot;:&quot;&quot;,&quot;orientation&quot;:&quot;0&quot;}\" data-image-title=\"Double Maturation, Classic, Sherry Finish, Originale, Dervenn, Breizh, Galleg, WB, Ma\u00eetre de Chai, Armorik, Warenghem, Lannion, Bretagne, f\u00fbts de Bourbon, f\u00fbts de Sherry, orge malt\u00e9e, whisky fran\u00e7ais, french whisky, Matthieu Acar, Xavier Brevet, d\u00e9gustation, whisky, masterclass, Paris\" data-image-description=\"&lt;p&gt;Credit photo Distillerie Warenghem&lt;br \/&gt;\nDouble Maturation, Classic, Sherry Finish, Originale, Dervenn, Breizh, Galleg, WB, Ma\u00eetre de Chai, Armorik, Warenghem, Lannion, Bretagne, f\u00fbts de Bourbon, f\u00fbts de Sherry, orge malt\u00e9e, whisky fran\u00e7ais, french whisky, Matthieu Acar, Xavier Brevet, d\u00e9gustation, whisky, masterclass, Paris&lt;\/p&gt;\n\" data-image-caption=\"&lt;p&gt;Double Maturation, Classic, Sherry Finish, Originale, Dervenn, Breizh, Galleg, WB, Ma\u00eetre de Chai, Armorik, Warenghem, Lannion, Bretagne, f\u00fbts de Bourbon, f\u00fbts de Sherry, orge malt\u00e9e, whisky fran\u00e7ais, french whisky, Matthieu Acar, Xavier Brevet, d\u00e9gustation, whisky, masterclass, Paris, atelier, d\u00e9gustation, whisky&lt;\/p&gt;\n\" data-medium-file=\"https:\/\/whisky-francais.com\/wp-content\/uploads\/2017\/02\/logo-warenghem-transparent-300x133.png\" data-large-file=\"https:\/\/whisky-francais.com\/wp-content\/uploads\/2017\/02\/logo-warenghem-transparent.png\" class=\"size-full wp-image-522 aligncenter\" src=\"https:\/\/whisky-francais.com\/wp-content\/uploads\/2017\/02\/logo-warenghem-transparent.png\" alt=\"Double Maturation, Classic, Sherry Finish, Originale, Dervenn, Breizh, Galleg, WB, Ma\u00eetre de Chai, Armorik, Warenghem, Lannion, Bretagne, f\u00fbts de Bourbon, f\u00fbts de Sherry, orge malt\u00e9e, whisky fran\u00e7ais, french whisky\" width=\"400\" height=\"177\" srcset=\"https:\/\/whisky-francais.com\/wp-content\/uploads\/2017\/02\/logo-warenghem-transparent.png 400w, https:\/\/whisky-francais.com\/wp-content\/uploads\/2017\/02\/logo-warenghem-transparent-300x133.png 300w\" sizes=\"(max-width: 400px) 100vw, 400px\" \/><\/p>\n<p><img loading=\"lazy\" decoding=\"async\" data-attachment-id=\"670\" data-permalink=\"https:\/\/whisky-francais.com\/index.php\/distilleries\/gilbert-holl\/certifie\/\" data-orig-file=\"https:\/\/whisky-francais.com\/wp-content\/uploads\/2017\/02\/certifie.jpg\" data-orig-size=\"125,125\" data-comments-opened=\"1\" data-image-meta=\"{&quot;aperture&quot;:&quot;0&quot;,&quot;credit&quot;:&quot;&quot;,&quot;camera&quot;:&quot;&quot;,&quot;caption&quot;:&quot;&quot;,&quot;created_timestamp&quot;:&quot;0&quot;,&quot;copyright&quot;:&quot;&quot;,&quot;focal_length&quot;:&quot;0&quot;,&quot;iso&quot;:&quot;0&quot;,&quot;shutter_speed&quot;:&quot;0&quot;,&quot;title&quot;:&quot;&quot;,&quot;orientation&quot;:&quot;1&quot;}\" data-image-title=\"Whisky Fran\u00e7ais &#8211; French Whisky, Matthieu Acar, Xavier Brevet, d\u00e9gustation, whisky, masterclass, Paris\" data-image-description=\"&lt;p&gt;Whisky Fran\u00e7ais &#8211; French Whisky, Matthieu Acar, Xavier Brevet, d\u00e9gustation, whisky, masterclass, Paris&lt;\/p&gt;\n\" data-image-caption=\"&lt;p&gt;Whisky Fran\u00e7ais &#8211; French Whisky, Matthieu Acar, Xavier Brevet, d\u00e9gustation, whisky, masterclass, Paris, atelier, d\u00e9gustation, whisky&lt;\/p&gt;\n\" data-medium-file=\"https:\/\/whisky-francais.com\/wp-content\/uploads\/2017\/02\/certifie.jpg\" data-large-file=\"https:\/\/whisky-francais.com\/wp-content\/uploads\/2017\/02\/certifie.jpg\" class=\"size-full wp-image-670 aligncenter\" src=\"https:\/\/whisky-francais.com\/wp-content\/uploads\/2017\/02\/certifie.jpg\" alt=\"Whisky Fran\u00e7ais - French Whisky\" width=\"125\" height=\"125\" srcset=\"https:\/\/whisky-francais.com\/wp-content\/uploads\/2017\/02\/certifie.jpg 125w, https:\/\/whisky-francais.com\/wp-content\/uploads\/2017\/02\/certifie-32x32.jpg 32w, https:\/\/whisky-francais.com\/wp-content\/uploads\/2017\/02\/certifie-50x50.jpg 50w, https:\/\/whisky-francais.com\/wp-content\/uploads\/2017\/02\/certifie-64x64.jpg 64w, https:\/\/whisky-francais.com\/wp-content\/uploads\/2017\/02\/certifie-96x96.jpg 96w\" sizes=\"(max-width: 125px) 100vw, 125px\" \/><\/p>\n<p>Pionni\u00e8re en France dans la distillation de whisky avec le lancement commercial de l\u2019assemblage WB en 1987 puis avec le 1er Single Malt 100% Fran\u00e7ais Armorik en 1998, la distillerie Warenghem est un classique incontournable du whisky Fran\u00e7ais.<\/p>\n<table>\n<tbody>\n<tr>\n<td style=\"width: 211px;\">Statut<\/td>\n<td style=\"width: 464px;\">Produit et Commercialise son propre whisky<\/td>\n<\/tr>\n<tr>\n<td style=\"width: 211px;\">Localisation<\/td>\n<td style=\"width: 464px;\">Route de Guingamp, Boutill, 22300 Lannion, France.48\u00b043\u201926 &gt;&gt; N \/ 3\u00b026\u20190 &gt;&gt; O<\/td>\n<\/tr>\n<tr>\n<td style=\"width: 211px;\">Volume de Production<\/td>\n<td style=\"width: 464px;\">200.000 litres d\u2019alcool pur par an.La distillerie se refuse \u00e0 augmenter ses volumes de production tant qu&rsquo;elle ne sera pas neutre en carbone. Pour atteindre cet objectif, l&rsquo;\u00e9quipe ne m\u00e9nage pas ses efforts \u00e0 chaque \u00e9tape de la production.<\/td>\n<\/tr>\n<tr>\n<td style=\"width: 217px;\">Dates Cl\u00e9s<\/td>\n<td style=\"width: 464px;\"><strong>1900<\/strong> : Cr\u00e9ation de la distillerie par L\u00e9on Warenghem.1919 : Henri Warenghem, fils de L\u00e9on, reprend les r\u00eanes de la distillerie.1967 : Reprise de la distillerie par Yves Leizour en association avec la famille Warenghem.1983 : Gilles Leizour, prend la t\u00eate de l\u2019entreprise et lance la production de whisky (Warenghem ne produisait jusqu\u2019alors que des liqueurs).<\/p>\n<p><strong>1987<\/strong> : Warenghem lance le 1er whisky 100% fran\u00e7ais sort. Il s\u2019agit d\u2019un whisky d\u2019assemblage dont le nom est WB (initiale pour Whisky Breton).<\/p>\n<p><strong>1993<\/strong>\u00a0: cr\u00e9ation de la distillerie Armorik (les travaux avaient d\u00e9but\u00e9 en 1992).<\/p>\n<p><strong>1998<\/strong> : C\u2019est au tour du 1er Single Malt Fran\u00e7ais de na\u00eetre avec <strong>Armorik<\/strong>.<\/p>\n<p><strong>2009<\/strong> : <a href=\"https:\/\/whisky-francais.com\/index.php\/2017\/09\/01\/le-style-lexport-le-gout-entretien-avec-d-roussier-actuel-dirigeant-de-la-distillerie-warenghem\/\">David Roussier prend la direction de la distillerie<\/a>. Warenghem d\u00e9colle \u00e0 l\u2019export.<\/p>\n<p><strong>2010 :<\/strong> Jim Swan revoit les proc\u00e9d\u00e9s de fabrication et la distillerie s\u2019ouvre \u00e0 l\u2019export.<\/p>\n<p><strong>2018 :<\/strong> Armorik f\u00eate ses 20 ans! C&rsquo;est le premier 10 ans de la marque. La construction d&rsquo;un nouveau chai est entam\u00e9e. La marque change de packaging.<\/p>\n<p><strong>2019 :<\/strong> Ouverture du nouvel espace visiteur de la distillerie.<\/p>\n<p><strong>Septembre 2020 :<\/strong> Lancement du whisky breton tourb\u00e9 de la distillerie : le \u00ab Yeun Elez \u00bb qui tire son nom d&rsquo;une zone de tourbi\u00e8res occupant une gigantesque cuvette au c\u0153ur des Monts d&rsquo;Arr\u00e9e et dont ont dit qu&rsquo;elle abriterait la porte des enfers.<\/p>\n<blockquote class=\"wp-embedded-content\" data-secret=\"bVSu9JyxLD\"><p><a href=\"https:\/\/whisky-francais.com\/index.php\/2020\/09\/27\/yeun-elez-la-tourbe-par-warenghem\/\">Yeun Elez &#8211; La tourbe par Warenghem<\/a><\/p><\/blockquote>\n<p><iframe loading=\"lazy\" class=\"wp-embedded-content\" sandbox=\"allow-scripts\" security=\"restricted\" style=\"position: absolute; clip: rect(1px, 1px, 1px, 1px);\" title=\"\u00ab\u00a0Yeun Elez &#8211; La tourbe par Warenghem\u00a0\u00bb &#8212; \" src=\"https:\/\/whisky-francais.com\/index.php\/2020\/09\/27\/yeun-elez-la-tourbe-par-warenghem\/embed\/#?secret=VpRc7Xn8S8#?secret=bVSu9JyxLD\" data-secret=\"bVSu9JyxLD\" width=\"600\" height=\"338\" frameborder=\"0\" marginwidth=\"0\" marginheight=\"0\" scrolling=\"no\"><\/iframe><\/p>\n<p><strong>2023 :<\/strong> La distillerie reprend tonnellerie Lefloch qui s&rsquo;installe dans les anciens abattoirs de Lannion, \u00e9tablissement d\u2019\u00e9poque datant de 1900.<\/td>\n<\/tr>\n<tr>\n<td style=\"width: 217px;\">Personnages Cl\u00e9s<\/td>\n<td style=\"width: 464px;\"><strong>L\u00e9on Warenghem<\/strong> (fondateur)<strong>Gilles Leizour<\/strong> qui op\u00e8rera le virage du whisky, pr\u00e9curseur dans le monde du whisky en France.<\/p>\n<p><strong>David Roussier<\/strong> (directeur actuel), qui am\u00e8ne Warenghem sur la sc\u00e8ne internationale.<\/p>\n<p><strong>Erwan Lefebvre :<\/strong> Maitre de chai<\/td>\n<\/tr>\n<tr>\n<td style=\"width: 217px;\">Gamme<\/td>\n<td style=\"width: 464px;\"><a href=\"https:\/\/whisky-francais.com\/index.php\/2017\/12\/10\/armorik-maitre-de-chai-3-eme-edition-46-distillerie-warenghem\/\" target=\"_blank\" rel=\"noopener\">\ud83e\udd43 Armorik Maitre de Chai 46%<\/a>, Single malt non filtr\u00e9 \u00e0 froid<a href=\"https:\/\/whisky-francais.com\/index.php\/2017\/05\/08\/armorik-double-maturation-46\/\">\ud83e\udd43 Armorik Double maturation 46%<\/a>, Single malt non filtr\u00e9 \u00e0 froid<a href=\"https:\/\/whisky-francais.com\/index.php\/2017\/10\/12\/matt-armorik-classic-whisky-breton-single-malt-46-distillerie-warenghem\/\" target=\"_blank\" rel=\"noopener\">\ud83e\udd43 Armorik Classic 46%<\/a>, Single malt non filtr\u00e9 \u00e0 froid<a href=\"https:\/\/whisky-francais.com\/index.php\/2017\/05\/18\/1285\/\" target=\"blank\" rel=\"noopener\">\ud83e\udd43 Armorik Sherry Cask 46%<\/a>, Single Malt<\/p>\n<p>\ud83e\udd43 Armorik Sherry Finish 40%, Single malt<\/p>\n<p>\ud83e\udd43 Armorik Edition Originale 40%, Single malt<\/p>\n<p><a href=\"https:\/\/whisky-francais.com\/index.php\/2017\/03\/31\/armorik-dervenn-46\/\" target=\"blank\" rel=\"noopener\">\ud83e\udd43 Armorik Dervenn 46%<\/a>, Single malt non filtr\u00e9 \u00e0 froid<\/p>\n<p><a href=\"https:\/\/whisky-francais.com\/index.php\/2018\/03\/31\/armorik-triagoz-46\/\" target=\"_blank\" rel=\"noopener\">\ud83e\udd43 Armorik Triagoz 46%<\/a><\/p>\n<p><a href=\"https:\/\/whisky-francais.com\/index.php\/2017\/05\/29\/armorik-breizh-whisky-42\/\" target=\"blank\" rel=\"noopener\">\ud83e\udd43 Breizh 42% Blend<\/a><\/p>\n<p><a href=\"https:\/\/whisky-francais.com\/index.php\/2017\/10\/31\/whisky-breton-galleg-blended-42-distillerie-warenghem\/\" target=\"_blank\" rel=\"noopener\">\ud83e\udd43 Galleg 42% Blend<\/a><\/p>\n<p><a href=\"https:\/\/whisky-francais.com\/index.php\/2017\/09\/19\/whisky-breton-wb-blended-40-distillerie-warenghem\/\" target=\"_blank\" rel=\"noopener\">\ud83e\udd43 WB 40% Blend<\/a><\/p>\n<p>etc&#8230;<\/td>\n<\/tr>\n<tr>\n<td style=\"width: 217px;\">S\u00e9ries Limit\u00e9es<\/td>\n<td style=\"width: 464px;\"><a href=\"https:\/\/whisky-francais.com\/index.php\/2017\/03\/24\/armorik-fut-de-chouchen-587-60-ans-lmdw\/\" target=\"blank\" rel=\"noopener\">\ud83e\udd43 Armorik F\u00fbt de Chouchen 58,7%<\/a> (60 ans LMDW)<a href=\"https:\/\/whisky-francais.com\/index.php\/2017\/03\/24\/armorik-fut-de-chouchen-587-60-ans-lmdw\/\" target=\"blank\" rel=\"noopener\"><br \/>\n<\/a><a href=\"https:\/\/whisky-francais.com\/index.php\/2017\/06\/09\/armorik-vinho-single-cask-pour-la-maison-du-whisky-53-warenghem\/\" target=\"blank\" rel=\"noopener\">\ud83e\udd43 Armorik Vinho Single Cask LMDW 53%<\/a><a href=\"https:\/\/whisky-francais.com\/index.php\/2017\/09\/29\/armorik-2011-fut-de-chene-neuf-55-distillerie-warenghem\/\" target=\"_blank\" rel=\"noopener\">\ud83e\udd43 Armorik 2011 F\u00fbt de Ch\u00eane Neuf 55%<\/a><\/p>\n<blockquote class=\"wp-embedded-content\" data-secret=\"4x0qnKKM3D\"><p><a href=\"https:\/\/whisky-francais.com\/index.php\/2023\/10\/25\/2-litres-darmorik-pour-goodplanet\/\">2 Litres d&rsquo;Armorik pour la (Good)planet<\/a><\/p><\/blockquote>\n<p><iframe loading=\"lazy\" class=\"wp-embedded-content\" sandbox=\"allow-scripts\" security=\"restricted\" style=\"position: absolute; clip: rect(1px, 1px, 1px, 1px);\" title=\"\u00ab\u00a02 Litres d&rsquo;Armorik pour la (Good)planet\u00a0\u00bb &#8212; \" src=\"https:\/\/whisky-francais.com\/index.php\/2023\/10\/25\/2-litres-darmorik-pour-goodplanet\/embed\/#?secret=QVuvnoECUl#?secret=4x0qnKKM3D\" data-secret=\"4x0qnKKM3D\" width=\"600\" height=\"338\" frameborder=\"0\" marginwidth=\"0\" marginheight=\"0\" scrolling=\"no\"><\/iframe><\/p>\n<p>etc&#8230;<\/td>\n<\/tr>\n<tr>\n<td style=\"width: 217px;\">Eau<\/td>\n<td style=\"width: 464px;\">Source \u201c<strong>Rest Avel<\/strong>\u201d ( = demeure du vent).Situ\u00e9e sous la distillerie et accessible par le biais d\u2019un forage \u00e0 plus de 100 m\u00e8tres de profondeur, \u00a0elle offre une eau pure, limpide et tr\u00e8s faible en calcaire.<\/td>\n<\/tr>\n<tr>\n<td style=\"width: 217px;\">C\u00e9r\u00e9ales<\/td>\n<td style=\"width: 464px;\"><strong>\ud83c\udf3e <\/strong>100%<strong> orge <\/strong>d\u2019origine Fran\u00e7aise (malt\u00e9e en Belgique)\u00a0pour les Single Malt.<strong>\ud83c\udf3e <\/strong><strong>Bl\u00e9 de Bretagne<\/strong> pour les blends.<\/p>\n<p><strong>Orge concerto tourb\u00e9 \u00e0 50ppm<\/strong> pour Yeun Elez<\/td>\n<\/tr>\n<tr>\n<td style=\"width: 217px;\">Levures<\/td>\n<td style=\"width: 464px;\">Les fermentations durent entre 3 et 4 jours, la bi\u00e8re titre 8 degr\u00e9s.<\/td>\n<\/tr>\n<tr>\n<td style=\"width: 217px;\">Alambic<\/td>\n<td style=\"width: 464px;\"><strong>2 alambics \u00e0 repasse (\u00ab\u00a0pot still\u00a0\u00bb)<\/strong> :<\/p>\n<ul>\n<li>1 Wash Still de 6000 litres<\/li>\n<li>1 Spirit Still de 3500 litres<\/li>\n<\/ul>\n<p>Les alambics donnent du poids et du volume au distillat.<\/td>\n<\/tr>\n<tr>\n<td style=\"width: 217px;\">Distillation<\/td>\n<td style=\"width: 464px;\"><strong>Double Distillation<\/strong><\/td>\n<\/tr>\n<tr>\n<td style=\"width: 217px;\">Type de Chai<\/td>\n<td style=\"width: 464px;\">Deux chais de conception \u00ab\u00a0sec\u00a0\u00bb mais tout de m\u00eame humide du fait du climat Breton. Ils sont de type \u00ab\u00a0rack warehouses\u00a0\u00bb.<\/p>\n<ul>\n<li>Chai 1, f\u00fbts de Bourbon.<\/li>\n<li>Chai 2, f\u00fbts de X\u00e9r\u00e8s et autres f\u00fbts.<\/li>\n<\/ul>\n<\/td>\n<\/tr>\n<tr>\n<td style=\"width: 217px;\">F\u00fbt(s)<\/td>\n<td style=\"width: 464px;\">\n<ul>\n<li>70% d\u2019ex-f\u00fbts de Bourbon<\/li>\n<li>20% Sherry Butt Oloroso<\/li>\n<li>10% autres f\u00fbts (f\u00fbts de ch\u00eane Breton, de Chouchen, etc.).<\/li>\n<\/ul>\n<\/td>\n<\/tr>\n<tr>\n<td style=\"width: 217px;\">Donn\u00e9es Territoriales<\/td>\n<td style=\"width: 464px;\"><strong>Climat<\/strong>: temp\u00e9r\u00e9 chaud.<strong>\ud83c\udf21 Temp\u00e9rature moyenne annuelle<\/strong> : 11.3 \u00b0C.<strong>\u2614\ufe0f Pr\u00e9cipitations annuelles moyenne<\/strong> : 880 mm.<strong>Altitude<\/strong>\u00a0: 66m<\/td>\n<\/tr>\n<tr>\n<td style=\"width: 217px;\">Notes<\/td>\n<td style=\"width: 464px;\"><strong>\ud83d\udc7c Part des anges de 3.5%\/an<\/strong>.Membre de l\u2019IGP Whisky Breton.<\/p>\n<p>Partenaire de l\u2019ONF.<\/p>\n<p>Mais aussi&#8230;<\/p>\n<p>&gt;\u00a0<a href=\"https:\/\/whisky-francais.com\/index.php\/2018\/04\/05\/en-aparte-avec-clemence-vedrenne-commerciale-export-retail-a-la-distillerie-warenghem\/\" target=\"_blank\" rel=\"noopener\">En Apart\u00e9 avec&#8230; Cl\u00e9mence Vedrenne, commerciale export &amp; retail \u00e0 Warenghem<\/a><\/p>\n<p>&gt; <a href=\"https:\/\/whisky-francais.com\/index.php\/2017\/09\/01\/le-style-lexport-le-gout-entretien-avec-d-roussier-actuel-dirigeant-de-la-distillerie-warenghem\/\" target=\"_blank\" rel=\"noopener\">Le Style, l&rsquo;Export, le Go\u00fbt &#8211; Entretien avec David Roussier<\/a><\/td>\n<\/tr>\n<tr>\n<td style=\"width: 217px;\">Site Web<\/td>\n<td style=\"width: 464px;\"><a href=\"distillerie-warenghem.com\/\" target=\"blank\" rel=\"noopener\">distillerie-warenghem.com\/<\/a><\/td>\n<\/tr>\n<\/tbody>\n<\/table>\n<p>Alors qu&rsquo;elle fait figure de g\u00e9ante en France, Warenghem reste de taille modeste (similaire \u00e0 celle d&rsquo;Edradour)\u00a0en comparaison avec les distilleries \u00e9cossaises. Elle exporte depuis peu en Europe contribuant ainsi au rayonnement du savoir-faire fran\u00e7ais.<\/p>\n<figure id=\"attachment_523\" aria-describedby=\"caption-attachment-523\" style=\"width: 940px\" class=\"wp-caption alignnone\"><img loading=\"lazy\" decoding=\"async\" data-attachment-id=\"523\" data-permalink=\"https:\/\/whisky-francais.com\/index.php\/distilleries\/warenghem\/futs-warenghem\/\" data-orig-file=\"https:\/\/whisky-francais.com\/wp-content\/uploads\/2017\/02\/futs-warenghem.jpg\" data-orig-size=\"940,540\" data-comments-opened=\"1\" data-image-meta=\"{&quot;aperture&quot;:&quot;5.6&quot;,&quot;credit&quot;:&quot;&quot;,&quot;camera&quot;:&quot;Canon EOS 50D&quot;,&quot;caption&quot;:&quot;&quot;,&quot;created_timestamp&quot;:&quot;1300810015&quot;,&quot;copyright&quot;:&quot;&quot;,&quot;focal_length&quot;:&quot;50&quot;,&quot;iso&quot;:&quot;100&quot;,&quot;shutter_speed&quot;:&quot;0.8&quot;,&quot;title&quot;:&quot;&quot;,&quot;orientation&quot;:&quot;1&quot;}\" data-image-title=\"Double Maturation, Classic, Sherry Finish, Originale, Dervenn, Breizh, Galleg, WB, Ma\u00eetre de Chai, Armorik, Warenghem, Lannion, Bretagne, f\u00fbts de Bourbon, f\u00fbts de Sherry, orge malt\u00e9e, whisky fran\u00e7ais, french whisky, Matthieu Acar, Xavier Brevet, d\u00e9gustation, whisky, masterclass, Paris\" data-image-description=\"&lt;p&gt;Double Maturation, Classic, Sherry Finish, Originale, Dervenn, Breizh, Galleg, WB, Ma\u00eetre de Chai, Armorik, Warenghem, Lannion, Bretagne, f\u00fbts de Bourbon, f\u00fbts de Sherry, orge malt\u00e9e, whisky fran\u00e7ais, french whisky, Matthieu Acar, Xavier Brevet, d\u00e9gustation, whisky, masterclass, Paris&lt;\/p&gt;\n\" data-image-caption=\"&lt;p&gt;Credit photo Distillerie Warenghem&lt;br \/&gt;\nDouble Maturation, Classic, Sherry Finish, Originale, Dervenn, Breizh, Galleg, WB, Ma\u00eetre de Chai, Armorik, Warenghem, Lannion, Bretagne, f\u00fbts de Bourbon, f\u00fbts de Sherry, orge malt\u00e9e, whisky fran\u00e7ais, french whisky, Matthieu Acar, Xavier Brevet, d\u00e9gustation, whisky, masterclass, Paris, atelier, d\u00e9gustation, whisky&lt;\/p&gt;\n\" data-medium-file=\"https:\/\/whisky-francais.com\/wp-content\/uploads\/2017\/02\/futs-warenghem-300x172.jpg\" data-large-file=\"https:\/\/whisky-francais.com\/wp-content\/uploads\/2017\/02\/futs-warenghem.jpg\" class=\"size-full wp-image-523\" src=\"https:\/\/whisky-francais.com\/wp-content\/uploads\/2017\/02\/futs-warenghem.jpg\" alt=\"\" width=\"940\" height=\"540\" srcset=\"https:\/\/whisky-francais.com\/wp-content\/uploads\/2017\/02\/futs-warenghem.jpg 940w, https:\/\/whisky-francais.com\/wp-content\/uploads\/2017\/02\/futs-warenghem-300x172.jpg 300w, https:\/\/whisky-francais.com\/wp-content\/uploads\/2017\/02\/futs-warenghem-768x441.jpg 768w, https:\/\/whisky-francais.com\/wp-content\/uploads\/2017\/02\/futs-warenghem-470x270.jpg 470w\" sizes=\"(max-width: 940px) 100vw, 940px\" \/><figcaption id=\"caption-attachment-523\" class=\"wp-caption-text\">Cr\u00e9dit photo Distillerie Warenghem<\/figcaption><\/figure>\n","protected":false},"excerpt":{"rendered":"<p>Derni\u00e8re mise \u00e0 jour : Avril 2024 Pionni\u00e8re en France dans la distillation de whisky avec le lancement commercial de<\/p>\n","protected":false},"author":1,"featured_media":0,"parent":56,"menu_order":0,"comment_status":"closed","ping_status":"closed","template":"","meta":{"jetpack_post_was_ever_published":false,"footnotes":""},"class_list":["post-139","page","type-page","status-publish","hentry"],"jetpack_sharing_enabled":true,"jetpack_shortlink":"https:\/\/wp.me\/P8oZPa-2f","jetpack-related-posts":[{"id":1145,"url":"https:\/\/whisky-francais.com\/index.php\/embouteilleurs-independants\/roof-rye\/","url_meta":{"origin":139,"position":0},"title":"Maison Ferroni","date":"4 mai 2017","format":false,"excerpt":"Derri\u00e8re le Roof Rye il y a une rencontre, celle de Guillaume Ferroni et David Roussier. Grand passionn\u00e9 de l'univers de la mixologie\u00a0et cr\u00e9ateur des bars Carry Nation, c'est avec\u00a0la complicit\u00e9 de David Roussier, directeur de la distillerie Warenghem, que Guillaume Ferroni cr\u00e9\u00e9 une gamme de spiritueux fran\u00e7ais destin\u00e9e au\u2026","rel":"","context":"Article similaire","img":{"alt_text":"France, Bariana, Roof Rye, Ferroni, Roussier, Provence, f\u00fbts de ch\u00eane am\u00e9ricain neuf, f\u00fbts de X\u00e9r\u00e8s, Warenghem, Carry Nation, Matthieu Acar, Xavier Brevet, d\u00e9gustation, whisky, masterclass, Paris, atelier, d\u00e9gustation, whisky","src":"https:\/\/i0.wp.com\/whisky-francais.com\/wp-content\/uploads\/2017\/05\/roof-rye-whisky-de-seigle-mi-breton-mi-provencal-bariana-50cl-43.jpg?resize=350%2C200&ssl=1","width":350,"height":200},"classes":[]},{"id":3113,"url":"https:\/\/whisky-francais.com\/index.php\/embouteilleurs-independants\/aikan\/","url_meta":{"origin":139,"position":1},"title":"Aikan","date":"2 d\u00e9cembre 2017","format":false,"excerpt":"Cr\u00e9\u00e9 en 2015 par Beno\u00eet Albanel, Aikan est une marque de whisky qui se distingue par une maturation sous un climat tropical. Et pour cause, tout ou partie du vieillissement a lieu dans les chais de la rhumerie JM, puis, a partir de 2019, dans les chais de l'Habitation \"La\u2026","rel":"","context":"Article similaire","img":{"alt_text":"","src":"https:\/\/i0.wp.com\/whisky-francais.com\/wp-content\/uploads\/2017\/11\/testprestashop-logo-1508762603.png?resize=350%2C200&ssl=1","width":350,"height":200},"classes":[]},{"id":2753,"url":"https:\/\/whisky-francais.com\/index.php\/embouteilleurs-independants\/maison-benjamin-kuentz\/","url_meta":{"origin":139,"position":2},"title":"Maison Benjamin Kuentz","date":"13 septembre 2017","format":false,"excerpt":"\"La France a tout pour faire du bon whisky !\" C'est en partant de ce constat que Benjamin Kuentz a d\u00e9cid\u00e9 de monter sa propre gamme de whiskys Fran\u00e7ais. Effectivement, nous avons de longues traditions en ce qui concerne la production c\u00e9r\u00e9ali\u00e8re, la culture brassicole, la distillation et l\u2019\u00e9levage !\u2026","rel":"","context":"Article similaire","img":{"alt_text":"(D'un) Verre Printanier, Fin de Partie, Maison Benjamin Kuentz, 46%, Rozelieures, Cognac, Bourbon, Pedro Jimenez, PX, orge mat\u00e9e, whisky Fran\u00e7ais, French whisky, whisky, France, d\u00e9gustation, Passerelles, H\u00f4tel Parister, organiser, d\u00e9gustation, whisky, paris, priv\u00e9e, entreprise, \u00e9v\u00e9nement, masterclass, atelier, d\u00e9gustation, whisky","src":"https:\/\/i0.wp.com\/whisky-francais.com\/wp-content\/uploads\/2017\/09\/kuentz.png?resize=350%2C200&ssl=1","width":350,"height":200},"classes":[]},{"id":56,"url":"https:\/\/whisky-francais.com\/index.php\/distilleries\/","url_meta":{"origin":139,"position":3},"title":"Producteurs \/ Distilleries","date":"11 f\u00e9vrier 2017","format":false,"excerpt":"Auvergne-Rh\u00f4ne-Alpes Distillerie du Drac Distillerie des Bughes Distillerie du Vercors Domaine des Hautes Glaces Distillerie des Hautes Terres AlpSpirits (ferm\u00e9e) Monsieur Balthazar Mont Blanc Ninkasi O\u2019Baptiste (Ne produit plus de whisky) Bourgogne-Franche-Comt\u00e9 Br\u00fblerie du Revermont Michel Couvreur Rouget de Lisle Bretagne La Bambelle Distillerie des Menhirs Distillerie FDC (Bale Bro)\u2026","rel":"","context":"Article similaire","img":{"alt_text":"","src":"","width":0,"height":0},"classes":[]},{"id":1882,"url":"https:\/\/whisky-francais.com\/index.php\/distilleries\/naguelann\/","url_meta":{"origin":139,"position":4},"title":"Naguelann","date":"21 juin 2017","format":false,"excerpt":"\u00a0 \"Naguelann c\u2019est avant tout une fa\u00e7on de faire !\" \u00a0 S\u2019illustrant \u00e0 la fois en tant que distillateur et embouteilleur ind\u00e9pendant, Naguelann tient son originalit\u00e9 de cette double casquette, fondamentale dans la qu\u00eate du go\u00fbt men\u00e9e par L\u00e9na\u00efck Lemaitre et ses \u00e9quipes. Statut Produit et Commercialise son propre whisky\u2026","rel":"","context":"Article similaire","img":{"alt_text":"","src":"","width":0,"height":0},"classes":[]},{"id":8066,"url":"https:\/\/whisky-francais.com\/index.php\/palmares-des-whiskies-francais-2025\/","url_meta":{"origin":139,"position":5},"title":"Palmar\u00e8s des whiskies fran\u00e7ais 2025","date":"26 septembre 2025","format":false,"excerpt":"\u00a0 \ud83d\udc8e Diamond Alfred GIRAUD French Malt Whisky \u2013 Harmonie \u2013 Blended Malt Yeun Elez \u2013 F\u00fbt N\u00b03702 \u2013 Single Cask Single Malt Coperies \u2013 Les Brumes \u2013 Single Malt T.O.S Distillerie \u2013 Artesia Double Maturation \u2013 Small Batch Single Malt La Piautre \u2013 Empreinte \u2013 Small Batch Single Malt\u2026","rel":"","context":"Article similaire","img":{"alt_text":"","src":"https:\/\/i0.wp.com\/whisky-francais.com\/wp-content\/uploads\/2025\/09\/DSC_3867.jpg?resize=350%2C200&ssl=1","width":350,"height":200},"classes":[]}],"_links":{"self":[{"href":"https:\/\/whisky-francais.com\/index.php\/wp-json\/wp\/v2\/pages\/139"}],"collection":[{"href":"https:\/\/whisky-francais.com\/index.php\/wp-json\/wp\/v2\/pages"}],"about":[{"href":"https:\/\/whisky-francais.com\/index.php\/wp-json\/wp\/v2\/types\/page"}],"author":[{"embeddable":true,"href":"https:\/\/whisky-francais.com\/index.php\/wp-json\/wp\/v2\/users\/1"}],"replies":[{"embeddable":true,"href":"https:\/\/whisky-francais.com\/index.php\/wp-json\/wp\/v2\/comments?post=139"}],"version-history":[{"count":35,"href":"https:\/\/whisky-francais.com\/index.php\/wp-json\/wp\/v2\/pages\/139\/revisions"}],"predecessor-version":[{"id":7226,"href":"https:\/\/whisky-francais.com\/index.php\/wp-json\/wp\/v2\/pages\/139\/revisions\/7226"}],"up":[{"embeddable":true,"href":"https:\/\/whisky-francais.com\/index.php\/wp-json\/wp\/v2\/pages\/56"}],"wp:attachment":[{"href":"https:\/\/whisky-francais.com\/index.php\/wp-json\/wp\/v2\/media?parent=139"}],"curies":[{"name":"wp","href":"https:\/\/api.w.org\/{rel}","templated":true}]}}