{"id":141,"date":"2017-02-17T18:10:01","date_gmt":"2017-02-17T17:10:01","guid":{"rendered":"http:\/\/whisky-francais.com\/?page_id=141"},"modified":"2021-02-04T18:29:19","modified_gmt":"2021-02-04T17:29:19","slug":"northmaen","status":"publish","type":"page","link":"https:\/\/whisky-francais.com\/index.php\/distilleries\/northmaen\/","title":{"rendered":"Northmaen"},"content":{"rendered":"<p><img loading=\"lazy\" decoding=\"async\" data-attachment-id=\"1077\" data-permalink=\"https:\/\/whisky-francais.com\/index.php\/2017\/04\/29\/ballade-a-la-distillerie-northmaen\/ferme-northmaen\/\" data-orig-file=\"https:\/\/whisky-francais.com\/wp-content\/uploads\/2017\/04\/Ferme-Northmaen.jpg\" data-orig-size=\"1204,666\" data-comments-opened=\"1\" data-image-meta=\"{&quot;aperture&quot;:&quot;0&quot;,&quot;credit&quot;:&quot;&quot;,&quot;camera&quot;:&quot;&quot;,&quot;caption&quot;:&quot;&quot;,&quot;created_timestamp&quot;:&quot;0&quot;,&quot;copyright&quot;:&quot;&quot;,&quot;focal_length&quot;:&quot;0&quot;,&quot;iso&quot;:&quot;0&quot;,&quot;shutter_speed&quot;:&quot;0&quot;,&quot;title&quot;:&quot;&quot;,&quot;orientation&quot;:&quot;1&quot;}\" data-image-title=\"La ferme-brasserie\/distillerie Northmaen\" data-image-description=\"&lt;p&gt;Whisky Fran\u00e7ais, French Whisky, Northmaen, Single Malt, Single Barrel, Normandie, La Chapelle-Saint-Ouen, Thor Boyo, Fafnir, Sleipnir, brut de f\u00fbt, exploitation agricole, malt, Matthieu Acar, Xavier Brevet, d\u00e9gustation, whisky, masterclass, Paris&lt;\/p&gt;\n\" data-image-caption=\"&lt;p&gt;La ferme-brasserie\/distillerie Northmaen, Matthieu Acar, Xavier Brevet, d\u00e9gustation, whisky, masterclass, Paris, atelier, d\u00e9gustation, whisky&lt;\/p&gt;\n\" data-medium-file=\"https:\/\/whisky-francais.com\/wp-content\/uploads\/2017\/04\/Ferme-Northmaen-300x166.jpg\" data-large-file=\"https:\/\/whisky-francais.com\/wp-content\/uploads\/2017\/04\/Ferme-Northmaen-1024x566.jpg\" class=\"size-full wp-image-1077\" src=\"https:\/\/whisky-francais.com\/wp-content\/uploads\/2017\/04\/Ferme-Northmaen.jpg\" alt=\"Whisky Fran\u00e7ais, French Whisky, Northmaen, Single Malt, Single Barrel, Normandie, La Chapelle-Saint-Ouen, Thor Boyo, Fafnir, Sleipnir, brut de f\u00fbt, exploitation agricole, malt\" width=\"1204\" height=\"666\" srcset=\"https:\/\/whisky-francais.com\/wp-content\/uploads\/2017\/04\/Ferme-Northmaen.jpg 1204w, https:\/\/whisky-francais.com\/wp-content\/uploads\/2017\/04\/Ferme-Northmaen-300x166.jpg 300w, https:\/\/whisky-francais.com\/wp-content\/uploads\/2017\/04\/Ferme-Northmaen-768x425.jpg 768w, https:\/\/whisky-francais.com\/wp-content\/uploads\/2017\/04\/Ferme-Northmaen-1024x566.jpg 1024w, https:\/\/whisky-francais.com\/wp-content\/uploads\/2017\/04\/Ferme-Northmaen-488x270.jpg 488w\" sizes=\"(max-width: 1204px) 100vw, 1204px\" \/><\/p>\n<p><img loading=\"lazy\" decoding=\"async\" data-attachment-id=\"670\" data-permalink=\"https:\/\/whisky-francais.com\/index.php\/distilleries\/gilbert-holl\/certifie\/\" data-orig-file=\"https:\/\/whisky-francais.com\/wp-content\/uploads\/2017\/02\/certifie.jpg\" data-orig-size=\"125,125\" data-comments-opened=\"1\" data-image-meta=\"{&quot;aperture&quot;:&quot;0&quot;,&quot;credit&quot;:&quot;&quot;,&quot;camera&quot;:&quot;&quot;,&quot;caption&quot;:&quot;&quot;,&quot;created_timestamp&quot;:&quot;0&quot;,&quot;copyright&quot;:&quot;&quot;,&quot;focal_length&quot;:&quot;0&quot;,&quot;iso&quot;:&quot;0&quot;,&quot;shutter_speed&quot;:&quot;0&quot;,&quot;title&quot;:&quot;&quot;,&quot;orientation&quot;:&quot;1&quot;}\" data-image-title=\"Whisky Fran\u00e7ais &#8211; French Whisky, Matthieu Acar, Xavier Brevet, d\u00e9gustation, whisky, masterclass, Paris\" data-image-description=\"&lt;p&gt;Whisky Fran\u00e7ais &#8211; French Whisky, Matthieu Acar, Xavier Brevet, d\u00e9gustation, whisky, masterclass, Paris&lt;\/p&gt;\n\" data-image-caption=\"&lt;p&gt;Whisky Fran\u00e7ais &#8211; French Whisky, Matthieu Acar, Xavier Brevet, d\u00e9gustation, whisky, masterclass, Paris, atelier, d\u00e9gustation, whisky&lt;\/p&gt;\n\" data-medium-file=\"https:\/\/whisky-francais.com\/wp-content\/uploads\/2017\/02\/certifie.jpg\" data-large-file=\"https:\/\/whisky-francais.com\/wp-content\/uploads\/2017\/02\/certifie.jpg\" class=\"size-full wp-image-670 aligncenter\" src=\"https:\/\/whisky-francais.com\/wp-content\/uploads\/2017\/02\/certifie.jpg\" alt=\"\" width=\"125\" height=\"125\" srcset=\"https:\/\/whisky-francais.com\/wp-content\/uploads\/2017\/02\/certifie.jpg 125w, https:\/\/whisky-francais.com\/wp-content\/uploads\/2017\/02\/certifie-32x32.jpg 32w, https:\/\/whisky-francais.com\/wp-content\/uploads\/2017\/02\/certifie-50x50.jpg 50w, https:\/\/whisky-francais.com\/wp-content\/uploads\/2017\/02\/certifie-64x64.jpg 64w, https:\/\/whisky-francais.com\/wp-content\/uploads\/2017\/02\/certifie-96x96.jpg 96w\" sizes=\"(max-width: 125px) 100vw, 125px\" \/><\/p>\n<p>Nich\u00e9e au coeur de la campagne, Northmaen est le repr\u00e9sentant Normand sur\u00a0la sc\u00e8ne du whisky Fran\u00e7ais.\u00a0Ses whiskies sont le reflet d&rsquo;un terroir riche et g\u00e9n\u00e9reux o\u00f9 l&rsquo;\u00e2me des Dieux Nordiques veille au bon vieillissement de la production.<\/p>\n<table>\n<tbody>\n<tr>\n<td style=\"width: 147px;\">Statut<\/td>\n<td style=\"width: 583px;\">Produit et commercialise son propre whisky<\/td>\n<\/tr>\n<tr>\n<td style=\"width: 147px;\">Localisation<\/td>\n<td style=\"width: 583px;\">154 le Bourg, 76780 La Chapelle Saint-Ouen<\/p>\n<p>49\u00b032&rsquo;17 &gt;&gt; N \/ 1\u00b026&rsquo;20 &gt;&gt; E<\/td>\n<\/tr>\n<tr>\n<td style=\"width: 147px;\">Volume de Production<\/td>\n<td style=\"width: 583px;\">\u00a0Inf\u00e9rieur \u00e0 15.000 cols\/an<\/td>\n<\/tr>\n<tr>\n<td style=\"width: 147px;\">Dates Cl\u00e9s<\/td>\n<td style=\"width: 583px;\"><strong>1997<\/strong>: cr\u00e9ation de la ferme-brasserie<\/p>\n<p>D\u00e9but des <strong>ann\u00e9es 2000<\/strong>: l&rsquo;id\u00e9e de produire son propre whisky fait son chemin et donne naissance au premier whisky de la ferme-brasserie\/distillerie<\/p>\n<p><strong>2016<\/strong>: d\u00e9but de la construction du 2nd chai sec<\/td>\n<\/tr>\n<tr>\n<td style=\"width: 147px;\">Personnages Cl\u00e9s<\/td>\n<td style=\"width: 583px;\">L\u00e9o Camus (directeur)<\/p>\n<p>Romain Chigniard (brasseur)<\/p>\n<p>Thomas Renaux (responsable adjoint)<\/td>\n<\/tr>\n<tr>\n<td style=\"width: 147px;\">Gamme<\/td>\n<td style=\"width: 583px;\">\n<ul style=\"list-style-type: circle;\">\n<li>Actuelle&#8230;<\/li>\n<\/ul>\n<p><a href=\"https:\/\/whisky-francais.com\/index.php\/2017\/04\/27\/thor-boyo-42-northmaen\/\"><strong>Thor Boyo <\/strong><\/a>(3 ans d&rsquo;\u00e2ge, f\u00fbt de ch\u00eane)<\/p>\n<p><strong>Brut de f\u00fbt <\/strong>(5 ans d&rsquo;\u00e2ge, Single Cask, f\u00fbt de ch\u00eane)<\/p>\n<p><a href=\"https:\/\/whisky-francais.com\/index.php\/2019\/02\/25\/northmaen-thor-boyo-brut-de-fut-53\/\"><strong>Sleipnir <\/strong><\/a>(8 ans d&rsquo;\u00e2ge, Single Malt, f\u00fbt de ch\u00eane)<\/p>\n<p><a href=\"https:\/\/whisky-francais.com\/index.php\/2017\/04\/28\/fafnir-43-northmaen\/\"><strong>Fafn\u00edr <\/strong><\/a>(5 ans d&rsquo;\u00e2ge, Single Malt, fum\u00e9 au bois de h\u00eatre, f\u00fbt de ch\u00eane)<\/p>\n<p><a href=\"https:\/\/whisky-francais.com\/index.php\/2018\/03\/22\/kenning-424-distillerie-northmaen\/\" target=\"_blank\" rel=\"noopener\">Kenning<\/a>\u00a0 (6 ans d&rsquo;\u00e2ge, Single Malt, vieilli en f\u00fbt d&rsquo;acacia ayant contenu du Sauternes)<\/td>\n<\/tr>\n<tr>\n<td style=\"width: 147px;\">Eau<\/td>\n<td style=\"width: 583px;\">Eau de pluie, source locale<\/td>\n<\/tr>\n<tr>\n<td style=\"width: 147px;\">C\u00e9r\u00e9ales<\/td>\n<td style=\"width: 583px;\">Orge cultiv\u00e9e \u00e0 la ferme-brasserie (+\/- 80T par an)<\/p>\n<p>Malt en provenance de Stabroek \u00a0(malterie Dingemans)<\/td>\n<\/tr>\n<tr>\n<td style=\"width: 147px;\">Alambics<\/td>\n<td style=\"width: 583px;\"><a href=\"https:\/\/whisky-francais.com\/index.php\/2017\/05\/01\/lalambic-armagnacais-de-northmaen\/\">Type Armagnacais<\/a><\/td>\n<\/tr>\n<tr>\n<td style=\"width: 147px;\">Distillation<\/td>\n<td style=\"width: 583px;\">10.000L\/jour (pour un potentiel de 15.000L)<\/td>\n<\/tr>\n<tr>\n<td style=\"width: 147px;\">Type de chai<\/td>\n<td style=\"width: 583px;\">Chai humide (ex cave \u00e0 fromage)<\/p>\n<p>Chai sec<\/p>\n<p>Chai sec #2: en construction<\/td>\n<\/tr>\n<tr>\n<td style=\"width: 147px;\">F\u00fbt(s)<\/td>\n<td style=\"width: 583px;\">Ex-f\u00fbts de vin de Bordeaux<\/td>\n<\/tr>\n<tr>\n<td style=\"width: 147px;\">Donn\u00e9es Territoriales<\/td>\n<td style=\"width: 583px;\">Climat: Oc\u00e9anique temp\u00e9r\u00e9<\/p>\n<p>Altitude: 199m<\/td>\n<\/tr>\n<tr>\n<td style=\"width: 147px;\">Notes<\/td>\n<td style=\"width: 583px;\">\u00a0Retrouvez Northmaen \u00e0 la F\u00eate Viking <a href=\"http:\/\/www.northfest.fr\/\" target=\"blank\" rel=\"noopener\">North&rsquo; Fest<\/a><\/td>\n<\/tr>\n<tr>\n<td style=\"width: 147px;\">Site Web<\/td>\n<td style=\"width: 583px;\">\u00a0<a href=\"http:\/\/www.northmaen.com\/home.php?ref=index\" target=\"blank\" rel=\"noopener\">http:\/\/www.northmaen.com\/home.php?ref=index<\/a><\/td>\n<\/tr>\n<\/tbody>\n<\/table>\n","protected":false},"excerpt":{"rendered":"<p>Nich\u00e9e au coeur de la campagne, Northmaen est le repr\u00e9sentant Normand sur\u00a0la sc\u00e8ne du whisky Fran\u00e7ais.\u00a0Ses whiskies sont le reflet<\/p>\n","protected":false},"author":1,"featured_media":0,"parent":56,"menu_order":0,"comment_status":"closed","ping_status":"closed","template":"","meta":{"jetpack_post_was_ever_published":false,"footnotes":""},"class_list":["post-141","page","type-page","status-publish","hentry"],"jetpack_sharing_enabled":true,"jetpack_shortlink":"https:\/\/wp.me\/P8oZPa-2h","jetpack-related-posts":[{"id":56,"url":"https:\/\/whisky-francais.com\/index.php\/distilleries\/","url_meta":{"origin":141,"position":0},"title":"Producteurs \/ Distilleries","date":"11 f\u00e9vrier 2017","format":false,"excerpt":"Auvergne-Rh\u00f4ne-Alpes Distillerie du Drac Distillerie des Bughes Distillerie du Vercors Domaine des Hautes Glaces Distillerie des Hautes Terres AlpSpirits (ferm\u00e9e) Monsieur Balthazar Mont Blanc Ninkasi O\u2019Baptiste (Ne produit plus de whisky) Bourgogne-Franche-Comt\u00e9 Br\u00fblerie du Revermont Michel Couvreur Rouget de Lisle Bretagne La Bambelle Distillerie des Menhirs Distillerie FDC (Bale Bro)\u2026","rel":"","context":"Article similaire","img":{"alt_text":"","src":"","width":0,"height":0},"classes":[]},{"id":4214,"url":"https:\/\/whisky-francais.com\/index.php\/distilleries\/coqlicorne-company\/","url_meta":{"origin":141,"position":1},"title":"Distillerie Coqlicorne","date":"10 mars 2019","format":false,"excerpt":"La distillerie d\u00e9tient le palmar\u00e8s du plus jeune couple de producteur de whisky Fran\u00e7ais\u00a0! Laure-Anne et Liam se sont rencontr\u00e9s il y a quelques ann\u00e9es en \u00c9cosse. \ud83d\udc13 Laure-Anne, 26 ans, vient du Perche. Elle fait ses \u00e9tudes en \u00c9cosse et dans le Tennessee. C\u2019est l\u00e0 qu\u2019elle d\u00e9couvre le MOONSHINE\u2026","rel":"","context":"Article similaire","img":{"alt_text":"Coqlicorne, coqlicorne company, Liam Hope, laure-anne civet, laure anne vivet, ugo, Nogent le bernard, Nogent-le-bernard, corn whisky, whisky ma\u00c3\u00afs, whisky ma\u00c3\u00afs et orge, whisky ma\u00c3\u00afs et malt, whisky mais, whisky mais et orge, whisky mais et malt, Appalachian Pot Still, Al-Ambic, Dunnage warehouse, ch\u00c3\u00aane am\u00c3\u00a9ricain, pineau des charentes, f\u00c3\u00bbt de pineau des charentes, bourbon barrel, f\u00c3\u00bbts de Jasni\u00c3\u00a8res, f\u00c3\u00bbt de Jasni\u00c3\u00a8res, distillerie fran\u00c3\u00a7aise, whisky fran\u00c3\u00a7ais, french whisky, France, distillerie, Matthieu Acar, Xavier Brevet, Lilya Sekkal, d\u00c3\u00a9gustation, whisky, masterclass, Paris, atelier, d\u00c3\u00a9gustation, whisky Francais, whisky fran\u00c3\u00a7ais, france whisky.","src":"https:\/\/i0.wp.com\/whisky-francais.com\/wp-content\/uploads\/2019\/03\/coqlicorne_logo.jpg?resize=350%2C200","width":350,"height":200},"classes":[]},{"id":727,"url":"https:\/\/whisky-francais.com\/index.php\/contact\/","url_meta":{"origin":141,"position":2},"title":"Contact","date":"28 mars 2017","format":false,"excerpt":"\u00ab Promouvoir le savoir-faire des producteurs, Mettre en avant la richesse des terroirs, Contribuer \u00e0 la formidable aventure du Whisky Fran\u00e7ais, Telle est la volont\u00e9 de ce site qui se veut \u00eatre un point de rencontre entre les diff\u00e9rents acteurs d'un\u00a0univers en pleine effervescence. Longue vie au Whisky Fran\u00e7ais. \u00bb\u2026","rel":"","context":"Article similaire","img":{"alt_text":"","src":"https:\/\/i0.wp.com\/whisky-francais.com\/wp-content\/uploads\/2020\/10\/LOGO-LWF-CLASSIC-littlr-300x293.jpg?resize=350%2C200","width":350,"height":200},"classes":[]},{"id":2246,"url":"https:\/\/whisky-francais.com\/index.php\/distilleries\/maison-daucourt-bastille-1789\/","url_meta":{"origin":141,"position":3},"title":"Maison Daucourt (Bastille 1789)","date":"14 juillet 2017","format":false,"excerpt":"Forte d'une reconnaissance de son savoir-faire \u00e0 l'international, la Maison Daucourt propose d\u00e9sormais son whisky \"Bastille\" sur le march\u00e9 hexagonal. Statut Produit et commercialise son propre whisky depuis 2010. Localisation 24 Rue des Bosquets, 16000 Angoul\u00eame 45\u00b039'18>>N \/ 0\u00b07'42>>E Volume de Production Dates Cl\u00e9s 1996: naissance du projet whisky. 2010:\u2026","rel":"","context":"Article similaire","img":{"alt_text":"Bastille 1789 Single Malt, Bastille 1789 Blended Whisky, Maison Daucourt,Jean Marc Daucourt, Edouard Daucourt, Charles Daucourt, V\u00e9ronique Daucourt-Wilkinson, Angoul\u00eame, Charentes, Cognac, France, whisky, whisky Fran\u00e7ais, French whisky, orge, distillation, Sauternes, Bourgogne, Sherry, X\u00e9r\u00e8s. Matthieu Acar, Xavier Brevet, Lilya Sekkal, d\u00e9gustation, whisky, acad\u00e9mie, masterclass, Paris, atelier, d\u00e9gustation, whisky","src":"https:\/\/i0.wp.com\/whisky-francais.com\/wp-content\/uploads\/2017\/07\/BASTILLE.jpg?resize=350%2C200&ssl=1","width":350,"height":200},"classes":[]},{"id":131,"url":"https:\/\/whisky-francais.com\/index.php\/distilleries\/michard\/","url_meta":{"origin":141,"position":4},"title":"J.Michard","date":"17 f\u00e9vrier 2017","format":false,"excerpt":"La brasserie Michard produit en toute discr\u00e9tion\u00a0un \u00a0whisky dans la r\u00e9gion Nouvelle-Aquitaine ! La fermentation est une \u00e9tape cl\u00e9 de la production du whisky, et \u00e7a, J. Michard la bien compris, c'est pourquoi la distillerie utilise des souches de levures vivantes cultiv\u00e9es localement ! La distillerie n'embouteille que des singles\u2026","rel":"","context":"Article similaire","img":{"alt_text":"France, Whisky Fran\u00e7ais, Logo Whisky Michard, Jean Michard, Julie Michard, Whisky J.Michard, Matthieu Acar, Xavier Brevet, d\u00e9gustation, whisky, masterclass, Paris, atelier, d\u00e9gustation, whisky","src":"https:\/\/i0.wp.com\/whisky-francais.com\/wp-content\/uploads\/2017\/02\/MICHARD-whisky.png?resize=350%2C200&ssl=1","width":350,"height":200},"classes":[]},{"id":2753,"url":"https:\/\/whisky-francais.com\/index.php\/embouteilleurs-independants\/maison-benjamin-kuentz\/","url_meta":{"origin":141,"position":5},"title":"Maison Benjamin Kuentz","date":"13 septembre 2017","format":false,"excerpt":"\"La France a tout pour faire du bon whisky !\" C'est en partant de ce constat que Benjamin Kuentz a d\u00e9cid\u00e9 de monter sa propre gamme de whiskys Fran\u00e7ais. Effectivement, nous avons de longues traditions en ce qui concerne la production c\u00e9r\u00e9ali\u00e8re, la culture brassicole, la distillation et l\u2019\u00e9levage !\u2026","rel":"","context":"Article similaire","img":{"alt_text":"(D'un) Verre Printanier, Fin de Partie, Maison Benjamin Kuentz, 46%, Rozelieures, Cognac, Bourbon, Pedro Jimenez, PX, orge mat\u00e9e, whisky Fran\u00e7ais, French whisky, whisky, France, d\u00e9gustation, Passerelles, H\u00f4tel Parister, organiser, d\u00e9gustation, whisky, paris, priv\u00e9e, entreprise, \u00e9v\u00e9nement, masterclass, atelier, d\u00e9gustation, whisky","src":"https:\/\/i0.wp.com\/whisky-francais.com\/wp-content\/uploads\/2017\/09\/kuentz.png?resize=350%2C200&ssl=1","width":350,"height":200},"classes":[]}],"_links":{"self":[{"href":"https:\/\/whisky-francais.com\/index.php\/wp-json\/wp\/v2\/pages\/141"}],"collection":[{"href":"https:\/\/whisky-francais.com\/index.php\/wp-json\/wp\/v2\/pages"}],"about":[{"href":"https:\/\/whisky-francais.com\/index.php\/wp-json\/wp\/v2\/types\/page"}],"author":[{"embeddable":true,"href":"https:\/\/whisky-francais.com\/index.php\/wp-json\/wp\/v2\/users\/1"}],"replies":[{"embeddable":true,"href":"https:\/\/whisky-francais.com\/index.php\/wp-json\/wp\/v2\/comments?post=141"}],"version-history":[{"count":12,"href":"https:\/\/whisky-francais.com\/index.php\/wp-json\/wp\/v2\/pages\/141\/revisions"}],"predecessor-version":[{"id":5836,"href":"https:\/\/whisky-francais.com\/index.php\/wp-json\/wp\/v2\/pages\/141\/revisions\/5836"}],"up":[{"embeddable":true,"href":"https:\/\/whisky-francais.com\/index.php\/wp-json\/wp\/v2\/pages\/56"}],"wp:attachment":[{"href":"https:\/\/whisky-francais.com\/index.php\/wp-json\/wp\/v2\/media?parent=141"}],"curies":[{"name":"wp","href":"https:\/\/api.w.org\/{rel}","templated":true}]}}