{"id":1753,"date":"2017-06-12T14:40:20","date_gmt":"2017-06-12T12:40:20","guid":{"rendered":"http:\/\/whisky-francais.com\/?page_id=1753"},"modified":"2019-02-01T23:15:50","modified_gmt":"2019-02-01T22:15:50","slug":"brunet","status":"publish","type":"page","link":"https:\/\/whisky-francais.com\/index.php\/distilleries\/brunet\/","title":{"rendered":"Brunet"},"content":{"rendered":"<p>A l&rsquo;origine, la Maison Brunet produit du Cognac. Aujourd&rsquo;hui la production se diversifie avec du Whisky, et notamment Brenne Whisky.<\/p>\n<table>\n<tbody>\n<tr>\n<td>Statut<\/td>\n<td><\/td>\n<\/tr>\n<tr>\n<td>Localisation<\/td>\n<td><\/td>\n<\/tr>\n<tr>\n<td>Volume de Production<\/td>\n<td><\/td>\n<\/tr>\n<tr>\n<td>Dates Cl\u00e9s<\/td>\n<td><\/td>\n<\/tr>\n<tr>\n<td>Personnages Cl\u00e9s<\/td>\n<td><\/td>\n<\/tr>\n<tr>\n<td>Gamme<\/td>\n<td><\/td>\n<\/tr>\n<tr>\n<td>Eau<\/td>\n<td><\/td>\n<\/tr>\n<tr>\n<td>C\u00e9r\u00e9ales<\/td>\n<td><\/td>\n<\/tr>\n<tr>\n<td>Alambics<\/td>\n<td><\/td>\n<\/tr>\n<tr>\n<td>Distillation<\/td>\n<td><\/td>\n<\/tr>\n<tr>\n<td>Type de chai<\/td>\n<td><\/td>\n<\/tr>\n<tr>\n<td>F\u00fbt(s)<\/td>\n<td><\/td>\n<\/tr>\n<tr>\n<td>Donn\u00e9es Territoriales<\/td>\n<td><\/td>\n<\/tr>\n<tr>\n<td>Notes<\/td>\n<td><\/td>\n<\/tr>\n<tr>\n<td>Site Web<\/td>\n<td><\/td>\n<\/tr>\n<\/tbody>\n<\/table>\n","protected":false},"excerpt":{"rendered":"<p>A l&rsquo;origine, la Maison Brunet produit du Cognac. Aujourd&rsquo;hui la production se diversifie avec du Whisky, et notamment Brenne Whisky.<\/p>\n","protected":false},"author":1,"featured_media":0,"parent":56,"menu_order":0,"comment_status":"closed","ping_status":"closed","template":"","meta":{"jetpack_post_was_ever_published":false,"footnotes":""},"class_list":["post-1753","page","type-page","status-publish","hentry"],"jetpack_sharing_enabled":true,"jetpack_shortlink":"https:\/\/wp.me\/P8oZPa-sh","jetpack-related-posts":[{"id":8130,"url":"https:\/\/whisky-francais.com\/index.php\/bordeaux-distilling-company\/","url_meta":{"origin":1753,"position":0},"title":"Bordeaux distilling company","date":"28 novembre 2025","format":false,"excerpt":"La Bordeaux Distilling Company produit des Rye whisky sous la marque Aventure port\u00e9s notamment par l\u2019image de Jean Dujardin, l\u2019un des quatre associ\u00e9s \u00e0 l\u2019origine du projet. Mais la pr\u00e9sence d\u2019une ic\u00f4ne du cin\u00e9ma fran\u00e7ais ne doit pas \u00e9clipser le travail remarquable, sur le plan technique, de cette distillerie bordelaise\u2026","rel":"","context":"Article similaire","img":{"alt_text":"","src":"https:\/\/i0.wp.com\/whisky-francais.com\/wp-content\/uploads\/2025\/11\/medaillon-aventure-whisky-bordeaux-distilling-jean-dujardin.jpg?resize=350%2C200&ssl=1","width":350,"height":200},"classes":[]},{"id":131,"url":"https:\/\/whisky-francais.com\/index.php\/distilleries\/michard\/","url_meta":{"origin":1753,"position":1},"title":"J.Michard","date":"17 f\u00e9vrier 2017","format":false,"excerpt":"La brasserie Michard produit en toute discr\u00e9tion\u00a0un \u00a0whisky dans la r\u00e9gion Nouvelle-Aquitaine ! La fermentation est une \u00e9tape cl\u00e9 de la production du whisky, et \u00e7a, J. Michard la bien compris, c'est pourquoi la distillerie utilise des souches de levures vivantes cultiv\u00e9es localement ! La distillerie n'embouteille que des singles\u2026","rel":"","context":"Article similaire","img":{"alt_text":"France, Whisky Fran\u00e7ais, Logo Whisky Michard, Jean Michard, Julie Michard, Whisky J.Michard, Matthieu Acar, Xavier Brevet, d\u00e9gustation, whisky, masterclass, Paris, atelier, d\u00e9gustation, whisky","src":"https:\/\/i0.wp.com\/whisky-francais.com\/wp-content\/uploads\/2017\/02\/MICHARD-whisky.png?resize=350%2C200&ssl=1","width":350,"height":200},"classes":[]},{"id":576,"url":"https:\/\/whisky-francais.com\/index.php\/distilleries\/pertuis\/","url_meta":{"origin":1753,"position":2},"title":"Pertuis","date":"15 mars 2017","format":false,"excerpt":"Statut Produit et Commercialise son propre whisky Localisation Bi\u00e8res de R\u00e9 et Distillerie du Perthuis 11 Zac des Cl\u00e9morinands \u2013 La Noue \u2013 Sainte-Marie de R\u00e9 Volume de Production Dates Cl\u00e9s Personnages Cl\u00e9s Gamme Whisky Pertuis \"single cask\" 70cl - 41,3\u00b0\/Vol Eau C\u00e9r\u00e9ale(s) Fermentation\/Levures Alambics Distillation Type de chai F\u00fbt(s)\u2026","rel":"","context":"Article similaire","img":{"alt_text":"","src":"","width":0,"height":0},"classes":[]},{"id":987,"url":"https:\/\/whisky-francais.com\/index.php\/distilleries\/distillerie-du-castor\/","url_meta":{"origin":1753,"position":3},"title":"Distillerie Artisanale du Castor","date":"24 avril 2017","format":false,"excerpt":"Le whisky St Patrick est un single malt artisanal de Moselle. Statut Produit et Commercialise son propre whisky Localisation \ud83d\udceb Distillerie Artisanale du Castor, Avenue de la Vall\u00e9e, 57870 Troisfontaines, France. Volume de Production Dates Cl\u00e9s 2012 : D\u00e9but de la production de whisky. Personnages Cl\u00e9s Patrick Bertin : directeur\u2026","rel":"","context":"Article similaire","img":{"alt_text":"","src":"","width":0,"height":0},"classes":[]},{"id":6680,"url":"https:\/\/whisky-francais.com\/index.php\/lachanenche\/","url_meta":{"origin":1753,"position":4},"title":"Lachanenche","date":"24 avril 2023","format":false,"excerpt":"Situ\u00e9e \u00e0 plus de mille m\u00e8tres d'altitude dans la vall\u00e9e de l'Ubaye, Lachanenche est une distillerie discr\u00e8te nich\u00e9e au c\u0153ur des Alpes du Sud. Dirig\u00e9e par les fr\u00e8res Beno\u00eet et J\u00e9r\u00f4me Million-Rousseau, la distillerie offre une large gamme de spiritueux, et notamment un single malt nomm\u00e9 Laverq, le premier whisky\u2026","rel":"","context":"Article similaire","img":{"alt_text":"","src":"https:\/\/i0.wp.com\/whisky-francais.com\/wp-content\/uploads\/2023\/04\/Lachanenche-whisky-francais.jpg?resize=350%2C200&ssl=1","width":350,"height":200},"classes":[]},{"id":7093,"url":"https:\/\/whisky-francais.com\/index.php\/terre-de-biere\/","url_meta":{"origin":1753,"position":5},"title":"Terre de Bi\u00e8re","date":"16 janvier 2024","format":false,"excerpt":"Derni\u00e8re mise \u00e0 jour en Janvier 2024 C\u2019est en 2008, qu\u2019apr\u00e8s avoir \u00e9t\u00e9 salari\u00e9 dans diverses brasseries Florent Langloy, a l\u2019opportunit\u00e9 de monter sa brasserie.\u00a0 Le\u00a08\u00a0mai, Florent installe sa brasserie au 218\u00a0rue de l\u2019\u00c9cossais \u00e0 Limas en plein c\u0153ur du Beaujolais.\u00a0 Apr\u00e8s consultation d\u2019un \u00e9chantillon de consommateur essentiellement compos\u00e9 d\u2019amis,\u2026","rel":"","context":"Article similaire","img":{"alt_text":"terre de bi\u00e8res whisky fran\u00e7ais octain","src":"https:\/\/i0.wp.com\/whisky-francais.com\/wp-content\/uploads\/2024\/01\/31bc6f_e1504ee740c64e008f2cbe833cd66523mv2.png?resize=350%2C200&ssl=1","width":350,"height":200},"classes":[]}],"_links":{"self":[{"href":"https:\/\/whisky-francais.com\/index.php\/wp-json\/wp\/v2\/pages\/1753"}],"collection":[{"href":"https:\/\/whisky-francais.com\/index.php\/wp-json\/wp\/v2\/pages"}],"about":[{"href":"https:\/\/whisky-francais.com\/index.php\/wp-json\/wp\/v2\/types\/page"}],"author":[{"embeddable":true,"href":"https:\/\/whisky-francais.com\/index.php\/wp-json\/wp\/v2\/users\/1"}],"replies":[{"embeddable":true,"href":"https:\/\/whisky-francais.com\/index.php\/wp-json\/wp\/v2\/comments?post=1753"}],"version-history":[{"count":4,"href":"https:\/\/whisky-francais.com\/index.php\/wp-json\/wp\/v2\/pages\/1753\/revisions"}],"predecessor-version":[{"id":4072,"href":"https:\/\/whisky-francais.com\/index.php\/wp-json\/wp\/v2\/pages\/1753\/revisions\/4072"}],"up":[{"embeddable":true,"href":"https:\/\/whisky-francais.com\/index.php\/wp-json\/wp\/v2\/pages\/56"}],"wp:attachment":[{"href":"https:\/\/whisky-francais.com\/index.php\/wp-json\/wp\/v2\/media?parent=1753"}],"curies":[{"name":"wp","href":"https:\/\/api.w.org\/{rel}","templated":true}]}}