{"id":1848,"date":"2017-06-21T01:13:49","date_gmt":"2017-06-20T23:13:49","guid":{"rendered":"http:\/\/whisky-francais.com\/?page_id=1848"},"modified":"2020-09-02T10:59:10","modified_gmt":"2020-09-02T08:59:10","slug":"obaptiste","status":"publish","type":"page","link":"https:\/\/whisky-francais.com\/index.php\/distilleries\/obaptiste\/","title":{"rendered":"O&rsquo;Baptiste"},"content":{"rendered":"<p><img loading=\"lazy\" decoding=\"async\" data-attachment-id=\"670\" data-permalink=\"https:\/\/whisky-francais.com\/index.php\/distilleries\/gilbert-holl\/certifie\/\" data-orig-file=\"https:\/\/whisky-francais.com\/wp-content\/uploads\/2017\/02\/certifie.jpg\" data-orig-size=\"125,125\" data-comments-opened=\"1\" data-image-meta=\"{&quot;aperture&quot;:&quot;0&quot;,&quot;credit&quot;:&quot;&quot;,&quot;camera&quot;:&quot;&quot;,&quot;caption&quot;:&quot;&quot;,&quot;created_timestamp&quot;:&quot;0&quot;,&quot;copyright&quot;:&quot;&quot;,&quot;focal_length&quot;:&quot;0&quot;,&quot;iso&quot;:&quot;0&quot;,&quot;shutter_speed&quot;:&quot;0&quot;,&quot;title&quot;:&quot;&quot;,&quot;orientation&quot;:&quot;1&quot;}\" data-image-title=\"Whisky Fran\u00e7ais &#8211; French Whisky, Matthieu Acar, Xavier Brevet, d\u00e9gustation, whisky, masterclass, Paris\" data-image-description=\"&lt;p&gt;Whisky Fran\u00e7ais &#8211; French Whisky, Matthieu Acar, Xavier Brevet, d\u00e9gustation, whisky, masterclass, Paris&lt;\/p&gt;\n\" data-image-caption=\"&lt;p&gt;Whisky Fran\u00e7ais &#8211; French Whisky, Matthieu Acar, Xavier Brevet, d\u00e9gustation, whisky, masterclass, Paris, atelier, d\u00e9gustation, whisky&lt;\/p&gt;\n\" data-medium-file=\"https:\/\/whisky-francais.com\/wp-content\/uploads\/2017\/02\/certifie.jpg\" data-large-file=\"https:\/\/whisky-francais.com\/wp-content\/uploads\/2017\/02\/certifie.jpg\" class=\"size-full wp-image-670 aligncenter\" src=\"https:\/\/whisky-francais.com\/wp-content\/uploads\/2017\/02\/certifie.jpg\" alt=\"Whisky Fran\u00e7ais - French Whisky\" width=\"125\" height=\"125\" srcset=\"https:\/\/whisky-francais.com\/wp-content\/uploads\/2017\/02\/certifie.jpg 125w, https:\/\/whisky-francais.com\/wp-content\/uploads\/2017\/02\/certifie-32x32.jpg 32w, https:\/\/whisky-francais.com\/wp-content\/uploads\/2017\/02\/certifie-50x50.jpg 50w, https:\/\/whisky-francais.com\/wp-content\/uploads\/2017\/02\/certifie-64x64.jpg 64w, https:\/\/whisky-francais.com\/wp-content\/uploads\/2017\/02\/certifie-96x96.jpg 96w\" sizes=\"(max-width: 125px) 100vw, 125px\" \/><\/p>\n<p>C\u2019est suite \u00e0 la cr\u00e9ation de Malteurs \u00c9chos que Baptiste Fran\u00e7ois d\u00e9cide de cr\u00e9er la distillerie Artisanale O\u2019Baptiste en 2016, \u00e0 Valence. N\u00e9e de la volont\u00e9 de produire des spiritueux bio et riches en ar\u00f4mes, la distillerie se lance tout d\u2019abord dans la confection de Gin (O\u2019Gin), Vodka (O\u2019Dka), Gentiane (O\u2019Gentiane) et de liqueur de cacao (La Valentine). Son whisky, actuellement en vieillissement, ne sera propos\u00e9 \u00e0 la vente qu\u2019\u00e0 l\u2019horizon 2020.<\/p>\n<p>Soucieux de rester dans la m\u00eame d\u00e9marche que <a href=\"https:\/\/whisky-francais.com\/index.php\/2017\/06\/30\/malteurs-echos-un-exemple-de-malterie-artisanale-cooperative-bio\/\">Malteurs \u00c9chos<\/a>, le whisky sera le reflet d\u2019une r\u00e9gion dans la mesure o\u00f9 les lieux de production de la mati\u00e8re premi\u00e8re, du malt et du distillat se trouvent dans un rayon de 100km.<\/p>\n<table>\n<tbody>\n<tr>\n<td>Statut<\/td>\n<td>Produit un New make depuis 2017. Commercialisera son 1er whisky \u00e0 l&rsquo;horizon <strong>2020<\/strong>.<\/td>\n<\/tr>\n<tr>\n<td>Localisation<\/td>\n<td>2 route des s\u00e9quoias, 15400 Saint-\u00c9tienne-de-Chomeil<\/td>\n<\/tr>\n<tr>\n<td>Volume de Production<\/td>\n<td>6000 cols \/ an (1\u00e8re ann\u00e9e)<\/td>\n<\/tr>\n<tr>\n<td>Dates Cl\u00e9s<\/td>\n<td><strong>\u00c9t\u00e9 2016<\/strong>: d\u00e9but du projet distillerie.<\/p>\n<p>\u00c9t\u00e9 2016 &#8211; Hiver 2016: collecte et d\u00e9blocage des fonds. Achat du 1er alambic.<\/p>\n<p><strong>Printemps 2017<\/strong>: arriv\u00e9e du nouvel alambic.<\/p>\n<p>Juin 2017: lancement de l&rsquo;eau de vie de malt O&rsquo;DKA (37,5%).<\/p>\n<p>Sept 2017 production d&rsquo;esprit de bi\u00e8re et de rhum<\/p>\n<p>Mars 2018 : m\u00e9daille d&rsquo;argent \u00e0 Lyon pour l&rsquo;esprit de bi\u00e8re<\/td>\n<\/tr>\n<tr>\n<td>Personnages Cl\u00e9s<\/td>\n<td><strong>Baptiste Fran\u00e7ois<\/strong> (fondateur)<\/p>\n<p>Sous-traitance de la production du mo\u00fbt en collaboration avec la <a href=\"https:\/\/www.brasserie-pleinelune.fr\/\" target=\"_blank\" rel=\"noopener noreferrer\">Brasserie de la Pleine Lune<\/a>.<\/td>\n<\/tr>\n<tr>\n<td>Gamme<\/td>\n<td><strong>Whisky Simple d&rsquo;O<\/strong>: 390 bt de 50cl. Mise sur le march\u00e9 courant 2020. Droit de tirage, en vente d\u00e8s \u00e0 pr\u00e9sent. 2 autres f\u00fbts sont en vieillissement. Ils donneront les futurs comptes-d&rsquo;\u00e2ges cons\u00e9quents de la distillerie.<\/p>\n<p><strong>Esprit de bi\u00e8re :<\/strong> distillation de bi\u00e8res artisanales, 50cl 40%<\/p>\n<p><strong>Rhum blanc :<\/strong> fermentation et distillation de m\u00e9lasse de canne \u00e0 sucre bio de Tha\u00eflande, 50cl 45%<\/p>\n<p><strong>Rhum ambr\u00e9 :<\/strong> affinage de ce rhum blanc en f\u00fbts d&rsquo;acacia pour apport de tanins et de notes vanill\u00e9s.<\/p>\n<p><strong>Vodka :<\/strong> \u00e0 base de malt et d&rsquo;esprit de bi\u00e8re 45% 50 cl &#8211; 4 distillations en m\u00e9thode cognacaise<\/p>\n<p><strong>Gin :<\/strong> london dry aux trois \u00e9pices : geni\u00e8vre, poivre et clou de girofle 40% 50 cl<\/p>\n<p><strong>Esprit de malt :<\/strong> sortie fin aout 2018 &#8211; 6 mois d&rsquo;affinage en f\u00fbt de ch\u00eane<\/td>\n<\/tr>\n<tr>\n<td>Eau<\/td>\n<td>Eau de Valence filtr\u00e9e.<\/td>\n<\/tr>\n<tr>\n<td>C\u00e9r\u00e9ales<\/td>\n<td>Le whisky sera compos\u00e9 \u00e0 :<\/p>\n<p>\ud83c\udf3e 60% d&rsquo;orge<\/p>\n<p>\ud83c\udf3e 40% de Seigle<\/td>\n<\/tr>\n<tr>\n<td>Alambics<\/td>\n<td>\n<ul>\n<li>1 alambic de 50L, fabriqu\u00e9 au Portugal<\/li>\n<\/ul>\n<ul>\n<li>1 alambic de 500L (livr\u00e9 en Juin 2017), fabriqu\u00e9 au Portugal.<\/li>\n<\/ul>\n<\/td>\n<\/tr>\n<tr>\n<td>Distillation<\/td>\n<td>\u00c0 repasse<\/td>\n<\/tr>\n<tr>\n<td>Type de Chai<\/td>\n<td><strong>Sec<\/strong><\/td>\n<\/tr>\n<tr>\n<td>F\u00fbts<\/td>\n<td>F\u00fbts neufs de ch\u00eane Fran\u00e7ais<\/p>\n<p>Ex-f\u00fbts de :<\/p>\n<p>\ud83e\udd43 Bourbon<\/p>\n<p>\ud83c\udf47 C\u00f4tes-du-Rh\u00f4ne<\/td>\n<\/tr>\n<tr>\n<td>Donn\u00e9es Territoriales<\/td>\n<td>Climat : temp\u00e9r\u00e9 chaud, pr\u00e9cipitations de 829mm\/an<\/p>\n<p>\ud83c\udf21 Temp\u00e9rature moyenne de 12,4\u00b0C.<\/p>\n<p>Altitude : 151m.<\/td>\n<\/tr>\n<tr>\n<td>Notes<\/td>\n<td><\/td>\n<\/tr>\n<tr>\n<td>Sites<\/td>\n<td><a href=\"https:\/\/www.obaptiste.com\/page\/homepage\" target=\"blank\" rel=\"noopener noreferrer\">https:\/\/www.obaptiste.com\/page\/homepage<\/a><\/p>\n<p><a href=\"https:\/\/www.facebook.com\/obaptistevodka\/\" target=\"blank\" rel=\"noopener noreferrer\">https:\/\/www.facebook.com\/obaptistedistillerie\/<\/a><\/td>\n<\/tr>\n<\/tbody>\n<\/table>\n<p><img loading=\"lazy\" decoding=\"async\" data-attachment-id=\"1870\" data-permalink=\"https:\/\/whisky-francais.com\/index.php\/distilleries\/obaptiste\/obaptiste2\/\" data-orig-file=\"https:\/\/whisky-francais.com\/wp-content\/uploads\/2017\/06\/OBAPTISTE2.jpg\" data-orig-size=\"980,735\" data-comments-opened=\"0\" data-image-meta=\"{&quot;aperture&quot;:&quot;1.9&quot;,&quot;credit&quot;:&quot;&quot;,&quot;camera&quot;:&quot;SM-A310F&quot;,&quot;caption&quot;:&quot;&quot;,&quot;created_timestamp&quot;:&quot;0&quot;,&quot;copyright&quot;:&quot;&quot;,&quot;focal_length&quot;:&quot;3.7&quot;,&quot;iso&quot;:&quot;50&quot;,&quot;shutter_speed&quot;:&quot;0.02&quot;,&quot;title&quot;:&quot;&quot;,&quot;orientation&quot;:&quot;1&quot;}\" data-image-title=\"O&amp;rsquo;Baptiste, Baptiste Fran\u00e7ois, whisky bio, whisky Fran\u00e7ais, French whisky, Valence, Whisky Simple d&amp;rsquo;O, O&amp;rsquo;DKA, Bourbon, C\u00f4tes-du Rh\u00f4ne, Matthieu Acar, Xavier Brevet, d\u00e9gustation, whisky, masterclass, Paris\" data-image-description=\"\" data-image-caption=\"&lt;p&gt;O&amp;rsquo;Baptiste, Baptiste Fran\u00e7ois, whisky bio, whisky Fran\u00e7ais, French whisky, Valence, Whisky Simple d&amp;rsquo;O, O&amp;rsquo;DKA, Bourbon, C\u00f4tes-du Rh\u00f4ne, Matthieu Acar, Xavier Brevet, Lilya Sekkal, d\u00e9gustation, whisky, acad\u00e9mie, masterclass, Paris, atelier, d\u00e9gustation, whisky&lt;\/p&gt;\n\" data-medium-file=\"https:\/\/whisky-francais.com\/wp-content\/uploads\/2017\/06\/OBAPTISTE2-300x225.jpg\" data-large-file=\"https:\/\/whisky-francais.com\/wp-content\/uploads\/2017\/06\/OBAPTISTE2.jpg\" class=\"alignnone size-full wp-image-1870\" src=\"https:\/\/whisky-francais.com\/wp-content\/uploads\/2017\/06\/OBAPTISTE2.jpg\" alt=\"\" width=\"980\" height=\"735\" srcset=\"https:\/\/whisky-francais.com\/wp-content\/uploads\/2017\/06\/OBAPTISTE2.jpg 980w, https:\/\/whisky-francais.com\/wp-content\/uploads\/2017\/06\/OBAPTISTE2-300x225.jpg 300w, https:\/\/whisky-francais.com\/wp-content\/uploads\/2017\/06\/OBAPTISTE2-768x576.jpg 768w\" sizes=\"(max-width: 980px) 100vw, 980px\" \/><\/p>\n","protected":false},"excerpt":{"rendered":"<p>C\u2019est suite \u00e0 la cr\u00e9ation de Malteurs \u00c9chos que Baptiste Fran\u00e7ois d\u00e9cide de cr\u00e9er la distillerie Artisanale O\u2019Baptiste en 2016,<\/p>\n","protected":false},"author":2,"featured_media":1851,"parent":56,"menu_order":0,"comment_status":"closed","ping_status":"closed","template":"","meta":{"jetpack_post_was_ever_published":false,"footnotes":""},"class_list":["post-1848","page","type-page","status-publish","has-post-thumbnail","hentry"],"jetpack_sharing_enabled":true,"jetpack_shortlink":"https:\/\/wp.me\/P8oZPa-tO","jetpack-related-posts":[{"id":1684,"url":"https:\/\/whisky-francais.com\/index.php\/distilleries\/distillerie-du-vercors\/","url_meta":{"origin":1848,"position":0},"title":"Distillerie du Vercors","date":"14 juin 2017","format":false,"excerpt":"Situ\u00e9e dans une ancienne magnanerie (b\u00e2timent destin\u00e9 \u00e0 l'\u00e9levage des vers \u00e0 soie, datant de 1673), \u00e0 proximit\u00e9 de sources d'eau pure du Parc National du Vercors, la Distillerie \u00e9ponyme a ouvert ses portes en 2015. C'est dans ce cadre idyllique (la Dr\u00f4me est le 1er d\u00e9partement bio de France\u2026","rel":"","context":"Article similaire","img":{"alt_text":"France, Distillerie du Vercors, Eric Cordelle, Anne H\u00e9l\u00e8ne Cordelle, Saint-Jean-en-Royans, alambic basse pression, aged malt spirit, whisky bio, whisky Fran\u00e7ais, French Whisky, Single Malt, Matthieu Acar, Xavier Brevet, d\u00e9gustation, whisky, masterclass, Paris, atelier, d\u00e9gustation, whisky","src":"https:\/\/i0.wp.com\/whisky-francais.com\/wp-content\/uploads\/2017\/06\/IMG_6211.jpg?resize=350%2C200&ssl=1","width":350,"height":200},"classes":[]},{"id":56,"url":"https:\/\/whisky-francais.com\/index.php\/distilleries\/","url_meta":{"origin":1848,"position":1},"title":"Producteurs \/ Distilleries","date":"11 f\u00e9vrier 2017","format":false,"excerpt":"Auvergne-Rh\u00f4ne-Alpes Distillerie du Drac Distillerie des Bughes Distillerie du Vercors Domaine des Hautes Glaces Distillerie des Hautes Terres AlpSpirits (ferm\u00e9e) Monsieur Balthazar Mont Blanc Ninkasi O\u2019Baptiste (Ne produit plus de whisky) Bourgogne-Franche-Comt\u00e9 Br\u00fblerie du Revermont Michel Couvreur Rouget de Lisle Bretagne La Bambelle Distillerie des Menhirs Distillerie FDC (Bale Bro)\u2026","rel":"","context":"Article similaire","img":{"alt_text":"","src":"","width":0,"height":0},"classes":[]},{"id":4092,"url":"https:\/\/whisky-francais.com\/index.php\/distilleries\/moby-dick\/","url_meta":{"origin":1848,"position":2},"title":"Moby Dick","date":"12 f\u00e9vrier 2019","format":false,"excerpt":"\u00ab\u00a0Dans le whisky il y a un c\u00f4t\u00e9 qui donne le vertige. Nous sommes dans des \u00e9chelles qui donnent un autre aper\u00e7u du temps, du go\u00fbt et des saveurs.\u00a0\u00bb \u00c9tienne Jacques. Avec son r\u00e9cent emm\u00e9nagement en Bretagne, la distillerie Moby Dick ajoute une nouvelle corde \u00e0 son arc avec la\u2026","rel":"","context":"Article similaire","img":{"alt_text":"Moby Dick, \u00c9tienne Jacques, Plogoff, The Sky, Whisky Fran\u00e7ais, Lilya Sekkal, French Whisky, Matthieu Acar, Xavier Brevet, d\u00e9gustation, whisky, masterclass, Paris, atelier, d\u00e9gustation","src":"https:\/\/i0.wp.com\/whisky-francais.com\/wp-content\/uploads\/2019\/02\/MD2-1.jpg?resize=350%2C200&ssl=1","width":350,"height":200},"classes":[]},{"id":5988,"url":"https:\/\/whisky-francais.com\/index.php\/distillerie-du-cotentin\/","url_meta":{"origin":1848,"position":3},"title":"Distillerie du Cotentin","date":"11 avril 2021","format":false,"excerpt":"Derni\u00e8re mise \u00e0 jour : Octobre 2025 Laurence Giraud \u00e0 Saint-Germain-le-Gaillard le 3 mars 2021. Micro distillerie produisant du whisky et de l'alcool d'orge malt\u00e9e issue de l'agriculture locale. Le parcours de Laurence est atypique et provient d\u2019histoires de rencontres ! Elle passe de quelques belles ann\u00e9es dans l\u2019\u00e9ducation populaire,\u2026","rel":"","context":"Article similaire","img":{"alt_text":"","src":"https:\/\/i0.wp.com\/whisky-francais.com\/wp-content\/uploads\/2021\/04\/distillerie-du-cotentin-3-1-scaled.jpg?resize=350%2C200&ssl=1","width":350,"height":200},"classes":[]},{"id":6990,"url":"https:\/\/whisky-francais.com\/index.php\/la-bambelle\/","url_meta":{"origin":1848,"position":4},"title":"La Bambelle","date":"1 novembre 2023","format":false,"excerpt":"Derni\u00e8res mises \u00e0 jour : Novembre 2023 Situ\u00e9e \u00e0 Saint-Grav\u00e9, dans le Morbihan, La Bambelle est avant tout une ferme-brasserie ! Au sein de cette entreprise, chaque personne exerce la totalit\u00e9 des m\u00e9tiers ! La Culture des c\u00e9r\u00e9ales bien sur, mais aussi le maltage, la brasserie, la comptabilit\u00e9, la logistique\u2026","rel":"","context":"Article similaire","img":{"alt_text":"","src":"https:\/\/i0.wp.com\/whisky-francais.com\/wp-content\/uploads\/2023\/11\/brasserie-la-bambelle-logo.jpg?resize=350%2C200&ssl=1","width":350,"height":200},"classes":[]},{"id":7700,"url":"https:\/\/whisky-francais.com\/index.php\/brasserie-distillerie-de-vauclair\/","url_meta":{"origin":1848,"position":5},"title":"Brasserie distillerie de Vauclair","date":"15 janvier 2025","format":false,"excerpt":"En septembre 2024, la brasserie-distillerie de Vauclair, r\u00e9put\u00e9e pour ses bi\u00e8res de qualit\u00e9 \"La Choue\", a embouteill\u00e9 son tout premier whisky, baptis\u00e9 \u00ab Le Cahou \u00bb. Derri\u00e8re cette anagramme de \u00ab La Choue \u00bb se cache un superbe single malt dont les racines remontent \u00e0 pr\u00e8s d\u2019un demi mill\u00e9naire !\u2026","rel":"","context":"Article similaire","img":{"alt_text":"","src":"https:\/\/i0.wp.com\/whisky-francais.com\/wp-content\/uploads\/2025\/01\/brasserie-distillerie-de-Vauclair-le-cahou-whisky-francais-tete-de-fut.jpg?resize=350%2C200&ssl=1","width":350,"height":200},"classes":[]}],"_links":{"self":[{"href":"https:\/\/whisky-francais.com\/index.php\/wp-json\/wp\/v2\/pages\/1848"}],"collection":[{"href":"https:\/\/whisky-francais.com\/index.php\/wp-json\/wp\/v2\/pages"}],"about":[{"href":"https:\/\/whisky-francais.com\/index.php\/wp-json\/wp\/v2\/types\/page"}],"author":[{"embeddable":true,"href":"https:\/\/whisky-francais.com\/index.php\/wp-json\/wp\/v2\/users\/2"}],"replies":[{"embeddable":true,"href":"https:\/\/whisky-francais.com\/index.php\/wp-json\/wp\/v2\/comments?post=1848"}],"version-history":[{"count":25,"href":"https:\/\/whisky-francais.com\/index.php\/wp-json\/wp\/v2\/pages\/1848\/revisions"}],"predecessor-version":[{"id":4921,"href":"https:\/\/whisky-francais.com\/index.php\/wp-json\/wp\/v2\/pages\/1848\/revisions\/4921"}],"up":[{"embeddable":true,"href":"https:\/\/whisky-francais.com\/index.php\/wp-json\/wp\/v2\/pages\/56"}],"wp:featuredmedia":[{"embeddable":true,"href":"https:\/\/whisky-francais.com\/index.php\/wp-json\/wp\/v2\/media\/1851"}],"wp:attachment":[{"href":"https:\/\/whisky-francais.com\/index.php\/wp-json\/wp\/v2\/media?parent=1848"}],"curies":[{"name":"wp","href":"https:\/\/api.w.org\/{rel}","templated":true}]}}