{"id":1882,"date":"2017-06-21T15:09:38","date_gmt":"2017-06-21T13:09:38","guid":{"rendered":"http:\/\/whisky-francais.com\/?page_id=1882"},"modified":"2019-02-05T19:10:04","modified_gmt":"2019-02-05T18:10:04","slug":"naguelann","status":"publish","type":"page","link":"https:\/\/whisky-francais.com\/index.php\/distilleries\/naguelann\/","title":{"rendered":"Naguelann"},"content":{"rendered":"<p><img loading=\"lazy\" decoding=\"async\" data-attachment-id=\"3744\" data-permalink=\"https:\/\/whisky-francais.com\/index.php\/distilleries\/naguelann\/naguelann2\/\" data-orig-file=\"https:\/\/whisky-francais.com\/wp-content\/uploads\/2017\/06\/NAGUELANN2.png\" data-orig-size=\"794,206\" data-comments-opened=\"0\" data-image-meta=\"{&quot;aperture&quot;:&quot;0&quot;,&quot;credit&quot;:&quot;&quot;,&quot;camera&quot;:&quot;&quot;,&quot;caption&quot;:&quot;&quot;,&quot;created_timestamp&quot;:&quot;0&quot;,&quot;copyright&quot;:&quot;&quot;,&quot;focal_length&quot;:&quot;0&quot;,&quot;iso&quot;:&quot;0&quot;,&quot;shutter_speed&quot;:&quot;0&quot;,&quot;title&quot;:&quot;&quot;,&quot;orientation&quot;:&quot;0&quot;}\" data-image-title=\"Naguelann, L\u00e9na\u00efck Lemaitre, Jean Ren\u00e9 Talopp, distillerie, embouteilleur ind\u00e9pendant, Ar Koad, Pinot Noir, Sauvignon, Cidre, Saint \u00c9milion, Bourbon, Sherry, Mesk, Grand&amp;rsquo;Pa, Ed Unan, Koazh, Single Malt, Dieil, Planco\u00ebt, Orge, Bl\u00e9 Noir, Spirit Still, Wash Still, Saint Malo, Languenan, Bretagne, France, Matthieu Acar, Xavier Brevet, Lilya Sekkal, d\u00e9gustation, acad\u00e9mie, masterclass, Paris\" data-image-description=\"&lt;p&gt;Naguelann, L\u00e9na\u00efck Lemaitre, Jean Ren\u00e9 Talopp, distillerie, embouteilleur ind\u00e9pendant, Ar Koad, Pinot Noir, Sauvignon, Cidre, Saint \u00c9milion, Bourbon, Sherry, Mesk, Grand&amp;rsquo;Pa, Ed Unan, Koazh, Single Malt, Dieil, Planco\u00ebt, Orge, Bl\u00e9 Noir, Spirit Still, Wash Still, Saint Malo, Languenan, Bretagne, France, Matthieu Acar, Xavier Brevet, Lilya Sekkal, d\u00e9gustation, acad\u00e9mie, masterclass, Paris&lt;\/p&gt;\n\" data-image-caption=\"&lt;p&gt;Naguelann, L\u00e9na\u00efck Lemaitre, Jean Ren\u00e9 Talopp, distillerie, embouteilleur ind\u00e9pendant, Ar Koad, Pinot Noir, Sauvignon, Cidre, Saint \u00c9milion, Bourbon, Sherry, Mesk, Grand&amp;rsquo;Pa, Ed Unan, Koazh, Single Malt, Dieil, Planco\u00ebt, Orge, Bl\u00e9 Noir, Spirit Still, Wash Still, Saint Malo, Languenan, Bretagne, France, Matthieu Acar, Xavier Brevet, Lilya Sekkal, d\u00e9gustation, acad\u00e9mie, masterclass, Paris&lt;\/p&gt;\n\" data-medium-file=\"https:\/\/whisky-francais.com\/wp-content\/uploads\/2017\/06\/NAGUELANN2-300x78.png\" data-large-file=\"https:\/\/whisky-francais.com\/wp-content\/uploads\/2017\/06\/NAGUELANN2.png\" class=\"aligncenter wp-image-3744\" src=\"https:\/\/whisky-francais.com\/wp-content\/uploads\/2017\/06\/NAGUELANN2.png\" alt=\"\" width=\"550\" height=\"143\" srcset=\"https:\/\/whisky-francais.com\/wp-content\/uploads\/2017\/06\/NAGUELANN2.png 794w, https:\/\/whisky-francais.com\/wp-content\/uploads\/2017\/06\/NAGUELANN2-300x78.png 300w, https:\/\/whisky-francais.com\/wp-content\/uploads\/2017\/06\/NAGUELANN2-768x199.png 768w\" sizes=\"(max-width: 550px) 100vw, 550px\" \/><\/p>\n<p><img loading=\"lazy\" decoding=\"async\" data-attachment-id=\"670\" data-permalink=\"https:\/\/whisky-francais.com\/index.php\/distilleries\/gilbert-holl\/certifie\/\" data-orig-file=\"https:\/\/whisky-francais.com\/wp-content\/uploads\/2017\/02\/certifie.jpg\" data-orig-size=\"125,125\" data-comments-opened=\"1\" data-image-meta=\"{&quot;aperture&quot;:&quot;0&quot;,&quot;credit&quot;:&quot;&quot;,&quot;camera&quot;:&quot;&quot;,&quot;caption&quot;:&quot;&quot;,&quot;created_timestamp&quot;:&quot;0&quot;,&quot;copyright&quot;:&quot;&quot;,&quot;focal_length&quot;:&quot;0&quot;,&quot;iso&quot;:&quot;0&quot;,&quot;shutter_speed&quot;:&quot;0&quot;,&quot;title&quot;:&quot;&quot;,&quot;orientation&quot;:&quot;1&quot;}\" data-image-title=\"Whisky Fran\u00e7ais &#8211; French Whisky, Matthieu Acar, Xavier Brevet, d\u00e9gustation, whisky, masterclass, Paris\" data-image-description=\"&lt;p&gt;Whisky Fran\u00e7ais &#8211; French Whisky, Matthieu Acar, Xavier Brevet, d\u00e9gustation, whisky, masterclass, Paris&lt;\/p&gt;\n\" data-image-caption=\"&lt;p&gt;Whisky Fran\u00e7ais &#8211; French Whisky, Matthieu Acar, Xavier Brevet, d\u00e9gustation, whisky, masterclass, Paris, atelier, d\u00e9gustation, whisky&lt;\/p&gt;\n\" data-medium-file=\"https:\/\/whisky-francais.com\/wp-content\/uploads\/2017\/02\/certifie.jpg\" data-large-file=\"https:\/\/whisky-francais.com\/wp-content\/uploads\/2017\/02\/certifie.jpg\" class=\"size-full wp-image-670 alignleft\" src=\"https:\/\/whisky-francais.com\/wp-content\/uploads\/2017\/02\/certifie.jpg\" alt=\"Whisky Fran\u00e7ais - French Whisky, Matthieu Acar, Xavier Brevet, d\u00e9gustation, whisky, masterclass, Paris, atelier, d\u00e9gustation, whisky\" width=\"125\" height=\"125\" srcset=\"https:\/\/whisky-francais.com\/wp-content\/uploads\/2017\/02\/certifie.jpg 125w, https:\/\/whisky-francais.com\/wp-content\/uploads\/2017\/02\/certifie-32x32.jpg 32w, https:\/\/whisky-francais.com\/wp-content\/uploads\/2017\/02\/certifie-50x50.jpg 50w, https:\/\/whisky-francais.com\/wp-content\/uploads\/2017\/02\/certifie-64x64.jpg 64w, https:\/\/whisky-francais.com\/wp-content\/uploads\/2017\/02\/certifie-96x96.jpg 96w\" sizes=\"(max-width: 125px) 100vw, 125px\" \/> <img loading=\"lazy\" decoding=\"async\" data-attachment-id=\"732\" data-permalink=\"https:\/\/whisky-francais.com\/index.php\/embouteilleurs-independants\/awa\/certifie2\/\" data-orig-file=\"https:\/\/whisky-francais.com\/wp-content\/uploads\/2017\/03\/certifie2.jpg\" data-orig-size=\"125,125\" data-comments-opened=\"1\" data-image-meta=\"{&quot;aperture&quot;:&quot;0&quot;,&quot;credit&quot;:&quot;&quot;,&quot;camera&quot;:&quot;&quot;,&quot;caption&quot;:&quot;&quot;,&quot;created_timestamp&quot;:&quot;0&quot;,&quot;copyright&quot;:&quot;&quot;,&quot;focal_length&quot;:&quot;0&quot;,&quot;iso&quot;:&quot;0&quot;,&quot;shutter_speed&quot;:&quot;0&quot;,&quot;title&quot;:&quot;&quot;,&quot;orientation&quot;:&quot;1&quot;}\" data-image-title=\"Whisky Fran\u00e7ais &#8211; French Whisky, Matthieu Acar, Xavier Brevet, d\u00e9gustation, whisky, masterclass, Paris\" data-image-description=\"&lt;p&gt;Whisky Fran\u00e7ais &#8211; French Whisky, Matthieu Acar, Xavier Brevet, d\u00e9gustation, whisky, masterclass, Paris&lt;\/p&gt;\n\" data-image-caption=\"&lt;p&gt;Whisky Fran\u00e7ais &#8211; French Whisky, Matthieu Acar, Xavier Brevet, d\u00e9gustation, whisky, masterclass, Paris, atelier, d\u00e9gustation, whisky&lt;\/p&gt;\n\" data-medium-file=\"https:\/\/whisky-francais.com\/wp-content\/uploads\/2017\/03\/certifie2.jpg\" data-large-file=\"https:\/\/whisky-francais.com\/wp-content\/uploads\/2017\/03\/certifie2.jpg\" class=\"size-full wp-image-732 alignright\" src=\"https:\/\/whisky-francais.com\/wp-content\/uploads\/2017\/03\/certifie2.jpg\" alt=\"Whisky Fran\u00e7ais - French Whisky, Matthieu Acar, Xavier Brevet, d\u00e9gustation, whisky, masterclass, Paris, atelier, d\u00e9gustation, whisky\" width=\"125\" height=\"125\" srcset=\"https:\/\/whisky-francais.com\/wp-content\/uploads\/2017\/03\/certifie2.jpg 125w, https:\/\/whisky-francais.com\/wp-content\/uploads\/2017\/03\/certifie2-32x32.jpg 32w, https:\/\/whisky-francais.com\/wp-content\/uploads\/2017\/03\/certifie2-50x50.jpg 50w, https:\/\/whisky-francais.com\/wp-content\/uploads\/2017\/03\/certifie2-64x64.jpg 64w, https:\/\/whisky-francais.com\/wp-content\/uploads\/2017\/03\/certifie2-96x96.jpg 96w\" sizes=\"(max-width: 125px) 100vw, 125px\" \/><\/p>\n<p>&nbsp;<\/p>\n<p style=\"text-align: center;\"><strong>\u00ab\u00a0Naguelann c\u2019est avant tout une fa\u00e7on de faire !\u00a0\u00bb<\/strong><\/p>\n<p>&nbsp;<\/p>\n<p>S\u2019illustrant \u00e0 la fois en tant que distillateur et embouteilleur ind\u00e9pendant, Naguelann tient son originalit\u00e9 de cette double casquette, fondamentale dans la qu\u00eate du go\u00fbt men\u00e9e par L\u00e9na\u00efck Lemaitre et ses \u00e9quipes.<\/p>\n<table>\n<tbody>\n<tr>\n<td>Statut<\/td>\n<td>Produit et Commercialise son propre whisky<\/td>\n<\/tr>\n<tr>\n<td>Localisation<\/td>\n<td><strong>Distillerie Naguelann\u00a0<\/strong>: Le Haut Callouet, 22130 Languenan, France.<\/p>\n<p><strong>Boutique et Bar \u00e0 D\u00e9gustation: <\/strong>Ar Koad,\u00a02 Rue du Boyer, 35400 Saint-Malo, France.<\/td>\n<\/tr>\n<tr>\n<td>Volume de Production<\/td>\n<td>La production est inf\u00e9rieure \u00e0 20 f\u00fbts\/an. Elle devrait augmenter \u00e0 partir de 2019-2020 avec l\u2019arriv\u00e9e des whiskies distill\u00e9s \u00e0 la distillerie m\u00eame.<\/p>\n<p>NB:\u00a0L\u2019aventure a d\u00e9but\u00e9 en 2014 avec seulement 3 f\u00fbts en vieillissement!<\/td>\n<\/tr>\n<tr>\n<td>Dates Cl\u00e9s<\/td>\n<td>2009\u00a0: D\u00e9but du projet.<\/p>\n<blockquote><p>\u00ab\u00a0Je m\u2019aper\u00e7ois cette ann\u00e9e-l\u00e0\u00a0que les whiskies de malt produits en France sont top malgr\u00e9 un d\u00e9ficit en terme d\u2019image. C\u2019est le d\u00e9but d\u2019une r\u00e9flexion menant \u00e0 la cr\u00e9ation de Naguelann. \u00bb<em> L\u00e9na\u00efck. L.<\/em><\/p><\/blockquote>\n<p>2012 &#8211; 2013\u00a0: Mise en place du projet en collaboration avec la <a href=\"https:\/\/whisky-francais.com\/index.php\/distilleries\/warenghem\/\" target=\"_blank\" rel=\"noopener\">Distillerie Warenghem<\/a>. Quelques dizaines de litres de whisky sont alors mis en petits f\u00fbts de cidre pour un affinage de plusieurs mois.<\/p>\n<p><strong>2014\u00a0<\/strong>: Naissance de Naguelann\u00a0!<\/p>\n<p>&gt; 3 f\u00fbts (Pinot Noir, Sauvignon Blanc &amp; Cidre) assurent le vieillissement et l\u2019affinage des premi\u00e8res cuv\u00e9es.<\/p>\n<blockquote><p>\u00ab\u00a0Le challenge est alors d\u2019accepter la jeunesse des whiskies. La diversit\u00e9 des f\u00fbts s\u2019explique par une volont\u00e9 de triturer les distillats afin d\u2019en sortir une signature significative.\u00a0\u00bb\u00a0<em>L. L.<\/em><\/p><\/blockquote>\n<p><strong>2016<\/strong>\u00a0: Acquisition d\u2019un 1<sup>er<\/sup> alambic (500L) pour <em>\u00ab\u00a0singulariser les assemblages et gagner en originalit\u00e9\u00a0\u00bb.<\/em><\/p>\n<p><strong>2017<\/strong>\u00a0: Acquisition d\u2019un 2<sup>\u00e8me<\/sup> alambic (1000L) et partenariat avec la Maison L\u00e9da pour la distribution des spiritueux alors pr\u00e9vue pour d\u00e9but 2018.<\/td>\n<\/tr>\n<tr>\n<td>Personnages Cl\u00e9s<\/td>\n<td>\n<ul>\n<li><strong>L\u00e9na\u00efck Lemaitre<\/strong>\u00a0: Fondateur<\/li>\n<\/ul>\n<p>&nbsp;<\/p>\n<ul>\n<li><strong>Jean-Ren\u00e9 Talopp<\/strong>\u00a0: Associ\u00e9 et directeur artistique (Logo\/Packaging)<\/li>\n<\/ul>\n<\/td>\n<\/tr>\n<tr>\n<td>Gamme<\/td>\n<td><a href=\"https:\/\/whisky-francais.com\/index.php\/2018\/10\/28\/naguelann-mesk-tantad-44\/\" target=\"_blank\" rel=\"noopener\"><strong>\ud83e\udd43 Mesk<\/strong><\/a><\/p>\n<p>&gt; D\u00e9nomination utilis\u00e9e pour les whiskies d\u2019assemblage &#8211; bouteille de 50cl \u2013 malt d\u2019orge et\u00a0bl\u00e9 noir.<\/p>\n<p><a href=\"https:\/\/whisky-francais.com\/index.php\/2018\/06\/05\/grandpa-45-naguelann-whisky-breton-single-malt\/\" target=\"_blank\" rel=\"noopener\"><strong>\ud83e\udd43 Grand\u2019Pa<\/strong><\/a><\/p>\n<p>&gt; D\u00e9nomination utilis\u00e9e pour les whiskies affin\u00e9s en f\u00fbts de Cidre &#8211; bouteille de 50cl.<\/p>\n<p><strong>\ud83e\udd43 Ed Unan <\/strong><\/p>\n<p>&gt; Devient \u00ab\u00a0<strong>Koazh<\/strong>\u00a0\u00bb ( = \u00ab\u00a0la r\u00e9duction\u00a0\u00bb) en 2019 avec l\u2019arriv\u00e9e de nouveaux f\u00fbts de 40 et 50L neufs et ex-Sherry.<\/p>\n<p>\u00c0 venir\u00a0:<\/p>\n<p><strong>\ud83e\udd43 Naguelann Single Malt<\/strong> \u00ab\u00a0<strong>DIEIL<\/strong>\u00a0\u00bb ( = \u00ab\u00a0Rare\u00a0\u00bb)<\/p>\n<p>&gt; Pr\u00e9vu pour 2020 &#8211; bouteille de 70cl \u2013<\/p>\n<blockquote><p>\u00ab\u00a0On sera plus sur la tourbe, environ 35pm, avec une fin de bouche moins ax\u00e9e sur le vin.\u00a0Pour l\u2019heure les distillats sont encore tr\u00e8s fruit\u00e9s. \u00bb<em> L.L.<\/em><\/p><\/blockquote>\n<\/td>\n<\/tr>\n<tr>\n<td>Eau<\/td>\n<td>Source situ\u00e9e \u00e0 <strong>Planco\u00ebt<\/strong> dont l\u2019eau fut jadis vendue sous l\u2019appellation d\u2019Eau de Table de Nazareth.<\/td>\n<\/tr>\n<tr>\n<td>C\u00e9r\u00e9ales<\/td>\n<td><strong>\ud83c\udf3e Orge<\/strong> Fran\u00e7aise dont le malt vient de la malterie du Ch\u00e2teau. \u00c0 l\u2019avenir, une partie de la production sera malt\u00e9e en France.<\/p>\n<p><strong>\ud83c\udf3e Bl\u00e9 Noir <\/strong>de Bretagne.<\/td>\n<\/tr>\n<tr>\n<td>Alambics<\/td>\n<td>\n<ul>\n<li>Un <em><strong>Spirit Still<\/strong><\/em>\u00a0de 500L.<\/li>\n<\/ul>\n<p>&gt; Cet alambic, unique en son genre, est issu de l\u2019assemblage de pi\u00e8ces en provenance d\u2019Allemagne (<a href=\"https:\/\/a-holstein.de\/fr\/alambics\/petits-alambics\/\" target=\"_blank\" rel=\"noopener\">Holstein<\/a>) et du Portugal.<\/p>\n<ul>\n<li>Un <em><strong>Wash Still<\/strong><\/em> de 1000L.<\/li>\n<\/ul>\n<p>&gt; Sa forme d\u2019oignon rappelle celle des alambics utilis\u00e9s par les britanniques dans la production de Gin.<\/td>\n<\/tr>\n<tr>\n<td>Distillation<\/td>\n<td>\u00a0<strong style=\"font-family: inherit; font-size: inherit;\">Double distillation \u00e0 feu nu\u00a0<\/strong><span style=\"font-family: inherit; font-size: inherit;\">:<\/span>&#8211; Une 1\u00e8re passe dans le <em>Wash Still<\/em> d\u2019environ 20 \u00e0 24 heures.<\/p>\n<p>&#8211; Une 2 seconde passe dans le <em>Spirit Still<\/em> d\u2019une dur\u00e9e de 18 \u00e0 20 heures.<\/td>\n<\/tr>\n<tr>\n<td>Type de Chai<\/td>\n<td><strong>Chai Humide<\/strong>: les whiskies vieillissent\/s&rsquo;affinent \u00e0 Languenan.<\/p>\n<p>Un autre chai est en projet c\u00f4t\u00e9 Sud, consacr\u00e9 aux Quarter Casks, notamment pour la cuv\u00e9e \u00ab\u00a0<strong>Koazh<\/strong>\u00ab\u00a0.<\/p>\n<p>NB*:\u00a0Le premier chai utilis\u00e9 pour l\u2019\u00e9levage faisait 20m2\u00a0!<\/p>\n<p>NB**: Chez Naguelann, l&rsquo;affinage dure un an et demi minimum.<\/td>\n<\/tr>\n<tr>\n<td>F\u00fbts<\/td>\n<td>Ex-f\u00fbts de<\/p>\n<p>\ud83c\udf4f Cidre<\/p>\n<p>\ud83c\udf47 Saint \u00c9milion<\/p>\n<p>\ud83c\udf47 Pinot Noir<\/p>\n<p>\ud83c\udf47 Sauvignon Blanc<\/p>\n<p>\ud83c\udf47 Sherry<\/p>\n<p>\ud83e\udd43 Bourbon<\/p>\n<ul>\n<li>Neufs<\/li>\n<\/ul>\n<p>Les f\u00fbts sont de contenance vari\u00e9e. Ils vont de 40\/50L \u00e0 227L.<\/td>\n<\/tr>\n<tr>\n<td>Donn\u00e9es Territoriales<\/td>\n<td><strong>Climat<\/strong>: temp\u00e9r\u00e9 chaud \u00e0 influence oc\u00e9anique.<\/p>\n<p><strong>Altitude<\/strong>: 119m<\/td>\n<\/tr>\n<tr>\n<td>Site Web<\/td>\n<td><a href=\"http:\/\/www.naguelann.bzh\/\" target=\"_blank\" rel=\"noopener\">http:\/\/www.naguelann.bzh\/<\/a><\/td>\n<\/tr>\n<tr>\n<td>Le Saviez Vous?<\/td>\n<td>\u00c0\u00a0l\u2019origine, L\u00e9na\u00efck souhaitait affiner du whisky \u00c9cossais. C\u2019est sa rencontre avec <a href=\"https:\/\/whisky-francais.com\/index.php\/2017\/09\/01\/le-style-lexport-le-gout-entretien-avec-d-roussier-actuel-dirigeant-de-la-distillerie-warenghem\/\" target=\"_blank\" rel=\"noopener\">David Roussier<\/a>, \u00e0 l\u2019occasion d\u2019un <a href=\"https:\/\/www.whiskylive.fr\/\" target=\"_blank\" rel=\"noopener\">Whisky Live<\/a>, qui l\u2019a finalement convaincu de se lancer dans l\u2019aventure du Whisky Breton !<\/p>\n<p>C\u2019est en exer\u00e7ant les m\u00e9tiers de barman et de restaurateur que le fondateur de Naguelann a d\u00e9couvert et enrichi ses connaissances en whisky.<\/p>\n<p>C\u2019est au cours d&rsquo;une d\u00e9gustation que L\u00e9na\u00efck s\u2019aper\u00e7ut que l\u2019image des whiskies fran\u00e7ais n\u2019\u00e9tait pas \u00e0 la hauteur de leur qualit\u00e9. En effet, il n\u2019\u00e9tait pas rare que ceux-ci soient confondus avec des grands noms d&rsquo;\u00c9cosse lors de d\u00e9gustations \u00e0 l&rsquo;aveugle&#8230; L\u2019habit ne fait pas le moine!<\/td>\n<\/tr>\n<\/tbody>\n<\/table>\n<p>&nbsp;<\/p>\n","protected":false},"excerpt":{"rendered":"<p>&nbsp; \u00ab\u00a0Naguelann c\u2019est avant tout une fa\u00e7on de faire !\u00a0\u00bb &nbsp; S\u2019illustrant \u00e0 la fois en tant que distillateur et<\/p>\n","protected":false},"author":1,"featured_media":0,"parent":56,"menu_order":0,"comment_status":"closed","ping_status":"closed","template":"","meta":{"jetpack_post_was_ever_published":false,"footnotes":""},"class_list":["post-1882","page","type-page","status-publish","hentry"],"jetpack_sharing_enabled":true,"jetpack_shortlink":"https:\/\/wp.me\/P8oZPa-um","jetpack-related-posts":[{"id":56,"url":"https:\/\/whisky-francais.com\/index.php\/distilleries\/","url_meta":{"origin":1882,"position":0},"title":"Producteurs \/ Distilleries","date":"11 f\u00e9vrier 2017","format":false,"excerpt":"Auvergne-Rh\u00f4ne-Alpes Distillerie du Drac Distillerie des Bughes Distillerie du Vercors Domaine des Hautes Glaces Distillerie des Hautes Terres AlpSpirits (ferm\u00e9e) Monsieur Balthazar Mont Blanc Ninkasi O\u2019Baptiste (Ne produit plus de whisky) Bourgogne-Franche-Comt\u00e9 Br\u00fblerie du Revermont Michel Couvreur Rouget de Lisle Bretagne La Bambelle Distillerie des Menhirs Distillerie FDC (Bale Bro)\u2026","rel":"","context":"Article similaire","img":{"alt_text":"","src":"","width":0,"height":0},"classes":[]}],"_links":{"self":[{"href":"https:\/\/whisky-francais.com\/index.php\/wp-json\/wp\/v2\/pages\/1882"}],"collection":[{"href":"https:\/\/whisky-francais.com\/index.php\/wp-json\/wp\/v2\/pages"}],"about":[{"href":"https:\/\/whisky-francais.com\/index.php\/wp-json\/wp\/v2\/types\/page"}],"author":[{"embeddable":true,"href":"https:\/\/whisky-francais.com\/index.php\/wp-json\/wp\/v2\/users\/1"}],"replies":[{"embeddable":true,"href":"https:\/\/whisky-francais.com\/index.php\/wp-json\/wp\/v2\/comments?post=1882"}],"version-history":[{"count":10,"href":"https:\/\/whisky-francais.com\/index.php\/wp-json\/wp\/v2\/pages\/1882\/revisions"}],"predecessor-version":[{"id":4123,"href":"https:\/\/whisky-francais.com\/index.php\/wp-json\/wp\/v2\/pages\/1882\/revisions\/4123"}],"up":[{"embeddable":true,"href":"https:\/\/whisky-francais.com\/index.php\/wp-json\/wp\/v2\/pages\/56"}],"wp:attachment":[{"href":"https:\/\/whisky-francais.com\/index.php\/wp-json\/wp\/v2\/media?parent=1882"}],"curies":[{"name":"wp","href":"https:\/\/api.w.org\/{rel}","templated":true}]}}