{"id":2246,"date":"2017-07-14T16:45:55","date_gmt":"2017-07-14T14:45:55","guid":{"rendered":"http:\/\/whisky-francais.com\/?page_id=2246"},"modified":"2017-07-14T20:38:48","modified_gmt":"2017-07-14T18:38:48","slug":"maison-daucourt-bastille-1789","status":"publish","type":"page","link":"https:\/\/whisky-francais.com\/index.php\/distilleries\/maison-daucourt-bastille-1789\/","title":{"rendered":"Maison Daucourt (Bastille 1789)"},"content":{"rendered":"<p>Forte d&rsquo;une reconnaissance de son savoir-faire \u00e0 l&rsquo;international, la Maison Daucourt propose d\u00e9sormais son whisky \u00ab\u00a0Bastille\u00a0\u00bb sur le march\u00e9 hexagonal.<\/p>\n<table>\n<tbody>\n<tr>\n<td>Statut<\/td>\n<td>Produit et commercialise son propre whisky depuis 2010.<\/td>\n<\/tr>\n<tr>\n<td>Localisation<\/td>\n<td>24 Rue des Bosquets, 16000 Angoul\u00eame<br \/>\n45\u00b039&rsquo;18&gt;&gt;N \/ 0\u00b07&rsquo;42&gt;&gt;E<\/td>\n<\/tr>\n<tr>\n<td>Volume de Production<\/td>\n<td><\/td>\n<\/tr>\n<tr>\n<td>Dates Cl\u00e9s<\/td>\n<td>1996: naissance du projet whisky.<\/p>\n<p>2010: 1\u00e8re commercialisation du whisky aux USA.<\/p>\n<p><strong>2017<\/strong>: 1\u00e8re commercialisation du whisky en France<\/td>\n<\/tr>\n<tr>\n<td>Personnages Cl\u00e9s<\/td>\n<td>Jean Marc Daucourt \/ \u00c9douard Daucourt (fondateurs)<\/p>\n<p>Charles Daucourt (ambassadeur et distillateur)<\/p>\n<p>V\u00e9ronique Daucourt-Wilkinson (ambassadrice)<\/td>\n<\/tr>\n<tr>\n<td>Gamme<\/td>\n<td>\n<ul>\n<li><a href=\"https:\/\/whisky-francais.com\/index.php\/2017\/07\/14\/bastille-1789-blend-40\/\" target=\"blank\">Bastille 1789 Blended Whisky (50% orge, 50% grain cru)<\/a><\/li>\n<li><a href=\"https:\/\/whisky-francais.com\/index.php\/2017\/07\/14\/bastille-single-malt-43-daucourt\/\" target=\"blank\">Bastille 1789 Single Malt Whisky<\/a><\/li>\n<\/ul>\n<\/td>\n<\/tr>\n<tr>\n<td>Eau<\/td>\n<td>Eau de source Charentaise.<\/td>\n<\/tr>\n<tr>\n<td>C\u00e9r\u00e9ales<\/td>\n<td>Orge de printemps malt\u00e9e du Nord de la France.<\/p>\n<p>Bl\u00e9 du Nord de la France.<\/td>\n<\/tr>\n<tr>\n<td>Levures \/ Fermentation<\/td>\n<td>Levure de culture dont la souche a 120 ans.<\/p>\n<p>Fermentation de 48h pour l&rsquo;obtention d&rsquo;un mo\u00fbt \u00e0 8% alc.vol.<\/td>\n<\/tr>\n<tr>\n<td>Alambic<\/td>\n<td>Alambic Charentais traditionnel \u00e0 col de cygne (25hl).<\/td>\n<\/tr>\n<tr>\n<td>Distillation<\/td>\n<td>Double distillation.<\/p>\n<ul>\n<li>1\u00e8re distillation: obtention d&rsquo;un brouillis titrant entre 20 et 25% alc.vol.<\/li>\n<li>2nd distillation: obtention d&rsquo;un new make titrant environ 70% alc.vol.<\/li>\n<\/ul>\n<\/td>\n<\/tr>\n<tr>\n<td>Type de Chai<\/td>\n<td><\/td>\n<\/tr>\n<tr>\n<td>F\u00fbts<\/td>\n<td>F\u00fbts de ch\u00eane du Limousin ayant contenu d&rsquo;autres spiritueux et vins (Sauternes, Bourgogne, Sherry).<\/td>\n<\/tr>\n<tr>\n<td>Donn\u00e9es Territoriales<\/td>\n<td>Altitude: 36m<\/td>\n<\/tr>\n<tr>\n<td>Notes<\/td>\n<td><\/td>\n<\/tr>\n<tr>\n<td>Site Web<\/td>\n<td>\u00a0<a href=\"http:\/\/www.daucourt.com\/\" target=\"blank\">http:\/\/www.daucourt.com\/<\/a><\/td>\n<\/tr>\n<\/tbody>\n<\/table>\n","protected":false},"excerpt":{"rendered":"<p>Forte d&rsquo;une reconnaissance de son savoir-faire \u00e0 l&rsquo;international, la Maison Daucourt propose d\u00e9sormais son whisky \u00ab\u00a0Bastille\u00a0\u00bb sur le march\u00e9 hexagonal.<\/p>\n","protected":false},"author":2,"featured_media":2266,"parent":56,"menu_order":0,"comment_status":"closed","ping_status":"closed","template":"","meta":{"jetpack_post_was_ever_published":false,"footnotes":""},"class_list":["post-2246","page","type-page","status-publish","has-post-thumbnail","hentry"],"jetpack_sharing_enabled":true,"jetpack_shortlink":"https:\/\/wp.me\/P8oZPa-Ae","jetpack-related-posts":[{"id":56,"url":"https:\/\/whisky-francais.com\/index.php\/distilleries\/","url_meta":{"origin":2246,"position":0},"title":"Producteurs \/ Distilleries","date":"11 f\u00e9vrier 2017","format":false,"excerpt":"Auvergne-Rh\u00f4ne-Alpes Distillerie du Drac Distillerie des Bughes Distillerie du Vercors Domaine des Hautes Glaces Distillerie des Hautes Terres AlpSpirits (ferm\u00e9e) Monsieur Balthazar Mont Blanc Ninkasi O\u2019Baptiste (Ne produit plus de whisky) Bourgogne-Franche-Comt\u00e9 Br\u00fblerie du Revermont Michel Couvreur Rouget de Lisle Bretagne La Bambelle Distillerie des Menhirs Distillerie FDC (Bale Bro)\u2026","rel":"","context":"Article similaire","img":{"alt_text":"","src":"","width":0,"height":0},"classes":[]},{"id":713,"url":"https:\/\/whisky-francais.com\/index.php\/distilleries\/claeyssens\/","url_meta":{"origin":2246,"position":1},"title":"Claeyssens","date":"28 mars 2017","format":false,"excerpt":"C'est du haut de ses 200 ans d'existence que la distillerie Claeyssens s'est lanc\u00e9e dans la confection de whisky au cours des ann\u00e9es 2000. Forte d'un savoir-faire s\u00e9culaire, cette institution est un monument d'histoire nous rappelant la grande \u00e9poque de la distillation dans le Nord de la France. Statut Produit\u2026","rel":"","context":"Article similaire","img":{"alt_text":"Matthieu Acar, Xavier Brevet, Lilya Sekkal, d\u00e9gustation, whisky, acad\u00e9mie, masterclass, Paris, atelier, d\u00e9gustation, whisky","src":"https:\/\/i0.wp.com\/whisky-francais.com\/wp-content\/uploads\/2017\/03\/CLAEYSSENSFONTAINE.jpg?resize=350%2C200&ssl=1","width":350,"height":200},"classes":[]},{"id":120,"url":"https:\/\/whisky-francais.com\/index.php\/distilleries\/castan\/","url_meta":{"origin":2246,"position":2},"title":"Castan","date":"17 f\u00e9vrier 2017","format":false,"excerpt":"\u00a0 Fruit du travail de 3 g\u00e9n\u00e9rations et mue par la volont\u00e9 de mettre en avant son terroir, la distillerie Castan s'est lanc\u00e9e dans l'aventure whisky en 2010. Statut Produit et Commercialise son propre whisky Localisation La Soupari\u00e9, 81130 Villeneuve sur Vere 2\u00b01'53\u00bbE \/ 44\u00b00'43\u00bb N Volume de Production 50\u2026","rel":"","context":"Article similaire","img":{"alt_text":"France, Whisky Fran\u00e7ais, French Whisky, Castan, S\u00e9bastien Castan, Vilanova, Single Malt, Single Cask, Tarn, Villeneuve-sur-V\u00e8re, Berbie, Gost, Terrocita, S\u00e9gala, Roja, malt, orge, seigle, alambic stupfler, Gaillac, vin de bordeaux, Matthieu Acar, Xavier Brevet, d\u00e9gustation, whisky, masterclass, Paris, atelier, d\u00e9gustation, whisky","src":"https:\/\/i0.wp.com\/whisky-francais.com\/wp-content\/uploads\/2017\/02\/logocastan.jpg?resize=350%2C200&ssl=1","width":350,"height":200},"classes":[]},{"id":6142,"url":"https:\/\/whisky-francais.com\/index.php\/merlet-fils\/","url_meta":{"origin":2246,"position":3},"title":"Merlet &#038; fils","date":"18 octobre 2021","format":false,"excerpt":"Issu d\u2019un vieux patois charentais, COPERIES signifie \u00ab moissons \u00bb. Si Luc & Gilles Merlet ont d\u00e9cid\u00e9 de baptiser ainsi leur whisky, c\u2019est pour faire r\u00e9f\u00e9rence \u00e0 son identit\u00e9 fran\u00e7aise, mais aussi, sp\u00e9cifiquement Charentaises.\u00a0\u00a0\u00a0\u00a0\u00a0\u00a0\u00a0 Statut Distillerie productive Localisation \ud83d\udceb Distillerie Merlet et Fils40 Rue de Chevessac 17610 SAINT-SAUVANT Dates Cl\u00e9s\u2026","rel":"","context":"Article similaire","img":{"alt_text":"","src":"","width":0,"height":0},"classes":[]},{"id":8158,"url":"https:\/\/whisky-francais.com\/index.php\/san-roce\/","url_meta":{"origin":2246,"position":4},"title":"San Roc\u00e9","date":"30 novembre 2025","format":false,"excerpt":"Situ\u00e9 \u00e0 Jans, en Loire-Atlantique, la brasserie de San Roc\u00e9 s\u2019est \u00e9quip\u00e9e d\u2019un alambic Coyac centenaire pour la production d'un whisky r\u00e9solument artisanal. Retour sur l\u2019histoire de ce nouvel acteur sur la sc\u00e8ne du whisky fran\u00e7ais. Statut En production Localisation Jans, Loire-Atlantique (France) Volume de Production Objectif : environ 10\u2026","rel":"","context":"Article similaire","img":{"alt_text":"","src":"https:\/\/i0.wp.com\/whisky-francais.com\/wp-content\/uploads\/2022\/07\/brasserie-san-roce-jans-whisky-francais-mac-roce.png?resize=350%2C200&ssl=1","width":350,"height":200},"classes":[]},{"id":6180,"url":"https:\/\/whisky-francais.com\/index.php\/distillerie-artisanale-jm-leisen\/","url_meta":{"origin":2246,"position":5},"title":"Distillerie Artisanale JM LEISEN","date":"7 novembre 2021","format":false,"excerpt":"C\u2019est \u00e0 Malling, une petite commune fran\u00e7aise de 623 habitants situ\u00e9e dans le d\u00e9partement de la Moselle, que la distillerie LEISEN produit un whisky depuis 2012. Troisi\u00e8me et plus petite distillerie de whisky en Lorraine, la famille LEISEN a fait le choix de produire un whisky qui soit le reflet\u2026","rel":"","context":"Article similaire","img":{"alt_text":"","src":"","width":0,"height":0},"classes":[]}],"_links":{"self":[{"href":"https:\/\/whisky-francais.com\/index.php\/wp-json\/wp\/v2\/pages\/2246"}],"collection":[{"href":"https:\/\/whisky-francais.com\/index.php\/wp-json\/wp\/v2\/pages"}],"about":[{"href":"https:\/\/whisky-francais.com\/index.php\/wp-json\/wp\/v2\/types\/page"}],"author":[{"embeddable":true,"href":"https:\/\/whisky-francais.com\/index.php\/wp-json\/wp\/v2\/users\/2"}],"replies":[{"embeddable":true,"href":"https:\/\/whisky-francais.com\/index.php\/wp-json\/wp\/v2\/comments?post=2246"}],"version-history":[{"count":4,"href":"https:\/\/whisky-francais.com\/index.php\/wp-json\/wp\/v2\/pages\/2246\/revisions"}],"predecessor-version":[{"id":2267,"href":"https:\/\/whisky-francais.com\/index.php\/wp-json\/wp\/v2\/pages\/2246\/revisions\/2267"}],"up":[{"embeddable":true,"href":"https:\/\/whisky-francais.com\/index.php\/wp-json\/wp\/v2\/pages\/56"}],"wp:featuredmedia":[{"embeddable":true,"href":"https:\/\/whisky-francais.com\/index.php\/wp-json\/wp\/v2\/media\/2266"}],"wp:attachment":[{"href":"https:\/\/whisky-francais.com\/index.php\/wp-json\/wp\/v2\/media?parent=2246"}],"curies":[{"name":"wp","href":"https:\/\/api.w.org\/{rel}","templated":true}]}}