{"id":2547,"date":"2017-08-21T18:50:51","date_gmt":"2017-08-21T16:50:51","guid":{"rendered":"http:\/\/whisky-francais.com\/?page_id=2547"},"modified":"2019-03-09T18:02:35","modified_gmt":"2019-03-09T17:02:35","slug":"masterclass","status":"publish","type":"page","link":"https:\/\/whisky-francais.com\/index.php\/masterclass\/","title":{"rendered":"\u00c9V\u00c8NEMENTS"},"content":{"rendered":"<p>Vous avez envie d&rsquo;aller plus loin dans la d\u00e9couverte du whisky fran\u00e7ais ?<br \/>\nNotre \u00e9quipe vous propose de vous joindre aux \u00e9v\u00e8nements organis\u00e9s\u00a0<strong><a href=\"https:\/\/www.facebook.com\/BarLesPasserelles\/\" target=\"_blank\" rel=\"noopener\">au bar les\u00a0Passerelles !<\/a><\/strong><\/p>\n<p><img loading=\"lazy\" decoding=\"async\" data-attachment-id=\"3607\" data-permalink=\"https:\/\/whisky-francais.com\/index.php\/2018\/06\/02\/degustation-les-tourbes-de-france-le-25062018\/cdm2\/\" data-orig-file=\"https:\/\/whisky-francais.com\/wp-content\/uploads\/2018\/05\/cdm2.jpg\" data-orig-size=\"735,490\" data-comments-opened=\"0\" data-image-meta=\"{&quot;aperture&quot;:&quot;2&quot;,&quot;credit&quot;:&quot;&quot;,&quot;camera&quot;:&quot;X100T&quot;,&quot;caption&quot;:&quot;&quot;,&quot;created_timestamp&quot;:&quot;1527529076&quot;,&quot;copyright&quot;:&quot;&quot;,&quot;focal_length&quot;:&quot;23&quot;,&quot;iso&quot;:&quot;1250&quot;,&quot;shutter_speed&quot;:&quot;0.066666666666667&quot;,&quot;title&quot;:&quot;&quot;,&quot;orientation&quot;:&quot;1&quot;}\" data-image-title=\"cdm2\" data-image-description=\"\" data-image-caption=\"\" data-medium-file=\"https:\/\/whisky-francais.com\/wp-content\/uploads\/2018\/05\/cdm2-300x200.jpg\" data-large-file=\"https:\/\/whisky-francais.com\/wp-content\/uploads\/2018\/05\/cdm2.jpg\" class=\" wp-image-3607 aligncenter\" src=\"https:\/\/whisky-francais.com\/wp-content\/uploads\/2018\/05\/cdm2.jpg\" alt=\"Session du 25\/06\/2018\" width=\"635\" height=\"423\" srcset=\"https:\/\/whisky-francais.com\/wp-content\/uploads\/2018\/05\/cdm2.jpg 735w, https:\/\/whisky-francais.com\/wp-content\/uploads\/2018\/05\/cdm2-300x200.jpg 300w, https:\/\/whisky-francais.com\/wp-content\/uploads\/2018\/05\/cdm2-120x80.jpg 120w, https:\/\/whisky-francais.com\/wp-content\/uploads\/2018\/05\/cdm2-480x320.jpg 480w\" sizes=\"auto, (max-width: 635px) 100vw, 635px\" \/><\/p>\n<h2>Exp\u00e9rience sur-mesure<\/h2>\n<p>Pour l&rsquo;organisation d&rsquo;un \u00e9v\u00e8nement d&rsquo;entreprise ou privatif, nous vous invitons \u00e0 <a href=\"https:\/\/whisky-francais.com\/index.php\/contact\/\" target=\"_blank\" rel=\"noopener\"><strong>nous contacter.<\/strong><\/a><\/p>\n<div class=\"align-center\"><img loading=\"lazy\" decoding=\"async\" data-attachment-id=\"4278\" data-permalink=\"https:\/\/whisky-francais.com\/index.php\/masterclass\/lilya-xavier-event-comp\/\" data-orig-file=\"https:\/\/whisky-francais.com\/wp-content\/uploads\/2017\/08\/lilya-xavier-event-comp.jpg\" data-orig-size=\"1680,1120\" data-comments-opened=\"0\" data-image-meta=\"{&quot;aperture&quot;:&quot;0&quot;,&quot;credit&quot;:&quot;&quot;,&quot;camera&quot;:&quot;&quot;,&quot;caption&quot;:&quot;&quot;,&quot;created_timestamp&quot;:&quot;0&quot;,&quot;copyright&quot;:&quot;&quot;,&quot;focal_length&quot;:&quot;0&quot;,&quot;iso&quot;:&quot;0&quot;,&quot;shutter_speed&quot;:&quot;0&quot;,&quot;title&quot;:&quot;&quot;,&quot;orientation&quot;:&quot;0&quot;}\" data-image-title=\"Whisky Fran\u00e7ais, French Whisky, Xavier Brevet, Matthieu Acar, Lilya Sekkal, d\u00e9gustation, whisky, masterclass, Paris, atelier, d\u00e9gustation\" data-image-description=\"&lt;p&gt;Whisky Fran\u00e7ais, French Whisky, Xavier Brevet, Matthieu Acar, Lilya Sekkal, d\u00e9gustation, whisky, masterclass, Paris, atelier, d\u00e9gustation&lt;\/p&gt;\n\" data-image-caption=\"&lt;p&gt;Whisky Fran\u00e7ais, French Whisky, Xavier Brevet, Matthieu Acar, Lilya Sekkal, d\u00e9gustation, whisky, masterclass, Paris, atelier, d\u00e9gustation&lt;\/p&gt;\n\" data-medium-file=\"https:\/\/whisky-francais.com\/wp-content\/uploads\/2017\/08\/lilya-xavier-event-comp-300x200.jpg\" data-large-file=\"https:\/\/whisky-francais.com\/wp-content\/uploads\/2017\/08\/lilya-xavier-event-comp-1024x683.jpg\" class=\"alignnone wp-image-4278 alignleft\" src=\"https:\/\/whisky-francais.com\/wp-content\/uploads\/2017\/08\/lilya-xavier-event-comp-300x200.jpg\" alt=\"\" width=\"250\" height=\"167\" srcset=\"https:\/\/whisky-francais.com\/wp-content\/uploads\/2017\/08\/lilya-xavier-event-comp-300x200.jpg 300w, https:\/\/whisky-francais.com\/wp-content\/uploads\/2017\/08\/lilya-xavier-event-comp-768x512.jpg 768w, https:\/\/whisky-francais.com\/wp-content\/uploads\/2017\/08\/lilya-xavier-event-comp-1024x683.jpg 1024w, https:\/\/whisky-francais.com\/wp-content\/uploads\/2017\/08\/lilya-xavier-event-comp-120x80.jpg 120w, https:\/\/whisky-francais.com\/wp-content\/uploads\/2017\/08\/lilya-xavier-event-comp-480x320.jpg 480w, https:\/\/whisky-francais.com\/wp-content\/uploads\/2017\/08\/lilya-xavier-event-comp.jpg 1680w\" sizes=\"auto, (max-width: 250px) 100vw, 250px\" \/>\u00a0\u00a0<img loading=\"lazy\" decoding=\"async\" data-attachment-id=\"4277\" data-permalink=\"https:\/\/whisky-francais.com\/index.php\/masterclass\/lilya-event-comp\/\" data-orig-file=\"https:\/\/whisky-francais.com\/wp-content\/uploads\/2017\/08\/lilya-event-comp.jpg\" data-orig-size=\"1536,2048\" data-comments-opened=\"0\" data-image-meta=\"{&quot;aperture&quot;:&quot;0&quot;,&quot;credit&quot;:&quot;&quot;,&quot;camera&quot;:&quot;&quot;,&quot;caption&quot;:&quot;&quot;,&quot;created_timestamp&quot;:&quot;0&quot;,&quot;copyright&quot;:&quot;&quot;,&quot;focal_length&quot;:&quot;0&quot;,&quot;iso&quot;:&quot;0&quot;,&quot;shutter_speed&quot;:&quot;0&quot;,&quot;title&quot;:&quot;&quot;,&quot;orientation&quot;:&quot;0&quot;}\" data-image-title=\"Whisky Fran\u00e7ais, French Whisky, Xavier Brevet, Matthieu Acar, Lilya Sekkal, d\u00e9gustation, whisky, masterclass, Paris, atelier, d\u00e9gustation\" data-image-description=\"&lt;p&gt;Whisky Fran\u00e7ais, French Whisky, Xavier Brevet, Matthieu Acar, Lilya Sekkal, d\u00e9gustation, whisky, masterclass, Paris, atelier, d\u00e9gustation&lt;\/p&gt;\n\" data-image-caption=\"&lt;p&gt;Whisky Fran\u00e7ais, French Whisky, Xavier Brevet, Matthieu Acar, Lilya Sekkal, d\u00e9gustation, whisky, masterclass, Paris, atelier, d\u00e9gustation&lt;\/p&gt;\n\" data-medium-file=\"https:\/\/whisky-francais.com\/wp-content\/uploads\/2017\/08\/lilya-event-comp-225x300.jpg\" data-large-file=\"https:\/\/whisky-francais.com\/wp-content\/uploads\/2017\/08\/lilya-event-comp-768x1024.jpg\" class=\"alignnone wp-image-4277 alignleft\" src=\"https:\/\/whisky-francais.com\/wp-content\/uploads\/2017\/08\/lilya-event-comp-225x300.jpg\" alt=\"\" width=\"125\" height=\"167\" srcset=\"https:\/\/whisky-francais.com\/wp-content\/uploads\/2017\/08\/lilya-event-comp-225x300.jpg 225w, https:\/\/whisky-francais.com\/wp-content\/uploads\/2017\/08\/lilya-event-comp-768x1024.jpg 768w, https:\/\/whisky-francais.com\/wp-content\/uploads\/2017\/08\/lilya-event-comp.jpg 1536w\" sizes=\"auto, (max-width: 125px) 100vw, 125px\" \/><img loading=\"lazy\" decoding=\"async\" data-attachment-id=\"4279\" data-permalink=\"https:\/\/whisky-francais.com\/index.php\/masterclass\/xavier-event-comp\/\" data-orig-file=\"https:\/\/whisky-francais.com\/wp-content\/uploads\/2017\/08\/xavier-event-comp.jpg\" data-orig-size=\"2048,1365\" data-comments-opened=\"0\" data-image-meta=\"{&quot;aperture&quot;:&quot;0&quot;,&quot;credit&quot;:&quot;&quot;,&quot;camera&quot;:&quot;&quot;,&quot;caption&quot;:&quot;&quot;,&quot;created_timestamp&quot;:&quot;0&quot;,&quot;copyright&quot;:&quot;&quot;,&quot;focal_length&quot;:&quot;0&quot;,&quot;iso&quot;:&quot;0&quot;,&quot;shutter_speed&quot;:&quot;0&quot;,&quot;title&quot;:&quot;&quot;,&quot;orientation&quot;:&quot;0&quot;}\" data-image-title=\"Whisky Fran\u00e7ais, French Whisky, Xavier Brevet, Matthieu Acar, Lilya Sekkal, d\u00e9gustation, whisky, masterclass, Paris, atelier, d\u00e9gustation\" data-image-description=\"&lt;p&gt;Whisky Fran\u00e7ais, French Whisky, Xavier Brevet, Matthieu Acar, Lilya Sekkal, d\u00e9gustation, whisky, masterclass, Paris, atelier, d\u00e9gustation&lt;\/p&gt;\n\" data-image-caption=\"&lt;p&gt;Whisky Fran\u00e7ais, French Whisky, Xavier Brevet, Matthieu Acar, Lilya Sekkal, d\u00e9gustation, whisky, masterclass, Paris, atelier, d\u00e9gustation&lt;\/p&gt;\n\" data-medium-file=\"https:\/\/whisky-francais.com\/wp-content\/uploads\/2017\/08\/xavier-event-comp-300x200.jpg\" data-large-file=\"https:\/\/whisky-francais.com\/wp-content\/uploads\/2017\/08\/xavier-event-comp-1024x683.jpg\" class=\"alignnone wp-image-4279 alignleft\" style=\"font-size: 1.0625rem;\" src=\"https:\/\/whisky-francais.com\/wp-content\/uploads\/2017\/08\/xavier-event-comp-300x200.jpg\" alt=\"\" width=\"250\" height=\"167\" srcset=\"https:\/\/whisky-francais.com\/wp-content\/uploads\/2017\/08\/xavier-event-comp-300x200.jpg 300w, https:\/\/whisky-francais.com\/wp-content\/uploads\/2017\/08\/xavier-event-comp-768x512.jpg 768w, https:\/\/whisky-francais.com\/wp-content\/uploads\/2017\/08\/xavier-event-comp-1024x683.jpg 1024w, https:\/\/whisky-francais.com\/wp-content\/uploads\/2017\/08\/xavier-event-comp-120x80.jpg 120w, https:\/\/whisky-francais.com\/wp-content\/uploads\/2017\/08\/xavier-event-comp-480x320.jpg 480w, https:\/\/whisky-francais.com\/wp-content\/uploads\/2017\/08\/xavier-event-comp.jpg 2048w\" sizes=\"auto, (max-width: 250px) 100vw, 250px\" \/><\/div>\n","protected":false},"excerpt":{"rendered":"<p>Vous avez envie d&rsquo;aller plus loin dans la d\u00e9couverte du whisky fran\u00e7ais ? Notre \u00e9quipe vous propose de vous joindre<\/p>\n","protected":false},"author":1,"featured_media":0,"parent":0,"menu_order":0,"comment_status":"closed","ping_status":"closed","template":"","meta":{"jetpack_post_was_ever_published":false,"footnotes":""},"class_list":["post-2547","page","type-page","status-publish","hentry"],"jetpack_sharing_enabled":true,"jetpack_shortlink":"https:\/\/wp.me\/P8oZPa-F5","jetpack-related-posts":[{"id":2753,"url":"https:\/\/whisky-francais.com\/index.php\/embouteilleurs-independants\/maison-benjamin-kuentz\/","url_meta":{"origin":2547,"position":0},"title":"Maison Benjamin Kuentz","date":"13 septembre 2017","format":false,"excerpt":"\"La France a tout pour faire du bon whisky !\" C'est en partant de ce constat que Benjamin Kuentz a d\u00e9cid\u00e9 de monter sa propre gamme de whiskys Fran\u00e7ais. Effectivement, nous avons de longues traditions en ce qui concerne la production c\u00e9r\u00e9ali\u00e8re, la culture brassicole, la distillation et l\u2019\u00e9levage !\u2026","rel":"","context":"Article similaire","img":{"alt_text":"(D'un) Verre Printanier, Fin de Partie, Maison Benjamin Kuentz, 46%, Rozelieures, Cognac, Bourbon, Pedro Jimenez, PX, orge mat\u00e9e, whisky Fran\u00e7ais, French whisky, whisky, France, d\u00e9gustation, Passerelles, H\u00f4tel Parister, organiser, d\u00e9gustation, whisky, paris, priv\u00e9e, entreprise, \u00e9v\u00e9nement, masterclass, atelier, d\u00e9gustation, whisky","src":"https:\/\/i0.wp.com\/whisky-francais.com\/wp-content\/uploads\/2017\/09\/kuentz.png?resize=350%2C200&ssl=1","width":350,"height":200},"classes":[]},{"id":2915,"url":"https:\/\/whisky-francais.com\/index.php\/distilleries\/distillerie-du-golfe\/","url_meta":{"origin":2547,"position":1},"title":"Distillerie du Golfe","date":"4 octobre 2017","format":false,"excerpt":"Implant\u00e9e dans la commune de Plougoumelen, la Distillerie du Golfe voit le jour en 2016 sous l\u2019impulsion de trois fondateurs\u00a0: Henri, Bertrand et\u2026 Bertrand\u00a0! Mue par la volont\u00e9 de fabriquer un whisky 100% Fran\u00e7ais, les trois hommes travaillent actuellement \u00e0 la mise en place de ce projet (livraison de l\u2019alambic\u2026","rel":"","context":"Article similaire","img":{"alt_text":"","src":"https:\/\/i0.wp.com\/whisky-francais.com\/wp-content\/uploads\/2017\/10\/DISTILLERIE-DU-GOLFE.png?resize=350%2C200&ssl=1","width":350,"height":200},"classes":[]},{"id":1889,"url":"https:\/\/whisky-francais.com\/index.php\/distilleries\/bows\/","url_meta":{"origin":2547,"position":2},"title":"Bows","date":"21 juin 2017","format":false,"excerpt":"Fond\u00e9e \u00e0 Montauban la distillerie Bows (Brave Occitan Wild Spirit) s'est lanc\u00e9e dans la production de whisky en 2016. En 2022, elle d\u00e9m\u00e9nage dans l'Aude, \u00e0 Laure-Minervois pour devenir une ferme distillerie. Install\u00e9e dans dans une ancienne cave particuli\u00e8re de vin du cru minervois, cette distillerie, munie de deux alambics\u2026","rel":"","context":"Article similaire","img":{"alt_text":"Bows, Montauban, France, Brave Occitan Wild Spirit, Beno\u00eet Garcia, f\u00fbt, vin de fraise, imperial stout, cognac, armagnac, vin mono-c\u00e9page, malt torr\u00e9fi\u00e9, vodka, gin, rhum, bestiut, orge, Salvagnac, Passerelles, H\u00f4tel Parister, organiser, d\u00e9gustation, whisky, paris, priv\u00e9e, entreprise, \u00e9v\u00e9nement, masterclass, Matthieu Acar, Xavier Brevet, Lilya Sekkal, d\u00e9gustation, whisky, acad\u00e9mie, masterclass, Paris, atelier, d\u00e9gustation, whisky","src":"https:\/\/i0.wp.com\/whisky-francais.com\/wp-content\/uploads\/2017\/06\/logo-bows.jpg?resize=350%2C200&ssl=1","width":350,"height":200},"classes":[]},{"id":1893,"url":"https:\/\/whisky-francais.com\/index.php\/distilleries\/domaine-de-bourjac\/","url_meta":{"origin":2547,"position":3},"title":"Domaine de Bourjac","date":"21 juin 2017","format":false,"excerpt":"Perch\u00e9 \u00e0 350 m\u00e8tres d'altitude dans l\u2019Aveyron, le Domaine de Bourjac a d'abord produit du vin et des ap\u00e9ritifs (Pastis, Ch\u00e2taigne, Prunelle, etc.) avant de signer un whisky artisanal de grande qualit\u00e9 ! Autodidacte et amateur de spiritueux - et plus particuli\u00e8rement de whisky tourb\u00e9 - Olivier Toulouse entreprend d\u00e8s\u2026","rel":"","context":"Article similaire","img":{"alt_text":"Domaine de Bourjac, Broqui\u00e8s, Olivier Toulouse, DDB 3 ans tou&dy, DDB 3 ans Chat Teigne, f\u00fbt par f\u00fbt, double distillation, orge malt\u00e9e biologique, culture raisonn\u00e9e, conduite raisonn\u00e9e, bruy\u00e8re, tourbe, alambic charentais, chauffe au bois, double distillation, f\u00fbt de ch\u00eane, ap\u00e9ritif, domaine, whisky Fran\u00e7ais, French Whisky, malt, whisky France, Passerelles, H\u00f4tel Parister, organiser, d\u00e9gustation, whisky, paris, priv\u00e9e, entreprise, \u00e9v\u00e9nement, masterclass, Matthieu Acar, Xavier Brevet, Lilya Sekkal, d\u00e9gustation, whisky, acad\u00e9mie, masterclass, Paris, atelier, d\u00e9gustation, whisky","src":"https:\/\/i0.wp.com\/whisky-francais.com\/wp-content\/uploads\/2017\/06\/logo-ddb-domaine-de-bourjac-1.png?resize=350%2C200&ssl=1","width":350,"height":200},"classes":[]},{"id":2844,"url":"https:\/\/whisky-francais.com\/index.php\/moutard\/","url_meta":{"origin":2547,"position":4},"title":"Moutard","date":"24 septembre 2017","format":false,"excerpt":"Producteur de Champagne et de vins de Bourgogne avant tout, la famille Moutard poss\u00e8de plusieurs cordes \u00e0 son arc, et notamment, une histoire li\u00e9e \u00e0 la distillation. Les premi\u00e8res traces de bouilleur de cru dans la famille remontent \u00e0 Hyacinthe Diligent, qui, vers la fin du XIX\u00e8 si\u00e8cle, produisait des\u2026","rel":"","context":"Article similaire","img":{"alt_text":"Distillerie Moutard, Moutard-Diligent, Buxeuil, Lucien Moutard, Fran\u00e7ois Moutard, label Ecocert, V\u00e9ronique Moutard, Alexandre Moutard, Edouard Laculle, Marc, Fine, Esprit de Malt, Champagne, Brasserie Larcher, orge malt\u00e9e, malterie soufflet, ratafia, orge mat\u00e9e, whisky Fran\u00e7ais, French whisky, whisky France, Passerelles, H\u00f4tel Parister, organiser, d\u00e9gustation, whisky, paris, priv\u00e9e, entreprise, \u00e9v\u00e9nement, masterclass, atelier, d\u00e9gustation, whisky","src":"https:\/\/i0.wp.com\/whisky-francais.com\/wp-content\/uploads\/2017\/09\/distillerie-moutard.png?resize=350%2C200&ssl=1","width":350,"height":200},"classes":[]},{"id":4092,"url":"https:\/\/whisky-francais.com\/index.php\/distilleries\/moby-dick\/","url_meta":{"origin":2547,"position":5},"title":"Moby Dick","date":"12 f\u00e9vrier 2019","format":false,"excerpt":"\u00ab\u00a0Dans le whisky il y a un c\u00f4t\u00e9 qui donne le vertige. Nous sommes dans des \u00e9chelles qui donnent un autre aper\u00e7u du temps, du go\u00fbt et des saveurs.\u00a0\u00bb \u00c9tienne Jacques. Avec son r\u00e9cent emm\u00e9nagement en Bretagne, la distillerie Moby Dick ajoute une nouvelle corde \u00e0 son arc avec la\u2026","rel":"","context":"Article similaire","img":{"alt_text":"Moby Dick, \u00c9tienne Jacques, Plogoff, The Sky, Whisky Fran\u00e7ais, Lilya Sekkal, French Whisky, Matthieu Acar, Xavier Brevet, d\u00e9gustation, whisky, masterclass, Paris, atelier, d\u00e9gustation","src":"https:\/\/i0.wp.com\/whisky-francais.com\/wp-content\/uploads\/2019\/02\/MD2-1.jpg?resize=350%2C200&ssl=1","width":350,"height":200},"classes":[]}],"_links":{"self":[{"href":"https:\/\/whisky-francais.com\/index.php\/wp-json\/wp\/v2\/pages\/2547","targetHints":{"allow":["GET"]}}],"collection":[{"href":"https:\/\/whisky-francais.com\/index.php\/wp-json\/wp\/v2\/pages"}],"about":[{"href":"https:\/\/whisky-francais.com\/index.php\/wp-json\/wp\/v2\/types\/page"}],"author":[{"embeddable":true,"href":"https:\/\/whisky-francais.com\/index.php\/wp-json\/wp\/v2\/users\/1"}],"replies":[{"embeddable":true,"href":"https:\/\/whisky-francais.com\/index.php\/wp-json\/wp\/v2\/comments?post=2547"}],"version-history":[{"count":32,"href":"https:\/\/whisky-francais.com\/index.php\/wp-json\/wp\/v2\/pages\/2547\/revisions"}],"predecessor-version":[{"id":4281,"href":"https:\/\/whisky-francais.com\/index.php\/wp-json\/wp\/v2\/pages\/2547\/revisions\/4281"}],"wp:attachment":[{"href":"https:\/\/whisky-francais.com\/index.php\/wp-json\/wp\/v2\/media?parent=2547"}],"curies":[{"name":"wp","href":"https:\/\/api.w.org\/{rel}","templated":true}]}}