{"id":2753,"date":"2017-09-13T15:51:20","date_gmt":"2017-09-13T13:51:20","guid":{"rendered":"http:\/\/whisky-francais.com\/?page_id=2753"},"modified":"2020-11-13T10:49:28","modified_gmt":"2020-11-13T09:49:28","slug":"maison-benjamin-kuentz","status":"publish","type":"page","link":"https:\/\/whisky-francais.com\/index.php\/embouteilleurs-independants\/maison-benjamin-kuentz\/","title":{"rendered":"Maison Benjamin Kuentz"},"content":{"rendered":"<blockquote><p>\u00ab\u00a0La France a tout pour faire du bon whisky !\u00a0\u00bb<\/p><\/blockquote>\n<p>C&rsquo;est en partant de ce constat que Benjamin Kuentz a d\u00e9cid\u00e9 de monter sa propre gamme de whiskys Fran\u00e7ais. Effectivement, nous avons de longues traditions en ce qui concerne la production c\u00e9r\u00e9ali\u00e8re, la culture brassicole, la distillation et l\u2019\u00e9levage !<\/p>\n<p>Au d\u00e9part, Benjamin Kuentz envisageait de racheter, ou de s&rsquo;associer \u00e0 une distillerie existante, mais apr\u00e8s un tour de France en 2016, il a pr\u00e9f\u00e9r\u00e9 opter pour une approche qui lui permettrait de mettre en avant l&rsquo;importante diversit\u00e9 des savoirs faire et des terroirs du whisky fran\u00e7ais.<\/p>\n<p>Aujourd&rsquo;hui, il travaille donc avec plusieurs producteurs avec lesquels il d\u00e9termine un cahier des charges conforme \u00e0 sa vision, puis, une fois le whisky arriv\u00e9 \u00e0 maturation et l&rsquo;assemblage effectu\u00e9, Benjamin se charge \u00ab\u00a0d&rsquo;\u00e9diter\u00a0\u00bb le whisky !<\/p>\n<table style=\"width: 100%; height: 1264px;\">\n<tbody>\n<tr style=\"height: 24px;\">\n<td style=\"height: 24px;\">Statut<\/td>\n<td style=\"height: 24px;\">Commercialise son propre whisky.<\/td>\n<\/tr>\n<tr style=\"height: 322px;\">\n<td style=\"height: 322px;\">Dates Cl\u00e9s<\/td>\n<td style=\"height: 322px;\">2016 (F\u00e9vrier) : Alors que l&rsquo;id\u00e9e le travaillait depuis sept ans, Benjamin Kuentz d\u00e9cide de se lancer et de creer sa propre gamme de whiskys fran\u00e7ais.<\/p>\n<p>2017 : Sortie des deux premiers whiskies de la gamme issue de la distillerie G. Rozelieures.<\/p>\n<p>2017 (fin de l&rsquo;ann\u00e9e) : Sortie du troisi\u00e8me whisky de la gamme issue de la distillerie Warenghem.<\/td>\n<\/tr>\n<tr style=\"height: 223px;\">\n<td style=\"height: 223px;\">Personnages Cl\u00e9s<\/td>\n<td style=\"height: 223px;\">Benjamin Kuentz (fondateur)<\/p>\n<p>Christophe Dupic (Distillateur partenaire)<\/p>\n<p>David Roussier (Distillateur partenaire)<\/td>\n<\/tr>\n<tr style=\"height: 87px;\">\n<td style=\"height: 87px;\">Distillation<\/td>\n<td style=\"height: 87px;\">Si pour le moment Benjamin Kuentz n&rsquo;a travaill\u00e9 qu&rsquo;avec des distillateurs pratiquant la double distillation, il demeure plut\u00f4t ouvert et envisage un partenariat avec une distillerie dot\u00e9e d&rsquo;un autre type d&rsquo;alambic.<\/td>\n<\/tr>\n<tr style=\"height: 108px;\">\n<td style=\"height: 108px;\">F\u00fbts<\/td>\n<td style=\"height: 108px;\">Lorsque Benjamin Kuentz entreprend la cr\u00e9ation d&rsquo;un nouveau whisky, c&rsquo;est avec une direction et une recette bien pr\u00e9cise en t\u00eate, c&rsquo;est pourquoi il a recours \u00e0 une diversit\u00e9 cons\u00e9quente de f\u00fbts pour ces assemblages (5 pour fin de partie !)<\/td>\n<\/tr>\n<tr style=\"height: 452px;\">\n<td style=\"height: 452px;\">Gamme<\/td>\n<td style=\"height: 452px;\"><a href=\"https:\/\/whisky-francais.com\/index.php\/2017\/09\/20\/dun-verre-printanier-46-maison-benjamin-kuentz\/\">(D&rsquo;un) Verre printanier &#8211; 46%<\/a> (F\u00fbts de cognac et de bourbon)<a href=\"http:\/\/wp.me\/p8oZPa-HK\">Fin de partie &#8211; 46%<\/a> (F\u00fbt de cognac, de bourbon, d&rsquo;oloroso\u00a0 et de Pedro Ximenez, rehausser par l&rsquo;usage d&rsquo;un peu de f\u00fbt neuf !)<\/p>\n<p><a href=\"https:\/\/whisky-francais.com\/index.php\/2018\/04\/13\/maison-benjamin-kuentz-le-guip-55\/\">Le Guip &#8211; 55%<\/a> (Brut de f\u00fbt, 8 ans en f\u00fbt de bourbon)<\/p>\n<p><a href=\"https:\/\/whisky-francais.com\/index.php\/2020\/08\/09\/uisce-de-profundis-le-vieillissement-sous-marin-signe-par-b-kuentz\/\">Uisce de profundis<\/a> (Vieillissement sous la mer !)<\/p>\n<p><a href=\"https:\/\/whisky-francais.com\/index.php\/2020\/09\/29\/aux-particules-vines-edition-5-46-benjamin-kuentz\/\">Aux particules vines\u00a0 Ed 5<\/a><a href=\"https:\/\/whisky-francais.com\/index.php\/2020\/09\/29\/aux-particules-vines-edition-5-46-benjamin-kuentz\/\"> &#8211; 46%<\/a> (F\u00fbt de cognac et f\u00fbt Ch\u00e2teau Lafon-Rochet)<\/p>\n<p><a href=\"https:\/\/whisky-francais.com\/index.php\/2020\/11\/13\/aveux-gourmands-46-benjamin-kuentz\/\">Aveux gourmands &#8211; 46%<\/a> (F\u00fbt de bourbon et f\u00fbt de Ch\u00e2teau Rayne Vigneau)<\/td>\n<\/tr>\n<tr style=\"height: 24px;\">\n<td style=\"height: 24px;\">Notes<\/td>\n<td style=\"height: 24px;\"><\/td>\n<\/tr>\n<tr style=\"height: 24px;\">\n<td style=\"height: 24px;\">Site internet<\/td>\n<td style=\"height: 24px;\">\u00a0<a href=\"http:\/\/www.maisonbenjaminkuentz.com\">www.maisonbenjaminkuentz.com<\/a><\/td>\n<\/tr>\n<\/tbody>\n<\/table>\n","protected":false},"excerpt":{"rendered":"<p>\u00ab\u00a0La France a tout pour faire du bon whisky !\u00a0\u00bb C&rsquo;est en partant de ce constat que Benjamin Kuentz a<\/p>\n","protected":false},"author":1,"featured_media":2765,"parent":563,"menu_order":0,"comment_status":"closed","ping_status":"closed","template":"","meta":{"jetpack_post_was_ever_published":false,"footnotes":""},"class_list":["post-2753","page","type-page","status-publish","has-post-thumbnail","hentry"],"jetpack_sharing_enabled":true,"jetpack_shortlink":"https:\/\/wp.me\/P8oZPa-Ip","jetpack-related-posts":[{"id":563,"url":"https:\/\/whisky-francais.com\/index.php\/embouteilleurs-independants\/","url_meta":{"origin":2753,"position":0},"title":"Embouteilleurs Ind\u00e9pendants","date":"14 mars 2017","format":false,"excerpt":"Liste des embouteilleurs ind\u00e9pendants en France. LogoSignificationCe\u00a0pictogramme est un gage d\u2019authenticit\u00e9. Il indique que notre page a \u00e9t\u00e9 mise en ligne apr\u00e8s revue de l'embouteilleur ind\u00e9pendant. Aikan Alfred Giraud Awa Godet Laferte Michel Couvreur Maison Benjamin Kuentz Maison Ferroni Saint Eloi Spirits Version Fran\u00e7aise","rel":"","context":"Article similaire","img":{"alt_text":"","src":"","width":0,"height":0},"classes":[]},{"id":8066,"url":"https:\/\/whisky-francais.com\/index.php\/palmares-des-whiskies-francais-2025\/","url_meta":{"origin":2753,"position":1},"title":"Palmar\u00e8s des whiskies fran\u00e7ais 2025","date":"26 septembre 2025","format":false,"excerpt":"\u00a0 \ud83d\udc8e Diamond Alfred GIRAUD French Malt Whisky \u2013 Harmonie \u2013 Blended Malt Yeun Elez \u2013 F\u00fbt N\u00b03702 \u2013 Single Cask Single Malt Coperies \u2013 Les Brumes \u2013 Single Malt T.O.S Distillerie \u2013 Artesia Double Maturation \u2013 Small Batch Single Malt La Piautre \u2013 Empreinte \u2013 Small Batch Single Malt\u2026","rel":"","context":"Article similaire","img":{"alt_text":"","src":"https:\/\/i0.wp.com\/whisky-francais.com\/wp-content\/uploads\/2025\/09\/DSC_3867.jpg?resize=350%2C200&ssl=1","width":350,"height":200},"classes":[]},{"id":116,"url":"https:\/\/whisky-francais.com\/index.php\/distilleries\/distillerie-bertrand\/","url_meta":{"origin":2753,"position":2},"title":"Distillerie Artisanale Bertrand","date":"17 f\u00e9vrier 2017","format":false,"excerpt":"H\u00e9riti\u00e8re d'une longue tradition familiale dans la fabrication d'eaux-de-vie (depuis 1874 avec Joseph Bertrand), la Distillerie Artisanale Bertrand produit son whisky depuis 2003. Elle est \u00e0 l'\u00e9poque la premi\u00e8re distillerie \u00e0 produire du whisky \u00e0 Uberach (signifiant \"au del\u00e0 de l\u2019eau\"), dont elle donnera le nom \u00e0 sa gamme. Il\u2026","rel":"","context":"Article similaire","img":{"alt_text":"","src":"https:\/\/i0.wp.com\/whisky-francais.com\/wp-content\/uploads\/2017\/02\/UBERACH-LOGO.jpeg?resize=350%2C200","width":350,"height":200},"classes":[]},{"id":3810,"url":"https:\/\/whisky-francais.com\/index.php\/distilleries\/domaine-mabillot\/","url_meta":{"origin":2753,"position":3},"title":"Domaine Mabillot","date":"2 novembre 2018","format":false,"excerpt":"\u00c0 l\u2019origine producteur de c\u00e9r\u00e9ales, Le Domaine Mabillot diversifie son activit\u00e9 dans les ann\u00e9es 1990 en acqu\u00e9rant un vignoble situ\u00e9 au c\u0153ur de l\u2019appellation Reuilly. C\u2019est sous l\u2019impulsion de Matthieu et Renaud \u2013 fils du fondateur \u2013 que le Domaine entame un nouveau chapitre en 2018 en s\u2019\u00e9quipant d\u2019un alambic\u2026","rel":"","context":"Article similaire","img":{"alt_text":"Domaine Mabillot, Sainte Lizaigne, Centre-Val de Loire, France, Reuilly, Renaud Mabillot, Matthieu Mabillot, ferme-distillerie, distillerie, orge, Holstein, whisky Fran\u00e7ais, French whisky, whisky, d\u00e9gustation, Matthieu Acar, Xavier Brevet, Lilya Sekkal, masterclass, Paris, atelier.","src":"https:\/\/i0.wp.com\/whisky-francais.com\/wp-content\/uploads\/2018\/11\/MABILLOT.jpg?resize=350%2C200&ssl=1","width":350,"height":200},"classes":[]},{"id":2844,"url":"https:\/\/whisky-francais.com\/index.php\/moutard\/","url_meta":{"origin":2753,"position":4},"title":"Moutard","date":"24 septembre 2017","format":false,"excerpt":"Producteur de Champagne et de vins de Bourgogne avant tout, la famille Moutard poss\u00e8de plusieurs cordes \u00e0 son arc, et notamment, une histoire li\u00e9e \u00e0 la distillation. Les premi\u00e8res traces de bouilleur de cru dans la famille remontent \u00e0 Hyacinthe Diligent, qui, vers la fin du XIX\u00e8 si\u00e8cle, produisait des\u2026","rel":"","context":"Article similaire","img":{"alt_text":"Distillerie Moutard, Moutard-Diligent, Buxeuil, Lucien Moutard, Fran\u00e7ois Moutard, label Ecocert, V\u00e9ronique Moutard, Alexandre Moutard, Edouard Laculle, Marc, Fine, Esprit de Malt, Champagne, Brasserie Larcher, orge malt\u00e9e, malterie soufflet, ratafia, orge mat\u00e9e, whisky Fran\u00e7ais, French whisky, whisky France, Passerelles, H\u00f4tel Parister, organiser, d\u00e9gustation, whisky, paris, priv\u00e9e, entreprise, \u00e9v\u00e9nement, masterclass, atelier, d\u00e9gustation, whisky","src":"https:\/\/i0.wp.com\/whisky-francais.com\/wp-content\/uploads\/2017\/09\/distillerie-moutard.png?resize=350%2C200&ssl=1","width":350,"height":200},"classes":[]},{"id":1893,"url":"https:\/\/whisky-francais.com\/index.php\/distilleries\/domaine-de-bourjac\/","url_meta":{"origin":2753,"position":5},"title":"Domaine de Bourjac","date":"21 juin 2017","format":false,"excerpt":"Perch\u00e9 \u00e0 350 m\u00e8tres d'altitude dans l\u2019Aveyron, le Domaine de Bourjac a d'abord produit du vin et des ap\u00e9ritifs (Pastis, Ch\u00e2taigne, Prunelle, etc.) avant de signer un whisky artisanal de grande qualit\u00e9 ! Autodidacte et amateur de spiritueux - et plus particuli\u00e8rement de whisky tourb\u00e9 - Olivier Toulouse entreprend d\u00e8s\u2026","rel":"","context":"Article similaire","img":{"alt_text":"Domaine de Bourjac, Broqui\u00e8s, Olivier Toulouse, DDB 3 ans tou&dy, DDB 3 ans Chat Teigne, f\u00fbt par f\u00fbt, double distillation, orge malt\u00e9e biologique, culture raisonn\u00e9e, conduite raisonn\u00e9e, bruy\u00e8re, tourbe, alambic charentais, chauffe au bois, double distillation, f\u00fbt de ch\u00eane, ap\u00e9ritif, domaine, whisky Fran\u00e7ais, French Whisky, malt, whisky France, Passerelles, H\u00f4tel Parister, organiser, d\u00e9gustation, whisky, paris, priv\u00e9e, entreprise, \u00e9v\u00e9nement, masterclass, Matthieu Acar, Xavier Brevet, Lilya Sekkal, d\u00e9gustation, whisky, acad\u00e9mie, masterclass, Paris, atelier, d\u00e9gustation, whisky","src":"https:\/\/i0.wp.com\/whisky-francais.com\/wp-content\/uploads\/2017\/06\/logo-ddb-domaine-de-bourjac-1.png?resize=350%2C200&ssl=1","width":350,"height":200},"classes":[]}],"_links":{"self":[{"href":"https:\/\/whisky-francais.com\/index.php\/wp-json\/wp\/v2\/pages\/2753"}],"collection":[{"href":"https:\/\/whisky-francais.com\/index.php\/wp-json\/wp\/v2\/pages"}],"about":[{"href":"https:\/\/whisky-francais.com\/index.php\/wp-json\/wp\/v2\/types\/page"}],"author":[{"embeddable":true,"href":"https:\/\/whisky-francais.com\/index.php\/wp-json\/wp\/v2\/users\/1"}],"replies":[{"embeddable":true,"href":"https:\/\/whisky-francais.com\/index.php\/wp-json\/wp\/v2\/comments?post=2753"}],"version-history":[{"count":15,"href":"https:\/\/whisky-francais.com\/index.php\/wp-json\/wp\/v2\/pages\/2753\/revisions"}],"predecessor-version":[{"id":5651,"href":"https:\/\/whisky-francais.com\/index.php\/wp-json\/wp\/v2\/pages\/2753\/revisions\/5651"}],"up":[{"embeddable":true,"href":"https:\/\/whisky-francais.com\/index.php\/wp-json\/wp\/v2\/pages\/563"}],"wp:featuredmedia":[{"embeddable":true,"href":"https:\/\/whisky-francais.com\/index.php\/wp-json\/wp\/v2\/media\/2765"}],"wp:attachment":[{"href":"https:\/\/whisky-francais.com\/index.php\/wp-json\/wp\/v2\/media?parent=2753"}],"curies":[{"name":"wp","href":"https:\/\/api.w.org\/{rel}","templated":true}]}}