{"id":3097,"date":"2017-11-28T10:43:47","date_gmt":"2017-11-28T09:43:47","guid":{"rendered":"http:\/\/whisky-francais.com\/?page_id=3097"},"modified":"2023-02-19T13:08:41","modified_gmt":"2023-02-19T12:08:41","slug":"tanargue","status":"publish","type":"page","link":"https:\/\/whisky-francais.com\/index.php\/distilleries\/tanargue\/","title":{"rendered":"Tanargue"},"content":{"rendered":"<p>Lorsque deux vieux amis voyagent en \u00c9cosse \u00e0 l&rsquo;hiver 2005, et qu&rsquo;il d\u00e9couvre le whisky, ils constatent qu&rsquo;on a tout ce qu&rsquo;il faut pour en faire en France, et m\u00eame dans leur d\u00e9partement, l&rsquo;Ard\u00e8che !<\/p>\n<p>Mues par la volont\u00e9 de s&rsquo;engager dans l&#8217;emploi et l&rsquo;\u00e9conomie locale, C\u00e9dric Ollier et Fran\u00e7ois Papin d\u00e9cident en 2017 de produire un whisky refl\u00e9tant le terroir Ard\u00e9chois. Pour ce faire, ils s\u2019appuient sur le savoir-faire d&rsquo;artisans locaux.<\/p>\n<p>Le projet prend alors le nom Tanargue, en r\u00e9f\u00e9rence au plus haut massif ard\u00e9chois, un pic\u00a0o\u00f9 se\u00a0combinent\u00a0les trois \u00e9l\u00e9ments essentiels \u00e0 la fabrication de whisky, l&rsquo;eau, la terre et le feu !<\/p>\n<table>\n<tbody>\n<tr>\n<td style=\"width: 143px;\">Statut<\/td>\n<td style=\"width: 700px;\">En production. Premier f\u00fbt rempli en 2017.<\/td>\n<\/tr>\n<tr>\n<td style=\"width: 143px;\">Localisation<\/td>\n<td style=\"width: 700px;\">Saint-Martin-d&rsquo;Ard\u00e8che<\/td>\n<\/tr>\n<tr>\n<td style=\"width: 143px;\">Volume de Production<\/td>\n<td style=\"width: 700px;\">\n<div class=\"page\" title=\"Page 2\">\n<div class=\"section\">\n<div class=\"layoutArea\">\n<div class=\"column\">\n<p>La distillerie s&rsquo;adapte au fur et a mesure.<\/p>\n<\/div>\n<\/div>\n<\/div>\n<\/div>\n<\/td>\n<\/tr>\n<tr>\n<td style=\"width: 143px;\">Dates Cl\u00e9s<\/td>\n<td style=\"width: 700px;\">\n<p><strong>2017\u00a0:<\/strong> Ann\u00e9e de cr\u00e9ation (premi\u00e8re distillation en Octobre)<\/p>\n<p>2020: Premi\u00e8re commercialisation<\/p>\n<p>2022: Acquisition de deux Pot Still charentais pour une mise en fonctionnement dans les prochaines ann\u00e9es.<\/p>\n<\/td>\n<\/tr>\n<tr>\n<td style=\"width: 143px;\">Personnages Cl\u00e9s<\/td>\n<td style=\"width: 700px;\">C\u00e9dric Ollier et Fran\u00e7ois Papin (Fondateur)\n<p>La brasserie Free-mousse (Brasserie partenaire)<\/p>\n<\/td>\n<\/tr>\n<tr>\n<td style=\"width: 143px;\">Gamme<\/td>\n<td style=\"width: 700px;\">Une gamme classique avec des affinages en fut de Marsanne Roussanne et des \u00e9ditions limit\u00e9 autour des 7 appellations d&rsquo;Ard\u00e8che : Cornas, Saint Joseph, St P\u00e9ray, Condrieu, C\u00f4tes du Rh\u00f4ne, C\u00f4tes du Vivarais, et Coteaux de l&rsquo;Ard\u00e8che.<\/td>\n<\/tr>\n<tr>\n<td style=\"width: 143px;\">Eau<\/td>\n<td style=\"width: 700px;\">\u00a0.<\/td>\n<\/tr>\n<tr>\n<td style=\"width: 143px;\">C\u00e9r\u00e9ales<\/td>\n<td style=\"width: 700px;\">\u00a0Orge malt\u00e9 Bio l\u00e9g\u00e8rement torr\u00e9fi\u00e9 en provenance des malteries \u00abArt Malt bio \u00bb en Ard\u00e8che et \u00ab A vos malts\u00bb dans la drome.<\/td>\n<\/tr>\n<tr>\n<td style=\"width: 143px;\">Levures\/Fermentation<\/td>\n<td style=\"width: 700px;\">\u00a0Il s&rsquo;agit d&rsquo;une levure utilis\u00e9e traditionnellement pour les bi\u00e8res d&rsquo;abbaye. Les fermentations sont tr\u00e8s longue, deux \u00e0 trois semaines, et permettent d&rsquo;obtenir un brassin tr\u00e8s fruit\u00e9.<\/td>\n<\/tr>\n<tr>\n<td style=\"width: 143px;\">Alambics<\/td>\n<td style=\"width: 700px;\">\u00a0Alambic \u00e0 vase, colonne Stupfler. Chauffe par injection de vapeur.<\/td>\n<\/tr>\n<tr>\n<td style=\"width: 143px;\">Distillation<\/td>\n<td style=\"width: 700px;\">\u00a0Distillation continue r\u00e9alis\u00e9e par un Gilles Gaudet, un distillateur exer\u00e7ant depuis 3 g\u00e9n\u00e9rations et ayant notamment distill\u00e9 les excellents whiskies Mandrin.<\/td>\n<\/tr>\n<tr>\n<td style=\"width: 143px;\">Type de chai<\/td>\n<td style=\"width: 700px;\">Les chais sont situ\u00e9s dans la cave d&rsquo;une ancienne magnanerie. La culture du ver \u00e0 soie \u00e9tait tr\u00e8s d\u00e9velopp\u00e9e au XIXe si\u00e8cle dans le d\u00e9partement. Le chai est plut\u00f4t humide.<\/td>\n<\/tr>\n<tr>\n<td style=\"width: 143px;\">F\u00fbt(s)<\/td>\n<td style=\"width: 700px;\">Il s&rsquo;agit de F\u00fbts de ch\u00eane fran\u00e7ais \u00e0 grains fin ayant contenu un vin du d\u00e9partement issu des c\u00e9pages Viognier, Marsanne et Roussanne typique du nord du d\u00e9partement;<br \/>Le premier fut rempli est un f\u00fbt de st Joseph blanc (tr\u00e8s fruit\u00e9)<\/td>\n<\/tr>\n<tr>\n<td style=\"width: 143px;\">Donn\u00e9es Territoriales<\/td>\n<td style=\"width: 700px;\">La temp\u00e9rature moyenne \u00e0 Saint-Martin-d&rsquo;Ard\u00e8che est de 13.4 \u00b0C et il tombe en moyenne 774 mm de pluie par an.<\/td>\n<\/tr>\n<tr>\n<td style=\"width: 143px;\">Notes<\/td>\n<td style=\"width: 700px;\">\u00a0<\/td>\n<\/tr>\n<tr>\n<td style=\"width: 143px;\">Site Web<\/td>\n<td style=\"width: 700px;\"><a href=\"http:\/\/www.tanargue.com\">www.tanargue.com\/<\/a><\/td>\n<\/tr>\n<\/tbody>\n<\/table>\n<p><img loading=\"lazy\" decoding=\"async\" data-attachment-id=\"3141\" data-permalink=\"https:\/\/whisky-francais.com\/index.php\/2017\/11\/28\/tanargue-un-nouveau-whisky-en-ardeche\/cedric-ollier-et-francois-papin-tanargue-whisky-francais-2\/\" data-orig-file=\"https:\/\/whisky-francais.com\/wp-content\/uploads\/2017\/11\/C\u00e9dric-Ollier-et-Fran\u00e7ois-Papin-Tanargue-whisky-fran\u00e7ais-2.jpg\" data-orig-size=\"640,480\" data-comments-opened=\"0\" data-image-meta=\"{&quot;aperture&quot;:&quot;0&quot;,&quot;credit&quot;:&quot;&quot;,&quot;camera&quot;:&quot;&quot;,&quot;caption&quot;:&quot;&quot;,&quot;created_timestamp&quot;:&quot;0&quot;,&quot;copyright&quot;:&quot;&quot;,&quot;focal_length&quot;:&quot;0&quot;,&quot;iso&quot;:&quot;0&quot;,&quot;shutter_speed&quot;:&quot;0&quot;,&quot;title&quot;:&quot;&quot;,&quot;orientation&quot;:&quot;0&quot;}\" data-image-title=\"Tanargue, Saint Martin d&amp;rsquo;Ard\u00e8che, Stupfler,Viognier, Marsanne, Roussanne, Saint Joseph Blanc, Ard\u00e8che, C\u00e9dric Ollier, Fran\u00e7ois Papin, Matthieu Acar, Xavier Brevet, Lilya Sekkal, d\u00e9gustation, whisky, masterclass, Paris\" data-image-description=\"&lt;p&gt;Tanargue, Saint Martin d&amp;rsquo;Ard\u00e8che, Stupfler,Viognier, Marsanne, Roussanne, Saint Joseph Blanc, Ard\u00e8che, C\u00e9dric Ollier, Fran\u00e7ois Papin, Matthieu Acar, Xavier Brevet, Lilya Sekkal, d\u00e9gustation, whisky, masterclass, Paris&lt;\/p&gt;\n\" data-image-caption=\"&lt;p&gt;Tanargue, Saint Martin d&amp;rsquo;Ard\u00e8che, Stupfler,Viognier, Marsanne, Roussanne, Saint Joseph Blanc, Ard\u00e8che, C\u00e9dric Ollier, Fran\u00e7ois Papin, Matthieu Acar, Xavier Brevet, Lilya Sekkal, d\u00e9gustation, whisky, masterclass, Paris, atelier, d\u00e9gustation, whisky&lt;\/p&gt;\n\" data-medium-file=\"https:\/\/whisky-francais.com\/wp-content\/uploads\/2017\/11\/C\u00e9dric-Ollier-et-Fran\u00e7ois-Papin-Tanargue-whisky-fran\u00e7ais-2-300x225.jpg\" data-large-file=\"https:\/\/whisky-francais.com\/wp-content\/uploads\/2017\/11\/C\u00e9dric-Ollier-et-Fran\u00e7ois-Papin-Tanargue-whisky-fran\u00e7ais-2.jpg\" class=\"alignnone size-full wp-image-3141\" src=\"https:\/\/whisky-francais.com\/wp-content\/uploads\/2017\/11\/C\u00e9dric-Ollier-et-Fran\u00e7ois-Papin-Tanargue-whisky-fran\u00e7ais-2.jpg\" alt=\"\" width=\"640\" height=\"480\" srcset=\"https:\/\/whisky-francais.com\/wp-content\/uploads\/2017\/11\/C\u00e9dric-Ollier-et-Fran\u00e7ois-Papin-Tanargue-whisky-fran\u00e7ais-2.jpg 640w, https:\/\/whisky-francais.com\/wp-content\/uploads\/2017\/11\/C\u00e9dric-Ollier-et-Fran\u00e7ois-Papin-Tanargue-whisky-fran\u00e7ais-2-300x225.jpg 300w\" sizes=\"(max-width: 640px) 100vw, 640px\" \/><\/p>\n\n","protected":false},"excerpt":{"rendered":"<p>Lorsque deux vieux amis voyagent en \u00c9cosse \u00e0 l&rsquo;hiver 2005, et qu&rsquo;il d\u00e9couvre le whisky, ils constatent qu&rsquo;on a tout<\/p>\n","protected":false},"author":1,"featured_media":3148,"parent":56,"menu_order":0,"comment_status":"closed","ping_status":"closed","template":"","meta":{"jetpack_post_was_ever_published":false,"footnotes":""},"class_list":["post-3097","page","type-page","status-publish","has-post-thumbnail","hentry"],"jetpack_sharing_enabled":true,"jetpack_shortlink":"https:\/\/wp.me\/P8oZPa-NX","jetpack-related-posts":[{"id":1532,"url":"https:\/\/whisky-francais.com\/index.php\/distilleries\/brasserie-saint-germain-page-24\/","url_meta":{"origin":3097,"position":0},"title":"TOS &#8211; Brasserie Saint Germain (Page 24)","date":"29 mai 2017","format":false,"excerpt":"Mise \u00e0 jour le 27\/01\/2021 Situ\u00e9e \u00e0 Aix-Noulette, dans le Pas-de-Calais, la Brasserie Saint Germain se lance dans la fabrication de whisky cette ann\u00e9e (2017) ! Nul doute que son savoir-faire brassicole et sa volont\u00e9 de mise en valeur des fili\u00e8res locales (100% des mati\u00e8res premi\u00e8res sont d\u2019origine locale) sauront\u2026","rel":"","context":"Article similaire","img":{"alt_text":"","src":"https:\/\/i0.wp.com\/whisky-francais.com\/wp-content\/uploads\/2021\/03\/page-24-whisky-francais-distillerie-tos-scaled.jpg?resize=350%2C200&ssl=1","width":350,"height":200},"classes":[]},{"id":423,"url":"https:\/\/whisky-francais.com\/index.php\/distilleries\/akerbeltz\/","url_meta":{"origin":3097,"position":1},"title":"Akerbeltz","date":"1 mars 2017","format":false,"excerpt":"Pionni\u00e8re du renouveau brassicole au Pays-Basque, Akerbeltz (un bouc noir aux pouvoirs surnaturels dans la mythologie locale) nous livrera son premier whisky en 2021. Ce whisky, fruit d\u2019une r\u00e9flexion de plus de 20 ans, est la r\u00e9sultante du succ\u00e8s grandissant de la brasserie ainsi que de la volont\u00e9 de diversification\u2026","rel":"","context":"Article similaire","img":{"alt_text":"","src":"https:\/\/i0.wp.com\/whisky-francais.com\/wp-content\/uploads\/2017\/03\/AKERBELTZ.jpg?resize=350%2C200&ssl=1","width":350,"height":200},"classes":[]},{"id":6180,"url":"https:\/\/whisky-francais.com\/index.php\/distillerie-artisanale-jm-leisen\/","url_meta":{"origin":3097,"position":2},"title":"Distillerie Artisanale JM LEISEN","date":"7 novembre 2021","format":false,"excerpt":"C\u2019est \u00e0 Malling, une petite commune fran\u00e7aise de 623 habitants situ\u00e9e dans le d\u00e9partement de la Moselle, que la distillerie LEISEN produit un whisky depuis 2012. Troisi\u00e8me et plus petite distillerie de whisky en Lorraine, la famille LEISEN a fait le choix de produire un whisky qui soit le reflet\u2026","rel":"","context":"Article similaire","img":{"alt_text":"","src":"","width":0,"height":0},"classes":[]},{"id":2915,"url":"https:\/\/whisky-francais.com\/index.php\/distilleries\/distillerie-du-golfe\/","url_meta":{"origin":3097,"position":3},"title":"Distillerie du Golfe","date":"4 octobre 2017","format":false,"excerpt":"Implant\u00e9e dans la commune de Plougoumelen, la Distillerie du Golfe voit le jour en 2016 sous l\u2019impulsion de trois fondateurs\u00a0: Henri, Bertrand et\u2026 Bertrand\u00a0! Mue par la volont\u00e9 de fabriquer un whisky 100% Fran\u00e7ais, les trois hommes travaillent actuellement \u00e0 la mise en place de ce projet (livraison de l\u2019alambic\u2026","rel":"","context":"Article similaire","img":{"alt_text":"","src":"https:\/\/i0.wp.com\/whisky-francais.com\/wp-content\/uploads\/2017\/10\/DISTILLERIE-DU-GOLFE.png?resize=350%2C200&ssl=1","width":350,"height":200},"classes":[]},{"id":131,"url":"https:\/\/whisky-francais.com\/index.php\/distilleries\/michard\/","url_meta":{"origin":3097,"position":4},"title":"J.Michard","date":"17 f\u00e9vrier 2017","format":false,"excerpt":"La brasserie Michard produit en toute discr\u00e9tion\u00a0un \u00a0whisky dans la r\u00e9gion Nouvelle-Aquitaine ! La fermentation est une \u00e9tape cl\u00e9 de la production du whisky, et \u00e7a, J. Michard la bien compris, c'est pourquoi la distillerie utilise des souches de levures vivantes cultiv\u00e9es localement ! La distillerie n'embouteille que des singles\u2026","rel":"","context":"Article similaire","img":{"alt_text":"France, Whisky Fran\u00e7ais, Logo Whisky Michard, Jean Michard, Julie Michard, Whisky J.Michard, Matthieu Acar, Xavier Brevet, d\u00e9gustation, whisky, masterclass, Paris, atelier, d\u00e9gustation, whisky","src":"https:\/\/i0.wp.com\/whisky-francais.com\/wp-content\/uploads\/2017\/02\/MICHARD-whisky.png?resize=350%2C200&ssl=1","width":350,"height":200},"classes":[]},{"id":1893,"url":"https:\/\/whisky-francais.com\/index.php\/distilleries\/domaine-de-bourjac\/","url_meta":{"origin":3097,"position":5},"title":"Domaine de Bourjac","date":"21 juin 2017","format":false,"excerpt":"Perch\u00e9 \u00e0 350 m\u00e8tres d'altitude dans l\u2019Aveyron, le Domaine de Bourjac a d'abord produit du vin et des ap\u00e9ritifs (Pastis, Ch\u00e2taigne, Prunelle, etc.) avant de signer un whisky artisanal de grande qualit\u00e9 ! Autodidacte et amateur de spiritueux - et plus particuli\u00e8rement de whisky tourb\u00e9 - Olivier Toulouse entreprend d\u00e8s\u2026","rel":"","context":"Article similaire","img":{"alt_text":"Domaine de Bourjac, Broqui\u00e8s, Olivier Toulouse, DDB 3 ans tou&dy, DDB 3 ans Chat Teigne, f\u00fbt par f\u00fbt, double distillation, orge malt\u00e9e biologique, culture raisonn\u00e9e, conduite raisonn\u00e9e, bruy\u00e8re, tourbe, alambic charentais, chauffe au bois, double distillation, f\u00fbt de ch\u00eane, ap\u00e9ritif, domaine, whisky Fran\u00e7ais, French Whisky, malt, whisky France, Passerelles, H\u00f4tel Parister, organiser, d\u00e9gustation, whisky, paris, priv\u00e9e, entreprise, \u00e9v\u00e9nement, masterclass, Matthieu Acar, Xavier Brevet, Lilya Sekkal, d\u00e9gustation, whisky, acad\u00e9mie, masterclass, Paris, atelier, d\u00e9gustation, whisky","src":"https:\/\/i0.wp.com\/whisky-francais.com\/wp-content\/uploads\/2017\/06\/logo-ddb-domaine-de-bourjac-1.png?resize=350%2C200&ssl=1","width":350,"height":200},"classes":[]}],"_links":{"self":[{"href":"https:\/\/whisky-francais.com\/index.php\/wp-json\/wp\/v2\/pages\/3097"}],"collection":[{"href":"https:\/\/whisky-francais.com\/index.php\/wp-json\/wp\/v2\/pages"}],"about":[{"href":"https:\/\/whisky-francais.com\/index.php\/wp-json\/wp\/v2\/types\/page"}],"author":[{"embeddable":true,"href":"https:\/\/whisky-francais.com\/index.php\/wp-json\/wp\/v2\/users\/1"}],"replies":[{"embeddable":true,"href":"https:\/\/whisky-francais.com\/index.php\/wp-json\/wp\/v2\/comments?post=3097"}],"version-history":[{"count":13,"href":"https:\/\/whisky-francais.com\/index.php\/wp-json\/wp\/v2\/pages\/3097\/revisions"}],"predecessor-version":[{"id":6551,"href":"https:\/\/whisky-francais.com\/index.php\/wp-json\/wp\/v2\/pages\/3097\/revisions\/6551"}],"up":[{"embeddable":true,"href":"https:\/\/whisky-francais.com\/index.php\/wp-json\/wp\/v2\/pages\/56"}],"wp:featuredmedia":[{"embeddable":true,"href":"https:\/\/whisky-francais.com\/index.php\/wp-json\/wp\/v2\/media\/3148"}],"wp:attachment":[{"href":"https:\/\/whisky-francais.com\/index.php\/wp-json\/wp\/v2\/media?parent=3097"}],"curies":[{"name":"wp","href":"https:\/\/api.w.org\/{rel}","templated":true}]}}