{"id":3113,"date":"2017-12-02T09:39:41","date_gmt":"2017-12-02T08:39:41","guid":{"rendered":"http:\/\/whisky-francais.com\/?page_id=3113"},"modified":"2020-12-10T13:23:41","modified_gmt":"2020-12-10T12:23:41","slug":"aikan","status":"publish","type":"page","link":"https:\/\/whisky-francais.com\/index.php\/embouteilleurs-independants\/aikan\/","title":{"rendered":"Aikan"},"content":{"rendered":"<p>Cr\u00e9\u00e9 en 2015 par Beno\u00eet Albanel, Aikan est une marque de whisky qui se distingue par une maturation sous un climat tropical. Et pour cause, tout ou partie du vieillissement a lieu dans les chais de la rhumerie JM, puis, a partir de 2019, dans les chais de l&rsquo;Habitation \u00ab\u00a0La Salle\u00a0\u00bb \u00e0 Sainte Marie sous le climat tropical de la Martinique !<br \/>\nSi les blends de la gamme viennent d\u2019Ecosse, les singles malts, eux, sont bien Fran\u00e7ais ! En effet, le distillat provient des alambics des distilleries <a href=\"https:\/\/whisky-francais.com\/index.php\/distilleries\/g-rozelieures\/\">G. Rozelieures<\/a>, <a href=\"https:\/\/whisky-francais.com\/index.php\/distilleries\/warenghem\/\">Warenghem<\/a> et d\u2019une troisi\u00e8me qui tient \u00e0 rester discr\u00e8te !<\/p>\n<table class=\" aligncenter\">\n<tbody>\n<tr style=\"height: 48px;\">\n<td style=\"width: 191px; height: 48px;\">Statut<\/td>\n<td style=\"width: 787px; height: 48px;\">En production. Premi\u00e8res bouteilles\u00a0disponibles fin 2017.<\/td>\n<\/tr>\n<tr style=\"height: 48px;\">\n<td style=\"width: 191px; height: 48px;\">Localisation<\/td>\n<td style=\"width: 787px; height: 48px;\">Fond Preville,\u00a0Macouba 97218,\u00a0Martinique<\/td>\n<\/tr>\n<tr style=\"height: 48px;\">\n<td style=\"width: 191px; height: 48px;\">Volume de Production<\/td>\n<td style=\"width: 787px; height: 48px;\">La\u00a0premi\u00e8re cuv\u00e9e d\u2019AIKAN compte 10\u00a0700 bouteilles<\/td>\n<\/tr>\n<tr style=\"height: 24px;\">\n<td style=\"width: 191px; height: 24px;\">Dates Cl\u00e9s<\/td>\n<td style=\"width: 787px; height: 24px;\">\n<ul>\n<li>2013 : Beno\u00eet Albanel a l&rsquo;id\u00e9e de faire vieillir un whisky sous les tropiques.<\/li>\n<li>2015 : Rencontre avec la rhumerie JM, le projet se concr\u00e9tise.<\/li>\n<li>2016: Enf\u00fbtage du premier tonneau avec un distillat de grain et de malt \u00e9cossais d\u00e9j\u00e0 \u00e2g\u00e9 de 3 ans.<\/li>\n<li>2017:Enf\u00fbtage de plusieurs Single Malts fran\u00e7ais<\/li>\n<li>2199 : Aikan s&rsquo;installe dans les chai de l&rsquo;Habitation \u00ab\u00a0La Salle\u00a0\u00bb \u00e0 Sainte Marie au cot\u00e9 de vieux rhums Saint James<\/li>\n<\/ul>\n<\/td>\n<\/tr>\n<tr style=\"height: 24px;\">\n<td style=\"width: 191px; height: 24px;\">Personnages Cl\u00e9s<\/td>\n<td style=\"width: 787px; height: 24px;\">Beno\u00eet Albanel, entrepreneur Bourguignon et fondateur d&rsquo;Aikan.<\/p>\n<p>Christian Vergier, (oenologue r\u00e9put\u00e9 pour son travail aupr\u00e8s de grandes maisons de rhum et de whisky.) Consultant sur le projet Aikan.<\/p>\n<p>Karine Lassalle, (cr\u00e9atrice des ar\u00f4mes du \u00ab\u00a0nez du Whisky\u00a0\u00bb des Editions Lenoir), responsable qualit\u00e9 de la distillerie JM.<\/td>\n<\/tr>\n<tr style=\"height: 24px;\">\n<td style=\"width: 191px; height: 24px;\">Gamme<\/td>\n<td style=\"width: 787px; height: 24px;\">BLEND COLLECTION : Pour cette gamme, Beno\u00eet Albanel s\u00e9lectionne un blend \u00e9cossais \u00e2g\u00e9 de 3 ans qui va connaitre un second vieillissement de 1 \u00e0 5 ans dans les chais de JM en Martinique.SINGLE MALT COLLECTION : Cette gamme est constitu\u00e9e de whisky Fran\u00e7ais\u00a0et vieilli en\u00a0Martinique pour une p\u00e9riode entre 3 et 8 ans.EXTRA COLLECTION (43%, 50cl): PVC 52\u20ac Blended whisky distill\u00e9 et vieilli en Ecosse puis affin\u00e9 plusieurs ann\u00e9es dans des f\u00fbts de rhum dans la Cara\u00efbe. Un whisky gourmand, bois\u00e9 et \u00e9pic\u00e9 comme un vieux rhum au nez, chocolat\u00e9 et p\u00e2tissier en bouche.<\/p>\n<p>French Malt Collection Batch n\u00b01 : Un Warenghem vieilli en f\u00fbt de rhum. 15 mois en bourbon puis 2,5 ans en fut de rhum et de ch\u00eane Fran\u00e7ais neuf.<\/td>\n<\/tr>\n<tr style=\"height: 24px;\">\n<td style=\"width: 191px; height: 24px;\">Eau<\/td>\n<td style=\"width: 787px; height: 24px;\">Eau de la montagne Pel\u00e9e. Volcan de la Martinique<\/td>\n<\/tr>\n<tr style=\"height: 24px;\">\n<td style=\"width: 191px; height: 24px;\">Distillats<\/td>\n<td style=\"width: 787px; height: 24px;\">-La gamme SINGLE MALT COLLECTION : Whiskies distill\u00e9s en France m\u00e9tropolitaine et vieillis en Martinique pour une p\u00e9riode entre 3 et 8 ans- La gamme<\/p>\n<p>BLEND COLLECTION\u00a0: Whiskies distill\u00e9s en Ecosse, et vieillis au moins 3 ans avant de poursuivre une maturation entre 1 et 5 ans sur l\u2019\u00eele aux fleurs<\/td>\n<\/tr>\n<tr style=\"height: 24px;\">\n<td style=\"width: 191px; height: 24px;\">Type(s) de chai<\/td>\n<td style=\"width: 787px; height: 24px;\">Les chais de JM sont situ\u00e9s \u00e0 l\u2019extr\u00eame nord de l\u2019\u00eele de la Martinique.Depuis 2019 Aikan c&rsquo;est install\u00e9 dans les chai de l&rsquo;Habitation \u00ab\u00a0La Salle\u00a0\u00bb \u00e0 Sainte Marie<\/p>\n<p>Les conditions de temp\u00e9rature et\u00a0d\u2019humidit\u00e9 engendrent une \u00e9vaporation allant de 7 \u00e0 12% par an.<\/td>\n<\/tr>\n<tr style=\"height: 24px;\">\n<td style=\"width: 191px; height: 24px;\">F\u00fbts<\/td>\n<td style=\"width: 787px; height: 24px;\">Pour produire Aikan, plusieurs types de f\u00fbts sont utilis\u00e9s\u00a0:<\/p>\n<ul>\n<li>F\u00fbts de rhum vieux JM et Saint James.<\/li>\n<li>F\u00fbts neufs aux profils vari\u00e9s par rapport aux chauffes et aux volumes<\/li>\n<li>F\u00fbts de Bourbon<\/li>\n<li>+\u00a0d\u2019autres qui seront d\u00e9voil\u00e9s au fur et \u00e0 mesure des cuv\u00e9es<\/li>\n<\/ul>\n<\/td>\n<\/tr>\n<tr style=\"height: 24px;\">\n<td style=\"width: 191px; height: 24px;\">Donn\u00e9es Territoriales<\/td>\n<td style=\"width: 787px; height: 24px;\">Le climat est tropical. La pluviom\u00e9trie est importante la plupart des mois de l&rsquo;ann\u00e9e, et la saison s\u00e8che courte a peu d&rsquo;effet. La carte climatique de K\u00f6ppen-Geiger y classe le climat comme \u00e9tant de type Am.<\/p>\n<ul>\n<li>Temp\u00e9rature annuelle moyenne : 25.7 \u00b0C.<\/li>\n<li>Pr\u00e9cipitations annuelles moyennes : 1713 mm.<\/li>\n<\/ul>\n<\/td>\n<\/tr>\n<tr style=\"height: 24px;\">\n<td style=\"width: 191px; height: 24px;\">Notes<\/td>\n<td style=\"width: 787px; height: 24px;\"><\/td>\n<\/tr>\n<tr style=\"height: 24px;\">\n<td style=\"width: 191px; height: 24px;\">Site Web<\/td>\n<td style=\"width: 787px; height: 24px;\">\n<div><a href=\"http:\/\/www.aikanwhisky.com\/\" target=\"_blank\" rel=\"noopener noreferrer\" data-saferedirecturl=\"https:\/\/www.google.com\/url?hl=fr&amp;q=http:\/\/www.aikanwhisky.com&amp;source=gmail&amp;ust=1512252295720000&amp;usg=AFQjCNF5IIfRr9TOwwwL4V8uHyuyVcV0DA\">www.aikanwhisky.com<\/a><\/div>\n<p><a href=\"https:\/\/www.facebook.com\/AikanWhisky\/\">https:\/\/www.facebook.com\/AikanWhisky\/<\/a><\/td>\n<\/tr>\n<\/tbody>\n<\/table>\n<p><img loading=\"lazy\" decoding=\"async\" data-attachment-id=\"3171\" data-permalink=\"https:\/\/whisky-francais.com\/index.php\/embouteilleurs-independants\/aikan\/aikan-avec-rhum-jm-derriere\/\" data-orig-file=\"https:\/\/whisky-francais.com\/wp-content\/uploads\/2017\/12\/Aikan-avec-RHUM-JM-derri\u00e8re.jpg\" data-orig-size=\"1186,832\" data-comments-opened=\"0\" data-image-meta=\"{&quot;aperture&quot;:&quot;4&quot;,&quot;credit&quot;:&quot;&quot;,&quot;camera&quot;:&quot;Canon PowerShot G9 X&quot;,&quot;caption&quot;:&quot;&quot;,&quot;created_timestamp&quot;:&quot;1510415668&quot;,&quot;copyright&quot;:&quot;&quot;,&quot;focal_length&quot;:&quot;10.2&quot;,&quot;iso&quot;:&quot;160&quot;,&quot;shutter_speed&quot;:&quot;0.001&quot;,&quot;title&quot;:&quot;&quot;,&quot;orientation&quot;:&quot;1&quot;}\" data-image-title=\"Aikan, Benoit Albanel, G. Rozelieures, Warenghem, Fond Preville, Martinique, JM, Christian Vergier, Karine Lassalle, Blend Collection, Single Malt Collection, Matthieu Acar, Xavier Brevet, d\u00e9gustation, whisky, masterclass, acad\u00e9mie, Paris\" data-image-description=\"&lt;p&gt;Aikan, Benoit Albanel, G. Rozelieures, Warenghem, Fond Preville, Martinique, JM, Christian Vergier, Karine Lassalle, Blend Collection, Single Malt Collection, Matthieu Acar, Xavier Brevet, d\u00e9gustation, whisky, masterclass, acad\u00e9mie, Paris&lt;\/p&gt;\n\" data-image-caption=\"&lt;p&gt;Aikan, Benoit Albanel, G. Rozelieures, Warenghem, Fond Preville, Martinique, JM, Christian Vergier, Karine Lassalle, Blend Collection, Single Malt Collection, Matthieu Acar, Xavier Brevet, d\u00e9gustation, whisky, masterclass, acad\u00e9mie, Paris, atelier, d\u00e9gustation, whisky&lt;\/p&gt;\n\" data-medium-file=\"https:\/\/whisky-francais.com\/wp-content\/uploads\/2017\/12\/Aikan-avec-RHUM-JM-derri\u00e8re-300x210.jpg\" data-large-file=\"https:\/\/whisky-francais.com\/wp-content\/uploads\/2017\/12\/Aikan-avec-RHUM-JM-derri\u00e8re-1024x718.jpg\" class=\"alignnone size-full wp-image-3171\" src=\"https:\/\/whisky-francais.com\/wp-content\/uploads\/2017\/12\/Aikan-avec-RHUM-JM-derri\u00e8re.jpg\" alt=\"Aikan avec RHUM JM derri\u00e8re , whisky francais, les passerelles , degustation, masterclass\" width=\"1186\" height=\"832\" srcset=\"https:\/\/whisky-francais.com\/wp-content\/uploads\/2017\/12\/Aikan-avec-RHUM-JM-derri\u00e8re.jpg 1186w, https:\/\/whisky-francais.com\/wp-content\/uploads\/2017\/12\/Aikan-avec-RHUM-JM-derri\u00e8re-300x210.jpg 300w, https:\/\/whisky-francais.com\/wp-content\/uploads\/2017\/12\/Aikan-avec-RHUM-JM-derri\u00e8re-768x539.jpg 768w, https:\/\/whisky-francais.com\/wp-content\/uploads\/2017\/12\/Aikan-avec-RHUM-JM-derri\u00e8re-1024x718.jpg 1024w\" sizes=\"(max-width: 1186px) 100vw, 1186px\" \/><\/p>\n","protected":false},"excerpt":{"rendered":"<p>Cr\u00e9\u00e9 en 2015 par Beno\u00eet Albanel, Aikan est une marque de whisky qui se distingue par une maturation sous un<\/p>\n","protected":false},"author":1,"featured_media":3120,"parent":563,"menu_order":0,"comment_status":"closed","ping_status":"closed","template":"","meta":{"jetpack_post_was_ever_published":false,"footnotes":""},"class_list":["post-3113","page","type-page","status-publish","has-post-thumbnail","hentry"],"jetpack_sharing_enabled":true,"jetpack_shortlink":"https:\/\/wp.me\/P8oZPa-Od","jetpack-related-posts":[{"id":563,"url":"https:\/\/whisky-francais.com\/index.php\/embouteilleurs-independants\/","url_meta":{"origin":3113,"position":0},"title":"Embouteilleurs Ind\u00e9pendants","date":"14 mars 2017","format":false,"excerpt":"Liste des embouteilleurs ind\u00e9pendants en France. LogoSignificationCe\u00a0pictogramme est un gage d\u2019authenticit\u00e9. Il indique que notre page a \u00e9t\u00e9 mise en ligne apr\u00e8s revue de l'embouteilleur ind\u00e9pendant. Aikan Alfred Giraud Awa Godet Laferte Michel Couvreur Maison Benjamin Kuentz Maison Ferroni Saint Eloi Spirits Version Fran\u00e7aise","rel":"","context":"Article similaire","img":{"alt_text":"","src":"","width":0,"height":0},"classes":[]},{"id":1145,"url":"https:\/\/whisky-francais.com\/index.php\/embouteilleurs-independants\/roof-rye\/","url_meta":{"origin":3113,"position":1},"title":"Maison Ferroni","date":"4 mai 2017","format":false,"excerpt":"Derri\u00e8re le Roof Rye il y a une rencontre, celle de Guillaume Ferroni et David Roussier. Grand passionn\u00e9 de l'univers de la mixologie\u00a0et cr\u00e9ateur des bars Carry Nation, c'est avec\u00a0la complicit\u00e9 de David Roussier, directeur de la distillerie Warenghem, que Guillaume Ferroni cr\u00e9\u00e9 une gamme de spiritueux fran\u00e7ais destin\u00e9e au\u2026","rel":"","context":"Article similaire","img":{"alt_text":"France, Bariana, Roof Rye, Ferroni, Roussier, Provence, f\u00fbts de ch\u00eane am\u00e9ricain neuf, f\u00fbts de X\u00e9r\u00e8s, Warenghem, Carry Nation, Matthieu Acar, Xavier Brevet, d\u00e9gustation, whisky, masterclass, Paris, atelier, d\u00e9gustation, whisky","src":"https:\/\/i0.wp.com\/whisky-francais.com\/wp-content\/uploads\/2017\/05\/roof-rye-whisky-de-seigle-mi-breton-mi-provencal-bariana-50cl-43.jpg?resize=350%2C200&ssl=1","width":350,"height":200},"classes":[]},{"id":2915,"url":"https:\/\/whisky-francais.com\/index.php\/distilleries\/distillerie-du-golfe\/","url_meta":{"origin":3113,"position":2},"title":"Distillerie du Golfe","date":"4 octobre 2017","format":false,"excerpt":"Implant\u00e9e dans la commune de Plougoumelen, la Distillerie du Golfe voit le jour en 2016 sous l\u2019impulsion de trois fondateurs\u00a0: Henri, Bertrand et\u2026 Bertrand\u00a0! Mue par la volont\u00e9 de fabriquer un whisky 100% Fran\u00e7ais, les trois hommes travaillent actuellement \u00e0 la mise en place de ce projet (livraison de l\u2019alambic\u2026","rel":"","context":"Article similaire","img":{"alt_text":"","src":"https:\/\/i0.wp.com\/whisky-francais.com\/wp-content\/uploads\/2017\/10\/DISTILLERIE-DU-GOLFE.png?resize=350%2C200&ssl=1","width":350,"height":200},"classes":[]},{"id":3855,"url":"https:\/\/whisky-francais.com\/index.php\/distilleries\/distillerie-de-fontagard\/","url_meta":{"origin":3113,"position":3},"title":"Distillerie de Fontagard","date":"16 novembre 2018","format":false,"excerpt":"La distillerie de Fontagard est l\u2019\u0153uvre de 4 ge\u0301ne\u0301rations de bouilleurs de profession. Son travail, re\u0301solument axe\u0301 sur la mise en avant de son terroir, s\u2019appuie e\u0301galement sur sa volonte\u0301 de contribuer au de\u0301veloppement local via son engagement dans la valorisation de l\u2019e\u0301nergie et la pre\u0301servation de l\u2019environnement : \u00ab\u2026","rel":"","context":"Article similaire","img":{"alt_text":"Distillerie de Fontagard, France, Neuillac, Granch\u00e8re, Adrien Granch\u00e8re, alambic, charentais, chai, cognac, whisky Fran\u00e7ais, d\u00e9gustation , Paris, Matthieu Acar, Lilya Sekkal, Xavier Brevet, Matthieu Acar","src":"https:\/\/i0.wp.com\/whisky-francais.com\/wp-content\/uploads\/2018\/11\/P1010548-min.jpg?resize=350%2C200&ssl=1","width":350,"height":200},"classes":[]},{"id":7473,"url":"https:\/\/whisky-francais.com\/index.php\/maison-victors\/","url_meta":{"origin":3113,"position":4},"title":"Maison Victors","date":"30 ao\u00fbt 2024","format":false,"excerpt":"C\u2019est dans les coteaux du Frontonnais, pr\u00e8s de Toulouse, que Gilles Victors, coutelier d'art reconnu depuis plus de 15 ans, s\u2019est tourn\u00e9 vers une autre de ses passions : le whisky. Apr\u00e8s un voyage en \u00c9cosse, il installe son atelier dans une \u00e9coconstruction en bottes de paille, donnant ainsi naissance\u2026","rel":"","context":"Article similaire","img":{"alt_text":"","src":"https:\/\/i0.wp.com\/whisky-francais.com\/wp-content\/uploads\/2024\/08\/maison-victors-sherry-bourbon-whisky-francais.jpg?resize=350%2C200&ssl=1","width":350,"height":200},"classes":[]},{"id":4056,"url":"https:\/\/whisky-francais.com\/index.php\/distilleries\/moon-harbour\/","url_meta":{"origin":3113,"position":5},"title":"Moon Harbour","date":"31 janvier 2019","format":false,"excerpt":"Passionn\u00e9s de whisky et entrepreneurs chevronn\u00e9s, Yves M\u00e9dina et Jean Philippe Ballanger s\u2019unissent en 2014 autour d\u2019un projet unique : r\u00e9am\u00e9nager un ancien bunker pour y installer une distillerie\u00a0! Trois ans plus tard, Moon Harbour ouvre ses portes. Pour Bordeaux, c\u2019est le d\u00e9but d\u2019un nouveau chapitre\u00a0: la ville compte d\u00e9sormais\u2026","rel":"","context":"Article similaire","img":{"alt_text":"","src":"https:\/\/i0.wp.com\/whisky-francais.com\/wp-content\/uploads\/2019\/01\/MOONHARBOUR2-min.jpg?resize=350%2C200","width":350,"height":200},"classes":[]}],"_links":{"self":[{"href":"https:\/\/whisky-francais.com\/index.php\/wp-json\/wp\/v2\/pages\/3113"}],"collection":[{"href":"https:\/\/whisky-francais.com\/index.php\/wp-json\/wp\/v2\/pages"}],"about":[{"href":"https:\/\/whisky-francais.com\/index.php\/wp-json\/wp\/v2\/types\/page"}],"author":[{"embeddable":true,"href":"https:\/\/whisky-francais.com\/index.php\/wp-json\/wp\/v2\/users\/1"}],"replies":[{"embeddable":true,"href":"https:\/\/whisky-francais.com\/index.php\/wp-json\/wp\/v2\/comments?post=3113"}],"version-history":[{"count":16,"href":"https:\/\/whisky-francais.com\/index.php\/wp-json\/wp\/v2\/pages\/3113\/revisions"}],"predecessor-version":[{"id":5728,"href":"https:\/\/whisky-francais.com\/index.php\/wp-json\/wp\/v2\/pages\/3113\/revisions\/5728"}],"up":[{"embeddable":true,"href":"https:\/\/whisky-francais.com\/index.php\/wp-json\/wp\/v2\/pages\/563"}],"wp:featuredmedia":[{"embeddable":true,"href":"https:\/\/whisky-francais.com\/index.php\/wp-json\/wp\/v2\/media\/3120"}],"wp:attachment":[{"href":"https:\/\/whisky-francais.com\/index.php\/wp-json\/wp\/v2\/media?parent=3113"}],"curies":[{"name":"wp","href":"https:\/\/api.w.org\/{rel}","templated":true}]}}