{"id":3894,"date":"2018-12-05T11:49:14","date_gmt":"2018-12-05T10:49:14","guid":{"rendered":"http:\/\/whisky-francais.com\/?page_id=3894"},"modified":"2019-02-05T20:41:36","modified_gmt":"2019-02-05T19:41:36","slug":"charlier-fils","status":"publish","type":"page","link":"https:\/\/whisky-francais.com\/index.php\/distilleries\/charlier-fils\/","title":{"rendered":"Charlier &#038; Fils"},"content":{"rendered":"<p><img loading=\"lazy\" decoding=\"async\" data-attachment-id=\"3895\" data-permalink=\"https:\/\/whisky-francais.com\/index.php\/distilleries\/charlier-fils\/20180905_163837-min\/\" data-orig-file=\"https:\/\/whisky-francais.com\/wp-content\/uploads\/2018\/12\/20180905_163837-min.jpg\" data-orig-size=\"4128,3096\" data-comments-opened=\"0\" data-image-meta=\"{&quot;aperture&quot;:&quot;0&quot;,&quot;credit&quot;:&quot;&quot;,&quot;camera&quot;:&quot;&quot;,&quot;caption&quot;:&quot;&quot;,&quot;created_timestamp&quot;:&quot;0&quot;,&quot;copyright&quot;:&quot;&quot;,&quot;focal_length&quot;:&quot;0&quot;,&quot;iso&quot;:&quot;0&quot;,&quot;shutter_speed&quot;:&quot;0&quot;,&quot;title&quot;:&quot;&quot;,&quot;orientation&quot;:&quot;0&quot;}\" data-image-title=\"Charlier &#038; Fils, Warcq, Ardennes, Yann Charlier, Distillerie, Brasserie, whisky Fran\u00e7ais, French whisky, France, Lilya Sekkal, Matthieu Acar, Xavier Brevet, d\u00e9gustation, whisky, masterclass, atelier\" data-image-description=\"&lt;p&gt;Charlier &#038; Fils, Warcq, Ardennes, Yann Charlier, Distillerie, Brasserie, whisky Fran\u00e7ais, French whisky, France, Lilya Sekkal, Matthieu Acar, Xavier Brevet, d\u00e9gustation, whisky, masterclass, atelier&lt;\/p&gt;\n\" data-image-caption=\"&lt;p&gt;Charlier &#038; Fils, Warcq, Ardennes, Yann Charlier, Distillerie, Brasserie, whisky Fran\u00e7ais, French whisky, France, Lilya Sekkal, Matthieu Acar, Xavier Brevet, d\u00e9gustation, whisky, masterclass, atelier&lt;\/p&gt;\n\" data-medium-file=\"https:\/\/whisky-francais.com\/wp-content\/uploads\/2018\/12\/20180905_163837-min-300x225.jpg\" data-large-file=\"https:\/\/whisky-francais.com\/wp-content\/uploads\/2018\/12\/20180905_163837-min-1024x768.jpg\" class=\"aligncenter wp-image-3895 size-full\" src=\"https:\/\/whisky-francais.com\/wp-content\/uploads\/2018\/12\/20180905_163837-min.jpg\" alt=\"\" width=\"4128\" height=\"3096\" srcset=\"https:\/\/whisky-francais.com\/wp-content\/uploads\/2018\/12\/20180905_163837-min.jpg 4128w, https:\/\/whisky-francais.com\/wp-content\/uploads\/2018\/12\/20180905_163837-min-300x225.jpg 300w, https:\/\/whisky-francais.com\/wp-content\/uploads\/2018\/12\/20180905_163837-min-768x576.jpg 768w, https:\/\/whisky-francais.com\/wp-content\/uploads\/2018\/12\/20180905_163837-min-1024x768.jpg 1024w\" sizes=\"(max-width: 4128px) 100vw, 4128px\" \/><\/p>\n<p>Si les notions de <strong>micro brasserie-distillerie, autosuffisance, pr\u00e9servation et respect de l\u2019environnement<\/strong> vous parlent, les futurs whiskies <strong>Charlier &amp; Fils<\/strong> devraient particuli\u00e8rement vous int\u00e9resser.<\/p>\n<p>Inspecteur dans le domaine v\u00e9t\u00e9rinaire le matin, <strong>Yann Charlier<\/strong> se mue en ma\u00eetre-distillateur l\u2019apr\u00e8s-midi venu. Cette polyvalence, pilier de l\u2019approche propos\u00e9e par la distillerie, s\u2019accompagne d\u2019un travail \u00e0 la main du brassage \u00e0 la mise en bouteille.<\/p>\n<p>Le concept de vin de garage d\u00e9sormais d\u00e9mocratis\u00e9, celui de <em><strong>whisky de garage<\/strong><\/em>\u00a0pourrait-il le devenir soutenu par ce type d\u2019initiative\u00a0? Le \u00ab\u00a0brasseur fou\u00a0\u00bb &#8211; comme on le nomme \u00e0 la grande f\u00eate de la bi\u00e8re de Charleville &#8211; \u00a0nous donne rendez-vous en 2020 pour un premier \u00e9l\u00e9ment de r\u00e9ponse.<\/p>\n<table>\n<tbody>\n<tr>\n<td>Statut<\/td>\n<td>En cours de production<\/td>\n<\/tr>\n<tr>\n<td>Localisation<\/td>\n<td>48 Promenade des Bertholet, La Villa Quinard, 08000 Warcq, France<\/td>\n<\/tr>\n<tr>\n<td>\u00a0Volume de Production<\/td>\n<td><strong>Distillerie<\/strong>\u00a0: 50 bouteilles\/an (dans un premier temps)Brasserie\u00a0: 60hl de production en 2018<\/td>\n<\/tr>\n<tr>\n<td>Dates Cl\u00e9s<\/td>\n<td><strong>Avril 2015<\/strong>\u00a0: cr\u00e9ation de la micro-distillerie et 1<sup>\u00e8res<\/sup> distillations<\/p>\n<blockquote><p><span style=\"font-family: inherit; font-size: inherit;\">\u00ab Je suis amoureux de whisky et de produits traditionnels depuis pr\u00e8s de 25 ans. Ma passion pour l\u2019\u00c9cosse et l\u2019Irlande constitua ma premi\u00e8re approche du m\u00e9tier de distillateur. Dans le m\u00eame temps, je m\u2019attendais \u00e0 ce que quelqu\u2019un se lance dans la production de whisky Ardennais\u2026 En vain. J\u2019ai donc d\u00e9but\u00e9 l\u2019activit\u00e9 en cr\u00e9ant simultan\u00e9ment une micro-brasserie et une distillerie en 2015.\u00a0<\/span><span style=\"font-family: inherit; font-size: inherit;\">\u00bb <em>Yann Charlier.\u00a0<\/em><\/span><\/p><\/blockquote>\n<p><strong>Mai 2020\u00a0<\/strong>: commercialisation du 1<sup>er<\/sup> whisky Ardennais.<\/p>\n<blockquote><p>\u00ab 2020\u00a0sera une ann\u00e9e test o\u00f9 nous d\u00e9ciderons en famille de notre strat\u00e9gie de d\u00e9veloppement. \u00c0 ce jour 42 bouteilles sur les 50 mises en vente (tarif non d\u00e9fini pour l\u2019instant) sont d\u00e9j\u00e0 r\u00e9serv\u00e9es. Les premiers retours sont positifs.\u00a0\u00bb<em> Y. C.<\/em><\/p><\/blockquote>\n<\/td>\n<\/tr>\n<tr>\n<td>Personnages<br \/>\nCl\u00e9s<\/td>\n<td><strong>Yann Charlier<\/strong>\u00a0: fondateur de la micro-brasserie et distillerie.<\/p>\n<p>De formation agricole\/agronome et dipl\u00f4m\u00e9 du CNAM , Yann C. travaille comme inspecteur aux services sant\u00e9 protection animale environnement et s\u00e9curit\u00e9 sanitaire de l\u2019alimentation. Son travail \u00e0 la distillerie a cours durant son temps libre.<\/p>\n<p><strong>La famille Charlier\u00a0<\/strong>: soutient et accompagne Yann dans le d\u00e9veloppement de la micro brasserie-distillerie.<\/p>\n<blockquote><p>\u00ab\u00a0Nous avons d\u00e9marr\u00e9 l\u2019activit\u00e9 dans la propri\u00e9t\u00e9 familiale, \u00e0 la villa Quinard &#8211; pr\u00e8s de Charleville-M\u00e9zi\u00e8res &#8211; en hommage \u00e0 ces anciens brasseurs. \u00bb<em> Y. C.<\/em><\/p><\/blockquote>\n<\/td>\n<\/tr>\n<tr>\n<td>Gamme<\/td>\n<td><strong>\ud83e\udd43 Un whisky d\u2019assemblage<\/strong>, finement tourb\u00e9, bois\u00e9, \u00e9pic\u00e9 sera embouteill\u00e9 <strong>brut de f\u00fbts<\/strong>.<\/p>\n<p>\ud83e\udd43 Un \u201c<strong>Cask<\/strong>\u201d sera ensuite propos\u00e9.<\/td>\n<\/tr>\n<tr>\n<td>Eau<\/td>\n<td><strong>Eau de brassage<\/strong>\u00a0: source locale<\/p>\n<p>Eau de refroidissement : circuit ferm\u00e9, syst\u00e9matiquement r\u00e9utilisable.<\/p>\n<blockquote><p>\u00ab\u00a0Il n&rsquo;y aura pas de r\u00e9duction des distillats. <strong>Nous ne travaillerons que sur des bruts de f\u00fbts<\/strong>.\u00a0\u00bb <em>Y. C.<\/em><\/p><\/blockquote>\n<\/td>\n<\/tr>\n<tr>\n<td>C\u00e9r\u00e9ales<\/td>\n<td><strong>\u00a0\ud83c\udf3e Orge<\/strong><\/p>\n<blockquote><p>\u00ab\u00a0<strong>Nos c\u00e9r\u00e9ales proviennent quasi exclusivement des Ardennes<\/strong>. Une faible quantit\u00e9 est d\u2019origine Champenoise. Nous essayons de <strong>travailler au maximum en circuit court<\/strong>, la principale difficult\u00e9 concernant la r\u00e9gularit\u00e9 des approvisionnements malgr\u00e9 que nous soyons au sein de la plus grande r\u00e9gion productrice d\u2019orge en France. M\u00eame les Japonais utilisent nos malts !\u00a0\u00bb <em>Y. C.<\/em><\/p><\/blockquote>\n<\/td>\n<\/tr>\n<tr>\n<td>Brassage &amp;<br \/>\nLevures<\/td>\n<td>\n<blockquote><p>\u00ab\u00a0100% orge malt\u00e9e, les brassins faisaient 100L en moyenne. Nous avons r\u00e9cemment investi dans une installation de 5hl.\u00a0La fermentation a lieu avec notre propre souche de levure. \u00bb <em>Y. C.<\/em><\/p><\/blockquote>\n<\/td>\n<\/tr>\n<tr>\n<td>Alambic<\/td>\n<td><strong>Un alambic de 120L<\/strong> double paroi cuivre\/inox (bain marie) en provenance de R\u00e9publique Tch\u00e8que. Possibilit\u00e9 de chauffer au bois, au gaz et \u00e0 l\u2019\u00e9lectricit\u00e9.<\/p>\n<p><strong>Projet:<\/strong><\/p>\n<blockquote><p>\u00ab\u00a0Nous sommes actuellement \u00e0 la recherche d\u2019un alambic \u00e0 colonne en cuivre d\u2019une capacit\u00e9 comprise en 6 et 11hl, en neuf comme en occasion.\u00a0\u00bb <em>Y. C.<\/em><\/p><\/blockquote>\n<\/td>\n<\/tr>\n<tr>\n<td>Distillation<\/td>\n<td><strong>Double distillation<\/strong><\/p>\n<p>Les <em>New Make<\/em> titrent 55 \u00e0 60% en sortie d\u2019alambic. Ils seront autour de 43% apr\u00e8s vieillissement.<\/td>\n<\/tr>\n<tr>\n<td>Type de Chai<\/td>\n<td><strong>Humide <\/strong>&#8211;\u00a0sol en terre battue, structure en pierre jaune des Ardennes. Un puits se situe au milieu de la cave.<\/td>\n<\/tr>\n<tr>\n<td>F\u00fbts &amp;<br \/>\nVieillissement<\/td>\n<td>\n<blockquote><p>\u00ab\u00a0<strong>Trouver des f\u00fbts<\/strong> ayant contenu ce que l\u2019on souhaite dans des <strong>dimensions allant de 56 \u00e0 112L<\/strong> constitue un v\u00e9ritable d\u00e9fi. Notre travail, r\u00e9alis\u00e9 en partie avec la tonnellerie <strong>Fran\u00e7ois Fr\u00e8res<\/strong>, nous apporte en ce sens puisqu\u2019elle nous aide \u00e0 trouver le type de barrique recherch\u00e9.\u00a0\u00bb <em>Y. C.<\/em><\/p><\/blockquote>\n<p>\u00c0 propos du vieillissement en f\u00fbts de 56 \u00e0 112L&#8230;<\/p>\n<blockquote><p>\u00ab\u00a0Le vieillissement est acc\u00e9l\u00e9r\u00e9 lorsqu\u2019il est conduit en f\u00fbt de moindre contenance. La puissance aromatique et le changement de couleur apparaissent rapidement. \u00bb <em>Y. C.<\/em><\/p><\/blockquote>\n<p>Sur le style et l&rsquo;identit\u00e9 du futur whisky&#8230;<\/p>\n<blockquote><p><strong>Nous entonnons chaque ann\u00e9e dans un type de f\u00fbt diff\u00e9rent<\/strong>. L\u2019\u00e9levage en barriques de ch\u00eane fran\u00e7ais est privil\u00e9gi\u00e9. <strong>Notre volont\u00e9 est de cr\u00e9er un whisky bois\u00e9 et l\u00e9g\u00e8rement tourb\u00e9. Petit-fils de paysan, j\u2019aimerais que ce whisky soit le reflet des Ardennes ; terre de labeur, de for\u00eats et de l\u00e9gendes, de sols profonds et argileux, de ses lacs, \u00e9tangs, sources et cours d\u2019eaux. <\/strong>\u00bb <em>Y. C.<\/em><\/p><\/blockquote>\n<\/td>\n<\/tr>\n<tr>\n<td>Donn\u00e9es Territoriales<\/td>\n<td><strong>Climat<\/strong>\u00a0: Continental d\u00e9grad\u00e9<\/p>\n<p><strong>Altitude<\/strong>\u00a0: 144m<\/td>\n<\/tr>\n<tr>\n<td>Le Saviez-Vous ?<\/td>\n<td>Le respect et la pr\u00e9servation de l\u2019environnement sont au c\u0153ur de la d\u00e9marche de la famille Charlier\u00a0:<\/p>\n<blockquote><p>\u00ab\u00a0Notre micro brasserie-distillerie est r\u00e9solument <strong>tourn\u00e9e vers le d\u00e9veloppement durable<\/strong>. Les rejets sont trait\u00e9s sur place avant d\u2019\u00eatre compost\u00e9s. Les dr\u00eaches servent \u00e0 l&rsquo;alimentation d\u2019un \u00e0 deux bovins\/an. Le persill\u00e9 est tr\u00e8s fin, les qualit\u00e9s organoleptiques sont d\u00e9cupl\u00e9es. La fibre musculaire est fine et dense. Le peu de perte en cuisson permet de braiser id\u00e9alement la viande.\u00a0Cette initiative s\u2019inscrit dans une <strong>logique d\u2019autosuffisance<\/strong>. Elle favorise les circuits courts et repr\u00e9sente un v\u00e9ritable clin d\u2019\u0153il au travail des a\u00efeux. \u00bb Y. C.<\/p><\/blockquote>\n<p>La production de whisky en Ardennes, fruit d&rsquo;un h\u00e9ritage celtique ?<\/p>\n<blockquote><p>\u00ab\u00a0L\u2019Ardennais a, on l\u2019oubli trop souvent une identit\u00e9 unique en Europe et des origines celtiques.\u00a0\u00bb Y. C.<\/p><\/blockquote>\n<p>Une fleur de bi\u00e8re artisanale 40 \u00b0 vieillie 1 an en f\u00fbt de ch\u00eane est propos\u00e9e \u00e0 la vente en attendant la sortie du whisky.<\/p>\n<p>Les Ardennes s\u2019engagent dans la pr\u00e9servation des nombreuses tourbi\u00e8res diss\u00e9min\u00e9es sur son territoire. Les sites, class\u00e9s Natura 2000, se situent essentiellement dans le Nord du d\u00e9partement.<\/p>\n<p>Il est difficile d\u2019utiliser les ch\u00eanes locaux comme mati\u00e8re premi\u00e8re dans la confection de tonneaux. Les nombreux impacts de balles et d\u2019obus les rendent en effet impropre \u00e0 la tonnellerie.<\/td>\n<\/tr>\n<tr>\n<td>Sur Internet<\/td>\n<td>https:\/\/www.facebook.com\/laquinarde\/<\/td>\n<\/tr>\n<\/tbody>\n<\/table>\n<figure id=\"attachment_3896\" aria-describedby=\"caption-attachment-3896\" style=\"width: 1158px\" class=\"wp-caption alignnone\"><img loading=\"lazy\" decoding=\"async\" data-attachment-id=\"3896\" data-permalink=\"https:\/\/whisky-francais.com\/index.php\/distilleries\/charlier-fils\/resized_20170430_170648-min\/\" data-orig-file=\"https:\/\/whisky-francais.com\/wp-content\/uploads\/2018\/12\/Resized_20170430_170648-min.jpg\" data-orig-size=\"1158,1080\" data-comments-opened=\"0\" data-image-meta=\"{&quot;aperture&quot;:&quot;0&quot;,&quot;credit&quot;:&quot;&quot;,&quot;camera&quot;:&quot;&quot;,&quot;caption&quot;:&quot;&quot;,&quot;created_timestamp&quot;:&quot;0&quot;,&quot;copyright&quot;:&quot;&quot;,&quot;focal_length&quot;:&quot;0&quot;,&quot;iso&quot;:&quot;0&quot;,&quot;shutter_speed&quot;:&quot;0&quot;,&quot;title&quot;:&quot;&quot;,&quot;orientation&quot;:&quot;0&quot;}\" data-image-title=\"Charlier &#038; Fils, Warcq, Ardennes, Yann Charlier, Distillerie, Brasserie, whisky Fran\u00e7ais, French whisky, France, Lilya Sekkal, Matthieu Acar, Xavier Brevet, d\u00e9gustation, whisky, masterclass, atelier\" data-image-description=\"&lt;p&gt;Charlier &#038; Fils, Warcq, Ardennes, Yann Charlier, Distillerie, Brasserie, whisky Fran\u00e7ais, French whisky, France, Lilya Sekkal, Matthieu Acar, Xavier Brevet, d\u00e9gustation, whisky, masterclass, atelier&lt;\/p&gt;\n\" data-image-caption=\"&lt;p&gt;Charlier &#038; Fils, Warcq, Ardennes, Yann Charlier, Distillerie, Brasserie, whisky Fran\u00e7ais, French whisky, France, Lilya Sekkal, Matthieu Acar, Xavier Brevet, d\u00e9gustation, whisky, masterclass, atelier&lt;\/p&gt;\n\" data-medium-file=\"https:\/\/whisky-francais.com\/wp-content\/uploads\/2018\/12\/Resized_20170430_170648-min-300x280.jpg\" data-large-file=\"https:\/\/whisky-francais.com\/wp-content\/uploads\/2018\/12\/Resized_20170430_170648-min-1024x955.jpg\" class=\"wp-image-3896 size-full\" src=\"https:\/\/whisky-francais.com\/wp-content\/uploads\/2018\/12\/Resized_20170430_170648-min.jpg\" alt=\"\" width=\"1158\" height=\"1080\" srcset=\"https:\/\/whisky-francais.com\/wp-content\/uploads\/2018\/12\/Resized_20170430_170648-min.jpg 1158w, https:\/\/whisky-francais.com\/wp-content\/uploads\/2018\/12\/Resized_20170430_170648-min-300x280.jpg 300w, https:\/\/whisky-francais.com\/wp-content\/uploads\/2018\/12\/Resized_20170430_170648-min-768x716.jpg 768w, https:\/\/whisky-francais.com\/wp-content\/uploads\/2018\/12\/Resized_20170430_170648-min-1024x955.jpg 1024w\" sizes=\"(max-width: 1158px) 100vw, 1158px\" \/><figcaption id=\"caption-attachment-3896\" class=\"wp-caption-text\">Yann Charlier, fondateur de la micro-brasserie et distillerie Charlier &amp; Fils.<\/figcaption><\/figure>\n<figure id=\"attachment_3898\" aria-describedby=\"caption-attachment-3898\" style=\"width: 2064px\" class=\"wp-caption alignnone\"><img loading=\"lazy\" decoding=\"async\" data-attachment-id=\"3898\" data-permalink=\"https:\/\/whisky-francais.com\/index.php\/distilleries\/charlier-fils\/img_1513454584453-min\/\" data-orig-file=\"https:\/\/whisky-francais.com\/wp-content\/uploads\/2018\/12\/IMG_1513454584453-min.jpg\" data-orig-size=\"2064,1548\" data-comments-opened=\"0\" data-image-meta=\"{&quot;aperture&quot;:&quot;0&quot;,&quot;credit&quot;:&quot;&quot;,&quot;camera&quot;:&quot;&quot;,&quot;caption&quot;:&quot;&quot;,&quot;created_timestamp&quot;:&quot;0&quot;,&quot;copyright&quot;:&quot;&quot;,&quot;focal_length&quot;:&quot;0&quot;,&quot;iso&quot;:&quot;0&quot;,&quot;shutter_speed&quot;:&quot;0&quot;,&quot;title&quot;:&quot;&quot;,&quot;orientation&quot;:&quot;0&quot;}\" data-image-title=\"Charlier &#038; Fils, Warcq, Ardennes, Yann Charlier, Distillerie, Brasserie, whisky Fran\u00e7ais, French whisky, France, Lilya Sekkal, Matthieu Acar, Xavier Brevet, d\u00e9gustation, whisky, masterclass, atelier\" data-image-description=\"&lt;p&gt;Charlier &#038; Fils, Warcq, Ardennes, Yann Charlier, Distillerie, Brasserie, whisky Fran\u00e7ais, French whisky, France, Lilya Sekkal, Matthieu Acar, Xavier Brevet, d\u00e9gustation, whisky, masterclass, atelier&lt;\/p&gt;\n\" data-image-caption=\"&lt;p&gt;Charlier &#038; Fils, Warcq, Ardennes, Yann Charlier, Distillerie, Brasserie, whisky Fran\u00e7ais, French whisky, France, Lilya Sekkal, Matthieu Acar, Xavier Brevet, d\u00e9gustation, whisky, masterclass, atelier&lt;\/p&gt;\n\" data-medium-file=\"https:\/\/whisky-francais.com\/wp-content\/uploads\/2018\/12\/IMG_1513454584453-min-300x225.jpg\" data-large-file=\"https:\/\/whisky-francais.com\/wp-content\/uploads\/2018\/12\/IMG_1513454584453-min-1024x768.jpg\" class=\"wp-image-3898 size-full\" src=\"https:\/\/whisky-francais.com\/wp-content\/uploads\/2018\/12\/IMG_1513454584453-min.jpg\" alt=\"\" width=\"2064\" height=\"1548\" srcset=\"https:\/\/whisky-francais.com\/wp-content\/uploads\/2018\/12\/IMG_1513454584453-min.jpg 2064w, https:\/\/whisky-francais.com\/wp-content\/uploads\/2018\/12\/IMG_1513454584453-min-300x225.jpg 300w, https:\/\/whisky-francais.com\/wp-content\/uploads\/2018\/12\/IMG_1513454584453-min-768x576.jpg 768w, https:\/\/whisky-francais.com\/wp-content\/uploads\/2018\/12\/IMG_1513454584453-min-1024x768.jpg 1024w\" sizes=\"(max-width: 2064px) 100vw, 2064px\" \/><figcaption id=\"caption-attachment-3898\" class=\"wp-caption-text\">La Quinarde, bi\u00e8re de la micro-brasserie Charlier &amp; Fils.<\/figcaption><\/figure>\n<figure id=\"attachment_3897\" aria-describedby=\"caption-attachment-3897\" style=\"width: 3096px\" class=\"wp-caption alignnone\"><img loading=\"lazy\" decoding=\"async\" data-attachment-id=\"3897\" data-permalink=\"https:\/\/whisky-francais.com\/index.php\/distilleries\/charlier-fils\/20180830_191735\/\" data-orig-file=\"https:\/\/whisky-francais.com\/wp-content\/uploads\/2018\/12\/20180830_191735-e1544006393820.jpg\" data-orig-size=\"3096,4128\" data-comments-opened=\"0\" data-image-meta=\"{&quot;aperture&quot;:&quot;1.9&quot;,&quot;credit&quot;:&quot;&quot;,&quot;camera&quot;:&quot;SM-J510FN&quot;,&quot;caption&quot;:&quot;&quot;,&quot;created_timestamp&quot;:&quot;1535656655&quot;,&quot;copyright&quot;:&quot;&quot;,&quot;focal_length&quot;:&quot;3.7&quot;,&quot;iso&quot;:&quot;64&quot;,&quot;shutter_speed&quot;:&quot;0.005952380952381&quot;,&quot;title&quot;:&quot;&quot;,&quot;orientation&quot;:&quot;6&quot;}\" data-image-title=\"Charlier &#038; Fils, Warcq, Ardennes, Yann Charlier, Distillerie, Brasserie, whisky Fran\u00e7ais, French whisky, France, Lilya Sekkal, Matthieu Acar, Xavier Brevet, d\u00e9gustation, whisky, masterclass, atelier\" data-image-description=\"&lt;p&gt;Charlier &#038; Fils, Warcq, Ardennes, Yann Charlier, Distillerie, Brasserie, whisky Fran\u00e7ais, French whisky, France, Lilya Sekkal, Matthieu Acar, Xavier Brevet, d\u00e9gustation, whisky, masterclass, atelier&lt;\/p&gt;\n\" data-image-caption=\"&lt;p&gt;Charlier &#038; Fils, Warcq, Ardennes, Yann Charlier, Distillerie, Brasserie, whisky Fran\u00e7ais, French whisky, France, Lilya Sekkal, Matthieu Acar, Xavier Brevet, d\u00e9gustation, whisky, masterclass, atelier&lt;\/p&gt;\n\" data-medium-file=\"https:\/\/whisky-francais.com\/wp-content\/uploads\/2018\/12\/20180830_191735-e1544006393820-225x300.jpg\" data-large-file=\"https:\/\/whisky-francais.com\/wp-content\/uploads\/2018\/12\/20180830_191735-e1544006393820-768x1024.jpg\" class=\"wp-image-3897 size-full\" src=\"https:\/\/whisky-francais.com\/wp-content\/uploads\/2018\/12\/20180830_191735-e1544006393820.jpg\" alt=\"\" width=\"3096\" height=\"4128\" srcset=\"https:\/\/whisky-francais.com\/wp-content\/uploads\/2018\/12\/20180830_191735-e1544006393820.jpg 3096w, https:\/\/whisky-francais.com\/wp-content\/uploads\/2018\/12\/20180830_191735-e1544006393820-225x300.jpg 225w, https:\/\/whisky-francais.com\/wp-content\/uploads\/2018\/12\/20180830_191735-e1544006393820-768x1024.jpg 768w\" sizes=\"(max-width: 3096px) 100vw, 3096px\" \/><figcaption id=\"caption-attachment-3897\" class=\"wp-caption-text\">Le boeuf ! Utilisation des dr\u00eaches dans l&rsquo;alimentation des bovins.<\/figcaption><\/figure>\n","protected":false},"excerpt":{"rendered":"<p>Si les notions de micro brasserie-distillerie, autosuffisance, pr\u00e9servation et respect de l\u2019environnement vous parlent, les futurs whiskies Charlier &amp; Fils<\/p>\n","protected":false},"author":2,"featured_media":3895,"parent":56,"menu_order":0,"comment_status":"closed","ping_status":"closed","template":"","meta":{"jetpack_post_was_ever_published":false,"footnotes":""},"class_list":["post-3894","page","type-page","status-publish","has-post-thumbnail","hentry"],"jetpack_sharing_enabled":true,"jetpack_shortlink":"https:\/\/wp.me\/P8oZPa-10O","jetpack-related-posts":[{"id":56,"url":"https:\/\/whisky-francais.com\/index.php\/distilleries\/","url_meta":{"origin":3894,"position":0},"title":"Producteurs \/ Distilleries","date":"11 f\u00e9vrier 2017","format":false,"excerpt":"Auvergne-Rh\u00f4ne-Alpes Distillerie du Drac Distillerie des Bughes Distillerie du Vercors Domaine des Hautes Glaces Distillerie des Hautes Terres AlpSpirits (ferm\u00e9e) Monsieur Balthazar Mont Blanc Ninkasi O\u2019Baptiste (Ne produit plus de whisky) Bourgogne-Franche-Comt\u00e9 Br\u00fblerie du Revermont Michel Couvreur Rouget de Lisle Bretagne La Bambelle Distillerie des Menhirs Distillerie FDC (Bale Bro)\u2026","rel":"","context":"Article similaire","img":{"alt_text":"","src":"","width":0,"height":0},"classes":[]},{"id":2670,"url":"https:\/\/whisky-francais.com\/index.php\/distilleries\/les-bughes\/","url_meta":{"origin":3894,"position":1},"title":"Distillerie des Bughes","date":"7 septembre 2017","format":false,"excerpt":"C'est dans une ambiance rappelant celle des distillations clandestines r\u00e9alis\u00e9es du temps de la Prohibition que les fr\u00e8res Mayoux ont imagin\u00e9 la Distillerie des Bughes. Sans h\u00e9ritage ni tradition familiale pour ce qui est de la distillation, c'est leur seule passion qui a guid\u00e9 ces deux fr\u00e8res \u00e0 exp\u00e9rimenter jusqu'\u00e0\u2026","rel":"","context":"Article similaire","img":{"alt_text":"Distillerie des Bughes, Solignac-sur-Loire, ch\u00eane Fran\u00e7ais, B\u00e9renger Mayoux, Pierre-Henri Mayoux, Le R\u00e9seau Entreprendre Auvergne, malt d'orge, tourbe, tourbi\u00e8re, tourb\u00e9, Home Distillers Classic, Home Distillers Tradition, Mont Dev\u00e8s, Malterie du Ch\u00e2teau, pot still, cave humide, distillation \u00e0 repasse, tonnellerie du Pays d'Auge, whisky, Fran\u00e7ais, French, Whisky, France, Matthieu Acar, Xavier Brevet, Lilya Sekkal, d\u00e9gustation, whisky, acad\u00e9mie, masterclass, Paris, atelier, d\u00e9gustation, whisky","src":"https:\/\/i0.wp.com\/whisky-francais.com\/wp-content\/uploads\/2017\/09\/P1010701-min.jpg?resize=350%2C200&ssl=1","width":350,"height":200},"classes":[]},{"id":6142,"url":"https:\/\/whisky-francais.com\/index.php\/merlet-fils\/","url_meta":{"origin":3894,"position":2},"title":"Merlet &#038; fils","date":"18 octobre 2021","format":false,"excerpt":"Issu d\u2019un vieux patois charentais, COPERIES signifie \u00ab moissons \u00bb. Si Luc & Gilles Merlet ont d\u00e9cid\u00e9 de baptiser ainsi leur whisky, c\u2019est pour faire r\u00e9f\u00e9rence \u00e0 son identit\u00e9 fran\u00e7aise, mais aussi, sp\u00e9cifiquement Charentaises.\u00a0\u00a0\u00a0\u00a0\u00a0\u00a0\u00a0 Statut Distillerie productive Localisation \ud83d\udceb Distillerie Merlet et Fils40 Rue de Chevessac 17610 SAINT-SAUVANT Dates Cl\u00e9s\u2026","rel":"","context":"Article similaire","img":{"alt_text":"","src":"","width":0,"height":0},"classes":[]},{"id":70,"url":"https:\/\/whisky-francais.com\/index.php\/distilleries\/lehmann\/","url_meta":{"origin":3894,"position":3},"title":"Lehmann","date":"17 f\u00e9vrier 2017","format":false,"excerpt":"Fond\u00e9e en 1850 par la famille Lehmann, la distillerie est pass\u00e9e de p\u00e8re en fils au fil des g\u00e9n\u00e9rations (5 en tout\u00a0!). Aujourd\u2019hui entre les mains du couple Lehmann, elle propose une gamme vari\u00e9e* attestant d\u2019un savoir-faire ancestral en mati\u00e8re de production de spiritueux. La mise en avant de son\u2026","rel":"","context":"Article similaire","img":{"alt_text":"","src":"https:\/\/i0.wp.com\/whisky-francais.com\/wp-content\/uploads\/2017\/02\/LEHMANN.png?resize=350%2C200&ssl=1","width":350,"height":200},"classes":[]},{"id":713,"url":"https:\/\/whisky-francais.com\/index.php\/distilleries\/claeyssens\/","url_meta":{"origin":3894,"position":4},"title":"Claeyssens","date":"28 mars 2017","format":false,"excerpt":"C'est du haut de ses 200 ans d'existence que la distillerie Claeyssens s'est lanc\u00e9e dans la confection de whisky au cours des ann\u00e9es 2000. Forte d'un savoir-faire s\u00e9culaire, cette institution est un monument d'histoire nous rappelant la grande \u00e9poque de la distillation dans le Nord de la France. Statut Produit\u2026","rel":"","context":"Article similaire","img":{"alt_text":"Matthieu Acar, Xavier Brevet, Lilya Sekkal, d\u00e9gustation, whisky, acad\u00e9mie, masterclass, Paris, atelier, d\u00e9gustation, whisky","src":"https:\/\/i0.wp.com\/whisky-francais.com\/wp-content\/uploads\/2017\/03\/CLAEYSSENSFONTAINE.jpg?resize=350%2C200&ssl=1","width":350,"height":200},"classes":[]},{"id":493,"url":"https:\/\/whisky-francais.com\/index.php\/distilleries\/miclo\/","url_meta":{"origin":3894,"position":5},"title":"G.Miclo","date":"6 mars 2017","format":false,"excerpt":"Depuis les ann\u00e9es 90 la consommation des eaux-de-vie a baiss\u00e9 en France. D'une part par effet de mode (les eaux-de-vie sont vues comme vieillottes) d'autre part, car la mise en place des contr\u00f4les routiers a fait baisser les ventes li\u00e9es \u00e0 la restauration. C'est aussi, et peut-\u00eatre surtout, car les\u2026","rel":"","context":"Article similaire","img":{"alt_text":"","src":"https:\/\/i0.wp.com\/whisky-francais.com\/wp-content\/uploads\/2017\/03\/Alambics.jpg?resize=350%2C200","width":350,"height":200},"classes":[]}],"_links":{"self":[{"href":"https:\/\/whisky-francais.com\/index.php\/wp-json\/wp\/v2\/pages\/3894"}],"collection":[{"href":"https:\/\/whisky-francais.com\/index.php\/wp-json\/wp\/v2\/pages"}],"about":[{"href":"https:\/\/whisky-francais.com\/index.php\/wp-json\/wp\/v2\/types\/page"}],"author":[{"embeddable":true,"href":"https:\/\/whisky-francais.com\/index.php\/wp-json\/wp\/v2\/users\/2"}],"replies":[{"embeddable":true,"href":"https:\/\/whisky-francais.com\/index.php\/wp-json\/wp\/v2\/comments?post=3894"}],"version-history":[{"count":3,"href":"https:\/\/whisky-francais.com\/index.php\/wp-json\/wp\/v2\/pages\/3894\/revisions"}],"predecessor-version":[{"id":4130,"href":"https:\/\/whisky-francais.com\/index.php\/wp-json\/wp\/v2\/pages\/3894\/revisions\/4130"}],"up":[{"embeddable":true,"href":"https:\/\/whisky-francais.com\/index.php\/wp-json\/wp\/v2\/pages\/56"}],"wp:featuredmedia":[{"embeddable":true,"href":"https:\/\/whisky-francais.com\/index.php\/wp-json\/wp\/v2\/media\/3895"}],"wp:attachment":[{"href":"https:\/\/whisky-francais.com\/index.php\/wp-json\/wp\/v2\/media?parent=3894"}],"curies":[{"name":"wp","href":"https:\/\/api.w.org\/{rel}","templated":true}]}}