{"id":3954,"date":"2018-12-14T10:49:35","date_gmt":"2018-12-14T09:49:35","guid":{"rendered":"http:\/\/whisky-francais.com\/?page_id=3954"},"modified":"2023-07-10T12:36:08","modified_gmt":"2023-07-10T10:36:08","slug":"distillerie-du-mont-blanc","status":"publish","type":"page","link":"https:\/\/whisky-francais.com\/index.php\/distilleries\/distillerie-du-mont-blanc\/","title":{"rendered":"Distillerie du Mont Blanc"},"content":{"rendered":"<p><img loading=\"lazy\" decoding=\"async\" data-attachment-id=\"3909\" data-permalink=\"https:\/\/whisky-francais.com\/index.php\/2018\/12\/14\/distillerie-du-mont-blanc-presentation-entretien-avec-sylvain-chiron\/logo-distillerie-du-mont-blanc-dieu-au-trait-new\/\" data-orig-file=\"https:\/\/whisky-francais.com\/wp-content\/uploads\/2018\/12\/LOGO-DISTILLERIE-DU-MONT-BLANC-DIEU-au-trait-NEW.png\" data-orig-size=\"2951,1841\" data-comments-opened=\"0\" data-image-meta=\"{&quot;aperture&quot;:&quot;0&quot;,&quot;credit&quot;:&quot;&quot;,&quot;camera&quot;:&quot;&quot;,&quot;caption&quot;:&quot;&quot;,&quot;created_timestamp&quot;:&quot;0&quot;,&quot;copyright&quot;:&quot;&quot;,&quot;focal_length&quot;:&quot;0&quot;,&quot;iso&quot;:&quot;0&quot;,&quot;shutter_speed&quot;:&quot;0&quot;,&quot;title&quot;:&quot;&quot;,&quot;orientation&quot;:&quot;0&quot;}\" data-image-title=\"Distillerie du Mont Blanc, Sylvain Chiron, La Motte-Servolex, Les Houches, Enchapleuze, Orge, Stupfler, Dolin, whisky Fran\u00e7ais, French whisky, France, Lilya Sekkal, Matthieu Acar, Xavier Brevet, d\u00e9gustation, masterclass, atelier\" data-image-description=\"&lt;p&gt;Distillerie du Mont Blanc, Sylvain Chiron, La Motte-Servolex, Les Houches, Enchapleuze, Orge, Stupfler, Dolin, whisky Fran\u00e7ais, French whisky, France, Lilya Sekkal, Matthieu Acar, Xavier Brevet, d\u00e9gustation, masterclass, atelier&lt;\/p&gt;\n\" data-image-caption=\"&lt;p&gt;Distillerie du Mont Blanc, Sylvain Chiron, La Motte-Servolex, Les Houches, Enchapleuze, Orge, Stupfler, Dolin, whisky Fran\u00e7ais, French whisky, France, Lilya Sekkal, Matthieu Acar, Xavier Brevet, d\u00e9gustation, masterclass, atelier&lt;\/p&gt;\n\" data-medium-file=\"https:\/\/whisky-francais.com\/wp-content\/uploads\/2018\/12\/LOGO-DISTILLERIE-DU-MONT-BLANC-DIEU-au-trait-NEW-300x187.png\" data-large-file=\"https:\/\/whisky-francais.com\/wp-content\/uploads\/2018\/12\/LOGO-DISTILLERIE-DU-MONT-BLANC-DIEU-au-trait-NEW-1024x639.png\" class=\"aligncenter wp-image-3909 size-full\" src=\"https:\/\/whisky-francais.com\/wp-content\/uploads\/2018\/12\/LOGO-DISTILLERIE-DU-MONT-BLANC-DIEU-au-trait-NEW.png\" alt=\"Distillerie du Mont Blanc, Sylvain Chiron, La Motte-Servolex, Les Houches, Enchapleuze, Orge, Stupfler, Dolin, whisky Fran\u00e7ais, French whisky, France, Lilya Sekkal, Matthieu Acar, Xavier Brevet, d\u00e9gustation, masterclass, atelier\" width=\"2951\" height=\"1841\" srcset=\"https:\/\/whisky-francais.com\/wp-content\/uploads\/2018\/12\/LOGO-DISTILLERIE-DU-MONT-BLANC-DIEU-au-trait-NEW.png 2951w, https:\/\/whisky-francais.com\/wp-content\/uploads\/2018\/12\/LOGO-DISTILLERIE-DU-MONT-BLANC-DIEU-au-trait-NEW-300x187.png 300w, https:\/\/whisky-francais.com\/wp-content\/uploads\/2018\/12\/LOGO-DISTILLERIE-DU-MONT-BLANC-DIEU-au-trait-NEW-768x479.png 768w, https:\/\/whisky-francais.com\/wp-content\/uploads\/2018\/12\/LOGO-DISTILLERIE-DU-MONT-BLANC-DIEU-au-trait-NEW-1024x639.png 1024w\" sizes=\"(max-width: 2951px) 100vw, 2951px\" \/><\/p>\n<p>C\u2019est au c\u0153ur des Alpes, \u00e0 La Motte-Servolex, qu&rsquo;en 1999, Sylvain Chiron fera renaitre la brasserie du Mont Blanc, fleuron brassicole qui officia de 1830 avant de cesser toutes activit\u00e9s en 1966. D\u00e8s le d\u00e9part, la dimension distillerie est int\u00e9gr\u00e9e au projet mais il faudra attendre plus de 15 ans pour que Sylvain Chiron propulse la brasserie dans la production de whisky. Une attente qui valait le coup !<\/p>\n<table style=\"width: 100%; height: 3182px;\">\n<tbody>\n<tr style=\"height: 29px;\">\n<td style=\"height: 29px;\">Statut<\/td>\n<td style=\"height: 29px;\">En cours de production<\/td>\n<\/tr>\n<tr style=\"height: 29px;\">\n<td style=\"height: 29px;\">Localisation<\/td>\n<td style=\"height: 29px;\">128, avenue Ren\u00e9 Cassin, 73290 La Motte-Servolex, France.<\/td>\n<\/tr>\n<tr style=\"height: 59px;\">\n<td style=\"height: 59px;\">Volume de Production<\/td>\n<td style=\"height: 59px;\">Interm\u00e9diaire<\/td>\n<\/tr>\n<tr style=\"height: 1072px;\">\n<td style=\"height: 1072px;\">Dates Cl\u00e9s<\/td>\n<td style=\"height: 1072px;\"><strong>1830<\/strong> : cr\u00e9ation de la brasserie \u00e0 Sallanches<\/p>\n<p>1966\u00a0: la <a href=\"https:\/\/www.brasserie-montblanc.com\/\" target=\"_blank\" rel=\"noopener\">Brasserie du Mont Blanc<\/a> stoppe toute activit\u00e9<\/p>\n<p>1999\u00a0: r\u00e9-ouverture de la brasserie \u00e0 La Motte-Servolex sous la direction de <strong>Sylvain Chiron<\/strong>\u00a0:<\/p>\n<blockquote><p>\u00ab Nous \u00e9tions pionniers dans la renaissance brassicole fran\u00e7aise mais avions d\u00e9j\u00e0 l\u2019id\u00e9e de distiller un jour.\u00a0La d\u00e9nomination de l\u2019entreprise comporta donc la mention brasserie-distillerie d\u00e8s 1999.\u00a0\u00bb Sylvain Chiron.<\/p><\/blockquote>\n<p>2011\u00a0: la Rousse du Mont-Blanc remporte le 1er titre mondial au World Beer Award, cat\u00e9gorie bi\u00e8re ambr\u00e9e. <strong>C\u2019est la 1\u00e8re fois qu\u2019une bi\u00e8re fran\u00e7aise obtient cette distinction.<\/strong><\/p>\n<p>2012\u00a0: d\u00e9m\u00e9nagement de l\u2019activit\u00e9 dans une nouvelle brasserie, toujours situ\u00e9e \u00e0 <strong>La Motte-Servolex.<\/strong><\/p>\n<p><strong>2017\u00a0: 1\u00e8re distillation\u00a0!<\/strong><\/p>\n<blockquote><p>\u00ab La brasserie du Mont Blanc a mis du temps \u00e0 d\u00e9coller\u2026 Puis elle a fonctionn\u00e9 avec grand succ\u00e8s. Nous nous sommes d\u2019abord focalis\u00e9s sur l\u2019activit\u00e9 brassicole. Maintenant que l\u2019entreprise compte 35 employ\u00e9s et produit 50.000hl de bi\u00e8res, je me donne du temps pour r\u00e9activer le projet distillerie. Notre but est d\u2019inventer un nouveau whisky ! \u00bb S. C.<\/p><\/blockquote>\n<p><strong>2022<\/strong> : Commercialisation de 4810, le 1er whisky de la brasserie-distillerie qui fait \u00e9cho \u00e0 l&rsquo;altitude du plus haut sommet de France !<\/td>\n<\/tr>\n<tr style=\"height: 89px;\">\n<td style=\"height: 89px;\">Personnages Cl\u00e9s<\/td>\n<td style=\"height: 89px;\"><strong>Sylvain Chiron<\/strong> : fondateur de la brasserie-distillerie du Mont Blanc. Anciennement co-propri\u00e9taire de la distillerie Eyguebelle, c\u2019est l\u00e0 qu\u2019il approfondira son savoir en mati\u00e8re de fabrication de spiritueux, liqueurs et sirops.<\/td>\n<\/tr>\n<tr style=\"height: 317px;\">\n<td style=\"height: 317px;\">Gamme<\/td>\n<td style=\"height: 317px;\"><img loading=\"lazy\" decoding=\"async\" data-attachment-id=\"6812\" data-permalink=\"https:\/\/whisky-francais.com\/index.php\/distilleries\/distillerie-du-mont-blanc\/whisky-4810-mont-blanc-whisky-francais\/\" data-orig-file=\"https:\/\/whisky-francais.com\/wp-content\/uploads\/2023\/07\/whisky-4810-mont-blanc-whisky-francais.jpg\" data-orig-size=\"286,744\" data-comments-opened=\"0\" data-image-meta=\"{&quot;aperture&quot;:&quot;0&quot;,&quot;credit&quot;:&quot;&quot;,&quot;camera&quot;:&quot;&quot;,&quot;caption&quot;:&quot;&quot;,&quot;created_timestamp&quot;:&quot;0&quot;,&quot;copyright&quot;:&quot;&quot;,&quot;focal_length&quot;:&quot;0&quot;,&quot;iso&quot;:&quot;0&quot;,&quot;shutter_speed&quot;:&quot;0&quot;,&quot;title&quot;:&quot;&quot;,&quot;orientation&quot;:&quot;0&quot;}\" data-image-title=\"whisky 4810 mont blanc whisky francais\" data-image-description=\"\" data-image-caption=\"\" data-medium-file=\"https:\/\/whisky-francais.com\/wp-content\/uploads\/2023\/07\/whisky-4810-mont-blanc-whisky-francais-115x300.jpg\" data-large-file=\"https:\/\/whisky-francais.com\/wp-content\/uploads\/2023\/07\/whisky-4810-mont-blanc-whisky-francais.jpg\" class=\"alignleft wp-image-6812 size-medium\" src=\"https:\/\/whisky-francais.com\/wp-content\/uploads\/2023\/07\/whisky-4810-mont-blanc-whisky-francais-115x300.jpg\" alt=\"\" width=\"115\" height=\"300\" srcset=\"https:\/\/whisky-francais.com\/wp-content\/uploads\/2023\/07\/whisky-4810-mont-blanc-whisky-francais-115x300.jpg 115w, https:\/\/whisky-francais.com\/wp-content\/uploads\/2023\/07\/whisky-4810-mont-blanc-whisky-francais.jpg 286w\" sizes=\"(max-width: 115px) 100vw, 115px\" \/>La brasserie-Distillerie souhaite proposer un whisky permanent auquel s&rsquo;ajoutera quelque singles casks ponctuels.<\/p>\n<p><strong>4810 Batch 1:<\/strong> Wash \u00e0 base de 3 diff\u00e9rents malts dont 2 malts de bl\u00e9. Double distillation en alambic charentais. Elevage en ch\u00eane fran\u00e7ais et am\u00e9ricain suivi d&rsquo;un affinage dans des\u00a0 barrique de Vermouth.<\/td>\n<\/tr>\n<tr style=\"height: 119px;\">\n<td style=\"height: 119px;\">Eau<\/td>\n<td style=\"height: 119px;\"><strong>Eau de brassage et r\u00e9duction<\/strong> : source de l\u2019Enchapleuze, situ\u00e9e sous l\u2019aiguille du Go\u00fbter, \u00e0 2074m d\u2019altitude.D\u00e9nu\u00e9e de toute pollution, cette eau, tr\u00e8s pure et peu min\u00e9ralis\u00e9e, se pr\u00eate parfaitement \u00e0 la production de bi\u00e8re et de whisky. <strong>Ses qualit\u00e9s devraient conf\u00e9rer au whisky un caract\u00e8re l\u00e9ger.<\/strong><\/td>\n<\/tr>\n<tr style=\"height: 59px;\">\n<td style=\"height: 59px;\">C\u00e9r\u00e9ales<\/td>\n<td style=\"height: 59px;\">La distillerie \u00e0 travaill\u00e9 sur plusieurs m\u00e9lange de c\u00e9r\u00e9ales, petit \u00e0 petit, la production va se concentrer sur de l&rsquo;orge uniquement.<\/td>\n<\/tr>\n<tr style=\"height: 59px;\">\n<td style=\"height: 59px;\">Maltage et<br \/>\nBrassage<\/td>\n<td style=\"height: 59px;\">Des essais sont en cours sur diff\u00e9rents types de malts (origine France et Allemagne) dont un surprenant \u00ab\u00a0<strong>malt fum\u00e9 au foin<\/strong>\u00a0\u00bb.<\/td>\n<\/tr>\n<tr style=\"height: 227px;\">\n<td style=\"height: 227px;\">Alambic<\/td>\n<td style=\"height: 227px;\"><strong>Charentais (25 hecto) : <\/strong>Pour la majeur partie de la production de whisky, la distillerie fait distiller son Wash \u00e0 fa\u00e7on par un operateur en Charente.<\/p>\n<p><strong> Stupfler<\/strong> : La distillerie dispose d&rsquo;un Stupfler qui lui permet de mener des projets R&amp;D.<\/td>\n<\/tr>\n<tr style=\"height: 484px;\">\n<td style=\"height: 484px;\">Distillation<\/td>\n<td style=\"height: 484px;\">\n<ul>\n<li><strong>Premier Volet : R&amp;D<\/strong><\/li>\n<\/ul>\n<p>Les premi\u00e8res distillations ont eu lieu \u00e0 <a href=\"https:\/\/whisky-francais.com\/index.php\/distilleries\/ninkasi\/\">Ninkasi<\/a>, dans un alambic charentais, avec la contribution d\u2019<strong><a href=\"https:\/\/whisky-francais.com\/index.php\/2017\/06\/28\/distillerie-ninkasi-portrait-alban-perret\/\">Alban Perret<\/a><\/strong>, ma\u00eetre-distillateur du lieu.<\/p>\n<p>Les suivantes ont \u00e9t\u00e9 men\u00e9es \u00e0 <a href=\"https:\/\/whisky-francais.com\/index.php\/distilleries\/rouget-de-lisle\/\">La Rouget de Lisle<\/a> en collaboration avec <strong>Bruno Mangin<\/strong>, fondateur et ma\u00eetre distillateur de la brasserie-distillerie.<\/p>\n<ul>\n<li><strong>Second Volet\u00a0: Livraison de l\u2019alambic et construction de la distillerie<\/strong><\/li>\n<\/ul>\n<p>Aujourd&rsquo;hui, la technique charentaise (double distillation) \u00e0 \u00e9t\u00e9 retenu pour la plus grosse partie du whisky.<\/p>\n<p>Un alambic Stupfler permet de produire un autre style de distillat par distillation simple.<\/td>\n<\/tr>\n<tr style=\"height: 29px;\">\n<td style=\"height: 29px;\">Type de Chai<\/td>\n<td style=\"height: 29px;\"><strong>Humide<\/strong><\/td>\n<\/tr>\n<tr style=\"height: 433px;\">\n<td style=\"height: 433px;\">F\u00fbts et<br \/>\nVieillissement<\/td>\n<td style=\"height: 433px;\">Ex f\u00fbts de <strong>Cognac<\/strong> (vieillissement)<\/p>\n<p>Ex-f\u00fbts de<strong> Bourbon<\/strong> (vieillissement)<\/p>\n<p>Ex-f\u00fbts de <strong>Vermouth<\/strong> (affinage)<\/p>\n<blockquote><p>\u00ab\u00a0Notre partenaire, la <a href=\"http:\/\/www.dolin.fr\/\" target=\"_blank\" rel=\"noopener\">Maison Dolin<\/a>, nous fournit en barriques ayant contenu du vermouth. <strong>Notre souhait est d\u2019inventer un whisky \u00e0 l\u2019ADN montagnarde auquel l\u2019affinage conf\u00e8re un caract\u00e8re l\u00e9ger aux ar\u00f4mes de plantes.<\/strong>\u00a0\u00bb S. C.<\/p><\/blockquote>\n<\/td>\n<\/tr>\n<tr style=\"height: 59px;\">\n<td style=\"height: 59px;\">Donn\u00e9es Territoriales<\/td>\n<td style=\"height: 59px;\"><strong>Climat<\/strong> : Montagnard<strong>Altitude<\/strong>\u00a0:<br \/>\n&gt; La Motte-Servolex \u2013 267m<\/td>\n<\/tr>\n<tr style=\"height: 29px;\">\n<td style=\"height: 29px;\">Notes<\/td>\n<td style=\"height: 29px;\"><\/td>\n<\/tr>\n<tr style=\"height: 89px;\">\n<td style=\"height: 89px;\">Retrouvez la Brasserie-Distillerie du Mont Blanc sur&#8230;<\/td>\n<td style=\"height: 89px;\"><a href=\"https:\/\/distillerie-montblanc.com\/\">https:\/\/distillerie-montblanc.com\/<\/a><\/td>\n<\/tr>\n<\/tbody>\n<\/table>\n","protected":false},"excerpt":{"rendered":"<p>C\u2019est au c\u0153ur des Alpes, \u00e0 La Motte-Servolex, qu&rsquo;en 1999, Sylvain Chiron fera renaitre la brasserie du Mont Blanc, fleuron<\/p>\n","protected":false},"author":2,"featured_media":3909,"parent":56,"menu_order":0,"comment_status":"closed","ping_status":"closed","template":"","meta":{"jetpack_post_was_ever_published":false,"footnotes":""},"class_list":["post-3954","page","type-page","status-publish","has-post-thumbnail","hentry"],"jetpack_sharing_enabled":true,"jetpack_shortlink":"https:\/\/wp.me\/P8oZPa-11M","jetpack-related-posts":[{"id":7700,"url":"https:\/\/whisky-francais.com\/index.php\/brasserie-distillerie-de-vauclair\/","url_meta":{"origin":3954,"position":0},"title":"Brasserie distillerie de Vauclair","date":"15 janvier 2025","format":false,"excerpt":"En septembre 2024, la brasserie-distillerie de Vauclair, r\u00e9put\u00e9e pour ses bi\u00e8res de qualit\u00e9 \"La Choue\", a embouteill\u00e9 son tout premier whisky, baptis\u00e9 \u00ab Le Cahou \u00bb. Derri\u00e8re cette anagramme de \u00ab La Choue \u00bb se cache un superbe single malt dont les racines remontent \u00e0 pr\u00e8s d\u2019un demi mill\u00e9naire !\u2026","rel":"","context":"Article similaire","img":{"alt_text":"","src":"https:\/\/i0.wp.com\/whisky-francais.com\/wp-content\/uploads\/2025\/01\/brasserie-distillerie-de-Vauclair-le-cahou-whisky-francais-tete-de-fut.jpg?resize=350%2C200&ssl=1","width":350,"height":200},"classes":[]},{"id":7500,"url":"https:\/\/whisky-francais.com\/index.php\/brasserie-artisanale-des-2-caps-christophe-noyon-brasseur\/","url_meta":{"origin":3954,"position":1},"title":"Brasserie Artisanale des 2 Caps\u00a0 &#8211; Christophe noyon Brasseur","date":"14 septembre 2024","format":false,"excerpt":"\u00a0 Statut En production Localisation \u00a0 Volume de Production Environ 3000 bouteilles par an. Dates Cl\u00e9s 1946 : Le Grand-p\u00e8re de Christophe Noyon, Michel Noyon, monte une distillerie d\u2019alcool de Betterave au c\u0153ur de sa propri\u00e9t\u00e9, le Domaine de Warcove, situ\u00e9e sur la C\u00f4te d\u2019Opale. Le mat\u00e9riel avait \u00e9t\u00e9 achet\u00e9\u2026","rel":"","context":"Article similaire","img":{"alt_text":"","src":"https:\/\/i0.wp.com\/whisky-francais.com\/wp-content\/uploads\/2024\/09\/tableau-2caps-scaled-warcove-whisky-francais.jpg?resize=350%2C200&ssl=1","width":350,"height":200},"classes":[]},{"id":56,"url":"https:\/\/whisky-francais.com\/index.php\/distilleries\/","url_meta":{"origin":3954,"position":2},"title":"Producteurs \/ Distilleries","date":"11 f\u00e9vrier 2017","format":false,"excerpt":"Auvergne-Rh\u00f4ne-Alpes Distillerie du Drac Distillerie des Bughes Distillerie du Vercors Domaine des Hautes Glaces Distillerie des Hautes Terres AlpSpirits (ferm\u00e9e) Monsieur Balthazar Mont Blanc Ninkasi O\u2019Baptiste (Ne produit plus de whisky) Bourgogne-Franche-Comt\u00e9 Br\u00fblerie du Revermont Michel Couvreur Rouget de Lisle Bretagne La Bambelle Distillerie des Menhirs Distillerie FDC (Bale Bro)\u2026","rel":"","context":"Article similaire","img":{"alt_text":"","src":"","width":0,"height":0},"classes":[]},{"id":3935,"url":"https:\/\/whisky-francais.com\/index.php\/distilleries\/la-mine-dor\/","url_meta":{"origin":3954,"position":3},"title":"La Mine d&rsquo;Or","date":"13 d\u00e9cembre 2018","format":false,"excerpt":"Cr\u00e9\u00e9e en 2016 par St\u00e9phane Kerdod\u00e9, la distillerie de La Mine d\u2019Or s\u2019appuie sur le savoir-faire et l\u2019exp\u00e9rience de la brasserie Lancelot dans la confection de son whisky. C\u2019est \u00e0 travers cette activit\u00e9 que la distillerie redonne vie \u00e0 un site o\u00f9 s\u2019activaient jadis des centaines de mineurs en qu\u00eate\u2026","rel":"","context":"Article similaire","img":{"alt_text":"","src":"https:\/\/i0.wp.com\/whisky-francais.com\/wp-content\/uploads\/2018\/12\/LMD1-min.jpg?resize=350%2C200","width":350,"height":200},"classes":[]},{"id":968,"url":"https:\/\/whisky-francais.com\/index.php\/distilleries\/la-roche-aux-fees-sainte-colombe\/","url_meta":{"origin":3954,"position":4},"title":"Distillerie La Roche aux F\u00e9es","date":"23 avril 2017","format":false,"excerpt":"Derni\u00e8re mise \u00e0 jour : Mai 2025 La brasserie Sainte colombe c'est d'abord illustr\u00e9 par la qualit\u00e9 de ses bi\u00e8res avant de se lancer dans la production de whisky. Pour ses spiritueux, la brasserie a donn\u00e9 naissance \u00e0 \"la distillerie de la roche aux f\u00e9es\" faisant ainsi \u00e9cho au dolmen\u2026","rel":"","context":"Article similaire","img":{"alt_text":"","src":"https:\/\/i0.wp.com\/whisky-francais.com\/wp-content\/uploads\/2017\/04\/la-roche-au-fees-2.jpg?resize=350%2C200","width":350,"height":200},"classes":[]},{"id":3427,"url":"https:\/\/whisky-francais.com\/index.php\/distilleries\/la-fabrique-des-bieres-danjou\/","url_meta":{"origin":3954,"position":5},"title":"LA FABRIQUE DES BI\u00c8RES D&rsquo;ANJOU dite LA PIAUTRE","date":"22 f\u00e9vrier 2018","format":false,"excerpt":"La Fabrique des Bi\u00e8res d'Anjou aussi connue sous le nom de La Piautre, est une brasserie-malterie-distillerie fran\u00e7aise nich\u00e9e sur les bords de la Loire. Fier de son territoire et des ressources qui en d\u00e9coulent, Vincent Leli\u00e8vre montre une vive volont\u00e9 de ne travailler qu'avec des produits de la r\u00e9gion. \u00ab\u00a0Nous\u2026","rel":"","context":"Article similaire","img":{"alt_text":"Fabrique des Bi\u00e8res d'Anjou, brasserie, malterie, distillerie, la Gare, Loire, Vincent Leli\u00e8vre, Gilles Boudier, Yann Leroux, agriculture biologique, Single Malt, Single Malt Tourb\u00e9, Rye, orge, seigle, grand \u00e9peautre, alambic, chenin, C\u00f4teaux de l'Aubance, C\u00f4teaux du layon, whisky Fran\u00e7ais, French Whisky, malt, Matthieu Acar, Xavier Brevet, d\u00e9gustation, whisky, masterclass, acad\u00e9mie, Paris, atelier, d\u00e9gustation, whisky","src":"https:\/\/i0.wp.com\/whisky-francais.com\/wp-content\/uploads\/2018\/02\/05-Logos-La-Piautre.jpg?resize=350%2C200&ssl=1","width":350,"height":200},"classes":[]}],"_links":{"self":[{"href":"https:\/\/whisky-francais.com\/index.php\/wp-json\/wp\/v2\/pages\/3954"}],"collection":[{"href":"https:\/\/whisky-francais.com\/index.php\/wp-json\/wp\/v2\/pages"}],"about":[{"href":"https:\/\/whisky-francais.com\/index.php\/wp-json\/wp\/v2\/types\/page"}],"author":[{"embeddable":true,"href":"https:\/\/whisky-francais.com\/index.php\/wp-json\/wp\/v2\/users\/2"}],"replies":[{"embeddable":true,"href":"https:\/\/whisky-francais.com\/index.php\/wp-json\/wp\/v2\/comments?post=3954"}],"version-history":[{"count":8,"href":"https:\/\/whisky-francais.com\/index.php\/wp-json\/wp\/v2\/pages\/3954\/revisions"}],"predecessor-version":[{"id":6814,"href":"https:\/\/whisky-francais.com\/index.php\/wp-json\/wp\/v2\/pages\/3954\/revisions\/6814"}],"up":[{"embeddable":true,"href":"https:\/\/whisky-francais.com\/index.php\/wp-json\/wp\/v2\/pages\/56"}],"wp:featuredmedia":[{"embeddable":true,"href":"https:\/\/whisky-francais.com\/index.php\/wp-json\/wp\/v2\/media\/3909"}],"wp:attachment":[{"href":"https:\/\/whisky-francais.com\/index.php\/wp-json\/wp\/v2\/media?parent=3954"}],"curies":[{"name":"wp","href":"https:\/\/api.w.org\/{rel}","templated":true}]}}