{"id":423,"date":"2017-03-01T14:10:32","date_gmt":"2017-03-01T13:10:32","guid":{"rendered":"http:\/\/whisky-francais.com\/?page_id=423"},"modified":"2017-05-23T13:43:38","modified_gmt":"2017-05-23T11:43:38","slug":"akerbeltz","status":"publish","type":"page","link":"https:\/\/whisky-francais.com\/index.php\/distilleries\/akerbeltz\/","title":{"rendered":"Akerbeltz"},"content":{"rendered":"<p><img loading=\"lazy\" decoding=\"async\" data-attachment-id=\"670\" data-permalink=\"https:\/\/whisky-francais.com\/index.php\/distilleries\/gilbert-holl\/certifie\/\" data-orig-file=\"https:\/\/whisky-francais.com\/wp-content\/uploads\/2017\/02\/certifie.jpg\" data-orig-size=\"125,125\" data-comments-opened=\"1\" data-image-meta=\"{&quot;aperture&quot;:&quot;0&quot;,&quot;credit&quot;:&quot;&quot;,&quot;camera&quot;:&quot;&quot;,&quot;caption&quot;:&quot;&quot;,&quot;created_timestamp&quot;:&quot;0&quot;,&quot;copyright&quot;:&quot;&quot;,&quot;focal_length&quot;:&quot;0&quot;,&quot;iso&quot;:&quot;0&quot;,&quot;shutter_speed&quot;:&quot;0&quot;,&quot;title&quot;:&quot;&quot;,&quot;orientation&quot;:&quot;1&quot;}\" data-image-title=\"Whisky Fran\u00e7ais &#8211; French Whisky, Matthieu Acar, Xavier Brevet, d\u00e9gustation, whisky, masterclass, Paris\" data-image-description=\"&lt;p&gt;Whisky Fran\u00e7ais &#8211; French Whisky, Matthieu Acar, Xavier Brevet, d\u00e9gustation, whisky, masterclass, Paris&lt;\/p&gt;\n\" data-image-caption=\"&lt;p&gt;Whisky Fran\u00e7ais &#8211; French Whisky, Matthieu Acar, Xavier Brevet, d\u00e9gustation, whisky, masterclass, Paris, atelier, d\u00e9gustation, whisky&lt;\/p&gt;\n\" data-medium-file=\"https:\/\/whisky-francais.com\/wp-content\/uploads\/2017\/02\/certifie.jpg\" data-large-file=\"https:\/\/whisky-francais.com\/wp-content\/uploads\/2017\/02\/certifie.jpg\" class=\"size-full wp-image-670 aligncenter\" src=\"https:\/\/whisky-francais.com\/wp-content\/uploads\/2017\/02\/certifie.jpg\" alt=\"\" width=\"125\" height=\"125\" srcset=\"https:\/\/whisky-francais.com\/wp-content\/uploads\/2017\/02\/certifie.jpg 125w, https:\/\/whisky-francais.com\/wp-content\/uploads\/2017\/02\/certifie-32x32.jpg 32w, https:\/\/whisky-francais.com\/wp-content\/uploads\/2017\/02\/certifie-50x50.jpg 50w, https:\/\/whisky-francais.com\/wp-content\/uploads\/2017\/02\/certifie-64x64.jpg 64w, https:\/\/whisky-francais.com\/wp-content\/uploads\/2017\/02\/certifie-96x96.jpg 96w\" sizes=\"(max-width: 125px) 100vw, 125px\" \/><\/p>\n<p><strong>Pionni\u00e8re du renouveau brassicole au Pays-Basque<\/strong>, Akerbeltz (un bouc noir aux pouvoirs surnaturels dans la mythologie locale) nous livrera son premier whisky en 2021. Ce whisky, fruit d\u2019une r\u00e9flexion de plus de 20 ans, est la r\u00e9sultante du succ\u00e8s grandissant de la brasserie ainsi que de la volont\u00e9 de diversification et d\u2019innovation men\u00e9e par <strong>Fran\u00e7ois Iraola<\/strong> et ses \u00e9quipes. Une p\u00e9pite en devenir\u00a0?!\u00a0\ud83d\ude00<\/p>\n<table>\n<tbody>\n<tr style=\"height: 24px;\">\n<td style=\"width: 117px; height: 24px;\">Statut<\/td>\n<td style=\"width: 609px; height: 24px;\">Production courant 2018 et commercialisation en 2021<\/td>\n<\/tr>\n<tr style=\"height: 48px;\">\n<td style=\"width: 117px; height: 48px;\">Localisation<\/td>\n<td style=\"width: 609px; height: 48px;\">Zone Artisanale Larre Lore, 64310 Ascain<br \/>\n1\u00b037\u201915&gt;&gt;O \/ 43\u00b020\u201941&gt;&gt;N<\/td>\n<\/tr>\n<tr style=\"height: 84px;\">\n<td style=\"width: 117px; height: 84px;\">Volume de Production<\/td>\n<td style=\"width: 609px; height: 84px;\"><strong>3000hl de bi\u00e8re par an<\/strong>. La brasserie souhaite que ce volume de production (actuellement adapt\u00e9 \u00e0 la satisfaction de la demande locale) augmente dans les ann\u00e9es \u00e0 venir tout en veillant \u00e0 respecter l\u2019\u00e2me et l\u2019esprit artisanal du lieu.<\/td>\n<\/tr>\n<tr style=\"height: 412px;\">\n<td style=\"width: 117px; height: 412px;\">Dates Cl\u00e9s<\/td>\n<td style=\"width: 609px; height: 412px;\"><strong>La gen\u00e8se\u00a0:<\/strong><\/p>\n<p><strong>L\u2019enfance<\/strong>\u00a0: 1<sup>\u00e8re<\/sup> bi\u00e8re bue en cachette \u00e0 la suite d\u2019un service rendu \u00e0 un paysan. Il s\u2019agissait d\u2019une Schneider \u00e9labor\u00e9e dans la brasserie du m\u00eame nom \u00e0 Puyoo. La brasserie Schneider a depuis ferm\u00e9 mais la chope dans laquelle reposa cette bi\u00e8re a \u00e9t\u00e9 conserv\u00e9e\u00a0!<\/p>\n<p><strong>L\u2019\u00e2ge adulte<\/strong>\u00a0: Passionn\u00e9 par le monde brassicole, F. Iraola affine ses connaissances en la mati\u00e8re au fil des ans. Sa volont\u00e9 de cr\u00e9er sa propre structure allait alors donnait naissance \u00e0 Akerbeltz.<\/p>\n<p><strong>1999\u00a0<\/strong>: Cr\u00e9ation de la brasserie. L\u2019id\u00e9e de produire ses propres spiritueux existe d\u00e9j\u00e0 (comme en t\u00e9moignent les statuts administratifs de l\u2019entreprise \u00e0 l\u2019\u00e9poque)<\/p>\n<p><strong>2012<\/strong>\u00a0: Installation de la brasserie \u00e0 Ascain (passage de la production de 1000 \u00e0 3000Hl par an).<\/p>\n<p><strong>2016 &#8211; 2021<\/strong>\u00a0: Projet d\u2019agrandissement de la brasserie afin d\u2019accro\u00eetre sa capacit\u00e9 de production et disposer des installations n\u00e9cessaires \u00e0 la production de whisky. Le projet est en cours de r\u00e9alisation au sein de la commune d\u2019Ascain.<\/p>\n<p><strong>2021<\/strong>\u00a0: commercialisation du whisky.<\/td>\n<\/tr>\n<tr style=\"height: 144px;\">\n<td style=\"width: 117px; height: 144px;\">Personnages Cl\u00e9s<\/td>\n<td style=\"width: 609px; height: 144px;\">Fran\u00e7ois Iraola (fondateur, brasseur et ma\u00eetre-distillateur)<\/p>\n<p>Toutes les personnes ayant jou\u00e9 un r\u00f4le au cours des 20 derni\u00e8res ann\u00e9es dont\u00a0:<br \/>\n&#8211; un industriel \u00e0 la retraite\u00a0ayant apport\u00e9 son soutien financier \u00e0 la brasserie.<br \/>\n&#8211; un distributeur local\u00a0historique avec qui la brasserie travaille depuis sa cr\u00e9ation.<\/td>\n<\/tr>\n<tr style=\"height: 24px;\">\n<td style=\"width: 117px; height: 24px;\">Gamme<\/td>\n<td style=\"width: 609px; height: 24px;\">En r\u00e9flexion (cf \u00ab\u00a0Suppl\u00e9ment d&rsquo;info\u00a0\u00bb en bas de page)<\/td>\n<\/tr>\n<tr style=\"height: 56px;\">\n<td style=\"width: 117px; height: 56px;\">Eau<\/td>\n<td style=\"width: 609px; height: 56px;\">Eau de sources locales (cf \u00ab\u00a0Suppl\u00e9ment d&rsquo;info\u00a0\u00bb en bas de page)<\/td>\n<\/tr>\n<tr style=\"height: 184px;\">\n<td style=\"width: 117px; height: 184px;\">C\u00e9r\u00e9ales<\/td>\n<td style=\"width: 609px; height: 184px;\"><strong>Orge Fran\u00e7aise<\/strong>.<\/p>\n<p>Le malt provient de France (majorit\u00e9) et de Belgique.<\/p>\n<p>Des tests concernant la culture de l\u2019orge brassicole au Pays Basque sont en cours (<strong>volont\u00e9 de d\u00e9veloppement local et d\u00a0\u00bbexpression du terroir<\/strong>). Ceux-ci ne se sont pas r\u00e9v\u00e9l\u00e9s concluants pour l\u2019heure.<\/td>\n<\/tr>\n<tr style=\"height: 24px;\">\n<td style=\"width: 117px; height: 24px;\">Alambics<\/td>\n<td style=\"width: 609px; height: 24px;\"><strong>Stupfler<\/strong>, en cours de fabrication.<\/td>\n<\/tr>\n<tr style=\"height: 24px;\">\n<td style=\"width: 117px; height: 24px;\">Distillation<\/td>\n<td style=\"width: 609px; height: 24px;\">\u00c0 venir.<\/td>\n<\/tr>\n<tr style=\"height: 57px;\">\n<td style=\"width: 117px; height: 57px;\">Type de chai<\/td>\n<td style=\"width: 609px; height: 57px;\">En cours d&rsquo;\u00e9tude (cf \u00ab\u00a0Suppl\u00e9ment d&rsquo;info\u00a0\u00bb en bas de page)<\/td>\n<\/tr>\n<tr style=\"height: 72px;\">\n<td style=\"width: 117px; height: 72px;\">F\u00fbt(s)<\/td>\n<td style=\"width: 609px; height: 72px;\">&#8211; Iroul\u00e9guy\u00a0(blanc et rouge, en provenance de La Cave d\u2019Iroul\u00e9guy pour l\u2019heure)<\/p>\n<p>&#8211; Juran\u00e7on (blanc)<\/p>\n<p>&#8211; Sauternes<\/p>\n<p>Un court passage en f\u00fbt de ch\u00eane (fran\u00e7ais) neuf est \u00e0 l\u2019\u00e9tude.<\/td>\n<\/tr>\n<tr style=\"height: 48px;\">\n<td style=\"width: 117px; height: 48px;\">Donn\u00e9es Territoriales<\/td>\n<td style=\"width: 609px; height: 48px;\">Climat\u00a0: Oc\u00e9anique \u00e0 influence montagnarde.<\/p>\n<p>Altitude\u00a0: 22m<\/td>\n<\/tr>\n<tr style=\"height: 48px;\">\n<td style=\"width: 117px; height: 48px;\">Notes<\/td>\n<td style=\"width: 609px; height: 48px;\">Visite de la brasserie par l\u2019\u00e9quipe du whisky-francais.com programm\u00e9e cet \u00e9t\u00e9. Un reportage d\u00e9taill\u00e9 vous sera alors propos\u00e9\u00a0: on a h\u00e2te\u00a0!!!<\/td>\n<\/tr>\n<tr style=\"height: 24px;\">\n<td style=\"width: 117px; height: 24px;\">Site Web<\/td>\n<td style=\"width: 609px; height: 24px;\"><a href=\"http:\/\/www.akerbeltz.fr\/\" target=\"blank\">http:\/\/www.akerbeltz.fr\/<\/a><\/td>\n<\/tr>\n<\/tbody>\n<\/table>\n<p>En pleine effervescence, la brasserie s\u2019appr\u00eate \u00e0 lancer une gamme de bi\u00e8res \u00ab\u00a0barrel aged\u00a0\u00bb (ex f\u00fbt d\u2019Armagnac) courant 2016.<\/p>\n<p>C\u00f4t\u00e9 whisky, <strong>la possibilit\u00e9 de vendre en primeur est en cours de r\u00e9flexion<\/strong>. C\u2019est par ce biais que l\u2019entreprise souhaiterait financer une partie du co\u00fbt de ses futures installations. Celles et ceux int\u00e9ress\u00e9 sont d\u2019ores et d\u00e9j\u00e0 invit\u00e9s \u00e0 se rapprocher de la brasserie en ce sens. Il se pourrait bien qu\u2019Akerbeltz connaisse le m\u00eame succ\u00e8s pour son whisky que pour sa bi\u00e8re\u2026 Ce sera alors le jackpot pour celles et ceux ayant fait ce pari\u00a0!<\/p>\n<p><strong>-&gt; Suppl\u00e9ment d&rsquo;info en lien avec l&rsquo;entretien de Mars 2017:<\/strong><\/p>\n<table>\n<tbody>\n<tr>\n<td style=\"width: 154px;\">Gamme<\/td>\n<td style=\"width: 566px;\">En r\u00e9flexion&#8230; Pour l\u2019heure, elle se composerait de deux whiskies\u00a0:<\/p>\n<p>&#8211; Un <strong>non tourb\u00e9<\/strong><\/p>\n<p>&#8211; Un <strong>tourb\u00e9<\/strong> (la tourbe disponible au Pays-Basque se situant en zone Natura 2000 il faudra se procurer du malt tourb\u00e9 en dehors de cette r\u00e9gion).<\/td>\n<\/tr>\n<tr>\n<td style=\"width: 154px;\">Eau<\/td>\n<td style=\"width: 566px;\">Pour le whisky, des tests sont actuellement en cours. Si l\u2019eau de source locale (en l\u2019\u00e9tat brute) ne permet pas d\u2019obtenir le whisky souhait\u00e9, l\u2019utilisation d\u2019un osmoseur sera \u00e9tudi\u00e9e. <strong>L\u2019eau de source locale restera la base sine qua non<\/strong>.<\/td>\n<\/tr>\n<tr>\n<td style=\"width: 154px;\">Type de chai<\/td>\n<td style=\"width: 566px;\">La construction des chais \u00e9tant \u00e0 l\u2019\u00e9tude, le type de ceux-ci d\u00e9pendra\u00a0:<\/p>\n<p><strong>1. de l\u2019\u00e9valuation du potentiel hydrom\u00e9trique du lieu<\/strong>. La station m\u00e9t\u00e9o r\u00e9cemment install\u00e9e sur le site collecte actuellement les donn\u00e9es n\u00e9cessaires \u00e0 cette \u00e9valuation. Si l\u2019humidit\u00e9 est jug\u00e9e insuffisante, le sol sera en gravier ou terre battue. Si l\u2019humidit\u00e9 est jug\u00e9e satisfaisante, le sol sera en ciment.<\/p>\n<p><strong>2. de la volont\u00e9 de l\u2019entreprise \u00e0 faire subir (ou non\u00a0!) les variations de temp\u00e9rature journali\u00e8res au whisky<\/strong>. Ces variations, propres \u00e0 la r\u00e9gion, peuvent donner l\u2019impression de traverser 3 \u00e0 4 saisons en une journ\u00e9e.<\/p>\n<p><strong>3. de l\u2019influence des vents et de l\u2019Oc\u00e9an Atlantique (la distillerie sera \u00e0 4km de l\u2019oc\u00e9an \u00e0 vol d\u2019oiseau) sur le vieillissement en f\u00fbt<\/strong>.<\/p>\n<p>Pass\u00e9 l\u2019aspect l\u00e9gislatif (respect des normes en vigueur), <strong>l\u2019id\u00e9e directrice guidant la r\u00e9alisation du chai est de retranscrire au mieux l\u2019influence du terroir sur les whiskies \u00e9labor\u00e9s.<\/strong><\/td>\n<\/tr>\n<\/tbody>\n<\/table>\n","protected":false},"excerpt":{"rendered":"<p>Pionni\u00e8re du renouveau brassicole au Pays-Basque, Akerbeltz (un bouc noir aux pouvoirs surnaturels dans la mythologie locale) nous livrera son<\/p>\n","protected":false},"author":1,"featured_media":855,"parent":56,"menu_order":0,"comment_status":"closed","ping_status":"closed","template":"","meta":{"jetpack_post_was_ever_published":false,"footnotes":""},"class_list":["post-423","page","type-page","status-publish","has-post-thumbnail","hentry"],"jetpack_sharing_enabled":true,"jetpack_shortlink":"https:\/\/wp.me\/P8oZPa-6P","jetpack-related-posts":[{"id":6768,"url":"https:\/\/whisky-francais.com\/index.php\/chateau-du-barroux\/","url_meta":{"origin":423,"position":0},"title":"Ch\u00e2teau du Barroux","date":"8 juillet 2023","format":false,"excerpt":"Une seconde distillerie de whisky a \u00e9t\u00e9 inaugur\u00e9e en 2021 dans la r\u00e9gion Provence-Alpes-C\u00f4te d'Azur. Le ch\u00e2teau du Barroux, situ\u00e9 dans le Vaucluse, a une histoire mouvement\u00e9e, passant par diff\u00e9rentes p\u00e9riodes d'abandon et de r\u00e9novation. En 2020, Jean-Baptiste Vayson et sa femme Fanny d\u00e9cident de redonner vie au ch\u00e2teau et\u2026","rel":"","context":"Article similaire","img":{"alt_text":"","src":"https:\/\/i0.wp.com\/whisky-francais.com\/wp-content\/uploads\/2023\/07\/logo-distillerie-chateau-du-Barroux-whisky-Francais.png?resize=350%2C200&ssl=1","width":350,"height":200},"classes":[]},{"id":5923,"url":"https:\/\/whisky-francais.com\/index.php\/chateau-du-breuil\/","url_meta":{"origin":423,"position":1},"title":"Ch\u00e2teau du Breuil","date":"28 f\u00e9vrier 2021","format":false,"excerpt":"Situ\u00e9 \u00e0 Breuil-en-auge en Normandie, le ch\u00e2teau du Breuil est r\u00e9put\u00e9 pour la qualit\u00e9 de ses Calvados. Depuis peu, et en toute discr\u00e9tion, la distillerie s'est lanc\u00e9e dans la production d\u2019un whisky fran\u00e7ais hautement qualitatif. Pour ce projet, rien n\u2019a \u00e9t\u00e9 laiss\u00e9 au hasard et tout d\u00e9coule du choix de\u2026","rel":"","context":"Article similaire","img":{"alt_text":"","src":"https:\/\/i0.wp.com\/whisky-francais.com\/wp-content\/uploads\/2021\/02\/chateau-du-breuil-whisky-francais-Matthieu-ACAR-1.jpg?resize=350%2C200&ssl=1","width":350,"height":200},"classes":[]},{"id":6591,"url":"https:\/\/whisky-francais.com\/index.php\/distillerie-de-soligny\/","url_meta":{"origin":423,"position":2},"title":"Distillerie de Soligny","date":"15 avril 2023","format":false,"excerpt":"C\u2019est \u00e0 Soligny les \u00e9tangs, une petite bourgade de l\u2019Aube, que V\u00e9ronique et Vincent Godier entament leur seconde vie en 2018. Soucieux de valoriser leur terroir, le couple se lance dans la confection d\u2019un whisky du champ \u00e0 la bouteille. Pratiquant une agriculture respectueuse de l\u2019environnement, sans aucun intrant chimique\u2026","rel":"","context":"Article similaire","img":{"alt_text":"","src":"https:\/\/i0.wp.com\/whisky-francais.com\/wp-content\/uploads\/2023\/04\/soligny-whisky-francais.jpg?resize=350%2C200&ssl=1","width":350,"height":200},"classes":[]},{"id":5152,"url":"https:\/\/whisky-francais.com\/index.php\/distilleries\/la-fabrique-a-alcools\/","url_meta":{"origin":423,"position":3},"title":"La Fabrique \u00e0 Alcools","date":"7 avril 2020","format":false,"excerpt":"Non loin de Paris, dans le d\u00e9partement de l'Essonne se trouve la fabrique \u00e0 Alcools, un nom plut\u00f4t \u00e9vocateur pour une distillerie ! Initi\u00e9e par Eric ESNAULT et Christophe ASTORRI en 2017, la fabrique commence \u00e0 produire d\u00e8s 2018. Statut Distille son propre whisky depuis fin 2017 Localisation Ferme de\u2026","rel":"","context":"Article similaire","img":{"alt_text":"","src":"https:\/\/i0.wp.com\/whisky-francais.com\/wp-content\/uploads\/2020\/04\/La-fabrique-a-alcools-whisky-fran\u00e7ais.jpg?resize=350%2C200&ssl=1","width":350,"height":200},"classes":[]},{"id":1280,"url":"https:\/\/whisky-francais.com\/index.php\/distilleries\/mandrin-brasserie-du-dauphine\/","url_meta":{"origin":423,"position":4},"title":"AlpSpirits (ferm\u00e9e)","date":"22 mai 2017","format":false,"excerpt":"Situ\u00e9e \u00e0 Saint-Martin-d'H\u00e8res, dans le d\u00e9partement de l'Is\u00e8re (r\u00e9gion Auvergne Rh\u00f4ne-Alpes), la brasserie du Dauphin\u00e9 nous propose deux whiskies Alpins dont un inspir\u00e9 de la l\u00e9gende de Mandrin! En effet, ce whisky tient son nom de Louis Mandrin, c\u00e9l\u00e8bre contrebandier du XVIII\u00e8me si\u00e8cle qui s'\u00e9tait rebell\u00e9 contre les taxes prohibitives\u2026","rel":"","context":"Article similaire","img":{"alt_text":"France, Mandrin, L'Esprit de Mandrin, Brasserie du Dauphin\u00e9, Saint-Martin-d'H\u00e8res, Is\u00e8re, Vincent Gachet, Rivesaltes, whisky fran\u00e7ais, France, French whisky, Matthieu Acar, Xavier Brevet, d\u00e9gustation, whisky, masterclass, Paris, atelier, d\u00e9gustation, whisky","src":"https:\/\/i0.wp.com\/whisky-francais.com\/wp-content\/uploads\/2017\/05\/MANDRIN.jpg?resize=350%2C200&ssl=1","width":350,"height":200},"classes":[]},{"id":4183,"url":"https:\/\/whisky-francais.com\/index.php\/distilleries\/kentan\/","url_meta":{"origin":423,"position":5},"title":"Kenta\u00f1","date":"28 f\u00e9vrier 2019","format":false,"excerpt":"Nich\u00e9e en Bretagne Nord \u00e0 quelques encablures de la Manche, la \u00ab\u00a0nano-distillerie\u00a0\u00bb Kenta\u00f1 s\u2019est lanc\u00e9e dans la production de whisky en 2018. R\u00e9solument orient\u00e9e bio et local, ses deux fondateurs m\u00e8nent ce travail d\u2019artisan en parall\u00e8le de leurs emplois respectifs. Rendez-vous en 2021 pour la premi\u00e8re d\u00e9gustation\u00a0? Statut Whisky en\u2026","rel":"","context":"Article similaire","img":{"alt_text":"Kenta\u00f1, Kentan, distillerie, Tonqu\u00e9dec, C\u00f4tes d'Armor, France, Samuel Prades, Nicolas D\u00e9laizir, Yec'Hed Malt, alambic charentais, Pinot des Charentes, Coteaux du Layon, Cidre, Whisky Fran\u00e7ais, French Whisky, Matthieu Acar, Xavier Brevet, d\u00e9gustation, whisky, masterclass, Paris, atelier, d\u00e9gustation","src":"https:\/\/i0.wp.com\/whisky-francais.com\/wp-content\/uploads\/2019\/02\/DSC_0729-Redim-min.jpeg?resize=350%2C200&ssl=1","width":350,"height":200},"classes":[]}],"_links":{"self":[{"href":"https:\/\/whisky-francais.com\/index.php\/wp-json\/wp\/v2\/pages\/423"}],"collection":[{"href":"https:\/\/whisky-francais.com\/index.php\/wp-json\/wp\/v2\/pages"}],"about":[{"href":"https:\/\/whisky-francais.com\/index.php\/wp-json\/wp\/v2\/types\/page"}],"author":[{"embeddable":true,"href":"https:\/\/whisky-francais.com\/index.php\/wp-json\/wp\/v2\/users\/1"}],"replies":[{"embeddable":true,"href":"https:\/\/whisky-francais.com\/index.php\/wp-json\/wp\/v2\/comments?post=423"}],"version-history":[{"count":13,"href":"https:\/\/whisky-francais.com\/index.php\/wp-json\/wp\/v2\/pages\/423\/revisions"}],"predecessor-version":[{"id":1449,"href":"https:\/\/whisky-francais.com\/index.php\/wp-json\/wp\/v2\/pages\/423\/revisions\/1449"}],"up":[{"embeddable":true,"href":"https:\/\/whisky-francais.com\/index.php\/wp-json\/wp\/v2\/pages\/56"}],"wp:featuredmedia":[{"embeddable":true,"href":"https:\/\/whisky-francais.com\/index.php\/wp-json\/wp\/v2\/media\/855"}],"wp:attachment":[{"href":"https:\/\/whisky-francais.com\/index.php\/wp-json\/wp\/v2\/media?parent=423"}],"curies":[{"name":"wp","href":"https:\/\/api.w.org\/{rel}","templated":true}]}}