{"id":426,"date":"2017-03-02T14:40:20","date_gmt":"2017-03-02T13:40:20","guid":{"rendered":"http:\/\/whisky-francais.com\/?page_id=426"},"modified":"2017-03-02T14:47:24","modified_gmt":"2017-03-02T13:47:24","slug":"la-quintessence","status":"publish","type":"page","link":"https:\/\/whisky-francais.com\/index.php\/distilleries\/la-quintessence\/","title":{"rendered":"La Quintessence"},"content":{"rendered":"","protected":false},"excerpt":{"rendered":"","protected":false},"author":1,"featured_media":0,"parent":56,"menu_order":0,"comment_status":"closed","ping_status":"closed","template":"","meta":{"jetpack_post_was_ever_published":false,"footnotes":""},"class_list":["post-426","page","type-page","status-publish","hentry"],"jetpack_sharing_enabled":true,"jetpack_shortlink":"https:\/\/wp.me\/P8oZPa-6S","jetpack-related-posts":[{"id":133,"url":"https:\/\/whisky-francais.com\/index.php\/distilleries\/domaine-mavela\/","url_meta":{"origin":426,"position":0},"title":"Domaine Mavela","date":"17 f\u00e9vrier 2017","format":false,"excerpt":"C'est en 1999 que Jean Claude Venturini (Domaine Mavela) et Dominique Sialelli (Brasserie Pietra) s'associent et lancent le whisky P&M. Aujourd'hui entre les mains de Stefanu Venturini (fils de JC. Venturini), le Domaine Mavela prolonge son essor comme en t\u00e9moigne la demande toujours plus forte autour de ses whiskies. Statut\u2026","rel":"","context":"Article similaire","img":{"alt_text":"","src":"https:\/\/i0.wp.com\/whisky-francais.com\/wp-content\/uploads\/2017\/02\/PM2.png?resize=350%2C200","width":350,"height":200},"classes":[]},{"id":56,"url":"https:\/\/whisky-francais.com\/index.php\/distilleries\/","url_meta":{"origin":426,"position":1},"title":"Producteurs \/ Distilleries","date":"11 f\u00e9vrier 2017","format":false,"excerpt":"Auvergne-Rh\u00f4ne-Alpes Distillerie du Drac Distillerie des Bughes Distillerie du Vercors Domaine des Hautes Glaces Distillerie des Hautes Terres AlpSpirits (ferm\u00e9e) Monsieur Balthazar Mont Blanc Ninkasi O\u2019Baptiste (Ne produit plus de whisky) Bourgogne-Franche-Comt\u00e9 Br\u00fblerie du Revermont Michel Couvreur Rouget de Lisle Bretagne La Bambelle Distillerie des Menhirs Distillerie FDC (Bale Bro)\u2026","rel":"","context":"Article similaire","img":{"alt_text":"","src":"","width":0,"height":0},"classes":[]},{"id":8130,"url":"https:\/\/whisky-francais.com\/index.php\/bordeaux-distilling-company\/","url_meta":{"origin":426,"position":2},"title":"Bordeaux distilling company","date":"28 novembre 2025","format":false,"excerpt":"La Bordeaux Distilling Company produit des Rye whisky sous la marque Aventure port\u00e9s notamment par l\u2019image de Jean Dujardin, l\u2019un des quatre associ\u00e9s \u00e0 l\u2019origine du projet. Mais la pr\u00e9sence d\u2019une ic\u00f4ne du cin\u00e9ma fran\u00e7ais ne doit pas \u00e9clipser le travail remarquable, sur le plan technique, de cette distillerie bordelaise\u2026","rel":"","context":"Article similaire","img":{"alt_text":"","src":"https:\/\/i0.wp.com\/whisky-francais.com\/wp-content\/uploads\/2025\/11\/medaillon-aventure-whisky-bordeaux-distilling-jean-dujardin.jpg?resize=350%2C200&ssl=1","width":350,"height":200},"classes":[]}],"_links":{"self":[{"href":"https:\/\/whisky-francais.com\/index.php\/wp-json\/wp\/v2\/pages\/426"}],"collection":[{"href":"https:\/\/whisky-francais.com\/index.php\/wp-json\/wp\/v2\/pages"}],"about":[{"href":"https:\/\/whisky-francais.com\/index.php\/wp-json\/wp\/v2\/types\/page"}],"author":[{"embeddable":true,"href":"https:\/\/whisky-francais.com\/index.php\/wp-json\/wp\/v2\/users\/1"}],"replies":[{"embeddable":true,"href":"https:\/\/whisky-francais.com\/index.php\/wp-json\/wp\/v2\/comments?post=426"}],"version-history":[{"count":1,"href":"https:\/\/whisky-francais.com\/index.php\/wp-json\/wp\/v2\/pages\/426\/revisions"}],"predecessor-version":[{"id":428,"href":"https:\/\/whisky-francais.com\/index.php\/wp-json\/wp\/v2\/pages\/426\/revisions\/428"}],"up":[{"embeddable":true,"href":"https:\/\/whisky-francais.com\/index.php\/wp-json\/wp\/v2\/pages\/56"}],"wp:attachment":[{"href":"https:\/\/whisky-francais.com\/index.php\/wp-json\/wp\/v2\/media?parent=426"}],"curies":[{"name":"wp","href":"https:\/\/api.w.org\/{rel}","templated":true}]}}