{"id":4299,"date":"2019-03-10T14:03:41","date_gmt":"2019-03-10T13:03:41","guid":{"rendered":"http:\/\/whisky-francais.com\/?page_id=4299"},"modified":"2023-04-25T08:50:07","modified_gmt":"2023-04-25T06:50:07","slug":"la-durance","status":"publish","type":"page","link":"https:\/\/whisky-francais.com\/index.php\/distilleries\/la-durance\/","title":{"rendered":"La Durance"},"content":{"rendered":"<figure id=\"attachment_4303\" aria-describedby=\"caption-attachment-4303\" style=\"width: 1280px\" class=\"wp-caption alignnone\"><img loading=\"lazy\" decoding=\"async\" data-attachment-id=\"4303\" data-permalink=\"https:\/\/whisky-francais.com\/index.php\/distilleries\/la-durance\/53287842_480086402524723_7722542899778289664_n-2\/\" data-orig-file=\"https:\/\/whisky-francais.com\/wp-content\/uploads\/2019\/03\/53287842_480086402524723_7722542899778289664_n-1.jpg\" data-orig-size=\"1280,960\" data-comments-opened=\"0\" data-image-meta=\"{&quot;aperture&quot;:&quot;0&quot;,&quot;credit&quot;:&quot;&quot;,&quot;camera&quot;:&quot;&quot;,&quot;caption&quot;:&quot;&quot;,&quot;created_timestamp&quot;:&quot;0&quot;,&quot;copyright&quot;:&quot;&quot;,&quot;focal_length&quot;:&quot;0&quot;,&quot;iso&quot;:&quot;0&quot;,&quot;shutter_speed&quot;:&quot;0&quot;,&quot;title&quot;:&quot;&quot;,&quot;orientation&quot;:&quot;0&quot;}\" data-image-title=\"La Durance, whisky proven\u00e7al, Robin Entreinger, Valentin Bonhomme, Fournieux, Montfort, orge, vin, tennessee whiskey, Le Tour de France des Whiskies, Le Monde du Whisky &#8211; 1 &#8211; Islay, Robin Entreinger, le tour de france des whiskies, whisky made in France, le monde du whisky &#8211; 1 &#8211; islay, Whisky Fran\u00e7ais, French Whisky, Xavier Brevet, Matthieu Acar, Lilya Sekkal, d\u00e9gustation, whisky, masterclass, Paris, atelier, d\u00e9gustation\" data-image-description=\"&lt;p&gt;La Durance, whisky proven\u00e7al, Robin Entreinger, Valentin Bonhomme, Fournieux, Montfort, orge, vin, tennessee whiskey, Le Tour de France des Whiskies, Le Monde du Whisky &#8211; 1 &#8211; Islay, Robin Entreinger, le tour de france des whiskies, whisky made in France, le monde du whisky &#8211; 1 &#8211; islay, Whisky Fran\u00e7ais, French Whisky, Xavier Brevet, Matthieu Acar, Lilya Sekkal, d\u00e9gustation, whisky, masterclass, Paris, atelier, d\u00e9gustation&lt;\/p&gt;\n\" data-image-caption=\"&lt;p&gt;La Durance, whisky proven\u00e7al, Robin Entreinger, Valentin Bonhomme, Fournieux, Montfort, orge, vin, tennessee whiskey, Le Tour de France des Whiskies, Le Monde du Whisky &#8211; 1 &#8211; Islay, Robin Entreinger, le tour de france des whiskies, whisky made in France, le monde du whisky &#8211; 1 &#8211; islay, Whisky Fran\u00e7ais, French Whisky, Xavier Brevet, Matthieu Acar, Lilya Sekkal, d\u00e9gustation, whisky, masterclass, Paris, atelier, d\u00e9gustation&lt;\/p&gt;\n\" data-medium-file=\"https:\/\/whisky-francais.com\/wp-content\/uploads\/2019\/03\/53287842_480086402524723_7722542899778289664_n-1-300x225.jpg\" data-large-file=\"https:\/\/whisky-francais.com\/wp-content\/uploads\/2019\/03\/53287842_480086402524723_7722542899778289664_n-1-1024x768.jpg\" class=\"wp-image-4303 size-full\" src=\"https:\/\/whisky-francais.com\/wp-content\/uploads\/2019\/03\/53287842_480086402524723_7722542899778289664_n-1.jpg\" alt=\"\" width=\"1280\" height=\"960\" srcset=\"https:\/\/whisky-francais.com\/wp-content\/uploads\/2019\/03\/53287842_480086402524723_7722542899778289664_n-1.jpg 1280w, https:\/\/whisky-francais.com\/wp-content\/uploads\/2019\/03\/53287842_480086402524723_7722542899778289664_n-1-300x225.jpg 300w, https:\/\/whisky-francais.com\/wp-content\/uploads\/2019\/03\/53287842_480086402524723_7722542899778289664_n-1-768x576.jpg 768w, https:\/\/whisky-francais.com\/wp-content\/uploads\/2019\/03\/53287842_480086402524723_7722542899778289664_n-1-1024x768.jpg 1024w\" sizes=\"(max-width: 1280px) 100vw, 1280px\" \/><figcaption id=\"caption-attachment-4303\" class=\"wp-caption-text\"><span style=\"font-size: 8pt;\"><em>Les fondateurs de la distillerie : Valentin Bonhomme (g.) et Robin Entreinger (d.) &#8211; Cr\u00e9dit Photo : Distillerie La Durance<\/em><\/span><\/figcaption><\/figure>\n<p>Le duo de choc <strong>Robin Entreinger <\/strong>\/<strong> Valentin Bonhomme<\/strong> est de retour sur le devant de la sc\u00e8ne. Apr\u00e8s avoir produit et jou\u00e9 dans <em>Le Tour de France des Whiskies<\/em>, les deux hommes cr\u00e9ent la soci\u00e9t\u00e9 d&rsquo;affinage La Durance en 2017.<\/p>\n<p>Si tous les chemins m\u00e8nent \u00e0 Rome, ceux du cin\u00e9ma m\u00e8nent d\u00e9sormais au whisky\u00a0!<\/p>\n<table>\n<tbody>\n<tr>\n<td><strong>Statut<\/strong><\/td>\n<td><strong>Distillerie<\/strong> : en projet<strong>Embouteilleur Ind\u00e9pendant<\/strong> : actif, lancement de leur premier whisky en 2020<\/td>\n<\/tr>\n<tr>\n<td><strong>Localisation<\/strong><\/td>\n<td>\ud83d\udceb Fournieux, Montfort, France<\/td>\n<\/tr>\n<tr>\n<td><strong>Vol. de Production<\/strong><\/td>\n<td>6 f\u00fbts actuellement en vieillissement.<\/p>\n<blockquote><p><span style=\"font-family: inherit; font-size: inherit;\">\u00ab\u00a0Modestes, nous souhaitons travailler sur de petites quantit\u00e9s. Notre volont\u00e9 n\u2019est pas de distiller en continu.\u00a0\u00bb <em>Robin Entreinger.<\/em><\/span><\/p><\/blockquote>\n<\/td>\n<\/tr>\n<tr>\n<td><strong>Dates Cl\u00e9s<\/strong><\/td>\n<td>2015\u00a0: naissance de projet sur une id\u00e9e de Valentin Bonhomme.<\/p>\n<p><strong>2017<\/strong>\u00a0: cr\u00e9ation de la SAS.<\/p>\n<blockquote><p>\u00ab\u00a0C\u2019est Valentin qui est \u00e0 l\u2019origine du projet. Depuis son installation en Provence, il veille au bon fonctionnement de la distillerie dont il souhaite en faire son activit\u00e9 principale. De mon c\u00f4t\u00e9, je maintiens mon travail cin\u00e9matographique et veille \u00e0 participer aux moments cl\u00e9s de la vie de la distillerie dont nos futures distillations et op\u00e9rations diverses comme les r\u00e9ductions, les transferts de f\u00fbt, l\u2019embouteillage etc. Et bien entendu aussi la vente. <strong>Nos diverses rencontres avec les professionnels du whisky nous ont beaucoup appris<\/strong>. Nous avons une solide connaissance sur ce qu\u2019il convient de faire ou pas. \u00bb <em>R. E.<\/em><\/p><\/blockquote>\n<\/td>\n<\/tr>\n<tr>\n<td><strong>Personnages Cl\u00e9s<\/strong><\/td>\n<td><strong>Valentin Bonhomme<\/strong>\u00a0: fondateur<\/p>\n<p><strong>Robin Entreinger<\/strong>\u00a0: fondateur<\/td>\n<\/tr>\n<tr>\n<td><strong>Gamme<\/strong><\/td>\n<td>\ud83e\udd43 <strong>Un whisky non tourb\u00e9 <\/strong>&#8211;\u00a0sortie pr\u00e9vue en 2020<\/p>\n<blockquote><p>\u00ab\u00a0No\u00ebl 2020\u00a0devrait marquer le lancement de notre premi\u00e8re expression de whisky proven\u00e7al. <strong>Distill\u00e9 \u00e0 partir de malt bio fran\u00e7ais, il sera issu d\u2019une double maturation en f\u00fbts de Tennessee whiskey et de vin proven\u00e7al<\/strong>.\u00a0\u00bb <em>R. E.<\/em><\/p><\/blockquote>\n<p>\ud83e\udd43 <strong>Un whisky tourb\u00e9<\/strong>\u00a0&#8211; sortie pr\u00e9vue en 2021<\/td>\n<\/tr>\n<tr>\n<td><strong>Eau<\/strong><\/td>\n<td>Eau de r\u00e9duction\u00a0: eau osmos\u00e9e<\/p>\n<blockquote><p>\u00ab\u00a0\u00c0 force de discutions et d\u2019\u00e9changes avec des ma\u00eetres distillateurs, <strong>nous avons d\u00e9cid\u00e9 d\u2019opter pour une r\u00e9duction progressive de nos whiskies<\/strong>\u00a0\u00bb. <em>R. E.<\/em><\/p><\/blockquote>\n<\/td>\n<\/tr>\n<tr>\n<td><strong>C\u00e9r\u00e9ales<\/strong><\/td>\n<td>\ud83c\udf3e <strong>Orge<\/strong>, 100% malt bio fran\u00e7ais<\/td>\n<\/tr>\n<tr>\n<td><strong>Alambic<\/strong><\/td>\n<td>\n<blockquote><p>\u00ab\u00a0Pour le moment, nous n\u2019avons pas d\u2019alambic mais <strong>notre souhait est de distiller.<\/strong> Pour cela, nous faisons les d\u00e9marches n\u00e9cessaires aupr\u00e8s de la r\u00e9gion et de la chambre des m\u00e9tiers pour le financement d\u2019un local et d\u2019un alambic. Si tout se passe bien, nous devrions avoir les deux d\u2019ici la fin d\u2019ann\u00e9e. \u00bb <em>R. E.<\/em><\/p><\/blockquote>\n<\/td>\n<\/tr>\n<tr>\n<td><strong>Distillation<\/strong><\/td>\n<td>\n<blockquote><p><strong>\u00ab\u00a0Une double distillation dans un alambic \u00e0 bain marie <\/strong>serait id\u00e9ale.\u00a0\u00bb R. E.<\/p><\/blockquote>\n<\/td>\n<\/tr>\n<tr>\n<td><strong>Chai<\/strong><\/td>\n<td><strong>Un chai\u00a0sec<\/strong> situ\u00e9 au 1er \u00e9tage de la distillerie sensible aux variations de temp\u00e9rature.<\/td>\n<\/tr>\n<tr>\n<td><strong>F\u00fbts<\/strong><\/td>\n<td>Ex-f\u00fbts de&#8230;<\/p>\n<p>\ud83c\udf47 <strong>Vin proven\u00e7al<\/strong><\/p>\n<p>\ud83e\udd43 <strong>Tenessee whiskey, Jack Daniel\u2019s<\/strong><\/td>\n<\/tr>\n<tr>\n<td><strong>Donn\u00e9es Territoriales<\/strong><\/td>\n<td><strong>Climat<\/strong>\u00a0: m\u00e9diterran\u00e9en d\u00e9grad\u00e9 (altitude et influence du climat continental)<\/p>\n<p><strong>Altitude<\/strong>\u00a0: 462 m\u00e8tres.<\/td>\n<\/tr>\n<tr>\n<td><strong>Notes<\/strong><\/td>\n<td>\ud83d\udc49 <strong>Retrouvez l&rsquo;actualit\u00e9 de la distillerie sur<\/strong> :<\/p>\n<p><a href=\"https:\/\/www.facebook.com\/distillerieladurance\/\">https:\/\/www.facebook.com\/distillerieladurance\/<\/a><\/p>\n<p>\ud83d\udc49 <strong>Pour en savoir plus sur Robin, Valentin et le r\u00e9cit de leurs rencontres<\/strong>\u00a0:<\/p>\n<p>\ud83c\udfac<a href=\"https:\/\/www.youtube.com\/watch?v=VhXZgF518nc\"> Le Tour de France des Whiskies, le film.<\/a><\/p>\n<p>\ud83c\udfac Le Tour de France des Whiskies, la s\u00e9rie :<\/p>\n<p><a href=\"https:\/\/www.youtube.com\/watch?v=epu-EWf3YKY\">\u00c9pisode 1<\/a>\u00a0\/\/ <a href=\"https:\/\/www.youtube.com\/watch?v=L4uClZayp0Y\">\u00c9pisode 2<\/a>\u00a0\/\/\u00a0<a href=\"https:\/\/www.youtube.com\/watch?v=qfZTA9Lxvj8\">\u00c9pisode 3<br \/>\n<\/a><a href=\"https:\/\/www.youtube.com\/watch?v=-VfDXtwxRoQ\">\u00c9pisode 4<\/a> \/\/\u00a0<a href=\"https:\/\/www.youtube.com\/watch?v=rdNU12sk2-4&amp;t\">\u00c9pisode 5<\/a> \/\/ <a href=\"https:\/\/www.youtube.com\/watch?v=uhdJDhAmgT4\">\u00c9pisode 6<br \/>\n<\/a><a href=\"https:\/\/www.youtube.com\/watch?v=yMn4nKwPXEQ\">\u00c9pisode 7<\/a> \/\/ <a href=\"https:\/\/www.youtube.com\/watch?v=W2vM2K1YowA\">\u00c9pisode 8<br \/>\n<\/a><\/p>\n<p>\ud83c\udfac<a href=\"https:\/\/www.youtube.com\/watch?v=g-bIBOqQiDA\"> Le Monde du Whisky \u2013 1 \u2013 Islay<\/a><\/td>\n<\/tr>\n<\/tbody>\n<\/table>\n<figure id=\"attachment_4304\" aria-describedby=\"caption-attachment-4304\" style=\"width: 1920px\" class=\"wp-caption aligncenter\"><img loading=\"lazy\" decoding=\"async\" data-attachment-id=\"4304\" data-permalink=\"https:\/\/whisky-francais.com\/index.php\/distilleries\/la-durance\/53847922_2434366943241655_3464515496504721408_n\/\" data-orig-file=\"https:\/\/whisky-francais.com\/wp-content\/uploads\/2019\/03\/53847922_2434366943241655_3464515496504721408_n.jpg\" data-orig-size=\"1920,1282\" data-comments-opened=\"0\" data-image-meta=\"{&quot;aperture&quot;:&quot;0&quot;,&quot;credit&quot;:&quot;&quot;,&quot;camera&quot;:&quot;&quot;,&quot;caption&quot;:&quot;&quot;,&quot;created_timestamp&quot;:&quot;0&quot;,&quot;copyright&quot;:&quot;&quot;,&quot;focal_length&quot;:&quot;0&quot;,&quot;iso&quot;:&quot;0&quot;,&quot;shutter_speed&quot;:&quot;0&quot;,&quot;title&quot;:&quot;&quot;,&quot;orientation&quot;:&quot;0&quot;}\" data-image-title=\"La Durance, whisky proven\u00e7al, Robin Entreinger, Valentin Bonhomme, Fournieux, Montfort, orge, vin, tennessee whiskey, Le Tour de France des Whiskies, Le Monde du Whisky &#8211; 1 &#8211; Islay, Robin Entreinger, le tour de france des whiskies, whisky made in France, le monde du whisky &#8211; 1 &#8211; islay, Whisky Fran\u00e7ais, French Whisky, Xavier Brevet, Matthieu Acar, Lilya Sekkal, d\u00e9gustation, whisky, masterclass, Paris, atelier, d\u00e9gustation\" data-image-description=\"&lt;p&gt;La Durance, whisky proven\u00e7al, Robin Entreinger, Valentin Bonhomme, Fournieux, Montfort, orge, vin, tennessee whiskey, Le Tour de France des Whiskies, Le Monde du Whisky &#8211; 1 &#8211; Islay, Robin Entreinger, le tour de france des whiskies, whisky made in France, le monde du whisky &#8211; 1 &#8211; islay, Whisky Fran\u00e7ais, French Whisky, Xavier Brevet, Matthieu Acar, Lilya Sekkal, d\u00e9gustation, whisky, masterclass, Paris, atelier, d\u00e9gustation&lt;\/p&gt;\n\" data-image-caption=\"&lt;p&gt;La Durance, whisky proven\u00e7al, Robin Entreinger, Valentin Bonhomme, Fournieux, Montfort, orge, vin, tennessee whiskey, Le Tour de France des Whiskies, Le Monde du Whisky &#8211; 1 &#8211; Islay, Robin Entreinger, le tour de france des whiskies, whisky made in France, le monde du whisky &#8211; 1 &#8211; islay, Whisky Fran\u00e7ais, French Whisky, Xavier Brevet, Matthieu Acar, Lilya Sekkal, d\u00e9gustation, whisky, masterclass, Paris, atelier, d\u00e9gustation&lt;\/p&gt;\n\" data-medium-file=\"https:\/\/whisky-francais.com\/wp-content\/uploads\/2019\/03\/53847922_2434366943241655_3464515496504721408_n-300x200.jpg\" data-large-file=\"https:\/\/whisky-francais.com\/wp-content\/uploads\/2019\/03\/53847922_2434366943241655_3464515496504721408_n-1024x684.jpg\" class=\"wp-image-4304 size-full\" src=\"https:\/\/whisky-francais.com\/wp-content\/uploads\/2019\/03\/53847922_2434366943241655_3464515496504721408_n.jpg\" alt=\"\" width=\"1920\" height=\"1282\" srcset=\"https:\/\/whisky-francais.com\/wp-content\/uploads\/2019\/03\/53847922_2434366943241655_3464515496504721408_n.jpg 1920w, https:\/\/whisky-francais.com\/wp-content\/uploads\/2019\/03\/53847922_2434366943241655_3464515496504721408_n-300x200.jpg 300w, https:\/\/whisky-francais.com\/wp-content\/uploads\/2019\/03\/53847922_2434366943241655_3464515496504721408_n-768x513.jpg 768w, https:\/\/whisky-francais.com\/wp-content\/uploads\/2019\/03\/53847922_2434366943241655_3464515496504721408_n-1024x684.jpg 1024w, https:\/\/whisky-francais.com\/wp-content\/uploads\/2019\/03\/53847922_2434366943241655_3464515496504721408_n-120x80.jpg 120w, https:\/\/whisky-francais.com\/wp-content\/uploads\/2019\/03\/53847922_2434366943241655_3464515496504721408_n-480x320.jpg 480w\" sizes=\"(max-width: 1920px) 100vw, 1920px\" \/><figcaption id=\"caption-attachment-4304\" class=\"wp-caption-text\"><span style=\"font-size: 8pt;\"><span style=\"font-size: 10pt;\">F\u00fbt en vieillissement<\/span><em> &#8211; Cr\u00e9dit Photo : distillerie La Durance<\/em><\/span><\/figcaption><\/figure>\n<figure id=\"attachment_4311\" aria-describedby=\"caption-attachment-4311\" style=\"width: 547px\" class=\"wp-caption alignleft\"><img loading=\"lazy\" decoding=\"async\" data-attachment-id=\"4311\" data-permalink=\"https:\/\/whisky-francais.com\/index.php\/distilleries\/la-durance\/53305585_984211141777689_3794898330966818816_n-2\/\" data-orig-file=\"https:\/\/whisky-francais.com\/wp-content\/uploads\/2019\/03\/53305585_984211141777689_3794898330966818816_n-1.jpg\" data-orig-size=\"547,552\" data-comments-opened=\"0\" data-image-meta=\"{&quot;aperture&quot;:&quot;0&quot;,&quot;credit&quot;:&quot;&quot;,&quot;camera&quot;:&quot;&quot;,&quot;caption&quot;:&quot;&quot;,&quot;created_timestamp&quot;:&quot;0&quot;,&quot;copyright&quot;:&quot;&quot;,&quot;focal_length&quot;:&quot;0&quot;,&quot;iso&quot;:&quot;0&quot;,&quot;shutter_speed&quot;:&quot;0&quot;,&quot;title&quot;:&quot;&quot;,&quot;orientation&quot;:&quot;0&quot;}\" data-image-title=\"La Durance, whisky proven\u00e7al, Robin Entreinger, Valentin Bonhomme, Fournieux, Montfort, orge, vin, tennessee whiskey, Le Tour de France des Whiskies, Le Monde du Whisky &#8211; 1 &#8211; Islay, Robin Entreinger, le tour de france des whiskies, whisky made in France, le monde du whisky &#8211; 1 &#8211; islay, Whisky Fran\u00e7ais, French Whisky, Xavier Brevet, Matthieu Acar, Lilya Sekkal, d\u00e9gustation, whisky, masterclass, Paris, atelier, d\u00e9gustation\" data-image-description=\"&lt;p&gt;La Durance, whisky proven\u00e7al, Robin Entreinger, Valentin Bonhomme, Fournieux, Montfort, orge, vin, tennessee whiskey, Le Tour de France des Whiskies, Le Monde du Whisky &#8211; 1 &#8211; Islay, Robin Entreinger, le tour de france des whiskies, whisky made in France, le monde du whisky &#8211; 1 &#8211; islay, Whisky Fran\u00e7ais, French Whisky, Xavier Brevet, Matthieu Acar, Lilya Sekkal, d\u00e9gustation, whisky, masterclass, Paris, atelier, d\u00e9gustation&lt;\/p&gt;\n\" data-image-caption=\"&lt;p&gt;La Durance, whisky proven\u00e7al, Robin Entreinger, Valentin Bonhomme, Fournieux, Montfort, orge, vin, tennessee whiskey, Le Tour de France des Whiskies, Le Monde du Whisky &#8211; 1 &#8211; Islay, Robin Entreinger, le tour de france des whiskies, whisky made in France, le monde du whisky &#8211; 1 &#8211; islay, Whisky Fran\u00e7ais, French Whisky, Xavier Brevet, Matthieu Acar, Lilya Sekkal, d\u00e9gustation, whisky, masterclass, Paris, atelier, d\u00e9gustation&lt;\/p&gt;\n\" data-medium-file=\"https:\/\/whisky-francais.com\/wp-content\/uploads\/2019\/03\/53305585_984211141777689_3794898330966818816_n-1-297x300.jpg\" data-large-file=\"https:\/\/whisky-francais.com\/wp-content\/uploads\/2019\/03\/53305585_984211141777689_3794898330966818816_n-1.jpg\" class=\"wp-image-4311 size-full\" src=\"https:\/\/whisky-francais.com\/wp-content\/uploads\/2019\/03\/53305585_984211141777689_3794898330966818816_n-1.jpg\" alt=\"\" width=\"547\" height=\"552\" srcset=\"https:\/\/whisky-francais.com\/wp-content\/uploads\/2019\/03\/53305585_984211141777689_3794898330966818816_n-1.jpg 547w, https:\/\/whisky-francais.com\/wp-content\/uploads\/2019\/03\/53305585_984211141777689_3794898330966818816_n-1-150x150.jpg 150w, https:\/\/whisky-francais.com\/wp-content\/uploads\/2019\/03\/53305585_984211141777689_3794898330966818816_n-1-297x300.jpg 297w, https:\/\/whisky-francais.com\/wp-content\/uploads\/2019\/03\/53305585_984211141777689_3794898330966818816_n-1-32x32.jpg 32w, https:\/\/whisky-francais.com\/wp-content\/uploads\/2019\/03\/53305585_984211141777689_3794898330966818816_n-1-50x50.jpg 50w, https:\/\/whisky-francais.com\/wp-content\/uploads\/2019\/03\/53305585_984211141777689_3794898330966818816_n-1-64x64.jpg 64w, https:\/\/whisky-francais.com\/wp-content\/uploads\/2019\/03\/53305585_984211141777689_3794898330966818816_n-1-96x96.jpg 96w, https:\/\/whisky-francais.com\/wp-content\/uploads\/2019\/03\/53305585_984211141777689_3794898330966818816_n-1-128x128.jpg 128w\" sizes=\"(max-width: 547px) 100vw, 547px\" \/><figcaption id=\"caption-attachment-4311\" class=\"wp-caption-text\">F\u00fbt en vieillissement (suite) &#8211; Cr\u00e9dit Photo : distillerie La Durance<\/figcaption><\/figure>\n","protected":false},"excerpt":{"rendered":"<p>Le duo de choc Robin Entreinger \/ Valentin Bonhomme est de retour sur le devant de la sc\u00e8ne. Apr\u00e8s avoir<\/p>\n","protected":false},"author":2,"featured_media":4302,"parent":56,"menu_order":0,"comment_status":"closed","ping_status":"closed","template":"","meta":{"jetpack_post_was_ever_published":false,"footnotes":""},"class_list":["post-4299","page","type-page","status-publish","has-post-thumbnail","hentry"],"jetpack_sharing_enabled":true,"jetpack_shortlink":"https:\/\/wp.me\/P8oZPa-17l","jetpack-related-posts":[{"id":56,"url":"https:\/\/whisky-francais.com\/index.php\/distilleries\/","url_meta":{"origin":4299,"position":0},"title":"Producteurs \/ Distilleries","date":"11 f\u00e9vrier 2017","format":false,"excerpt":"Auvergne-Rh\u00f4ne-Alpes Distillerie du Drac Distillerie des Bughes Distillerie du Vercors Domaine des Hautes Glaces Distillerie des Hautes Terres AlpSpirits (ferm\u00e9e) Monsieur Balthazar Mont Blanc Ninkasi O\u2019Baptiste (Ne produit plus de whisky) Bourgogne-Franche-Comt\u00e9 Br\u00fblerie du Revermont Michel Couvreur Rouget de Lisle Bretagne La Bambelle Distillerie des Menhirs Distillerie FDC (Bale Bro)\u2026","rel":"","context":"Article similaire","img":{"alt_text":"","src":"","width":0,"height":0},"classes":[]},{"id":5784,"url":"https:\/\/whisky-francais.com\/index.php\/distilleries\/domaine-valentin-zusslin\/","url_meta":{"origin":4299,"position":1},"title":"Domaine Valentin Zusslin","date":"30 janvier 2021","format":false,"excerpt":"Le Domaine Valentin Zusslin, connu pour la qualit\u00e9 de ses vins certifi\u00e9s \"biodynamie\" et pour son souci de l\u2019environnement, produit \u00e9galement des eaux-de-vie et depuis peu, un whisky ! Situ\u00e9 \u00e0 Orschwihr en Alsace, le domaine poss\u00e8de une histoire riche de plus de trois si\u00e8cles, dans laquelle la distillation occupe\u2026","rel":"","context":"Article similaire","img":{"alt_text":"","src":"https:\/\/i0.wp.com\/whisky-francais.com\/wp-content\/uploads\/2021\/01\/backslide-zusslin-8-1781x600-1.jpg?resize=350%2C200","width":350,"height":200},"classes":[]},{"id":1274,"url":"https:\/\/whisky-francais.com\/index.php\/distilleries\/twelve\/","url_meta":{"origin":4299,"position":2},"title":"Twelve","date":"16 mai 2017","format":false,"excerpt":"Implant\u00e9e sur le plateau de l\u2019Aubrac, Twelve mettra prochainement \u00e0 l\u2019honneur un terroir d\u2019exception dont les propri\u00e9t\u00e9s climatiques et g\u00e9ologiques ne sont pas sans rappeler celles d\u2019\u00c9cosse. N\u00e9e en 2014 de la rencontre de 3 personnes, la distillerie commercialisera son 1er whisky d\u00e8s novembre 2020. Statut Produit et commercialisera son\u2026","rel":"","context":"Article similaire","img":{"alt_text":"","src":"https:\/\/i0.wp.com\/whisky-francais.com\/wp-content\/uploads\/2017\/05\/P1010753.jpg?resize=350%2C200","width":350,"height":200},"classes":[]},{"id":4183,"url":"https:\/\/whisky-francais.com\/index.php\/distilleries\/kentan\/","url_meta":{"origin":4299,"position":3},"title":"Kenta\u00f1","date":"28 f\u00e9vrier 2019","format":false,"excerpt":"Nich\u00e9e en Bretagne Nord \u00e0 quelques encablures de la Manche, la \u00ab\u00a0nano-distillerie\u00a0\u00bb Kenta\u00f1 s\u2019est lanc\u00e9e dans la production de whisky en 2018. R\u00e9solument orient\u00e9e bio et local, ses deux fondateurs m\u00e8nent ce travail d\u2019artisan en parall\u00e8le de leurs emplois respectifs. Rendez-vous en 2021 pour la premi\u00e8re d\u00e9gustation\u00a0? Statut Whisky en\u2026","rel":"","context":"Article similaire","img":{"alt_text":"Kenta\u00f1, Kentan, distillerie, Tonqu\u00e9dec, C\u00f4tes d'Armor, France, Samuel Prades, Nicolas D\u00e9laizir, Yec'Hed Malt, alambic charentais, Pinot des Charentes, Coteaux du Layon, Cidre, Whisky Fran\u00e7ais, French Whisky, Matthieu Acar, Xavier Brevet, d\u00e9gustation, whisky, masterclass, Paris, atelier, d\u00e9gustation","src":"https:\/\/i0.wp.com\/whisky-francais.com\/wp-content\/uploads\/2019\/02\/DSC_0729-Redim-min.jpeg?resize=350%2C200&ssl=1","width":350,"height":200},"classes":[]},{"id":1848,"url":"https:\/\/whisky-francais.com\/index.php\/distilleries\/obaptiste\/","url_meta":{"origin":4299,"position":4},"title":"O&rsquo;Baptiste","date":"21 juin 2017","format":false,"excerpt":"C\u2019est suite \u00e0 la cr\u00e9ation de Malteurs \u00c9chos que Baptiste Fran\u00e7ois d\u00e9cide de cr\u00e9er la distillerie Artisanale O\u2019Baptiste en 2016, \u00e0 Valence. N\u00e9e de la volont\u00e9 de produire des spiritueux bio et riches en ar\u00f4mes, la distillerie se lance tout d\u2019abord dans la confection de Gin (O\u2019Gin), Vodka (O\u2019Dka), Gentiane\u2026","rel":"","context":"Article similaire","img":{"alt_text":"France, O'Baptiste, Baptiste Fran\u00e7ois, whisky bio, whisky Fran\u00e7ais, French whisky, Valence, Whisky Simple d'O, O'DKA, Bourbon, C\u00f4tes-du Rh\u00f4ne, Matthieu Acar, Xavier Brevet, d\u00e9gustation, whisky, masterclass, Paris, atelier, d\u00e9gustation, whisky","src":"https:\/\/i0.wp.com\/whisky-francais.com\/wp-content\/uploads\/2017\/06\/OBAPTISTE3.png?resize=350%2C200&ssl=1","width":350,"height":200},"classes":[]},{"id":1280,"url":"https:\/\/whisky-francais.com\/index.php\/distilleries\/mandrin-brasserie-du-dauphine\/","url_meta":{"origin":4299,"position":5},"title":"AlpSpirits (ferm\u00e9e)","date":"22 mai 2017","format":false,"excerpt":"Situ\u00e9e \u00e0 Saint-Martin-d'H\u00e8res, dans le d\u00e9partement de l'Is\u00e8re (r\u00e9gion Auvergne Rh\u00f4ne-Alpes), la brasserie du Dauphin\u00e9 nous propose deux whiskies Alpins dont un inspir\u00e9 de la l\u00e9gende de Mandrin! En effet, ce whisky tient son nom de Louis Mandrin, c\u00e9l\u00e8bre contrebandier du XVIII\u00e8me si\u00e8cle qui s'\u00e9tait rebell\u00e9 contre les taxes prohibitives\u2026","rel":"","context":"Article similaire","img":{"alt_text":"France, Mandrin, L'Esprit de Mandrin, Brasserie du Dauphin\u00e9, Saint-Martin-d'H\u00e8res, Is\u00e8re, Vincent Gachet, Rivesaltes, whisky fran\u00e7ais, France, French whisky, Matthieu Acar, Xavier Brevet, d\u00e9gustation, whisky, masterclass, Paris, atelier, d\u00e9gustation, whisky","src":"https:\/\/i0.wp.com\/whisky-francais.com\/wp-content\/uploads\/2017\/05\/MANDRIN.jpg?resize=350%2C200&ssl=1","width":350,"height":200},"classes":[]}],"_links":{"self":[{"href":"https:\/\/whisky-francais.com\/index.php\/wp-json\/wp\/v2\/pages\/4299"}],"collection":[{"href":"https:\/\/whisky-francais.com\/index.php\/wp-json\/wp\/v2\/pages"}],"about":[{"href":"https:\/\/whisky-francais.com\/index.php\/wp-json\/wp\/v2\/types\/page"}],"author":[{"embeddable":true,"href":"https:\/\/whisky-francais.com\/index.php\/wp-json\/wp\/v2\/users\/2"}],"replies":[{"embeddable":true,"href":"https:\/\/whisky-francais.com\/index.php\/wp-json\/wp\/v2\/comments?post=4299"}],"version-history":[{"count":10,"href":"https:\/\/whisky-francais.com\/index.php\/wp-json\/wp\/v2\/pages\/4299\/revisions"}],"predecessor-version":[{"id":6697,"href":"https:\/\/whisky-francais.com\/index.php\/wp-json\/wp\/v2\/pages\/4299\/revisions\/6697"}],"up":[{"embeddable":true,"href":"https:\/\/whisky-francais.com\/index.php\/wp-json\/wp\/v2\/pages\/56"}],"wp:featuredmedia":[{"embeddable":true,"href":"https:\/\/whisky-francais.com\/index.php\/wp-json\/wp\/v2\/media\/4302"}],"wp:attachment":[{"href":"https:\/\/whisky-francais.com\/index.php\/wp-json\/wp\/v2\/media?parent=4299"}],"curies":[{"name":"wp","href":"https:\/\/api.w.org\/{rel}","templated":true}]}}