{"id":4470,"date":"2019-07-12T09:45:54","date_gmt":"2019-07-12T07:45:54","guid":{"rendered":"http:\/\/whisky-francais.com\/?page_id=4470"},"modified":"2019-07-19T13:32:46","modified_gmt":"2019-07-19T11:32:46","slug":"alfred-giraud","status":"publish","type":"page","link":"https:\/\/whisky-francais.com\/index.php\/distilleries\/alfred-giraud\/","title":{"rendered":"Alfred Giraud"},"content":{"rendered":"<p><img loading=\"lazy\" decoding=\"async\" data-attachment-id=\"4552\" data-permalink=\"https:\/\/whisky-francais.com\/index.php\/distilleries\/alfred-giraud\/alfred-giraud-wglass-com\/\" data-orig-file=\"https:\/\/whisky-francais.com\/wp-content\/uploads\/2019\/07\/Alfred-GIRAUD-wglass.com_.jpg\" data-orig-size=\"1344,896\" data-comments-opened=\"0\" data-image-meta=\"{&quot;aperture&quot;:&quot;0&quot;,&quot;credit&quot;:&quot;&quot;,&quot;camera&quot;:&quot;&quot;,&quot;caption&quot;:&quot;&quot;,&quot;created_timestamp&quot;:&quot;0&quot;,&quot;copyright&quot;:&quot;&quot;,&quot;focal_length&quot;:&quot;0&quot;,&quot;iso&quot;:&quot;0&quot;,&quot;shutter_speed&quot;:&quot;0&quot;,&quot;title&quot;:&quot;&quot;,&quot;orientation&quot;:&quot;0&quot;}\" data-image-title=\"Alfred GIRAUD wglass.com\" data-image-description=\"\" data-image-caption=\"\" data-medium-file=\"https:\/\/whisky-francais.com\/wp-content\/uploads\/2019\/07\/Alfred-GIRAUD-wglass.com_-300x200.jpg\" data-large-file=\"https:\/\/whisky-francais.com\/wp-content\/uploads\/2019\/07\/Alfred-GIRAUD-wglass.com_-1024x683.jpg\" class=\"alignnone wp-image-4552 size-full\" src=\"https:\/\/whisky-francais.com\/wp-content\/uploads\/2019\/07\/Alfred-GIRAUD-wglass.com_.jpg\" alt=\"\" width=\"1344\" height=\"896\" srcset=\"https:\/\/whisky-francais.com\/wp-content\/uploads\/2019\/07\/Alfred-GIRAUD-wglass.com_.jpg 1344w, https:\/\/whisky-francais.com\/wp-content\/uploads\/2019\/07\/Alfred-GIRAUD-wglass.com_-300x200.jpg 300w, https:\/\/whisky-francais.com\/wp-content\/uploads\/2019\/07\/Alfred-GIRAUD-wglass.com_-768x512.jpg 768w, https:\/\/whisky-francais.com\/wp-content\/uploads\/2019\/07\/Alfred-GIRAUD-wglass.com_-1024x683.jpg 1024w, https:\/\/whisky-francais.com\/wp-content\/uploads\/2019\/07\/Alfred-GIRAUD-wglass.com_-120x80.jpg 120w, https:\/\/whisky-francais.com\/wp-content\/uploads\/2019\/07\/Alfred-GIRAUD-wglass.com_-480x320.jpg 480w\" sizes=\"(max-width: 1344px) 100vw, 1344px\" \/><\/p>\n<p>Issues du savoir-faire cogna\u00e7ais,<a href=\"https:\/\/whisky-francais.com\/index.php\/2019\/07\/10\/whisky-alfred-giraud-un-siecle-de-savoir-faire\/\"> les cuv\u00e9es HARMONIE et HERITAGE d\u2019Alfred GIRAUD\u00a0sont issus d&rsquo;une\u00a0histoire familiale de plus d\u2019un si\u00e8cle !<\/a><\/p>\n<table>\n<tbody>\n<tr style=\"height: 227.1px;\">\n<td style=\"height: 227.1px;\">Statut<\/td>\n<td style=\"height: 227.1px;\">En production.<\/p>\n<p>En 2019, la production totale est de 7000 bouteilles (5000 de \u00ab\u00a0HERITAGE\u00a0\u00bb et 2000 de \u00ab\u00a0HARMONIE\u00a0\u00bb).<\/p>\n<p>Une part des whiskies repose sur des f\u00fbts d&rsquo;exception (cognac de 30, 40 ou 50 ans). Cela finira n\u00e9cessairement par limiter la production.<\/p>\n<p>&nbsp;<\/td>\n<\/tr>\n<tr style=\"height: 100px;\">\n<td style=\"height: 100px;\">Localisation<\/td>\n<td style=\"height: 100px;\">La Soci\u00e9t\u00e9 est au 23 rue Pierre Weyland \u00e0 Cognac (16100)<\/p>\n<p>La distillerie est \u00e0 Saint-Palais-de-N\u00e9grignac (17210).<\/td>\n<\/tr>\n<tr>\n<td>Dates Cl\u00e9s<\/td>\n<td><span lang=\"FR\">De 1875 \u00e0 1910, la famille Giraud est une famille de tonneliers. <\/span><\/p>\n<p><span lang=\"FR\">En 1910, Louis Giraud rejoint une maison de cognac pour s\u2019occuper des eaux-de-vie avec son fils Alfred. Lors de la Premi\u00e8re Guerre mondiale, Alfred est captur\u00e9 par les Allemands. En tant que prisonnier de guerre, il construira des f\u00fbts pour une brasserie \u00e0 Berlin. <\/span><\/p>\n<p><span lang=\"FR\">Lib\u00e9r\u00e9 en 1918, il prendra la succession de son p\u00e8re jusqu\u2019\u00e0 sa retraite en 1954 et passera le b\u00e2ton de Maitre de Chai a son fils Andr\u00e9 jusqu\u2019en 1990. <\/span><\/p>\n<p><span lang=\"FR\">Le neveu d\u2019Andr\u00e9 dirigera la soci\u00e9t\u00e9 mais \u00e0 la g\u00e9n\u00e9ration suivante, Philippe Giraud, rejoindra un producteur de whisky Ecossais en 1995. <\/span><\/p>\n<p><span lang=\"FR\">En 2009, il a l\u2019id\u00e9e de combiner sa connaissance du whisky et des savoirs faire familiaux en mati\u00e8re d\u2019assemblage et de vieillissement pour lancer un whisky Fran\u00e7ais haut de gamme. <\/span><\/p>\n<p><span lang=\"FR\">Les Giraud ach\u00e8tent d\u2019abord les meilleurs distillats Fran\u00e7ais puis s\u2019associe \u00e0 SVE en 2015 qui monte une brasserie a cote de sa distillerie.<\/span><\/td>\n<\/tr>\n<tr style=\"height: 392px;\">\n<td style=\"height: 392px;\">Personnages Cl\u00e9s<\/td>\n<td style=\"height: 392px;\"><span lang=\"FR\"><strong>Louis GIRAUD :<\/strong> Fils de Vignerons, il travaille \u00e0 la tonnellerie Drouet avant de rejoindre une maison de cognac en 1910.<u><\/u><u><\/u><\/span><\/p>\n<p><span lang=\"FR\"><strong>Alfred\u00a0GIRAUD :<\/strong>\u00a0Apr\u00e8s avoir travaill\u00e9 comme prisonnier de guerre pour une tonnellerie berlinoise, Alfred prendra la succession de son p\u00e8re Louis apr\u00e8s la guerre.<u><\/u><u><\/u><\/span><\/p>\n<p><span lang=\"FR\"><strong>Andr\u00e9 GIRAUD :<\/strong> Succ\u00e8de \u00e0 son p\u00e8re Alfred en tant que ma\u00eetre de chai de 1960 \u00e0 1990. Aujourd\u2019hui \u00e0 la retraite, Andr\u00e9 aide \u00e0 sourcer des barriques qui ont contenu des vieux cognacs. De plus, sa famille est propri\u00e9taire d\u2019une exploitation foresti\u00e8re dans le Limousin qui fournit du ch\u00eane Fran\u00e7ais pour les barriques neuves.<u><\/u><u><\/u><\/span><\/p>\n<p><span lang=\"FR\"><strong>Jean Pierre GIRAUD<\/strong>, apr\u00e8s avoir dirig\u00e9 la m\u00eame maison, il supervise aujourd\u2019hui la production du whisky.<u><\/u><u><\/u><\/span><\/p>\n<p><span lang=\"FR\"><strong>Philippe\u00a0GIRAUD :<\/strong>\u00a0Apr\u00e8s avoir travaill\u00e9 dans un groupe de whisky Ecossais de 1995 \u00e0 2004, il fonde une entreprise de distribution de spiritueux haut de gamme puis impulse la cr\u00e9ation du whisky Alfred Giraud en mettant en musique tous les savoir-faire familiaux<\/span><\/td>\n<\/tr>\n<tr style=\"height: 947px;\">\n<td style=\"height: 947px;\">Gamme<\/td>\n<td style=\"height: 947px;\">Aujourd&rsquo;hui le producteur propose deux expressions. La premi\u00e8re maturation est identique :<\/p>\n<p>Pour une dur\u00e9e de 12 \u00e0 20 mois, le distillat repose dans 75% d&rsquo;ex fut de cognac, 17% de fut de ch\u00eane neuf fran\u00e7ais\u00a0(issus d&rsquo;une exploitation familial) et 8%\u00a0 de ch\u00eane neuf am\u00e9ricain.<\/p>\n<p>A l&rsquo;issus de cette p\u00e9riode, les f\u00fbts sont mari\u00e9 et l&rsquo;ensemble repart dans d&rsquo;ex fut de cognac d&rsquo;exception pour 5 \u00e0 7 ans. C&rsquo;est ainsi qu&rsquo;est con\u00e7u Alfred Giraud HERITAGE<\/p>\n<p>Pour Alfred Giraud HARMONIE, le processus est le m\u00eame mais on ajoute un peu de distillat tourb\u00e9 au moment du mariage.<\/p>\n<p>Alfred\u00a0GIRAUD HERITAGE<\/p>\n<p>Alfred\u00a0GIRAUD HARMONIE<\/p>\n<blockquote><p>On a choisi le pr\u00e9nom d&rsquo;Alfred, entre autre car c&rsquo;est le premier a avoir \u00e9t\u00e9 ma\u00eetre de chai toute sa vie.<\/p>\n<p style=\"text-align: right;\">Philippe GIRAUD<\/p>\n<\/blockquote>\n<\/td>\n<\/tr>\n<tr style=\"height: 41px;\">\n<td style=\"height: 41px;\">Eau<\/td>\n<td style=\"height: 41px;\"><\/td>\n<\/tr>\n<tr style=\"height: 227px;\">\n<td style=\"height: 227px;\">C\u00e9r\u00e9ales<\/td>\n<td style=\"height: 227px;\">Orge uniquement.<\/p>\n<p>La distillerie ach\u00e8te de l&rsquo;orge malt\u00e9 qu&rsquo;elle brasse et distille \u00e0 Saint-Palais-de-N\u00e9grignac.<\/td>\n<\/tr>\n<tr style=\"height: 41px;\">\n<td style=\"height: 41px;\">Distillats<\/td>\n<td style=\"height: 41px;\">Jusqu&rsquo;en 2015, la famille ne disposait pas de distillerie, ils ont donc travaill\u00e9 sur l&rsquo;assemblage de plusieurs distillats fran\u00e7ais.<\/p>\n<p>En 2020 le whisky distill\u00e9 \u00e0 Saint-Palais-de-N\u00e9grignac sera disponible, n\u00e9anmoins, l&rsquo;assemblage \u00e9tant un savoir-faire typiquement cogna\u00e7ais, la famille continuera \u00e0 acheter du distillat 100% Fran\u00e7ais pour travailler les assemblages.<\/td>\n<\/tr>\n<tr style=\"height: 100px;\">\n<td style=\"height: 100px;\">Type de Chai<\/td>\n<td style=\"height: 100px;\">Chai ni humide ni sec.<\/td>\n<\/tr>\n<tr style=\"height: 41px;\">\n<td style=\"height: 41px;\">F\u00fbts<\/td>\n<td style=\"height: 41px;\">La s\u00e9lection des f\u00fbts est l\u2019un des points forts de la famille. Pour ce volet, Andr\u00e9 GIRAUD contribue. Fort de son exp\u00e9rience et d\u2019un r\u00e9seau inestimable, il aide \u00e0 sourcer des barriques qui ont contenu des vieux, voire tr\u00e8s vieux cognacs.<\/p>\n<p>Le reste de l\u2019assemblage provient de f\u00fbts de ch\u00eane neuf am\u00e9ricains et fran\u00e7ais, dont une partie provient de l\u2019exploitation foresti\u00e8re Limousine de sa famille.<\/td>\n<\/tr>\n<tr style=\"height: 41px;\">\n<td style=\"height: 41px;\">Donn\u00e9es Territoriales<\/td>\n<td style=\"height: 41px;\">La commune de Saint-Palais-de-N\u00e9grignac a connu 436 millim\u00e8tres de\u00a0pluie en 2018, contre une moyenne nationale des villes de 433 millim\u00e8tres de\u00a0pr\u00e9cipitations.<\/td>\n<\/tr>\n<tr style=\"height: 70px;\">\n<td style=\"height: 70px;\">Notes<\/td>\n<td style=\"height: 70px;\">Membre de la F\u00e9d\u00e9ration du Whisky de France.<\/td>\n<\/tr>\n<tr style=\"height: 41px;\">\n<td style=\"height: 41px;\">Site Web<\/td>\n<td style=\"height: 41px;\"><a href=\"http:\/\/www.alfredgiraudwhisky.com\/\" target=\"_blank\" rel=\"noopener\" data-saferedirecturl=\"https:\/\/www.google.com\/url?q=http:\/\/www.alfredgiraudwhisky.com&amp;source=gmail&amp;ust=1563563495883000&amp;usg=AFQjCNFh-8oYDczOZzirH67R2ZpJk3ATdQ\">www.alfredgiraudwhisky.com<\/a><\/td>\n<\/tr>\n<\/tbody>\n<\/table>\n<p>&nbsp;<\/p>\n<p><img loading=\"lazy\" decoding=\"async\" data-attachment-id=\"4550\" data-permalink=\"https:\/\/whisky-francais.com\/index.php\/distilleries\/alfred-giraud\/distillerie-de-saint-palais\/\" data-orig-file=\"https:\/\/whisky-francais.com\/wp-content\/uploads\/2019\/07\/Distillerie-de-Saint-Palais.jpg\" data-orig-size=\"1008,672\" data-comments-opened=\"0\" data-image-meta=\"{&quot;aperture&quot;:&quot;0&quot;,&quot;credit&quot;:&quot;&quot;,&quot;camera&quot;:&quot;&quot;,&quot;caption&quot;:&quot;&quot;,&quot;created_timestamp&quot;:&quot;0&quot;,&quot;copyright&quot;:&quot;&quot;,&quot;focal_length&quot;:&quot;0&quot;,&quot;iso&quot;:&quot;0&quot;,&quot;shutter_speed&quot;:&quot;0&quot;,&quot;title&quot;:&quot;&quot;,&quot;orientation&quot;:&quot;0&quot;}\" data-image-title=\"Distillerie de Saint Palais &#8211; Alfred GIRAUD\" data-image-description=\"\" data-image-caption=\"&lt;p&gt;Alfred GIRAUD, Single Malt, orge, alambic, chai, whisky, whisky Fran\u00e7ais, French whisky, orge, distillation, Matthieu Acar, Xavier Brevet, Lilya Sekkal, d\u00e9gustation, whisky, acad\u00e9mie, masterclass, Paris &lt;\/p&gt;\n\" data-medium-file=\"https:\/\/whisky-francais.com\/wp-content\/uploads\/2019\/07\/Distillerie-de-Saint-Palais-300x200.jpg\" data-large-file=\"https:\/\/whisky-francais.com\/wp-content\/uploads\/2019\/07\/Distillerie-de-Saint-Palais.jpg\" class=\"wp-image-4550 size-full\" src=\"https:\/\/whisky-francais.com\/wp-content\/uploads\/2019\/07\/Distillerie-de-Saint-Palais.jpg\" alt=\"Alfred GIRAUD, Single Malt, orge, alambic, chai, whisky, whisky Fran\u00e7ais, French whisky, orge, distillation, Matthieu Acar, Xavier Brevet, Lilya Sekkal, d\u00e9gustation, whisky, acad\u00e9mie, masterclass, Paris \" width=\"1008\" height=\"672\" srcset=\"https:\/\/whisky-francais.com\/wp-content\/uploads\/2019\/07\/Distillerie-de-Saint-Palais.jpg 1008w, https:\/\/whisky-francais.com\/wp-content\/uploads\/2019\/07\/Distillerie-de-Saint-Palais-300x200.jpg 300w, https:\/\/whisky-francais.com\/wp-content\/uploads\/2019\/07\/Distillerie-de-Saint-Palais-768x512.jpg 768w, https:\/\/whisky-francais.com\/wp-content\/uploads\/2019\/07\/Distillerie-de-Saint-Palais-120x80.jpg 120w, https:\/\/whisky-francais.com\/wp-content\/uploads\/2019\/07\/Distillerie-de-Saint-Palais-480x320.jpg 480w\" sizes=\"(max-width: 1008px) 100vw, 1008px\" \/><\/p>\n<p>Distillerie de Saint Palais<\/p>\n<p>&nbsp;<\/p>\n<p><img loading=\"lazy\" decoding=\"async\" data-attachment-id=\"4551\" data-permalink=\"https:\/\/whisky-francais.com\/index.php\/distilleries\/alfred-giraud\/family-3-generations-at-cooperage\/\" data-orig-file=\"https:\/\/whisky-francais.com\/wp-content\/uploads\/2019\/07\/Family-3-generations-at-Cooperage.jpg\" data-orig-size=\"1344,896\" data-comments-opened=\"0\" data-image-meta=\"{&quot;aperture&quot;:&quot;0&quot;,&quot;credit&quot;:&quot;&quot;,&quot;camera&quot;:&quot;&quot;,&quot;caption&quot;:&quot;&quot;,&quot;created_timestamp&quot;:&quot;0&quot;,&quot;copyright&quot;:&quot;&quot;,&quot;focal_length&quot;:&quot;0&quot;,&quot;iso&quot;:&quot;0&quot;,&quot;shutter_speed&quot;:&quot;0&quot;,&quot;title&quot;:&quot;&quot;,&quot;orientation&quot;:&quot;0&quot;}\" data-image-title=\"Family &#8211; 3 generations at Cooperage\" data-image-description=\"\" data-image-caption=\"&lt;p&gt;De gauche \u00e0 droite : Jean-Pierre, Andr\u00e9 et Philippe GIRAUD&lt;\/p&gt;\n\" data-medium-file=\"https:\/\/whisky-francais.com\/wp-content\/uploads\/2019\/07\/Family-3-generations-at-Cooperage-300x200.jpg\" data-large-file=\"https:\/\/whisky-francais.com\/wp-content\/uploads\/2019\/07\/Family-3-generations-at-Cooperage-1024x683.jpg\" class=\"wp-image-4551 size-full\" src=\"https:\/\/whisky-francais.com\/wp-content\/uploads\/2019\/07\/Family-3-generations-at-Cooperage.jpg\" alt=\"Alfred GIRAUD, Single Malt, orge, alambic, chai, whisky, whisky Fran\u00e7ais, French whisky, orge, distillation, Matthieu Acar, Xavier Brevet, Lilya Sekkal, d\u00e9gustation, whisky, acad\u00e9mie, masterclass, Paris \" width=\"1344\" height=\"896\" srcset=\"https:\/\/whisky-francais.com\/wp-content\/uploads\/2019\/07\/Family-3-generations-at-Cooperage.jpg 1344w, https:\/\/whisky-francais.com\/wp-content\/uploads\/2019\/07\/Family-3-generations-at-Cooperage-300x200.jpg 300w, https:\/\/whisky-francais.com\/wp-content\/uploads\/2019\/07\/Family-3-generations-at-Cooperage-768x512.jpg 768w, https:\/\/whisky-francais.com\/wp-content\/uploads\/2019\/07\/Family-3-generations-at-Cooperage-1024x683.jpg 1024w, https:\/\/whisky-francais.com\/wp-content\/uploads\/2019\/07\/Family-3-generations-at-Cooperage-120x80.jpg 120w, https:\/\/whisky-francais.com\/wp-content\/uploads\/2019\/07\/Family-3-generations-at-Cooperage-480x320.jpg 480w\" sizes=\"(max-width: 1344px) 100vw, 1344px\" \/><\/p>\n<p>De gauche \u00e0 droite : Jean-Pierre, Andr\u00e9 et Philippe GIRAUD<\/p>\n","protected":false},"excerpt":{"rendered":"<p>Issues du savoir-faire cogna\u00e7ais, les cuv\u00e9es HARMONIE et HERITAGE d\u2019Alfred GIRAUD\u00a0sont issus d&rsquo;une\u00a0histoire familiale de plus d\u2019un si\u00e8cle ! Statut<\/p>\n","protected":false},"author":1,"featured_media":4553,"parent":56,"menu_order":0,"comment_status":"closed","ping_status":"closed","template":"","meta":{"jetpack_post_was_ever_published":false,"footnotes":""},"class_list":["post-4470","page","type-page","status-publish","has-post-thumbnail","hentry"],"jetpack_sharing_enabled":true,"jetpack_shortlink":"https:\/\/wp.me\/P8oZPa-1a6","jetpack-related-posts":[{"id":563,"url":"https:\/\/whisky-francais.com\/index.php\/embouteilleurs-independants\/","url_meta":{"origin":4470,"position":0},"title":"Embouteilleurs Ind\u00e9pendants","date":"14 mars 2017","format":false,"excerpt":"Liste des embouteilleurs ind\u00e9pendants en France. LogoSignificationCe\u00a0pictogramme est un gage d\u2019authenticit\u00e9. Il indique que notre page a \u00e9t\u00e9 mise en ligne apr\u00e8s revue de l'embouteilleur ind\u00e9pendant. Aikan Alfred Giraud Awa Godet Laferte Michel Couvreur Maison Benjamin Kuentz Maison Ferroni Saint Eloi Spirits Version Fran\u00e7aise","rel":"","context":"Article similaire","img":{"alt_text":"","src":"","width":0,"height":0},"classes":[]},{"id":5988,"url":"https:\/\/whisky-francais.com\/index.php\/distillerie-du-cotentin\/","url_meta":{"origin":4470,"position":1},"title":"Distillerie du Cotentin","date":"11 avril 2021","format":false,"excerpt":"Derni\u00e8re mise \u00e0 jour : Octobre 2025 Laurence Giraud \u00e0 Saint-Germain-le-Gaillard le 3 mars 2021. Micro distillerie produisant du whisky et de l'alcool d'orge malt\u00e9e issue de l'agriculture locale. Le parcours de Laurence est atypique et provient d\u2019histoires de rencontres ! Elle passe de quelques belles ann\u00e9es dans l\u2019\u00e9ducation populaire,\u2026","rel":"","context":"Article similaire","img":{"alt_text":"","src":"https:\/\/i0.wp.com\/whisky-francais.com\/wp-content\/uploads\/2021\/04\/distillerie-du-cotentin-3-1-scaled.jpg?resize=350%2C200&ssl=1","width":350,"height":200},"classes":[]},{"id":8066,"url":"https:\/\/whisky-francais.com\/index.php\/palmares-des-whiskies-francais-2025\/","url_meta":{"origin":4470,"position":2},"title":"Palmar\u00e8s des whiskies fran\u00e7ais 2025","date":"26 septembre 2025","format":false,"excerpt":"\u00a0 \ud83d\udc8e Diamond Alfred GIRAUD French Malt Whisky \u2013 Harmonie \u2013 Blended Malt Yeun Elez \u2013 F\u00fbt N\u00b03702 \u2013 Single Cask Single Malt Coperies \u2013 Les Brumes \u2013 Single Malt T.O.S Distillerie \u2013 Artesia Double Maturation \u2013 Small Batch Single Malt La Piautre \u2013 Empreinte \u2013 Small Batch Single Malt\u2026","rel":"","context":"Article similaire","img":{"alt_text":"","src":"https:\/\/i0.wp.com\/whisky-francais.com\/wp-content\/uploads\/2025\/09\/DSC_3867.jpg?resize=350%2C200&ssl=1","width":350,"height":200},"classes":[]},{"id":3855,"url":"https:\/\/whisky-francais.com\/index.php\/distilleries\/distillerie-de-fontagard\/","url_meta":{"origin":4470,"position":3},"title":"Distillerie de Fontagard","date":"16 novembre 2018","format":false,"excerpt":"La distillerie de Fontagard est l\u2019\u0153uvre de 4 ge\u0301ne\u0301rations de bouilleurs de profession. Son travail, re\u0301solument axe\u0301 sur la mise en avant de son terroir, s\u2019appuie e\u0301galement sur sa volonte\u0301 de contribuer au de\u0301veloppement local via son engagement dans la valorisation de l\u2019e\u0301nergie et la pre\u0301servation de l\u2019environnement : \u00ab\u2026","rel":"","context":"Article similaire","img":{"alt_text":"Distillerie de Fontagard, France, Neuillac, Granch\u00e8re, Adrien Granch\u00e8re, alambic, charentais, chai, cognac, whisky Fran\u00e7ais, d\u00e9gustation , Paris, Matthieu Acar, Lilya Sekkal, Xavier Brevet, Matthieu Acar","src":"https:\/\/i0.wp.com\/whisky-francais.com\/wp-content\/uploads\/2018\/11\/P1010548-min.jpg?resize=350%2C200&ssl=1","width":350,"height":200},"classes":[]},{"id":971,"url":"https:\/\/whisky-francais.com\/index.php\/distilleries\/bercloux\/","url_meta":{"origin":4470,"position":4},"title":"Bercloux","date":"23 avril 2017","format":false,"excerpt":"Statut Localisation 16 Rue de la Mairie, 17770 Bercloux 0\u00b028'13 >> O \/ 45\u00b050'5 >> N Volume de Production Dates Cl\u00e9s Ann\u00e9es 1990 : Philippe Laclie et amis ach\u00e8tent des kits de brassage et cr\u00e9\u00e9s une association pour promouvoir la bi\u00e8re dans la r\u00e9gion. Le mouvement craft en est \u00e0\u2026","rel":"","context":"Article similaire","img":{"alt_text":"","src":"https:\/\/i0.wp.com\/whisky-francais.com\/wp-content\/uploads\/2023\/08\/single-malt-bercloux-evolution.jpg?resize=350%2C200&ssl=1","width":350,"height":200},"classes":[]},{"id":1753,"url":"https:\/\/whisky-francais.com\/index.php\/distilleries\/brunet\/","url_meta":{"origin":4470,"position":5},"title":"Brunet","date":"12 juin 2017","format":false,"excerpt":"A l'origine, la Maison Brunet produit du Cognac. Aujourd'hui la production se diversifie avec du Whisky, et notamment Brenne Whisky. Statut Localisation Volume de Production Dates Cl\u00e9s Personnages Cl\u00e9s Gamme Eau C\u00e9r\u00e9ales Alambics Distillation Type de chai F\u00fbt(s) Donn\u00e9es Territoriales Notes Site Web","rel":"","context":"Article similaire","img":{"alt_text":"","src":"","width":0,"height":0},"classes":[]}],"_links":{"self":[{"href":"https:\/\/whisky-francais.com\/index.php\/wp-json\/wp\/v2\/pages\/4470"}],"collection":[{"href":"https:\/\/whisky-francais.com\/index.php\/wp-json\/wp\/v2\/pages"}],"about":[{"href":"https:\/\/whisky-francais.com\/index.php\/wp-json\/wp\/v2\/types\/page"}],"author":[{"embeddable":true,"href":"https:\/\/whisky-francais.com\/index.php\/wp-json\/wp\/v2\/users\/1"}],"replies":[{"embeddable":true,"href":"https:\/\/whisky-francais.com\/index.php\/wp-json\/wp\/v2\/comments?post=4470"}],"version-history":[{"count":41,"href":"https:\/\/whisky-francais.com\/index.php\/wp-json\/wp\/v2\/pages\/4470\/revisions"}],"predecessor-version":[{"id":4569,"href":"https:\/\/whisky-francais.com\/index.php\/wp-json\/wp\/v2\/pages\/4470\/revisions\/4569"}],"up":[{"embeddable":true,"href":"https:\/\/whisky-francais.com\/index.php\/wp-json\/wp\/v2\/pages\/56"}],"wp:featuredmedia":[{"embeddable":true,"href":"https:\/\/whisky-francais.com\/index.php\/wp-json\/wp\/v2\/media\/4553"}],"wp:attachment":[{"href":"https:\/\/whisky-francais.com\/index.php\/wp-json\/wp\/v2\/media?parent=4470"}],"curies":[{"name":"wp","href":"https:\/\/api.w.org\/{rel}","templated":true}]}}