{"id":47,"date":"2017-02-11T10:44:55","date_gmt":"2017-02-11T09:44:55","guid":{"rendered":"http:\/\/whisky-francais.com\/?page_id=47"},"modified":"2017-02-19T14:07:29","modified_gmt":"2017-02-19T13:07:29","slug":"salut-a-vous-camarades","status":"publish","type":"page","link":"https:\/\/whisky-francais.com\/index.php\/salut-a-vous-camarades\/","title":{"rendered":"Salut \u00e0 vous, camarades !"},"content":{"rendered":"<p><img loading=\"lazy\" decoding=\"async\" data-attachment-id=\"42\" data-permalink=\"https:\/\/whisky-francais.com\/index.php\/2017\/02\/09\/bonjour-tout-le-monde\/ob_b3ec62_super-dupond\/\" data-orig-file=\"https:\/\/whisky-francais.com\/wp-content\/uploads\/2017\/02\/ob_b3ec62_super-dupond.jpg\" data-orig-size=\"1027,1489\" data-comments-opened=\"1\" data-image-meta=\"{&quot;aperture&quot;:&quot;0&quot;,&quot;credit&quot;:&quot;&quot;,&quot;camera&quot;:&quot;&quot;,&quot;caption&quot;:&quot;&quot;,&quot;created_timestamp&quot;:&quot;0&quot;,&quot;copyright&quot;:&quot;&quot;,&quot;focal_length&quot;:&quot;0&quot;,&quot;iso&quot;:&quot;0&quot;,&quot;shutter_speed&quot;:&quot;0&quot;,&quot;title&quot;:&quot;&quot;,&quot;orientation&quot;:&quot;0&quot;}\" data-image-title=\"Cr\u00e9dit PHoto: Super-Dupond \/ Whisky Fran\u00e7ais &#8211; French Whisky &#8211; Single Malt, Single Barrel, Malt, Orge, Bl\u00e9, Seigle, Alambic, Matthieu Acar, Matthieu Acar, Xavier Brevet, d\u00e9gustation, whisky, masterclass, Paris\" data-image-description=\"&lt;p&gt;Whisky Fran\u00e7ais &#8211; French Whisky &#8211; Single Malt, Single Barrel, Malt, Orge, Bl\u00e9, Seigle, Alambic, Matthieu Acar, Xavier Brevet, d\u00e9gustation, whisky, masterclass, Paris&lt;\/p&gt;\n\" data-image-caption=\"&lt;p&gt;Whisky Fran\u00e7ais &#8211; French Whisky &#8211; Single Malt, Single Barrel, Malt, Orge, Bl\u00e9, Seigle, Alambic, Matthieu Acar, Matthieu Acar, Xavier Brevet, d\u00e9gustation, whisky, masterclass, Paris, atelier, d\u00e9gustation&lt;\/p&gt;\n\" data-medium-file=\"https:\/\/whisky-francais.com\/wp-content\/uploads\/2017\/02\/ob_b3ec62_super-dupond-207x300.jpg\" data-large-file=\"https:\/\/whisky-francais.com\/wp-content\/uploads\/2017\/02\/ob_b3ec62_super-dupond-706x1024.jpg\" class=\" wp-image-42 alignleft\" src=\"https:\/\/whisky-francais.com\/wp-content\/uploads\/2017\/02\/ob_b3ec62_super-dupond-207x300.jpg\" alt=\"\" width=\"300\" height=\"435\" srcset=\"https:\/\/whisky-francais.com\/wp-content\/uploads\/2017\/02\/ob_b3ec62_super-dupond-207x300.jpg 207w, https:\/\/whisky-francais.com\/wp-content\/uploads\/2017\/02\/ob_b3ec62_super-dupond-768x1113.jpg 768w, https:\/\/whisky-francais.com\/wp-content\/uploads\/2017\/02\/ob_b3ec62_super-dupond-706x1024.jpg 706w, https:\/\/whisky-francais.com\/wp-content\/uploads\/2017\/02\/ob_b3ec62_super-dupond-186x270.jpg 186w, https:\/\/whisky-francais.com\/wp-content\/uploads\/2017\/02\/ob_b3ec62_super-dupond.jpg 1027w\" sizes=\"(max-width: 300px) 100vw, 300px\" \/>Apr\u00e8s avoir r\u00e9volutionn\u00e9 le monde du pinard, du clacos et de la mauvaise foi, la France est en passe de changer le monde du whisky \u00e0 jamais! (rien que \u00e7a).<\/p>\n<p>Si le G\u00e9n\u00e9ral trouvait dur de gouverner un pays avec tant de fromages, autant vous dire qu&rsquo;avec pr\u00e8s de 40 distilleries de whisky mont\u00e9es en 20 ans, le prochain a du pain sur la planche! Et dire que nos producteurs n&rsquo;ont pas dit leur dernier mot&#8230;!<\/p>\n<p>Bref si vous \u00eates en qu\u00eate d&rsquo;un whisky issu du savoir-faire fran\u00e7ais, vous avez bien raison ! (parce que, croyez nous, c&rsquo;est bon!).<\/p>\n<p>Passionn\u00e9s par le whisky, nous rassemblons actuellement un maximum d&rsquo;informations (techniques, historiques, etc.) que nous partagerons sur ce site tr\u00e8s prochainement ! La qu\u00eate ne fait que commencer&#8230;<\/p>\n<p>Sant\u00e9 !<\/p>\n","protected":false},"excerpt":{"rendered":"<p>Apr\u00e8s avoir r\u00e9volutionn\u00e9 le monde du pinard, du clacos et de la mauvaise foi, la France est en passe de<\/p>\n","protected":false},"author":1,"featured_media":0,"parent":0,"menu_order":0,"comment_status":"closed","ping_status":"closed","template":"","meta":{"jetpack_post_was_ever_published":false,"footnotes":""},"class_list":["post-47","page","type-page","status-publish","hentry"],"jetpack_sharing_enabled":true,"jetpack_shortlink":"https:\/\/wp.me\/P8oZPa-L","jetpack-related-posts":[{"id":1274,"url":"https:\/\/whisky-francais.com\/index.php\/distilleries\/twelve\/","url_meta":{"origin":47,"position":0},"title":"Twelve","date":"16 mai 2017","format":false,"excerpt":"Implant\u00e9e sur le plateau de l\u2019Aubrac, Twelve mettra prochainement \u00e0 l\u2019honneur un terroir d\u2019exception dont les propri\u00e9t\u00e9s climatiques et g\u00e9ologiques ne sont pas sans rappeler celles d\u2019\u00c9cosse. N\u00e9e en 2014 de la rencontre de 3 personnes, la distillerie commercialisera son 1er whisky d\u00e8s novembre 2020. Statut Produit et commercialisera son\u2026","rel":"","context":"Article similaire","img":{"alt_text":"","src":"https:\/\/i0.wp.com\/whisky-francais.com\/wp-content\/uploads\/2017\/05\/P1010753.jpg?resize=350%2C200","width":350,"height":200},"classes":[]},{"id":4299,"url":"https:\/\/whisky-francais.com\/index.php\/distilleries\/la-durance\/","url_meta":{"origin":47,"position":1},"title":"La Durance","date":"10 mars 2019","format":false,"excerpt":"Le duo de choc Robin Entreinger \/ Valentin Bonhomme est de retour sur le devant de la sc\u00e8ne. Apr\u00e8s avoir produit et jou\u00e9 dans Le Tour de France des Whiskies, les deux hommes cr\u00e9ent la soci\u00e9t\u00e9 d'affinage La Durance en 2017. Si tous les chemins m\u00e8nent \u00e0 Rome, ceux du\u2026","rel":"","context":"Article similaire","img":{"alt_text":"La Durance, whisky proven\u00e7al, Robin Entreinger, Valentin Bonhomme, Fournieux, Montfort, orge, vin, tennessee whiskey, Le Tour de France des Whiskies, Le Monde du Whisky - 1 - Islay, Robin Entreinger, le tour de france des whiskies, whisky made in France, le monde du whisky - 1 - islay, Whisky Fran\u00e7ais, French Whisky, Xavier Brevet, Matthieu Acar, Lilya Sekkal, d\u00e9gustation, whisky, masterclass, Paris, atelier, d\u00e9gustation","src":"https:\/\/i0.wp.com\/whisky-francais.com\/wp-content\/uploads\/2019\/03\/53415088_2494138743947839_4096177320274952192_n.jpg?resize=350%2C200&ssl=1","width":350,"height":200},"classes":[]},{"id":1882,"url":"https:\/\/whisky-francais.com\/index.php\/distilleries\/naguelann\/","url_meta":{"origin":47,"position":2},"title":"Naguelann","date":"21 juin 2017","format":false,"excerpt":"\u00a0 \"Naguelann c\u2019est avant tout une fa\u00e7on de faire !\" \u00a0 S\u2019illustrant \u00e0 la fois en tant que distillateur et embouteilleur ind\u00e9pendant, Naguelann tient son originalit\u00e9 de cette double casquette, fondamentale dans la qu\u00eate du go\u00fbt men\u00e9e par L\u00e9na\u00efck Lemaitre et ses \u00e9quipes. Statut Produit et Commercialise son propre whisky\u2026","rel":"","context":"Article similaire","img":{"alt_text":"","src":"","width":0,"height":0},"classes":[]},{"id":4214,"url":"https:\/\/whisky-francais.com\/index.php\/distilleries\/coqlicorne-company\/","url_meta":{"origin":47,"position":3},"title":"Distillerie Coqlicorne","date":"10 mars 2019","format":false,"excerpt":"La distillerie d\u00e9tient le palmar\u00e8s du plus jeune couple de producteur de whisky Fran\u00e7ais\u00a0! Laure-Anne et Liam se sont rencontr\u00e9s il y a quelques ann\u00e9es en \u00c9cosse. \ud83d\udc13 Laure-Anne, 26 ans, vient du Perche. Elle fait ses \u00e9tudes en \u00c9cosse et dans le Tennessee. C\u2019est l\u00e0 qu\u2019elle d\u00e9couvre le MOONSHINE\u2026","rel":"","context":"Article similaire","img":{"alt_text":"Coqlicorne, coqlicorne company, Liam Hope, laure-anne civet, laure anne vivet, ugo, Nogent le bernard, Nogent-le-bernard, corn whisky, whisky ma\u00c3\u00afs, whisky ma\u00c3\u00afs et orge, whisky ma\u00c3\u00afs et malt, whisky mais, whisky mais et orge, whisky mais et malt, Appalachian Pot Still, Al-Ambic, Dunnage warehouse, ch\u00c3\u00aane am\u00c3\u00a9ricain, pineau des charentes, f\u00c3\u00bbt de pineau des charentes, bourbon barrel, f\u00c3\u00bbts de Jasni\u00c3\u00a8res, f\u00c3\u00bbt de Jasni\u00c3\u00a8res, distillerie fran\u00c3\u00a7aise, whisky fran\u00c3\u00a7ais, french whisky, France, distillerie, Matthieu Acar, Xavier Brevet, Lilya Sekkal, d\u00c3\u00a9gustation, whisky, masterclass, Paris, atelier, d\u00c3\u00a9gustation, whisky Francais, whisky fran\u00c3\u00a7ais, france whisky.","src":"https:\/\/i0.wp.com\/whisky-francais.com\/wp-content\/uploads\/2019\/03\/coqlicorne_logo.jpg?resize=350%2C200","width":350,"height":200},"classes":[]},{"id":713,"url":"https:\/\/whisky-francais.com\/index.php\/distilleries\/claeyssens\/","url_meta":{"origin":47,"position":4},"title":"Claeyssens","date":"28 mars 2017","format":false,"excerpt":"C'est du haut de ses 200 ans d'existence que la distillerie Claeyssens s'est lanc\u00e9e dans la confection de whisky au cours des ann\u00e9es 2000. Forte d'un savoir-faire s\u00e9culaire, cette institution est un monument d'histoire nous rappelant la grande \u00e9poque de la distillation dans le Nord de la France. Statut Produit\u2026","rel":"","context":"Article similaire","img":{"alt_text":"Matthieu Acar, Xavier Brevet, Lilya Sekkal, d\u00e9gustation, whisky, acad\u00e9mie, masterclass, Paris, atelier, d\u00e9gustation, whisky","src":"https:\/\/i0.wp.com\/whisky-francais.com\/wp-content\/uploads\/2017\/03\/CLAEYSSENSFONTAINE.jpg?resize=350%2C200&ssl=1","width":350,"height":200},"classes":[]},{"id":1893,"url":"https:\/\/whisky-francais.com\/index.php\/distilleries\/domaine-de-bourjac\/","url_meta":{"origin":47,"position":5},"title":"Domaine de Bourjac","date":"21 juin 2017","format":false,"excerpt":"Perch\u00e9 \u00e0 350 m\u00e8tres d'altitude dans l\u2019Aveyron, le Domaine de Bourjac a d'abord produit du vin et des ap\u00e9ritifs (Pastis, Ch\u00e2taigne, Prunelle, etc.) avant de signer un whisky artisanal de grande qualit\u00e9 ! Autodidacte et amateur de spiritueux - et plus particuli\u00e8rement de whisky tourb\u00e9 - Olivier Toulouse entreprend d\u00e8s\u2026","rel":"","context":"Article similaire","img":{"alt_text":"Domaine de Bourjac, Broqui\u00e8s, Olivier Toulouse, DDB 3 ans tou&dy, DDB 3 ans Chat Teigne, f\u00fbt par f\u00fbt, double distillation, orge malt\u00e9e biologique, culture raisonn\u00e9e, conduite raisonn\u00e9e, bruy\u00e8re, tourbe, alambic charentais, chauffe au bois, double distillation, f\u00fbt de ch\u00eane, ap\u00e9ritif, domaine, whisky Fran\u00e7ais, French Whisky, malt, whisky France, Passerelles, H\u00f4tel Parister, organiser, d\u00e9gustation, whisky, paris, priv\u00e9e, entreprise, \u00e9v\u00e9nement, masterclass, Matthieu Acar, Xavier Brevet, Lilya Sekkal, d\u00e9gustation, whisky, acad\u00e9mie, masterclass, Paris, atelier, d\u00e9gustation, whisky","src":"https:\/\/i0.wp.com\/whisky-francais.com\/wp-content\/uploads\/2017\/06\/logo-ddb-domaine-de-bourjac-1.png?resize=350%2C200&ssl=1","width":350,"height":200},"classes":[]}],"_links":{"self":[{"href":"https:\/\/whisky-francais.com\/index.php\/wp-json\/wp\/v2\/pages\/47"}],"collection":[{"href":"https:\/\/whisky-francais.com\/index.php\/wp-json\/wp\/v2\/pages"}],"about":[{"href":"https:\/\/whisky-francais.com\/index.php\/wp-json\/wp\/v2\/types\/page"}],"author":[{"embeddable":true,"href":"https:\/\/whisky-francais.com\/index.php\/wp-json\/wp\/v2\/users\/1"}],"replies":[{"embeddable":true,"href":"https:\/\/whisky-francais.com\/index.php\/wp-json\/wp\/v2\/comments?post=47"}],"version-history":[{"count":6,"href":"https:\/\/whisky-francais.com\/index.php\/wp-json\/wp\/v2\/pages\/47\/revisions"}],"predecessor-version":[{"id":191,"href":"https:\/\/whisky-francais.com\/index.php\/wp-json\/wp\/v2\/pages\/47\/revisions\/191"}],"wp:attachment":[{"href":"https:\/\/whisky-francais.com\/index.php\/wp-json\/wp\/v2\/media?parent=47"}],"curies":[{"name":"wp","href":"https:\/\/api.w.org\/{rel}","templated":true}]}}