{"id":473,"date":"2017-03-05T20:50:01","date_gmt":"2017-03-05T19:50:01","guid":{"rendered":"http:\/\/whisky-francais.com\/?page_id=473"},"modified":"2018-12-28T13:59:48","modified_gmt":"2018-12-28T12:59:48","slug":"ergaster","status":"publish","type":"page","link":"https:\/\/whisky-francais.com\/index.php\/distilleries\/ergaster\/","title":{"rendered":"Ergaster"},"content":{"rendered":"<p><img loading=\"lazy\" decoding=\"async\" data-attachment-id=\"670\" data-permalink=\"https:\/\/whisky-francais.com\/index.php\/distilleries\/gilbert-holl\/certifie\/\" data-orig-file=\"https:\/\/whisky-francais.com\/wp-content\/uploads\/2017\/02\/certifie.jpg\" data-orig-size=\"125,125\" data-comments-opened=\"1\" data-image-meta=\"{&quot;aperture&quot;:&quot;0&quot;,&quot;credit&quot;:&quot;&quot;,&quot;camera&quot;:&quot;&quot;,&quot;caption&quot;:&quot;&quot;,&quot;created_timestamp&quot;:&quot;0&quot;,&quot;copyright&quot;:&quot;&quot;,&quot;focal_length&quot;:&quot;0&quot;,&quot;iso&quot;:&quot;0&quot;,&quot;shutter_speed&quot;:&quot;0&quot;,&quot;title&quot;:&quot;&quot;,&quot;orientation&quot;:&quot;1&quot;}\" data-image-title=\"Whisky Fran\u00e7ais &#8211; French Whisky, Matthieu Acar, Xavier Brevet, d\u00e9gustation, whisky, masterclass, Paris\" data-image-description=\"&lt;p&gt;Whisky Fran\u00e7ais &#8211; French Whisky, Matthieu Acar, Xavier Brevet, d\u00e9gustation, whisky, masterclass, Paris&lt;\/p&gt;\n\" data-image-caption=\"&lt;p&gt;Whisky Fran\u00e7ais &#8211; French Whisky, Matthieu Acar, Xavier Brevet, d\u00e9gustation, whisky, masterclass, Paris, atelier, d\u00e9gustation, whisky&lt;\/p&gt;\n\" data-medium-file=\"https:\/\/whisky-francais.com\/wp-content\/uploads\/2017\/02\/certifie.jpg\" data-large-file=\"https:\/\/whisky-francais.com\/wp-content\/uploads\/2017\/02\/certifie.jpg\" class=\"size-full wp-image-670 aligncenter\" src=\"https:\/\/whisky-francais.com\/wp-content\/uploads\/2017\/02\/certifie.jpg\" alt=\"\" width=\"125\" height=\"125\" srcset=\"https:\/\/whisky-francais.com\/wp-content\/uploads\/2017\/02\/certifie.jpg 125w, https:\/\/whisky-francais.com\/wp-content\/uploads\/2017\/02\/certifie-32x32.jpg 32w, https:\/\/whisky-francais.com\/wp-content\/uploads\/2017\/02\/certifie-50x50.jpg 50w, https:\/\/whisky-francais.com\/wp-content\/uploads\/2017\/02\/certifie-64x64.jpg 64w, https:\/\/whisky-francais.com\/wp-content\/uploads\/2017\/02\/certifie-96x96.jpg 96w\" sizes=\"(max-width: 125px) 100vw, 125px\" \/><\/p>\n<p>La distillerie Ergaster c&rsquo;est avant tout l&rsquo;histoire d&rsquo;une reconversion professionnelle r\u00e9ussie\u00a0! Pour cela, associer les ingr\u00e9dients suivants\u00a0:<\/p>\n<ol>\n<li>Un ing\u00e9nieur en g\u00e9nie chimique<\/li>\n<li>Un go\u00fbt certain de ce dernier pour les spiritueux<\/li>\n<li>L\u2019amiti\u00e9 qu\u2019il partage avec un brasseur (Uberach)<\/li>\n<\/ol>\n<p>Patientez un an et demi (le temps qu\u2019il se forme et acquiert les comp\u00e9tences n\u00e9cessaires \u00e0 la distillation), et vous obtenez Ergaster !<\/p>\n<p>L\u2019objectif poursuivi par la distillerie est de <strong>produire un whisky 100% Fran\u00e7ais<\/strong>. En cela, Herv\u00e9 Grangeon (fondateur et ma\u00eetre distillateur) attache une importance capitale \u00e0 la provenance des c\u00e9r\u00e9ales (Nord de la France), de l\u2019alambic (Stupfler, r\u00e9gion Bordelaise) et des m\u00e9thodes de maturation (propres aux alcools bruns Fran\u00e7ais comme le Cognac ou l\u2019Armagnac). <strong>Le \u00ab\u00a0made in France\u00a0\u00bb est \u00e0 la fois retranscrit au niveau mat\u00e9riel<\/strong> (mati\u00e8res premi\u00e8res, \u00e9quipements) <strong>et immat\u00e9riel<\/strong> (savoir-faire): chapeau-bas\u00a0! \ud83d\ude00<\/p>\n<table>\n<tbody>\n<tr>\n<td style=\"width: 161px;\">Statut<\/td>\n<td style=\"width: 576px;\">Actuellement en production<br \/>\nCommercialisera son 1<sup>er<\/sup> whisky en d\u00e9cembre 2018<\/td>\n<\/tr>\n<tr>\n<td style=\"width: 161px;\">Localisation<\/td>\n<td style=\"width: 576px;\">1 Avenue du Parc, 60400 Passel<br \/>\n2\u00b057&rsquo;48\u00bbE \/ 49\u00b033&rsquo;6\u00bbN<\/td>\n<\/tr>\n<tr>\n<td style=\"width: 161px;\">Volume de Production<\/td>\n<td style=\"width: 576px;\">Objectif: 5000-6000 cols en 2018<\/td>\n<\/tr>\n<tr>\n<td style=\"width: 161px;\">Dates Cl\u00e9s<\/td>\n<td style=\"width: 576px;\"><strong>2015<\/strong>: cr\u00e9ation de la distillerie et achat de l&rsquo;alambic<\/p>\n<p>Juin 2017: lancement du 1<sup>er<\/sup> \u00ab\u00a0Pur Malt\u00a0\u00bb<\/p>\n<p>No\u00ebl 2018: mise sur le march\u00e9 des 1<sup>ers<\/sup> whiskies.<\/p>\n<p>2019\u00a0: les whiskies \u00e0 compter de cette ann\u00e9e seront \u00ab\u00a0bio\u00a0\u00bb<\/td>\n<\/tr>\n<tr>\n<td style=\"width: 161px;\">Personnages Cl\u00e9s<\/td>\n<td style=\"width: 576px;\"><strong>Herv\u00e9 Grangeon<\/strong> (fondateur, ma\u00eetre artisan distillateur)<\/p>\n<p class=\"p1\"><span class=\"s1\"><strong>Eric Trossat<\/strong> (Partenaire Brasserie Uberach)<\/span><\/p>\n<p class=\"p1\"><span class=\"s1\"><strong>C\u00e9lia et \u00c9lodie<\/strong> (Distillatrices)<\/span><\/p>\n<\/td>\n<\/tr>\n<tr>\n<td style=\"width: 161px;\">Gamme<\/td>\n<td style=\"width: 576px;\">\n<ul>\n<li><strong>Whisky Tourb\u00e9<\/strong>: gamme permanente<\/li>\n<li><strong>Whisky Nature<\/strong>: gamme permanente<\/li>\n<li><strong>Whisky Finition Sp\u00e9ciale<\/strong>: mill\u00e9sime ou batch. Repr\u00e9sente le haut de gamme de la distillerie. Double maturation avec 1<sup style=\"font-family: inherit;\">er<\/sup><span style=\"font-family: inherit; font-size: inherit;\"> passage en f\u00fbt de ch\u00eane neuf. La maturation dure de 6 \u00e0 24 mois (la dur\u00e9e varie en fonction du degr\u00e9 de bousinage).<br \/>\nNB\u00a0: Compte tenu du faible volume de production (et de la jeunesse de la distillerie), chaque mill\u00e9sime\/batch aura un profil organoleptique unique.<\/span><\/li>\n<\/ul>\n<\/td>\n<\/tr>\n<tr>\n<td style=\"width: 161px;\">Eau<\/td>\n<td style=\"width: 576px;\">Eau Locale<\/td>\n<\/tr>\n<tr>\n<td style=\"width: 161px;\">C\u00e9r\u00e9ales<\/td>\n<td style=\"width: 576px;\"><strong>Orge malt\u00e9e<\/strong> en provenance du <strong>Nord de la France<\/strong><\/td>\n<\/tr>\n<tr>\n<td style=\"width: 161px;\">Levures\/Fermentation<\/td>\n<td style=\"width: 576px;\">S\u00e9lection de ferments propres \u00e0 chaque whisky de la gamme.<br \/>\nMo\u00fbt en provenance de la <strong>brasserie Uberach<\/strong>.<br \/>\nFermentation longue.<\/td>\n<\/tr>\n<tr>\n<td style=\"width: 161px;\">Alambic<\/td>\n<td style=\"width: 576px;\">Alambic \u00e0 colonne, fabrication <strong>Stupfler<\/strong> (Entreprise du Patrimoine Vivant pour son savoir-faire en mati\u00e8re de travail du cuivre).<\/p>\n<p>Le choix de cet alambic s\u2019est justifi\u00e9 par la qualit\u00e9 (richesse\/finesse organoleptique) des eaux-de-vie produites \u00e0 partir de celui-ci.<\/td>\n<\/tr>\n<tr>\n<td style=\"width: 161px;\">Distillation<\/td>\n<td style=\"width: 576px;\">Batch avec colonne \u00e0 garnissage, <strong>une passe<\/strong>.<\/td>\n<\/tr>\n<tr>\n<td style=\"width: 161px;\">Type de Chai<\/td>\n<td style=\"width: 576px;\"><strong>Sec<\/strong>, f\u00fbts allong\u00e9s<\/td>\n<\/tr>\n<tr>\n<td style=\"width: 161px;\">F\u00fbts<\/td>\n<td style=\"width: 576px;\">F\u00fbts roux de Cognac<br \/>\nEx f\u00fbts de Banyuls<br \/>\nEx f\u00fbts de vin de France (rouge et blanc)<\/td>\n<\/tr>\n<tr>\n<td style=\"width: 161px;\">Donn\u00e9es Territoriales<\/td>\n<td style=\"width: 576px;\"><strong>Climat<\/strong>\u00a0: Temp\u00e9r\u00e9, Oc\u00e9anique d\u00e9grad\u00e9, entour\u00e9 de for\u00eats<br \/>\nTemp\u00e9rature annuelle moyenne\u00a0: 10,3\u00b0C<br \/>\nPr\u00e9cipitations annuelles\u00a0: +\/- 600mm<br \/>\n<strong>Altitude<\/strong>\u00a0: 61m<\/td>\n<\/tr>\n<tr>\n<td style=\"width: 161px;\">Notes<\/td>\n<td style=\"width: 576px;\"><\/td>\n<\/tr>\n<tr>\n<td style=\"width: 161px;\">Site Internet<\/td>\n<td style=\"width: 576px;\"><a href=\"http:\/\/distillerie-ergaster.com\/\">http:\/\/distillerie-ergaster.com\/<\/a><\/td>\n<\/tr>\n<\/tbody>\n<\/table>\n<p>Deux Gins (en vente depuis d\u00e9cembre 2016 \u00e0 Paris et dans l&rsquo;Oise) compl\u00e8tent la gamme.<\/p>\n<p>En outre, ma distillerie propose aux aficionados des journ\u00e9es de formation\/immersion (groupe de 2 personnes maximum). Pr\u00e9sentation de la distillation (Gin ou Whisky), gestion du chai et d\u00e9gustation figurent au programme de cette journ\u00e9e.<\/p>\n<p>L&rsquo;accueil de jeunes professionnels en stage longue dur\u00e9e est \u00e9galement possible!<\/p>\n<p>Une visite de la distillerie\u00a0est pr\u00e9vue courant 2017. Nos \u00e9quipes auront alors \u00e0 coeur de vous proposez un\u00a0article (accompagn\u00e9 de photos!!!) concernant le lieu.<\/p>\n<p>Merci \u00e0 Herv\u00e9 Grangeon pour sa participation en l\u2019\u00e9laboration de cet article.<\/p>\n<p>On sait d\u00e9j\u00e0 quoi offrir \u00e0 No\u00ebl 2018!!! \ud83d\ude00<\/p>\n<figure id=\"attachment_483\" aria-describedby=\"caption-attachment-483\" style=\"width: 674px\" class=\"wp-caption alignnone\"><img loading=\"lazy\" decoding=\"async\" data-attachment-id=\"483\" data-permalink=\"https:\/\/whisky-francais.com\/index.php\/distilleries\/ergaster\/noyon2\/\" data-orig-file=\"https:\/\/whisky-francais.com\/wp-content\/uploads\/2017\/03\/NOYON2.png\" data-orig-size=\"674,401\" data-comments-opened=\"1\" data-image-meta=\"{&quot;aperture&quot;:&quot;0&quot;,&quot;credit&quot;:&quot;&quot;,&quot;camera&quot;:&quot;&quot;,&quot;caption&quot;:&quot;&quot;,&quot;created_timestamp&quot;:&quot;0&quot;,&quot;copyright&quot;:&quot;&quot;,&quot;focal_length&quot;:&quot;0&quot;,&quot;iso&quot;:&quot;0&quot;,&quot;shutter_speed&quot;:&quot;0&quot;,&quot;title&quot;:&quot;&quot;,&quot;orientation&quot;:&quot;0&quot;}\" data-image-title=\"Ergaster, Passel, Oise, Herv\u00e9 Grangeon, orge malt\u00e9e, Uberach, Stupfler, f\u00fbt roux de Cognac, Banyuls, Vins de France, whisky Fran\u00e7ais, French whisky, Matthieu Acar, Xavier Brevet, d\u00e9gustation, whisky, masterclass, Paris\" data-image-description=\"&lt;p&gt;Ergaster, Passel, Oise, Herv\u00e9 Grangeon, orge malt\u00e9e, Uberach, Stupfler, f\u00fbt roux de Cognac, Banyuls, Vins de France, whisky Fran\u00e7ais, French whisky, Matthieu Acar, Xavier Brevet, d\u00e9gustation, whisky, masterclass, Paris&lt;\/p&gt;\n\" data-image-caption=\"&lt;p&gt;Ergaster, Passel, Oise, Herv\u00e9 Grangeon, orge malt\u00e9e, Uberach, Stupfler, f\u00fbt roux de Cognac, Banyuls, Vins de France, whisky Fran\u00e7ais, French whisky, Matthieu Acar, Xavier Brevet, d\u00e9gustation, whisky, masterclass, Paris, atelier, d\u00e9gustation, whisky&lt;\/p&gt;\n\" data-medium-file=\"https:\/\/whisky-francais.com\/wp-content\/uploads\/2017\/03\/NOYON2-300x178.png\" data-large-file=\"https:\/\/whisky-francais.com\/wp-content\/uploads\/2017\/03\/NOYON2.png\" class=\"wp-image-483 size-full\" src=\"https:\/\/whisky-francais.com\/wp-content\/uploads\/2017\/03\/NOYON2.png\" width=\"674\" height=\"401\" srcset=\"https:\/\/whisky-francais.com\/wp-content\/uploads\/2017\/03\/NOYON2.png 674w, https:\/\/whisky-francais.com\/wp-content\/uploads\/2017\/03\/NOYON2-300x178.png 300w, https:\/\/whisky-francais.com\/wp-content\/uploads\/2017\/03\/NOYON2-454x270.png 454w\" sizes=\"(max-width: 674px) 100vw, 674px\" \/><figcaption id=\"caption-attachment-483\" class=\"wp-caption-text\">Herv\u00e9 Grangeon. Cr\u00e9dit Photo: Le Parisien<\/figcaption><\/figure>\n","protected":false},"excerpt":{"rendered":"<p>La distillerie Ergaster c&rsquo;est avant tout l&rsquo;histoire d&rsquo;une reconversion professionnelle r\u00e9ussie\u00a0! Pour cela, associer les ingr\u00e9dients suivants\u00a0: Un ing\u00e9nieur en<\/p>\n","protected":false},"author":2,"featured_media":2034,"parent":56,"menu_order":0,"comment_status":"closed","ping_status":"closed","template":"","meta":{"jetpack_post_was_ever_published":false,"footnotes":""},"class_list":["post-473","page","type-page","status-publish","has-post-thumbnail","hentry"],"jetpack_sharing_enabled":true,"jetpack_shortlink":"https:\/\/wp.me\/P8oZPa-7D","jetpack-related-posts":[{"id":56,"url":"https:\/\/whisky-francais.com\/index.php\/distilleries\/","url_meta":{"origin":473,"position":0},"title":"Producteurs \/ Distilleries","date":"11 f\u00e9vrier 2017","format":false,"excerpt":"Auvergne-Rh\u00f4ne-Alpes Distillerie du Drac Distillerie des Bughes Distillerie du Vercors Domaine des Hautes Glaces Distillerie des Hautes Terres AlpSpirits (ferm\u00e9e) Monsieur Balthazar Mont Blanc Ninkasi O\u2019Baptiste (Ne produit plus de whisky) Bourgogne-Franche-Comt\u00e9 Br\u00fblerie du Revermont Michel Couvreur Rouget de Lisle Bretagne La Bambelle Distillerie des Menhirs Distillerie FDC (Bale Bro)\u2026","rel":"","context":"Article similaire","img":{"alt_text":"","src":"","width":0,"height":0},"classes":[]},{"id":3954,"url":"https:\/\/whisky-francais.com\/index.php\/distilleries\/distillerie-du-mont-blanc\/","url_meta":{"origin":473,"position":1},"title":"Distillerie du Mont Blanc","date":"14 d\u00e9cembre 2018","format":false,"excerpt":"C\u2019est au c\u0153ur des Alpes, \u00e0 La Motte-Servolex, qu'en 1999, Sylvain Chiron fera renaitre la brasserie du Mont Blanc, fleuron brassicole qui officia de 1830 avant de cesser toutes activit\u00e9s en 1966. D\u00e8s le d\u00e9part, la dimension distillerie est int\u00e9gr\u00e9e au projet mais il faudra attendre plus de 15 ans\u2026","rel":"","context":"Article similaire","img":{"alt_text":"Distillerie du Mont Blanc, Sylvain Chiron, La Motte-Servolex, Les Houches, Enchapleuze, Orge, Stupfler, Dolin, whisky Fran\u00e7ais, French whisky, France, Lilya Sekkal, Matthieu Acar, Xavier Brevet, d\u00e9gustation, masterclass, atelier","src":"https:\/\/i0.wp.com\/whisky-francais.com\/wp-content\/uploads\/2018\/12\/LOGO-DISTILLERIE-DU-MONT-BLANC-DIEU-au-trait-NEW.png?resize=350%2C200&ssl=1","width":350,"height":200},"classes":[]},{"id":2670,"url":"https:\/\/whisky-francais.com\/index.php\/distilleries\/les-bughes\/","url_meta":{"origin":473,"position":2},"title":"Distillerie des Bughes","date":"7 septembre 2017","format":false,"excerpt":"C'est dans une ambiance rappelant celle des distillations clandestines r\u00e9alis\u00e9es du temps de la Prohibition que les fr\u00e8res Mayoux ont imagin\u00e9 la Distillerie des Bughes. Sans h\u00e9ritage ni tradition familiale pour ce qui est de la distillation, c'est leur seule passion qui a guid\u00e9 ces deux fr\u00e8res \u00e0 exp\u00e9rimenter jusqu'\u00e0\u2026","rel":"","context":"Article similaire","img":{"alt_text":"Distillerie des Bughes, Solignac-sur-Loire, ch\u00eane Fran\u00e7ais, B\u00e9renger Mayoux, Pierre-Henri Mayoux, Le R\u00e9seau Entreprendre Auvergne, malt d'orge, tourbe, tourbi\u00e8re, tourb\u00e9, Home Distillers Classic, Home Distillers Tradition, Mont Dev\u00e8s, Malterie du Ch\u00e2teau, pot still, cave humide, distillation \u00e0 repasse, tonnellerie du Pays d'Auge, whisky, Fran\u00e7ais, French, Whisky, France, Matthieu Acar, Xavier Brevet, Lilya Sekkal, d\u00e9gustation, whisky, acad\u00e9mie, masterclass, Paris, atelier, d\u00e9gustation, whisky","src":"https:\/\/i0.wp.com\/whisky-francais.com\/wp-content\/uploads\/2017\/09\/P1010701-min.jpg?resize=350%2C200&ssl=1","width":350,"height":200},"classes":[]},{"id":713,"url":"https:\/\/whisky-francais.com\/index.php\/distilleries\/claeyssens\/","url_meta":{"origin":473,"position":3},"title":"Claeyssens","date":"28 mars 2017","format":false,"excerpt":"C'est du haut de ses 200 ans d'existence que la distillerie Claeyssens s'est lanc\u00e9e dans la confection de whisky au cours des ann\u00e9es 2000. Forte d'un savoir-faire s\u00e9culaire, cette institution est un monument d'histoire nous rappelant la grande \u00e9poque de la distillation dans le Nord de la France. Statut Produit\u2026","rel":"","context":"Article similaire","img":{"alt_text":"Matthieu Acar, Xavier Brevet, Lilya Sekkal, d\u00e9gustation, whisky, acad\u00e9mie, masterclass, Paris, atelier, d\u00e9gustation, whisky","src":"https:\/\/i0.wp.com\/whisky-francais.com\/wp-content\/uploads\/2017\/03\/CLAEYSSENSFONTAINE.jpg?resize=350%2C200&ssl=1","width":350,"height":200},"classes":[]},{"id":4093,"url":"https:\/\/whisky-francais.com\/index.php\/distilleries\/landas\/","url_meta":{"origin":473,"position":4},"title":"Landa&rsquo;s","date":"5 f\u00e9vrier 2019","format":false,"excerpt":"Derni\u00e8re mise \u00e0 jour : Aout 2024 La distillerie Landa\u2019s \u00e0 ouvert ses portes en Mai 2019 avec Mathieu Recoules \u00e0 sa t\u00eate. L\u2019aboutissement de ce projet, initi\u00e9 en 2017, perp\u00e9tue une tradition distillatoire familiale vieille de plus de soixante ans. Statut Distillerie en production Localisation \ud83d\udceb\u00a04 rue des Artisans,\u2026","rel":"","context":"Article similaire","img":{"alt_text":"Landa's, Mathieu Recoules, Lestrade-et-Thouels, Justin Thiers, Raoul Thiers, whisky de grain, orge malt\u00e9e, ma\u00efs, gin, vodka, pastis, alambic Sofac, Kovodel, whisky fran\u00e7ais, french whisky, whisky France, distillerie, Matthieu Acar, Xavier Brevet, Lilya Sekkal, d\u00e9gustation, whisky, masterclass, Paris, atelier, d\u00e9gustation","src":"https:\/\/i0.wp.com\/whisky-francais.com\/wp-content\/uploads\/2019\/02\/DISTiLLERIE.jpg?resize=350%2C200&ssl=1","width":350,"height":200},"classes":[]},{"id":1684,"url":"https:\/\/whisky-francais.com\/index.php\/distilleries\/distillerie-du-vercors\/","url_meta":{"origin":473,"position":5},"title":"Distillerie du Vercors","date":"14 juin 2017","format":false,"excerpt":"Situ\u00e9e dans une ancienne magnanerie (b\u00e2timent destin\u00e9 \u00e0 l'\u00e9levage des vers \u00e0 soie, datant de 1673), \u00e0 proximit\u00e9 de sources d'eau pure du Parc National du Vercors, la Distillerie \u00e9ponyme a ouvert ses portes en 2015. C'est dans ce cadre idyllique (la Dr\u00f4me est le 1er d\u00e9partement bio de France\u2026","rel":"","context":"Article similaire","img":{"alt_text":"France, Distillerie du Vercors, Eric Cordelle, Anne H\u00e9l\u00e8ne Cordelle, Saint-Jean-en-Royans, alambic basse pression, aged malt spirit, whisky bio, whisky Fran\u00e7ais, French Whisky, Single Malt, Matthieu Acar, Xavier Brevet, d\u00e9gustation, whisky, masterclass, Paris, atelier, d\u00e9gustation, whisky","src":"https:\/\/i0.wp.com\/whisky-francais.com\/wp-content\/uploads\/2017\/06\/IMG_6211.jpg?resize=350%2C200&ssl=1","width":350,"height":200},"classes":[]}],"_links":{"self":[{"href":"https:\/\/whisky-francais.com\/index.php\/wp-json\/wp\/v2\/pages\/473"}],"collection":[{"href":"https:\/\/whisky-francais.com\/index.php\/wp-json\/wp\/v2\/pages"}],"about":[{"href":"https:\/\/whisky-francais.com\/index.php\/wp-json\/wp\/v2\/types\/page"}],"author":[{"embeddable":true,"href":"https:\/\/whisky-francais.com\/index.php\/wp-json\/wp\/v2\/users\/2"}],"replies":[{"embeddable":true,"href":"https:\/\/whisky-francais.com\/index.php\/wp-json\/wp\/v2\/comments?post=473"}],"version-history":[{"count":21,"href":"https:\/\/whisky-francais.com\/index.php\/wp-json\/wp\/v2\/pages\/473\/revisions"}],"predecessor-version":[{"id":3981,"href":"https:\/\/whisky-francais.com\/index.php\/wp-json\/wp\/v2\/pages\/473\/revisions\/3981"}],"up":[{"embeddable":true,"href":"https:\/\/whisky-francais.com\/index.php\/wp-json\/wp\/v2\/pages\/56"}],"wp:featuredmedia":[{"embeddable":true,"href":"https:\/\/whisky-francais.com\/index.php\/wp-json\/wp\/v2\/media\/2034"}],"wp:attachment":[{"href":"https:\/\/whisky-francais.com\/index.php\/wp-json\/wp\/v2\/media?parent=473"}],"curies":[{"name":"wp","href":"https:\/\/api.w.org\/{rel}","templated":true}]}}