{"id":5085,"date":"2020-03-26T11:12:42","date_gmt":"2020-03-26T10:12:42","guid":{"rendered":"https:\/\/whisky-francais.com\/?page_id=5085"},"modified":"2020-03-26T11:17:45","modified_gmt":"2020-03-26T10:17:45","slug":"mersiol","status":"publish","type":"page","link":"https:\/\/whisky-francais.com\/index.php\/mersiol\/","title":{"rendered":"Mersiol"},"content":{"rendered":"<table class=\"t1\" cellspacing=\"0\" cellpadding=\"0\">\n<tbody>\n<tr>\n<td class=\"td1\" valign=\"middle\">\n<p class=\"p1\"><span class=\"s1\">Statut<\/span><\/p>\n<\/td>\n<td class=\"td2\" valign=\"middle\">\n<p class=\"p1\"><span class=\"s1\">Production stopp\u00e9e. Fermeture le 30 Novembre 2019<\/span><\/p>\n<\/td>\n<\/tr>\n<tr>\n<td class=\"td3\" valign=\"middle\">\n<p class=\"p1\"><span class=\"s1\">Localisation<\/span><\/p>\n<\/td>\n<td class=\"td4\" valign=\"middle\">\n<p class=\"p1\"><span class=\"s1\">\ud83d\udceb 5 Route d\u2019Ebersheim 67650 Dambach-la-Ville<\/span><\/p>\n<\/td>\n<\/tr>\n<tr>\n<td class=\"td5\" valign=\"middle\">\n<p class=\"p1\"><span class=\"s1\">Dates Cl\u00e9s<\/span><\/p>\n<\/td>\n<td class=\"td6\" valign=\"middle\">\n<p class=\"p1\"><span class=\"s1\"><strong>1980 &#8211;<\/strong>\u00a0cr\u00e9ation de la distillerie artisanale <\/span><\/p>\n<p class=\"p1\"><span class=\"s1\"><strong>2018\u00a0et 2019<\/strong> &#8211; <a href=\"https:\/\/whisky-francais.com\/index.php\/2019\/02\/26\/concours-general-agricole-2019-palmares\/\">prix d\u2019excellence CGA Paris<\/a><\/span><\/p>\n<p><strong>30 Novembre 2019<\/strong> &#8211; Fermeture de la distillerie<\/td>\n<\/tr>\n<tr>\n<td class=\"td7\" valign=\"middle\">\n<p class=\"p1\"><span class=\"s1\">Personnages Cl\u00e9s<\/span><\/p>\n<\/td>\n<td class=\"td8\" valign=\"middle\">\n<p class=\"p1\"><span class=\"s1\"><strong>Andr\u00e9 Mersiol<\/strong>\u00a0: fondateur<\/span><\/p>\n<p class=\"p1\"><strong><span class=\"s1\">B\u00e9atrice, Pierre-Nicolas et Alexandre<\/span><\/strong><\/p>\n<\/td>\n<\/tr>\n<tr>\n<td class=\"td9\" valign=\"middle\">\n<p class=\"p1\"><span class=\"s1\">Gamme<\/span><\/p>\n<\/td>\n<td class=\"td10\" valign=\"middle\">\n<p class=\"p1\"><span class=\"s1\">\ud83e\udd43 <strong>Whisky Alsacien Single Malt 40%<\/strong> &#8211; vieilli en f\u00fbt de vin blanc sec<\/span><\/p>\n<p class=\"p1\"><span class=\"s1\">\ud83e\udd43 <strong>Whisky Alsacien Single Malt Cachet Rouge<\/strong>\u00a0&#8211; vieilli en f\u00fbt de rouge d\u2019Ottrott<\/span><\/p>\n<p class=\"p1\"><span class=\"s1\">\ud83e\udd43 <strong>Whisky Alsacien Single Malt Cachet Noir<\/strong> &#8211; vieilli en f\u00fbts de vin blanc sec et fine d\u2019Alsace 1983. <\/span><\/p>\n<blockquote>\n<p class=\"p1\"><span class=\"s1\">\u00ab\u00a0 Cachet Noir et Cachet Rouge ont \u00e9t\u00e9 faits \u00e0 partir du m\u00eame distillat. Enf\u00fbt\u00e9s le m\u00eame jour, ils ont \u00e9galement \u00e9t\u00e9 sortie des f\u00fbts la m\u00eame journ\u00e9e.\u00a0\u00bb<em> P. N. Mersiol.<\/em><\/span><\/p>\n<\/blockquote>\n<p class=\"p1\"><span class=\"s1\">\ud83e\udd43 <strong>Whisky Blend<\/strong><\/span><\/p>\n<\/td>\n<\/tr>\n<tr>\n<td class=\"td11\" valign=\"middle\">\n<p class=\"p1\"><span class=\"s1\">Eau<\/span><\/p>\n<\/td>\n<td class=\"td12\" valign=\"middle\">\n<p class=\"p1\"><span class=\"s1\">Eau du village. <\/span><\/p>\n<blockquote>\n<p class=\"p1\"><span class=\"s1\">\u00ab\u00a0En saison, avant r\u00e9duction, on la go\u00fbte. Si elle ne nous plait pas, nous nous approvisionnons dans un village \u00e0 c\u00f4t\u00e9.\u00a0\u00bb <em>P. N. Mersiol.<\/em><\/span><\/p>\n<\/blockquote>\n<\/td>\n<\/tr>\n<tr>\n<td class=\"td13\" valign=\"middle\">\n<p class=\"p1\"><span class=\"s1\">C\u00e9r\u00e9ales et<br \/>\nMaltage<\/span><\/p>\n<\/td>\n<td class=\"td14\" valign=\"middle\">\n<p class=\"p1\"><span class=\"s1\">Brassin en provenance de Meteor<\/span><\/p>\n<\/td>\n<\/tr>\n<tr>\n<td class=\"td15\" valign=\"middle\">\n<p class=\"p1\"><span class=\"s1\">Alambic<\/span><\/p>\n<\/td>\n<td class=\"td16\" valign=\"middle\">\n<p class=\"p1\"><span class=\"s1\">\u2697\ufe0f Un\u00a0alambic <strong>Holstein<\/strong> d\u2019une contenance de 130L.<\/span><\/p>\n<p class=\"p1\"><span class=\"s1\">\u2697\ufe0f Un alambic\u00a0<strong>Rump <\/strong>Strasbourg, d\u2019une contenance de 250L.<\/span><\/p>\n<\/td>\n<\/tr>\n<tr>\n<td class=\"td17\" valign=\"middle\">\n<p class=\"p1\"><span class=\"s1\">Distillation<\/span><\/p>\n<p class=\"p1\"><span class=\"s1\">Filtration<br \/>\nOuillage<\/span><\/p>\n<\/td>\n<td class=\"td18\" valign=\"middle\">\n<p class=\"p1\"><span class=\"s1\">Double distillation. <\/span><\/p>\n<blockquote>\n<p class=\"p1\"><span class=\"s1\">\u00ab\u00a0Nous utilisons les deux alambics pour la premi\u00e8re passe. Par contre, la seconde passe est r\u00e9alis\u00e9e sur alambic Rump. <\/span><\/p>\n<p class=\"p1\"><span class=\"s1\">Le c\u0153ur de chauffe oscille entre 65\u00b0\/67\u00b0. Le coupage se fait au go\u00fbt. Sur un alambic de 250L, on retire entre 10 et 12L de t\u00eate. Les queues apparaissent d\u00e8s que le distillat avoisine les 50\u00b0. <\/span><\/p>\n<p class=\"p1\"><span class=\"s1\">Nous s\u00e9lectionnons 3 \u00e0 4 distillats par alambic que nous assemblons \u00e0 nouveau si la qualit\u00e9 gustative le permet.\u00a0\u00bb<span class=\"Apple-converted-space\">\u00a0 <\/span><em>P. N. Mersiol.<\/em><\/span><\/p>\n<\/blockquote>\n<p class=\"p1\"><span class=\"s1\">Filtration \u00e0 froid.<\/span><\/p>\n<p class=\"p1\"><span class=\"s1\">Ouillage final, r\u00e9duction en une fois pour un whisky titrant entre 40 et 46\u00b0. <\/span><\/p>\n<\/td>\n<\/tr>\n<tr>\n<td class=\"td19\" valign=\"middle\">\n<p class=\"p1\"><span class=\"s1\">Chai<\/span><\/p>\n<\/td>\n<td class=\"td20\" valign=\"middle\">\n<p class=\"p1\"><span class=\"s1\">Chai\u00a0: temp\u00e9r\u00e9<\/span><\/p>\n<blockquote>\n<p class=\"p1\"><span class=\"s1\">\u00ab\u00a0On suit les saisons m\u00eame si l\u2019on maintient hors gel en hiver. En \u00e9t\u00e9,<span class=\"Apple-converted-space\">\u00a0 <\/span>la temp\u00e9rature monte entre 22 et 25\u00b0. \u00bb <em>P. N. Mersiol<\/em><\/span><\/p>\n<\/blockquote>\n<p class=\"p1\"><span class=\"s1\">Part des anges\u00a0: 4 \u00e0 5%.<\/span><\/p>\n<\/td>\n<\/tr>\n<tr>\n<td class=\"td21\" valign=\"middle\">\n<p class=\"p1\"><span class=\"s1\">F\u00fbts<\/span><\/p>\n<\/td>\n<td class=\"td22\" valign=\"middle\">\n<p class=\"p1\"><span class=\"s1\">Ex-f\u00fbts de\u00a0:<\/span><\/p>\n<p class=\"p1\"><span class=\"s1\">\ud83c\udf47 Vin blanc sec d\u2019Alsace<\/span><\/p>\n<p class=\"p1\"><span class=\"s1\">\ud83c\udf47 Chardonnay de Bourgogne<\/span><\/p>\n<p class=\"p1\"><span class=\"s1\">\ud83c\udf47 Rouge d\u2019Ottrott<\/span><\/p>\n<p class=\"p1\"><span class=\"s1\">\ud83c\udf47 Fines d\u2019Alsace<\/span><\/p>\n<blockquote>\n<p class=\"p1\"><span class=\"s1\">\u00ab Le jour o\u00f9 le vigneron vide les barriques, je vais au vignoble, s\u00e9lectionne les barriques qui me paraissent les plus int\u00e9ressantes et les remplis de whisky. \u00bb <em>P. N. Mersiol.<\/em><\/span><\/p>\n<\/blockquote>\n<\/td>\n<\/tr>\n<tr>\n<td class=\"td13\" valign=\"middle\">\n<p class=\"p1\"><span class=\"s1\">Donn\u00e9es<br \/>\nTerritoriales<\/span><\/p>\n<\/td>\n<td class=\"td14\" valign=\"middle\">\n<p class=\"p1\"><span class=\"s1\">Climat\u00a0: continental<\/span><\/p>\n<\/td>\n<\/tr>\n<\/tbody>\n<\/table>\n<p class=\"jetpack-slideshow-noscript robots-nocontent\">Ce diaporama n\u00e9cessite JavaScript.<\/p><div id=\"gallery-5085-1-slideshow\" class=\"jetpack-slideshow-window jetpack-slideshow jetpack-slideshow-black\" data-trans=\"fade\" data-autostart=\"1\" data-gallery=\"[{&quot;src&quot;:&quot;https:\\\/\\\/whisky-francais.com\\\/wp-content\\\/uploads\\\/2020\\\/03\\\/IMG_2871-min-1.jpg&quot;,&quot;id&quot;:&quot;5089&quot;,&quot;title&quot;:&quot;IMG_2871-min&quot;,&quot;alt&quot;:&quot;&quot;,&quot;caption&quot;:&quot;&quot;,&quot;itemprop&quot;:&quot;image&quot;},{&quot;src&quot;:&quot;https:\\\/\\\/whisky-francais.com\\\/wp-content\\\/uploads\\\/2020\\\/03\\\/IMG_2870-min-1.jpg&quot;,&quot;id&quot;:&quot;5088&quot;,&quot;title&quot;:&quot;IMG_2870-min&quot;,&quot;alt&quot;:&quot;&quot;,&quot;caption&quot;:&quot;&quot;,&quot;itemprop&quot;:&quot;image&quot;},{&quot;src&quot;:&quot;https:\\\/\\\/whisky-francais.com\\\/wp-content\\\/uploads\\\/2020\\\/03\\\/P1020584-min-1-scaled.jpg&quot;,&quot;id&quot;:&quot;5091&quot;,&quot;title&quot;:&quot;P1020584-min&quot;,&quot;alt&quot;:&quot;&quot;,&quot;caption&quot;:&quot;&quot;,&quot;itemprop&quot;:&quot;image&quot;},{&quot;src&quot;:&quot;https:\\\/\\\/whisky-francais.com\\\/wp-content\\\/uploads\\\/2020\\\/03\\\/P1020522-min-1-scaled.jpg&quot;,&quot;id&quot;:&quot;5090&quot;,&quot;title&quot;:&quot;P1020522-min&quot;,&quot;alt&quot;:&quot;&quot;,&quot;caption&quot;:&quot;&quot;,&quot;itemprop&quot;:&quot;image&quot;},{&quot;src&quot;:&quot;https:\\\/\\\/whisky-francais.com\\\/wp-content\\\/uploads\\\/2020\\\/03\\\/P1020544-min-scaled.jpg&quot;,&quot;id&quot;:&quot;5087&quot;,&quot;title&quot;:&quot;P1020544-min&quot;,&quot;alt&quot;:&quot;&quot;,&quot;caption&quot;:&quot;&quot;,&quot;itemprop&quot;:&quot;image&quot;},{&quot;src&quot;:&quot;https:\\\/\\\/whisky-francais.com\\\/wp-content\\\/uploads\\\/2020\\\/03\\\/P1020539-min-scaled.jpg&quot;,&quot;id&quot;:&quot;5086&quot;,&quot;title&quot;:&quot;P1020539-min&quot;,&quot;alt&quot;:&quot;&quot;,&quot;caption&quot;:&quot;&quot;,&quot;itemprop&quot;:&quot;image&quot;},{&quot;src&quot;:&quot;https:\\\/\\\/whisky-francais.com\\\/wp-content\\\/uploads\\\/2020\\\/03\\\/P1020594-min-1-scaled.jpg&quot;,&quot;id&quot;:&quot;5092&quot;,&quot;title&quot;:&quot;P1020594-min&quot;,&quot;alt&quot;:&quot;&quot;,&quot;caption&quot;:&quot;&quot;,&quot;itemprop&quot;:&quot;image&quot;},{&quot;src&quot;:&quot;https:\\\/\\\/whisky-francais.com\\\/wp-content\\\/uploads\\\/2020\\\/03\\\/P1020607-min-1-scaled.jpg&quot;,&quot;id&quot;:&quot;5093&quot;,&quot;title&quot;:&quot;P1020607-min&quot;,&quot;alt&quot;:&quot;&quot;,&quot;caption&quot;:&quot;&quot;,&quot;itemprop&quot;:&quot;image&quot;}]\" itemscope itemtype=\"https:\/\/schema.org\/ImageGallery\"><\/div>\n<p class=\"p1\">\n","protected":false},"excerpt":{"rendered":"<p>Statut Production stopp\u00e9e. Fermeture le 30 Novembre 2019 Localisation \ud83d\udceb 5 Route d\u2019Ebersheim 67650 Dambach-la-Ville Dates Cl\u00e9s 1980 &#8211;\u00a0cr\u00e9ation de<\/p>\n","protected":false},"author":2,"featured_media":5079,"parent":0,"menu_order":0,"comment_status":"closed","ping_status":"closed","template":"","meta":{"jetpack_post_was_ever_published":false,"footnotes":""},"class_list":["post-5085","page","type-page","status-publish","has-post-thumbnail","hentry"],"jetpack_sharing_enabled":true,"jetpack_shortlink":"https:\/\/wp.me\/P8oZPa-1k1","jetpack-related-posts":[{"id":7275,"url":"https:\/\/whisky-francais.com\/index.php\/distillerie-fdc-bale-bro\/","url_meta":{"origin":5085,"position":0},"title":"Distillerie FDC (Bale Bro)","date":"3 juin 2024","format":false,"excerpt":"Depuis peu, l\u2019IGP whisky Breton s\u2019est \u00e9toff\u00e9 avec l\u2019arriv\u00e9e d\u2019un nouvel acteur. Apr\u00e8s l\u2019orge et le bl\u00e9 noir, c\u2019est de Ma\u00efs dont il est question avec la distillerie FDC, un acronyme pour France distillerie Chili.\u00a0 Statut \u00a0En production Localisation \u00a07 Rue Rosemonde G\u00e9rard, 29850 Gouesnou Volume de Production NA Dates\u2026","rel":"","context":"Article similaire","img":{"alt_text":"","src":"https:\/\/i0.wp.com\/whisky-francais.com\/wp-content\/uploads\/2024\/06\/bale-bro-whisky-distillerie-fdc.png?resize=350%2C200&ssl=1","width":350,"height":200},"classes":[]},{"id":3810,"url":"https:\/\/whisky-francais.com\/index.php\/distilleries\/domaine-mabillot\/","url_meta":{"origin":5085,"position":1},"title":"Domaine Mabillot","date":"2 novembre 2018","format":false,"excerpt":"\u00c0 l\u2019origine producteur de c\u00e9r\u00e9ales, Le Domaine Mabillot diversifie son activit\u00e9 dans les ann\u00e9es 1990 en acqu\u00e9rant un vignoble situ\u00e9 au c\u0153ur de l\u2019appellation Reuilly. C\u2019est sous l\u2019impulsion de Matthieu et Renaud \u2013 fils du fondateur \u2013 que le Domaine entame un nouveau chapitre en 2018 en s\u2019\u00e9quipant d\u2019un alambic\u2026","rel":"","context":"Article similaire","img":{"alt_text":"Domaine Mabillot, Sainte Lizaigne, Centre-Val de Loire, France, Reuilly, Renaud Mabillot, Matthieu Mabillot, ferme-distillerie, distillerie, orge, Holstein, whisky Fran\u00e7ais, French whisky, whisky, d\u00e9gustation, Matthieu Acar, Xavier Brevet, Lilya Sekkal, masterclass, Paris, atelier.","src":"https:\/\/i0.wp.com\/whisky-francais.com\/wp-content\/uploads\/2018\/11\/MABILLOT.jpg?resize=350%2C200&ssl=1","width":350,"height":200},"classes":[]},{"id":3427,"url":"https:\/\/whisky-francais.com\/index.php\/distilleries\/la-fabrique-des-bieres-danjou\/","url_meta":{"origin":5085,"position":2},"title":"LA FABRIQUE DES BI\u00c8RES D&rsquo;ANJOU dite LA PIAUTRE","date":"22 f\u00e9vrier 2018","format":false,"excerpt":"La Fabrique des Bi\u00e8res d'Anjou aussi connue sous le nom de La Piautre, est une brasserie-malterie-distillerie fran\u00e7aise nich\u00e9e sur les bords de la Loire. Fier de son territoire et des ressources qui en d\u00e9coulent, Vincent Leli\u00e8vre montre une vive volont\u00e9 de ne travailler qu'avec des produits de la r\u00e9gion. \u00ab\u00a0Nous\u2026","rel":"","context":"Article similaire","img":{"alt_text":"Fabrique des Bi\u00e8res d'Anjou, brasserie, malterie, distillerie, la Gare, Loire, Vincent Leli\u00e8vre, Gilles Boudier, Yann Leroux, agriculture biologique, Single Malt, Single Malt Tourb\u00e9, Rye, orge, seigle, grand \u00e9peautre, alambic, chenin, C\u00f4teaux de l'Aubance, C\u00f4teaux du layon, whisky Fran\u00e7ais, French Whisky, malt, Matthieu Acar, Xavier Brevet, d\u00e9gustation, whisky, masterclass, acad\u00e9mie, Paris, atelier, d\u00e9gustation, whisky","src":"https:\/\/i0.wp.com\/whisky-francais.com\/wp-content\/uploads\/2018\/02\/05-Logos-La-Piautre.jpg?resize=350%2C200&ssl=1","width":350,"height":200},"classes":[]},{"id":5193,"url":"https:\/\/whisky-francais.com\/index.php\/distilleries\/nusbaumer\/","url_meta":{"origin":5085,"position":3},"title":"Nusbaumer (en projet)","date":"13 avril 2020","format":false,"excerpt":"Distillerie artisanale ind\u00e9pendante d\u00e9sormais Entreprise du Patrimoine Vivant, Nusbaumer s\u2019est distingu\u00e9e sur la sc\u00e8ne whisky en signant un partenariat in\u00e9dit avec Gilbert Holl.\u00a0 Statut : En cours de productionLocalisation : 23 Grand Rue 67220 Steige Dates Cl\u00e9s : 1947 - cr\u00e9ation de la distillerie Nusbaumer Avril 2018 - Reprise de\u2026","rel":"","context":"Article similaire","img":{"alt_text":"","src":"","width":0,"height":0},"classes":[]},{"id":971,"url":"https:\/\/whisky-francais.com\/index.php\/distilleries\/bercloux\/","url_meta":{"origin":5085,"position":4},"title":"Bercloux","date":"23 avril 2017","format":false,"excerpt":"Statut Localisation 16 Rue de la Mairie, 17770 Bercloux 0\u00b028'13 >> O \/ 45\u00b050'5 >> N Volume de Production Dates Cl\u00e9s Ann\u00e9es 1990 : Philippe Laclie et amis ach\u00e8tent des kits de brassage et cr\u00e9\u00e9s une association pour promouvoir la bi\u00e8re dans la r\u00e9gion. Le mouvement craft en est \u00e0\u2026","rel":"","context":"Article similaire","img":{"alt_text":"","src":"https:\/\/i0.wp.com\/whisky-francais.com\/wp-content\/uploads\/2023\/08\/single-malt-bercloux-evolution.jpg?resize=350%2C200&ssl=1","width":350,"height":200},"classes":[]},{"id":5536,"url":"https:\/\/whisky-francais.com\/index.php\/distillerie-franc-tireur\/","url_meta":{"origin":5085,"position":5},"title":"Distillerie Franc-Tireur","date":"16 octobre 2020","format":false,"excerpt":"\u00ab\u00a0Petit, mes parents et grands-parents m\u2019emmenaient acheter du vin chez les viticulteurs. Nous restions pendant des heures \u00e0 visiter les chais et \u00e0 tout go\u00fbter avant de repartir le coffre plein de bouteilles. Je suis tomb\u00e9 dedans \u00e9tant tout jeune, mais le coup de foudre pour les spiritueux a v\u00e9ritablement\u2026","rel":"","context":"Article similaire","img":{"alt_text":"","src":"https:\/\/i0.wp.com\/whisky-francais.com\/wp-content\/uploads\/2020\/10\/Franc-Tireur_distillerie_2020_09255.jpeg?resize=350%2C200&ssl=1","width":350,"height":200},"classes":[]}],"_links":{"self":[{"href":"https:\/\/whisky-francais.com\/index.php\/wp-json\/wp\/v2\/pages\/5085"}],"collection":[{"href":"https:\/\/whisky-francais.com\/index.php\/wp-json\/wp\/v2\/pages"}],"about":[{"href":"https:\/\/whisky-francais.com\/index.php\/wp-json\/wp\/v2\/types\/page"}],"author":[{"embeddable":true,"href":"https:\/\/whisky-francais.com\/index.php\/wp-json\/wp\/v2\/users\/2"}],"replies":[{"embeddable":true,"href":"https:\/\/whisky-francais.com\/index.php\/wp-json\/wp\/v2\/comments?post=5085"}],"version-history":[{"count":3,"href":"https:\/\/whisky-francais.com\/index.php\/wp-json\/wp\/v2\/pages\/5085\/revisions"}],"predecessor-version":[{"id":5096,"href":"https:\/\/whisky-francais.com\/index.php\/wp-json\/wp\/v2\/pages\/5085\/revisions\/5096"}],"wp:featuredmedia":[{"embeddable":true,"href":"https:\/\/whisky-francais.com\/index.php\/wp-json\/wp\/v2\/media\/5079"}],"wp:attachment":[{"href":"https:\/\/whisky-francais.com\/index.php\/wp-json\/wp\/v2\/media?parent=5085"}],"curies":[{"name":"wp","href":"https:\/\/api.w.org\/{rel}","templated":true}]}}