{"id":5152,"date":"2020-04-07T16:29:32","date_gmt":"2020-04-07T14:29:32","guid":{"rendered":"http:\/\/whisky-francais.com\/?page_id=5152"},"modified":"2020-04-07T16:29:33","modified_gmt":"2020-04-07T14:29:33","slug":"la-fabrique-a-alcools","status":"publish","type":"page","link":"https:\/\/whisky-francais.com\/index.php\/distilleries\/la-fabrique-a-alcools\/","title":{"rendered":"La Fabrique \u00e0 Alcools"},"content":{"rendered":"\n<p>Non loin de Paris, dans le d\u00e9partement de l&rsquo;Essonne se trouve la fabrique \u00e0 Alcools, un nom plut\u00f4t \u00e9vocateur pour une distillerie !<\/p>\n<p>Initi\u00e9e par Eric ESNAULT et Christophe ASTORRI en 2017, la fabrique commence \u00e0 produire d\u00e8s 2018.<\/p>\n<table style=\"width: 100%; height: 3280px;\" width=\"633\">\n<tbody>\n<tr style=\"height: 87px;\">\n<td style=\"height: 87px;\" width=\"160\">\n<p>Statut<\/p>\n<\/td>\n<td style=\"height: 87px;\" width=\"473\">\n<p>Distille son propre whisky depuis fin 2017<\/p>\n<\/td>\n<\/tr>\n<tr style=\"height: 144px;\">\n<td style=\"height: 144px;\" width=\"160\">\n<p>Localisation<\/p>\n<\/td>\n<td style=\"height: 144px;\" width=\"473\">\n<p>Ferme de Fromenteau<\/p>\n<p>91470 Pecqueuse<\/p>\n<\/td>\n<\/tr>\n<tr style=\"height: 116px;\">\n<td style=\"height: 116px;\" width=\"160\">\n<p>Volume de Production<\/p>\n<\/td>\n<td style=\"height: 116px;\" width=\"473\">\u00a0<\/td>\n<\/tr>\n<tr style=\"height: 256px;\">\n<td style=\"height: 256px;\" width=\"160\">\n<p>Dates Cl\u00e9s<\/p>\n<\/td>\n<td style=\"height: 256px;\" width=\"473\">\n<p><strong>2017\u00a0:<\/strong> Cr\u00e9ation de la distillerie<\/p>\n<p><strong>D\u00e9cembre 2017 :<\/strong> premi\u00e8res distillation<\/p>\n<p><strong>2018\u00a0:<\/strong> Premi\u00e8res commercialisations spiritueux<\/p>\n<p><strong>2021\u00a0:<\/strong> Premier Whisky<\/p>\n<\/td>\n<\/tr>\n<tr style=\"height: 368px;\">\n<td style=\"height: 368px;\" width=\"160\">\n<p>Personnages Cl\u00e9s<\/p>\n<\/td>\n<td style=\"height: 368px;\" width=\"473\">\n<p><strong>\u00c9ric Esnault\u00a0:<\/strong> Cofondateur<\/p>\n<p>\u00a0<\/p>\n<p><strong>Christophe Astorri :<\/strong> Cofondateur<\/p>\n<p>\u00a0<\/p>\n<p><strong>Corentin Esnault :<\/strong> Ma\u00eetre distillateur<\/p>\n<p><strong>\u00a0<\/strong><\/p>\n<\/td>\n<\/tr>\n<tr style=\"height: 677px;\">\n<td style=\"height: 677px;\" width=\"160\">\n<p>Gamme<\/p>\n<\/td>\n<td style=\"height: 677px;\" width=\"473\">\n<p>Le premier whisky verra le jour en 2021. D\u2019ici l\u00e0, la Fabrique \u00e0 Alcools propose d&rsquo;autres spiritueux :<\/p>\n<p>Gin Vibration, 43\u00b0(Geni\u00e8vre, coriandre, cardamome, verveine, m\u00e9lisse, menthe, agrumes&#8230;)<\/p>\n<p>Gin La Fabrique \u00e0 Alcools (Geni\u00e8vre, Coriandre, citron, verveine&#8230;)<\/p>\n<p>Gin Wizz (agrumes (zestes frais) et \u00e9pices sur une base d&rsquo;alcool de bl\u00e9)<\/p>\n<p>Vodka Magma, 40\u00b0(Vodka infus\u00e9 des Graines de Paradis (aussi appel\u00e9e Maniguette ou Poivre de Guin\u00e9e)<\/p>\n<p>Vodka La Fabrique \u00e0 Alcools<\/p>\n<p>Vodka GlaGla<\/p>\n<p>L\u2019Esprit de Bi\u00e8re (Distillation de IPA sous S\u00e9nart de la Brasserie Parisis)<\/p>\n<\/td>\n<\/tr>\n<tr style=\"height: 87px;\">\n<td style=\"height: 87px;\" width=\"160\">\n<p>Eau<\/p>\n<\/td>\n<td style=\"height: 87px;\" width=\"473\">\u00a0<\/td>\n<\/tr>\n<tr style=\"height: 144px;\">\n<td style=\"height: 144px;\" width=\"160\">\n<p>C\u00e9r\u00e9ale(s)<\/p>\n<\/td>\n<td style=\"height: 144px;\" width=\"473\">\n<p>Orge malt\u00e9e<\/p>\n<p>(Bl\u00e9 pour les gins et vodkas)<\/p>\n<\/td>\n<\/tr>\n<tr style=\"height: 87px;\">\n<td style=\"height: 87px;\" width=\"160\">\n<p>Levures<\/p>\n<\/td>\n<td style=\"height: 87px;\" width=\"473\">\u00a0<\/td>\n<\/tr>\n<tr style=\"height: 256px;\">\n<td style=\"height: 256px;\" width=\"160\">\n<p>Alambic(s)<\/p>\n<\/td>\n<td style=\"height: 256px;\" width=\"473\">\n<p>La distillerie dispose de deux alambics Holstein.<\/p>\n<p>\u00b7\u00a0\u00a0\u00a0\u00a0\u00a0\u00a0\u00a0\u00a0 Chantal, un alambic de 300 Litres utilis\u00e9 pour le GIN<\/p>\n<p>\u00b7\u00a0\u00a0\u00a0\u00a0\u00a0\u00a0\u00a0\u00a0 Et Marie, un autre de 1200 Litres utilis\u00e9 pour le whisky et la vodka.<\/p>\n<\/td>\n<\/tr>\n<tr style=\"height: 257px;\">\n<td style=\"height: 257px;\" width=\"160\">\n<p>Distillation<\/p>\n<\/td>\n<td style=\"height: 257px;\" width=\"473\">\n<p>L\u2019alambic de la Fabrique \u00e0 Alcools permet de travailler en double distillation classique ou bien en distillation simple avec une colonne.<\/p>\n<p>La distillerie utilise les deux proc\u00e9d\u00e9s pour obtenir des styles de whisky diff\u00e9rents. Un plus l\u00e9ger, l\u2019autre plus lourd.<\/p>\n<\/td>\n<\/tr>\n<tr style=\"height: 228px;\">\n<td style=\"height: 228px;\" width=\"160\">\n<p>Type de Chai<\/p>\n<\/td>\n<td style=\"height: 228px;\" width=\"473\">\n<p>Temp\u00e9rature non r\u00e9gul\u00e9e, les f\u00fbts reposent sous une structure en pierre et en taule.<\/p>\n<p>Les variations de temp\u00e9ratures sont de grande amplitude et la part des anges y est tr\u00e8s \u00e9lev\u00e9e, de l\u2019ordre de 5%.<\/p>\n<\/td>\n<\/tr>\n<tr style=\"height: 227px;\">\n<td style=\"height: 227px;\" width=\"160\">\n<p>F\u00fbts<\/p>\n<\/td>\n<td style=\"height: 227px;\" width=\"473\">\n<p>F\u00fbts de bourbon<\/p>\n<p>F\u00fbts STR (la distillerie travail beaucoup sur les chauffes)<\/p>\n<p>F\u00fbts de bi\u00e8res<\/p>\n<\/td>\n<\/tr>\n<tr style=\"height: 172px;\">\n<td style=\"height: 172px;\" width=\"160\">\n<p>Donn\u00e9es Territoriales<\/p>\n<\/td>\n<td style=\"height: 172px;\" width=\"473\">\n<p>Pecqueuse est situ\u00e9e en \u00cele-de-France et b\u00e9n\u00e9ficie d&rsquo;un climat oc\u00e9anique d\u00e9grad\u00e9, caract\u00e9ris\u00e9 par des hivers frais, des \u00e9t\u00e9s doux et des pr\u00e9cipitations \u00e9galement r\u00e9parties sur l&rsquo;ann\u00e9e.<\/p>\n<\/td>\n<\/tr>\n<tr style=\"height: 87px;\">\n<td style=\"height: 87px;\" width=\"160\">\n<p>Notes<\/p>\n<\/td>\n<td style=\"height: 87px;\" width=\"473\">\u00a0<\/td>\n<\/tr>\n<tr style=\"height: 87px;\">\n<td style=\"height: 87px;\" width=\"160\">\n<p>Site Web<\/p>\n<\/td>\n<td style=\"height: 87px;\" width=\"473\">\n<p><a href=\"http:\/\/www.lafabriqueaalcools.com\/\">www.lafabriqueaalcools.com\/<\/a><\/p>\n<\/td>\n<\/tr>\n<\/tbody>\n<\/table>\n<p><img loading=\"lazy\" decoding=\"async\" data-attachment-id=\"5156\" data-permalink=\"https:\/\/whisky-francais.com\/index.php\/distilleries\/la-fabrique-a-alcools\/la-fabrique-a-alcools-whisky-francais-2\/\" data-orig-file=\"https:\/\/whisky-francais.com\/wp-content\/uploads\/2020\/04\/La-fabrique-a-alcools-whisky-fran\u00e7ais-2-scaled.jpg\" data-orig-size=\"2560,1202\" data-comments-opened=\"0\" data-image-meta=\"{&quot;aperture&quot;:&quot;1.9&quot;,&quot;credit&quot;:&quot;&quot;,&quot;camera&quot;:&quot;SM-A520F&quot;,&quot;caption&quot;:&quot;&quot;,&quot;created_timestamp&quot;:&quot;1583753176&quot;,&quot;copyright&quot;:&quot;&quot;,&quot;focal_length&quot;:&quot;3.6&quot;,&quot;iso&quot;:&quot;320&quot;,&quot;shutter_speed&quot;:&quot;0.058823529411765&quot;,&quot;title&quot;:&quot;&quot;,&quot;orientation&quot;:&quot;1&quot;}\" data-image-title=\"La fabrique a alcools whisky fran\u00e7ais 2\" data-image-description=\"\" data-image-caption=\"\" data-medium-file=\"https:\/\/whisky-francais.com\/wp-content\/uploads\/2020\/04\/La-fabrique-a-alcools-whisky-fran\u00e7ais-2-300x141.jpg\" data-large-file=\"https:\/\/whisky-francais.com\/wp-content\/uploads\/2020\/04\/La-fabrique-a-alcools-whisky-fran\u00e7ais-2-1024x481.jpg\" class=\"alignnone wp-image-5156 size-full\" src=\"https:\/\/whisky-francais.com\/wp-content\/uploads\/2020\/04\/La-fabrique-a-alcools-whisky-fran\u00e7ais-2-scaled.jpg\" alt=\"\" width=\"2560\" height=\"1202\" srcset=\"https:\/\/whisky-francais.com\/wp-content\/uploads\/2020\/04\/La-fabrique-a-alcools-whisky-fran\u00e7ais-2-scaled.jpg 2560w, https:\/\/whisky-francais.com\/wp-content\/uploads\/2020\/04\/La-fabrique-a-alcools-whisky-fran\u00e7ais-2-300x141.jpg 300w, https:\/\/whisky-francais.com\/wp-content\/uploads\/2020\/04\/La-fabrique-a-alcools-whisky-fran\u00e7ais-2-1024x481.jpg 1024w, https:\/\/whisky-francais.com\/wp-content\/uploads\/2020\/04\/La-fabrique-a-alcools-whisky-fran\u00e7ais-2-768x361.jpg 768w, https:\/\/whisky-francais.com\/wp-content\/uploads\/2020\/04\/La-fabrique-a-alcools-whisky-fran\u00e7ais-2-1536x721.jpg 1536w, https:\/\/whisky-francais.com\/wp-content\/uploads\/2020\/04\/La-fabrique-a-alcools-whisky-fran\u00e7ais-2-2048x962.jpg 2048w\" sizes=\"(max-width: 2560px) 100vw, 2560px\" \/><\/p>\n","protected":false},"excerpt":{"rendered":"<p>Non loin de Paris, dans le d\u00e9partement de l&rsquo;Essonne se trouve la fabrique \u00e0 Alcools, un nom plut\u00f4t \u00e9vocateur pour<\/p>\n","protected":false},"author":1,"featured_media":5153,"parent":56,"menu_order":0,"comment_status":"closed","ping_status":"closed","template":"","meta":{"jetpack_post_was_ever_published":false,"footnotes":""},"class_list":["post-5152","page","type-page","status-publish","has-post-thumbnail","hentry"],"jetpack_sharing_enabled":true,"jetpack_shortlink":"https:\/\/wp.me\/P8oZPa-1l6","jetpack-related-posts":[{"id":3427,"url":"https:\/\/whisky-francais.com\/index.php\/distilleries\/la-fabrique-des-bieres-danjou\/","url_meta":{"origin":5152,"position":0},"title":"LA FABRIQUE DES BI\u00c8RES D&rsquo;ANJOU dite LA PIAUTRE","date":"22 f\u00e9vrier 2018","format":false,"excerpt":"La Fabrique des Bi\u00e8res d'Anjou aussi connue sous le nom de La Piautre, est une brasserie-malterie-distillerie fran\u00e7aise nich\u00e9e sur les bords de la Loire. Fier de son territoire et des ressources qui en d\u00e9coulent, Vincent Leli\u00e8vre montre une vive volont\u00e9 de ne travailler qu'avec des produits de la r\u00e9gion. \u00ab\u00a0Nous\u2026","rel":"","context":"Article similaire","img":{"alt_text":"Fabrique des Bi\u00e8res d'Anjou, brasserie, malterie, distillerie, la Gare, Loire, Vincent Leli\u00e8vre, Gilles Boudier, Yann Leroux, agriculture biologique, Single Malt, Single Malt Tourb\u00e9, Rye, orge, seigle, grand \u00e9peautre, alambic, chenin, C\u00f4teaux de l'Aubance, C\u00f4teaux du layon, whisky Fran\u00e7ais, French Whisky, malt, Matthieu Acar, Xavier Brevet, d\u00e9gustation, whisky, masterclass, acad\u00e9mie, Paris, atelier, d\u00e9gustation, whisky","src":"https:\/\/i0.wp.com\/whisky-francais.com\/wp-content\/uploads\/2018\/02\/05-Logos-La-Piautre.jpg?resize=350%2C200&ssl=1","width":350,"height":200},"classes":[]},{"id":4092,"url":"https:\/\/whisky-francais.com\/index.php\/distilleries\/moby-dick\/","url_meta":{"origin":5152,"position":1},"title":"Moby Dick","date":"12 f\u00e9vrier 2019","format":false,"excerpt":"\u00ab\u00a0Dans le whisky il y a un c\u00f4t\u00e9 qui donne le vertige. Nous sommes dans des \u00e9chelles qui donnent un autre aper\u00e7u du temps, du go\u00fbt et des saveurs.\u00a0\u00bb \u00c9tienne Jacques. Avec son r\u00e9cent emm\u00e9nagement en Bretagne, la distillerie Moby Dick ajoute une nouvelle corde \u00e0 son arc avec la\u2026","rel":"","context":"Article similaire","img":{"alt_text":"Moby Dick, \u00c9tienne Jacques, Plogoff, The Sky, Whisky Fran\u00e7ais, Lilya Sekkal, French Whisky, Matthieu Acar, Xavier Brevet, d\u00e9gustation, whisky, masterclass, Paris, atelier, d\u00e9gustation","src":"https:\/\/i0.wp.com\/whisky-francais.com\/wp-content\/uploads\/2019\/02\/MD2-1.jpg?resize=350%2C200&ssl=1","width":350,"height":200},"classes":[]},{"id":5988,"url":"https:\/\/whisky-francais.com\/index.php\/distillerie-du-cotentin\/","url_meta":{"origin":5152,"position":2},"title":"Distillerie du Cotentin","date":"11 avril 2021","format":false,"excerpt":"Derni\u00e8re mise \u00e0 jour : Octobre 2025 Laurence Giraud \u00e0 Saint-Germain-le-Gaillard le 3 mars 2021. Micro distillerie produisant du whisky et de l'alcool d'orge malt\u00e9e issue de l'agriculture locale. Le parcours de Laurence est atypique et provient d\u2019histoires de rencontres ! Elle passe de quelques belles ann\u00e9es dans l\u2019\u00e9ducation populaire,\u2026","rel":"","context":"Article similaire","img":{"alt_text":"","src":"https:\/\/i0.wp.com\/whisky-francais.com\/wp-content\/uploads\/2021\/04\/distillerie-du-cotentin-3-1-scaled.jpg?resize=350%2C200&ssl=1","width":350,"height":200},"classes":[]},{"id":3935,"url":"https:\/\/whisky-francais.com\/index.php\/distilleries\/la-mine-dor\/","url_meta":{"origin":5152,"position":3},"title":"La Mine d&rsquo;Or","date":"13 d\u00e9cembre 2018","format":false,"excerpt":"Cr\u00e9\u00e9e en 2016 par St\u00e9phane Kerdod\u00e9, la distillerie de La Mine d\u2019Or s\u2019appuie sur le savoir-faire et l\u2019exp\u00e9rience de la brasserie Lancelot dans la confection de son whisky. C\u2019est \u00e0 travers cette activit\u00e9 que la distillerie redonne vie \u00e0 un site o\u00f9 s\u2019activaient jadis des centaines de mineurs en qu\u00eate\u2026","rel":"","context":"Article similaire","img":{"alt_text":"","src":"https:\/\/i0.wp.com\/whisky-francais.com\/wp-content\/uploads\/2018\/12\/LMD1-min.jpg?resize=350%2C200","width":350,"height":200},"classes":[]},{"id":56,"url":"https:\/\/whisky-francais.com\/index.php\/distilleries\/","url_meta":{"origin":5152,"position":4},"title":"Producteurs \/ Distilleries","date":"11 f\u00e9vrier 2017","format":false,"excerpt":"Auvergne-Rh\u00f4ne-Alpes Distillerie du Drac Distillerie des Bughes Distillerie du Vercors Domaine des Hautes Glaces Distillerie des Hautes Terres AlpSpirits (ferm\u00e9e) Monsieur Balthazar Mont Blanc Ninkasi O\u2019Baptiste (Ne produit plus de whisky) Bourgogne-Franche-Comt\u00e9 Br\u00fblerie du Revermont Michel Couvreur Rouget de Lisle Bretagne La Bambelle Distillerie des Menhirs Distillerie FDC (Bale Bro)\u2026","rel":"","context":"Article similaire","img":{"alt_text":"","src":"","width":0,"height":0},"classes":[]},{"id":473,"url":"https:\/\/whisky-francais.com\/index.php\/distilleries\/ergaster\/","url_meta":{"origin":5152,"position":5},"title":"Ergaster","date":"5 mars 2017","format":false,"excerpt":"La distillerie Ergaster c'est avant tout l'histoire d'une reconversion professionnelle r\u00e9ussie\u00a0! Pour cela, associer les ingr\u00e9dients suivants\u00a0: Un ing\u00e9nieur en g\u00e9nie chimique Un go\u00fbt certain de ce dernier pour les spiritueux L\u2019amiti\u00e9 qu\u2019il partage avec un brasseur (Uberach) Patientez un an et demi (le temps qu\u2019il se forme et acquiert\u2026","rel":"","context":"Article similaire","img":{"alt_text":"France, Ergaster, Passel, Oise, Herv\u00e9 Grangeon, orge malt\u00e9e, Uberach, Stupfler, f\u00fbt roux de Cognac, Banyuls, Vins de France, whisky Fran\u00e7ais, French whisky, atelier, d\u00e9gustation, whisky","src":"https:\/\/i0.wp.com\/whisky-francais.com\/wp-content\/uploads\/2017\/03\/ergasterlogo.jpg?resize=350%2C200&ssl=1","width":350,"height":200},"classes":[]}],"_links":{"self":[{"href":"https:\/\/whisky-francais.com\/index.php\/wp-json\/wp\/v2\/pages\/5152"}],"collection":[{"href":"https:\/\/whisky-francais.com\/index.php\/wp-json\/wp\/v2\/pages"}],"about":[{"href":"https:\/\/whisky-francais.com\/index.php\/wp-json\/wp\/v2\/types\/page"}],"author":[{"embeddable":true,"href":"https:\/\/whisky-francais.com\/index.php\/wp-json\/wp\/v2\/users\/1"}],"replies":[{"embeddable":true,"href":"https:\/\/whisky-francais.com\/index.php\/wp-json\/wp\/v2\/comments?post=5152"}],"version-history":[{"count":4,"href":"https:\/\/whisky-francais.com\/index.php\/wp-json\/wp\/v2\/pages\/5152\/revisions"}],"predecessor-version":[{"id":5158,"href":"https:\/\/whisky-francais.com\/index.php\/wp-json\/wp\/v2\/pages\/5152\/revisions\/5158"}],"up":[{"embeddable":true,"href":"https:\/\/whisky-francais.com\/index.php\/wp-json\/wp\/v2\/pages\/56"}],"wp:featuredmedia":[{"embeddable":true,"href":"https:\/\/whisky-francais.com\/index.php\/wp-json\/wp\/v2\/media\/5153"}],"wp:attachment":[{"href":"https:\/\/whisky-francais.com\/index.php\/wp-json\/wp\/v2\/media?parent=5152"}],"curies":[{"name":"wp","href":"https:\/\/api.w.org\/{rel}","templated":true}]}}