{"id":5180,"date":"2021-02-09T22:09:07","date_gmt":"2021-02-09T21:09:07","guid":{"rendered":"https:\/\/whisky-francais.com\/?page_id=5180"},"modified":"2021-02-09T22:09:08","modified_gmt":"2021-02-09T21:09:08","slug":"nusbaumer","status":"publish","type":"page","link":"https:\/\/whisky-francais.com\/index.php\/nusbaumer\/","title":{"rendered":"Nusbaumer"},"content":{"rendered":"<div class=\"page\" title=\"Page 4\">\n<table>\n<colgroup>\n<col \/>\n<col \/> <\/colgroup>\n<tbody>\n<tr>\n<td>\n<div class=\"layoutArea\">\n<div class=\"column\">\n<p><strong>Statut<\/strong><\/p>\n<\/div>\n<\/div>\n<\/td>\n<td>\n<div class=\"layoutArea\">\n<div class=\"column\">\n<p>En cours de production<\/p>\n<\/div>\n<\/div>\n<\/td>\n<\/tr>\n<tr>\n<td>\n<div class=\"layoutArea\">\n<div class=\"column\">\n<p><strong>Localisation<\/strong><\/p>\n<\/div>\n<\/div>\n<\/td>\n<td>\n<div class=\"layoutArea\">\n<div class=\"column\">\n<p>\ud83d\udcec\u00a0 23 Grand Rue 67220 Steige<\/p>\n<\/div>\n<\/div>\n<\/td>\n<\/tr>\n<tr>\n<td>\n<div class=\"layoutArea\">\n<div class=\"column\">\n<p><strong>Dates Cle\u0301s<\/strong><\/p>\n<\/div>\n<\/div>\n<\/td>\n<td>\n<div class=\"layoutArea\">\n<div class=\"column\">\n<p><strong>1947<\/strong> &#8211; cre\u0301ation de la distillerie Nusbaumer<\/p>\n<p><strong>Avril 2018<\/strong> &#8211; Reprise de la distillerie par Nicolas Lombard<\/p>\n<p>Septembre 2019 &#8211; Rencontre avec Gilbert Holl<\/p>\n<p><strong>De\u0301but 2020<\/strong> &#8211; De\u0301but de la collaboration avec Gilbert Holl.<\/p>\n<blockquote><p>\u00ab Nous travaillons en bino\u0302me. L\u2019approche multi ge\u0301ne\u0301rationnelle est hyper excitante. \u00bb <em>N. L.<\/em><\/p><\/blockquote>\n<p><strong>2022 \u2013 2025<\/strong> : sortie du premier Lac\u2019Holl n\u00e9 de la collaboration Nusbaumer\/Gilbert Holl.<\/p>\n<\/div>\n<\/div>\n<\/td>\n<\/tr>\n<tr>\n<td>\n<div class=\"layoutArea\">\n<div class=\"column\">\n<p><strong>Personnages Cle\u0301s<\/strong><\/p>\n<\/div>\n<\/div>\n<\/td>\n<td>\n<div class=\"layoutArea\">\n<div class=\"column\">\n<p><strong>Jos Nusbaumer<\/strong> \u2013 Fondateur de la distillerie<\/p>\n<p><strong>Nicolas Lombard<\/strong> \u2013 Directeur de la distillerie<\/p>\n<\/div>\n<\/div>\n<\/td>\n<\/tr>\n<tr>\n<td>\n<div class=\"layoutArea\">\n<div class=\"column\">\n<p><strong>Gamme<\/strong><\/p>\n<\/div>\n<\/div>\n<\/td>\n<td>\n<div class=\"layoutArea\">\n<div class=\"column\">\n<p><strong>\ud83e\udd43\u00a0 Whisky<\/strong><\/p>\n<p>&gt;&gt; Gamme en cours de re\u0301flexion.<\/p>\n<p><strong>Autres spiritueux&#8230; <\/strong><\/p>\n<p>Eaux-de-vie<br \/>\nLiqueurs<br \/>\nGin<br \/>\nAquavit<br \/>\nCre\u0300mes et Ape\u0301ritifs<\/p>\n<\/div>\n<\/div>\n<\/td>\n<\/tr>\n<tr>\n<td>\n<div class=\"layoutArea\">\n<div class=\"column\">\n<p><strong>Eau<\/strong><\/p>\n<\/div>\n<\/div>\n<\/td>\n<td>\n<div class=\"layoutArea\">\n<div class=\"column\">\n<p>Eau de source des Vosges.<\/p>\n<blockquote><p>\u00ab Nous utilisons une eau pure en provenance des sources de schiste du Climont. \u00bb <em>N. L.<\/em><\/p><\/blockquote>\n<\/div>\n<\/div>\n<\/td>\n<\/tr>\n<\/tbody>\n<\/table>\n<\/div>\n<div class=\"page\" title=\"Page 5\">\n<table>\n<colgroup>\n<col \/>\n<col \/> <\/colgroup>\n<tbody>\n<tr>\n<td>\n<div class=\"layoutArea\">\n<div class=\"column\">\n<p><strong>Ce\u0301re\u0301ales<\/strong><\/p>\n<\/div>\n<\/div>\n<\/td>\n<td>\n<div class=\"layoutArea\">\n<div class=\"column\">\n<p><strong>\ud83c\udf3e Orge<\/strong><\/p>\n<\/div>\n<\/div>\n<\/td>\n<\/tr>\n<tr>\n<td>\n<div class=\"layoutArea\">\n<div class=\"column\">\n<p><strong>Alambic et distillation<\/strong><\/p>\n<\/div>\n<\/div>\n<\/td>\n<td>\n<div class=\"layoutArea\">\n<div class=\"column\">\n<p>\u2697\ufe0f 4 alambics a\u0300 colonne Holstein d\u2019une contenance de 5000L chacun.<\/p>\n<p><strong>Un seul de ces alambics est utilise\u0301 pour la fabrication de whisky.<\/strong><\/p>\n<\/div>\n<\/div>\n<\/td>\n<\/tr>\n<tr>\n<td>\n<div class=\"layoutArea\">\n<div class=\"column\">\n<p><strong>Type de chai<\/strong><\/p>\n<\/div>\n<\/div>\n<\/td>\n<td>\n<div class=\"layoutArea\">\n<div class=\"column\">\n<p>Sec, aux variations de tempe\u0301ratures importantes entre e\u0301te\u0301 et hiver.<\/p>\n<\/div>\n<\/div>\n<\/td>\n<\/tr>\n<tr>\n<td>\n<div class=\"layoutArea\">\n<div class=\"column\">\n<p><strong>Fu\u0302ts<\/strong><\/p>\n<\/div>\n<\/div>\n<\/td>\n<td>\n<div class=\"layoutArea\">\n<div class=\"column\">\n<p>Fu\u0302t de che\u0302ne Franc\u0327ais<\/p>\n<\/div>\n<\/div>\n<\/td>\n<\/tr>\n<tr>\n<td>\n<div class=\"layoutArea\">\n<div class=\"column\">\n<p><strong>Donne\u0301es territoriales<\/strong><\/p>\n<\/div>\n<\/div>\n<\/td>\n<td>\n<div class=\"layoutArea\">\n<div class=\"column\">\n<p><strong>Climat continental<\/strong><br \/>\n\ud83c\udf21 Tempe\u0301rature moyenne : 9,1\u00b0C<br \/>\n\u2614\ufe0f Moyenne des pre\u0301cipitations annuelles : 730mm<br \/>\n\u26f0 Altitude : 516m<\/p>\n<\/div>\n<\/div>\n<\/td>\n<\/tr>\n<tr>\n<td>\n<div class=\"layoutArea\">\n<div class=\"column\">\n<p><strong>Sites internet<\/strong><\/p>\n<\/div>\n<\/div>\n<\/td>\n<td>\n<div class=\"layoutArea\">\n<div class=\"column\">\n<p><a href=\"https:\/\/www.jos-nusbaumer.com\/\">https:\/\/www.jos-nusbaumer.com\/<\/a><\/p>\n<\/div>\n<\/div>\n<\/td>\n<\/tr>\n<\/tbody>\n<\/table>\n<\/div>\n","protected":false},"excerpt":{"rendered":"<p>Statut En cours de production Localisation \ud83d\udcec\u00a0 23 Grand Rue 67220 Steige Dates Cle\u0301s 1947 &#8211; cre\u0301ation de la distillerie<\/p>\n","protected":false},"author":2,"featured_media":0,"parent":0,"menu_order":0,"comment_status":"closed","ping_status":"closed","template":"","meta":{"jetpack_post_was_ever_published":false,"footnotes":""},"class_list":["post-5180","page","type-page","status-publish","hentry"],"jetpack_sharing_enabled":true,"jetpack_shortlink":"https:\/\/wp.me\/P8oZPa-1ly","jetpack-related-posts":[{"id":5193,"url":"https:\/\/whisky-francais.com\/index.php\/distilleries\/nusbaumer\/","url_meta":{"origin":5180,"position":0},"title":"Nusbaumer (en projet)","date":"13 avril 2020","format":false,"excerpt":"Distillerie artisanale ind\u00e9pendante d\u00e9sormais Entreprise du Patrimoine Vivant, Nusbaumer s\u2019est distingu\u00e9e sur la sc\u00e8ne whisky en signant un partenariat in\u00e9dit avec Gilbert Holl.\u00a0 Statut : En cours de productionLocalisation : 23 Grand Rue 67220 Steige Dates Cl\u00e9s : 1947 - cr\u00e9ation de la distillerie Nusbaumer Avril 2018 - Reprise de\u2026","rel":"","context":"Article similaire","img":{"alt_text":"","src":"","width":0,"height":0},"classes":[]},{"id":112,"url":"https:\/\/whisky-francais.com\/index.php\/distilleries\/gilbert-holl\/","url_meta":{"origin":5180,"position":1},"title":"Gilbert Holl (ferm\u00e9e)","date":"17 f\u00e9vrier 2017","format":false,"excerpt":"La distillerie Holl n'est plus active, n\u00e9anmoins l'\u00c9pop\u00e9e du premier distillateur de whisky alsacien continu ! Voir la page : Nusbaumer C\u2019est \u00e0 la lisi\u00e8re de Ribeauville, dans une micro-distillerie situ\u00e9e au nord du parc naturel r\u00e9gional des Ballons des Vosges, que Gilbert Holl confectionne avec une attention toute particuli\u00e8re\u2026","rel":"","context":"Article similaire","img":{"alt_text":"","src":"https:\/\/i0.wp.com\/whisky-francais.com\/wp-content\/uploads\/2017\/02\/GilbertHoll.jpeg?resize=350%2C200&ssl=1","width":350,"height":200},"classes":[]},{"id":56,"url":"https:\/\/whisky-francais.com\/index.php\/distilleries\/","url_meta":{"origin":5180,"position":2},"title":"Producteurs \/ Distilleries","date":"11 f\u00e9vrier 2017","format":false,"excerpt":"Auvergne-Rh\u00f4ne-Alpes Distillerie du Drac Distillerie des Bughes Distillerie du Vercors Domaine des Hautes Glaces Distillerie des Hautes Terres AlpSpirits (ferm\u00e9e) Monsieur Balthazar Mont Blanc Ninkasi O\u2019Baptiste (Ne produit plus de whisky) Bourgogne-Franche-Comt\u00e9 Br\u00fblerie du Revermont Michel Couvreur Rouget de Lisle Bretagne La Bambelle Distillerie des Menhirs Distillerie FDC (Bale Bro)\u2026","rel":"","context":"Article similaire","img":{"alt_text":"","src":"","width":0,"height":0},"classes":[]},{"id":4087,"url":"https:\/\/whisky-francais.com\/index.php\/distilleries\/laurens\/","url_meta":{"origin":5180,"position":3},"title":"Laurens","date":"28 f\u00e9vrier 2019","format":false,"excerpt":"Si le nom \u00ab\u00a0Laurens\u00a0\u00bb vous \u00e9voque quelque chose, c'est soit que vous \u00eates oenophile, soit que vous \u00eates whiskyphile ! Situ\u00e9 dans le vallon de Marcillac, ce domaine familial a lanc\u00e9 son 1er whisky en 2017. Tr\u00e8s impliqu\u00e9 dans la pr\u00e9servation de c\u00e9pages oubli\u00e9s c\u00f4t\u00e9 vignoble, l\u2019approche \u00ab\u00a0terroir\u00a0\u00bb du domaine\u2026","rel":"","context":"Article similaire","img":{"alt_text":"Laurens, Clairveaux d'Aveyron, Marcillac, Aubrac, France, distillerie, vignoble, Michel Laurens, Gilbert Laurens, Martine Laurens, Maryse Laurens, Vincent Laurens, Pascal Laurens, \u00c9ric Laurens, Red Leon, Blue Leon, vin blanc, ratafia rouge, Whisky Fran\u00e7ais, French Whisky, Matthieu Acar, Xavier Brevet, d\u00e9gustation, whisky, masterclass, Paris, atelier, d\u00e9gustation","src":"https:\/\/i0.wp.com\/whisky-francais.com\/wp-content\/uploads\/2019\/02\/IMG_3028-min.jpg?resize=350%2C200&ssl=1","width":350,"height":200},"classes":[]},{"id":120,"url":"https:\/\/whisky-francais.com\/index.php\/distilleries\/castan\/","url_meta":{"origin":5180,"position":4},"title":"Castan","date":"17 f\u00e9vrier 2017","format":false,"excerpt":"\u00a0 Fruit du travail de 3 g\u00e9n\u00e9rations et mue par la volont\u00e9 de mettre en avant son terroir, la distillerie Castan s'est lanc\u00e9e dans l'aventure whisky en 2010. Statut Produit et Commercialise son propre whisky Localisation La Soupari\u00e9, 81130 Villeneuve sur Vere 2\u00b01'53\u00bbE \/ 44\u00b00'43\u00bb N Volume de Production 50\u2026","rel":"","context":"Article similaire","img":{"alt_text":"France, Whisky Fran\u00e7ais, French Whisky, Castan, S\u00e9bastien Castan, Vilanova, Single Malt, Single Cask, Tarn, Villeneuve-sur-V\u00e8re, Berbie, Gost, Terrocita, S\u00e9gala, Roja, malt, orge, seigle, alambic stupfler, Gaillac, vin de bordeaux, Matthieu Acar, Xavier Brevet, d\u00e9gustation, whisky, masterclass, Paris, atelier, d\u00e9gustation, whisky","src":"https:\/\/i0.wp.com\/whisky-francais.com\/wp-content\/uploads\/2017\/02\/logocastan.jpg?resize=350%2C200&ssl=1","width":350,"height":200},"classes":[]},{"id":493,"url":"https:\/\/whisky-francais.com\/index.php\/distilleries\/miclo\/","url_meta":{"origin":5180,"position":5},"title":"G.Miclo","date":"6 mars 2017","format":false,"excerpt":"Depuis les ann\u00e9es 90 la consommation des eaux-de-vie a baiss\u00e9 en France. D'une part par effet de mode (les eaux-de-vie sont vues comme vieillottes) d'autre part, car la mise en place des contr\u00f4les routiers a fait baisser les ventes li\u00e9es \u00e0 la restauration. C'est aussi, et peut-\u00eatre surtout, car les\u2026","rel":"","context":"Article similaire","img":{"alt_text":"","src":"https:\/\/i0.wp.com\/whisky-francais.com\/wp-content\/uploads\/2017\/03\/Alambics.jpg?resize=350%2C200","width":350,"height":200},"classes":[]}],"_links":{"self":[{"href":"https:\/\/whisky-francais.com\/index.php\/wp-json\/wp\/v2\/pages\/5180"}],"collection":[{"href":"https:\/\/whisky-francais.com\/index.php\/wp-json\/wp\/v2\/pages"}],"about":[{"href":"https:\/\/whisky-francais.com\/index.php\/wp-json\/wp\/v2\/types\/page"}],"author":[{"embeddable":true,"href":"https:\/\/whisky-francais.com\/index.php\/wp-json\/wp\/v2\/users\/2"}],"replies":[{"embeddable":true,"href":"https:\/\/whisky-francais.com\/index.php\/wp-json\/wp\/v2\/comments?post=5180"}],"version-history":[{"count":2,"href":"https:\/\/whisky-francais.com\/index.php\/wp-json\/wp\/v2\/pages\/5180\/revisions"}],"predecessor-version":[{"id":5848,"href":"https:\/\/whisky-francais.com\/index.php\/wp-json\/wp\/v2\/pages\/5180\/revisions\/5848"}],"wp:attachment":[{"href":"https:\/\/whisky-francais.com\/index.php\/wp-json\/wp\/v2\/media?parent=5180"}],"curies":[{"name":"wp","href":"https:\/\/api.w.org\/{rel}","templated":true}]}}