{"id":5536,"date":"2020-10-16T11:12:37","date_gmt":"2020-10-16T09:12:37","guid":{"rendered":"http:\/\/whisky-francais.com\/?page_id=5536"},"modified":"2020-10-16T11:13:27","modified_gmt":"2020-10-16T09:13:27","slug":"distillerie-franc-tireur","status":"publish","type":"page","link":"https:\/\/whisky-francais.com\/index.php\/distillerie-franc-tireur\/","title":{"rendered":"Distillerie Franc-Tireur"},"content":{"rendered":"\n<blockquote class=\"wp-block-quote has-text-align-center is-layout-flow wp-block-quote-is-layout-flow\"><p>\u00ab&nbsp;Petit, mes parents et grands-parents m\u2019emmenaient acheter du vin chez les viticulteurs. Nous restions pendant des heures \u00e0 visiter les chais et \u00e0 tout go\u00fbter avant de repartir le coffre plein de bouteilles. Je suis tomb\u00e9 dedans \u00e9tant tout jeune, mais le coup de foudre pour les spiritueux a v\u00e9ritablement eu lieu il y a quelques ann\u00e9es lors d\u2019un voyage en Martinique. Apr\u00e8s avoir vendu des chaudi\u00e8res dans une vie ant\u00e9rieure,&nbsp;le m\u00e9tier de distillateur \u00e9tait donc comme une suite logique pour moi&nbsp;! \u00bb<\/p><cite>Julien Sevestre<\/cite><\/blockquote>\n\n\n\n<div class=\"wp-block-image\"><figure class=\"aligncenter size-large\"><img loading=\"lazy\" decoding=\"async\" width=\"410\" height=\"615\" data-attachment-id=\"5539\" data-permalink=\"https:\/\/whisky-francais.com\/index.php\/distillerie-franc-tireur\/franc-tireur_distillerie_2020_09255\/\" data-orig-file=\"https:\/\/whisky-francais.com\/wp-content\/uploads\/2020\/10\/Franc-Tireur_distillerie_2020_09255.jpeg\" data-orig-size=\"410,615\" data-comments-opened=\"0\" data-image-meta=\"{&quot;aperture&quot;:&quot;0&quot;,&quot;credit&quot;:&quot;&quot;,&quot;camera&quot;:&quot;&quot;,&quot;caption&quot;:&quot;&quot;,&quot;created_timestamp&quot;:&quot;0&quot;,&quot;copyright&quot;:&quot;&quot;,&quot;focal_length&quot;:&quot;0&quot;,&quot;iso&quot;:&quot;0&quot;,&quot;shutter_speed&quot;:&quot;0&quot;,&quot;title&quot;:&quot;&quot;,&quot;orientation&quot;:&quot;0&quot;}\" data-image-title=\"Franc-Tireur_distillerie_2020_09255\" data-image-description=\"\" data-image-caption=\"\" data-medium-file=\"https:\/\/whisky-francais.com\/wp-content\/uploads\/2020\/10\/Franc-Tireur_distillerie_2020_09255-200x300.jpeg\" data-large-file=\"https:\/\/whisky-francais.com\/wp-content\/uploads\/2020\/10\/Franc-Tireur_distillerie_2020_09255.jpeg\" src=\"https:\/\/whisky-francais.com\/wp-content\/uploads\/2020\/10\/Franc-Tireur_distillerie_2020_09255.jpeg\" alt=\"\" class=\"wp-image-5539\" srcset=\"https:\/\/whisky-francais.com\/wp-content\/uploads\/2020\/10\/Franc-Tireur_distillerie_2020_09255.jpeg 410w, https:\/\/whisky-francais.com\/wp-content\/uploads\/2020\/10\/Franc-Tireur_distillerie_2020_09255-200x300.jpeg 200w\" sizes=\"(max-width: 410px) 100vw, 410px\" \/><\/figure><\/div>\n\n\n\n<figure class=\"wp-block-table\"><table><tbody><tr><td>Statut<\/td><td>Produit du distillat<\/td><\/tr><tr><td>Localisation<\/td><td>15A rue Gustave Effiel<br>76 520 Franqueville-Saint-Pierre<\/td><\/tr><tr><td>Volume de production<\/td><td>Whisky : 30 f\u00fbts par an. <br>Souhaite doubler sa production chaque ann\u00e9e.<\/td><\/tr><tr><td>Dates cl\u00e9s<\/td><td>2018 : naissance du projet.<br>Mars 2019 : voyage en France et Martinique afin de rendre visite aux producteurs.<br>Octobre 2020 : cr\u00e9ation de la distillerie.<br>Ao\u00fbt 2020 : produit du distillat &amp; le fait vieillir.<\/td><\/tr><tr><td>Personnages cl\u00e9s<\/td><td>Julien Sevestre : fondateur, distillateur et ma\u00eetre de chai. Passionn\u00e9 d\u00e8s son enfance par le go\u00fbt, c&rsquo;est un grand amateur de spiritueux, bi\u00e8re et vin.<\/td><\/tr><tr><td>Gamme<\/td><td>Gin,<br>Rhum de m\u00e9lasse.<\/td><\/tr><tr><td>Eau<\/td><td>Eau de la r\u00e9gion, osmos\u00e9 entre 11 et 14ppm.<\/td><\/tr><tr><td>C\u00e9r\u00e9ales<\/td><td>\ud83c\udf3e Principalement du malt d\u2019orge bio en provenance de la Malterie du Ch\u00e2teau. Certains malts sont torr\u00e9fi\u00e9s, tourb\u00e9s &amp; fum\u00e9s. \u00c0 terme, il souhaite travailler avec des malts normands. Des essaies avec du ma\u00efs \ud83c\udf3d sont en cours.<\/td><\/tr><tr><td>Levures<\/td><td>\ud83e\udd43 Levures classiques pour le whisky. <br>\ud83c\udf34 Levures indig\u00e8nes pour le rhum.<\/td><\/tr><tr><td>Alambic<\/td><td>Comme la distillerie BOWS, Julien travaille avec un alambic fabriqu\u00e9 par <strong>Alain Lagorsse<\/strong> sur la base de sch\u00e9mas de machines datant du 19e si\u00e8cle prim\u00e9es au concours L\u00e9pine. L\u2019alambic de Lagorsse est compos\u00e9 d\u2019une cucurbite suivie d\u2019une <strong>colonne \u00e0 fluide invers\u00e9<\/strong> et d\u2019un <strong>refroidisseur<\/strong>.  N\u00e9anmoins la colonne peut \u00eatre exclue de la machine, auquel cas un long col-de-cygne relie alors la cucurbite au refroidisseur, ce qui permet alors de travailler en double (voire triple) distillation. L\u2019int\u00e9gralit\u00e9 de la machine est <strong>en cuivre<\/strong>. Les tuyaux par lesquels passe la vapeur d\u00e9crivent des courbes harmonieuses conf\u00e9rant \u00e0 l\u2019alambic une esth\u00e9tique certaine qui ne saurait \u00eatre totalement \u00e9trang\u00e8re \u00e0 la qualit\u00e9 du distillat.<\/td><\/tr><tr><td>Distillation <\/td><td>\ud83d\udd25 <strong>Chauffe lente \u00e0 feu nu<\/strong>. L\u2019alambic d\u00e9crit ci-dessus permet d\u2019effectuer des distillations simples ou \u00e0 repasses.<\/td><\/tr><tr><td>Type de chai<\/td><td>Le chai est attach\u00e9 \u00e0 la distillerie, faite de taule isol\u00e9e. Il y fait 10\/15 degr\u00e9s l\u2019hiver et 25\/30 degr\u00e9s l\u2019\u00e9t\u00e9.<\/td><\/tr><tr><td>F\u00fbt <\/td><td>\ud83c\udffa Les f\u00fbts sont faits de <strong>ch\u00eane Fran\u00e7ais<\/strong> (200 &#8211; 225 litres), ils sont toast\u00e9s &#8211; <strong>chauffe moyenne et forte<\/strong> &#8211; par une tonnellerie normande. Des projets de vieillissement en ex-f\u00fbts de vin rouge sont en cours.<\/td><\/tr><tr><td>Donn\u00e9es territoriales<\/td><td>\ud83c\udf26Un <strong>climat oc\u00e9anique temp\u00e9r\u00e9<\/strong>, humide, mais contrast\u00e9 et apais\u00e9 par des collines. Il fait 2\/3 degr\u00e9s l\u2019hiver et des temp\u00e9ratures avoisinant 20 degr\u00e9s l\u2019\u00e9t\u00e9.<\/td><\/tr><\/tbody><\/table><\/figure>\n\n\n\n<div class=\"wp-block-image\"><figure class=\"aligncenter size-large\"><img loading=\"lazy\" decoding=\"async\" width=\"410\" height=\"615\" data-attachment-id=\"5540\" data-permalink=\"https:\/\/whisky-francais.com\/index.php\/distillerie-franc-tireur\/franc-tireur_distillerie_2020_09147\/\" data-orig-file=\"https:\/\/whisky-francais.com\/wp-content\/uploads\/2020\/10\/Franc-Tireur_distillerie_2020_09147.jpeg\" data-orig-size=\"410,615\" data-comments-opened=\"0\" data-image-meta=\"{&quot;aperture&quot;:&quot;0&quot;,&quot;credit&quot;:&quot;&quot;,&quot;camera&quot;:&quot;&quot;,&quot;caption&quot;:&quot;&quot;,&quot;created_timestamp&quot;:&quot;0&quot;,&quot;copyright&quot;:&quot;&quot;,&quot;focal_length&quot;:&quot;0&quot;,&quot;iso&quot;:&quot;0&quot;,&quot;shutter_speed&quot;:&quot;0&quot;,&quot;title&quot;:&quot;&quot;,&quot;orientation&quot;:&quot;0&quot;}\" data-image-title=\"Franc-Tireur_distillerie_2020_09147\" data-image-description=\"\" data-image-caption=\"\" data-medium-file=\"https:\/\/whisky-francais.com\/wp-content\/uploads\/2020\/10\/Franc-Tireur_distillerie_2020_09147-200x300.jpeg\" data-large-file=\"https:\/\/whisky-francais.com\/wp-content\/uploads\/2020\/10\/Franc-Tireur_distillerie_2020_09147.jpeg\" src=\"https:\/\/whisky-francais.com\/wp-content\/uploads\/2020\/10\/Franc-Tireur_distillerie_2020_09147.jpeg\" alt=\"\" class=\"wp-image-5540\" srcset=\"https:\/\/whisky-francais.com\/wp-content\/uploads\/2020\/10\/Franc-Tireur_distillerie_2020_09147.jpeg 410w, https:\/\/whisky-francais.com\/wp-content\/uploads\/2020\/10\/Franc-Tireur_distillerie_2020_09147-200x300.jpeg 200w\" sizes=\"(max-width: 410px) 100vw, 410px\" \/><\/figure><\/div>\n\n\n\n<div class=\"wp-block-image\"><figure class=\"aligncenter size-large\"><img loading=\"lazy\" decoding=\"async\" width=\"410\" height=\"615\" data-attachment-id=\"5541\" data-permalink=\"https:\/\/whisky-francais.com\/index.php\/distillerie-franc-tireur\/franc-tireur_distillerie_2020_09240\/\" data-orig-file=\"https:\/\/whisky-francais.com\/wp-content\/uploads\/2020\/10\/Franc-Tireur_distillerie_2020_09240.jpeg\" data-orig-size=\"410,615\" data-comments-opened=\"0\" data-image-meta=\"{&quot;aperture&quot;:&quot;0&quot;,&quot;credit&quot;:&quot;&quot;,&quot;camera&quot;:&quot;&quot;,&quot;caption&quot;:&quot;&quot;,&quot;created_timestamp&quot;:&quot;0&quot;,&quot;copyright&quot;:&quot;&quot;,&quot;focal_length&quot;:&quot;0&quot;,&quot;iso&quot;:&quot;0&quot;,&quot;shutter_speed&quot;:&quot;0&quot;,&quot;title&quot;:&quot;&quot;,&quot;orientation&quot;:&quot;0&quot;}\" data-image-title=\"Franc-Tireur_distillerie_2020_09240\" data-image-description=\"\" data-image-caption=\"\" data-medium-file=\"https:\/\/whisky-francais.com\/wp-content\/uploads\/2020\/10\/Franc-Tireur_distillerie_2020_09240-200x300.jpeg\" data-large-file=\"https:\/\/whisky-francais.com\/wp-content\/uploads\/2020\/10\/Franc-Tireur_distillerie_2020_09240.jpeg\" src=\"https:\/\/whisky-francais.com\/wp-content\/uploads\/2020\/10\/Franc-Tireur_distillerie_2020_09240.jpeg\" alt=\"\" class=\"wp-image-5541\" srcset=\"https:\/\/whisky-francais.com\/wp-content\/uploads\/2020\/10\/Franc-Tireur_distillerie_2020_09240.jpeg 410w, https:\/\/whisky-francais.com\/wp-content\/uploads\/2020\/10\/Franc-Tireur_distillerie_2020_09240-200x300.jpeg 200w\" sizes=\"(max-width: 410px) 100vw, 410px\" \/><\/figure><\/div>\n\n\n","protected":false},"excerpt":{"rendered":"<p>\u00ab&nbsp;Petit, mes parents et grands-parents m\u2019emmenaient acheter du vin chez les viticulteurs. Nous restions pendant des heures \u00e0 visiter les<\/p>\n","protected":false},"author":5,"featured_media":5542,"parent":0,"menu_order":0,"comment_status":"closed","ping_status":"closed","template":"","meta":{"jetpack_post_was_ever_published":false,"footnotes":""},"class_list":["post-5536","page","type-page","status-publish","has-post-thumbnail","hentry"],"jetpack_sharing_enabled":true,"jetpack_shortlink":"https:\/\/wp.me\/P8oZPa-1ri","jetpack-related-posts":[{"id":7818,"url":"https:\/\/whisky-francais.com\/index.php\/labarrere-1773\/","url_meta":{"origin":5536,"position":0},"title":"Labarr\u00e8re 1773","date":"8 mars 2025","format":false,"excerpt":"Situ\u00e9e dans le B\u00e9arn, la distillerie Labarr\u00e8re 1773 propose une interpr\u00e9tation pyr\u00e9n\u00e9enne du whisky de ma\u00efs. \u00c0 sa t\u00eate, Romain Selle, ancien technicien en \u00e9lectrotechnique, qui, apr\u00e8s 18 ans pass\u00e9s dans la production d\u2019\u00e9lectricit\u00e9, a choisi de revenir \u00e0 ses racines agricoles. En 2021, il reprend la ferme familiale \u00e0\u2026","rel":"","context":"Article similaire","img":{"alt_text":"","src":"https:\/\/i0.wp.com\/whisky-francais.com\/wp-content\/uploads\/2025\/03\/labarrere-1773-whisky-francais-logo.jpg?resize=350%2C200&ssl=1","width":350,"height":200},"classes":[]},{"id":7500,"url":"https:\/\/whisky-francais.com\/index.php\/brasserie-artisanale-des-2-caps-christophe-noyon-brasseur\/","url_meta":{"origin":5536,"position":1},"title":"Brasserie Artisanale des 2 Caps\u00a0 &#8211; Christophe noyon Brasseur","date":"14 septembre 2024","format":false,"excerpt":"\u00a0 Statut En production Localisation \u00a0 Volume de Production Environ 3000 bouteilles par an. Dates Cl\u00e9s 1946 : Le Grand-p\u00e8re de Christophe Noyon, Michel Noyon, monte une distillerie d\u2019alcool de Betterave au c\u0153ur de sa propri\u00e9t\u00e9, le Domaine de Warcove, situ\u00e9e sur la C\u00f4te d\u2019Opale. Le mat\u00e9riel avait \u00e9t\u00e9 achet\u00e9\u2026","rel":"","context":"Article similaire","img":{"alt_text":"","src":"https:\/\/i0.wp.com\/whisky-francais.com\/wp-content\/uploads\/2024\/09\/tableau-2caps-scaled-warcove-whisky-francais.jpg?resize=350%2C200&ssl=1","width":350,"height":200},"classes":[]},{"id":5923,"url":"https:\/\/whisky-francais.com\/index.php\/chateau-du-breuil\/","url_meta":{"origin":5536,"position":2},"title":"Ch\u00e2teau du Breuil","date":"28 f\u00e9vrier 2021","format":false,"excerpt":"Situ\u00e9 \u00e0 Breuil-en-auge en Normandie, le ch\u00e2teau du Breuil est r\u00e9put\u00e9 pour la qualit\u00e9 de ses Calvados. Depuis peu, et en toute discr\u00e9tion, la distillerie s'est lanc\u00e9e dans la production d\u2019un whisky fran\u00e7ais hautement qualitatif. Pour ce projet, rien n\u2019a \u00e9t\u00e9 laiss\u00e9 au hasard et tout d\u00e9coule du choix de\u2026","rel":"","context":"Article similaire","img":{"alt_text":"","src":"https:\/\/i0.wp.com\/whisky-francais.com\/wp-content\/uploads\/2021\/02\/chateau-du-breuil-whisky-francais-Matthieu-ACAR-1.jpg?resize=350%2C200&ssl=1","width":350,"height":200},"classes":[]},{"id":968,"url":"https:\/\/whisky-francais.com\/index.php\/distilleries\/la-roche-aux-fees-sainte-colombe\/","url_meta":{"origin":5536,"position":3},"title":"Distillerie La Roche aux F\u00e9es","date":"23 avril 2017","format":false,"excerpt":"Derni\u00e8re mise \u00e0 jour : Mai 2025 La brasserie Sainte colombe c'est d'abord illustr\u00e9 par la qualit\u00e9 de ses bi\u00e8res avant de se lancer dans la production de whisky. Pour ses spiritueux, la brasserie a donn\u00e9 naissance \u00e0 \"la distillerie de la roche aux f\u00e9es\" faisant ainsi \u00e9cho au dolmen\u2026","rel":"","context":"Article similaire","img":{"alt_text":"","src":"https:\/\/i0.wp.com\/whisky-francais.com\/wp-content\/uploads\/2017\/04\/la-roche-au-fees-2.jpg?resize=350%2C200","width":350,"height":200},"classes":[]},{"id":3954,"url":"https:\/\/whisky-francais.com\/index.php\/distilleries\/distillerie-du-mont-blanc\/","url_meta":{"origin":5536,"position":4},"title":"Distillerie du Mont Blanc","date":"14 d\u00e9cembre 2018","format":false,"excerpt":"C\u2019est au c\u0153ur des Alpes, \u00e0 La Motte-Servolex, qu'en 1999, Sylvain Chiron fera renaitre la brasserie du Mont Blanc, fleuron brassicole qui officia de 1830 avant de cesser toutes activit\u00e9s en 1966. D\u00e8s le d\u00e9part, la dimension distillerie est int\u00e9gr\u00e9e au projet mais il faudra attendre plus de 15 ans\u2026","rel":"","context":"Article similaire","img":{"alt_text":"Distillerie du Mont Blanc, Sylvain Chiron, La Motte-Servolex, Les Houches, Enchapleuze, Orge, Stupfler, Dolin, whisky Fran\u00e7ais, French whisky, France, Lilya Sekkal, Matthieu Acar, Xavier Brevet, d\u00e9gustation, masterclass, atelier","src":"https:\/\/i0.wp.com\/whisky-francais.com\/wp-content\/uploads\/2018\/12\/LOGO-DISTILLERIE-DU-MONT-BLANC-DIEU-au-trait-NEW.png?resize=350%2C200&ssl=1","width":350,"height":200},"classes":[]},{"id":7295,"url":"https:\/\/whisky-francais.com\/index.php\/milhoc\/","url_meta":{"origin":5536,"position":5},"title":"Milh\u00f2c","date":"16 juin 2024","format":false,"excerpt":"Situ\u00e9 \u00e0 Sorbets, dans le Gers, le Ch\u00e2teau de Laubade est un nom bien connu des amateurs d\u2019Armagnac. R\u00e9put\u00e9 pour la qualit\u00e9 de ses eaux-de-vie, ce domaine embl\u00e9matique, fond\u00e9 \u00e0 la fin du XIXe si\u00e8cle,\u00a0 \u00e0 ajouter une nouvelle corde \u00e0 son arc : la production de whisky !\u00a0 Statut\u2026","rel":"","context":"Article similaire","img":{"alt_text":"","src":"https:\/\/i0.wp.com\/whisky-francais.com\/wp-content\/uploads\/2025\/04\/milhoc-whisky-francais-laubade-3.jpg?resize=350%2C200&ssl=1","width":350,"height":200},"classes":[]}],"_links":{"self":[{"href":"https:\/\/whisky-francais.com\/index.php\/wp-json\/wp\/v2\/pages\/5536"}],"collection":[{"href":"https:\/\/whisky-francais.com\/index.php\/wp-json\/wp\/v2\/pages"}],"about":[{"href":"https:\/\/whisky-francais.com\/index.php\/wp-json\/wp\/v2\/types\/page"}],"author":[{"embeddable":true,"href":"https:\/\/whisky-francais.com\/index.php\/wp-json\/wp\/v2\/users\/5"}],"replies":[{"embeddable":true,"href":"https:\/\/whisky-francais.com\/index.php\/wp-json\/wp\/v2\/comments?post=5536"}],"version-history":[{"count":3,"href":"https:\/\/whisky-francais.com\/index.php\/wp-json\/wp\/v2\/pages\/5536\/revisions"}],"predecessor-version":[{"id":5544,"href":"https:\/\/whisky-francais.com\/index.php\/wp-json\/wp\/v2\/pages\/5536\/revisions\/5544"}],"wp:featuredmedia":[{"embeddable":true,"href":"https:\/\/whisky-francais.com\/index.php\/wp-json\/wp\/v2\/media\/5542"}],"wp:attachment":[{"href":"https:\/\/whisky-francais.com\/index.php\/wp-json\/wp\/v2\/media?parent=5536"}],"curies":[{"name":"wp","href":"https:\/\/api.w.org\/{rel}","templated":true}]}}