{"id":563,"date":"2017-03-14T18:46:13","date_gmt":"2017-03-14T17:46:13","guid":{"rendered":"http:\/\/whisky-francais.com\/?page_id=563"},"modified":"2024-11-16T18:39:53","modified_gmt":"2024-11-16T17:39:53","slug":"embouteilleurs-independants","status":"publish","type":"page","link":"https:\/\/whisky-francais.com\/index.php\/embouteilleurs-independants\/","title":{"rendered":"Embouteilleurs Ind\u00e9pendants"},"content":{"rendered":"\n<p>Liste des embouteilleurs ind\u00e9pendants en France.<\/p>\n\n\n\n<figure class=\"wp-block-table\"><table><tbody><tr><td><strong>Logo<\/strong><\/td><td><strong>Signification<\/strong><\/td><\/tr><tr><td><img loading=\"lazy\" decoding=\"async\" data-attachment-id=\"732\" data-permalink=\"https:\/\/whisky-francais.com\/index.php\/embouteilleurs-independants\/awa\/certifie2\/\" data-orig-file=\"https:\/\/whisky-francais.com\/wp-content\/uploads\/2017\/03\/certifie2.jpg\" data-orig-size=\"125,125\" data-comments-opened=\"1\" data-image-meta=\"{&quot;aperture&quot;:&quot;0&quot;,&quot;credit&quot;:&quot;&quot;,&quot;camera&quot;:&quot;&quot;,&quot;caption&quot;:&quot;&quot;,&quot;created_timestamp&quot;:&quot;0&quot;,&quot;copyright&quot;:&quot;&quot;,&quot;focal_length&quot;:&quot;0&quot;,&quot;iso&quot;:&quot;0&quot;,&quot;shutter_speed&quot;:&quot;0&quot;,&quot;title&quot;:&quot;&quot;,&quot;orientation&quot;:&quot;1&quot;}\" data-image-title=\"Whisky Fran\u00e7ais &#8211; French Whisky, Matthieu Acar, Xavier Brevet, d\u00e9gustation, whisky, masterclass, Paris\" data-image-description=\"&lt;p&gt;Whisky Fran\u00e7ais &#8211; French Whisky, Matthieu Acar, Xavier Brevet, d\u00e9gustation, whisky, masterclass, Paris&lt;\/p&gt;\n\" data-image-caption=\"&lt;p&gt;Whisky Fran\u00e7ais &#8211; French Whisky, Matthieu Acar, Xavier Brevet, d\u00e9gustation, whisky, masterclass, Paris, atelier, d\u00e9gustation, whisky&lt;\/p&gt;\n\" data-medium-file=\"https:\/\/whisky-francais.com\/wp-content\/uploads\/2017\/03\/certifie2.jpg\" data-large-file=\"https:\/\/whisky-francais.com\/wp-content\/uploads\/2017\/03\/certifie2.jpg\" class=\"alignnone size-full wp-image-732\" src=\"https:\/\/whisky-francais.com\/wp-content\/uploads\/2017\/03\/certifie2.jpg\" alt=\"\" width=\"125\" height=\"125\" srcset=\"https:\/\/whisky-francais.com\/wp-content\/uploads\/2017\/03\/certifie2.jpg 125w, https:\/\/whisky-francais.com\/wp-content\/uploads\/2017\/03\/certifie2-32x32.jpg 32w, https:\/\/whisky-francais.com\/wp-content\/uploads\/2017\/03\/certifie2-50x50.jpg 50w, https:\/\/whisky-francais.com\/wp-content\/uploads\/2017\/03\/certifie2-64x64.jpg 64w, https:\/\/whisky-francais.com\/wp-content\/uploads\/2017\/03\/certifie2-96x96.jpg 96w\" sizes=\"(max-width: 125px) 100vw, 125px\" \/><\/td><td><span class=\"\">Ce&nbsp;pictogramme est un gage d\u2019authenticit\u00e9. Il indique que n<\/span>otre page a \u00e9t\u00e9 mise en ligne apr\u00e8s revue de l&#8217;embouteilleur ind\u00e9pendant.<\/td><\/tr><\/tbody><\/table><\/figure>\n\n\n\n<ul>\n<li id=\"menu-item-3168\" class=\"menu-item menu-item-type-post_type menu-item-object-page menu-item-3168\"><a href=\"https:\/\/whisky-francais.com\/index.php\/embouteilleurs-independants\/aikan\/\">Aikan<\/a><\/li>\n<li id=\"menu-item-5800\" class=\"menu-item menu-item-type-post_type menu-item-object-page menu-item-5800\"><a href=\"https:\/\/whisky-francais.com\/index.php\/distilleries\/alfred-giraud\/\">Alfred Giraud<\/a><\/li>\n<li id=\"menu-item-2303\" class=\"menu-item menu-item-type-post_type menu-item-object-page menu-item-2303\"><a href=\"https:\/\/whisky-francais.com\/index.php\/embouteilleurs-independants\/awa\/\">Awa<\/a><\/li>\n<li id=\"menu-item-6130\" class=\"menu-item menu-item-type-taxonomy menu-item-object-category menu-item-6130\"><a href=\"https:\/\/whisky-francais.com\/index.php\/category\/embouteilleursindependants\/godet\/\">Godet<\/a><\/li>\n<li><a href=\"https:\/\/whisky-francais.com\/index.php\/2024\/10\/17\/laferte-la-france-comme-place-forte-du-whisky\/\">Laferte<\/a><\/li>\n<li id=\"menu-item-2304\" class=\"menu-item menu-item-type-post_type menu-item-object-page menu-item-2304\"><a href=\"https:\/\/whisky-francais.com\/index.php\/embouteilleurs-independants\/michel-couvreur\/\">Michel Couvreur<\/a><\/li>\n<li id=\"menu-item-2761\" class=\"menu-item menu-item-type-post_type menu-item-object-page menu-item-2761\"><a href=\"https:\/\/whisky-francais.com\/index.php\/embouteilleurs-independants\/maison-benjamin-kuentz\/\">Maison Benjamin Kuentz<\/a><\/li>\n<li id=\"menu-item-2305\" class=\"menu-item menu-item-type-post_type menu-item-object-page menu-item-2305\"><a href=\"https:\/\/whisky-francais.com\/index.php\/embouteilleurs-independants\/roof-rye\/\">Maison Ferroni<\/a><\/li>\n<li><a href=\"https:\/\/whisky-francais.com\/index.php\/category\/embouteilleursindependants\/saint-eloi-spirits\/\">Saint Eloi Spirits<\/a><\/li>\n<li id=\"menu-item-5851\" class=\"menu-item menu-item-type-custom menu-item-object-custom menu-item-5851\"><a href=\"https:\/\/whisky-francais.com\/index.php\/category\/embouteilleursindependants\/version-francaise\/\">Version Fran\u00e7aise<\/a><\/li>\n<\/ul>\n","protected":false},"excerpt":{"rendered":"<p>Liste des embouteilleurs ind\u00e9pendants en France. Logo Signification Ce&nbsp;pictogramme est un gage d\u2019authenticit\u00e9. Il indique que notre page a \u00e9t\u00e9<\/p>\n","protected":false},"author":1,"featured_media":0,"parent":0,"menu_order":0,"comment_status":"closed","ping_status":"closed","template":"","meta":{"jetpack_post_was_ever_published":false,"footnotes":""},"class_list":["post-563","page","type-page","status-publish","hentry"],"jetpack_sharing_enabled":true,"jetpack_shortlink":"https:\/\/wp.me\/P8oZPa-95","jetpack-related-posts":[{"id":2753,"url":"https:\/\/whisky-francais.com\/index.php\/embouteilleurs-independants\/maison-benjamin-kuentz\/","url_meta":{"origin":563,"position":0},"title":"Maison Benjamin Kuentz","date":"13 septembre 2017","format":false,"excerpt":"\"La France a tout pour faire du bon whisky !\" C'est en partant de ce constat que Benjamin Kuentz a d\u00e9cid\u00e9 de monter sa propre gamme de whiskys Fran\u00e7ais. Effectivement, nous avons de longues traditions en ce qui concerne la production c\u00e9r\u00e9ali\u00e8re, la culture brassicole, la distillation et l\u2019\u00e9levage !\u2026","rel":"","context":"Article similaire","img":{"alt_text":"(D'un) Verre Printanier, Fin de Partie, Maison Benjamin Kuentz, 46%, Rozelieures, Cognac, Bourbon, Pedro Jimenez, PX, orge mat\u00e9e, whisky Fran\u00e7ais, French whisky, whisky, France, d\u00e9gustation, Passerelles, H\u00f4tel Parister, organiser, d\u00e9gustation, whisky, paris, priv\u00e9e, entreprise, \u00e9v\u00e9nement, masterclass, atelier, d\u00e9gustation, whisky","src":"https:\/\/i0.wp.com\/whisky-francais.com\/wp-content\/uploads\/2017\/09\/kuentz.png?resize=350%2C200&ssl=1","width":350,"height":200},"classes":[]},{"id":572,"url":"https:\/\/whisky-francais.com\/index.php\/embouteilleurs-independants\/awa\/","url_meta":{"origin":563,"position":1},"title":"Awa","date":"15 mars 2017","format":false,"excerpt":"AWA pour Authentique Whisky Alsace. Derri\u00e8re cet acronyme se cache Denis Hanns, \u00e9leveur\/affineur qui travaille sur la base des distillats en provenance de la distillerie Hepp. De retour d'une expatriation de 20 ans en Angleterre,\u00a0Denis d\u00e9bute en 2008 avec pour objectif d\u2019exp\u00e9rimenter en mettant en avant le fabuleux terroir viticole\u2026","rel":"","context":"Article similaire","img":{"alt_text":"","src":"https:\/\/i0.wp.com\/whisky-francais.com\/wp-content\/uploads\/2017\/03\/doublefutawa.jpg?resize=350%2C200","width":350,"height":200},"classes":[]},{"id":1145,"url":"https:\/\/whisky-francais.com\/index.php\/embouteilleurs-independants\/roof-rye\/","url_meta":{"origin":563,"position":2},"title":"Maison Ferroni","date":"4 mai 2017","format":false,"excerpt":"Derri\u00e8re le Roof Rye il y a une rencontre, celle de Guillaume Ferroni et David Roussier. Grand passionn\u00e9 de l'univers de la mixologie\u00a0et cr\u00e9ateur des bars Carry Nation, c'est avec\u00a0la complicit\u00e9 de David Roussier, directeur de la distillerie Warenghem, que Guillaume Ferroni cr\u00e9\u00e9 une gamme de spiritueux fran\u00e7ais destin\u00e9e au\u2026","rel":"","context":"Article similaire","img":{"alt_text":"France, Bariana, Roof Rye, Ferroni, Roussier, Provence, f\u00fbts de ch\u00eane am\u00e9ricain neuf, f\u00fbts de X\u00e9r\u00e8s, Warenghem, Carry Nation, Matthieu Acar, Xavier Brevet, d\u00e9gustation, whisky, masterclass, Paris, atelier, d\u00e9gustation, whisky","src":"https:\/\/i0.wp.com\/whisky-francais.com\/wp-content\/uploads\/2017\/05\/roof-rye-whisky-de-seigle-mi-breton-mi-provencal-bariana-50cl-43.jpg?resize=350%2C200&ssl=1","width":350,"height":200},"classes":[]},{"id":3113,"url":"https:\/\/whisky-francais.com\/index.php\/embouteilleurs-independants\/aikan\/","url_meta":{"origin":563,"position":3},"title":"Aikan","date":"2 d\u00e9cembre 2017","format":false,"excerpt":"Cr\u00e9\u00e9 en 2015 par Beno\u00eet Albanel, Aikan est une marque de whisky qui se distingue par une maturation sous un climat tropical. Et pour cause, tout ou partie du vieillissement a lieu dans les chais de la rhumerie JM, puis, a partir de 2019, dans les chais de l'Habitation \"La\u2026","rel":"","context":"Article similaire","img":{"alt_text":"","src":"https:\/\/i0.wp.com\/whisky-francais.com\/wp-content\/uploads\/2017\/11\/testprestashop-logo-1508762603.png?resize=350%2C200&ssl=1","width":350,"height":200},"classes":[]},{"id":116,"url":"https:\/\/whisky-francais.com\/index.php\/distilleries\/distillerie-bertrand\/","url_meta":{"origin":563,"position":4},"title":"Distillerie Artisanale Bertrand","date":"17 f\u00e9vrier 2017","format":false,"excerpt":"H\u00e9riti\u00e8re d'une longue tradition familiale dans la fabrication d'eaux-de-vie (depuis 1874 avec Joseph Bertrand), la Distillerie Artisanale Bertrand produit son whisky depuis 2003. Elle est \u00e0 l'\u00e9poque la premi\u00e8re distillerie \u00e0 produire du whisky \u00e0 Uberach (signifiant \"au del\u00e0 de l\u2019eau\"), dont elle donnera le nom \u00e0 sa gamme. Il\u2026","rel":"","context":"Article similaire","img":{"alt_text":"","src":"https:\/\/i0.wp.com\/whisky-francais.com\/wp-content\/uploads\/2017\/02\/UBERACH-LOGO.jpeg?resize=350%2C200","width":350,"height":200},"classes":[]},{"id":1882,"url":"https:\/\/whisky-francais.com\/index.php\/distilleries\/naguelann\/","url_meta":{"origin":563,"position":5},"title":"Naguelann","date":"21 juin 2017","format":false,"excerpt":"\u00a0 \"Naguelann c\u2019est avant tout une fa\u00e7on de faire !\" \u00a0 S\u2019illustrant \u00e0 la fois en tant que distillateur et embouteilleur ind\u00e9pendant, Naguelann tient son originalit\u00e9 de cette double casquette, fondamentale dans la qu\u00eate du go\u00fbt men\u00e9e par L\u00e9na\u00efck Lemaitre et ses \u00e9quipes. Statut Produit et Commercialise son propre whisky\u2026","rel":"","context":"Article similaire","img":{"alt_text":"","src":"","width":0,"height":0},"classes":[]}],"_links":{"self":[{"href":"https:\/\/whisky-francais.com\/index.php\/wp-json\/wp\/v2\/pages\/563"}],"collection":[{"href":"https:\/\/whisky-francais.com\/index.php\/wp-json\/wp\/v2\/pages"}],"about":[{"href":"https:\/\/whisky-francais.com\/index.php\/wp-json\/wp\/v2\/types\/page"}],"author":[{"embeddable":true,"href":"https:\/\/whisky-francais.com\/index.php\/wp-json\/wp\/v2\/users\/1"}],"replies":[{"embeddable":true,"href":"https:\/\/whisky-francais.com\/index.php\/wp-json\/wp\/v2\/comments?post=563"}],"version-history":[{"count":20,"href":"https:\/\/whisky-francais.com\/index.php\/wp-json\/wp\/v2\/pages\/563\/revisions"}],"predecessor-version":[{"id":7589,"href":"https:\/\/whisky-francais.com\/index.php\/wp-json\/wp\/v2\/pages\/563\/revisions\/7589"}],"wp:attachment":[{"href":"https:\/\/whisky-francais.com\/index.php\/wp-json\/wp\/v2\/media?parent=563"}],"curies":[{"name":"wp","href":"https:\/\/api.w.org\/{rel}","templated":true}]}}