{"id":572,"date":"2017-03-15T12:17:26","date_gmt":"2017-03-15T11:17:26","guid":{"rendered":"http:\/\/whisky-francais.com\/?page_id=572"},"modified":"2017-07-23T00:11:36","modified_gmt":"2017-07-22T22:11:36","slug":"awa","status":"publish","type":"page","link":"https:\/\/whisky-francais.com\/index.php\/embouteilleurs-independants\/awa\/","title":{"rendered":"Awa"},"content":{"rendered":"<p><img loading=\"lazy\" decoding=\"async\" data-attachment-id=\"732\" data-permalink=\"https:\/\/whisky-francais.com\/index.php\/embouteilleurs-independants\/awa\/certifie2\/\" data-orig-file=\"https:\/\/whisky-francais.com\/wp-content\/uploads\/2017\/03\/certifie2.jpg\" data-orig-size=\"125,125\" data-comments-opened=\"1\" data-image-meta=\"{&quot;aperture&quot;:&quot;0&quot;,&quot;credit&quot;:&quot;&quot;,&quot;camera&quot;:&quot;&quot;,&quot;caption&quot;:&quot;&quot;,&quot;created_timestamp&quot;:&quot;0&quot;,&quot;copyright&quot;:&quot;&quot;,&quot;focal_length&quot;:&quot;0&quot;,&quot;iso&quot;:&quot;0&quot;,&quot;shutter_speed&quot;:&quot;0&quot;,&quot;title&quot;:&quot;&quot;,&quot;orientation&quot;:&quot;1&quot;}\" data-image-title=\"Whisky Fran\u00e7ais &#8211; French Whisky, Matthieu Acar, Xavier Brevet, d\u00e9gustation, whisky, masterclass, Paris\" data-image-description=\"&lt;p&gt;Whisky Fran\u00e7ais &#8211; French Whisky, Matthieu Acar, Xavier Brevet, d\u00e9gustation, whisky, masterclass, Paris&lt;\/p&gt;\n\" data-image-caption=\"&lt;p&gt;Whisky Fran\u00e7ais &#8211; French Whisky, Matthieu Acar, Xavier Brevet, d\u00e9gustation, whisky, masterclass, Paris, atelier, d\u00e9gustation, whisky&lt;\/p&gt;\n\" data-medium-file=\"https:\/\/whisky-francais.com\/wp-content\/uploads\/2017\/03\/certifie2.jpg\" data-large-file=\"https:\/\/whisky-francais.com\/wp-content\/uploads\/2017\/03\/certifie2.jpg\" class=\"alignnone size-full wp-image-732 aligncenter\" src=\"https:\/\/whisky-francais.com\/wp-content\/uploads\/2017\/03\/certifie2.jpg\" alt=\"\" width=\"125\" height=\"125\" srcset=\"https:\/\/whisky-francais.com\/wp-content\/uploads\/2017\/03\/certifie2.jpg 125w, https:\/\/whisky-francais.com\/wp-content\/uploads\/2017\/03\/certifie2-32x32.jpg 32w, https:\/\/whisky-francais.com\/wp-content\/uploads\/2017\/03\/certifie2-50x50.jpg 50w, https:\/\/whisky-francais.com\/wp-content\/uploads\/2017\/03\/certifie2-64x64.jpg 64w, https:\/\/whisky-francais.com\/wp-content\/uploads\/2017\/03\/certifie2-96x96.jpg 96w\" sizes=\"(max-width: 125px) 100vw, 125px\" \/><\/p>\n<p>AWA pour Authentique Whisky Alsace. Derri\u00e8re cet acronyme se cache <strong>Denis Hanns<\/strong>, <strong>\u00e9leveur\/affineur<\/strong> qui travaille sur la base des distillats en provenance de la distillerie Hepp.<\/p>\n<p>De retour d&rsquo;une expatriation de 20 ans en Angleterre,\u00a0Denis d\u00e9bute en 2008 avec pour objectif d\u2019exp\u00e9rimenter en mettant en avant le fabuleux terroir viticole Alsacien.<\/p>\n<p>Ainsi, <strong>sa gamme int\u00e8gre les ar\u00f4mes typiques de vins alsaciens dans ses\u00a0whiskies<\/strong>. Une d\u00e9marche unique qui se d\u00e9cline en trois approches :<\/p>\n<ul>\n<li><strong>Les Cuv\u00e9es Uniques<\/strong>\u00a0:\u00a0Le whisky est mis en f\u00fbt imm\u00e9diatement (moins de 24h) apr\u00e8s le soutirage du vin, la barrique doit \u00eatre fra\u00eeche et de premi\u00e8re qualit\u00e9. Embouteill\u00e9 en single cask, chaque expression est unique et met en avant une typicit\u00e9 assum\u00e9e, traduisant dans le whisky les armes des grands vins d&rsquo;Alsace (Gew\u00fcrztraminer, Pinot Gris, <strong><a href=\"https:\/\/whisky-francais.com\/index.php\/2017\/03\/27\/awa-fut-de-riesling-43\/\" target=\"blank\">Riesling<\/a><\/strong>&#8230;). On notera \u00e9galement des \u00e9levages en f\u00fbt de vin jaune, de Bas-Armagnac et de Rivesaltes. Cette gamme est g\u00e9n\u00e9ralement embouteill\u00e9e entre 42 et 43%.<\/li>\n<li><strong>Cuv\u00e9es Double F\u00fbt<\/strong> :\u00a0Pour cette gamme, AWA recherche un \u00e9quilibre entre deux barriques compl\u00e9mentaires. Flatteur et gourmand, les AWA double f\u00fbt sont particuli\u00e8rement s\u00e9duisants. Les barriques de vins utilis\u00e9es sont de second remplissage, les notes alsaciennes se fondent subtilement dans le whisky. La gamme se d\u00e9cline ainsi : Gew\u00fcrztraminer\/ Riesling, <strong><a href=\"https:\/\/whisky-francais.com\/index.php\/2017\/03\/29\/awa-double-fut-n3-bourbonriesling-40\/\" target=\"blank\">Riesling \/ Bourbon<\/a><\/strong>, Pinot Auxerrois \/ Rivesaltes, Pinot Gris, Gew\u00fcrztraminer \/ Pinot Gris et Pinot Gris\/ Auchroisk, Gew\u00fcrztraminer \/ Pinot Gris Florimont et Pinot Gris \/ Auchroisk , tous r\u00e9duits entre 40 et 45%.<\/li>\n<\/ul>\n<figure id=\"attachment_690\" aria-describedby=\"caption-attachment-690\" style=\"width: 582px\" class=\"wp-caption aligncenter\"><img loading=\"lazy\" decoding=\"async\" data-attachment-id=\"690\" data-permalink=\"https:\/\/whisky-francais.com\/index.php\/embouteilleurs-independants\/awa\/doublefutawa\/\" data-orig-file=\"https:\/\/whisky-francais.com\/wp-content\/uploads\/2017\/03\/doublefutawa.jpg\" data-orig-size=\"982,437\" data-comments-opened=\"1\" data-image-meta=\"{&quot;aperture&quot;:&quot;22&quot;,&quot;credit&quot;:&quot;&quot;,&quot;camera&quot;:&quot;Canon EOS 550D&quot;,&quot;caption&quot;:&quot;&quot;,&quot;created_timestamp&quot;:&quot;1490125824&quot;,&quot;copyright&quot;:&quot;&quot;,&quot;focal_length&quot;:&quot;25&quot;,&quot;iso&quot;:&quot;200&quot;,&quot;shutter_speed&quot;:&quot;4&quot;,&quot;title&quot;:&quot;&quot;,&quot;orientation&quot;:&quot;1&quot;}\" data-image-title=\"La gamme \u00ab\u00a0double f\u00fbt\u00a0\u00bb d&amp;rsquo;AWA, Bourbon, Riesling, Gew\u00fcrztraminer, Pinot Gris, vin jaune, Bas-Armagnac, Rivesaltes, Authentic Whisky Alsace, Dennis Hanns, whisky Fran\u00e7ais, French whisky, embouteilleur ind\u00e9pendant, malt, Matthieu Acar, Xavier Brevet, d\u00e9gustation, whisky, masterclass, Paris\" data-image-description=\"&lt;p&gt;La gamme \u00ab\u00a0double f\u00fbt\u00a0\u00bb d&amp;rsquo;AWA, Bourbon, Riesling, Gew\u00fcrztraminer, Pinot Gris, vin jaune, Bas-Armagnac, Rivesaltes, Authentic Whisky Alsace, Dennis Hanns, whisky Fran\u00e7ais, French whisky, embouteilleur ind\u00e9pendant, malt, Matthieu Acar, Xavier Brevet, d\u00e9gustation, whisky, masterclass, Paris&lt;\/p&gt;\n\" data-image-caption=\"&lt;p&gt;La gamme \u00ab\u00a0double f\u00fbt\u00a0\u00bb d&amp;rsquo;AWA, Bourbon, Riesling, Gew\u00fcrztraminer, Pinot Gris, vin jaune, Bas-Armagnac, Rivesaltes, Authentic Whisky Alsace, Dennis Hanns, whisky Fran\u00e7ais, French whisky, embouteilleur ind\u00e9pendant, malt, Matthieu Acar, Xavier Brevet, d\u00e9gustation, whisky, masterclass, Paris, atelier, d\u00e9gustation, whisky&lt;\/p&gt;\n\" data-medium-file=\"https:\/\/whisky-francais.com\/wp-content\/uploads\/2017\/03\/doublefutawa-300x134.jpg\" data-large-file=\"https:\/\/whisky-francais.com\/wp-content\/uploads\/2017\/03\/doublefutawa.jpg\" class=\" wp-image-690\" src=\"https:\/\/whisky-francais.com\/wp-content\/uploads\/2017\/03\/doublefutawa.jpg\" alt=\"\" width=\"582\" height=\"259\" srcset=\"https:\/\/whisky-francais.com\/wp-content\/uploads\/2017\/03\/doublefutawa.jpg 982w, https:\/\/whisky-francais.com\/wp-content\/uploads\/2017\/03\/doublefutawa-300x134.jpg 300w, https:\/\/whisky-francais.com\/wp-content\/uploads\/2017\/03\/doublefutawa-768x342.jpg 768w, https:\/\/whisky-francais.com\/wp-content\/uploads\/2017\/03\/doublefutawa-604x270.jpg 604w\" sizes=\"(max-width: 582px) 100vw, 582px\" \/><figcaption id=\"caption-attachment-690\" class=\"wp-caption-text\">La gamme \u00ab\u00a0double f\u00fbt\u00a0\u00bb d&rsquo;AWA<\/figcaption><\/figure>\n<p><img loading=\"lazy\" decoding=\"async\" data-attachment-id=\"701\" data-permalink=\"https:\/\/whisky-francais.com\/index.php\/embouteilleurs-independants\/awa\/awadenishanns\/\" data-orig-file=\"https:\/\/whisky-francais.com\/wp-content\/uploads\/2017\/03\/awadenishanns.jpg\" data-orig-size=\"638,1422\" data-comments-opened=\"1\" data-image-meta=\"{&quot;aperture&quot;:&quot;2&quot;,&quot;credit&quot;:&quot;&quot;,&quot;camera&quot;:&quot;E6653&quot;,&quot;caption&quot;:&quot;&quot;,&quot;created_timestamp&quot;:&quot;1475076010&quot;,&quot;copyright&quot;:&quot;&quot;,&quot;focal_length&quot;:&quot;4.23&quot;,&quot;iso&quot;:&quot;80&quot;,&quot;shutter_speed&quot;:&quot;0.03125&quot;,&quot;title&quot;:&quot;&quot;,&quot;orientation&quot;:&quot;1&quot;}\" data-image-title=\"AWA, cuv\u00e9es uniques, cuv\u00e9e double f\u00fbt, Bourbon, Riesling, vin jaune, Bas-Armagnac, Rivesaltes, Authentic Whisky Alsace, Dennis Hanns, whisky Fran\u00e7ais, French whisky, embouteilleur ind\u00e9pendant, malt, Matthieu Acar, Xavier Brevet, d\u00e9gustation, whisky, masterclass, Paris\" data-image-description=\"&lt;p&gt;AWA, cuv\u00e9es uniques, cuv\u00e9e double f\u00fbt, Bourbon, Riesling, vin jaune, Bas-Armagnac, Rivesaltes, Authentic Whisky Alsace, Dennis Hanns, whisky Fran\u00e7ais, French whisky, embouteilleur ind\u00e9pendant, malt, Matthieu Acar, Xavier Brevet, d\u00e9gustation, whisky, masterclass, Paris&lt;\/p&gt;\n\" data-image-caption=\"&lt;p&gt;AWA, cuv\u00e9es uniques, cuv\u00e9e double f\u00fbt, Bourbon, Riesling, vin jaune, Bas-Armagnac, Rivesaltes, Authentic Whisky Alsace, Dennis Hanns, whisky Fran\u00e7ais, French whisky, embouteilleur ind\u00e9pendant, malt, Matthieu Acar, Xavier Brevet, d\u00e9gustation, whisky, masterclass, Paris, atelier, d\u00e9gustation, whisky&lt;\/p&gt;\n\" data-medium-file=\"https:\/\/whisky-francais.com\/wp-content\/uploads\/2017\/03\/awadenishanns-135x300.jpg\" data-large-file=\"https:\/\/whisky-francais.com\/wp-content\/uploads\/2017\/03\/awadenishanns-459x1024.jpg\" class=\"wp-image-701 alignleft\" src=\"https:\/\/whisky-francais.com\/wp-content\/uploads\/2017\/03\/awadenishanns.jpg\" alt=\"\" width=\"295\" height=\"658\" srcset=\"https:\/\/whisky-francais.com\/wp-content\/uploads\/2017\/03\/awadenishanns.jpg 638w, https:\/\/whisky-francais.com\/wp-content\/uploads\/2017\/03\/awadenishanns-135x300.jpg 135w, https:\/\/whisky-francais.com\/wp-content\/uploads\/2017\/03\/awadenishanns-459x1024.jpg 459w, https:\/\/whisky-francais.com\/wp-content\/uploads\/2017\/03\/awadenishanns-121x270.jpg 121w\" sizes=\"(max-width: 295px) 100vw, 295px\" \/><strong>Cuv\u00e9es Compositions Multiples<\/strong> :\u00a0V\u00e9ritable \u0153uvre de ma\u00eetre de chai, cette gamme propose des assemblages de barriques de premier remplissage, s\u00e9lectionn\u00e9es pour leur intensit\u00e9 et leur maturit\u00e9. Pour ne rien perdre en complexit\u00e9, ces whiskies ne sont pas filtr\u00e9s et embouteill\u00e9s \u00e0 46%. La gamme comporte trois expressions :<\/p>\n<p>1. <strong>The Dogs Bollocks<\/strong> (distill\u00e9s en 2012 et embouteill\u00e9s en 2016) est un assemblage de f\u00fbts de Pinot Gris, Pinot Auxerrois, Gew\u00fcrztraminer, Pinot Noir, Rivesaltes et d&rsquo;Armagnac.<\/p>\n<p>2. <strong>Quocunque Jeceris Stabit<\/strong> (distill\u00e9s en 2012-13 et embouteill\u00e9s en 2016) est un assemblage de f\u00fbts de Gevrey-Chambertin, Puligny-Montrachet, Bas-Armagnac.<\/p>\n<p>3. <strong>The Crafty Badger<\/strong> (distill\u00e9s en 2012 et embouteill\u00e9s en 2016) est un assemblage de f\u00fbts de Pinot Gris, Pinot Auxerrois, Gew\u00fcrztraminer, Pinot Noir, Rivesaltes \u00a0et Riesling.<\/p>\n<p>Loin d&rsquo;imiter les \u00c9cossais, AWA propose une approche r\u00e9solument Fran\u00e7aise du Whisky, traduisant en malt le savoir-faire centenaire des Alsaciens en mati\u00e8re de vin et d&rsquo;eau-de-vie. Gsunt heit !<\/p>\n<p>&nbsp;<\/p>\n","protected":false},"excerpt":{"rendered":"<p>AWA pour Authentique Whisky Alsace. Derri\u00e8re cet acronyme se cache Denis Hanns, \u00e9leveur\/affineur qui travaille sur la base des distillats<\/p>\n","protected":false},"author":1,"featured_media":573,"parent":563,"menu_order":0,"comment_status":"closed","ping_status":"closed","template":"","meta":{"jetpack_post_was_ever_published":false,"footnotes":""},"class_list":["post-572","page","type-page","status-publish","has-post-thumbnail","hentry"],"jetpack_sharing_enabled":true,"jetpack_shortlink":"https:\/\/wp.me\/P8oZPa-9e","jetpack-related-posts":[{"id":5085,"url":"https:\/\/whisky-francais.com\/index.php\/mersiol\/","url_meta":{"origin":572,"position":0},"title":"Mersiol","date":"26 mars 2020","format":false,"excerpt":"Statut Production stopp\u00e9e. Fermeture le 30 Novembre 2019 Localisation \ud83d\udceb 5 Route d\u2019Ebersheim 67650 Dambach-la-Ville Dates Cl\u00e9s 1980 -\u00a0cr\u00e9ation de la distillerie artisanale 2018\u00a0et 2019 - prix d\u2019excellence CGA Paris 30 Novembre 2019 - Fermeture de la distillerie Personnages Cl\u00e9s Andr\u00e9 Mersiol\u00a0: fondateur B\u00e9atrice, Pierre-Nicolas et Alexandre Gamme \ud83e\udd43 Whisky\u2026","rel":"","context":"Article similaire","img":{"alt_text":"","src":"https:\/\/i0.wp.com\/whisky-francais.com\/wp-content\/uploads\/2020\/03\/IMG_2871-min.jpg?resize=350%2C200&ssl=1","width":350,"height":200},"classes":[]},{"id":124,"url":"https:\/\/whisky-francais.com\/index.php\/distilleries\/hepp\/","url_meta":{"origin":572,"position":1},"title":"Hepp","date":"17 f\u00e9vrier 2017","format":false,"excerpt":"C'est dans la ville d'Uberach, \u00e0 30km au Nord de Strasbourg, que la famille Hepp fonda la distillerie du m\u00eame nom en 1972. Fruit d'une famille de\u00a0bouilleurs ambulants et forte d'une modernisation de ses installations en 2000,\u00a0son premier whisky verra le jour en 2007. Statut Produit et Commercialise son propre\u2026","rel":"","context":"Article similaire","img":{"alt_text":"Hepp, Uberach, Alsace, France, Ren\u00c3\u00a9 Hepp, Tharcis Hepp, Yannick Hepp, IGP, Ouisky, Single Malt, Pinot Gris, Pinot Noir, Vieille Prune, Marc de gew\u00c3\u00bcrztraminer, bourbon, eau-de-vie, liqueur, cr\u00c3\u00a8me, Meteor, orge, Christian Carl, alambic, chai, whisky, whisky Fran\u00c3\u00a7ais, French whisky, orge, distillation, Matthieu Acar, Xavier Brevet, Lilya Sekkal, d\u00c3\u00a9gustation, whisky, acad\u00c3\u00a9mie, masterclass, Paris","src":"https:\/\/i0.wp.com\/whisky-francais.com\/wp-content\/uploads\/2019\/06\/YANNICK.jpg?resize=350%2C200","width":350,"height":200},"classes":[]},{"id":7760,"url":"https:\/\/whisky-francais.com\/index.php\/la-calade\/","url_meta":{"origin":572,"position":2},"title":"La Calade","date":"24 janvier 2025","format":false,"excerpt":"Tout commence en 2015, lorsque Vincent Laudescher d\u00e9couvre l'univers du brassage gr\u00e2ce \u00e0 des cousins brasseurs originaires d'Alsace. Il se passionne rapidement et produit ses premiers brassins. Puis en 2016, d\u00e9cide de se lancer pour de bon et ouvre sa propre microbrasserie \u00e0 Sanilhac et en 2019, il d\u00e9bute la\u2026","rel":"","context":"Article similaire","img":{"alt_text":"","src":"https:\/\/i0.wp.com\/whisky-francais.com\/wp-content\/uploads\/2025\/01\/brasserie-la-calade-article-whisky-francais.jpg?resize=350%2C200&ssl=1","width":350,"height":200},"classes":[]},{"id":5784,"url":"https:\/\/whisky-francais.com\/index.php\/distilleries\/domaine-valentin-zusslin\/","url_meta":{"origin":572,"position":3},"title":"Domaine Valentin Zusslin","date":"30 janvier 2021","format":false,"excerpt":"Le Domaine Valentin Zusslin, connu pour la qualit\u00e9 de ses vins certifi\u00e9s \"biodynamie\" et pour son souci de l\u2019environnement, produit \u00e9galement des eaux-de-vie et depuis peu, un whisky ! Situ\u00e9 \u00e0 Orschwihr en Alsace, le domaine poss\u00e8de une histoire riche de plus de trois si\u00e8cles, dans laquelle la distillation occupe\u2026","rel":"","context":"Article similaire","img":{"alt_text":"","src":"https:\/\/i0.wp.com\/whisky-francais.com\/wp-content\/uploads\/2021\/01\/backslide-zusslin-8-1781x600-1.jpg?resize=350%2C200","width":350,"height":200},"classes":[]},{"id":112,"url":"https:\/\/whisky-francais.com\/index.php\/distilleries\/gilbert-holl\/","url_meta":{"origin":572,"position":4},"title":"Gilbert Holl (ferm\u00e9e)","date":"17 f\u00e9vrier 2017","format":false,"excerpt":"La distillerie Holl n'est plus active, n\u00e9anmoins l'\u00c9pop\u00e9e du premier distillateur de whisky alsacien continu ! Voir la page : Nusbaumer C\u2019est \u00e0 la lisi\u00e8re de Ribeauville, dans une micro-distillerie situ\u00e9e au nord du parc naturel r\u00e9gional des Ballons des Vosges, que Gilbert Holl confectionne avec une attention toute particuli\u00e8re\u2026","rel":"","context":"Article similaire","img":{"alt_text":"","src":"https:\/\/i0.wp.com\/whisky-francais.com\/wp-content\/uploads\/2017\/02\/GilbertHoll.jpeg?resize=350%2C200&ssl=1","width":350,"height":200},"classes":[]},{"id":129,"url":"https:\/\/whisky-francais.com\/index.php\/distilleries\/meyers\/","url_meta":{"origin":572,"position":5},"title":"Meyer&rsquo;s","date":"17 f\u00e9vrier 2017","format":false,"excerpt":"\u00c0 l'origine producteur d'eaux-de-vie, cr\u00e8mes et liqueurs, Meyer's s'est lanc\u00e9e depuis 2007\u00a0dans l'aventure du whisky. Statut Produit et Commercialise son propre Whisky Localisation \ud83d\udceb 18 Rue Saint Gilles, 67220 Saint-Pierre-Bois Hohwarth 7\u00b021'15\u00bb E \/ 48\u00b020'14\u00bb N Volume de production Dates Cl\u00e9s 1958: Cr\u00e9ation de la distillerie 1976: Jean Claude Meyer\u2026","rel":"","context":"Article similaire","img":{"alt_text":"","src":"https:\/\/i0.wp.com\/whisky-francais.com\/wp-content\/uploads\/2017\/02\/MEYER2.png?resize=350%2C200","width":350,"height":200},"classes":[]}],"_links":{"self":[{"href":"https:\/\/whisky-francais.com\/index.php\/wp-json\/wp\/v2\/pages\/572"}],"collection":[{"href":"https:\/\/whisky-francais.com\/index.php\/wp-json\/wp\/v2\/pages"}],"about":[{"href":"https:\/\/whisky-francais.com\/index.php\/wp-json\/wp\/v2\/types\/page"}],"author":[{"embeddable":true,"href":"https:\/\/whisky-francais.com\/index.php\/wp-json\/wp\/v2\/users\/1"}],"replies":[{"embeddable":true,"href":"https:\/\/whisky-francais.com\/index.php\/wp-json\/wp\/v2\/comments?post=572"}],"version-history":[{"count":18,"href":"https:\/\/whisky-francais.com\/index.php\/wp-json\/wp\/v2\/pages\/572\/revisions"}],"predecessor-version":[{"id":2376,"href":"https:\/\/whisky-francais.com\/index.php\/wp-json\/wp\/v2\/pages\/572\/revisions\/2376"}],"up":[{"embeddable":true,"href":"https:\/\/whisky-francais.com\/index.php\/wp-json\/wp\/v2\/pages\/563"}],"wp:featuredmedia":[{"embeddable":true,"href":"https:\/\/whisky-francais.com\/index.php\/wp-json\/wp\/v2\/media\/573"}],"wp:attachment":[{"href":"https:\/\/whisky-francais.com\/index.php\/wp-json\/wp\/v2\/media?parent=572"}],"curies":[{"name":"wp","href":"https:\/\/api.w.org\/{rel}","templated":true}]}}