{"id":5923,"date":"2021-02-28T15:00:29","date_gmt":"2021-02-28T14:00:29","guid":{"rendered":"http:\/\/whisky-francais.com\/?page_id=5923"},"modified":"2021-03-14T15:57:01","modified_gmt":"2021-03-14T14:57:01","slug":"chateau-du-breuil","status":"publish","type":"page","link":"https:\/\/whisky-francais.com\/index.php\/chateau-du-breuil\/","title":{"rendered":"Ch\u00e2teau du Breuil"},"content":{"rendered":"\n<p><img loading=\"lazy\" decoding=\"async\" data-attachment-id=\"5931\" data-permalink=\"https:\/\/whisky-francais.com\/index.php\/chateau-du-breuil\/le-breuil-whisky-francais\/\" data-orig-file=\"https:\/\/whisky-francais.com\/wp-content\/uploads\/2021\/02\/le-breuil-whisky-francais.jpg\" data-orig-size=\"974,292\" data-comments-opened=\"0\" data-image-meta=\"{&quot;aperture&quot;:&quot;0&quot;,&quot;credit&quot;:&quot;Matthieu ACAR&quot;,&quot;camera&quot;:&quot;&quot;,&quot;caption&quot;:&quot;&quot;,&quot;created_timestamp&quot;:&quot;1614524235&quot;,&quot;copyright&quot;:&quot;&quot;,&quot;focal_length&quot;:&quot;0&quot;,&quot;iso&quot;:&quot;0&quot;,&quot;shutter_speed&quot;:&quot;0&quot;,&quot;title&quot;:&quot;&quot;,&quot;orientation&quot;:&quot;0&quot;}\" data-image-title=\"le breuil whisky francais\" data-image-description=\"\" data-image-caption=\"\" data-medium-file=\"https:\/\/whisky-francais.com\/wp-content\/uploads\/2021\/02\/le-breuil-whisky-francais-300x90.jpg\" data-large-file=\"https:\/\/whisky-francais.com\/wp-content\/uploads\/2021\/02\/le-breuil-whisky-francais.jpg\" class=\"alignnone wp-image-5931 size-full\" src=\"https:\/\/whisky-francais.com\/wp-content\/uploads\/2021\/02\/le-breuil-whisky-francais.jpg\" alt=\"\" width=\"974\" height=\"292\" srcset=\"https:\/\/whisky-francais.com\/wp-content\/uploads\/2021\/02\/le-breuil-whisky-francais.jpg 974w, https:\/\/whisky-francais.com\/wp-content\/uploads\/2021\/02\/le-breuil-whisky-francais-300x90.jpg 300w, https:\/\/whisky-francais.com\/wp-content\/uploads\/2021\/02\/le-breuil-whisky-francais-768x230.jpg 768w\" sizes=\"(max-width: 974px) 100vw, 974px\" \/>Situ\u00e9 \u00e0 Breuil-en-auge en Normandie, le ch\u00e2teau du Breuil est r\u00e9put\u00e9 pour la qualit\u00e9 de ses Calvados. Depuis peu, et en toute discr\u00e9tion, la distillerie s&rsquo;est lanc\u00e9e dans la production d\u2019un whisky fran\u00e7ais hautement qualitatif. Pour ce projet, rien n\u2019a \u00e9t\u00e9 laiss\u00e9 au hasard et tout d\u00e9coule du choix de la mati\u00e8re premi\u00e8re.<\/p>\n<p><img loading=\"lazy\" decoding=\"async\" data-attachment-id=\"5928\" data-permalink=\"https:\/\/whisky-francais.com\/index.php\/chateau-du-breuil\/distillerie-chateau-du-breuil-whisky-francais-matthieu-acar\/\" data-orig-file=\"https:\/\/whisky-francais.com\/wp-content\/uploads\/2021\/02\/distillerie-chateau-du-breuil-whisky-francais-Matthieu-ACAR.jpg\" data-orig-size=\"1296,864\" data-comments-opened=\"0\" data-image-meta=\"{&quot;aperture&quot;:&quot;8&quot;,&quot;credit&quot;:&quot;&quot;,&quot;camera&quot;:&quot;Canon EOS 550D&quot;,&quot;caption&quot;:&quot;&quot;,&quot;created_timestamp&quot;:&quot;1614260137&quot;,&quot;copyright&quot;:&quot;&quot;,&quot;focal_length&quot;:&quot;18&quot;,&quot;iso&quot;:&quot;100&quot;,&quot;shutter_speed&quot;:&quot;0.005&quot;,&quot;title&quot;:&quot;&quot;,&quot;orientation&quot;:&quot;1&quot;}\" data-image-title=\"distillerie chateau du breuil whisky francais Matthieu ACAR\" data-image-description=\"\" data-image-caption=\"&lt;p&gt;Le b\u00e2timent qui accueille la distillerie et l&amp;rsquo;un des deux chais (bient\u00f4t 3 !) du ch\u00e2teau de Breuil&lt;\/p&gt;\n\" data-medium-file=\"https:\/\/whisky-francais.com\/wp-content\/uploads\/2021\/02\/distillerie-chateau-du-breuil-whisky-francais-Matthieu-ACAR-300x200.jpg\" data-large-file=\"https:\/\/whisky-francais.com\/wp-content\/uploads\/2021\/02\/distillerie-chateau-du-breuil-whisky-francais-Matthieu-ACAR-1024x683.jpg\" class=\"alignnone wp-image-5928 size-full\" src=\"https:\/\/whisky-francais.com\/wp-content\/uploads\/2021\/02\/distillerie-chateau-du-breuil-whisky-francais-Matthieu-ACAR.jpg\" alt=\"\" width=\"1296\" height=\"864\" srcset=\"https:\/\/whisky-francais.com\/wp-content\/uploads\/2021\/02\/distillerie-chateau-du-breuil-whisky-francais-Matthieu-ACAR.jpg 1296w, https:\/\/whisky-francais.com\/wp-content\/uploads\/2021\/02\/distillerie-chateau-du-breuil-whisky-francais-Matthieu-ACAR-300x200.jpg 300w, https:\/\/whisky-francais.com\/wp-content\/uploads\/2021\/02\/distillerie-chateau-du-breuil-whisky-francais-Matthieu-ACAR-1024x683.jpg 1024w, https:\/\/whisky-francais.com\/wp-content\/uploads\/2021\/02\/distillerie-chateau-du-breuil-whisky-francais-Matthieu-ACAR-768x512.jpg 768w, https:\/\/whisky-francais.com\/wp-content\/uploads\/2021\/02\/distillerie-chateau-du-breuil-whisky-francais-Matthieu-ACAR-120x80.jpg 120w, https:\/\/whisky-francais.com\/wp-content\/uploads\/2021\/02\/distillerie-chateau-du-breuil-whisky-francais-Matthieu-ACAR-480x320.jpg 480w\" sizes=\"(max-width: 1296px) 100vw, 1296px\" \/><\/p>\n<table style=\"width: 100%; height: 4228px;\" width=\"737\">\n<tbody>\n<tr style=\"height: 88px;\">\n<td style=\"height: 88px;\" width=\"188\">\n<p>Statut<\/p>\n<\/td>\n<td style=\"height: 88px;\" width=\"549\">\n<p>En production<\/p>\n<\/td>\n<\/tr>\n<tr style=\"height: 88px;\">\n<td style=\"height: 88px;\" width=\"188\">\n<p>Localisation<\/p>\n<\/td>\n<td style=\"height: 88px;\" width=\"549\">\n<p>Les Jourdains, 14130 Le Breuil-en-Auge<\/p>\n<\/td>\n<\/tr>\n<tr style=\"height: 340px;\">\n<td style=\"height: 340px;\" width=\"188\">\n<p>Volume de Production<\/p>\n<\/td>\n<td style=\"height: 340px;\" width=\"549\">\n<p>En 2020, la distillerie a produit 17 000 bouteilles mais elle devrait augmenter sa production pour atteindre les 100 000 bouteilles en 2022<\/p>\n<blockquote>\n<p>Nous investissons massivement dans notamment un nouveau chai design de plus de 2000 f\u00fbts de capacit\u00e9 en 2021 puis encore plus dans d\u2019autres domaines en 2022\/2023&nbsp;!<\/p>\n<p style=\"text-align: right;\">Frederic Dussart<\/p>\n<\/blockquote>\n<\/td>\n<\/tr>\n<tr style=\"height: 368px;\">\n<td style=\"height: 368px;\" width=\"188\">\n<p>Dates Cl\u00e9s<\/p>\n<\/td>\n<td style=\"height: 368px;\" width=\"549\">\n<p><strong>D\u00e9but XVI&nbsp;:<\/strong> Construction du Ch\u00e2teau du Breuil<\/p>\n<p><strong>1954&nbsp;:<\/strong> La cidrerie locale est convertie en distillerie de Calvados<\/p>\n<p><strong>2015&nbsp;:<\/strong> Lancement du projet de whisky<\/p>\n<p><strong>2020&nbsp;:<\/strong> Rachat de la distillerie par Mr Dussart.<\/p>\n<p><strong>2020&nbsp;:<\/strong> Lancement de la gamme Rum Explorer et des single malt Le Breuil<\/p>\n<\/td>\n<\/tr>\n<tr style=\"height: 480px;\">\n<td style=\"height: 480px;\" width=\"188\">\n<p>Personnages Cl\u00e9s<\/p>\n<\/td>\n<td style=\"height: 480px;\" width=\"549\">\n<p>Fr\u00e9d\u00e9ric Dussart&nbsp;: Pr\u00e9sident<\/p>\n<p><strong>Didier Bedu&nbsp;:<\/strong> Directeur g\u00e9n\u00e9ral<\/p>\n<p><strong>Vincent Charuli\u00e9 :<\/strong> Directeur des ventes France<\/p>\n<p><strong>Philippe Etignard :<\/strong> Ma\u00eetre de Chais et cr\u00e9ateur des whiskies<\/p>\n<p><strong>Fran\u00e7ois Dussart&nbsp;:<\/strong> Responsable du Marketing et du Digital pour le Ch\u00e2teau du Breuil . Il coordonne tout les aspects presse et marketing avec notre agence de communication Albine &amp; Co.<\/p>\n<\/td>\n<\/tr>\n<tr style=\"height: 816px;\">\n<td style=\"height: 816px;\" width=\"188\">\n<p>Gamme<\/p>\n<\/td>\n<td style=\"height: 816px;\" width=\"549\">\n<p>Le ch\u00e2teau produit un large de gamme de Calvados.<\/p>\n<p>En tant que n\u00e9gociant, ils proposent \u00e9galement du rhum (gamme Rum explorer), du Porto (gamme The one), des whiskies (Gamme The ultime pour les singles malts \u00e9cossais, The Whistler pour les irish whiskeys et Duncan&rsquo;s pour les blends \u00e9cossais).<\/p>\n<p>Il y a \u00e9galement Nobushi un whisky d\u2019assemblage Japonais et bien entendu, la gamme de Whiskies Fran\u00e7ais produit localement : Le Breuil.<\/p>\n<p><strong>Le Breuil Origine&nbsp;:<\/strong> Assemblage de f\u00fbts de ch\u00eanes am\u00e9ricains et Fran\u00e7ais. (Or au World Whiskies Awards 2021)<\/p>\n<p><strong>Le Breuil Finition Sherry Olorosso&nbsp;:<\/strong> Assemblage de f\u00fbts de ch\u00eanes am\u00e9ricains et Fran\u00e7ais, \u00ab&nbsp;finition&nbsp;\u00bb de deux ans dans des f\u00fbts de sherry Olorosso<\/p>\n<p><strong>Le Breuil Finition Tourbe&nbsp;:<\/strong> Assemblage de f\u00fbts de ch\u00eanes am\u00e9ricains et Fran\u00e7ais, \u00ab&nbsp;finition&nbsp;\u00bb de deux ans dans des f\u00fbts de whisky tourb\u00e9. (Argent au World Whiskies Awards 2021)<\/p>\n<\/td>\n<\/tr>\n<tr style=\"height: 88px;\">\n<td style=\"height: 88px;\" width=\"188\">\n<p>Eau<\/p>\n<\/td>\n<td style=\"height: 88px;\" width=\"549\">&nbsp;<\/td>\n<\/tr>\n<tr style=\"height: 412px;\">\n<td style=\"height: 412px;\" width=\"188\">\n<p>C\u00e9r\u00e9ale(s)<\/p>\n<p>&nbsp;<\/p>\n<\/td>\n<td style=\"height: 412px;\" width=\"549\">\n<p>La distillerie a fait le choix de travailler avec une orge mythique (utilis\u00e9 par Karuizawa et Macallan entre autres) et dont les qualit\u00e9s organoleptiques ne sont plus \u00e0 d\u00e9montrer : la golden Promise.<\/p>\n<p>Cette orge provient de deux en Angleterre&nbsp;:<\/p>\n<table>\n<tbody>\n<tr>\n<td>\n<p>Ferme de James Fawcett , Aberford<\/p>\n<\/td>\n<\/tr>\n<tr>\n<td>\n<p>Fermes du Yorkshire Wolds, Driffield<\/p>\n<\/td>\n<\/tr>\n<\/tbody>\n<\/table>\n<\/td>\n<\/tr>\n<tr style=\"height: 200px;\">\n<td style=\"height: 200px;\" width=\"188\">\n<p>&nbsp;<\/p>\n<p>&nbsp;<\/p>\n<p>Brassage<\/p>\n<\/td>\n<td style=\"height: 200px;\" width=\"549\">\n<p>\u00c0 ce jour, le brassage a lieu en Normandie mais le ch\u00e2teau du Breuil pr\u00e9voit d\u2019int\u00e9grer cette activit\u00e9 d\u00e8s 2021&nbsp;!<\/p>\n<\/td>\n<\/tr>\n<tr style=\"height: 172px;\">\n<td style=\"height: 172px;\" width=\"188\">\n<p>Fermentation\/Levures<\/p>\n<\/td>\n<td style=\"height: 172px;\" width=\"549\">\n<p>C\u2019est un sujet sur lequel la distillerie reste discr\u00e8te, n\u00e9anmoins, l&rsquo;enjeu de cette \u00e9tape est de cr\u00e9er beaucoup d\u2019ar\u00f4mes tout en pr\u00e9servant l\u2019essence de la golden promise.<\/p>\n<\/td>\n<\/tr>\n<tr style=\"height: 116px;\">\n<td style=\"height: 116px;\" width=\"188\">\n<p>Alambics<\/p>\n<\/td>\n<td style=\"height: 116px;\" width=\"549\">\n<p>La distillerie dispose de deux alambics Charentais et pr\u00e9voit d\u2019en installer un troisi\u00e8me.<\/p>\n<\/td>\n<\/tr>\n<tr style=\"height: 228px;\">\n<td style=\"height: 228px;\" width=\"188\">\n<p>Distillation<\/p>\n<\/td>\n<td style=\"height: 228px;\" width=\"549\">\n<p>Le distillat titre entre 68 et 72 %vol, il est ensuite r\u00e9duit petit \u00e0 petit directement dans les f\u00fbts (-5 %vols par an).&nbsp; La distillerie effectue un tri lors de la premi\u00e8re distillation alors qu&rsquo;en temps normal, on \u00e9carte les t\u00eates et les queux que sur la seconde distillation.<\/p>\n<\/td>\n<\/tr>\n<tr style=\"height: 172px;\">\n<td style=\"height: 172px;\" width=\"188\">\n<p>Type de chai<\/p>\n<\/td>\n<td style=\"height: 172px;\" width=\"549\">\n<p>La distillerie dispose d\u2019un superbe chai humide sur trois niveaux dans une b\u00e2tisse surplombant l\u2019\u00e9tang. Il y a \u00e9galement un chai sec dans un autre b\u00e2timent.<\/p>\n<\/td>\n<\/tr>\n<tr style=\"height: 284px;\">\n<td style=\"height: 284px;\" width=\"188\">\n<p>F\u00fbt(s)<\/p>\n<\/td>\n<td style=\"height: 284px;\" width=\"549\">\n<p>Futs de ch\u00eane Am\u00e9ricain<\/p>\n<p>F\u00fbts de ch\u00eane Fran\u00e7ais<\/p>\n<p>F\u00fbts de Sherry Olorosso de la bodega C\u00e9sar Florido<\/p>\n<p>F\u00fbts de Whisky Tourb\u00e9e de l\u2019ile d\u2019Islay<\/p>\n<\/td>\n<\/tr>\n<tr style=\"height: 200px;\">\n<td style=\"height: 200px;\" width=\"188\">\n<p>Donn\u00e9es Territoriales<\/p>\n<\/td>\n<td style=\"height: 200px;\" width=\"549\">\n<p>Le Breuil en Auge connait un climat maritime. La pluie tombe tous les mois de l&rsquo;ann\u00e9e. La temp\u00e9rature moyenne annuelle est de 15\u00b0 degr\u00e9s et la pluviom\u00e9trie est de 332 mm (Taux d&rsquo;humidit\u00e9 estim\u00e9 \u00e0 79%).<\/p>\n<\/td>\n<\/tr>\n<tr style=\"height: 88px;\">\n<td style=\"height: 88px;\" width=\"188\">\n<p>Notes<\/p>\n<\/td>\n<td style=\"height: 88px;\" width=\"549\">&nbsp;<\/td>\n<\/tr>\n<tr style=\"height: 88px;\">\n<td style=\"height: 88px;\" width=\"188\">\n<p>Site Web<\/p>\n<\/td>\n<td style=\"height: 88px;\" width=\"549\">\n<p><a href=\"http:\/\/www.chateau-breuil.com\">www.chateau-breuil.com<\/a><\/p>\n<\/td>\n<\/tr>\n<\/tbody>\n<\/table>\n<p><img loading=\"lazy\" decoding=\"async\" data-attachment-id=\"5929\" data-permalink=\"https:\/\/whisky-francais.com\/index.php\/chateau-du-breuil\/le-breuil-single-malt-whisky-francais-olorosso-sherry-tourbee-islay\/\" data-orig-file=\"https:\/\/whisky-francais.com\/wp-content\/uploads\/2021\/02\/Le-breuil-single-malt-whisky-francais-olorosso-sherry-tourbee-islay.jpg\" data-orig-size=\"1271,847\" data-comments-opened=\"0\" data-image-meta=\"{&quot;aperture&quot;:&quot;5&quot;,&quot;credit&quot;:&quot;&quot;,&quot;camera&quot;:&quot;Canon EOS 550D&quot;,&quot;caption&quot;:&quot;&quot;,&quot;created_timestamp&quot;:&quot;1614266351&quot;,&quot;copyright&quot;:&quot;&quot;,&quot;focal_length&quot;:&quot;25&quot;,&quot;iso&quot;:&quot;100&quot;,&quot;shutter_speed&quot;:&quot;0.00125&quot;,&quot;title&quot;:&quot;&quot;,&quot;orientation&quot;:&quot;1&quot;}\" data-image-title=\"Le breuil single malt whisky francais olorosso sherry tourbee islay\" data-image-description=\"&lt;p&gt;La Gamme Le Breuil&lt;\/p&gt;\n\" data-image-caption=\"\" data-medium-file=\"https:\/\/whisky-francais.com\/wp-content\/uploads\/2021\/02\/Le-breuil-single-malt-whisky-francais-olorosso-sherry-tourbee-islay-300x200.jpg\" data-large-file=\"https:\/\/whisky-francais.com\/wp-content\/uploads\/2021\/02\/Le-breuil-single-malt-whisky-francais-olorosso-sherry-tourbee-islay-1024x682.jpg\" class=\"alignnone wp-image-5929 size-full\" src=\"https:\/\/whisky-francais.com\/wp-content\/uploads\/2021\/02\/Le-breuil-single-malt-whisky-francais-olorosso-sherry-tourbee-islay.jpg\" alt=\"\" width=\"1271\" height=\"847\" srcset=\"https:\/\/whisky-francais.com\/wp-content\/uploads\/2021\/02\/Le-breuil-single-malt-whisky-francais-olorosso-sherry-tourbee-islay.jpg 1271w, https:\/\/whisky-francais.com\/wp-content\/uploads\/2021\/02\/Le-breuil-single-malt-whisky-francais-olorosso-sherry-tourbee-islay-300x200.jpg 300w, https:\/\/whisky-francais.com\/wp-content\/uploads\/2021\/02\/Le-breuil-single-malt-whisky-francais-olorosso-sherry-tourbee-islay-1024x682.jpg 1024w, https:\/\/whisky-francais.com\/wp-content\/uploads\/2021\/02\/Le-breuil-single-malt-whisky-francais-olorosso-sherry-tourbee-islay-768x512.jpg 768w, https:\/\/whisky-francais.com\/wp-content\/uploads\/2021\/02\/Le-breuil-single-malt-whisky-francais-olorosso-sherry-tourbee-islay-120x80.jpg 120w, https:\/\/whisky-francais.com\/wp-content\/uploads\/2021\/02\/Le-breuil-single-malt-whisky-francais-olorosso-sherry-tourbee-islay-480x320.jpg 480w\" sizes=\"(max-width: 1271px) 100vw, 1271px\" \/><\/p>\n<p>Pour aller plus loin : https:\/\/whisky-francais.com\/index.php\/2021\/02\/28\/chateau-de-breuil-le-whisky-de-normandie\/<\/p>\n","protected":false},"excerpt":{"rendered":"<p>Situ\u00e9 \u00e0 Breuil-en-auge en Normandie, le ch\u00e2teau du Breuil est r\u00e9put\u00e9 pour la qualit\u00e9 de ses Calvados. Depuis peu, et<\/p>\n","protected":false},"author":1,"featured_media":5927,"parent":0,"menu_order":0,"comment_status":"closed","ping_status":"closed","template":"","meta":{"jetpack_post_was_ever_published":false,"footnotes":""},"class_list":["post-5923","page","type-page","status-publish","has-post-thumbnail","hentry"],"jetpack_sharing_enabled":true,"jetpack_shortlink":"https:\/\/wp.me\/P8oZPa-1xx","jetpack-related-posts":[{"id":56,"url":"https:\/\/whisky-francais.com\/index.php\/distilleries\/","url_meta":{"origin":5923,"position":0},"title":"Producteurs \/ Distilleries","date":"11 f\u00e9vrier 2017","format":false,"excerpt":"Auvergne-Rh\u00f4ne-Alpes Distillerie du Drac Distillerie des Bughes Distillerie du Vercors Domaine des Hautes Glaces Distillerie des Hautes Terres AlpSpirits (ferm\u00e9e) Monsieur Balthazar Mont Blanc Ninkasi O\u2019Baptiste (Ne produit plus de whisky) Bourgogne-Franche-Comt\u00e9 Br\u00fblerie du Revermont Michel Couvreur Rouget de Lisle Bretagne La Bambelle Distillerie des Menhirs Distillerie FDC (Bale Bro)\u2026","rel":"","context":"Article similaire","img":{"alt_text":"","src":"","width":0,"height":0},"classes":[]},{"id":8066,"url":"https:\/\/whisky-francais.com\/index.php\/palmares-des-whiskies-francais-2025\/","url_meta":{"origin":5923,"position":1},"title":"Palmar\u00e8s des whiskies fran\u00e7ais 2025","date":"26 septembre 2025","format":false,"excerpt":"\u00a0 \ud83d\udc8e Diamond Alfred GIRAUD French Malt Whisky \u2013 Harmonie \u2013 Blended Malt Yeun Elez \u2013 F\u00fbt N\u00b03702 \u2013 Single Cask Single Malt Coperies \u2013 Les Brumes \u2013 Single Malt T.O.S Distillerie \u2013 Artesia Double Maturation \u2013 Small Batch Single Malt La Piautre \u2013 Empreinte \u2013 Small Batch Single Malt\u2026","rel":"","context":"Article similaire","img":{"alt_text":"","src":"https:\/\/i0.wp.com\/whisky-francais.com\/wp-content\/uploads\/2025\/09\/DSC_3867.jpg?resize=350%2C200&ssl=1","width":350,"height":200},"classes":[]},{"id":7295,"url":"https:\/\/whisky-francais.com\/index.php\/milhoc\/","url_meta":{"origin":5923,"position":2},"title":"Milh\u00f2c","date":"16 juin 2024","format":false,"excerpt":"Situ\u00e9 \u00e0 Sorbets, dans le Gers, le Ch\u00e2teau de Laubade est un nom bien connu des amateurs d\u2019Armagnac. R\u00e9put\u00e9 pour la qualit\u00e9 de ses eaux-de-vie, ce domaine embl\u00e9matique, fond\u00e9 \u00e0 la fin du XIXe si\u00e8cle,\u00a0 \u00e0 ajouter une nouvelle corde \u00e0 son arc : la production de whisky !\u00a0 Statut\u2026","rel":"","context":"Article similaire","img":{"alt_text":"","src":"https:\/\/i0.wp.com\/whisky-francais.com\/wp-content\/uploads\/2025\/04\/milhoc-whisky-francais-laubade-3.jpg?resize=350%2C200&ssl=1","width":350,"height":200},"classes":[]},{"id":6768,"url":"https:\/\/whisky-francais.com\/index.php\/chateau-du-barroux\/","url_meta":{"origin":5923,"position":3},"title":"Ch\u00e2teau du Barroux","date":"8 juillet 2023","format":false,"excerpt":"Une seconde distillerie de whisky a \u00e9t\u00e9 inaugur\u00e9e en 2021 dans la r\u00e9gion Provence-Alpes-C\u00f4te d'Azur. Le ch\u00e2teau du Barroux, situ\u00e9 dans le Vaucluse, a une histoire mouvement\u00e9e, passant par diff\u00e9rentes p\u00e9riodes d'abandon et de r\u00e9novation. En 2020, Jean-Baptiste Vayson et sa femme Fanny d\u00e9cident de redonner vie au ch\u00e2teau et\u2026","rel":"","context":"Article similaire","img":{"alt_text":"","src":"https:\/\/i0.wp.com\/whisky-francais.com\/wp-content\/uploads\/2023\/07\/logo-distillerie-chateau-du-Barroux-whisky-Francais.png?resize=350%2C200&ssl=1","width":350,"height":200},"classes":[]},{"id":7700,"url":"https:\/\/whisky-francais.com\/index.php\/brasserie-distillerie-de-vauclair\/","url_meta":{"origin":5923,"position":4},"title":"Brasserie distillerie de Vauclair","date":"15 janvier 2025","format":false,"excerpt":"En septembre 2024, la brasserie-distillerie de Vauclair, r\u00e9put\u00e9e pour ses bi\u00e8res de qualit\u00e9 \"La Choue\", a embouteill\u00e9 son tout premier whisky, baptis\u00e9 \u00ab Le Cahou \u00bb. Derri\u00e8re cette anagramme de \u00ab La Choue \u00bb se cache un superbe single malt dont les racines remontent \u00e0 pr\u00e8s d\u2019un demi mill\u00e9naire !\u2026","rel":"","context":"Article similaire","img":{"alt_text":"","src":"https:\/\/i0.wp.com\/whisky-francais.com\/wp-content\/uploads\/2025\/01\/brasserie-distillerie-de-Vauclair-le-cahou-whisky-francais-tete-de-fut.jpg?resize=350%2C200&ssl=1","width":350,"height":200},"classes":[]},{"id":4056,"url":"https:\/\/whisky-francais.com\/index.php\/distilleries\/moon-harbour\/","url_meta":{"origin":5923,"position":5},"title":"Moon Harbour","date":"31 janvier 2019","format":false,"excerpt":"Passionn\u00e9s de whisky et entrepreneurs chevronn\u00e9s, Yves M\u00e9dina et Jean Philippe Ballanger s\u2019unissent en 2014 autour d\u2019un projet unique : r\u00e9am\u00e9nager un ancien bunker pour y installer une distillerie\u00a0! Trois ans plus tard, Moon Harbour ouvre ses portes. Pour Bordeaux, c\u2019est le d\u00e9but d\u2019un nouveau chapitre\u00a0: la ville compte d\u00e9sormais\u2026","rel":"","context":"Article similaire","img":{"alt_text":"","src":"https:\/\/i0.wp.com\/whisky-francais.com\/wp-content\/uploads\/2019\/01\/MOONHARBOUR2-min.jpg?resize=350%2C200","width":350,"height":200},"classes":[]}],"_links":{"self":[{"href":"https:\/\/whisky-francais.com\/index.php\/wp-json\/wp\/v2\/pages\/5923"}],"collection":[{"href":"https:\/\/whisky-francais.com\/index.php\/wp-json\/wp\/v2\/pages"}],"about":[{"href":"https:\/\/whisky-francais.com\/index.php\/wp-json\/wp\/v2\/types\/page"}],"author":[{"embeddable":true,"href":"https:\/\/whisky-francais.com\/index.php\/wp-json\/wp\/v2\/users\/1"}],"replies":[{"embeddable":true,"href":"https:\/\/whisky-francais.com\/index.php\/wp-json\/wp\/v2\/comments?post=5923"}],"version-history":[{"count":6,"href":"https:\/\/whisky-francais.com\/index.php\/wp-json\/wp\/v2\/pages\/5923\/revisions"}],"predecessor-version":[{"id":7035,"href":"https:\/\/whisky-francais.com\/index.php\/wp-json\/wp\/v2\/pages\/5923\/revisions\/7035"}],"wp:featuredmedia":[{"embeddable":true,"href":"https:\/\/whisky-francais.com\/index.php\/wp-json\/wp\/v2\/media\/5927"}],"wp:attachment":[{"href":"https:\/\/whisky-francais.com\/index.php\/wp-json\/wp\/v2\/media?parent=5923"}],"curies":[{"name":"wp","href":"https:\/\/api.w.org\/{rel}","templated":true}]}}