{"id":5979,"date":"2021-05-30T21:32:37","date_gmt":"2021-05-30T19:32:37","guid":{"rendered":"http:\/\/whisky-francais.com\/?page_id=5979"},"modified":"2024-01-07T14:18:36","modified_gmt":"2024-01-07T13:18:36","slug":"distillerie-du-drac","status":"publish","type":"page","link":"https:\/\/whisky-francais.com\/index.php\/distillerie-du-drac\/","title":{"rendered":"Distillerie du DRAC"},"content":{"rendered":"\n\n\n<p style=\"text-align: right;\">Derni\u00e8res mises \u00e0 jour : Janvier 2024<\/p>\n<p>C\u2019est au c\u0153ur de l\u2019Is\u00e8re, \u00e0 Champ sur Drac qu\u2019en 2015, deux amis d\u00e9cident de cr\u00e9er leur propre distillerie. Ces deux m\u00e9lomanes se sont appropri\u00e9 leurs alambics comme des instruments de musique, et cherchent aujourd\u2019hui \u00e0 en produire les plus belles \u00ab sonorit\u00e9s \u00bb en jonglant avec le terroir, l\u2019authenticit\u00e9 et la sinc\u00e9rit\u00e9.<\/p>\n<p><img loading=\"lazy\" decoding=\"async\" data-attachment-id=\"6032\" data-permalink=\"https:\/\/whisky-francais.com\/index.php\/distillerie-du-drac\/logo-nom-neg\/\" data-orig-file=\"https:\/\/whisky-francais.com\/wp-content\/uploads\/2021\/05\/LOGO-NOM-NEG.jpg\" data-orig-size=\"122,121\" data-comments-opened=\"0\" data-image-meta=\"{&quot;aperture&quot;:&quot;0&quot;,&quot;credit&quot;:&quot;&quot;,&quot;camera&quot;:&quot;&quot;,&quot;caption&quot;:&quot;&quot;,&quot;created_timestamp&quot;:&quot;0&quot;,&quot;copyright&quot;:&quot;&quot;,&quot;focal_length&quot;:&quot;0&quot;,&quot;iso&quot;:&quot;0&quot;,&quot;shutter_speed&quot;:&quot;0&quot;,&quot;title&quot;:&quot;&quot;,&quot;orientation&quot;:&quot;0&quot;}\" data-image-title=\"LOGO-NOM-NEG\" data-image-description=\"\" data-image-caption=\"\" data-medium-file=\"https:\/\/whisky-francais.com\/wp-content\/uploads\/2021\/05\/LOGO-NOM-NEG.jpg\" data-large-file=\"https:\/\/whisky-francais.com\/wp-content\/uploads\/2021\/05\/LOGO-NOM-NEG.jpg\" class=\"size-full wp-image-6032 aligncenter\" src=\"https:\/\/whisky-francais.com\/wp-content\/uploads\/2021\/05\/LOGO-NOM-NEG.jpg\" alt=\"\" width=\"122\" height=\"121\" data-attachment-id=\"6032\" data-permalink=\"https:\/\/whisky-francais.com\/index.php\/distillerie-du-drac\/logo-nom-neg\/\" data-orig-file=\"https:\/\/whisky-francais.com\/wp-content\/uploads\/2021\/05\/LOGO-NOM-NEG.jpg\" data-orig-size=\"122,121\" data-comments-opened=\"0\" data-image-meta=\"{&quot;aperture&quot;:&quot;0&quot;,&quot;credit&quot;:&quot;&quot;,&quot;camera&quot;:&quot;&quot;,&quot;caption&quot;:&quot;&quot;,&quot;created_timestamp&quot;:&quot;0&quot;,&quot;copyright&quot;:&quot;&quot;,&quot;focal_length&quot;:&quot;0&quot;,&quot;iso&quot;:&quot;0&quot;,&quot;shutter_speed&quot;:&quot;0&quot;,&quot;title&quot;:&quot;&quot;,&quot;orientation&quot;:&quot;0&quot;}\" data-image-title=\"LOGO-NOM-NEG\" data-image-description=\"\" data-image-caption=\"\" data-medium-file=\"https:\/\/whisky-francais.com\/wp-content\/uploads\/2021\/05\/LOGO-NOM-NEG.jpg\" data-large-file=\"https:\/\/whisky-francais.com\/wp-content\/uploads\/2021\/05\/LOGO-NOM-NEG.jpg\" \/><\/p>\n<table style=\"width: 100%;\">\n<tbody>\n<tr>\n<td style=\"width: 15.7955%;\">Statut<\/td>\n<td style=\"width: 83.75%;\">En production.\n<p>Night life, le premier whisky de la distillerie du DRAC est sorti en 2021<\/p>\n<\/td>\n<\/tr>\n<tr>\n<td style=\"width: 15.7955%;\">Localisation<\/td>\n<td style=\"width: 83.75%;\">133 route de Saint Georges, 38560 Champ-sur-Drac<\/td>\n<\/tr>\n<tr>\n<td style=\"width: 15.7955%;\">Vol. Production<\/td>\n<td style=\"width: 83.75%;\">Faible<\/td>\n<\/tr>\n<tr>\n<td style=\"width: 15.7955%;\">Dates Cl\u00e9s<\/td>\n<td style=\"width: 83.75%;\">\n<p>2015 : Cr\u00e9ation de la distillerie<\/p>\n<p>2019 : Sorti de Blue In Green, un distillat ag\u00e9e de 21 mois.<\/p>\n<p>2021 : Sortir de Night Life, le premier whisky de la distillerie du DRAC<\/p>\n<p>2022 : Pascal Knipiler se tourne vers d\u2019autres aventures et quitte le projet.<\/p>\n<p>2023 : 1986 Sumer Fire, second whisky de la distillerie est embouteill\u00e9. Il s&rsquo;agit d&rsquo;une expression fum\u00e9 a la tourbe et au foin de montagne. Une premi\u00e8re !<\/p>\n<\/td>\n<\/tr>\n<tr>\n<td style=\"width: 15.7955%;\">Personnages Cl\u00e9s<\/td>\n<td style=\"width: 83.75%;\">\n<ul>\n<li class=\"inline t-24 t-black t-normal break-words\">Dorian Vieux-Pernon<\/li>\n<li>Pascal Knipiler<\/li>\n<\/ul>\n<\/td>\n<\/tr>\n<tr>\n<td style=\"width: 15.7955%;\">Gamme<\/td>\n<td style=\"width: 83.75%;\">\n<ul>\n<li><strong>Blue in Green :<\/strong>\u00a0Orge cultiv\u00e9e et malt\u00e9e localement,\u00a0 double distillation, vieillissement en f\u00fbts de ch\u00eane Fran\u00e7ais pendant 21 mois. Embouteill\u00e9 \u00e0 47% vol sans filtration a froid. 224 Bouteilles uniquement.<\/li>\n<li><strong>Night Life :<\/strong>\u00a0Orge cultiv\u00e9e et malt\u00e9e localement,\u00a0 double distillation. \u00c9levage en plusieurs \u00e9tapes : d\u2019abord en f\u00fbts de ch\u00eane neufs de 28 litres, puis en barrique de 225 litres de Vin Doux Naturel Rouge du Domaine des Trapadis. (Rasteau).<\/li>\n<li><strong>The Chords : <\/strong>Pur malt de vingt-quatre mois (ch\u00eane neuf et vin doux naturel) fait \u00e9cho aux tonalit\u00e9s du piano de l\u2019Allemand Nils Frahm et, en 2023,<\/li>\n<li><a href=\"https:\/\/whisky-francais.com\/index.php\/2024\/01\/07\/distillerie-du-drac-a-la-frontiere-du-son-et-du-whisky\/\"><strong>1986 Sumer Fire<\/strong><\/a> : Whisky distill\u00e9 entre 2018 et 2020, fum\u00e9e au foin de montagne et \u00e0 la tourbe et \u00e9lev\u00e9 dans un fut de vin doux naturelle de second remplissage (Celui la m\u00eame qui avait accueilli Night Life) <a href=\"https:\/\/whisky-francais.com\/index.php\/2024\/01\/07\/distillerie-du-drac-a-la-frontiere-du-son-et-du-whisky\/\">En savoir plus\u00a0<\/a><\/li>\n<\/ul>\n<\/td>\n<\/tr>\n<tr>\n<td style=\"width: 15.7955%;\">Eau<\/td>\n<td style=\"width: 83.75%;\">\u00a0<\/td>\n<\/tr>\n<tr>\n<td style=\"width: 15.7955%;\">C\u00e9r\u00e9ales \/ Maltage<\/td>\n<td style=\"width: 83.75%;\">\n<p>Orge du d\u00e9partement en partie malt\u00e9e localement.<\/p>\n<\/td>\n<\/tr>\n<tr>\n<td style=\"width: 15.7955%;\">Brassage \/<br \/>Fermentation<\/td>\n<td style=\"width: 83.75%;\">Plusieurs souches sont utilis\u00e9es et notamment des levures cultiv\u00e9es par la distillerie.<\/td>\n<\/tr>\n<tr>\n<td style=\"width: 15.7955%;\">Alambics<\/td>\n<td style=\"width: 83.75%;\">\n<blockquote>Nous disposons d\u2019un alambic original et modulable. Un alambic qui puisse \u00e0 la fois \u00eatre trapus pour produire des distillats lourds ; mais qui puisse \u00e9galement \u00eatre plus haut en y ajoutant une colonne afin de s\u00e9lectionner un alcool plus raffin\u00e9. \u00a0Il ne s\u2019agit pas d\u2019une colonne \u00e0 plateau, mais d\u2019une colonne simple ce qui a d\u2019ailleurs suscit\u00e9 de l\u2019interrogation chez l\u2019artisan \u00e0 qui nous l\u2019avons command\u00e9.<\/blockquote>\n<\/td>\n<\/tr>\n<tr>\n<td style=\"width: 15.7955%;\">Distillation<\/td>\n<td style=\"width: 83.75%;\">Double distillation<\/td>\n<\/tr>\n<tr>\n<td style=\"width: 15.7955%;\">Type de Chai<\/td>\n<td style=\"width: 83.75%;\">Chai humide<\/td>\n<\/tr>\n<tr>\n<td style=\"width: 15.7955%;\">F\u00fbts<\/td>\n<td style=\"width: 83.75%;\">\n<ul>\n<li>Ex f\u00fbt de\u00a0<b>Rasteau <\/b>et autre vin doux naturel<\/li>\n<li>Ch\u00eane neuf fran\u00e7ais.<\/li>\n<\/ul>\n<\/td>\n<\/tr>\n<tr>\n<td style=\"width: 15.7955%;\">Donn\u00e9es Territoriales<\/td>\n<td style=\"width: 83.75%;\">\n<p>\u00a0<\/p>\n<\/td>\n<\/tr>\n<tr>\n<td style=\"width: 15.7955%;\">Notes<\/td>\n<td style=\"width: 83.75%;\">\u00a0<\/td>\n<\/tr>\n<tr>\n<td style=\"width: 15.7955%;\">Site Web<\/td>\n<td style=\"width: 83.75%;\">https:\/\/www.distilleriedudrac.com\/<\/td>\n<\/tr>\n<\/tbody>\n<\/table>\n<p><img loading=\"lazy\" decoding=\"async\" data-attachment-id=\"6031\" data-permalink=\"https:\/\/whisky-francais.com\/index.php\/distillerie-du-drac\/img_20210215_163246\/\" data-orig-file=\"https:\/\/whisky-francais.com\/wp-content\/uploads\/2021\/05\/IMG_20210215_163246.jpg\" data-orig-size=\"845,819\" data-comments-opened=\"0\" data-image-meta=\"{&quot;aperture&quot;:&quot;1.8&quot;,&quot;credit&quot;:&quot;&quot;,&quot;camera&quot;:&quot;MI 9&quot;,&quot;caption&quot;:&quot;&quot;,&quot;created_timestamp&quot;:&quot;1613406767&quot;,&quot;copyright&quot;:&quot;&quot;,&quot;focal_length&quot;:&quot;4.75&quot;,&quot;iso&quot;:&quot;463&quot;,&quot;shutter_speed&quot;:&quot;0.02&quot;,&quot;title&quot;:&quot;&quot;,&quot;orientation&quot;:&quot;1&quot;}\" data-image-title=\"IMG_20210215_163246\" data-image-description=\"\" data-image-caption=\"\" data-medium-file=\"https:\/\/whisky-francais.com\/wp-content\/uploads\/2021\/05\/IMG_20210215_163246-300x291.jpg\" data-large-file=\"https:\/\/whisky-francais.com\/wp-content\/uploads\/2021\/05\/IMG_20210215_163246.jpg\" class=\"alignnone size-full wp-image-6031\" src=\"https:\/\/whisky-francais.com\/wp-content\/uploads\/2021\/05\/IMG_20210215_163246.jpg\" sizes=\"(max-width: 845px) 100vw, 845px\" srcset=\"https:\/\/whisky-francais.com\/wp-content\/uploads\/2021\/05\/IMG_20210215_163246.jpg 845w, https:\/\/whisky-francais.com\/wp-content\/uploads\/2021\/05\/IMG_20210215_163246-300x291.jpg 300w, https:\/\/whisky-francais.com\/wp-content\/uploads\/2021\/05\/IMG_20210215_163246-768x744.jpg 768w\" alt=\"\" width=\"845\" height=\"819\" data-attachment-id=\"6031\" data-permalink=\"https:\/\/whisky-francais.com\/index.php\/distillerie-du-drac\/img_20210215_163246\/\" data-orig-file=\"https:\/\/whisky-francais.com\/wp-content\/uploads\/2021\/05\/IMG_20210215_163246.jpg\" data-orig-size=\"845,819\" data-comments-opened=\"0\" data-image-meta=\"{&quot;aperture&quot;:&quot;1.8&quot;,&quot;credit&quot;:&quot;&quot;,&quot;camera&quot;:&quot;MI 9&quot;,&quot;caption&quot;:&quot;&quot;,&quot;created_timestamp&quot;:&quot;1613406767&quot;,&quot;copyright&quot;:&quot;&quot;,&quot;focal_length&quot;:&quot;4.75&quot;,&quot;iso&quot;:&quot;463&quot;,&quot;shutter_speed&quot;:&quot;0.02&quot;,&quot;title&quot;:&quot;&quot;,&quot;orientation&quot;:&quot;1&quot;}\" data-image-title=\"IMG_20210215_163246\" data-image-description=\"\" data-image-caption=\"\" data-medium-file=\"https:\/\/whisky-francais.com\/wp-content\/uploads\/2021\/05\/IMG_20210215_163246-300x291.jpg\" data-large-file=\"https:\/\/whisky-francais.com\/wp-content\/uploads\/2021\/05\/IMG_20210215_163246.jpg\" \/><\/p>\n<p>\u00a0<\/p>\n","protected":false},"excerpt":{"rendered":"<p>Derni\u00e8res mises \u00e0 jour : Janvier 2024 C\u2019est au c\u0153ur de l\u2019Is\u00e8re, \u00e0 Champ sur Drac qu\u2019en 2015, deux amis<\/p>\n","protected":false},"author":1,"featured_media":6031,"parent":0,"menu_order":0,"comment_status":"closed","ping_status":"closed","template":"","meta":{"jetpack_post_was_ever_published":false,"footnotes":""},"class_list":["post-5979","page","type-page","status-publish","has-post-thumbnail","hentry"],"jetpack_sharing_enabled":true,"jetpack_shortlink":"https:\/\/wp.me\/P8oZPa-1yr","jetpack-related-posts":[{"id":56,"url":"https:\/\/whisky-francais.com\/index.php\/distilleries\/","url_meta":{"origin":5979,"position":0},"title":"Producteurs \/ Distilleries","date":"11 f\u00e9vrier 2017","format":false,"excerpt":"Auvergne-Rh\u00f4ne-Alpes Distillerie du Drac Distillerie des Bughes Distillerie du Vercors Domaine des Hautes Glaces Distillerie des Hautes Terres AlpSpirits (ferm\u00e9e) Monsieur Balthazar Mont Blanc Ninkasi O\u2019Baptiste (Ne produit plus de whisky) Bourgogne-Franche-Comt\u00e9 Br\u00fblerie du Revermont Michel Couvreur Rouget de Lisle Bretagne La Bambelle Distillerie des Menhirs Distillerie FDC (Bale Bro)\u2026","rel":"","context":"Article similaire","img":{"alt_text":"","src":"","width":0,"height":0},"classes":[]},{"id":6842,"url":"https:\/\/whisky-francais.com\/index.php\/distillerie-la-salamandre\/","url_meta":{"origin":5979,"position":1},"title":"Distillerie la Salamandre","date":"9 septembre 2023","format":false,"excerpt":"Situ\u00e9 au c\u0153ur du P\u00e9rigord noir, la distillerie de la Salamandre tire son nom de l'embl\u00e8me de la ville de Sarlat-la-Can\u00e9da ou elle est install\u00e9e. D'abord r\u00e9put\u00e9 pour ses eaux de vie de fruits, la distillerie utilise d\u00e9sormais ses deux alambics \u00e0 vases pour produire un whisky qui est le\u2026","rel":"","context":"Article similaire","img":{"alt_text":"","src":"https:\/\/i0.wp.com\/whisky-francais.com\/wp-content\/uploads\/2023\/09\/distillerie-de-la-salamandre-whisky-francais-batiment.jpg?resize=350%2C200&ssl=1","width":350,"height":200},"classes":[]},{"id":585,"url":"https:\/\/whisky-francais.com\/index.php\/distilleries\/hautefeuille\/","url_meta":{"origin":5979,"position":2},"title":"Distillerie d&rsquo;Hautefeuille","date":"20 mars 2017","format":false,"excerpt":"La distillerie d'Hautefeuille est install\u00e9e au coeur de la Picardie, dans une propri\u00e9t\u00e9 familiale vieille de 10 g\u00e9n\u00e9rations. Lorsqu'\u00c9tienne d\u2019Hautefeuille\u00a0- ing\u00e9nieur de formation - reprend l'exploitation agricole, il songe d\u00e9j\u00e0 \u00e0 la possibilit\u00e9 de produire ses propres spiritueux (Gin & Whisky). Cette volont\u00e9 se concr\u00e9tisera \u00e0 la suite de sa\u2026","rel":"","context":"Article similaire","img":{"alt_text":"","src":"https:\/\/i0.wp.com\/whisky-francais.com\/wp-content\/uploads\/2017\/03\/DJI_0036-min.jpg?resize=350%2C200","width":350,"height":200},"classes":[]},{"id":4183,"url":"https:\/\/whisky-francais.com\/index.php\/distilleries\/kentan\/","url_meta":{"origin":5979,"position":3},"title":"Kenta\u00f1","date":"28 f\u00e9vrier 2019","format":false,"excerpt":"Nich\u00e9e en Bretagne Nord \u00e0 quelques encablures de la Manche, la \u00ab\u00a0nano-distillerie\u00a0\u00bb Kenta\u00f1 s\u2019est lanc\u00e9e dans la production de whisky en 2018. R\u00e9solument orient\u00e9e bio et local, ses deux fondateurs m\u00e8nent ce travail d\u2019artisan en parall\u00e8le de leurs emplois respectifs. Rendez-vous en 2021 pour la premi\u00e8re d\u00e9gustation\u00a0? Statut Whisky en\u2026","rel":"","context":"Article similaire","img":{"alt_text":"Kenta\u00f1, Kentan, distillerie, Tonqu\u00e9dec, C\u00f4tes d'Armor, France, Samuel Prades, Nicolas D\u00e9laizir, Yec'Hed Malt, alambic charentais, Pinot des Charentes, Coteaux du Layon, Cidre, Whisky Fran\u00e7ais, French Whisky, Matthieu Acar, Xavier Brevet, d\u00e9gustation, whisky, masterclass, Paris, atelier, d\u00e9gustation","src":"https:\/\/i0.wp.com\/whisky-francais.com\/wp-content\/uploads\/2019\/02\/DSC_0729-Redim-min.jpeg?resize=350%2C200&ssl=1","width":350,"height":200},"classes":[]},{"id":493,"url":"https:\/\/whisky-francais.com\/index.php\/distilleries\/miclo\/","url_meta":{"origin":5979,"position":4},"title":"G.Miclo","date":"6 mars 2017","format":false,"excerpt":"Depuis les ann\u00e9es 90 la consommation des eaux-de-vie a baiss\u00e9 en France. D'une part par effet de mode (les eaux-de-vie sont vues comme vieillottes) d'autre part, car la mise en place des contr\u00f4les routiers a fait baisser les ventes li\u00e9es \u00e0 la restauration. C'est aussi, et peut-\u00eatre surtout, car les\u2026","rel":"","context":"Article similaire","img":{"alt_text":"","src":"https:\/\/i0.wp.com\/whisky-francais.com\/wp-content\/uploads\/2017\/03\/Alambics.jpg?resize=350%2C200","width":350,"height":200},"classes":[]},{"id":2844,"url":"https:\/\/whisky-francais.com\/index.php\/moutard\/","url_meta":{"origin":5979,"position":5},"title":"Moutard","date":"24 septembre 2017","format":false,"excerpt":"Producteur de Champagne et de vins de Bourgogne avant tout, la famille Moutard poss\u00e8de plusieurs cordes \u00e0 son arc, et notamment, une histoire li\u00e9e \u00e0 la distillation. Les premi\u00e8res traces de bouilleur de cru dans la famille remontent \u00e0 Hyacinthe Diligent, qui, vers la fin du XIX\u00e8 si\u00e8cle, produisait des\u2026","rel":"","context":"Article similaire","img":{"alt_text":"Distillerie Moutard, Moutard-Diligent, Buxeuil, Lucien Moutard, Fran\u00e7ois Moutard, label Ecocert, V\u00e9ronique Moutard, Alexandre Moutard, Edouard Laculle, Marc, Fine, Esprit de Malt, Champagne, Brasserie Larcher, orge malt\u00e9e, malterie soufflet, ratafia, orge mat\u00e9e, whisky Fran\u00e7ais, French whisky, whisky France, Passerelles, H\u00f4tel Parister, organiser, d\u00e9gustation, whisky, paris, priv\u00e9e, entreprise, \u00e9v\u00e9nement, masterclass, atelier, d\u00e9gustation, whisky","src":"https:\/\/i0.wp.com\/whisky-francais.com\/wp-content\/uploads\/2017\/09\/distillerie-moutard.png?resize=350%2C200&ssl=1","width":350,"height":200},"classes":[]}],"_links":{"self":[{"href":"https:\/\/whisky-francais.com\/index.php\/wp-json\/wp\/v2\/pages\/5979"}],"collection":[{"href":"https:\/\/whisky-francais.com\/index.php\/wp-json\/wp\/v2\/pages"}],"about":[{"href":"https:\/\/whisky-francais.com\/index.php\/wp-json\/wp\/v2\/types\/page"}],"author":[{"embeddable":true,"href":"https:\/\/whisky-francais.com\/index.php\/wp-json\/wp\/v2\/users\/1"}],"replies":[{"embeddable":true,"href":"https:\/\/whisky-francais.com\/index.php\/wp-json\/wp\/v2\/comments?post=5979"}],"version-history":[{"count":25,"href":"https:\/\/whisky-francais.com\/index.php\/wp-json\/wp\/v2\/pages\/5979\/revisions"}],"predecessor-version":[{"id":7089,"href":"https:\/\/whisky-francais.com\/index.php\/wp-json\/wp\/v2\/pages\/5979\/revisions\/7089"}],"wp:featuredmedia":[{"embeddable":true,"href":"https:\/\/whisky-francais.com\/index.php\/wp-json\/wp\/v2\/media\/6031"}],"wp:attachment":[{"href":"https:\/\/whisky-francais.com\/index.php\/wp-json\/wp\/v2\/media?parent=5979"}],"curies":[{"name":"wp","href":"https:\/\/api.w.org\/{rel}","templated":true}]}}