{"id":6142,"date":"2021-10-18T21:50:48","date_gmt":"2021-10-18T19:50:48","guid":{"rendered":"http:\/\/whisky-francais.com\/?page_id=6142"},"modified":"2021-10-18T21:58:05","modified_gmt":"2021-10-18T19:58:05","slug":"merlet-fils","status":"publish","type":"page","link":"https:\/\/whisky-francais.com\/index.php\/merlet-fils\/","title":{"rendered":"Merlet &#038; fils"},"content":{"rendered":"\n<p>Issu d\u2019un vieux patois charentais, COPERIES signifie \u00ab moissons \u00bb. Si Luc &amp; Gilles Merlet ont d\u00e9cid\u00e9 de baptiser ainsi leur whisky, c\u2019est pour faire r\u00e9f\u00e9rence \u00e0 son identit\u00e9 fran\u00e7aise, mais aussi, sp\u00e9cifiquement Charentaises.\u00a0\u00a0\u00a0\u00a0\u00a0\u00a0\u00a0<\/p>\n<table style=\"width: 100%; height: 1401px;\">\n<tbody>\n<tr style=\"height: 41px;\">\n<td style=\"height: 41px; text-align: center; width: 13.4524%;\"><strong>Statut<\/strong><\/td>\n<td style=\"height: 41px; width: 85.5952%;\">Distillerie productive<\/td>\n<\/tr>\n<tr style=\"height: 41px;\">\n<td style=\"height: 41px; text-align: center; width: 13.4524%;\"><strong>Localisation<\/strong><\/td>\n<td style=\"height: 41px; width: 85.5952%;\">\ud83d\udceb Distillerie Merlet et Fils<br \/>40 Rue de Chevessac <br \/>17610 SAINT-SAUVANT<\/td>\n<\/tr>\n<tr style=\"height: 420px;\">\n<td style=\"height: 265px; text-align: center; width: 13.4524%;\"><strong>Dates Cl\u00e9s<\/strong><\/td>\n<td style=\"height: 265px; width: 85.5952%;\">\n<ul>\n<li>1850 Fondation de la distillerie<\/li>\n<li>Les ann\u00e9es 1970 : Le cognac traverse une crise, ce qui pousse Gilles Merlet \u00e0 diversifier son activit\u00e9 en d\u00e9veloppant la culture du cassissier et en commercialisant ses premi\u00e8res bouteilles de cr\u00e8me de cassis au d\u00e9but des ann\u00e9es 80.<\/li>\n<li>2005\/2008 : Pierre &amp; Luc, les fils de Gilles, arrivent entre pour reprendre progressivement les r\u00eanes de l\u2019entreprise.<\/li>\n<li>2010 le premier cognac sous la marque Merlet est commercialis\u00e9.<\/li>\n<li>2016 D\u00e9but de la distillation de whisky<\/li>\n<li>2020 Sortie de COPERIES<\/li>\n<\/ul>\n<\/td>\n<\/tr>\n<tr style=\"height: 138px;\">\n<td style=\"height: 138px; text-align: center; width: 13.4524%;\"><strong>Personnages Cl\u00e9s<\/strong><\/td>\n<td style=\"height: 138px; width: 85.5952%;\">\n<ul>\n<li>Gilles Merlet : Quatri\u00e8me g\u00e9n\u00e9ration, il ouvre la voie en diversifiant l\u2019activit\u00e9 de la distillerie.<\/li>\n<li>Pierre &amp; Luc : Cinqui\u00e8me g\u00e9n\u00e9ration, ce sont eux qui d\u00e9cid\u00e9 de se lancer dans la production d\u2019un whisky.<\/li>\n<\/ul>\n<\/td>\n<\/tr>\n<tr style=\"height: 597px;\">\n<td style=\"height: 10px; text-align: center; width: 13.4524%;\"><strong>Gamme<\/strong><\/td>\n<td style=\"height: 10px; width: 85.5952%;\">\n<p><br \/>Pour le moment, un seul whisky est commercialis\u00e9, n\u00e9anmoins, la Distillerie Merlet &amp; Fils a gard\u00e9 une partie des eaux-de-vie pour continuer \u00e0 les faire vieillir et exp\u00e9rimenter de nouvelles choses dans le but d\u2019\u00e9tudier de nouvelles qualit\u00e9s de whiskies.<\/p>\n<p>\u00a0<\/p>\n<\/td>\n<\/tr>\n<tr style=\"height: 167px;\">\n<td style=\"height: 129px; text-align: center; width: 13.4524%;\">C\u00e9r\u00e9ales<\/td>\n<td style=\"height: 129px; width: 85.5952%;\">La distillerie utilise de l\u2019orge cultiv\u00e9e, malt\u00e9e et brass\u00e9e en France.<\/td>\n<\/tr>\n<tr style=\"height: 167px;\">\n<td style=\"height: 52px; text-align: center; width: 13.4524%;\">Eau<\/td>\n<td style=\"height: 52px; width: 85.5952%;\">\u00a0<\/td>\n<\/tr>\n<tr style=\"height: 433px;\">\n<td style=\"height: 176px; text-align: center; width: 13.4524%;\"><strong>Alambic<\/strong><\/td>\n<td style=\"height: 176px; width: 85.5952%;\">Alambics Charentais de 25 Hectolitres<\/td>\n<\/tr>\n<tr style=\"height: 340px;\">\n<td style=\"height: 129px; text-align: center; width: 13.4524%;\"><strong>Distillation<\/strong><\/td>\n<td style=\"height: 129px; width: 85.5952%;\">\n<p>\u00a0<\/p>\n<p>Distillation en double passe.<\/p>\n<p>\u00a0<\/p>\n<\/td>\n<\/tr>\n<tr style=\"height: 591px;\">\n<td style=\"height: 188px; text-align: center; width: 13.4524%;\"><strong>F\u00fbt<\/strong><\/td>\n<td style=\"height: 188px; width: 85.5952%;\">La distillerie utilise des f\u00fbts de ch\u00eane fran\u00e7ais, avec un \u00e9quilibre entre barriques neuves et anciennes.<\/td>\n<\/tr>\n<tr style=\"height: 196px;\">\n<td style=\"height: 49px; text-align: center; width: 13.4524%;\"><strong>Chai<\/strong><\/td>\n<td style=\"height: 49px; width: 85.5952%;\">\u00a0<\/td>\n<\/tr>\n<tr style=\"height: 247px;\">\n<td style=\"height: 142px; text-align: center; width: 13.4524%;\"><strong>Donn\u00e9es Territoriales<\/strong><\/td>\n<td style=\"height: 142px; width: 85.5952%;\">Saint-Sauvant poss\u00e8de un climat oc\u00e9anique chaud sans saison s\u00e8che (Cfb) selon la classification de K\u00f6ppen-Geiger. Sur l&rsquo;ann\u00e9e, la temp\u00e9rature moyenne \u00e0 Saint-Sauvant est de 11.7\u00b0C et les pr\u00e9cipitations sont en moyenne de 670.3 mm.<\/td>\n<\/tr>\n<tr style=\"height: 41px;\">\n<td style=\"height: 41px; text-align: center; width: 13.4524%;\"><strong>Notes<\/strong><\/td>\n<td style=\"height: 41px; width: 85.5952%;\"><br \/>\n<p>http:\/\/www.distillerie-merlet.com\/<\/p>\n<\/td>\n<\/tr>\n<\/tbody>\n<\/table>\n<p>\u00a0<\/p>\n","protected":false},"excerpt":{"rendered":"<p>Issu d\u2019un vieux patois charentais, COPERIES signifie \u00ab moissons \u00bb. Si Luc &amp; Gilles Merlet ont d\u00e9cid\u00e9 de baptiser ainsi<\/p>\n","protected":false},"author":1,"featured_media":0,"parent":0,"menu_order":0,"comment_status":"closed","ping_status":"closed","template":"","meta":{"jetpack_post_was_ever_published":false,"footnotes":""},"class_list":["post-6142","page","type-page","status-publish","hentry"],"jetpack_sharing_enabled":true,"jetpack_shortlink":"https:\/\/wp.me\/P8oZPa-1B4","jetpack-related-posts":[{"id":56,"url":"https:\/\/whisky-francais.com\/index.php\/distilleries\/","url_meta":{"origin":6142,"position":0},"title":"Producteurs \/ Distilleries","date":"11 f\u00e9vrier 2017","format":false,"excerpt":"Auvergne-Rh\u00f4ne-Alpes Distillerie du Drac Distillerie des Bughes Distillerie du Vercors Domaine des Hautes Glaces Distillerie des Hautes Terres AlpSpirits (ferm\u00e9e) Monsieur Balthazar Mont Blanc Ninkasi O\u2019Baptiste (Ne produit plus de whisky) Bourgogne-Franche-Comt\u00e9 Br\u00fblerie du Revermont Michel Couvreur Rouget de Lisle Bretagne La Bambelle Distillerie des Menhirs Distillerie FDC (Bale Bro)\u2026","rel":"","context":"Article similaire","img":{"alt_text":"","src":"","width":0,"height":0},"classes":[]},{"id":7473,"url":"https:\/\/whisky-francais.com\/index.php\/maison-victors\/","url_meta":{"origin":6142,"position":1},"title":"Maison Victors","date":"30 ao\u00fbt 2024","format":false,"excerpt":"C\u2019est dans les coteaux du Frontonnais, pr\u00e8s de Toulouse, que Gilles Victors, coutelier d'art reconnu depuis plus de 15 ans, s\u2019est tourn\u00e9 vers une autre de ses passions : le whisky. Apr\u00e8s un voyage en \u00c9cosse, il installe son atelier dans une \u00e9coconstruction en bottes de paille, donnant ainsi naissance\u2026","rel":"","context":"Article similaire","img":{"alt_text":"","src":"https:\/\/i0.wp.com\/whisky-francais.com\/wp-content\/uploads\/2024\/08\/maison-victors-sherry-bourbon-whisky-francais.jpg?resize=350%2C200&ssl=1","width":350,"height":200},"classes":[]},{"id":3427,"url":"https:\/\/whisky-francais.com\/index.php\/distilleries\/la-fabrique-des-bieres-danjou\/","url_meta":{"origin":6142,"position":2},"title":"LA FABRIQUE DES BI\u00c8RES D&rsquo;ANJOU dite LA PIAUTRE","date":"22 f\u00e9vrier 2018","format":false,"excerpt":"La Fabrique des Bi\u00e8res d'Anjou aussi connue sous le nom de La Piautre, est une brasserie-malterie-distillerie fran\u00e7aise nich\u00e9e sur les bords de la Loire. Fier de son territoire et des ressources qui en d\u00e9coulent, Vincent Leli\u00e8vre montre une vive volont\u00e9 de ne travailler qu'avec des produits de la r\u00e9gion. \u00ab\u00a0Nous\u2026","rel":"","context":"Article similaire","img":{"alt_text":"Fabrique des Bi\u00e8res d'Anjou, brasserie, malterie, distillerie, la Gare, Loire, Vincent Leli\u00e8vre, Gilles Boudier, Yann Leroux, agriculture biologique, Single Malt, Single Malt Tourb\u00e9, Rye, orge, seigle, grand \u00e9peautre, alambic, chenin, C\u00f4teaux de l'Aubance, C\u00f4teaux du layon, whisky Fran\u00e7ais, French Whisky, malt, Matthieu Acar, Xavier Brevet, d\u00e9gustation, whisky, masterclass, acad\u00e9mie, Paris, atelier, d\u00e9gustation, whisky","src":"https:\/\/i0.wp.com\/whisky-francais.com\/wp-content\/uploads\/2018\/02\/05-Logos-La-Piautre.jpg?resize=350%2C200&ssl=1","width":350,"height":200},"classes":[]},{"id":129,"url":"https:\/\/whisky-francais.com\/index.php\/distilleries\/meyers\/","url_meta":{"origin":6142,"position":3},"title":"Meyer&rsquo;s","date":"17 f\u00e9vrier 2017","format":false,"excerpt":"\u00c0 l'origine producteur d'eaux-de-vie, cr\u00e8mes et liqueurs, Meyer's s'est lanc\u00e9e depuis 2007\u00a0dans l'aventure du whisky. Statut Produit et Commercialise son propre Whisky Localisation \ud83d\udceb 18 Rue Saint Gilles, 67220 Saint-Pierre-Bois Hohwarth 7\u00b021'15\u00bb E \/ 48\u00b020'14\u00bb N Volume de production Dates Cl\u00e9s 1958: Cr\u00e9ation de la distillerie 1976: Jean Claude Meyer\u2026","rel":"","context":"Article similaire","img":{"alt_text":"","src":"https:\/\/i0.wp.com\/whisky-francais.com\/wp-content\/uploads\/2017\/02\/MEYER2.png?resize=350%2C200","width":350,"height":200},"classes":[]},{"id":139,"url":"https:\/\/whisky-francais.com\/index.php\/distilleries\/warenghem\/","url_meta":{"origin":6142,"position":4},"title":"Warenghem","date":"17 f\u00e9vrier 2017","format":false,"excerpt":"Derni\u00e8re mise \u00e0 jour : Avril 2024 Pionni\u00e8re en France dans la distillation de whisky avec le lancement commercial de l\u2019assemblage WB en 1987 puis avec le 1er Single Malt 100% Fran\u00e7ais Armorik en 1998, la distillerie Warenghem est un classique incontournable du whisky Fran\u00e7ais. Statut Produit et Commercialise son\u2026","rel":"","context":"Article similaire","img":{"alt_text":"","src":"https:\/\/i0.wp.com\/whisky-francais.com\/wp-content\/uploads\/2017\/02\/futs-warenghem.jpg?resize=350%2C200","width":350,"height":200},"classes":[]},{"id":968,"url":"https:\/\/whisky-francais.com\/index.php\/distilleries\/la-roche-aux-fees-sainte-colombe\/","url_meta":{"origin":6142,"position":5},"title":"Distillerie La Roche aux F\u00e9es","date":"23 avril 2017","format":false,"excerpt":"Derni\u00e8re mise \u00e0 jour : Mai 2025 La brasserie Sainte colombe c'est d'abord illustr\u00e9 par la qualit\u00e9 de ses bi\u00e8res avant de se lancer dans la production de whisky. Pour ses spiritueux, la brasserie a donn\u00e9 naissance \u00e0 \"la distillerie de la roche aux f\u00e9es\" faisant ainsi \u00e9cho au dolmen\u2026","rel":"","context":"Article similaire","img":{"alt_text":"","src":"https:\/\/i0.wp.com\/whisky-francais.com\/wp-content\/uploads\/2017\/04\/la-roche-au-fees-2.jpg?resize=350%2C200","width":350,"height":200},"classes":[]}],"_links":{"self":[{"href":"https:\/\/whisky-francais.com\/index.php\/wp-json\/wp\/v2\/pages\/6142"}],"collection":[{"href":"https:\/\/whisky-francais.com\/index.php\/wp-json\/wp\/v2\/pages"}],"about":[{"href":"https:\/\/whisky-francais.com\/index.php\/wp-json\/wp\/v2\/types\/page"}],"author":[{"embeddable":true,"href":"https:\/\/whisky-francais.com\/index.php\/wp-json\/wp\/v2\/users\/1"}],"replies":[{"embeddable":true,"href":"https:\/\/whisky-francais.com\/index.php\/wp-json\/wp\/v2\/comments?post=6142"}],"version-history":[{"count":3,"href":"https:\/\/whisky-francais.com\/index.php\/wp-json\/wp\/v2\/pages\/6142\/revisions"}],"predecessor-version":[{"id":6147,"href":"https:\/\/whisky-francais.com\/index.php\/wp-json\/wp\/v2\/pages\/6142\/revisions\/6147"}],"wp:attachment":[{"href":"https:\/\/whisky-francais.com\/index.php\/wp-json\/wp\/v2\/media?parent=6142"}],"curies":[{"name":"wp","href":"https:\/\/api.w.org\/{rel}","templated":true}]}}