{"id":6180,"date":"2021-11-07T09:24:36","date_gmt":"2021-11-07T08:24:36","guid":{"rendered":"http:\/\/whisky-francais.com\/?page_id=6180"},"modified":"2021-12-04T12:29:52","modified_gmt":"2021-12-04T11:29:52","slug":"distillerie-artisanale-jm-leisen","status":"publish","type":"page","link":"https:\/\/whisky-francais.com\/index.php\/distillerie-artisanale-jm-leisen\/","title":{"rendered":"Distillerie Artisanale JM LEISEN"},"content":{"rendered":"\n<p>C\u2019est \u00e0 Malling, une petite commune fran\u00e7aise de 623 habitants situ\u00e9e dans le d\u00e9partement de la Moselle, que la distillerie LEISEN produit un whisky depuis 2012.<\/p>\n<p>Troisi\u00e8me et plus petite distillerie de whisky en Lorraine, la famille LEISEN a fait le choix de produire un whisky qui soit le reflet du terroir et de la culture locale&nbsp;! Pour cela, Jean-Marie LEISEN et sa fille Sarah s\u2019appuient sur un savoir-faire familial centenaire.<\/p>\n<table width=\"100%\">\n<tbody>\n<tr>\n<td>\n<p>Statut<\/p>\n<\/td>\n<td>\n<p>Produit et commercialise son propre whisky<\/p>\n<\/td>\n<\/tr>\n<tr>\n<td>\n<p>Capacit\u00e9 de production<\/p>\n<\/td>\n<td>\n<p>Historiquement la distillerie produisait 6 futs de whiskies par an, c\u2019est un volume qui est en cours d\u2019augmentation.<\/p>\n<\/td>\n<\/tr>\n<tr>\n<td>\n<p>Localisation<\/p>\n<\/td>\n<td>\n<p>Distillerie LEISEN &#8211; 21 Grand Rue, 57480 Malling<\/p>\n<\/td>\n<\/tr>\n<tr>\n<td>\n<p>Dates Cl\u00e9s<\/p>\n<\/td>\n<td>\n<p>Maison familiale depuis la fin du XIXe si\u00e8cle la distillerie LEISEN.<\/p>\n<p>2012&nbsp;: D\u00e9but de la production de Whisky<\/p>\n<p>2017&nbsp;: D\u00e9but de la commercialisation du Whisky<\/p>\n<\/td>\n<\/tr>\n<tr>\n<td>\n<p>Personnages Cl\u00e9s<\/p>\n<\/td>\n<td>\n<p>Jean-Marie LEISEN&nbsp;: Directeur de la distillerie, il se concentre sur la partie production.<\/p>\n<p>Sarah LEISEN&nbsp;: Fille de Jean-Marie, Sarah s\u2019occupe majoritairement de la mise en bouteille et de la commercialisation.<\/p>\n<\/td>\n<\/tr>\n<tr>\n<td>\n<p>Gamme<\/p>\n<\/td>\n<td>\n<p>JML 5 ANS 42% (BLEND) : Issue d\u2019un m\u00e9lange d\u2019orge et d\u2019avoine, \u00e9lev\u00e9 en f\u00fbt de vieille prune<\/p>\n<p>JML 5 ANS 42 % (PUR MALT) : 100 % Orge malt\u00e9, double distillation et \u00e9levage en f\u00fbt de Vieille Prune<\/p>\n<\/td>\n<\/tr>\n<tr>\n<td>\n<p>Eau<\/p>\n<\/td>\n<td>\n<p>Eau d\u00e9min\u00e9ralis\u00e9e pour la r\u00e9duction.<\/p>\n<p>Le distillat est r\u00e9duit pour environ 50% avant enfutage et 50% avant l\u2019embouteillage.<\/p>\n<\/td>\n<\/tr>\n<tr>\n<td>\n<p>C\u00e9r\u00e9ales<\/p>\n<\/td>\n<td>\n<p>&nbsp;La distillerie utilise exclusivement des c\u00e9r\u00e9ales (surtout de l\u2019orge) en provenance de la ville de Hunting situ\u00e9 \u00e0 3 kilom\u00e8tres de la distillerie.<\/p>\n<\/td>\n<\/tr>\n<tr>\n<td>\n<p>Fermentation \/ Levures\/ Brassage<\/p>\n<\/td>\n<td>\n<p>&nbsp;La maison LEISEN travaille avec la Brasserie METEOR mais \u00e9galement avec un Brasseur local.<\/p>\n<\/td>\n<\/tr>\n<tr>\n<td>\n<p>Alambic<\/p>\n<\/td>\n<td>\n<p>&nbsp;La distillerie dispose de plusieurs petits alambics (110 litres). Pour le Whisky Jean-Marie utilise un alambic de 350 litres chauff\u00e9 au bain-marie.<\/p>\n<\/td>\n<\/tr>\n<tr>\n<td>\n<p>Distillation<\/p>\n<\/td>\n<td>\n<p>&nbsp;Double distillation pour obtenir un distillat \u00e0 64% en sortie d\u2019alambic. Ce dernier sera ensuite r\u00e9duit avant enf\u00fbtage (voir pr\u00e9c\u00e9demment)<\/p>\n<\/td>\n<\/tr>\n<tr>\n<td>\n<p>Type de F\u00fbts<\/p>\n<\/td>\n<td>\n<p>Une des sp\u00e9cificit\u00e9s de la distillerie LEISEN est de pratiquer une p\u00e9riode d\u2019oxyg\u00e9nation en cuve de 6 mois pr\u00e9c\u00e9dent enf\u00fbtage du distillat. Cela permet de gagner en rondeur.<\/p>\n<p>La distillerie utilise principalement des f\u00fbts ayant contenu la vieille-Prune de la distillerie pendant 12 ans.<\/p>\n<\/td>\n<\/tr>\n<tr>\n<td>\n<p>Type de Chai<\/p>\n<\/td>\n<td>\n<p>&nbsp;Chai traditionnel Humide ayant de tr\u00e8s faible amplitude thermique (m\u00eame pendant une forte canicule la cave ne d\u00e9passe pas les 20%) .<\/p>\n<p>Il en r\u00e9sulte une part des anges assez faible.<\/p>\n<\/td>\n<\/tr>\n<tr>\n<td>\n<p>Donn\u00e9es Territoriales<\/p>\n<\/td>\n<td>\n<p>&nbsp;Le&nbsp;climat&nbsp;de Malling est de type semi-continental.<\/p>\n<\/td>\n<\/tr>\n<tr>\n<td>\n<p>Notes<\/p>\n<\/td>\n<td>\n<p>&nbsp;<\/p>\n<\/td>\n<\/tr>\n<tr>\n<td>\n<p>Site Web<\/p>\n<\/td>\n<td>\n<p>distillerie-leisen.hdmedia.fr<\/p>\n<\/td>\n<\/tr>\n<\/tbody>\n<\/table>\n\n\n","protected":false},"excerpt":{"rendered":"<p>C\u2019est \u00e0 Malling, une petite commune fran\u00e7aise de 623 habitants situ\u00e9e dans le d\u00e9partement de la Moselle, que la distillerie<\/p>\n","protected":false},"author":1,"featured_media":0,"parent":0,"menu_order":0,"comment_status":"closed","ping_status":"closed","template":"","meta":{"jetpack_post_was_ever_published":false,"footnotes":""},"class_list":["post-6180","page","type-page","status-publish","hentry"],"jetpack_sharing_enabled":true,"jetpack_shortlink":"https:\/\/wp.me\/P8oZPa-1BG","jetpack-related-posts":[{"id":987,"url":"https:\/\/whisky-francais.com\/index.php\/distilleries\/distillerie-du-castor\/","url_meta":{"origin":6180,"position":0},"title":"Distillerie Artisanale du Castor","date":"24 avril 2017","format":false,"excerpt":"Le whisky St Patrick est un single malt artisanal de Moselle. Statut Produit et Commercialise son propre whisky Localisation \ud83d\udceb Distillerie Artisanale du Castor, Avenue de la Vall\u00e9e, 57870 Troisfontaines, France. Volume de Production Dates Cl\u00e9s 2012 : D\u00e9but de la production de whisky. Personnages Cl\u00e9s Patrick Bertin : directeur\u2026","rel":"","context":"Article similaire","img":{"alt_text":"","src":"","width":0,"height":0},"classes":[]},{"id":7500,"url":"https:\/\/whisky-francais.com\/index.php\/brasserie-artisanale-des-2-caps-christophe-noyon-brasseur\/","url_meta":{"origin":6180,"position":1},"title":"Brasserie Artisanale des 2 Caps\u00a0 &#8211; Christophe noyon Brasseur","date":"14 septembre 2024","format":false,"excerpt":"\u00a0 Statut En production Localisation \u00a0 Volume de Production Environ 3000 bouteilles par an. Dates Cl\u00e9s 1946 : Le Grand-p\u00e8re de Christophe Noyon, Michel Noyon, monte une distillerie d\u2019alcool de Betterave au c\u0153ur de sa propri\u00e9t\u00e9, le Domaine de Warcove, situ\u00e9e sur la C\u00f4te d\u2019Opale. Le mat\u00e9riel avait \u00e9t\u00e9 achet\u00e9\u2026","rel":"","context":"Article similaire","img":{"alt_text":"","src":"https:\/\/i0.wp.com\/whisky-francais.com\/wp-content\/uploads\/2024\/09\/tableau-2caps-scaled-warcove-whisky-francais.jpg?resize=350%2C200&ssl=1","width":350,"height":200},"classes":[]},{"id":585,"url":"https:\/\/whisky-francais.com\/index.php\/distilleries\/hautefeuille\/","url_meta":{"origin":6180,"position":2},"title":"Distillerie d&rsquo;Hautefeuille","date":"20 mars 2017","format":false,"excerpt":"La distillerie d'Hautefeuille est install\u00e9e au coeur de la Picardie, dans une propri\u00e9t\u00e9 familiale vieille de 10 g\u00e9n\u00e9rations. Lorsqu'\u00c9tienne d\u2019Hautefeuille\u00a0- ing\u00e9nieur de formation - reprend l'exploitation agricole, il songe d\u00e9j\u00e0 \u00e0 la possibilit\u00e9 de produire ses propres spiritueux (Gin & Whisky). Cette volont\u00e9 se concr\u00e9tisera \u00e0 la suite de sa\u2026","rel":"","context":"Article similaire","img":{"alt_text":"","src":"https:\/\/i0.wp.com\/whisky-francais.com\/wp-content\/uploads\/2017\/03\/DJI_0036-min.jpg?resize=350%2C200","width":350,"height":200},"classes":[]},{"id":1684,"url":"https:\/\/whisky-francais.com\/index.php\/distilleries\/distillerie-du-vercors\/","url_meta":{"origin":6180,"position":3},"title":"Distillerie du Vercors","date":"14 juin 2017","format":false,"excerpt":"Situ\u00e9e dans une ancienne magnanerie (b\u00e2timent destin\u00e9 \u00e0 l'\u00e9levage des vers \u00e0 soie, datant de 1673), \u00e0 proximit\u00e9 de sources d'eau pure du Parc National du Vercors, la Distillerie \u00e9ponyme a ouvert ses portes en 2015. C'est dans ce cadre idyllique (la Dr\u00f4me est le 1er d\u00e9partement bio de France\u2026","rel":"","context":"Article similaire","img":{"alt_text":"France, Distillerie du Vercors, Eric Cordelle, Anne H\u00e9l\u00e8ne Cordelle, Saint-Jean-en-Royans, alambic basse pression, aged malt spirit, whisky bio, whisky Fran\u00e7ais, French Whisky, Single Malt, Matthieu Acar, Xavier Brevet, d\u00e9gustation, whisky, masterclass, Paris, atelier, d\u00e9gustation, whisky","src":"https:\/\/i0.wp.com\/whisky-francais.com\/wp-content\/uploads\/2017\/06\/IMG_6211.jpg?resize=350%2C200&ssl=1","width":350,"height":200},"classes":[]},{"id":116,"url":"https:\/\/whisky-francais.com\/index.php\/distilleries\/distillerie-bertrand\/","url_meta":{"origin":6180,"position":4},"title":"Distillerie Artisanale Bertrand","date":"17 f\u00e9vrier 2017","format":false,"excerpt":"H\u00e9riti\u00e8re d'une longue tradition familiale dans la fabrication d'eaux-de-vie (depuis 1874 avec Joseph Bertrand), la Distillerie Artisanale Bertrand produit son whisky depuis 2003. Elle est \u00e0 l'\u00e9poque la premi\u00e8re distillerie \u00e0 produire du whisky \u00e0 Uberach (signifiant \"au del\u00e0 de l\u2019eau\"), dont elle donnera le nom \u00e0 sa gamme. Il\u2026","rel":"","context":"Article similaire","img":{"alt_text":"","src":"https:\/\/i0.wp.com\/whisky-francais.com\/wp-content\/uploads\/2017\/02\/UBERACH-LOGO.jpeg?resize=350%2C200","width":350,"height":200},"classes":[]},{"id":2844,"url":"https:\/\/whisky-francais.com\/index.php\/moutard\/","url_meta":{"origin":6180,"position":5},"title":"Moutard","date":"24 septembre 2017","format":false,"excerpt":"Producteur de Champagne et de vins de Bourgogne avant tout, la famille Moutard poss\u00e8de plusieurs cordes \u00e0 son arc, et notamment, une histoire li\u00e9e \u00e0 la distillation. Les premi\u00e8res traces de bouilleur de cru dans la famille remontent \u00e0 Hyacinthe Diligent, qui, vers la fin du XIX\u00e8 si\u00e8cle, produisait des\u2026","rel":"","context":"Article similaire","img":{"alt_text":"Distillerie Moutard, Moutard-Diligent, Buxeuil, Lucien Moutard, Fran\u00e7ois Moutard, label Ecocert, V\u00e9ronique Moutard, Alexandre Moutard, Edouard Laculle, Marc, Fine, Esprit de Malt, Champagne, Brasserie Larcher, orge malt\u00e9e, malterie soufflet, ratafia, orge mat\u00e9e, whisky Fran\u00e7ais, French whisky, whisky France, Passerelles, H\u00f4tel Parister, organiser, d\u00e9gustation, whisky, paris, priv\u00e9e, entreprise, \u00e9v\u00e9nement, masterclass, atelier, d\u00e9gustation, whisky","src":"https:\/\/i0.wp.com\/whisky-francais.com\/wp-content\/uploads\/2017\/09\/distillerie-moutard.png?resize=350%2C200&ssl=1","width":350,"height":200},"classes":[]}],"_links":{"self":[{"href":"https:\/\/whisky-francais.com\/index.php\/wp-json\/wp\/v2\/pages\/6180"}],"collection":[{"href":"https:\/\/whisky-francais.com\/index.php\/wp-json\/wp\/v2\/pages"}],"about":[{"href":"https:\/\/whisky-francais.com\/index.php\/wp-json\/wp\/v2\/types\/page"}],"author":[{"embeddable":true,"href":"https:\/\/whisky-francais.com\/index.php\/wp-json\/wp\/v2\/users\/1"}],"replies":[{"embeddable":true,"href":"https:\/\/whisky-francais.com\/index.php\/wp-json\/wp\/v2\/comments?post=6180"}],"version-history":[{"count":6,"href":"https:\/\/whisky-francais.com\/index.php\/wp-json\/wp\/v2\/pages\/6180\/revisions"}],"predecessor-version":[{"id":6841,"href":"https:\/\/whisky-francais.com\/index.php\/wp-json\/wp\/v2\/pages\/6180\/revisions\/6841"}],"wp:attachment":[{"href":"https:\/\/whisky-francais.com\/index.php\/wp-json\/wp\/v2\/media?parent=6180"}],"curies":[{"name":"wp","href":"https:\/\/api.w.org\/{rel}","templated":true}]}}