{"id":6182,"date":"2021-11-07T09:25:58","date_gmt":"2021-11-07T08:25:58","guid":{"rendered":"http:\/\/whisky-francais.com\/?page_id=6182"},"modified":"2024-03-02T20:32:50","modified_gmt":"2024-03-02T19:32:50","slug":"ferme-distillerie-de-faronville","status":"publish","type":"page","link":"https:\/\/whisky-francais.com\/index.php\/ferme-distillerie-de-faronville\/","title":{"rendered":"Ferme Distillerie de Faronville"},"content":{"rendered":"\n<p style=\"text-align: right;\">Derni\u00e8res mises \u00e0 jour : Novembre 2023<\/p>\n<p>C\u2019est \u00e0 Faronville dans le d\u00e9partement du Loiret que Paul-Henri et Pauline LELUC on reprit l\u2019exploitation familial en 2007.\u00a0<\/p>\n<p><img loading=\"lazy\" decoding=\"async\" data-attachment-id=\"6242\" data-permalink=\"https:\/\/whisky-francais.com\/index.php\/ferme-distillerie-de-faronville\/default\/\" data-orig-file=\"https:\/\/whisky-francais.com\/wp-content\/uploads\/2021\/12\/ferme-distillerie-de-faronville-whisky-francais-lagomorphe.jpg\" data-orig-size=\"1000,563\" data-comments-opened=\"0\" data-image-meta=\"{&quot;aperture&quot;:&quot;2.8&quot;,&quot;credit&quot;:&quot;&quot;,&quot;camera&quot;:&quot;FC3170&quot;,&quot;caption&quot;:&quot;default&quot;,&quot;created_timestamp&quot;:&quot;1623771324&quot;,&quot;copyright&quot;:&quot;&quot;,&quot;focal_length&quot;:&quot;4.5&quot;,&quot;iso&quot;:&quot;100&quot;,&quot;shutter_speed&quot;:&quot;0.0025&quot;,&quot;title&quot;:&quot;default&quot;,&quot;orientation&quot;:&quot;1&quot;}\" data-image-title=\"default\" data-image-description=\"\" data-image-caption=\"&lt;p&gt;default&lt;\/p&gt;\n\" data-medium-file=\"https:\/\/whisky-francais.com\/wp-content\/uploads\/2021\/12\/ferme-distillerie-de-faronville-whisky-francais-lagomorphe-300x169.jpg\" data-large-file=\"https:\/\/whisky-francais.com\/wp-content\/uploads\/2021\/12\/ferme-distillerie-de-faronville-whisky-francais-lagomorphe.jpg\" class=\"alignnone wp-image-6242 size-full\" src=\"https:\/\/whisky-francais.com\/wp-content\/uploads\/2021\/12\/ferme-distillerie-de-faronville-whisky-francais-lagomorphe.jpg\" alt=\"\" width=\"1000\" height=\"563\" srcset=\"https:\/\/whisky-francais.com\/wp-content\/uploads\/2021\/12\/ferme-distillerie-de-faronville-whisky-francais-lagomorphe.jpg 1000w, https:\/\/whisky-francais.com\/wp-content\/uploads\/2021\/12\/ferme-distillerie-de-faronville-whisky-francais-lagomorphe-300x169.jpg 300w, https:\/\/whisky-francais.com\/wp-content\/uploads\/2021\/12\/ferme-distillerie-de-faronville-whisky-francais-lagomorphe-768x432.jpg 768w\" sizes=\"(max-width: 1000px) 100vw, 1000px\" \/><\/p>\n<table style=\"width: 100%;\" width=\"100%\">\n<tbody>\n<tr>\n<td style=\"width: 14.5238%;\">\n<p>Statut<\/p>\n<\/td>\n<td style=\"width: 84.6429%;\">\n<p>Whisky en production.<\/p>\n<p>Vodkas, Gin et eau-de-vie de Pomme de terre disponible.<\/p>\n<\/td>\n<\/tr>\n<tr>\n<td style=\"width: 14.5238%;\">\n<p>Capacit\u00e9 de production<\/p>\n<\/td>\n<td style=\"width: 84.6429%;\">\u00a0<\/td>\n<\/tr>\n<tr>\n<td style=\"width: 14.5238%;\">\n<p>Localisation<\/p>\n<\/td>\n<td style=\"width: 84.6429%;\">\n<p>Ferme-Distillerie de FARONVILLE<\/p>\n<p>1 Pl. de l&rsquo;\u00c9glise de Faronville<\/p>\n<p>45480 Outarville<\/p>\n<\/td>\n<\/tr>\n<tr>\n<td style=\"width: 14.5238%;\">\n<p>Dates Cl\u00e9s<\/p>\n<\/td>\n<td style=\"width: 84.6429%;\">\n<p>2007 : Pauline et Paul-Henri Leluc reprennent l\u2019exploitation familiale. Il se lance alors dans la production de vodka, de la mati\u00e8re premi\u00e8re sur la ferme jusqu\u2019\u00e0 la mise en bouteilles \u00e0 la distillerie.<\/p>\n<p>2018 : D\u00e9but de la production de whisky\u00a0<\/p>\n<p>2022 : Pauline et Paul-Henri Leluc installent de nouveaux \u00e9quipements et int\u00e8grent l\u2019activit\u00e9 de brasserie.<\/p>\n<p>2023 (Octobre) : Sortie des premiers whiskies LAGOMORPHE<\/p>\n<\/td>\n<\/tr>\n<tr>\n<td style=\"width: 14.5238%;\">\n<p>Personnages Cl\u00e9s<\/p>\n<\/td>\n<td style=\"width: 84.6429%;\">\n<p>Pauline et Paul-Henri LELUC : Propri\u00e9taire de la distillerie, ils maitrisent toutes les \u00e9tapes de la production du champ \u00e0 la bouteille. Ils sont accompagn\u00e9s de trois salari\u00e9s dont un a la distillerie.<\/p>\n<\/td>\n<\/tr>\n<tr>\n<td style=\"width: 14.5238%;\">\n<p>Gamme<\/p>\n<\/td>\n<td style=\"width: 84.6429%;\">\n<p><strong>Spiritueux :<\/strong><\/p>\n<p>\u00b7\u00a0\u00a0\u00a0\u00a0\u00a0\u00a0\u00a0\u00a0 Vodka FARONVILLE PREMIUM : 100% Pomme de Terre, c&rsquo;est une vodka riche et aromatique.<\/p>\n<p>\u00b7\u00a0\u00a0\u00a0\u00a0\u00a0\u00a0\u00a0\u00a0 Vodka FARONVILLE PETITE EAU : Ultra-filtr\u00e9e \u00e0 froid, la Vodka petite-eau se positionne plut\u00f4t dans le style des vodkas russes.<\/p>\n<p>\u00b7\u00a0\u00a0\u00a0\u00a0\u00a0\u00a0\u00a0\u00a0 Vodka FARONVILLE RESERVE : Issue de la vari\u00e9t\u00e9 de pomme de terre Annabelle cultiv\u00e9e sur la parcelle \u201cLe Buisson\u201d des terres de Faronville, la Vodka R\u00e9serve est ensuite \u00e9lev\u00e9e 3 mois de futs neuf puis 9 mois dans des f\u00fbts de sauternes. D&rsquo;autres vieillissements sont pr\u00e9vus, notamment dans des ex-Sherry !<\/p>\n<p>\u00b7\u00a0\u00a0\u00a0\u00a0\u00a0\u00a0\u00a0\u00a0 Le GIN FARONVILLE est un gin contemporain contenant de la fleur de pomme de terre !<\/p>\n<p><strong>Whisky :\u00a0<\/strong><\/p>\n<p>LAGOMORPHE Terre de C\u00e9r\u00e9s &#8211; Double maturation en f\u00fbts neufs et en ex-f\u00fbts de bourbon<br \/>LAGOMORPHE Terre de St Vincent &#8211;\u00a0 Maturation en ex-f\u00fbts de bourbon, et de vin doux naturel Banuyls.<br \/>LAGOMORPHE Terre de Sil\u00e8ne &#8211; Maturation en ex-f\u00fbts de bourbon, Chardonnay et Marsala<\/p>\n<p><img loading=\"lazy\" decoding=\"async\" data-attachment-id=\"6958\" data-permalink=\"https:\/\/whisky-francais.com\/index.php\/ferme-distillerie-de-faronville\/faronvill-lagomorphe-whisky-francais\/\" data-orig-file=\"https:\/\/whisky-francais.com\/wp-content\/uploads\/2023\/10\/faronvill-lagomorphe-whisky-francais.jpg\" data-orig-size=\"1364,2048\" data-comments-opened=\"0\" data-image-meta=\"{&quot;aperture&quot;:&quot;0&quot;,&quot;credit&quot;:&quot;&quot;,&quot;camera&quot;:&quot;&quot;,&quot;caption&quot;:&quot;&quot;,&quot;created_timestamp&quot;:&quot;0&quot;,&quot;copyright&quot;:&quot;&quot;,&quot;focal_length&quot;:&quot;0&quot;,&quot;iso&quot;:&quot;0&quot;,&quot;shutter_speed&quot;:&quot;0&quot;,&quot;title&quot;:&quot;&quot;,&quot;orientation&quot;:&quot;0&quot;}\" data-image-title=\"faronvill lagomorphe whisky fran\u00e7ais\" data-image-description=\"\" data-image-caption=\"\" data-medium-file=\"https:\/\/whisky-francais.com\/wp-content\/uploads\/2023\/10\/faronvill-lagomorphe-whisky-francais-200x300.jpg\" data-large-file=\"https:\/\/whisky-francais.com\/wp-content\/uploads\/2023\/10\/faronvill-lagomorphe-whisky-francais-682x1024.jpg\" class=\"aligncenter size-full wp-image-6958\" src=\"https:\/\/whisky-francais.com\/wp-content\/uploads\/2023\/10\/faronvill-lagomorphe-whisky-francais.jpg\" alt=\"\" width=\"1364\" height=\"2048\" srcset=\"https:\/\/whisky-francais.com\/wp-content\/uploads\/2023\/10\/faronvill-lagomorphe-whisky-francais.jpg 1364w, https:\/\/whisky-francais.com\/wp-content\/uploads\/2023\/10\/faronvill-lagomorphe-whisky-francais-200x300.jpg 200w, https:\/\/whisky-francais.com\/wp-content\/uploads\/2023\/10\/faronvill-lagomorphe-whisky-francais-682x1024.jpg 682w, https:\/\/whisky-francais.com\/wp-content\/uploads\/2023\/10\/faronvill-lagomorphe-whisky-francais-768x1153.jpg 768w, https:\/\/whisky-francais.com\/wp-content\/uploads\/2023\/10\/faronvill-lagomorphe-whisky-francais-1023x1536.jpg 1023w\" sizes=\"(max-width: 1364px) 100vw, 1364px\" \/><\/p>\n<\/td>\n<\/tr>\n<tr>\n<td style=\"width: 14.5238%;\">\n<p>Eau<\/p>\n<\/td>\n<td style=\"width: 84.6429%;\">\n<p>La distillerie dispose d\u2019un forage de 50 m\u00e8tres de profondeur leur donnant acc\u00e8s \u00e0 la nappe. L\u2019eau, particuli\u00e8rement calcaire est ensuite osmos\u00e9e avant d\u2019\u00eatre utilis\u00e9 en brassage et en r\u00e9duction.<\/p>\n<\/td>\n<\/tr>\n<tr>\n<td style=\"width: 14.5238%;\">\n<p>C\u00e9r\u00e9ales<\/p>\n<\/td>\n<td style=\"width: 84.6429%;\">\n<p>Pour le whisky, Paul-Henri et Pauline cultive la LAUREATE, une orge de printemps \u00e0 2 rangs \u00e9galement utilis\u00e9 par les \u00c9cossais.<\/p>\n<blockquote>\n<p>Aussi, il est int\u00e9ressant de prendre connaissance qu\u2019\u00e0 Faronville nous pratiquons une agriculture hybride: le semis direct sous-couvert ou agriculture de conservation des sols. Une agriculture peu r\u00e9pandue qui remet de l\u2019intelligence et du vivant dans son syst\u00e8me, \u00e0 mi-chemin entre Bio et Conventionnelle\u2026 Nous combinons le meilleur des 2 techniques, pour lutter contre le r\u00e9chauffement climatique.<\/p>\n<p>Ainsi, en ne laissant pas nos sols nus, en les travaillant moins avec nos outils, en favorisant les cultures interm\u00e9diaires, et en semant directement dans nos couverts vivants, nous stockons plus de CO2 que nous n&rsquo;en \u00e9mettons.<\/p>\n<p style=\"text-align: right;\">Paul-Henri Leluc<\/p>\n<\/blockquote>\n<iframe loading=\"lazy\" title=\"YouTube video player\" src=\"https:\/\/www.youtube.com\/embed\/xRw0y44P8W8\" width=\"560\" height=\"315\" frameborder=\"0\" allowfullscreen=\"allowfullscreen\"><\/iframe><\/td>\n<\/tr>\n<tr>\n<td style=\"width: 14.5238%;\">\n<p>Fermentation \/ Levures\/ Brassage<\/p>\n<\/td>\n<td style=\"width: 84.6429%;\">\n<p>Initialement associ\u00e9 \u00e0 la brasserie FONDAMENTALE pour le brassage, la distillerie Faronville \u00e0 totalement int\u00e9gr\u00e9 cette \u00e9tape de production en 2022.<\/p>\n<p>Les Fermentation sont effectu\u00e9es sans r\u00e9gulation de temp\u00e9rature et le Wash se situe entre 8 et 8,5%<\/p>\n<\/td>\n<\/tr>\n<tr>\n<td style=\"width: 14.5238%;\">\n<p>Alambic<\/p>\n<\/td>\n<td style=\"width: 84.6429%;\">\n<p>\u00a0La distillerie dispose d\u2019un Alambic a colonne de chez STUPFLER d\u2019une capacit\u00e9 de 900 litres.<\/p>\n<p><img loading=\"lazy\" decoding=\"async\" data-attachment-id=\"6245\" data-permalink=\"https:\/\/whisky-francais.com\/index.php\/ferme-distillerie-de-faronville\/ferme-distillerie-de-faroville-whisky-lagomorphe-alambic-stupfler-1\/\" data-orig-file=\"https:\/\/whisky-francais.com\/wp-content\/uploads\/2021\/12\/ferme-distillerie-de-faroville-whisky-lagomorphe-alambic-stupfler-1.jpeg\" data-orig-size=\"852,1280\" data-comments-opened=\"0\" data-image-meta=\"{&quot;aperture&quot;:&quot;1.8&quot;,&quot;credit&quot;:&quot;&quot;,&quot;camera&quot;:&quot;NIKON Z 6&quot;,&quot;caption&quot;:&quot;&quot;,&quot;created_timestamp&quot;:&quot;1613041784&quot;,&quot;copyright&quot;:&quot;&quot;,&quot;focal_length&quot;:&quot;20&quot;,&quot;iso&quot;:&quot;100&quot;,&quot;shutter_speed&quot;:&quot;0.033333333333333&quot;,&quot;title&quot;:&quot;&quot;,&quot;orientation&quot;:&quot;0&quot;}\" data-image-title=\"ferme distillerie de faroville whisky lagomorphe alambic stupfler 1\" data-image-description=\"\" data-image-caption=\"\" data-medium-file=\"https:\/\/whisky-francais.com\/wp-content\/uploads\/2021\/12\/ferme-distillerie-de-faroville-whisky-lagomorphe-alambic-stupfler-1-200x300.jpeg\" data-large-file=\"https:\/\/whisky-francais.com\/wp-content\/uploads\/2021\/12\/ferme-distillerie-de-faroville-whisky-lagomorphe-alambic-stupfler-1-682x1024.jpeg\" class=\"alignnone wp-image-6245 size-full\" src=\"https:\/\/whisky-francais.com\/wp-content\/uploads\/2021\/12\/ferme-distillerie-de-faroville-whisky-lagomorphe-alambic-stupfler-1.jpeg\" alt=\"\" width=\"852\" height=\"1280\" srcset=\"https:\/\/whisky-francais.com\/wp-content\/uploads\/2021\/12\/ferme-distillerie-de-faroville-whisky-lagomorphe-alambic-stupfler-1.jpeg 852w, https:\/\/whisky-francais.com\/wp-content\/uploads\/2021\/12\/ferme-distillerie-de-faroville-whisky-lagomorphe-alambic-stupfler-1-200x300.jpeg 200w, https:\/\/whisky-francais.com\/wp-content\/uploads\/2021\/12\/ferme-distillerie-de-faroville-whisky-lagomorphe-alambic-stupfler-1-682x1024.jpeg 682w, https:\/\/whisky-francais.com\/wp-content\/uploads\/2021\/12\/ferme-distillerie-de-faroville-whisky-lagomorphe-alambic-stupfler-1-768x1154.jpeg 768w\" sizes=\"(max-width: 852px) 100vw, 852px\" \/><\/p>\n<\/td>\n<\/tr>\n<tr>\n<td style=\"width: 14.5238%;\">\n<p>Distillation<\/p>\n<\/td>\n<td style=\"width: 84.6429%;\">\n<p>Une seule distillation permet d\u2019obtenir un distillat entre 71 et 73% vol. Paul-Henri coupe assez t\u00f4t pour obtenir un distillat particuli\u00e8rement l\u00e9ger et \u00e9l\u00e9gant.<\/p>\n<\/td>\n<\/tr>\n<tr>\n<td style=\"width: 14.5238%;\">\n<p>Type de F\u00fbts<\/p>\n<\/td>\n<td style=\"width: 84.6429%;\">\n<p>F\u00fbts de bourbon, de ch\u00eane neuf, de Sherry de Marsala, de Cognac\u2026 Le chai de Faronville contient une large diversit\u00e9 de f\u00fbt.<\/p>\n<\/td>\n<\/tr>\n<tr>\n<td style=\"width: 14.5238%;\">\n<p>Type de Chai<\/p>\n<\/td>\n<td style=\"width: 84.6429%;\">\n<p>La distillerie dispose de deux chais. Le premier, surnomm\u00e9 \u00ab\u00a0le Labo\u00a0\u00bb, est situ\u00e9 dans un petit b\u00e2timent ouvert sur la cour du domaine.<\/p>\n<p>Le second dans une grange r\u00e9nov\u00e9e pour l\u2019occasion.<\/p>\n<p>Dans les deux cas, il n\u2019y a pas de r\u00e9gulation de la temp\u00e9rature ni de l\u2019hygrom\u00e9trie.<\/p>\n<p>Un troisi\u00e8me Chai est en projet dans une cave particuli\u00e8rement humide.<\/p>\n<p><img loading=\"lazy\" decoding=\"async\" data-attachment-id=\"6246\" data-permalink=\"https:\/\/whisky-francais.com\/index.php\/ferme-distillerie-de-faronville\/ferme-distillerie-de-faroville-whisky-lagomorphe-chai-1-le-labo\/\" data-orig-file=\"https:\/\/whisky-francais.com\/wp-content\/uploads\/2021\/12\/ferme-distillerie-de-faroville-whisky-lagomorphe-chai-1-le-labo.jpeg\" data-orig-size=\"1280,852\" data-comments-opened=\"0\" data-image-meta=\"{&quot;aperture&quot;:&quot;1.8&quot;,&quot;credit&quot;:&quot;&quot;,&quot;camera&quot;:&quot;NIKON Z 6&quot;,&quot;caption&quot;:&quot;&quot;,&quot;created_timestamp&quot;:&quot;1610801010&quot;,&quot;copyright&quot;:&quot;&quot;,&quot;focal_length&quot;:&quot;20&quot;,&quot;iso&quot;:&quot;100&quot;,&quot;shutter_speed&quot;:&quot;0.02&quot;,&quot;title&quot;:&quot;&quot;,&quot;orientation&quot;:&quot;0&quot;}\" data-image-title=\"ferme distillerie de faroville whisky lagomorphe chai 1 le labo\" data-image-description=\"\" data-image-caption=\"&lt;p&gt;Le premier Chai de Faronville, aussi appel\u00e9 \u00ab\u00a0le labo\u00a0\u00bb, c&amp;rsquo;est entre autres ici que vieillissent les vodkas&lt;\/p&gt;\n\" data-medium-file=\"https:\/\/whisky-francais.com\/wp-content\/uploads\/2021\/12\/ferme-distillerie-de-faroville-whisky-lagomorphe-chai-1-le-labo-300x200.jpeg\" data-large-file=\"https:\/\/whisky-francais.com\/wp-content\/uploads\/2021\/12\/ferme-distillerie-de-faroville-whisky-lagomorphe-chai-1-le-labo-1024x682.jpeg\" class=\"alignnone size-full wp-image-6246\" src=\"https:\/\/whisky-francais.com\/wp-content\/uploads\/2021\/12\/ferme-distillerie-de-faroville-whisky-lagomorphe-chai-1-le-labo.jpeg\" alt=\"\" width=\"1280\" height=\"852\" srcset=\"https:\/\/whisky-francais.com\/wp-content\/uploads\/2021\/12\/ferme-distillerie-de-faroville-whisky-lagomorphe-chai-1-le-labo.jpeg 1280w, https:\/\/whisky-francais.com\/wp-content\/uploads\/2021\/12\/ferme-distillerie-de-faroville-whisky-lagomorphe-chai-1-le-labo-300x200.jpeg 300w, https:\/\/whisky-francais.com\/wp-content\/uploads\/2021\/12\/ferme-distillerie-de-faroville-whisky-lagomorphe-chai-1-le-labo-1024x682.jpeg 1024w, https:\/\/whisky-francais.com\/wp-content\/uploads\/2021\/12\/ferme-distillerie-de-faroville-whisky-lagomorphe-chai-1-le-labo-768x511.jpeg 768w, https:\/\/whisky-francais.com\/wp-content\/uploads\/2021\/12\/ferme-distillerie-de-faroville-whisky-lagomorphe-chai-1-le-labo-120x80.jpeg 120w, https:\/\/whisky-francais.com\/wp-content\/uploads\/2021\/12\/ferme-distillerie-de-faroville-whisky-lagomorphe-chai-1-le-labo-480x320.jpeg 480w\" sizes=\"(max-width: 1280px) 100vw, 1280px\" \/><\/p>\n<\/td>\n<\/tr>\n<tr>\n<td style=\"width: 14.5238%;\">\n<p>Donn\u00e9es Territoriales<\/p>\n<\/td>\n<td style=\"width: 84.6429%;\">\n<p>Le climat de Faronville est de type oc\u00e9anique avec \u00e9t\u00e9 temp\u00e9r\u00e9, \u00ab\u00a0Cfb\u00a0\u00bb selon la classification de K\u00f6ppen.<\/p>\n<\/td>\n<\/tr>\n<tr>\n<td style=\"width: 14.5238%;\">\n<p>Site Web<\/p>\n<\/td>\n<td style=\"width: 84.6429%;\">\n<p><a href=\"http:\/\/www.faronville.com\">www.faronville.com<\/a><\/p>\n<\/td>\n<\/tr>\n<tr>\n<td style=\"width: 14.5238%;\">\n<p>Article<\/p>\n<\/td>\n<td style=\"width: 84.6429%;\">\n<p><a href=\"https:\/\/whisky-francais.com\/index.php\/2021\/12\/19\/la-ferme-distillerie-de-faronville\/\" target=\"_blank\" rel=\"noopener\">La ferme distillerie de Faronville<\/a><\/p>\n<p><a href=\"https:\/\/whisky-francais.com\/index.php\/2023\/11\/30\/lagomorphe-les-whiskies-des-plaines-de-beauce\/\" target=\"_blank\" rel=\"noopener\">Lagomorphe \u2013 Les whiskies des plaines de Beauce<\/a><\/p>\n<p>\u00a0<\/p>\n<table style=\"border-collapse: collapse; width: 100%;\">\n<tbody>\n<tr>\n<td style=\"width: 100%;\">\u00a0<\/td>\n<\/tr>\n<tr>\n<td style=\"width: 100%;\">\u00a0<\/td>\n<\/tr>\n<\/tbody>\n<\/table>\n<\/td>\n<\/tr>\n<\/tbody>\n<\/table>\n<p><img loading=\"lazy\" decoding=\"async\" data-attachment-id=\"6962\" data-permalink=\"https:\/\/whisky-francais.com\/index.php\/ferme-distillerie-de-faronville\/faronville-lagomorphe-whisky-francais\/\" data-orig-file=\"https:\/\/whisky-francais.com\/wp-content\/uploads\/2023\/10\/faronville-lagomorphe-whisky-francais.jpg\" data-orig-size=\"2048,1366\" data-comments-opened=\"0\" data-image-meta=\"{&quot;aperture&quot;:&quot;0&quot;,&quot;credit&quot;:&quot;&quot;,&quot;camera&quot;:&quot;&quot;,&quot;caption&quot;:&quot;&quot;,&quot;created_timestamp&quot;:&quot;0&quot;,&quot;copyright&quot;:&quot;&quot;,&quot;focal_length&quot;:&quot;0&quot;,&quot;iso&quot;:&quot;0&quot;,&quot;shutter_speed&quot;:&quot;0&quot;,&quot;title&quot;:&quot;&quot;,&quot;orientation&quot;:&quot;0&quot;}\" data-image-title=\"faronville lagomorphe whisky fran\u00e7ais\" data-image-description=\"\" data-image-caption=\"\" data-medium-file=\"https:\/\/whisky-francais.com\/wp-content\/uploads\/2023\/10\/faronville-lagomorphe-whisky-francais-300x200.jpg\" data-large-file=\"https:\/\/whisky-francais.com\/wp-content\/uploads\/2023\/10\/faronville-lagomorphe-whisky-francais-1024x683.jpg\" class=\"aligncenter size-full wp-image-6962\" src=\"https:\/\/whisky-francais.com\/wp-content\/uploads\/2023\/10\/faronville-lagomorphe-whisky-francais.jpg\" alt=\"\" width=\"2048\" height=\"1366\" srcset=\"https:\/\/whisky-francais.com\/wp-content\/uploads\/2023\/10\/faronville-lagomorphe-whisky-francais.jpg 2048w, https:\/\/whisky-francais.com\/wp-content\/uploads\/2023\/10\/faronville-lagomorphe-whisky-francais-300x200.jpg 300w, https:\/\/whisky-francais.com\/wp-content\/uploads\/2023\/10\/faronville-lagomorphe-whisky-francais-1024x683.jpg 1024w, https:\/\/whisky-francais.com\/wp-content\/uploads\/2023\/10\/faronville-lagomorphe-whisky-francais-768x512.jpg 768w, https:\/\/whisky-francais.com\/wp-content\/uploads\/2023\/10\/faronville-lagomorphe-whisky-francais-1536x1025.jpg 1536w, https:\/\/whisky-francais.com\/wp-content\/uploads\/2023\/10\/faronville-lagomorphe-whisky-francais-120x80.jpg 120w\" sizes=\"(max-width: 2048px) 100vw, 2048px\" \/><\/p>\n","protected":false},"excerpt":{"rendered":"<p>Derni\u00e8res mises \u00e0 jour : Novembre 2023 C\u2019est \u00e0 Faronville dans le d\u00e9partement du Loiret que Paul-Henri et Pauline LELUC<\/p>\n","protected":false},"author":1,"featured_media":6959,"parent":0,"menu_order":0,"comment_status":"closed","ping_status":"closed","template":"","meta":{"jetpack_post_was_ever_published":false,"footnotes":""},"class_list":["post-6182","page","type-page","status-publish","has-post-thumbnail","hentry"],"jetpack_sharing_enabled":true,"jetpack_shortlink":"https:\/\/wp.me\/P8oZPa-1BI","jetpack-related-posts":[{"id":56,"url":"https:\/\/whisky-francais.com\/index.php\/distilleries\/","url_meta":{"origin":6182,"position":0},"title":"Producteurs \/ Distilleries","date":"11 f\u00e9vrier 2017","format":false,"excerpt":"Auvergne-Rh\u00f4ne-Alpes Distillerie du Drac Distillerie des Bughes Distillerie du Vercors Domaine des Hautes Glaces Distillerie des Hautes Terres AlpSpirits (ferm\u00e9e) Monsieur Balthazar Mont Blanc Ninkasi O\u2019Baptiste (Ne produit plus de whisky) Bourgogne-Franche-Comt\u00e9 Br\u00fblerie du Revermont Michel Couvreur Rouget de Lisle Bretagne La Bambelle Distillerie des Menhirs Distillerie FDC (Bale Bro)\u2026","rel":"","context":"Article similaire","img":{"alt_text":"","src":"","width":0,"height":0},"classes":[]},{"id":7500,"url":"https:\/\/whisky-francais.com\/index.php\/brasserie-artisanale-des-2-caps-christophe-noyon-brasseur\/","url_meta":{"origin":6182,"position":1},"title":"Brasserie Artisanale des 2 Caps\u00a0 &#8211; Christophe noyon Brasseur","date":"14 septembre 2024","format":false,"excerpt":"\u00a0 Statut En production Localisation \u00a0 Volume de Production Environ 3000 bouteilles par an. Dates Cl\u00e9s 1946 : Le Grand-p\u00e8re de Christophe Noyon, Michel Noyon, monte une distillerie d\u2019alcool de Betterave au c\u0153ur de sa propri\u00e9t\u00e9, le Domaine de Warcove, situ\u00e9e sur la C\u00f4te d\u2019Opale. Le mat\u00e9riel avait \u00e9t\u00e9 achet\u00e9\u2026","rel":"","context":"Article similaire","img":{"alt_text":"","src":"https:\/\/i0.wp.com\/whisky-francais.com\/wp-content\/uploads\/2024\/09\/tableau-2caps-scaled-warcove-whisky-francais.jpg?resize=350%2C200&ssl=1","width":350,"height":200},"classes":[]},{"id":585,"url":"https:\/\/whisky-francais.com\/index.php\/distilleries\/hautefeuille\/","url_meta":{"origin":6182,"position":2},"title":"Distillerie d&rsquo;Hautefeuille","date":"20 mars 2017","format":false,"excerpt":"La distillerie d'Hautefeuille est install\u00e9e au coeur de la Picardie, dans une propri\u00e9t\u00e9 familiale vieille de 10 g\u00e9n\u00e9rations. Lorsqu'\u00c9tienne d\u2019Hautefeuille\u00a0- ing\u00e9nieur de formation - reprend l'exploitation agricole, il songe d\u00e9j\u00e0 \u00e0 la possibilit\u00e9 de produire ses propres spiritueux (Gin & Whisky). Cette volont\u00e9 se concr\u00e9tisera \u00e0 la suite de sa\u2026","rel":"","context":"Article similaire","img":{"alt_text":"","src":"https:\/\/i0.wp.com\/whisky-francais.com\/wp-content\/uploads\/2017\/03\/DJI_0036-min.jpg?resize=350%2C200","width":350,"height":200},"classes":[]},{"id":7552,"url":"https:\/\/whisky-francais.com\/index.php\/distillerie-du-sonneur\/","url_meta":{"origin":6182,"position":3},"title":"Distillerie du Sonneur (ferm\u00e9e)","date":"27 octobre 2024","format":false,"excerpt":"\u00a0 C\u2019est dans le centre-ville du Mans, dans une ancienne salle de bal des ann\u00e9es 20, que se tenait la Distillerie du Sonneur. Adoss\u00e9 \u00e0 cinq hectares de vergers en agroforesterie et agriculture biologique situ\u00e9s \u00e0 S\u00e9gri\u00e9 (\u00e0 une trentaine de kilom\u00e8tres du Mans), la distillerie participait \u00e0 la pr\u00e9servation\u2026","rel":"","context":"Article similaire","img":{"alt_text":"","src":"https:\/\/i0.wp.com\/whisky-francais.com\/wp-content\/uploads\/2024\/10\/logo-distillerie-du-sonneur-logo-hd.png?resize=350%2C200&ssl=1","width":350,"height":200},"classes":[]},{"id":8005,"url":"https:\/\/whisky-francais.com\/index.php\/distillerie-des-hautes-terres\/","url_meta":{"origin":6182,"position":4},"title":"Distillerie des Hautes Terres","date":"30 ao\u00fbt 2025","format":false,"excerpt":"\u00c0 950 m\u00e8tres d\u2019altitude, au c\u0153ur du village entreprise de Neussargues-en-Pinatelle, la Distillerie des Hautes Terres trace depuis peu son sillon dans le paysage du whisky fran\u00e7ais. Ici, en plein Massif central, les Pages \u2013 Fran\u00e7ois et Greta \u2013 ont choisi de r\u00e9inventer l\u2019esprit du whisky fermier, en s\u2019appuyant sur\u2026","rel":"","context":"Article similaire","img":{"alt_text":"","src":"https:\/\/i0.wp.com\/whisky-francais.com\/wp-content\/uploads\/2025\/08\/HAUTES-TERRES-DISTILLERIE-1.jpg?resize=350%2C200&ssl=1","width":350,"height":200},"classes":[]},{"id":7818,"url":"https:\/\/whisky-francais.com\/index.php\/labarrere-1773\/","url_meta":{"origin":6182,"position":5},"title":"Labarr\u00e8re 1773","date":"8 mars 2025","format":false,"excerpt":"Situ\u00e9e dans le B\u00e9arn, la distillerie Labarr\u00e8re 1773 propose une interpr\u00e9tation pyr\u00e9n\u00e9enne du whisky de ma\u00efs. \u00c0 sa t\u00eate, Romain Selle, ancien technicien en \u00e9lectrotechnique, qui, apr\u00e8s 18 ans pass\u00e9s dans la production d\u2019\u00e9lectricit\u00e9, a choisi de revenir \u00e0 ses racines agricoles. En 2021, il reprend la ferme familiale \u00e0\u2026","rel":"","context":"Article similaire","img":{"alt_text":"","src":"https:\/\/i0.wp.com\/whisky-francais.com\/wp-content\/uploads\/2025\/03\/labarrere-1773-whisky-francais-logo.jpg?resize=350%2C200&ssl=1","width":350,"height":200},"classes":[]}],"_links":{"self":[{"href":"https:\/\/whisky-francais.com\/index.php\/wp-json\/wp\/v2\/pages\/6182"}],"collection":[{"href":"https:\/\/whisky-francais.com\/index.php\/wp-json\/wp\/v2\/pages"}],"about":[{"href":"https:\/\/whisky-francais.com\/index.php\/wp-json\/wp\/v2\/types\/page"}],"author":[{"embeddable":true,"href":"https:\/\/whisky-francais.com\/index.php\/wp-json\/wp\/v2\/users\/1"}],"replies":[{"embeddable":true,"href":"https:\/\/whisky-francais.com\/index.php\/wp-json\/wp\/v2\/comments?post=6182"}],"version-history":[{"count":18,"href":"https:\/\/whisky-francais.com\/index.php\/wp-json\/wp\/v2\/pages\/6182\/revisions"}],"predecessor-version":[{"id":7179,"href":"https:\/\/whisky-francais.com\/index.php\/wp-json\/wp\/v2\/pages\/6182\/revisions\/7179"}],"wp:featuredmedia":[{"embeddable":true,"href":"https:\/\/whisky-francais.com\/index.php\/wp-json\/wp\/v2\/media\/6959"}],"wp:attachment":[{"href":"https:\/\/whisky-francais.com\/index.php\/wp-json\/wp\/v2\/media?parent=6182"}],"curies":[{"name":"wp","href":"https:\/\/api.w.org\/{rel}","templated":true}]}}