{"id":6311,"date":"2022-04-05T22:02:47","date_gmt":"2022-04-05T20:02:47","guid":{"rendered":"http:\/\/whisky-francais.com\/?page_id=6311"},"modified":"2024-11-17T17:00:50","modified_gmt":"2024-11-17T16:00:50","slug":"maison-busnel","status":"publish","type":"page","link":"https:\/\/whisky-francais.com\/index.php\/distilleries\/maison-busnel\/","title":{"rendered":"Maison Busnel"},"content":{"rendered":"\n<p>\u00a0<\/p>\n<p style=\"text-align: right;\">Derni\u00e8re mise \u00e0 jour : Mars 2024<\/p>\n<p>R\u00e9put\u00e9e pour son Calvados, La Maison Busnel produit depuis 2019 un whisky \u00e0 Cormeilles en Auge dans le d\u00e9partement de l\u2019Eure.<\/p>\n<p><img loading=\"lazy\" decoding=\"async\" data-attachment-id=\"6313\" data-permalink=\"https:\/\/whisky-francais.com\/index.php\/distilleries\/maison-busnel\/calvados-busnel-2\/\" data-orig-file=\"https:\/\/whisky-francais.com\/wp-content\/uploads\/2022\/04\/Calvados-Busnel-photo-David-Morganti-98.jpg\" data-orig-size=\"1556,1037\" data-comments-opened=\"0\" data-image-meta=\"{&quot;aperture&quot;:&quot;9&quot;,&quot;credit&quot;:&quot;\\u00a9 David Morganti&quot;,&quot;camera&quot;:&quot;Canon EOS-1D X&quot;,&quot;caption&quot;:&quot;Calvados Busnel&quot;,&quot;created_timestamp&quot;:&quot;1602591156&quot;,&quot;copyright&quot;:&quot;\\u00a9 David Morganti&quot;,&quot;focal_length&quot;:&quot;60&quot;,&quot;iso&quot;:&quot;100&quot;,&quot;shutter_speed&quot;:&quot;0.005&quot;,&quot;title&quot;:&quot;Calvados Busnel&quot;,&quot;orientation&quot;:&quot;1&quot;}\" data-image-title=\"Calvados Busnel\" data-image-description=\"\" data-image-caption=\"&lt;p&gt;Calvados Busnel&lt;\/p&gt;\n\" data-medium-file=\"https:\/\/whisky-francais.com\/wp-content\/uploads\/2022\/04\/Calvados-Busnel-photo-David-Morganti-98-300x200.jpg\" data-large-file=\"https:\/\/whisky-francais.com\/wp-content\/uploads\/2022\/04\/Calvados-Busnel-photo-David-Morganti-98-1024x682.jpg\" class=\"size-full wp-image-6313\" src=\"https:\/\/whisky-francais.com\/wp-content\/uploads\/2022\/04\/Calvados-Busnel-photo-David-Morganti-98.jpg\" alt=\"\" width=\"1556\" height=\"1037\" srcset=\"https:\/\/whisky-francais.com\/wp-content\/uploads\/2022\/04\/Calvados-Busnel-photo-David-Morganti-98.jpg 1556w, https:\/\/whisky-francais.com\/wp-content\/uploads\/2022\/04\/Calvados-Busnel-photo-David-Morganti-98-300x200.jpg 300w, https:\/\/whisky-francais.com\/wp-content\/uploads\/2022\/04\/Calvados-Busnel-photo-David-Morganti-98-1024x682.jpg 1024w, https:\/\/whisky-francais.com\/wp-content\/uploads\/2022\/04\/Calvados-Busnel-photo-David-Morganti-98-768x512.jpg 768w, https:\/\/whisky-francais.com\/wp-content\/uploads\/2022\/04\/Calvados-Busnel-photo-David-Morganti-98-1536x1024.jpg 1536w, https:\/\/whisky-francais.com\/wp-content\/uploads\/2022\/04\/Calvados-Busnel-photo-David-Morganti-98-120x80.jpg 120w, https:\/\/whisky-francais.com\/wp-content\/uploads\/2022\/04\/Calvados-Busnel-photo-David-Morganti-98-480x320.jpg 480w\" sizes=\"(max-width: 1556px) 100vw, 1556px\" \/><\/p>\n<table style=\"width: 100%; height: 5007px;\" width=\"642\">\n<tbody>\n<tr style=\"height: 81px;\">\n<td style=\"height: 81px;\">\n<p>Statut<\/p>\n<\/td>\n<td style=\"height: 81px;\" width=\"507\">\n<p>En production.<\/p>\n<\/td>\n<\/tr>\n<tr style=\"height: 81px;\">\n<td style=\"height: 81px;\">\n<p>Localisation<\/p>\n<\/td>\n<td style=\"height: 81px;\" width=\"507\">\n<p>Rte de Lisieux, 27260 Cormeilles<\/p>\n<\/td>\n<\/tr>\n<tr style=\"height: 81px;\">\n<td style=\"height: 81px;\">\n<p>Vol. Production<\/p>\n<\/td>\n<td style=\"height: 81px;\" width=\"507\">\n<p>600 tonnes d\u2019orge par an<\/p>\n<\/td>\n<\/tr>\n<tr style=\"height: 280px;\">\n<td style=\"height: 280px;\">\n<p>Dates Cl\u00e9s<\/p>\n<\/td>\n<td style=\"height: 280px;\" width=\"507\">\n<p>1820 : Ernest Busnel s\u2019installe \u00e0 Pont l\u2019Ev\u00eaque et lance une activit\u00e9 de s\u00e9lection et de vieillissement de calvados.<\/p>\n<p>1970 : La distillerie d\u00e9m\u00e9nage \u00e0 Cormeilles<\/p>\n<p>2019 : Lancement du projet Whisky<\/p>\n<p>2023 : Lancement du whisky Cormeil sur le r\u00e9seau cave et Busnel en Grande distribution.<\/p>\n<p>Lire l&rsquo;histoire :<a href=\"https:\/\/whisky-francais.com\/index.php\/2022\/04\/07\/maison-busnel-du-calvados-au-whisky\/\"> MAISON BUSNEL \u2013 DU CALVADOS AU WHISKY !<\/a><\/p>\n<\/td>\n<\/tr>\n<tr style=\"height: 255px;\">\n<td style=\"height: 255px;\">\n<p>Personnages Cl\u00e9s<\/p>\n<\/td>\n<td style=\"height: 255px;\" width=\"507\">\n<p>Philippe Terlier\u00a0: Directeur de la distillerie<\/p>\n<p>Ga\u00ebtan Delamare\u00a0: Distillateur et Ma\u00eetre de chai, il assure la production des futurs whiskys de A \u00e0 Z.<\/p>\n<p>B\u00e9n\u00e9dicte Baude-Vattier\u00a0: Responsable tourisme et communication<\/p>\n<\/td>\n<\/tr>\n<tr style=\"height: 2923px;\">\n<td style=\"height: 2923px;\">\n<p>Gamme<\/p>\n<\/td>\n<td style=\"height: 2923px;\" width=\"507\">\n<p><strong>Cormeil single malt 42,5%<\/strong><\/p>\n<p><em>La signature de la distillerie<\/em><\/p>\n<p><strong>Nez :<\/strong>\u00a0D\u2019abord malt\u00e9, le nez \u00e9volue sur un registre p\u00e2tissier (vanille, chocolat blanc) et fruit\u00e9 (p\u00eache juteuse accompagn\u00e9 d\u2019un soup\u00e7on de miel).<\/p>\n<p><strong>Bouche :<\/strong>\u00a0Une texture grasse et suave offre des notes d\u2019\u00e9pices et de fruits du verger, notamment de poire le tout soutenu par une \u00e9l\u00e9gante min\u00e9ralit\u00e9.<\/p>\n<p><strong>Finale :<\/strong>\u00a0La finale est marqu\u00e9e par un bois\u00e9 subtil et exotique ainsi qu\u2019une l\u00e9g\u00e8re note toast\u00e9e.<\/p>\n<p>\u00a0<\/p>\n<p><strong>Cormeil Single cask n\u00b0123 \u2013 492 bouteilles \u2013 47%<\/strong><\/p>\n<p><em>Lors d\u2019une d\u00e9gustation de chai, celui-ci nous a particuli\u00e8rement s\u00e9duit, c\u2019est un ancien f\u00fbt de Cognac \u00e9puis\u00e9.<\/em><\/p>\n<p><strong>Nez :<\/strong>\u00a0Des notes de c\u00e9r\u00e9ales, d\u2019\u00e9pices et de bois toast\u00e9s se m\u00ealent \u00e0 des accents exotiques, \u00e9voquant l\u2019ananas et la poire.<\/p>\n<p><strong>Bouche :<\/strong>\u00a0Une texture grasse et ample r\u00e9v\u00e8le des saveurs de porridge et de fruits sec (raisins, datte).<\/p>\n<p><strong>Finale :<\/strong>\u00a0La finale est \u00e9pic\u00e9e, avec des notes de r\u00e9glisse, de muscade, de poivre, de clou de girofle et d\u2019\u00e9corce d\u2019orange, offrant une conclusion complexe et persistante.<\/p>\n<p>\u00a0<\/p>\n<p><strong>Cormeil Finish calvados 42,7%<\/strong><\/p>\n<p><em>Un affinage dans des futs ayant contenu notre calvados pendant plus de 20 ans\u00a0!<\/em><\/p>\n<p><strong>Nez :<\/strong>\u00a0L\u2019affinage se d\u00e9voilent a travers des ar\u00f4mes de tarte Tatin accompagn\u00e9 de c\u00e9r\u00e9ales caram\u00e9lis\u00e9es.<\/p>\n<p><strong>Bouche :<\/strong>\u00a0Tout en rondeur, avec une fra\u00eecheur prononc\u00e9e et une pointe saline accompagn\u00e9e de notes de compote de pomme et de poire relev\u00e9 d\u2019une gousse de vanille.<\/p>\n<p><strong>Finale :<\/strong>\u00a0La vanille persiste avec une l\u00e9g\u00e8re pointe iod\u00e9e, offrant une \u00e9l\u00e9gance remarquable, accompagn\u00e9e de nuances de foin et d\u2019\u00e9corce de c\u00e9r\u00e9ales.<\/p>\n<p><img loading=\"lazy\" decoding=\"async\" data-attachment-id=\"7164\" data-permalink=\"https:\/\/whisky-francais.com\/index.php\/2024\/03\/02\/la-gamme-des-single-malts-cormeil\/cormeil-whisky-francais-busnel-calvados-finish-peated\/\" data-orig-file=\"https:\/\/whisky-francais.com\/wp-content\/uploads\/2024\/03\/Cormeil-whisky-francais-busnel-calvados-finish-peated.jpg\" data-orig-size=\"1632,1224\" data-comments-opened=\"0\" data-image-meta=\"{&quot;aperture&quot;:&quot;2.8&quot;,&quot;credit&quot;:&quot;&quot;,&quot;camera&quot;:&quot;SM-A145R&quot;,&quot;caption&quot;:&quot;&quot;,&quot;created_timestamp&quot;:&quot;1708947555&quot;,&quot;copyright&quot;:&quot;&quot;,&quot;focal_length&quot;:&quot;3.38&quot;,&quot;iso&quot;:&quot;400&quot;,&quot;shutter_speed&quot;:&quot;0.039995&quot;,&quot;title&quot;:&quot;&quot;,&quot;orientation&quot;:&quot;1&quot;}\" data-image-title=\"Cormeil whisky francais busnel calvados finish peated\" data-image-description=\"\" data-image-caption=\"\" data-medium-file=\"https:\/\/whisky-francais.com\/wp-content\/uploads\/2024\/03\/Cormeil-whisky-francais-busnel-calvados-finish-peated-300x225.jpg\" data-large-file=\"https:\/\/whisky-francais.com\/wp-content\/uploads\/2024\/03\/Cormeil-whisky-francais-busnel-calvados-finish-peated-1024x768.jpg\" class=\"alignnone size-large wp-image-7164\" src=\"https:\/\/whisky-francais.com\/wp-content\/uploads\/2024\/03\/Cormeil-whisky-francais-busnel-calvados-finish-peated-1024x768.jpg\" sizes=\"(max-width: 840px) 100vw, 840px\" srcset=\"https:\/\/whisky-francais.com\/wp-content\/uploads\/2024\/03\/Cormeil-whisky-francais-busnel-calvados-finish-peated-1024x768.jpg 1024w, https:\/\/whisky-francais.com\/wp-content\/uploads\/2024\/03\/Cormeil-whisky-francais-busnel-calvados-finish-peated-300x225.jpg 300w, https:\/\/whisky-francais.com\/wp-content\/uploads\/2024\/03\/Cormeil-whisky-francais-busnel-calvados-finish-peated-768x576.jpg 768w, https:\/\/whisky-francais.com\/wp-content\/uploads\/2024\/03\/Cormeil-whisky-francais-busnel-calvados-finish-peated-1536x1152.jpg 1536w, https:\/\/whisky-francais.com\/wp-content\/uploads\/2024\/03\/Cormeil-whisky-francais-busnel-calvados-finish-peated.jpg 1632w\" alt=\"\" width=\"840\" height=\"630\" data-attachment-id=\"7164\" data-permalink=\"https:\/\/whisky-francais.com\/index.php\/2024\/03\/02\/la-gamme-des-single-malts-cormeil\/cormeil-whisky-francais-busnel-calvados-finish-peated\/\" data-orig-file=\"https:\/\/whisky-francais.com\/wp-content\/uploads\/2024\/03\/Cormeil-whisky-francais-busnel-calvados-finish-peated.jpg\" data-orig-size=\"1632,1224\" data-comments-opened=\"0\" data-image-meta=\"{&quot;aperture&quot;:&quot;2.8&quot;,&quot;credit&quot;:&quot;&quot;,&quot;camera&quot;:&quot;SM-A145R&quot;,&quot;caption&quot;:&quot;&quot;,&quot;created_timestamp&quot;:&quot;1708947555&quot;,&quot;copyright&quot;:&quot;&quot;,&quot;focal_length&quot;:&quot;3.38&quot;,&quot;iso&quot;:&quot;400&quot;,&quot;shutter_speed&quot;:&quot;0.039995&quot;,&quot;title&quot;:&quot;&quot;,&quot;orientation&quot;:&quot;1&quot;}\" data-image-title=\"Cormeil whisky francais busnel calvados finish peated\" data-image-description=\"\" data-image-caption=\"\" data-medium-file=\"https:\/\/whisky-francais.com\/wp-content\/uploads\/2024\/03\/Cormeil-whisky-francais-busnel-calvados-finish-peated-300x225.jpg\" data-large-file=\"https:\/\/whisky-francais.com\/wp-content\/uploads\/2024\/03\/Cormeil-whisky-francais-busnel-calvados-finish-peated-1024x768.jpg\" \/><\/p>\n<p><strong>Cormeil Single malt peated \u2013 43%<\/strong><\/p>\n<p><em>Un assemblage de 75% de whisky issu d\u2019une orge tourb\u00e9 \u00e0 50 ppm et de 25% d\u2019orge non tourb\u00e9<\/em><\/p>\n<p><strong>Nez :<\/strong>\u00a0Des effluves de fum\u00e9e tourb\u00e9e se m\u00ealent \u00e0 des ar\u00f4mes d\u2019orge caram\u00e9lis\u00e9e et \u00e0 des notes m\u00e9dicinales.<\/p>\n<p><strong>Bouche :<\/strong>\u00a0On retrouve des saveurs de coing caram\u00e9lis\u00e9, de tourbe incandescente, de terre goudronn\u00e9e, de pomme au four et une l\u00e9g\u00e8re touche saline.<\/p>\n<p><strong>Finale :<\/strong>\u00a0La cendre chaude et la tourbe persistent avec une longueur remarquable, accompagn\u00e9es de notes terreuses et d\u2019une l\u00e9g\u00e8re amertume.<\/p>\n<p><strong>\u00a0<\/strong><\/p>\n<p><strong>Cormeil single cask Janusz \u2013 450 bouteilles -46,5 %<\/strong><\/p>\n<p><em>Edition sp\u00e9ciale issu \u00e0 100% d\u2019orge tourb\u00e9 \u00e0 50 PPM. Il a \u00e9t\u00e9 cr\u00e9\u00e9 en hommage \u00e0 Janusz, ami et voisin anglais de Ga\u00ebtan Delamare, qui l\u2019a initi\u00e9 au whisky il y a plus de 20 ans.<\/em><\/p>\n<p><strong>Nez :<\/strong>\u00a0Des notes de foin et de tabac blond se m\u00ealent \u00e0 une tourbe franche et incandescente accompagn\u00e9 d\u2019embrun marin.<\/p>\n<p><strong>Bouche :<\/strong>\u00a0Des notes de cuir et une belle salinit\u00e9 pr\u00e9c\u00e8dent une tourbe devenu cendre.<\/p>\n<p><strong>Finale :<\/strong>\u00a0Des saveurs d\u2019orangette au chocolat et de cendre se m\u00ealent \u00e0 des notes torr\u00e9fi\u00e9es, \u00e9voquant le caf\u00e9 au lait, pour une conclusion riche et complexe.<\/p>\n<p>\u00a0<\/p>\n<\/td>\n<\/tr>\n<tr style=\"height: 81px;\">\n<td style=\"height: 81px;\">\n<p>Eau<\/p>\n<\/td>\n<td style=\"height: 81px;\" width=\"507\">\n<p>&#8211;<\/p>\n<\/td>\n<\/tr>\n<tr style=\"height: 193px;\">\n<td style=\"height: 193px;\">\n<p>C\u00e9r\u00e9ales<\/p>\n<\/td>\n<td style=\"height: 193px;\" width=\"507\">\n<p>L\u2019Eure et la cinqui\u00e8me r\u00e9gion productrice de c\u00e9r\u00e9ales en France<\/p>\n<p>Le grain est ensuite malt\u00e9 chez une malterie fran\u00e7aise.<\/p>\n<p>Le malt tourb\u00e9 \u00e0 50 ppm provient lui d\u2019Angleterre.<\/p>\n<\/td>\n<\/tr>\n<tr style=\"height: 112px;\">\n<td style=\"height: 112px;\">\n<p>Brassage \/<br \/>Fermentation<\/p>\n<\/td>\n<td style=\"height: 112px;\" width=\"507\">\n<p>Fermentation de 48 \u00e0 72 heures pour obtenir un Wash l\u00e9g\u00e8rement inf\u00e9rieur \u00e0 8%<\/p>\n<\/td>\n<\/tr>\n<tr style=\"height: 173px;\">\n<td style=\"height: 173px;\">\n<p>Alambics<\/p>\n<\/td>\n<td style=\"height: 173px;\" width=\"507\">\n<p>Sept alambics charentais de 25 hectolitres disposant d&rsquo;un syst\u00e8me de chauffe \u00e0 la vapeur ainsi que deux alambics a colonne Gazagne sur lesquels la distillerie conduit des exp\u00e9rimentations pour produire du whisky de grain \u00e0 terme.<\/p>\n<\/td>\n<\/tr>\n<tr style=\"height: 255px;\">\n<td style=\"height: 255px;\">\n<p>Distillation<\/p>\n<\/td>\n<td style=\"height: 255px;\" width=\"507\">\n<p>Double distillation<\/p>\n<p>R\u00e9alisation de coupe d\u00e8s la premi\u00e8re passe pour r\u00e9cup\u00e9rer des Low Wines entre 28 et 30\u00a0%vols.<\/p>\n<p>Cette technique permet de r\u00e9aliser des coupes plus larges en deuxi\u00e8me passe. Le distillat r\u00e9colt\u00e9 titre entre 72 et 73%vol<\/p>\n<\/td>\n<\/tr>\n<tr style=\"height: 81px;\">\n<td style=\"height: 81px;\">\n<p>Type de Chai<\/p>\n<\/td>\n<td style=\"height: 81px;\" width=\"507\">\n<p>Chai sans r\u00e9gulation de temp\u00e9rature.<\/p>\n<\/td>\n<\/tr>\n<tr style=\"height: 168px;\">\n<td style=\"height: 168px;\">\n<p>F\u00fbts<\/p>\n<\/td>\n<td style=\"height: 168px;\" width=\"507\">\n<p>Enfutage \u00e0 63,5%.<\/p>\n<p>La distillerie dispose de f\u00fbts neuf fran\u00e7ais et am\u00e9ricains, de f\u00fbts de bourbon d&rsquo;ex-calvados etc&#8230;.<\/p>\n<\/td>\n<\/tr>\n<tr style=\"height: 81px;\">\n<td style=\"height: 81px;\">\n<p>Donn\u00e9es Territoriales<\/p>\n<\/td>\n<td style=\"height: 81px;\" width=\"507\">Le climat de la commune est de type climat oc\u00e9anique alt\u00e9r\u00e9.<\/td>\n<\/tr>\n<tr style=\"height: 81px;\">\n<td style=\"height: 81px;\">\n<p>Notes<\/p>\n<\/td>\n<td style=\"height: 81px;\" width=\"507\">\u00a0<\/td>\n<\/tr>\n<tr style=\"height: 81px;\">\n<td style=\"height: 81px;\">\n<p>Site Web<\/p>\n<\/td>\n<td style=\"height: 81px;\" width=\"507\">\n<p>https:\/\/distillerie-busnel.fr\/<\/p>\n<\/td>\n<\/tr>\n<\/tbody>\n<\/table>\n<p>\u00a0<\/p>\n<p>\u00a0<\/p>\n<p>\u00a0<\/p>\n","protected":false},"excerpt":{"rendered":"<p>\u00a0 Derni\u00e8re mise \u00e0 jour : Mars 2024 R\u00e9put\u00e9e pour son Calvados, La Maison Busnel produit depuis 2019 un whisky<\/p>\n","protected":false},"author":1,"featured_media":6317,"parent":56,"menu_order":0,"comment_status":"closed","ping_status":"closed","template":"","meta":{"jetpack_post_was_ever_published":false,"footnotes":""},"class_list":["post-6311","page","type-page","status-publish","has-post-thumbnail","hentry"],"jetpack_sharing_enabled":true,"jetpack_shortlink":"https:\/\/wp.me\/P8oZPa-1DN","jetpack-related-posts":[{"id":8066,"url":"https:\/\/whisky-francais.com\/index.php\/palmares-des-whiskies-francais-2025\/","url_meta":{"origin":6311,"position":0},"title":"Palmar\u00e8s des whiskies fran\u00e7ais 2025","date":"26 septembre 2025","format":false,"excerpt":"\u00a0 \ud83d\udc8e Diamond Alfred GIRAUD French Malt Whisky \u2013 Harmonie \u2013 Blended Malt Yeun Elez \u2013 F\u00fbt N\u00b03702 \u2013 Single Cask Single Malt Coperies \u2013 Les Brumes \u2013 Single Malt T.O.S Distillerie \u2013 Artesia Double Maturation \u2013 Small Batch Single Malt La Piautre \u2013 Empreinte \u2013 Small Batch Single Malt\u2026","rel":"","context":"Article similaire","img":{"alt_text":"","src":"https:\/\/i0.wp.com\/whisky-francais.com\/wp-content\/uploads\/2025\/09\/DSC_3867.jpg?resize=350%2C200&ssl=1","width":350,"height":200},"classes":[]},{"id":56,"url":"https:\/\/whisky-francais.com\/index.php\/distilleries\/","url_meta":{"origin":6311,"position":1},"title":"Producteurs \/ Distilleries","date":"11 f\u00e9vrier 2017","format":false,"excerpt":"Auvergne-Rh\u00f4ne-Alpes Distillerie du Drac Distillerie des Bughes Distillerie du Vercors Domaine des Hautes Glaces Distillerie des Hautes Terres AlpSpirits (ferm\u00e9e) Monsieur Balthazar Mont Blanc Ninkasi O\u2019Baptiste (Ne produit plus de whisky) Bourgogne-Franche-Comt\u00e9 Br\u00fblerie du Revermont Michel Couvreur Rouget de Lisle Bretagne La Bambelle Distillerie des Menhirs Distillerie FDC (Bale Bro)\u2026","rel":"","context":"Article similaire","img":{"alt_text":"","src":"","width":0,"height":0},"classes":[]},{"id":6347,"url":"https:\/\/whisky-francais.com\/index.php\/samalens\/","url_meta":{"origin":6311,"position":2},"title":"Samalens","date":"27 avril 2022","format":false,"excerpt":"Si l\u2019histoire du whisky Fran\u00e7ais est plut\u00f4t r\u00e9cente, la maitrise de la distillation et du vieillissement est bien ant\u00e9rieure. En 1310, Ma\u00eetre Vital Dufour, Prieur d'Eauze et de Saint Mont, fait l\u2019apologie de l\u2019Armagnac dans son ouvrage \u00ab pour garder la sant\u00e9 et rester en bonne forme \u00bb\u00a0 Cet \u00e9crit\u2026","rel":"","context":"Article similaire","img":{"alt_text":"","src":"https:\/\/i0.wp.com\/whisky-francais.com\/wp-content\/uploads\/2022\/04\/logo-tchankat-noir.png?resize=350%2C200&ssl=1","width":350,"height":200},"classes":[]},{"id":1753,"url":"https:\/\/whisky-francais.com\/index.php\/distilleries\/brunet\/","url_meta":{"origin":6311,"position":3},"title":"Brunet","date":"12 juin 2017","format":false,"excerpt":"A l'origine, la Maison Brunet produit du Cognac. Aujourd'hui la production se diversifie avec du Whisky, et notamment Brenne Whisky. Statut Localisation Volume de Production Dates Cl\u00e9s Personnages Cl\u00e9s Gamme Eau C\u00e9r\u00e9ales Alambics Distillation Type de chai F\u00fbt(s) Donn\u00e9es Territoriales Notes Site Web","rel":"","context":"Article similaire","img":{"alt_text":"","src":"","width":0,"height":0},"classes":[]},{"id":7473,"url":"https:\/\/whisky-francais.com\/index.php\/maison-victors\/","url_meta":{"origin":6311,"position":4},"title":"Maison Victors","date":"30 ao\u00fbt 2024","format":false,"excerpt":"C\u2019est dans les coteaux du Frontonnais, pr\u00e8s de Toulouse, que Gilles Victors, coutelier d'art reconnu depuis plus de 15 ans, s\u2019est tourn\u00e9 vers une autre de ses passions : le whisky. Apr\u00e8s un voyage en \u00c9cosse, il installe son atelier dans une \u00e9coconstruction en bottes de paille, donnant ainsi naissance\u2026","rel":"","context":"Article similaire","img":{"alt_text":"","src":"https:\/\/i0.wp.com\/whisky-francais.com\/wp-content\/uploads\/2024\/08\/maison-victors-sherry-bourbon-whisky-francais.jpg?resize=350%2C200&ssl=1","width":350,"height":200},"classes":[]},{"id":6203,"url":"https:\/\/whisky-francais.com\/index.php\/maison-lineti\/","url_meta":{"origin":6311,"position":5},"title":"Maison LINETI","date":"6 d\u00e9cembre 2021","format":false,"excerpt":"Derni\u00e8re mise \u00e0 jour : Novembre 2023 \u00a0 L\u2019un des projets les plus passionnants sur la sc\u00e8ne du whisky fran\u00e7ais est sans aucun doute celui de la maison LINETI. \u00c0 l'origine du projet, il y a Alex Cosculluela, dipl\u00f4m\u00e9 d\u2019un Master of Science Wine & Spirits Management \u00e0 Kedge Bordeaux,\u2026","rel":"","context":"Article similaire","img":{"alt_text":"","src":"https:\/\/i0.wp.com\/whisky-francais.com\/wp-content\/uploads\/2021\/12\/Xavier-Payan-Alex-Cosculluela-Magali-Picard-MAISON-LINETI-WHISKY-FRANCAIS.jpg?resize=350%2C200","width":350,"height":200},"classes":[]}],"_links":{"self":[{"href":"https:\/\/whisky-francais.com\/index.php\/wp-json\/wp\/v2\/pages\/6311"}],"collection":[{"href":"https:\/\/whisky-francais.com\/index.php\/wp-json\/wp\/v2\/pages"}],"about":[{"href":"https:\/\/whisky-francais.com\/index.php\/wp-json\/wp\/v2\/types\/page"}],"author":[{"embeddable":true,"href":"https:\/\/whisky-francais.com\/index.php\/wp-json\/wp\/v2\/users\/1"}],"replies":[{"embeddable":true,"href":"https:\/\/whisky-francais.com\/index.php\/wp-json\/wp\/v2\/comments?post=6311"}],"version-history":[{"count":9,"href":"https:\/\/whisky-francais.com\/index.php\/wp-json\/wp\/v2\/pages\/6311\/revisions"}],"predecessor-version":[{"id":7596,"href":"https:\/\/whisky-francais.com\/index.php\/wp-json\/wp\/v2\/pages\/6311\/revisions\/7596"}],"up":[{"embeddable":true,"href":"https:\/\/whisky-francais.com\/index.php\/wp-json\/wp\/v2\/pages\/56"}],"wp:featuredmedia":[{"embeddable":true,"href":"https:\/\/whisky-francais.com\/index.php\/wp-json\/wp\/v2\/media\/6317"}],"wp:attachment":[{"href":"https:\/\/whisky-francais.com\/index.php\/wp-json\/wp\/v2\/media?parent=6311"}],"curies":[{"name":"wp","href":"https:\/\/api.w.org\/{rel}","templated":true}]}}