{"id":6571,"date":"2023-04-10T21:27:16","date_gmt":"2023-04-10T19:27:16","guid":{"rendered":"http:\/\/whisky-francais.com\/?page_id=6571"},"modified":"2024-12-28T14:22:24","modified_gmt":"2024-12-28T13:22:24","slug":"domaine-brana","status":"publish","type":"page","link":"https:\/\/whisky-francais.com\/index.php\/domaine-brana\/","title":{"rendered":"Domaine Brana"},"content":{"rendered":"\n<p>\u00a0<\/p>\n<p><img loading=\"lazy\" decoding=\"async\" data-attachment-id=\"6580\" data-permalink=\"https:\/\/whisky-francais.com\/index.php\/domaine-brana\/logo-brana\/\" data-orig-file=\"https:\/\/whisky-francais.com\/wp-content\/uploads\/2023\/04\/logo-Brana.jpg\" data-orig-size=\"282,173\" data-comments-opened=\"0\" data-image-meta=\"{&quot;aperture&quot;:&quot;0&quot;,&quot;credit&quot;:&quot;&quot;,&quot;camera&quot;:&quot;&quot;,&quot;caption&quot;:&quot;&quot;,&quot;created_timestamp&quot;:&quot;0&quot;,&quot;copyright&quot;:&quot;&quot;,&quot;focal_length&quot;:&quot;0&quot;,&quot;iso&quot;:&quot;0&quot;,&quot;shutter_speed&quot;:&quot;0&quot;,&quot;title&quot;:&quot;&quot;,&quot;orientation&quot;:&quot;0&quot;}\" data-image-title=\"logo Brana\" data-image-description=\"\" data-image-caption=\"\" data-medium-file=\"https:\/\/whisky-francais.com\/wp-content\/uploads\/2023\/04\/logo-Brana.jpg\" data-large-file=\"https:\/\/whisky-francais.com\/wp-content\/uploads\/2023\/04\/logo-Brana.jpg\" class=\"size-full wp-image-6580 aligncenter\" src=\"https:\/\/whisky-francais.com\/wp-content\/uploads\/2023\/04\/logo-Brana.jpg\" alt=\"\" width=\"282\" height=\"173\" \/><\/p>\n<p>Initialement n\u00e9gociant en vin, la famille Brana s&rsquo;est convertie \u00e0 la distillation dans les ann\u00e9es 70. La m\u00eame ann\u00e9e, la famille plante ses premiers vergers, l&rsquo;objectif \u00e9tait alors de produire des eaux-de-vie de fruits ainsi que des marcs. En 2017, sous l&rsquo;impulsion de Martine Brana, la distillerie se diversifie dans la production de whisky. D&rsquo;abord en utilisant de l&rsquo;orge, puis, en prenant sa part dans la r\u00e9habilitation d&rsquo;une ancienne vari\u00e9t\u00e9 de Ma\u00efs, l&rsquo;Arto Goria ou grand roux basque.<\/p>\n<p>=&gt; Lire l&rsquo;article : <a href=\"https:\/\/whisky-francais.com\/index.php\/2023\/04\/16\/laminak-le-whisky-du-domaine-brana\/\">\u00ab\u00a0Laminak, le whisky du domaine Brana\u00a0\u00bb<\/a><\/p>\n<table style=\"height: 4011px; width: 82.7257%;\">\n<tbody>\n<tr style=\"height: 86px;\">\n<td style=\"width: 11.0256%; height: 86px;\">\n<p>Statut<\/p>\n<\/td>\n<td style=\"width: 36.4103%; height: 86px;\">\n<p>Produit et commercialise son propre whisky<\/p>\n<\/td>\n<\/tr>\n<tr style=\"height: 118px;\">\n<td style=\"width: 11.0256%; height: 118px;\">\n<p>Capacit\u00e9 de production<\/p>\n<\/td>\n<td style=\"width: 36.4103%; height: 118px;\">\n<p>.<\/p>\n<\/td>\n<\/tr>\n<tr style=\"height: 86px;\">\n<td style=\"width: 11.0256%; height: 86px;\">\n<p>Localisation<\/p>\n<\/td>\n<td style=\"width: 36.4103%; height: 86px;\">\n<p>3 Bis Avenue du Ja\u00ef-Ala\u00ef 64220 SAINT JEAN PIED DE PORT<\/p>\n<\/td>\n<\/tr>\n<tr style=\"height: 324px;\">\n<td style=\"width: 11.0256%; height: 324px;\">\n<p>Dates Cl\u00e9s<\/p>\n<\/td>\n<td style=\"width: 36.4103%; height: 324px;\">\n<p>1897 : Pierre-\u00c9tienne Brana d\u00e9bute une activit\u00e9 de n\u00e9gociant en vins du pays basque<\/p>\n<p>1974 : Etienne et Adrienne Brana cr\u00e9ent la distillerie afin de produire des eaux-de-vie.<\/p>\n<p>2017 : Martine Brana d\u00e9bute la production de whisky<\/p>\n<p>2022 : La distillerie embouteille Laminak, leur premier whisky.<\/p>\n<p>2023 : La soci\u00e9t\u00e9 d&rsquo;investissements et de conseil <a href=\"https:\/\/enowe.com\/\">Enowe <\/a>devient actionnaire majoritaire.<\/p>\n<\/td>\n<\/tr>\n<tr style=\"height: 297px;\">\n<td style=\"width: 11.0256%; height: 297px;\">\n<p>Personnages Cl\u00e9s<\/p>\n<\/td>\n<td style=\"width: 36.4103%; height: 297px;\">\n<p>Etienne et Adrienne Brana : Fondateurs de la distillerie\u00a0<\/p>\n<p>Jean Brana : Fils de Etienne et Adrienne, Jean d\u00e9veloppe l&rsquo;exploitation viticole (AOP Iroul\u00e9guy) du domaine.<\/p>\n<p>Martine Brana : Fille de Etienne et Adrienne, Martine s&rsquo;occupe des vergers et de la distillerie. En 2017, elle initie la production de whisky.<\/p>\n<p>Hugues Souparis : Fondateur de la soci\u00e9t\u00e9 Enowe, il partage les m\u00eames valeurs que la famille Brana et en 2023, il devient actionnaire majoritaire de la distillerie. Il s&rsquo;engage \u00e0 apporter les ressources n\u00e9cessaires afin d\u2019acc\u00e9l\u00e9rer le d\u00e9veloppement national et international pour porter haut et loin les valeurs du Domaine Brana.<\/p>\n<\/td>\n<\/tr>\n<tr style=\"height: 968px;\">\n<td style=\"width: 11.0256%; height: 968px;\">\n<p>Gamme<\/p>\n<\/td>\n<td style=\"width: 36.4103%; height: 968px;\">\n<p><img loading=\"lazy\" decoding=\"async\" data-attachment-id=\"6584\" data-permalink=\"https:\/\/whisky-francais.com\/index.php\/domaine-brana\/whisky-francais-laminak-brana\/\" data-orig-file=\"https:\/\/whisky-francais.com\/wp-content\/uploads\/2023\/04\/Whisky-francais-Laminak-Brana.png\" data-orig-size=\"654,700\" data-comments-opened=\"0\" data-image-meta=\"{&quot;aperture&quot;:&quot;0&quot;,&quot;credit&quot;:&quot;&quot;,&quot;camera&quot;:&quot;&quot;,&quot;caption&quot;:&quot;&quot;,&quot;created_timestamp&quot;:&quot;0&quot;,&quot;copyright&quot;:&quot;&quot;,&quot;focal_length&quot;:&quot;0&quot;,&quot;iso&quot;:&quot;0&quot;,&quot;shutter_speed&quot;:&quot;0&quot;,&quot;title&quot;:&quot;&quot;,&quot;orientation&quot;:&quot;0&quot;}\" data-image-title=\"Whisky francais Laminak Brana\" data-image-description=\"\" data-image-caption=\"\" data-medium-file=\"https:\/\/whisky-francais.com\/wp-content\/uploads\/2023\/04\/Whisky-francais-Laminak-Brana-280x300.png\" data-large-file=\"https:\/\/whisky-francais.com\/wp-content\/uploads\/2023\/04\/Whisky-francais-Laminak-Brana.png\" class=\"alignnone wp-image-6584 size-full\" src=\"https:\/\/whisky-francais.com\/wp-content\/uploads\/2023\/04\/Whisky-francais-Laminak-Brana.png\" alt=\"\" width=\"654\" height=\"700\" srcset=\"https:\/\/whisky-francais.com\/wp-content\/uploads\/2023\/04\/Whisky-francais-Laminak-Brana.png 654w, https:\/\/whisky-francais.com\/wp-content\/uploads\/2023\/04\/Whisky-francais-Laminak-Brana-280x300.png 280w\" sizes=\"(max-width: 654px) 100vw, 654px\" \/><\/p>\n<p>Whisky Laminak Single Malt : Quatre ans en f\u00fbt de vin AOP Iroul\u00e9guy ayant contenu du blanc issu du c\u00e9page Petit Manseng.<\/p>\n<blockquote>\n<p><em>Au Pays Basque, les Laminak sont des esprits de la nature, cr\u00e9atures \u00e0 l&rsquo;apparence animale pour une partie de leur corps. Elles vivent pr\u00e8s des sources et sortant la nuit car elles n&rsquo;aiment ni la lumi\u00e8re, ni le soleil. Leur richesse, la sagesse.<\/em><\/p>\n<\/blockquote>\n<\/td>\n<\/tr>\n<tr style=\"height: 86px;\">\n<td style=\"width: 11.0256%; height: 86px;\">\n<p>Eau<\/p>\n<\/td>\n<td style=\"width: 36.4103%; height: 86px;\">\n<p>\u00a0<\/p>\n<\/td>\n<\/tr>\n<tr style=\"height: 528px;\">\n<td style=\"width: 11.0256%; height: 528px;\">\n<p>C\u00e9r\u00e9ales<\/p>\n<\/td>\n<td style=\"width: 36.4103%; height: 528px;\">\n<p>Orge fran\u00e7ais\u00a0<\/p>\n<p>Ma\u00efs Arto Gorria autrement connu sous le nom de \u00ab\u00a0Grand Roux Basque\u00a0\u00bb (pour sa couleur allant de l&rsquo;orange au bordeaux). Il s&rsquo;agit d&rsquo;une vari\u00e9t\u00e9 cultiv\u00e9e depuis le 16\u00e8me si\u00e8cle au Pays Basque qui a quasi disparu avant d&rsquo;\u00eatre r\u00e9habilit\u00e9 par<a href=\"http:\/\/artogorria.com\/\"> un collectif de paysans.<\/a><\/p>\n<a title=\"Roteale, CC BY-SA 4.0 &lt;https:\/\/creativecommons.org\/licenses\/by-sa\/4.0&gt;, via Wikimedia Commons\" href=\"https:\/\/commons.wikimedia.org\/wiki\/File:Arto_gorria.jpg\"><img decoding=\"async\" src=\"https:\/\/upload.wikimedia.org\/wikipedia\/commons\/thumb\/2\/2d\/Arto_gorria.jpg\/256px-Arto_gorria.jpg\" alt=\"Arto gorria\" width=\"256\" \/><\/a><\/td>\n<\/tr>\n<tr style=\"height: 151px;\">\n<td style=\"width: 11.0256%; height: 151px;\">\n<p>Fermentation \/ Levures\/ Brassage<\/p>\n<\/td>\n<td style=\"width: 36.4103%; height: 151px;\">\n<p>\u00a0<\/p>\n<\/td>\n<\/tr>\n<tr style=\"height: 819px;\">\n<td style=\"width: 11.0256%; height: 819px;\">\n<p>Alambic<\/p>\n<\/td>\n<td style=\"width: 36.4103%; height: 819px;\">\n<p>Deux Alambics charentais (25 hectolitres)<\/p>\n<figure id=\"attachment_6581\" aria-describedby=\"caption-attachment-6581\" style=\"width: 573px\" class=\"wp-caption alignnone\"><img loading=\"lazy\" decoding=\"async\" data-attachment-id=\"6581\" data-permalink=\"https:\/\/whisky-francais.com\/index.php\/domaine-brana\/alambic-brana\/\" data-orig-file=\"https:\/\/whisky-francais.com\/wp-content\/uploads\/2023\/04\/alambic-brana.jpg\" data-orig-size=\"1728,693\" data-comments-opened=\"0\" data-image-meta=\"{&quot;aperture&quot;:&quot;0&quot;,&quot;credit&quot;:&quot;&quot;,&quot;camera&quot;:&quot;&quot;,&quot;caption&quot;:&quot;&quot;,&quot;created_timestamp&quot;:&quot;0&quot;,&quot;copyright&quot;:&quot;&quot;,&quot;focal_length&quot;:&quot;0&quot;,&quot;iso&quot;:&quot;0&quot;,&quot;shutter_speed&quot;:&quot;0&quot;,&quot;title&quot;:&quot;&quot;,&quot;orientation&quot;:&quot;1&quot;}\" data-image-title=\"alambic brana\" data-image-description=\"\" data-image-caption=\"&lt;p&gt;Alambics du domaine Brana (Cr\u00e9dits : brana.fr)&lt;\/p&gt;\n\" data-medium-file=\"https:\/\/whisky-francais.com\/wp-content\/uploads\/2023\/04\/alambic-brana-300x120.jpg\" data-large-file=\"https:\/\/whisky-francais.com\/wp-content\/uploads\/2023\/04\/alambic-brana-1024x411.jpg\" class=\"wp-image-6581 \" src=\"https:\/\/whisky-francais.com\/wp-content\/uploads\/2023\/04\/alambic-brana.jpg\" alt=\"\" width=\"573\" height=\"230\" srcset=\"https:\/\/whisky-francais.com\/wp-content\/uploads\/2023\/04\/alambic-brana.jpg 1728w, https:\/\/whisky-francais.com\/wp-content\/uploads\/2023\/04\/alambic-brana-300x120.jpg 300w, https:\/\/whisky-francais.com\/wp-content\/uploads\/2023\/04\/alambic-brana-1024x411.jpg 1024w, https:\/\/whisky-francais.com\/wp-content\/uploads\/2023\/04\/alambic-brana-768x308.jpg 768w, https:\/\/whisky-francais.com\/wp-content\/uploads\/2023\/04\/alambic-brana-1536x616.jpg 1536w\" sizes=\"(max-width: 573px) 100vw, 573px\" \/><figcaption id=\"caption-attachment-6581\" class=\"wp-caption-text\"><span style=\"color: #808080;\"><em>Alambics du domaine Brana (Cr\u00e9dits : brana.fr)<\/em><\/span><\/figcaption><\/figure>\n<\/td>\n<\/tr>\n<tr style=\"height: 86px;\">\n<td style=\"width: 11.0256%; height: 86px;\">\n<p>Distillation<\/p>\n<\/td>\n<td style=\"width: 36.4103%; height: 86px;\">\n<p>Double distillation, chauffe au gaz.<\/p>\n<\/td>\n<\/tr>\n<tr style=\"height: 86px;\">\n<td style=\"width: 11.0256%; height: 86px;\">\n<p>Type de F\u00fbts<\/p>\n<\/td>\n<td style=\"width: 36.4103%; height: 86px;\">\n<p>La distillerie utilise se propres f\u00fbts de vin<span style=\"font-weight: 400;\">\u00a0d\u2019Iroul\u00e9guy<\/span><\/p>\n<\/td>\n<\/tr>\n<tr style=\"height: 86px;\">\n<td style=\"width: 11.0256%; height: 86px;\">\n<p>Type de Chai<\/p>\n<\/td>\n<td style=\"width: 36.4103%; height: 86px;\">\n<p>\u00a0<\/p>\n<\/td>\n<\/tr>\n<tr style=\"height: 118px;\">\n<td style=\"width: 11.0256%; height: 118px;\">\n<p>Donn\u00e9es Territoriales<\/p>\n<\/td>\n<td style=\"width: 36.4103%; height: 118px;\">\n<p>\u00a0Climat oc\u00e9anique temp\u00e9r\u00e9 chaud<\/p>\n<\/td>\n<\/tr>\n<tr style=\"height: 86px;\">\n<td style=\"width: 11.0256%; height: 86px;\">\n<p>Notes<\/p>\n<\/td>\n<td style=\"width: 36.4103%; height: 86px;\">\n<p>\u00a0<\/p>\n<\/td>\n<\/tr>\n<tr style=\"height: 86px;\">\n<td style=\"width: 11.0256%; height: 86px;\">\n<p>Site Web<\/p>\n<\/td>\n<td style=\"width: 36.4103%; height: 86px;\">\n<p><blockquote class=\"wp-embedded-content\" data-secret=\"Atf4fDaUgw\"><a href=\"https:\/\/www.brana.fr\/\">Accueil<\/a><\/blockquote><iframe loading=\"lazy\" class=\"wp-embedded-content\" sandbox=\"allow-scripts\" security=\"restricted\" style=\"position: absolute; visibility: hidden;\" title=\"\u00ab\u00a0Accueil\u00a0\u00bb &#8212; Brana\" src=\"https:\/\/www.brana.fr\/embed\/#?secret=ggL7eNkEqR#?secret=Atf4fDaUgw\" data-secret=\"Atf4fDaUgw\" width=\"600\" height=\"338\" frameborder=\"0\" marginwidth=\"0\" marginheight=\"0\" scrolling=\"no\"><\/iframe><\/p>\n<\/td>\n<\/tr>\n<\/tbody>\n<\/table>\n<figure id=\"attachment_6583\" aria-describedby=\"caption-attachment-6583\" style=\"width: 1920px\" class=\"wp-caption alignnone\"><img loading=\"lazy\" decoding=\"async\" data-attachment-id=\"6583\" data-permalink=\"https:\/\/whisky-francais.com\/index.php\/domaine-brana\/dji-0028-brana\/\" data-orig-file=\"https:\/\/whisky-francais.com\/wp-content\/uploads\/2023\/04\/DJI-0028-brana.jpg\" data-orig-size=\"1920,770\" data-comments-opened=\"0\" data-image-meta=\"{&quot;aperture&quot;:&quot;0&quot;,&quot;credit&quot;:&quot;&quot;,&quot;camera&quot;:&quot;&quot;,&quot;caption&quot;:&quot;&quot;,&quot;created_timestamp&quot;:&quot;0&quot;,&quot;copyright&quot;:&quot;&quot;,&quot;focal_length&quot;:&quot;0&quot;,&quot;iso&quot;:&quot;0&quot;,&quot;shutter_speed&quot;:&quot;0&quot;,&quot;title&quot;:&quot;&quot;,&quot;orientation&quot;:&quot;0&quot;}\" data-image-title=\"DJI-0028 brana\" data-image-description=\"\" data-image-caption=\"\" data-medium-file=\"https:\/\/whisky-francais.com\/wp-content\/uploads\/2023\/04\/DJI-0028-brana-300x120.jpg\" data-large-file=\"https:\/\/whisky-francais.com\/wp-content\/uploads\/2023\/04\/DJI-0028-brana-1024x411.jpg\" class=\"wp-image-6583 size-full\" src=\"https:\/\/whisky-francais.com\/wp-content\/uploads\/2023\/04\/DJI-0028-brana.jpg\" alt=\"\" width=\"1920\" height=\"770\" srcset=\"https:\/\/whisky-francais.com\/wp-content\/uploads\/2023\/04\/DJI-0028-brana.jpg 1920w, https:\/\/whisky-francais.com\/wp-content\/uploads\/2023\/04\/DJI-0028-brana-300x120.jpg 300w, https:\/\/whisky-francais.com\/wp-content\/uploads\/2023\/04\/DJI-0028-brana-1024x411.jpg 1024w, https:\/\/whisky-francais.com\/wp-content\/uploads\/2023\/04\/DJI-0028-brana-768x308.jpg 768w, https:\/\/whisky-francais.com\/wp-content\/uploads\/2023\/04\/DJI-0028-brana-1536x616.jpg 1536w\" sizes=\"(max-width: 1920px) 100vw, 1920px\" \/><figcaption id=\"caption-attachment-6583\" class=\"wp-caption-text\">Cr\u00e9dits : Brana.fr<\/figcaption><\/figure>\n","protected":false},"excerpt":{"rendered":"<p>\u00a0 Initialement n\u00e9gociant en vin, la famille Brana s&rsquo;est convertie \u00e0 la distillation dans les ann\u00e9es 70. La m\u00eame ann\u00e9e,<\/p>\n","protected":false},"author":1,"featured_media":0,"parent":0,"menu_order":0,"comment_status":"closed","ping_status":"closed","template":"","meta":{"jetpack_post_was_ever_published":false,"footnotes":""},"class_list":["post-6571","page","type-page","status-publish","hentry"],"jetpack_sharing_enabled":true,"jetpack_shortlink":"https:\/\/wp.me\/P8oZPa-1HZ","jetpack-related-posts":[{"id":56,"url":"https:\/\/whisky-francais.com\/index.php\/distilleries\/","url_meta":{"origin":6571,"position":0},"title":"Producteurs \/ Distilleries","date":"11 f\u00e9vrier 2017","format":false,"excerpt":"Auvergne-Rh\u00f4ne-Alpes Distillerie du Drac Distillerie des Bughes Distillerie du Vercors Domaine des Hautes Glaces Distillerie des Hautes Terres AlpSpirits (ferm\u00e9e) Monsieur Balthazar Mont Blanc Ninkasi O\u2019Baptiste (Ne produit plus de whisky) Bourgogne-Franche-Comt\u00e9 Br\u00fblerie du Revermont Michel Couvreur Rouget de Lisle Bretagne La Bambelle Distillerie des Menhirs Distillerie FDC (Bale Bro)\u2026","rel":"","context":"Article similaire","img":{"alt_text":"","src":"","width":0,"height":0},"classes":[]},{"id":5784,"url":"https:\/\/whisky-francais.com\/index.php\/distilleries\/domaine-valentin-zusslin\/","url_meta":{"origin":6571,"position":1},"title":"Domaine Valentin Zusslin","date":"30 janvier 2021","format":false,"excerpt":"Le Domaine Valentin Zusslin, connu pour la qualit\u00e9 de ses vins certifi\u00e9s \"biodynamie\" et pour son souci de l\u2019environnement, produit \u00e9galement des eaux-de-vie et depuis peu, un whisky ! Situ\u00e9 \u00e0 Orschwihr en Alsace, le domaine poss\u00e8de une histoire riche de plus de trois si\u00e8cles, dans laquelle la distillation occupe\u2026","rel":"","context":"Article similaire","img":{"alt_text":"","src":"https:\/\/i0.wp.com\/whisky-francais.com\/wp-content\/uploads\/2021\/01\/backslide-zusslin-8-1781x600-1.jpg?resize=350%2C200","width":350,"height":200},"classes":[]},{"id":7367,"url":"https:\/\/whisky-francais.com\/index.php\/domaine-de-la-peze\/","url_meta":{"origin":6571,"position":2},"title":"Domaine de la P\u00e8ze","date":"2 ao\u00fbt 2024","format":false,"excerpt":"L\u2019histoire commence lorsque Charles, travaillant dans le domaine viticole \u00e0 l\u2019export revient du Cambodge en 2018 avec l\u2019intention de diversifier les activit\u00e9s du domaine Familial. \u00c0 cette \u00e9poque, le domaine de la P\u00e8ze est avant tout consacr\u00e9 \u00e0 l\u2019\u00e9levage de daim mais, afin d\u2019\u00eatre autonome en fourrage et en alimentation\u2026","rel":"","context":"Article similaire","img":{"alt_text":"","src":"https:\/\/i0.wp.com\/whisky-francais.com\/wp-content\/uploads\/2024\/08\/Domaine-de-la-peze-whisky-francais-de-terroir.jpg?resize=350%2C200&ssl=1","width":350,"height":200},"classes":[]},{"id":3810,"url":"https:\/\/whisky-francais.com\/index.php\/distilleries\/domaine-mabillot\/","url_meta":{"origin":6571,"position":3},"title":"Domaine Mabillot","date":"2 novembre 2018","format":false,"excerpt":"\u00c0 l\u2019origine producteur de c\u00e9r\u00e9ales, Le Domaine Mabillot diversifie son activit\u00e9 dans les ann\u00e9es 1990 en acqu\u00e9rant un vignoble situ\u00e9 au c\u0153ur de l\u2019appellation Reuilly. C\u2019est sous l\u2019impulsion de Matthieu et Renaud \u2013 fils du fondateur \u2013 que le Domaine entame un nouveau chapitre en 2018 en s\u2019\u00e9quipant d\u2019un alambic\u2026","rel":"","context":"Article similaire","img":{"alt_text":"Domaine Mabillot, Sainte Lizaigne, Centre-Val de Loire, France, Reuilly, Renaud Mabillot, Matthieu Mabillot, ferme-distillerie, distillerie, orge, Holstein, whisky Fran\u00e7ais, French whisky, whisky, d\u00e9gustation, Matthieu Acar, Xavier Brevet, Lilya Sekkal, masterclass, Paris, atelier.","src":"https:\/\/i0.wp.com\/whisky-francais.com\/wp-content\/uploads\/2018\/11\/MABILLOT.jpg?resize=350%2C200&ssl=1","width":350,"height":200},"classes":[]},{"id":3894,"url":"https:\/\/whisky-francais.com\/index.php\/distilleries\/charlier-fils\/","url_meta":{"origin":6571,"position":4},"title":"Charlier &#038; Fils","date":"5 d\u00e9cembre 2018","format":false,"excerpt":"Si les notions de micro brasserie-distillerie, autosuffisance, pr\u00e9servation et respect de l\u2019environnement vous parlent, les futurs whiskies Charlier & Fils devraient particuli\u00e8rement vous int\u00e9resser. Inspecteur dans le domaine v\u00e9t\u00e9rinaire le matin, Yann Charlier se mue en ma\u00eetre-distillateur l\u2019apr\u00e8s-midi venu. Cette polyvalence, pilier de l\u2019approche propos\u00e9e par la distillerie, s\u2019accompagne d\u2019un\u2026","rel":"","context":"Article similaire","img":{"alt_text":"Charlier & Fils, Warcq, Ardennes, Yann Charlier, Distillerie, Brasserie, whisky Fran\u00e7ais, French whisky, France, Lilya Sekkal, Matthieu Acar, Xavier Brevet, d\u00e9gustation, whisky, masterclass, atelier","src":"https:\/\/i0.wp.com\/whisky-francais.com\/wp-content\/uploads\/2018\/12\/20180905_163837-min.jpg?resize=350%2C200&ssl=1","width":350,"height":200},"classes":[]},{"id":1893,"url":"https:\/\/whisky-francais.com\/index.php\/distilleries\/domaine-de-bourjac\/","url_meta":{"origin":6571,"position":5},"title":"Domaine de Bourjac","date":"21 juin 2017","format":false,"excerpt":"Perch\u00e9 \u00e0 350 m\u00e8tres d'altitude dans l\u2019Aveyron, le Domaine de Bourjac a d'abord produit du vin et des ap\u00e9ritifs (Pastis, Ch\u00e2taigne, Prunelle, etc.) avant de signer un whisky artisanal de grande qualit\u00e9 ! Autodidacte et amateur de spiritueux - et plus particuli\u00e8rement de whisky tourb\u00e9 - Olivier Toulouse entreprend d\u00e8s\u2026","rel":"","context":"Article similaire","img":{"alt_text":"Domaine de Bourjac, Broqui\u00e8s, Olivier Toulouse, DDB 3 ans tou&dy, DDB 3 ans Chat Teigne, f\u00fbt par f\u00fbt, double distillation, orge malt\u00e9e biologique, culture raisonn\u00e9e, conduite raisonn\u00e9e, bruy\u00e8re, tourbe, alambic charentais, chauffe au bois, double distillation, f\u00fbt de ch\u00eane, ap\u00e9ritif, domaine, whisky Fran\u00e7ais, French Whisky, malt, whisky France, Passerelles, H\u00f4tel Parister, organiser, d\u00e9gustation, whisky, paris, priv\u00e9e, entreprise, \u00e9v\u00e9nement, masterclass, Matthieu Acar, Xavier Brevet, Lilya Sekkal, d\u00e9gustation, whisky, acad\u00e9mie, masterclass, Paris, atelier, d\u00e9gustation, whisky","src":"https:\/\/i0.wp.com\/whisky-francais.com\/wp-content\/uploads\/2017\/06\/logo-ddb-domaine-de-bourjac-1.png?resize=350%2C200&ssl=1","width":350,"height":200},"classes":[]}],"_links":{"self":[{"href":"https:\/\/whisky-francais.com\/index.php\/wp-json\/wp\/v2\/pages\/6571"}],"collection":[{"href":"https:\/\/whisky-francais.com\/index.php\/wp-json\/wp\/v2\/pages"}],"about":[{"href":"https:\/\/whisky-francais.com\/index.php\/wp-json\/wp\/v2\/types\/page"}],"author":[{"embeddable":true,"href":"https:\/\/whisky-francais.com\/index.php\/wp-json\/wp\/v2\/users\/1"}],"replies":[{"embeddable":true,"href":"https:\/\/whisky-francais.com\/index.php\/wp-json\/wp\/v2\/comments?post=6571"}],"version-history":[{"count":18,"href":"https:\/\/whisky-francais.com\/index.php\/wp-json\/wp\/v2\/pages\/6571\/revisions"}],"predecessor-version":[{"id":7677,"href":"https:\/\/whisky-francais.com\/index.php\/wp-json\/wp\/v2\/pages\/6571\/revisions\/7677"}],"wp:attachment":[{"href":"https:\/\/whisky-francais.com\/index.php\/wp-json\/wp\/v2\/media?parent=6571"}],"curies":[{"name":"wp","href":"https:\/\/api.w.org\/{rel}","templated":true}]}}