{"id":6680,"date":"2023-04-24T21:39:21","date_gmt":"2023-04-24T19:39:21","guid":{"rendered":"https:\/\/whisky-francais.com\/?page_id=6680"},"modified":"2023-07-08T17:24:50","modified_gmt":"2023-07-08T15:24:50","slug":"lachanenche","status":"publish","type":"page","link":"https:\/\/whisky-francais.com\/index.php\/lachanenche\/","title":{"rendered":"Lachanenche"},"content":{"rendered":"\n<p><span style=\"font-weight: 400;\">Situ\u00e9e \u00e0 plus de mille m\u00e8tres d&rsquo;altitude dans la vall\u00e9e de l&rsquo;Ubaye, Lachanenche est une distillerie discr\u00e8te nich\u00e9e au c\u0153ur des Alpes du Sud.<\/span><\/p>\n<p><span style=\"font-weight: 400;\">Dirig\u00e9e par les fr\u00e8res Beno\u00eet et J\u00e9r\u00f4me Million-Rousseau, la distillerie offre une large gamme de spiritueux, et notamment un single malt nomm\u00e9<\/span><span style=\"font-weight: 400;\"> Laverq, le premier whisky de la r\u00e9gion Provence-Alpes-C\u00f4te d&rsquo;Azur.<\/span><\/p>\n<p>Lire l&rsquo;article : <a href=\"https:\/\/whisky-francais.com\/index.php\/2023\/06\/29\/laverq-le-premier-whisky-de-provence-alpes-cote-dazur\/\">LAVERQ. LE PREMIER WHISKY DE PROVENCE-ALPES-C\u00d4TE D\u2019AZUR<\/a><\/p>\n<table style=\"width: 100%; height: 1817px;\">\n<tbody>\n<tr style=\"height: 81px;\">\n<td style=\"width: 18.6364%; height: 81px;\">\n<p>Statut<\/p>\n<\/td>\n<td style=\"width: 80.7955%; height: 81px;\">\n<p>Produit et commercialise son propre whisky<\/p>\n<\/td>\n<\/tr>\n<tr style=\"height: 112px;\">\n<td style=\"width: 18.6364%; height: 112px;\">\n<p>Capacit\u00e9 de production<\/p>\n<\/td>\n<td style=\"width: 80.7955%; height: 112px;\">\n<p>Une dizaine de barriques pas an.<\/p>\n<\/td>\n<\/tr>\n<tr style=\"height: 81px;\">\n<td style=\"width: 18.6364%; height: 81px;\">\n<p>Localisation<\/p>\n<\/td>\n<td style=\"width: 80.7955%; height: 81px;\">\n<p>La Fresqui\u00e8re, 04340 M\u00e9olans-Revel<\/p>\n<\/td>\n<\/tr>\n<tr style=\"height: 336px;\">\n<td style=\"width: 18.6364%; height: 336px;\">\n<p>Dates Cl\u00e9s<\/p>\n<\/td>\n<td style=\"width: 80.7955%; height: 336px;\">\n<p>1994 : Nicole et Daniel Million Rousseau cr\u00e9\u00e9 la Liquoristerie Lachanenche<\/p>\n<p>2003 : La liquoristerie d\u00e9m\u00e9nage a M\u00e9olans-Revel et loue r\u00e9guli\u00e8rement un alambic pour la production de g\u00e9n\u00e9pi<\/p>\n<p>2015 : Lancement du Gin Bio<\/p>\n<p>2018 : Premi\u00e8res distillations de whisky<\/p>\n<p>2022 : Premi\u00e8re commercialisation de whisky.<\/p>\n<\/td>\n<\/tr>\n<tr style=\"height: 193px;\">\n<td style=\"width: 18.6364%; height: 193px;\">\n<p>Personnages Cl\u00e9s<\/p>\n<\/td>\n<td style=\"width: 80.7955%; height: 193px;\">\n<p>Nicole et Daniel Million Rousseau : Fondateurs<\/p>\n<p>Benoit Million Rousseau : Responsable de la production\u00a0<\/p>\n<p>J\u00e9r\u00f4me Million Rousseau : Responsable de la commercialisation<\/p>\n<\/td>\n<\/tr>\n<tr style=\"height: 112px;\">\n<td style=\"width: 18.6364%; height: 112px;\">\n<p>Gamme<\/p>\n<\/td>\n<td style=\"width: 80.7955%; height: 112px;\">\n<p><img loading=\"lazy\" decoding=\"async\" data-attachment-id=\"6758\" data-permalink=\"https:\/\/whisky-francais.com\/index.php\/lachanenche\/laverq_coffret_detoure_s-brechu-whisky-francais-lachanenche\/\" data-orig-file=\"https:\/\/whisky-francais.com\/wp-content\/uploads\/2023\/06\/LAVERQ_COFFRET_DETOURE_\u00a9S.Brechu-whisky-francais-lachanenche.png\" data-orig-size=\"448,672\" data-comments-opened=\"0\" data-image-meta=\"{&quot;aperture&quot;:&quot;0&quot;,&quot;credit&quot;:&quot;&quot;,&quot;camera&quot;:&quot;&quot;,&quot;caption&quot;:&quot;&quot;,&quot;created_timestamp&quot;:&quot;0&quot;,&quot;copyright&quot;:&quot;&quot;,&quot;focal_length&quot;:&quot;0&quot;,&quot;iso&quot;:&quot;0&quot;,&quot;shutter_speed&quot;:&quot;0&quot;,&quot;title&quot;:&quot;&quot;,&quot;orientation&quot;:&quot;0&quot;}\" data-image-title=\"LAVERQ_COFFRET_DETOURE_\u00a9S.Br\u00e9chu whisky francais lachanenche\" data-image-description=\"\" data-image-caption=\"\" data-medium-file=\"https:\/\/whisky-francais.com\/wp-content\/uploads\/2023\/06\/LAVERQ_COFFRET_DETOURE_\u00a9S.Brechu-whisky-francais-lachanenche-200x300.png\" data-large-file=\"https:\/\/whisky-francais.com\/wp-content\/uploads\/2023\/06\/LAVERQ_COFFRET_DETOURE_\u00a9S.Brechu-whisky-francais-lachanenche.png\" class=\"wp-image-6758 alignleft\" src=\"https:\/\/whisky-francais.com\/wp-content\/uploads\/2023\/06\/LAVERQ_COFFRET_DETOURE_\u00a9S.Brechu-whisky-francais-lachanenche.png\" alt=\"\" width=\"202\" height=\"303\" srcset=\"https:\/\/whisky-francais.com\/wp-content\/uploads\/2023\/06\/LAVERQ_COFFRET_DETOURE_\u00a9S.Brechu-whisky-francais-lachanenche.png 448w, https:\/\/whisky-francais.com\/wp-content\/uploads\/2023\/06\/LAVERQ_COFFRET_DETOURE_\u00a9S.Brechu-whisky-francais-lachanenche-200x300.png 200w\" sizes=\"(max-width: 202px) 100vw, 202px\" \/>Whisky Single malt Laverq batch 1 : 46%, fut de vin blanc liquoreux + finish en fut de porto blanc.<\/p>\n<\/td>\n<\/tr>\n<tr style=\"height: 81px;\">\n<td style=\"width: 18.6364%; height: 81px;\">\n<p>Eau<\/p>\n<\/td>\n<td style=\"width: 80.7955%; height: 81px;\">\n<p>Eau de source<\/p>\n<\/td>\n<\/tr>\n<tr style=\"height: 81px;\">\n<td style=\"width: 18.6364%; height: 81px;\">\n<p>C\u00e9r\u00e9ales<\/p>\n<\/td>\n<td style=\"width: 80.7955%; height: 81px;\">\n<p>Orge fran\u00e7ais (Pilsen ambr\u00e9)<\/p>\n<\/td>\n<\/tr>\n<tr style=\"height: 142px;\">\n<td style=\"width: 18.6364%; height: 142px;\">\n<p>Fermentation \/ Levures\/ Brassage<\/p>\n<\/td>\n<td style=\"width: 80.7955%; height: 142px;\">\n<p>Sup\u00e9rieur \u00e0 10 jours avec des levures de bi\u00e8res.<\/p>\n<p>Wash approchant les 12%<\/p>\n<\/td>\n<\/tr>\n<tr style=\"height: 81px;\">\n<td style=\"width: 18.6364%; height: 81px;\">\n<p>Alambic<\/p>\n<\/td>\n<td style=\"width: 80.7955%; height: 81px;\">\n<p>Alambic bourguignon de 1907 : 3 vases et 2 colonne stupfler en s\u00e9rie<\/p>\n<p><img loading=\"lazy\" decoding=\"async\" data-attachment-id=\"6679\" data-permalink=\"https:\/\/whisky-francais.com\/index.php\/lachanenche\/lachanenche-whisky-francais-alambic\/\" data-orig-file=\"https:\/\/whisky-francais.com\/wp-content\/uploads\/2023\/04\/Lachanenche-whisky-francais-alambic.jpg\" data-orig-size=\"1834,1220\" data-comments-opened=\"0\" data-image-meta=\"{&quot;aperture&quot;:&quot;2.2&quot;,&quot;credit&quot;:&quot;&quot;,&quot;camera&quot;:&quot;OPPO A16s&quot;,&quot;caption&quot;:&quot;&quot;,&quot;created_timestamp&quot;:&quot;1674046009&quot;,&quot;copyright&quot;:&quot;&quot;,&quot;focal_length&quot;:&quot;3.462&quot;,&quot;iso&quot;:&quot;100&quot;,&quot;shutter_speed&quot;:&quot;0.001607&quot;,&quot;title&quot;:&quot;&quot;,&quot;orientation&quot;:&quot;1&quot;}\" data-image-title=\"Lachanenche whisky francais alambic\" data-image-description=\"\" data-image-caption=\"\" data-medium-file=\"https:\/\/whisky-francais.com\/wp-content\/uploads\/2023\/04\/Lachanenche-whisky-francais-alambic-300x200.jpg\" data-large-file=\"https:\/\/whisky-francais.com\/wp-content\/uploads\/2023\/04\/Lachanenche-whisky-francais-alambic-1024x681.jpg\" class=\"alignnone size-full wp-image-6679\" src=\"https:\/\/whisky-francais.com\/wp-content\/uploads\/2023\/04\/Lachanenche-whisky-francais-alambic.jpg\" alt=\"\" width=\"1834\" height=\"1220\" srcset=\"https:\/\/whisky-francais.com\/wp-content\/uploads\/2023\/04\/Lachanenche-whisky-francais-alambic.jpg 1834w, https:\/\/whisky-francais.com\/wp-content\/uploads\/2023\/04\/Lachanenche-whisky-francais-alambic-300x200.jpg 300w, https:\/\/whisky-francais.com\/wp-content\/uploads\/2023\/04\/Lachanenche-whisky-francais-alambic-1024x681.jpg 1024w, https:\/\/whisky-francais.com\/wp-content\/uploads\/2023\/04\/Lachanenche-whisky-francais-alambic-768x511.jpg 768w, https:\/\/whisky-francais.com\/wp-content\/uploads\/2023\/04\/Lachanenche-whisky-francais-alambic-1536x1022.jpg 1536w, https:\/\/whisky-francais.com\/wp-content\/uploads\/2023\/04\/Lachanenche-whisky-francais-alambic-120x80.jpg 120w\" sizes=\"(max-width: 1834px) 100vw, 1834px\" \/><\/p>\n<\/td>\n<\/tr>\n<tr style=\"height: 81px;\">\n<td style=\"width: 18.6364%; height: 81px;\">\n<p>Distillation<\/p>\n<\/td>\n<td style=\"width: 80.7955%; height: 81px;\">\n<p>Double distillation par injection de vapeur<\/p>\n<\/td>\n<\/tr>\n<tr style=\"height: 81px;\">\n<td style=\"width: 18.6364%; height: 81px;\">\u00a0<\/td>\n<td style=\"width: 80.7955%; height: 81px;\">\n<p>\u00a0<\/p>\n<\/td>\n<\/tr>\n<tr style=\"height: 81px;\">\n<td style=\"width: 18.6364%; height: 81px;\">\n<p>Type de Chai<\/p>\n<\/td>\n<td style=\"width: 80.7955%; height: 81px;\">\n<p>Chai tr\u00e8s humide, il s&rsquo;agit d&rsquo;un ancien tunnel ferroviaire abandonn\u00e9 en 1914<\/p>\n<\/td>\n<\/tr>\n<tr style=\"height: 112px;\">\n<td style=\"width: 18.6364%; height: 112px;\">\n<p>Donn\u00e9es Territoriales<\/p>\n<\/td>\n<td style=\"width: 80.7955%; height: 112px;\">\n<p>1100 m\u00e8tre d&rsquo;altitude<\/p>\n<\/td>\n<\/tr>\n<tr style=\"height: 81px;\">\n<td style=\"width: 18.6364%; height: 81px;\">\n<p>Notes<\/p>\n<\/td>\n<td style=\"width: 80.7955%; height: 81px;\">\n<p>\u00a0<\/p>\n<\/td>\n<\/tr>\n<tr style=\"height: 81px;\">\n<td style=\"width: 18.6364%; height: 81px;\">\n<p>Site Web<\/p>\n<\/td>\n<td style=\"width: 80.7955%; height: 81px;\">\n<p>https:\/\/www.lachanenche.com\/fr\/<\/p>\n<\/td>\n<\/tr>\n<\/tbody>\n<\/table>\n<p><img loading=\"lazy\" decoding=\"async\" data-attachment-id=\"6756\" data-permalink=\"https:\/\/whisky-francais.com\/index.php\/lachanenche\/tunnel-lachanenche-whisky-francais\/\" data-orig-file=\"https:\/\/whisky-francais.com\/wp-content\/uploads\/2023\/06\/tunnel-lachanenche-whisky-francais.png\" data-orig-size=\"1790,535\" data-comments-opened=\"0\" data-image-meta=\"{&quot;aperture&quot;:&quot;0&quot;,&quot;credit&quot;:&quot;&quot;,&quot;camera&quot;:&quot;&quot;,&quot;caption&quot;:&quot;&quot;,&quot;created_timestamp&quot;:&quot;0&quot;,&quot;copyright&quot;:&quot;&quot;,&quot;focal_length&quot;:&quot;0&quot;,&quot;iso&quot;:&quot;0&quot;,&quot;shutter_speed&quot;:&quot;0&quot;,&quot;title&quot;:&quot;&quot;,&quot;orientation&quot;:&quot;0&quot;}\" data-image-title=\"tunnel lachanenche whisky francais\" data-image-description=\"\" data-image-caption=\"\" data-medium-file=\"https:\/\/whisky-francais.com\/wp-content\/uploads\/2023\/06\/tunnel-lachanenche-whisky-francais-300x90.png\" data-large-file=\"https:\/\/whisky-francais.com\/wp-content\/uploads\/2023\/06\/tunnel-lachanenche-whisky-francais-1024x306.png\" class=\"alignnone size-full wp-image-6756\" src=\"https:\/\/whisky-francais.com\/wp-content\/uploads\/2023\/06\/tunnel-lachanenche-whisky-francais.png\" alt=\"\" width=\"1790\" height=\"535\" srcset=\"https:\/\/whisky-francais.com\/wp-content\/uploads\/2023\/06\/tunnel-lachanenche-whisky-francais.png 1790w, https:\/\/whisky-francais.com\/wp-content\/uploads\/2023\/06\/tunnel-lachanenche-whisky-francais-300x90.png 300w, https:\/\/whisky-francais.com\/wp-content\/uploads\/2023\/06\/tunnel-lachanenche-whisky-francais-1024x306.png 1024w, https:\/\/whisky-francais.com\/wp-content\/uploads\/2023\/06\/tunnel-lachanenche-whisky-francais-768x230.png 768w, https:\/\/whisky-francais.com\/wp-content\/uploads\/2023\/06\/tunnel-lachanenche-whisky-francais-1536x459.png 1536w\" sizes=\"(max-width: 1790px) 100vw, 1790px\" \/><\/p>\n","protected":false},"excerpt":{"rendered":"<p>Situ\u00e9e \u00e0 plus de mille m\u00e8tres d&rsquo;altitude dans la vall\u00e9e de l&rsquo;Ubaye, Lachanenche est une distillerie discr\u00e8te nich\u00e9e au c\u0153ur<\/p>\n","protected":false},"author":1,"featured_media":6677,"parent":0,"menu_order":0,"comment_status":"closed","ping_status":"closed","template":"","meta":{"jetpack_post_was_ever_published":false,"footnotes":""},"class_list":["post-6680","page","type-page","status-publish","has-post-thumbnail","hentry"],"jetpack_sharing_enabled":true,"jetpack_shortlink":"https:\/\/wp.me\/P8oZPa-1JK","jetpack-related-posts":[{"id":56,"url":"https:\/\/whisky-francais.com\/index.php\/distilleries\/","url_meta":{"origin":6680,"position":0},"title":"Producteurs \/ Distilleries","date":"11 f\u00e9vrier 2017","format":false,"excerpt":"Auvergne-Rh\u00f4ne-Alpes Distillerie du Drac Distillerie des Bughes Distillerie du Vercors Domaine des Hautes Glaces Distillerie des Hautes Terres AlpSpirits (ferm\u00e9e) Monsieur Balthazar Mont Blanc Ninkasi O\u2019Baptiste (Ne produit plus de whisky) Bourgogne-Franche-Comt\u00e9 Br\u00fblerie du Revermont Michel Couvreur Rouget de Lisle Bretagne La Bambelle Distillerie des Menhirs Distillerie FDC (Bale Bro)\u2026","rel":"","context":"Article similaire","img":{"alt_text":"","src":"","width":0,"height":0},"classes":[]},{"id":6768,"url":"https:\/\/whisky-francais.com\/index.php\/chateau-du-barroux\/","url_meta":{"origin":6680,"position":1},"title":"Ch\u00e2teau du Barroux","date":"8 juillet 2023","format":false,"excerpt":"Une seconde distillerie de whisky a \u00e9t\u00e9 inaugur\u00e9e en 2021 dans la r\u00e9gion Provence-Alpes-C\u00f4te d'Azur. Le ch\u00e2teau du Barroux, situ\u00e9 dans le Vaucluse, a une histoire mouvement\u00e9e, passant par diff\u00e9rentes p\u00e9riodes d'abandon et de r\u00e9novation. En 2020, Jean-Baptiste Vayson et sa femme Fanny d\u00e9cident de redonner vie au ch\u00e2teau et\u2026","rel":"","context":"Article similaire","img":{"alt_text":"","src":"https:\/\/i0.wp.com\/whisky-francais.com\/wp-content\/uploads\/2023\/07\/logo-distillerie-chateau-du-Barroux-whisky-Francais.png?resize=350%2C200&ssl=1","width":350,"height":200},"classes":[]},{"id":7037,"url":"https:\/\/whisky-francais.com\/index.php\/faivrejmagine\/","url_meta":{"origin":6680,"position":2},"title":"FaivreJmagine","date":"27 novembre 2023","format":false,"excerpt":"C\u2019est une histoire qui prend ses racines au d\u00e9but du si\u00e8cle dernier, lorsque la distillerie Faivre, alors implant\u00e9 dans les alpes, confectionne des eaux de vies avec des fruits cueillis dans les herbages Alpins. Eau-de-vie de Prunelles ou encore de Mures Sauvages conf\u00e8re \u00e0 la distillerie une petite r\u00e9putation locale\u2026","rel":"","context":"Article similaire","img":{"alt_text":"","src":"https:\/\/i0.wp.com\/whisky-francais.com\/wp-content\/uploads\/2023\/11\/chai-faivrejmagine-whisky-francais.jpg?resize=350%2C200&ssl=1","width":350,"height":200},"classes":[]},{"id":3954,"url":"https:\/\/whisky-francais.com\/index.php\/distilleries\/distillerie-du-mont-blanc\/","url_meta":{"origin":6680,"position":3},"title":"Distillerie du Mont Blanc","date":"14 d\u00e9cembre 2018","format":false,"excerpt":"C\u2019est au c\u0153ur des Alpes, \u00e0 La Motte-Servolex, qu'en 1999, Sylvain Chiron fera renaitre la brasserie du Mont Blanc, fleuron brassicole qui officia de 1830 avant de cesser toutes activit\u00e9s en 1966. D\u00e8s le d\u00e9part, la dimension distillerie est int\u00e9gr\u00e9e au projet mais il faudra attendre plus de 15 ans\u2026","rel":"","context":"Article similaire","img":{"alt_text":"Distillerie du Mont Blanc, Sylvain Chiron, La Motte-Servolex, Les Houches, Enchapleuze, Orge, Stupfler, Dolin, whisky Fran\u00e7ais, French whisky, France, Lilya Sekkal, Matthieu Acar, Xavier Brevet, d\u00e9gustation, masterclass, atelier","src":"https:\/\/i0.wp.com\/whisky-francais.com\/wp-content\/uploads\/2018\/12\/LOGO-DISTILLERIE-DU-MONT-BLANC-DIEU-au-trait-NEW.png?resize=350%2C200&ssl=1","width":350,"height":200},"classes":[]},{"id":4299,"url":"https:\/\/whisky-francais.com\/index.php\/distilleries\/la-durance\/","url_meta":{"origin":6680,"position":4},"title":"La Durance","date":"10 mars 2019","format":false,"excerpt":"Le duo de choc Robin Entreinger \/ Valentin Bonhomme est de retour sur le devant de la sc\u00e8ne. Apr\u00e8s avoir produit et jou\u00e9 dans Le Tour de France des Whiskies, les deux hommes cr\u00e9ent la soci\u00e9t\u00e9 d'affinage La Durance en 2017. Si tous les chemins m\u00e8nent \u00e0 Rome, ceux du\u2026","rel":"","context":"Article similaire","img":{"alt_text":"La Durance, whisky proven\u00e7al, Robin Entreinger, Valentin Bonhomme, Fournieux, Montfort, orge, vin, tennessee whiskey, Le Tour de France des Whiskies, Le Monde du Whisky - 1 - Islay, Robin Entreinger, le tour de france des whiskies, whisky made in France, le monde du whisky - 1 - islay, Whisky Fran\u00e7ais, French Whisky, Xavier Brevet, Matthieu Acar, Lilya Sekkal, d\u00e9gustation, whisky, masterclass, Paris, atelier, d\u00e9gustation","src":"https:\/\/i0.wp.com\/whisky-francais.com\/wp-content\/uploads\/2019\/03\/53415088_2494138743947839_4096177320274952192_n.jpg?resize=350%2C200&ssl=1","width":350,"height":200},"classes":[]},{"id":8005,"url":"https:\/\/whisky-francais.com\/index.php\/distillerie-des-hautes-terres\/","url_meta":{"origin":6680,"position":5},"title":"Distillerie des Hautes Terres","date":"30 ao\u00fbt 2025","format":false,"excerpt":"\u00c0 950 m\u00e8tres d\u2019altitude, au c\u0153ur du village entreprise de Neussargues-en-Pinatelle, la Distillerie des Hautes Terres trace depuis peu son sillon dans le paysage du whisky fran\u00e7ais. Ici, en plein Massif central, les Pages \u2013 Fran\u00e7ois et Greta \u2013 ont choisi de r\u00e9inventer l\u2019esprit du whisky fermier, en s\u2019appuyant sur\u2026","rel":"","context":"Article similaire","img":{"alt_text":"","src":"https:\/\/i0.wp.com\/whisky-francais.com\/wp-content\/uploads\/2025\/08\/HAUTES-TERRES-DISTILLERIE-1.jpg?resize=350%2C200&ssl=1","width":350,"height":200},"classes":[]}],"_links":{"self":[{"href":"https:\/\/whisky-francais.com\/index.php\/wp-json\/wp\/v2\/pages\/6680"}],"collection":[{"href":"https:\/\/whisky-francais.com\/index.php\/wp-json\/wp\/v2\/pages"}],"about":[{"href":"https:\/\/whisky-francais.com\/index.php\/wp-json\/wp\/v2\/types\/page"}],"author":[{"embeddable":true,"href":"https:\/\/whisky-francais.com\/index.php\/wp-json\/wp\/v2\/users\/1"}],"replies":[{"embeddable":true,"href":"https:\/\/whisky-francais.com\/index.php\/wp-json\/wp\/v2\/comments?post=6680"}],"version-history":[{"count":6,"href":"https:\/\/whisky-francais.com\/index.php\/wp-json\/wp\/v2\/pages\/6680\/revisions"}],"predecessor-version":[{"id":6767,"href":"https:\/\/whisky-francais.com\/index.php\/wp-json\/wp\/v2\/pages\/6680\/revisions\/6767"}],"wp:featuredmedia":[{"embeddable":true,"href":"https:\/\/whisky-francais.com\/index.php\/wp-json\/wp\/v2\/media\/6677"}],"wp:attachment":[{"href":"https:\/\/whisky-francais.com\/index.php\/wp-json\/wp\/v2\/media?parent=6680"}],"curies":[{"name":"wp","href":"https:\/\/api.w.org\/{rel}","templated":true}]}}