{"id":6842,"date":"2023-09-09T14:30:33","date_gmt":"2023-09-09T12:30:33","guid":{"rendered":"https:\/\/whisky-francais.com\/?page_id=6842"},"modified":"2023-09-09T14:31:08","modified_gmt":"2023-09-09T12:31:08","slug":"distillerie-la-salamandre","status":"publish","type":"page","link":"https:\/\/whisky-francais.com\/index.php\/distillerie-la-salamandre\/","title":{"rendered":"Distillerie la Salamandre"},"content":{"rendered":"\n<p>Situ\u00e9 au c\u0153ur du P\u00e9rigord noir, la distillerie de la Salamandre tire son nom de l&#8217;embl\u00e8me de la ville de Sarlat-la-Can\u00e9da ou elle est install\u00e9e. D&rsquo;abord r\u00e9put\u00e9 pour ses eaux de vie de fruits, la distillerie utilise d\u00e9sormais ses deux alambics \u00e0 vases pour produire un whisky qui est le digne reflet de son histoire.<\/p>\n<p><img loading=\"lazy\" decoding=\"async\" data-attachment-id=\"6901\" data-permalink=\"https:\/\/whisky-francais.com\/index.php\/distillerie-la-salamandre\/blason_ville_fr_sarlat-la-caneda_dordogne-svg\/\" data-orig-file=\"https:\/\/whisky-francais.com\/wp-content\/uploads\/2023\/09\/Blason_ville_fr_Sarlat-la-Caneda_Dordogne.svg_.png\" data-orig-size=\"931,1024\" data-comments-opened=\"0\" data-image-meta=\"{&quot;aperture&quot;:&quot;0&quot;,&quot;credit&quot;:&quot;&quot;,&quot;camera&quot;:&quot;&quot;,&quot;caption&quot;:&quot;&quot;,&quot;created_timestamp&quot;:&quot;0&quot;,&quot;copyright&quot;:&quot;&quot;,&quot;focal_length&quot;:&quot;0&quot;,&quot;iso&quot;:&quot;0&quot;,&quot;shutter_speed&quot;:&quot;0&quot;,&quot;title&quot;:&quot;&quot;,&quot;orientation&quot;:&quot;0&quot;}\" data-image-title=\"Blason_ville_fr_Sarlat-la-Can\u00e9da_(Dordogne).svg\" data-image-description=\"\" data-image-caption=\"\" data-medium-file=\"https:\/\/whisky-francais.com\/wp-content\/uploads\/2023\/09\/Blason_ville_fr_Sarlat-la-Caneda_Dordogne.svg_-273x300.png\" data-large-file=\"https:\/\/whisky-francais.com\/wp-content\/uploads\/2023\/09\/Blason_ville_fr_Sarlat-la-Caneda_Dordogne.svg_.png\" class=\"wp-image-6901 aligncenter\" src=\"https:\/\/whisky-francais.com\/wp-content\/uploads\/2023\/09\/Blason_ville_fr_Sarlat-la-Caneda_Dordogne.svg_.png\" alt=\"\" width=\"229\" height=\"252\" srcset=\"https:\/\/whisky-francais.com\/wp-content\/uploads\/2023\/09\/Blason_ville_fr_Sarlat-la-Caneda_Dordogne.svg_.png 931w, https:\/\/whisky-francais.com\/wp-content\/uploads\/2023\/09\/Blason_ville_fr_Sarlat-la-Caneda_Dordogne.svg_-273x300.png 273w, https:\/\/whisky-francais.com\/wp-content\/uploads\/2023\/09\/Blason_ville_fr_Sarlat-la-Caneda_Dordogne.svg_-768x845.png 768w\" sizes=\"(max-width: 229px) 100vw, 229px\" \/><\/p>\n<table width=\"100%\">\n<tbody>\n<tr>\n<td>\n<p>Statut<\/p>\n<\/td>\n<td>\n<p>Produit et commercialise son propre whisky<\/p>\n<\/td>\n<\/tr>\n<tr>\n<td>\n<p>Capacit\u00e9 de production<\/p>\n<\/td>\n<td>\n<p>Historiquement la distillerie produisait 6 futs de whiskies par an, c\u2019est un volume qui est en cours d\u2019augmentation.<\/p>\n<\/td>\n<\/tr>\n<tr>\n<td>\n<p>Localisation<\/p>\n<\/td>\n<td>\n<p>Distillerie la Salamandre &#8211; Route de Peyren\u00e8gre, 24200 Sarlat-la-Can\u00e9da<\/p>\n<\/td>\n<\/tr>\n<tr>\n<td>\n<p>Dates Cl\u00e9s<\/p>\n<\/td>\n<td>\n<p><strong>D\u00e9but des ann\u00e9es 60 :<\/strong>\u00a0 \u00c0 cette p\u00e9riode, la famille Gatinel vit de leur ferme, de la culture du tabac, de la vigne, et de l&rsquo;\u00e9levage de quelques vaches, poules et autres cochons. Mais lorsqu\u2019un voisin \u00e2g\u00e9, c\u00e8de son mat\u00e9riel de distillation, le jeune Raymond alors \u00e2g\u00e9e de 18 ans, saute sur l&rsquo;occasion et fait l&rsquo;acquisition d&rsquo;un modeste alambic mont\u00e9 sur un ch\u00e2ssis mobile, embrassant ainsi une double vocation en tant que bouilleur ambulant tout en continuant son travail de cultivateur. Le jeune homme sillonne la campagne et distille principalement du marc de raisin.<\/p>\n<p><strong>1970 :<\/strong> Optimiste par nature et sentant naitre le potentiel touristique de sa r\u00e9gion, Raymond d\u00e9cide de sauter le pas et demande \u00e0 l&rsquo;administration une licence pour entre bouilleurs professionnels. Rapidement et commence \u00e0 se diversifier dans la distillation de fruits locaux.<\/p>\n<p><strong>1980 &#8211; 1991 :<\/strong> Progressivement, Jacques et ses deux s\u0153urs, Brigitte et Marie-Th\u00e9r\u00e8se, reprennent la distillerie et poursuivent le travail initi\u00e9 par Raymond.<\/p>\n<p><strong>2019:<\/strong> En mai, la distillerie commercialise ses premiers whiskies. Pour l&rsquo;heure il s&rsquo;agit de whiskies achet\u00e9s \u00e0 un producteur Fran\u00e7ais et affin\u00e9 localement dans les barriques de vieille prune de la maison. Mais l&rsquo;objectif est bien de produire l&rsquo;int\u00e9gralit\u00e9 du whisky sur place. Aussi, la m\u00eame ann\u00e9e, Jacques se rapproche de la brasserie Artisanale de Sarlat pour obtenir un Wash sur mesure qu&rsquo;il distille dans ses alambics \u00e0 vases.<\/p>\n<p><strong>2023 :<\/strong> La production commercialis\u00e9 est d\u00e9sormais int\u00e9gralement r\u00e9alis\u00e9e \u00e0 la distillerie.<\/p>\n<\/td>\n<\/tr>\n<tr>\n<td>\n<p>Personnages Cl\u00e9s<\/p>\n<\/td>\n<td>\n<p><strong>Raymond Gatinel :<\/strong> Fondateur de la distillerie de la Salamandre<\/p>\n<p><strong>Jacques, Brigitte et Marie-Th\u00e9r\u00e8se, Gatinel :<\/strong> Actuels dirigeant<\/p>\n<p><strong>Jacques\u00a0: <\/strong>Manager et responsable distillation et \u00e9laboration produits<\/p>\n<p><strong>Brigitte\u00a0:\u00a0 <\/strong>Responsable administrative et comptabilit\u00e9 mati\u00e8re et DRH<\/p>\n<p><strong>Marie-Th\u00e9r\u00e8se\u00a0: <\/strong>Responsable de production et conditionnement<\/p>\n<p><strong>Aude Gatinel :\u00a0<\/strong>Responsable commerciale<\/p>\n<p><strong>Brasserie Artisanale de Sarlat<\/strong><\/p>\n<\/td>\n<\/tr>\n<tr>\n<td>\n<p>Gamme<\/p>\n<\/td>\n<td>\n<p><img loading=\"lazy\" decoding=\"async\" data-attachment-id=\"6845\" data-permalink=\"https:\/\/whisky-francais.com\/index.php\/distillerie-la-salamandre\/whisky-la-salamandre\/\" data-orig-file=\"https:\/\/whisky-francais.com\/wp-content\/uploads\/2023\/08\/whisky-la-salamandre.jpg\" data-orig-size=\"960,960\" data-comments-opened=\"0\" data-image-meta=\"{&quot;aperture&quot;:&quot;0&quot;,&quot;credit&quot;:&quot;&quot;,&quot;camera&quot;:&quot;&quot;,&quot;caption&quot;:&quot;&quot;,&quot;created_timestamp&quot;:&quot;0&quot;,&quot;copyright&quot;:&quot;&quot;,&quot;focal_length&quot;:&quot;0&quot;,&quot;iso&quot;:&quot;0&quot;,&quot;shutter_speed&quot;:&quot;0&quot;,&quot;title&quot;:&quot;&quot;,&quot;orientation&quot;:&quot;0&quot;}\" data-image-title=\"whisky la salamandre\" data-image-description=\"\" data-image-caption=\"\" data-medium-file=\"https:\/\/whisky-francais.com\/wp-content\/uploads\/2023\/08\/whisky-la-salamandre-300x300.jpg\" data-large-file=\"https:\/\/whisky-francais.com\/wp-content\/uploads\/2023\/08\/whisky-la-salamandre.jpg\" class=\"alignleft size-full wp-image-6845\" src=\"https:\/\/whisky-francais.com\/wp-content\/uploads\/2023\/08\/whisky-la-salamandre.jpg\" alt=\"\" width=\"960\" height=\"960\" srcset=\"https:\/\/whisky-francais.com\/wp-content\/uploads\/2023\/08\/whisky-la-salamandre.jpg 960w, https:\/\/whisky-francais.com\/wp-content\/uploads\/2023\/08\/whisky-la-salamandre-300x300.jpg 300w, https:\/\/whisky-francais.com\/wp-content\/uploads\/2023\/08\/whisky-la-salamandre-150x150.jpg 150w, https:\/\/whisky-francais.com\/wp-content\/uploads\/2023\/08\/whisky-la-salamandre-768x768.jpg 768w\" sizes=\"(max-width: 960px) 100vw, 960px\" \/><\/p>\n<p>Whisky La Salamandre &#8211; Single malt affin\u00e9 en barriques de vieille prune &#8211; 70cl, 43%<\/p>\n<\/td>\n<\/tr>\n<tr>\n<td>\n<p>Eau<\/p>\n<\/td>\n<td>\n<p>\u00a0<\/p>\n<p><strong>Pour le brassage\u00a0: <\/strong>Eau du r\u00e9seau, chauffe et \u00e9bullition 2 jours avant le brassage.<\/p>\n<p><strong>Pour la r\u00e9duction\u00a0: <\/strong>Eau du r\u00e9seau communale d\u00e9min\u00e9ralis\u00e9e<\/p>\n<\/td>\n<\/tr>\n<tr>\n<td>\n<p>C\u00e9r\u00e9ales<\/p>\n<\/td>\n<td>\n<p>Orge malt\u00e9 origine France<\/p>\n<\/td>\n<\/tr>\n<tr>\n<td>\n<p>Fermentation \/ Levures\/ Brassage<\/p>\n<\/td>\n<td>\n<p>Le Wash est r\u00e9alis\u00e9 par la Brasserie Artisanale de Sarlat. Apr\u00e8s une fermentation de 5 jour, il titre environ 9,5% et comporte 10% de malt tourb\u00e9.<\/p>\n<\/td>\n<\/tr>\n<tr>\n<td>\n<p>Alambic<\/p>\n<\/td>\n<td>\n<p>La distillerie dispose de deux alambics \u00e0 vases.<\/p>\n<p>L&rsquo;un date de 1925 et dispose de 4 vases, la seconde date de 1956 et dispose de 3 vases. Tous deux ont une colonne de rectification et ont \u00e9t\u00e9 r\u00e9nov\u00e9 par la chaudronnerie Lagorsse.<\/p>\n<p><img loading=\"lazy\" decoding=\"async\" data-attachment-id=\"6903\" data-permalink=\"https:\/\/whisky-francais.com\/index.php\/distillerie-la-salamandre\/distillerie-de-la-salamandre-whisky-francais-alambics\/\" data-orig-file=\"https:\/\/whisky-francais.com\/wp-content\/uploads\/2023\/09\/distillerie-de-la-salamandre-whisky-francais-alambics.jpg\" data-orig-size=\"2040,1282\" data-comments-opened=\"0\" data-image-meta=\"{&quot;aperture&quot;:&quot;1.8&quot;,&quot;credit&quot;:&quot;&quot;,&quot;camera&quot;:&quot;SM-A145R&quot;,&quot;caption&quot;:&quot;&quot;,&quot;created_timestamp&quot;:&quot;1691686902&quot;,&quot;copyright&quot;:&quot;&quot;,&quot;focal_length&quot;:&quot;3.98&quot;,&quot;iso&quot;:&quot;500&quot;,&quot;shutter_speed&quot;:&quot;0.04&quot;,&quot;title&quot;:&quot;&quot;,&quot;orientation&quot;:&quot;1&quot;}\" data-image-title=\"distillerie de la salamandre whisky francais alambics\" data-image-description=\"\" data-image-caption=\"\" data-medium-file=\"https:\/\/whisky-francais.com\/wp-content\/uploads\/2023\/09\/distillerie-de-la-salamandre-whisky-francais-alambics-300x189.jpg\" data-large-file=\"https:\/\/whisky-francais.com\/wp-content\/uploads\/2023\/09\/distillerie-de-la-salamandre-whisky-francais-alambics-1024x644.jpg\" class=\"alignleft size-full wp-image-6903\" src=\"https:\/\/whisky-francais.com\/wp-content\/uploads\/2023\/09\/distillerie-de-la-salamandre-whisky-francais-alambics.jpg\" alt=\"\" width=\"2040\" height=\"1282\" srcset=\"https:\/\/whisky-francais.com\/wp-content\/uploads\/2023\/09\/distillerie-de-la-salamandre-whisky-francais-alambics.jpg 2040w, https:\/\/whisky-francais.com\/wp-content\/uploads\/2023\/09\/distillerie-de-la-salamandre-whisky-francais-alambics-300x189.jpg 300w, https:\/\/whisky-francais.com\/wp-content\/uploads\/2023\/09\/distillerie-de-la-salamandre-whisky-francais-alambics-1024x644.jpg 1024w, https:\/\/whisky-francais.com\/wp-content\/uploads\/2023\/09\/distillerie-de-la-salamandre-whisky-francais-alambics-768x483.jpg 768w, https:\/\/whisky-francais.com\/wp-content\/uploads\/2023\/09\/distillerie-de-la-salamandre-whisky-francais-alambics-1536x965.jpg 1536w\" sizes=\"(max-width: 2040px) 100vw, 2040px\" \/><\/p>\n<\/td>\n<\/tr>\n<tr>\n<td>\n<p>Distillation<\/p>\n<\/td>\n<td>\n<p>Bien qu\u2019une seule distillation permette d&rsquo;atteindre un degr\u00e9 avoisinant les 70%vol, la distillerie proc\u00e8de en deux distillations d\u00e8s lors qu&rsquo;il s&rsquo;agit de la production de whisky.<\/p>\n<p>Apr\u00e8s la premi\u00e8re passe, le distillat est r\u00e9duit \u00e0 20% de sorte que le distillat atteigne 65% en seconde passe et puisse \u00eatre enfut\u00e9 tel quel.<\/p>\n<p>Dans la plupart des cas, les fruits sont, quant \u00e0 eux, distill\u00e9s une fois.<\/p>\n<\/td>\n<\/tr>\n<tr>\n<td>\n<p>Type de F\u00fbts<\/p>\n<\/td>\n<td>\n<p>Pour le whisky, la distillerie travaille sur un premier vieillissement en fut de sauternes frais. Cela apporte texture et gourmandise au whisky. Puis, le single malt passe quelques semaines dans des barriques ayant contenu la vieille prune de la maison.\u00a0<\/p>\n<blockquote>\n<p><em>Ce finish en vieille prune est notre signature !<\/em><\/p>\n<p style=\"text-align: right;\">Jacques Gatinel<\/p>\n<\/blockquote>\n<p>\u00a0<\/p>\n<\/td>\n<\/tr>\n<tr>\n<td>\n<p>Type de Chai<\/p>\n<\/td>\n<td>\n<p>\u00a0Anciens b\u00e2timents agricoles en pierre du pays transform\u00e9s en chais<\/p>\n<p><img loading=\"lazy\" decoding=\"async\" data-attachment-id=\"6904\" data-permalink=\"https:\/\/whisky-francais.com\/index.php\/distillerie-la-salamandre\/distillerie-de-la-salamandre-whisky-francais-batiment\/\" data-orig-file=\"https:\/\/whisky-francais.com\/wp-content\/uploads\/2023\/09\/distillerie-de-la-salamandre-whisky-francais-batiment.jpg\" data-orig-size=\"1632,1224\" data-comments-opened=\"0\" data-image-meta=\"{&quot;aperture&quot;:&quot;2.8&quot;,&quot;credit&quot;:&quot;&quot;,&quot;camera&quot;:&quot;SM-A145R&quot;,&quot;caption&quot;:&quot;&quot;,&quot;created_timestamp&quot;:&quot;1691687661&quot;,&quot;copyright&quot;:&quot;&quot;,&quot;focal_length&quot;:&quot;3.38&quot;,&quot;iso&quot;:&quot;125&quot;,&quot;shutter_speed&quot;:&quot;0.006248&quot;,&quot;title&quot;:&quot;&quot;,&quot;orientation&quot;:&quot;1&quot;}\" data-image-title=\"distillerie de la salamandre whisky francais batiment\" data-image-description=\"\" data-image-caption=\"\" data-medium-file=\"https:\/\/whisky-francais.com\/wp-content\/uploads\/2023\/09\/distillerie-de-la-salamandre-whisky-francais-batiment-300x225.jpg\" data-large-file=\"https:\/\/whisky-francais.com\/wp-content\/uploads\/2023\/09\/distillerie-de-la-salamandre-whisky-francais-batiment-1024x768.jpg\" class=\"alignleft size-full wp-image-6904\" src=\"https:\/\/whisky-francais.com\/wp-content\/uploads\/2023\/09\/distillerie-de-la-salamandre-whisky-francais-batiment.jpg\" alt=\"\" width=\"1632\" height=\"1224\" srcset=\"https:\/\/whisky-francais.com\/wp-content\/uploads\/2023\/09\/distillerie-de-la-salamandre-whisky-francais-batiment.jpg 1632w, https:\/\/whisky-francais.com\/wp-content\/uploads\/2023\/09\/distillerie-de-la-salamandre-whisky-francais-batiment-300x225.jpg 300w, https:\/\/whisky-francais.com\/wp-content\/uploads\/2023\/09\/distillerie-de-la-salamandre-whisky-francais-batiment-1024x768.jpg 1024w, https:\/\/whisky-francais.com\/wp-content\/uploads\/2023\/09\/distillerie-de-la-salamandre-whisky-francais-batiment-768x576.jpg 768w, https:\/\/whisky-francais.com\/wp-content\/uploads\/2023\/09\/distillerie-de-la-salamandre-whisky-francais-batiment-1536x1152.jpg 1536w\" sizes=\"(max-width: 1632px) 100vw, 1632px\" \/><\/p>\n<\/td>\n<\/tr>\n<tr>\n<td>\n<p>Donn\u00e9es Territoriales<\/p>\n<\/td>\n<td>\n<p>Sarlat poss\u00e8de un climat temp\u00e9r\u00e9 oc\u00e9anique sans saison s\u00e8che. Sur l\u2019ann\u00e9e, la temp\u00e9rature moyenne \u00e0 Sarlat est de 12.4\u00b0C et les pr\u00e9cipitations sont en moyenne de 768.9mm.<\/p>\n<\/td>\n<\/tr>\n<tr>\n<td>\n<p>Notes<\/p>\n<\/td>\n<td>\n<p>\u00a0<\/p>\n<\/td>\n<\/tr>\n<\/tbody>\n<\/table>\n<p>\u00a0<\/p>\n","protected":false},"excerpt":{"rendered":"<p>Situ\u00e9 au c\u0153ur du P\u00e9rigord noir, la distillerie de la Salamandre tire son nom de l&#8217;embl\u00e8me de la ville de<\/p>\n","protected":false},"author":1,"featured_media":6900,"parent":0,"menu_order":0,"comment_status":"closed","ping_status":"closed","template":"","meta":{"jetpack_post_was_ever_published":false,"footnotes":""},"class_list":["post-6842","page","type-page","status-publish","has-post-thumbnail","hentry"],"jetpack_sharing_enabled":true,"jetpack_shortlink":"https:\/\/wp.me\/P8oZPa-1Mm","jetpack-related-posts":[{"id":56,"url":"https:\/\/whisky-francais.com\/index.php\/distilleries\/","url_meta":{"origin":6842,"position":0},"title":"Producteurs \/ Distilleries","date":"11 f\u00e9vrier 2017","format":false,"excerpt":"Auvergne-Rh\u00f4ne-Alpes Distillerie du Drac Distillerie des Bughes Distillerie du Vercors Domaine des Hautes Glaces Distillerie des Hautes Terres AlpSpirits (ferm\u00e9e) Monsieur Balthazar Mont Blanc Ninkasi O\u2019Baptiste (Ne produit plus de whisky) Bourgogne-Franche-Comt\u00e9 Br\u00fblerie du Revermont Michel Couvreur Rouget de Lisle Bretagne La Bambelle Distillerie des Menhirs Distillerie FDC (Bale Bro)\u2026","rel":"","context":"Article similaire","img":{"alt_text":"","src":"","width":0,"height":0},"classes":[]},{"id":585,"url":"https:\/\/whisky-francais.com\/index.php\/distilleries\/hautefeuille\/","url_meta":{"origin":6842,"position":1},"title":"Distillerie d&rsquo;Hautefeuille","date":"20 mars 2017","format":false,"excerpt":"La distillerie d'Hautefeuille est install\u00e9e au coeur de la Picardie, dans une propri\u00e9t\u00e9 familiale vieille de 10 g\u00e9n\u00e9rations. Lorsqu'\u00c9tienne d\u2019Hautefeuille\u00a0- ing\u00e9nieur de formation - reprend l'exploitation agricole, il songe d\u00e9j\u00e0 \u00e0 la possibilit\u00e9 de produire ses propres spiritueux (Gin & Whisky). Cette volont\u00e9 se concr\u00e9tisera \u00e0 la suite de sa\u2026","rel":"","context":"Article similaire","img":{"alt_text":"","src":"https:\/\/i0.wp.com\/whisky-francais.com\/wp-content\/uploads\/2017\/03\/DJI_0036-min.jpg?resize=350%2C200","width":350,"height":200},"classes":[]},{"id":2670,"url":"https:\/\/whisky-francais.com\/index.php\/distilleries\/les-bughes\/","url_meta":{"origin":6842,"position":2},"title":"Distillerie des Bughes","date":"7 septembre 2017","format":false,"excerpt":"C'est dans une ambiance rappelant celle des distillations clandestines r\u00e9alis\u00e9es du temps de la Prohibition que les fr\u00e8res Mayoux ont imagin\u00e9 la Distillerie des Bughes. Sans h\u00e9ritage ni tradition familiale pour ce qui est de la distillation, c'est leur seule passion qui a guid\u00e9 ces deux fr\u00e8res \u00e0 exp\u00e9rimenter jusqu'\u00e0\u2026","rel":"","context":"Article similaire","img":{"alt_text":"Distillerie des Bughes, Solignac-sur-Loire, ch\u00eane Fran\u00e7ais, B\u00e9renger Mayoux, Pierre-Henri Mayoux, Le R\u00e9seau Entreprendre Auvergne, malt d'orge, tourbe, tourbi\u00e8re, tourb\u00e9, Home Distillers Classic, Home Distillers Tradition, Mont Dev\u00e8s, Malterie du Ch\u00e2teau, pot still, cave humide, distillation \u00e0 repasse, tonnellerie du Pays d'Auge, whisky, Fran\u00e7ais, French, Whisky, France, Matthieu Acar, Xavier Brevet, Lilya Sekkal, d\u00e9gustation, whisky, acad\u00e9mie, masterclass, Paris, atelier, d\u00e9gustation, whisky","src":"https:\/\/i0.wp.com\/whisky-francais.com\/wp-content\/uploads\/2017\/09\/P1010701-min.jpg?resize=350%2C200&ssl=1","width":350,"height":200},"classes":[]},{"id":713,"url":"https:\/\/whisky-francais.com\/index.php\/distilleries\/claeyssens\/","url_meta":{"origin":6842,"position":3},"title":"Claeyssens","date":"28 mars 2017","format":false,"excerpt":"C'est du haut de ses 200 ans d'existence que la distillerie Claeyssens s'est lanc\u00e9e dans la confection de whisky au cours des ann\u00e9es 2000. Forte d'un savoir-faire s\u00e9culaire, cette institution est un monument d'histoire nous rappelant la grande \u00e9poque de la distillation dans le Nord de la France. Statut Produit\u2026","rel":"","context":"Article similaire","img":{"alt_text":"Matthieu Acar, Xavier Brevet, Lilya Sekkal, d\u00e9gustation, whisky, acad\u00e9mie, masterclass, Paris, atelier, d\u00e9gustation, whisky","src":"https:\/\/i0.wp.com\/whisky-francais.com\/wp-content\/uploads\/2017\/03\/CLAEYSSENSFONTAINE.jpg?resize=350%2C200&ssl=1","width":350,"height":200},"classes":[]},{"id":6180,"url":"https:\/\/whisky-francais.com\/index.php\/distillerie-artisanale-jm-leisen\/","url_meta":{"origin":6842,"position":4},"title":"Distillerie Artisanale JM LEISEN","date":"7 novembre 2021","format":false,"excerpt":"C\u2019est \u00e0 Malling, une petite commune fran\u00e7aise de 623 habitants situ\u00e9e dans le d\u00e9partement de la Moselle, que la distillerie LEISEN produit un whisky depuis 2012. Troisi\u00e8me et plus petite distillerie de whisky en Lorraine, la famille LEISEN a fait le choix de produire un whisky qui soit le reflet\u2026","rel":"","context":"Article similaire","img":{"alt_text":"","src":"","width":0,"height":0},"classes":[]},{"id":3954,"url":"https:\/\/whisky-francais.com\/index.php\/distilleries\/distillerie-du-mont-blanc\/","url_meta":{"origin":6842,"position":5},"title":"Distillerie du Mont Blanc","date":"14 d\u00e9cembre 2018","format":false,"excerpt":"C\u2019est au c\u0153ur des Alpes, \u00e0 La Motte-Servolex, qu'en 1999, Sylvain Chiron fera renaitre la brasserie du Mont Blanc, fleuron brassicole qui officia de 1830 avant de cesser toutes activit\u00e9s en 1966. D\u00e8s le d\u00e9part, la dimension distillerie est int\u00e9gr\u00e9e au projet mais il faudra attendre plus de 15 ans\u2026","rel":"","context":"Article similaire","img":{"alt_text":"Distillerie du Mont Blanc, Sylvain Chiron, La Motte-Servolex, Les Houches, Enchapleuze, Orge, Stupfler, Dolin, whisky Fran\u00e7ais, French whisky, France, Lilya Sekkal, Matthieu Acar, Xavier Brevet, d\u00e9gustation, masterclass, atelier","src":"https:\/\/i0.wp.com\/whisky-francais.com\/wp-content\/uploads\/2018\/12\/LOGO-DISTILLERIE-DU-MONT-BLANC-DIEU-au-trait-NEW.png?resize=350%2C200&ssl=1","width":350,"height":200},"classes":[]}],"_links":{"self":[{"href":"https:\/\/whisky-francais.com\/index.php\/wp-json\/wp\/v2\/pages\/6842"}],"collection":[{"href":"https:\/\/whisky-francais.com\/index.php\/wp-json\/wp\/v2\/pages"}],"about":[{"href":"https:\/\/whisky-francais.com\/index.php\/wp-json\/wp\/v2\/types\/page"}],"author":[{"embeddable":true,"href":"https:\/\/whisky-francais.com\/index.php\/wp-json\/wp\/v2\/users\/1"}],"replies":[{"embeddable":true,"href":"https:\/\/whisky-francais.com\/index.php\/wp-json\/wp\/v2\/comments?post=6842"}],"version-history":[{"count":10,"href":"https:\/\/whisky-francais.com\/index.php\/wp-json\/wp\/v2\/pages\/6842\/revisions"}],"predecessor-version":[{"id":6906,"href":"https:\/\/whisky-francais.com\/index.php\/wp-json\/wp\/v2\/pages\/6842\/revisions\/6906"}],"wp:featuredmedia":[{"embeddable":true,"href":"https:\/\/whisky-francais.com\/index.php\/wp-json\/wp\/v2\/media\/6900"}],"wp:attachment":[{"href":"https:\/\/whisky-francais.com\/index.php\/wp-json\/wp\/v2\/media?parent=6842"}],"curies":[{"name":"wp","href":"https:\/\/api.w.org\/{rel}","templated":true}]}}