{"id":6990,"date":"2023-11-01T15:42:34","date_gmt":"2023-11-01T14:42:34","guid":{"rendered":"https:\/\/whisky-francais.com\/?page_id=6990"},"modified":"2023-11-01T21:52:14","modified_gmt":"2023-11-01T20:52:14","slug":"la-bambelle","status":"publish","type":"page","link":"https:\/\/whisky-francais.com\/index.php\/la-bambelle\/","title":{"rendered":"La Bambelle"},"content":{"rendered":"\n<p style=\"text-align: right;\">Derni\u00e8res mises \u00e0 jour : Novembre 2023<\/p>\n<p>Situ\u00e9e \u00e0 Saint-Grav\u00e9, dans le Morbihan, La Bambelle est avant tout une ferme-brasserie !<\/p>\n<p>Au sein de cette entreprise, chaque personne exerce la totalit\u00e9 des m\u00e9tiers ! La Culture des c\u00e9r\u00e9ales bien sur, mais aussi le maltage, la brasserie, la comptabilit\u00e9, la logistique etc&#8230;. La seule \u00e9tape externalis\u00e9e est la distillation, qui est confi\u00e9e \u00e0 Dominique Coud\u00e9, un bouilleur ambulant charg\u00e9 de transformer les cervoises de La Bambelle en un whisky de qualit\u00e9 !\u00a0<\/p>\n<figure id=\"attachment_7006\" aria-describedby=\"caption-attachment-7006\" style=\"width: 1600px\" class=\"wp-caption alignnone\"><img loading=\"lazy\" decoding=\"async\" data-attachment-id=\"7006\" data-permalink=\"https:\/\/whisky-francais.com\/index.php\/la-bambelle\/la-bambelle-champs\/\" data-orig-file=\"https:\/\/whisky-francais.com\/wp-content\/uploads\/2023\/11\/la-bambelle-champs.jpg\" data-orig-size=\"1600,963\" data-comments-opened=\"0\" data-image-meta=\"{&quot;aperture&quot;:&quot;0&quot;,&quot;credit&quot;:&quot;&quot;,&quot;camera&quot;:&quot;&quot;,&quot;caption&quot;:&quot;&quot;,&quot;created_timestamp&quot;:&quot;0&quot;,&quot;copyright&quot;:&quot;&quot;,&quot;focal_length&quot;:&quot;0&quot;,&quot;iso&quot;:&quot;0&quot;,&quot;shutter_speed&quot;:&quot;0&quot;,&quot;title&quot;:&quot;&quot;,&quot;orientation&quot;:&quot;1&quot;}\" data-image-title=\"la bambelle champs\" data-image-description=\"\" data-image-caption=\"\" data-medium-file=\"https:\/\/whisky-francais.com\/wp-content\/uploads\/2023\/11\/la-bambelle-champs-300x181.jpg\" data-large-file=\"https:\/\/whisky-francais.com\/wp-content\/uploads\/2023\/11\/la-bambelle-champs-1024x616.jpg\" class=\"size-full wp-image-7006\" src=\"https:\/\/whisky-francais.com\/wp-content\/uploads\/2023\/11\/la-bambelle-champs.jpg\" alt=\"\" width=\"1600\" height=\"963\" srcset=\"https:\/\/whisky-francais.com\/wp-content\/uploads\/2023\/11\/la-bambelle-champs.jpg 1600w, https:\/\/whisky-francais.com\/wp-content\/uploads\/2023\/11\/la-bambelle-champs-300x181.jpg 300w, https:\/\/whisky-francais.com\/wp-content\/uploads\/2023\/11\/la-bambelle-champs-1024x616.jpg 1024w, https:\/\/whisky-francais.com\/wp-content\/uploads\/2023\/11\/la-bambelle-champs-768x462.jpg 768w, https:\/\/whisky-francais.com\/wp-content\/uploads\/2023\/11\/la-bambelle-champs-1536x924.jpg 1536w\" sizes=\"(max-width: 1600px) 100vw, 1600px\" \/><figcaption id=\"caption-attachment-7006\" class=\"wp-caption-text\"><span style=\"color: #808080;\"><em>Moisson \u00e0 La Bambelle &#8211; Cr\u00e9dit : La Bambelle<\/em><\/span><\/figcaption><\/figure>\n<table style=\"width: 100%; height: 2703px;\" width=\"100%\">\n<tbody>\n<tr style=\"height: 81px;\">\n<td style=\"height: 81px;\">\n<p>Statut<\/p>\n<\/td>\n<td style=\"height: 81px;\">\n<p>En production\u00a0\u00a0<\/p>\n<\/td>\n<\/tr>\n<tr style=\"height: 112px;\">\n<td style=\"height: 112px;\">\n<p>Capacit\u00e9 de production<\/p>\n<\/td>\n<td style=\"height: 112px;\">\n<p>800 \u00e0 1200 litres de distillat par an<\/p>\n<\/td>\n<\/tr>\n<tr style=\"height: 81px;\">\n<td style=\"height: 81px;\">\n<p>Localisation<\/p>\n<\/td>\n<td style=\"height: 81px;\">\n<p><img decoding=\"async\" class=\"emoji\" role=\"img\" draggable=\"false\" src=\"https:\/\/s.w.org\/images\/core\/emoji\/14.0.0\/svg\/1f4eb.svg\" alt=\"\ud83d\udceb\" \/>\u00a0Lanvaux, 56220 Saint Grav\u00e9, Morbihan<\/p>\n<\/td>\n<\/tr>\n<tr style=\"height: 726px;\">\n<td style=\"height: 726px;\">\n<p>Dates Cl\u00e9s<\/p>\n<\/td>\n<td style=\"height: 726px;\">\n<p><strong>A partir de 2008,<\/strong> Gw\u00e9nnol\u00e9 Le Galloudec commence \u00e0 murir son projet. L&rsquo;id\u00e9e est simple : produire une bi\u00e8re de qualit\u00e9 avec des ingr\u00e9dients locaux et de contribuer au dynamisme \u00e9conomique et culturel local.<\/p>\n<p><strong>1<sup>er<\/sup> Novembre 2010 :<\/strong> Gw\u00e9nnol\u00e9 s&rsquo;installe en tant qu\u2019exploitant agricole. Un achat de terrain s&rsquo;ensuit, suivi du d\u00e9montage et du remontage du b\u00e2timent, de la mise en place des cultures, de l&rsquo;adaptation du mat\u00e9riel de brasserie, de tourn\u00e9es pour acheter du mat\u00e9riel en France ou en Europe.\u00a0<\/p>\n<p><strong>Juin 2011 :<\/strong> Les premi\u00e8res bi\u00e8res sont embouteill\u00e9s, le r\u00e9sultat est au Rendez-vous !\u00a0 Peu \u00e0 peu, la fr\u00e9quence des brassages augmente, la commercialisation se d\u00e9veloppe, et des ajustements sont apport\u00e9s au proc\u00e9d\u00e9 au fil du temps<\/p>\n<p><strong>16 Septembre 2011 :<\/strong> Inauguration de la brasserie<\/p>\n<p><strong>2015<\/strong>\u00a0: Gwennol\u00e9 et ses associ\u00e9s pr\u00e9parent un wash sp\u00e9cialement pour la production de whisky et font appel \u00e0 Dominique Coud\u00e9 pour leur 1\u00e8res distillations<\/p>\n<p><strong>6 d\u00e9cembre 2019<\/strong> : Vicia Sativa (Vesce commune), le premier whisky est embouteill\u00e9. Extrait de la moisson 2015, il s\u2019agit d\u2019un vieillissement de 4 ans en f\u00fbt de c\u00f4te de bourg. (Lire l&rsquo;article<a href=\"https:\/\/whisky-francais.com\/index.php\/2019\/12\/13\/la-bambelle-fete-son-premier-whisky-vicia-sativa\/\"> LA BAMBELLE F\u00caTE SON PREMIER WHISKY : VICIA SATIVA)<\/a><\/p>\n<p>\u00a0<\/p>\n<\/td>\n<\/tr>\n<tr style=\"height: 306px;\">\n<td style=\"height: 306px;\">\n<p>Personnages Cl\u00e9s<\/p>\n<\/td>\n<td style=\"height: 306px;\">\n<p><strong>Gw\u00e9nnol\u00e9 Le Galloudec<\/strong>\u00a0: paysan, malteur, brasseur<\/p>\n<p><strong>St\u00e9phane Jehanno<\/strong>\u00a0: paysan, malteur, brasseur<\/p>\n<p><strong>Elouan Terrien<\/strong>\u00a0: paysan, malteur, brasseur<\/p>\n<p><strong>Yann Suaud<\/strong>\u00a0: paysan, malteur, brasseur<\/p>\n<p><strong>Dominique Coud\u00e9<\/strong>\u00a0: distillateur ambulant<\/p>\n<\/td>\n<\/tr>\n<tr style=\"height: 576px;\">\n<td style=\"height: 576px;\">\n<p>Gamme<\/p>\n<\/td>\n<td style=\"height: 576px;\">\n<p>La gamme des whiskies la Bambelle s&rsquo;appelle Les belles plantes. Chaque expression, unique, correspond \u00e0 une moisson et fait la part belle \u00e0 une botanique ! A l&rsquo;exception du premier, la derni\u00e8re ann\u00e9e, le whisky change de barrique pour un an d\u2019affinage \u00e0 45 % vol. avant une ultime r\u00e9duction \u00e0 42 % vol.<\/p>\n<p><strong>Vicia Sativa :<\/strong> Moisson 2015, embouteill\u00e9 en D\u00e9cembre 2019. Vieillissement de 4 ans en f\u00fbt de c\u00f4te de bourg. (Lire l&rsquo;article<a href=\"https:\/\/whisky-francais.com\/index.php\/2019\/12\/13\/la-bambelle-fete-son-premier-whisky-vicia-sativa\/\"> LA BAMBELLE F\u00caTE SON PREMIER WHISKY : VICIA SATIVA)<\/a><\/p>\n<p><strong>Cirse des Champs :<\/strong> Moisson 2016, embouteill\u00e9 en novembre 2020. Vieillissement avec une finition en fut de Banyuls.<\/p>\n<p><strong>Matricaria Orge :<\/strong> Moisson 2017, embouteill\u00e9 en novembre 2021. Vieillissement avec une finition dans des f\u00fbts de Sauternes.<\/p>\n<p><strong>Matricaria Seigle :<\/strong> Moisson 2017, embouteill\u00e9 en novembre 2021. Vieillissement avec une finition dans des f\u00fbts de Sauternes.<\/p>\n<p><strong>Papaveracae :<\/strong> Moisson 2018, embouteill\u00e9 en novembre 2022. Vieillissement avec une finition en fut de Banyuls.<\/p>\n<p><strong>Convolvulus : <\/strong>moisson 2019, disponible prochainement !<\/p>\n<p><img loading=\"lazy\" decoding=\"async\" data-attachment-id=\"7013\" data-permalink=\"https:\/\/whisky-francais.com\/index.php\/la-bambelle\/la-bambelle-labels\/\" data-orig-file=\"https:\/\/whisky-francais.com\/wp-content\/uploads\/2023\/11\/La-bambelle-labels.png\" data-orig-size=\"866,1800\" data-comments-opened=\"0\" data-image-meta=\"{&quot;aperture&quot;:&quot;0&quot;,&quot;credit&quot;:&quot;&quot;,&quot;camera&quot;:&quot;&quot;,&quot;caption&quot;:&quot;&quot;,&quot;created_timestamp&quot;:&quot;0&quot;,&quot;copyright&quot;:&quot;&quot;,&quot;focal_length&quot;:&quot;0&quot;,&quot;iso&quot;:&quot;0&quot;,&quot;shutter_speed&quot;:&quot;0&quot;,&quot;title&quot;:&quot;&quot;,&quot;orientation&quot;:&quot;0&quot;}\" data-image-title=\"La bambelle labels\" data-image-description=\"\" data-image-caption=\"\" data-medium-file=\"https:\/\/whisky-francais.com\/wp-content\/uploads\/2023\/11\/La-bambelle-labels-144x300.png\" data-large-file=\"https:\/\/whisky-francais.com\/wp-content\/uploads\/2023\/11\/La-bambelle-labels-493x1024.png\" class=\"alignnone wp-image-7013 \" src=\"https:\/\/whisky-francais.com\/wp-content\/uploads\/2023\/11\/La-bambelle-labels-493x1024.png\" alt=\"\" width=\"445\" height=\"924\" srcset=\"https:\/\/whisky-francais.com\/wp-content\/uploads\/2023\/11\/La-bambelle-labels-493x1024.png 493w, https:\/\/whisky-francais.com\/wp-content\/uploads\/2023\/11\/La-bambelle-labels-144x300.png 144w, https:\/\/whisky-francais.com\/wp-content\/uploads\/2023\/11\/La-bambelle-labels-768x1596.png 768w, https:\/\/whisky-francais.com\/wp-content\/uploads\/2023\/11\/La-bambelle-labels-739x1536.png 739w, https:\/\/whisky-francais.com\/wp-content\/uploads\/2023\/11\/La-bambelle-labels.png 866w\" sizes=\"(max-width: 445px) 100vw, 445px\" \/><\/p>\n<\/td>\n<\/tr>\n<tr style=\"height: 81px;\">\n<td style=\"height: 81px;\">\n<p>Eau<\/p>\n<\/td>\n<td style=\"height: 81px;\">\n<p>Eau de source des Monts d\u2019Arr\u00e9e<\/p>\n<\/td>\n<\/tr>\n<tr style=\"height: 81px;\">\n<td style=\"height: 81px;\">\n<p>C\u00e9r\u00e9ales<\/p>\n<\/td>\n<td style=\"height: 81px;\">\n<p>La ferme brasserie cultive ses c\u00e9r\u00e9ales (orge, bl\u00e9 noir, seigle) en agriculture biologique.<\/p>\n<p>Le maltage est effectu\u00e9 sur place, \u00e0 l&rsquo;ancienne (Maltage sur air).<\/p>\n<figure id=\"attachment_7007\" aria-describedby=\"caption-attachment-7007\" style=\"width: 300px\" class=\"wp-caption alignnone\"><img loading=\"lazy\" decoding=\"async\" data-attachment-id=\"7007\" data-permalink=\"https:\/\/whisky-francais.com\/index.php\/la-bambelle\/maltage-sur-air-a-la-bambelle-whisky-francais-credit-photo-la-bambelle\/\" data-orig-file=\"https:\/\/whisky-francais.com\/wp-content\/uploads\/2023\/11\/maltage-sur-air-a-la-Bambelle-whisky-francais-credit-photo-la-bambelle.jpg\" data-orig-size=\"1440,924\" data-comments-opened=\"0\" data-image-meta=\"{&quot;aperture&quot;:&quot;0&quot;,&quot;credit&quot;:&quot;&quot;,&quot;camera&quot;:&quot;&quot;,&quot;caption&quot;:&quot;&quot;,&quot;created_timestamp&quot;:&quot;0&quot;,&quot;copyright&quot;:&quot;&quot;,&quot;focal_length&quot;:&quot;0&quot;,&quot;iso&quot;:&quot;0&quot;,&quot;shutter_speed&quot;:&quot;0&quot;,&quot;title&quot;:&quot;&quot;,&quot;orientation&quot;:&quot;1&quot;}\" data-image-title=\"maltage sur air a la Bambelle whisky francais credit photo la bambelle\" data-image-description=\"\" data-image-caption=\"&lt;p&gt;Maltage sur air \u00e0 la Bambelle &#8211; Cr\u00e9dits : la Bambelle&lt;\/p&gt;\n\" data-medium-file=\"https:\/\/whisky-francais.com\/wp-content\/uploads\/2023\/11\/maltage-sur-air-a-la-Bambelle-whisky-francais-credit-photo-la-bambelle-300x193.jpg\" data-large-file=\"https:\/\/whisky-francais.com\/wp-content\/uploads\/2023\/11\/maltage-sur-air-a-la-Bambelle-whisky-francais-credit-photo-la-bambelle-1024x657.jpg\" class=\"wp-image-7007 size-medium\" src=\"https:\/\/whisky-francais.com\/wp-content\/uploads\/2023\/11\/maltage-sur-air-a-la-Bambelle-whisky-francais-credit-photo-la-bambelle-300x193.jpg\" alt=\"\" width=\"300\" height=\"193\" srcset=\"https:\/\/whisky-francais.com\/wp-content\/uploads\/2023\/11\/maltage-sur-air-a-la-Bambelle-whisky-francais-credit-photo-la-bambelle-300x193.jpg 300w, https:\/\/whisky-francais.com\/wp-content\/uploads\/2023\/11\/maltage-sur-air-a-la-Bambelle-whisky-francais-credit-photo-la-bambelle-1024x657.jpg 1024w, https:\/\/whisky-francais.com\/wp-content\/uploads\/2023\/11\/maltage-sur-air-a-la-Bambelle-whisky-francais-credit-photo-la-bambelle-768x493.jpg 768w, https:\/\/whisky-francais.com\/wp-content\/uploads\/2023\/11\/maltage-sur-air-a-la-Bambelle-whisky-francais-credit-photo-la-bambelle.jpg 1440w\" sizes=\"(max-width: 300px) 100vw, 300px\" \/><figcaption id=\"caption-attachment-7007\" class=\"wp-caption-text\"><span style=\"color: #808080;\"><em>Maltage sur air \u00e0 la Bambelle &#8211; Cr\u00e9dits : la Bambelle<\/em><\/span><\/figcaption><\/figure>\n<\/td>\n<\/tr>\n<tr style=\"height: 112px;\">\n<td style=\"height: 112px;\">\n<p>Fermentation \/ Levures\/ Brassage<\/p>\n<\/td>\n<td style=\"height: 112px;\">\n<p>Longue, les fermentations durent une dizaine de jours et permettent d\u2019obtenir un wash entre 6 et 7 % vol<\/p>\n<\/td>\n<\/tr>\n<tr style=\"height: 81px;\">\n<td style=\"height: 81px;\">\n<p>Alambic<\/p>\n<\/td>\n<td style=\"height: 81px;\">\n<p>Dominique Coud\u00e9 proc\u00e8de a la distillation \u00e0 l&rsquo;aide d&rsquo;un alambic Armagnacais (Geimdor) de 1929<\/p>\n<\/td>\n<\/tr>\n<tr style=\"height: 81px;\">\n<td style=\"height: 81px;\">\n<p>Distillation<\/p>\n<\/td>\n<td style=\"height: 81px;\">\n<p>Chauffe au feu de bois, distillation continue<\/p>\n<\/td>\n<\/tr>\n<tr style=\"height: 81px;\">\n<td style=\"height: 81px;\">\n<p>Type de F\u00fbts<\/p>\n<\/td>\n<td style=\"height: 81px;\">La brasserie utilise une large vari\u00e9t\u00e9 de futs, principalement des futs de vins ou de vins doux naturels.<\/td>\n<\/tr>\n<tr style=\"height: 81px;\">\n<td style=\"height: 81px;\">\n<p>Type de Chai<\/p>\n<\/td>\n<td style=\"height: 81px;\">\n<p><span style=\"font-weight: 400;\">Les barriques sont stock\u00e9s dans un grenier sous un toit en t\u00f4le occasionnant une part des anges approchant les 10%.<\/span><\/p>\n<\/td>\n<\/tr>\n<tr style=\"height: 142px;\">\n<td style=\"height: 142px;\">\n<p>Donn\u00e9es Territoriales<\/p>\n<\/td>\n<td style=\"height: 142px;\">\n<p>Saint Grav\u00e9 poss\u00e8de un climat temp\u00e9r\u00e9 de type oc\u00e9anique.<\/p>\n<\/td>\n<\/tr>\n<tr style=\"height: 81px;\">\n<td style=\"height: 81px;\">\n<p>Notes<\/p>\n<\/td>\n<td style=\"height: 81px;\">\n<p>http:\/\/www.labambelle.com\/<\/p>\n<\/td>\n<\/tr>\n<\/tbody>\n<\/table>\n<p>\u00a0<\/p>\n","protected":false},"excerpt":{"rendered":"<p>Derni\u00e8res mises \u00e0 jour : Novembre 2023 Situ\u00e9e \u00e0 Saint-Grav\u00e9, dans le Morbihan, La Bambelle est avant tout une ferme-brasserie<\/p>\n","protected":false},"author":1,"featured_media":7008,"parent":0,"menu_order":0,"comment_status":"closed","ping_status":"closed","template":"","meta":{"jetpack_post_was_ever_published":false,"footnotes":""},"class_list":["post-6990","page","type-page","status-publish","has-post-thumbnail","hentry"],"jetpack_sharing_enabled":true,"jetpack_shortlink":"https:\/\/wp.me\/P8oZPa-1OK","jetpack-related-posts":[{"id":56,"url":"https:\/\/whisky-francais.com\/index.php\/distilleries\/","url_meta":{"origin":6990,"position":0},"title":"Producteurs \/ Distilleries","date":"11 f\u00e9vrier 2017","format":false,"excerpt":"Auvergne-Rh\u00f4ne-Alpes Distillerie du Drac Distillerie des Bughes Distillerie du Vercors Domaine des Hautes Glaces Distillerie des Hautes Terres AlpSpirits (ferm\u00e9e) Monsieur Balthazar Mont Blanc Ninkasi O\u2019Baptiste (Ne produit plus de whisky) Bourgogne-Franche-Comt\u00e9 Br\u00fblerie du Revermont Michel Couvreur Rouget de Lisle Bretagne La Bambelle Distillerie des Menhirs Distillerie FDC (Bale Bro)\u2026","rel":"","context":"Article similaire","img":{"alt_text":"","src":"","width":0,"height":0},"classes":[]},{"id":7320,"url":"https:\/\/whisky-francais.com\/index.php\/brasserie-guyanaise\/","url_meta":{"origin":6990,"position":1},"title":"Brasserie Guyanaise","date":"24 juin 2024","format":false,"excerpt":"La brasserie Guyanaise \u00e0 r\u00e9cemment lanc\u00e9 une campagne de financement participatif afin de se lancer dans la production de whisky ! Un projet in\u00e9dit qui trouve son origine il y a plus de 10 ans. Statut En campagne de financement participatif =>\u00a0 https:\/\/miimosa.com\/projects\/l-ile-du-diable-le-whisky-de-guyane Localisation 1749 Chemin de l'\u00c9gyptienne, Matoury 97351,\u2026","rel":"","context":"Article similaire","img":{"alt_text":"","src":"https:\/\/i0.wp.com\/whisky-francais.com\/wp-content\/uploads\/2024\/06\/boutiquefermee-whisky-de-guyane-francais.jpeg?resize=350%2C200&ssl=1","width":350,"height":200},"classes":[]},{"id":7700,"url":"https:\/\/whisky-francais.com\/index.php\/brasserie-distillerie-de-vauclair\/","url_meta":{"origin":6990,"position":2},"title":"Brasserie distillerie de Vauclair","date":"15 janvier 2025","format":false,"excerpt":"En septembre 2024, la brasserie-distillerie de Vauclair, r\u00e9put\u00e9e pour ses bi\u00e8res de qualit\u00e9 \"La Choue\", a embouteill\u00e9 son tout premier whisky, baptis\u00e9 \u00ab Le Cahou \u00bb. Derri\u00e8re cette anagramme de \u00ab La Choue \u00bb se cache un superbe single malt dont les racines remontent \u00e0 pr\u00e8s d\u2019un demi mill\u00e9naire !\u2026","rel":"","context":"Article similaire","img":{"alt_text":"","src":"https:\/\/i0.wp.com\/whisky-francais.com\/wp-content\/uploads\/2025\/01\/brasserie-distillerie-de-Vauclair-le-cahou-whisky-francais-tete-de-fut.jpg?resize=350%2C200&ssl=1","width":350,"height":200},"classes":[]},{"id":1280,"url":"https:\/\/whisky-francais.com\/index.php\/distilleries\/mandrin-brasserie-du-dauphine\/","url_meta":{"origin":6990,"position":3},"title":"AlpSpirits (ferm\u00e9e)","date":"22 mai 2017","format":false,"excerpt":"Situ\u00e9e \u00e0 Saint-Martin-d'H\u00e8res, dans le d\u00e9partement de l'Is\u00e8re (r\u00e9gion Auvergne Rh\u00f4ne-Alpes), la brasserie du Dauphin\u00e9 nous propose deux whiskies Alpins dont un inspir\u00e9 de la l\u00e9gende de Mandrin! En effet, ce whisky tient son nom de Louis Mandrin, c\u00e9l\u00e8bre contrebandier du XVIII\u00e8me si\u00e8cle qui s'\u00e9tait rebell\u00e9 contre les taxes prohibitives\u2026","rel":"","context":"Article similaire","img":{"alt_text":"France, Mandrin, L'Esprit de Mandrin, Brasserie du Dauphin\u00e9, Saint-Martin-d'H\u00e8res, Is\u00e8re, Vincent Gachet, Rivesaltes, whisky fran\u00e7ais, France, French whisky, Matthieu Acar, Xavier Brevet, d\u00e9gustation, whisky, masterclass, Paris, atelier, d\u00e9gustation, whisky","src":"https:\/\/i0.wp.com\/whisky-francais.com\/wp-content\/uploads\/2017\/05\/MANDRIN.jpg?resize=350%2C200&ssl=1","width":350,"height":200},"classes":[]},{"id":3935,"url":"https:\/\/whisky-francais.com\/index.php\/distilleries\/la-mine-dor\/","url_meta":{"origin":6990,"position":4},"title":"La Mine d&rsquo;Or","date":"13 d\u00e9cembre 2018","format":false,"excerpt":"Cr\u00e9\u00e9e en 2016 par St\u00e9phane Kerdod\u00e9, la distillerie de La Mine d\u2019Or s\u2019appuie sur le savoir-faire et l\u2019exp\u00e9rience de la brasserie Lancelot dans la confection de son whisky. C\u2019est \u00e0 travers cette activit\u00e9 que la distillerie redonne vie \u00e0 un site o\u00f9 s\u2019activaient jadis des centaines de mineurs en qu\u00eate\u2026","rel":"","context":"Article similaire","img":{"alt_text":"","src":"https:\/\/i0.wp.com\/whisky-francais.com\/wp-content\/uploads\/2018\/12\/LMD1-min.jpg?resize=350%2C200","width":350,"height":200},"classes":[]},{"id":3954,"url":"https:\/\/whisky-francais.com\/index.php\/distilleries\/distillerie-du-mont-blanc\/","url_meta":{"origin":6990,"position":5},"title":"Distillerie du Mont Blanc","date":"14 d\u00e9cembre 2018","format":false,"excerpt":"C\u2019est au c\u0153ur des Alpes, \u00e0 La Motte-Servolex, qu'en 1999, Sylvain Chiron fera renaitre la brasserie du Mont Blanc, fleuron brassicole qui officia de 1830 avant de cesser toutes activit\u00e9s en 1966. D\u00e8s le d\u00e9part, la dimension distillerie est int\u00e9gr\u00e9e au projet mais il faudra attendre plus de 15 ans\u2026","rel":"","context":"Article similaire","img":{"alt_text":"Distillerie du Mont Blanc, Sylvain Chiron, La Motte-Servolex, Les Houches, Enchapleuze, Orge, Stupfler, Dolin, whisky Fran\u00e7ais, French whisky, France, Lilya Sekkal, Matthieu Acar, Xavier Brevet, d\u00e9gustation, masterclass, atelier","src":"https:\/\/i0.wp.com\/whisky-francais.com\/wp-content\/uploads\/2018\/12\/LOGO-DISTILLERIE-DU-MONT-BLANC-DIEU-au-trait-NEW.png?resize=350%2C200&ssl=1","width":350,"height":200},"classes":[]}],"_links":{"self":[{"href":"https:\/\/whisky-francais.com\/index.php\/wp-json\/wp\/v2\/pages\/6990"}],"collection":[{"href":"https:\/\/whisky-francais.com\/index.php\/wp-json\/wp\/v2\/pages"}],"about":[{"href":"https:\/\/whisky-francais.com\/index.php\/wp-json\/wp\/v2\/types\/page"}],"author":[{"embeddable":true,"href":"https:\/\/whisky-francais.com\/index.php\/wp-json\/wp\/v2\/users\/1"}],"replies":[{"embeddable":true,"href":"https:\/\/whisky-francais.com\/index.php\/wp-json\/wp\/v2\/comments?post=6990"}],"version-history":[{"count":23,"href":"https:\/\/whisky-francais.com\/index.php\/wp-json\/wp\/v2\/pages\/6990\/revisions"}],"predecessor-version":[{"id":7018,"href":"https:\/\/whisky-francais.com\/index.php\/wp-json\/wp\/v2\/pages\/6990\/revisions\/7018"}],"wp:featuredmedia":[{"embeddable":true,"href":"https:\/\/whisky-francais.com\/index.php\/wp-json\/wp\/v2\/media\/7008"}],"wp:attachment":[{"href":"https:\/\/whisky-francais.com\/index.php\/wp-json\/wp\/v2\/media?parent=6990"}],"curies":[{"name":"wp","href":"https:\/\/api.w.org\/{rel}","templated":true}]}}