{"id":70,"date":"2017-02-17T18:04:05","date_gmt":"2017-02-17T17:04:05","guid":{"rendered":"http:\/\/whisky-francais.com\/?page_id=70"},"modified":"2020-03-19T14:58:04","modified_gmt":"2020-03-19T13:58:04","slug":"lehmann","status":"publish","type":"page","link":"https:\/\/whisky-francais.com\/index.php\/distilleries\/lehmann\/","title":{"rendered":"Lehmann"},"content":{"rendered":"<p><img loading=\"lazy\" decoding=\"async\" data-attachment-id=\"670\" data-permalink=\"https:\/\/whisky-francais.com\/index.php\/distilleries\/gilbert-holl\/certifie\/\" data-orig-file=\"https:\/\/whisky-francais.com\/wp-content\/uploads\/2017\/02\/certifie.jpg\" data-orig-size=\"125,125\" data-comments-opened=\"1\" data-image-meta=\"{&quot;aperture&quot;:&quot;0&quot;,&quot;credit&quot;:&quot;&quot;,&quot;camera&quot;:&quot;&quot;,&quot;caption&quot;:&quot;&quot;,&quot;created_timestamp&quot;:&quot;0&quot;,&quot;copyright&quot;:&quot;&quot;,&quot;focal_length&quot;:&quot;0&quot;,&quot;iso&quot;:&quot;0&quot;,&quot;shutter_speed&quot;:&quot;0&quot;,&quot;title&quot;:&quot;&quot;,&quot;orientation&quot;:&quot;1&quot;}\" data-image-title=\"Whisky Fran\u00e7ais &#8211; French Whisky, Matthieu Acar, Xavier Brevet, d\u00e9gustation, whisky, masterclass, Paris\" data-image-description=\"&lt;p&gt;Whisky Fran\u00e7ais &#8211; French Whisky, Matthieu Acar, Xavier Brevet, d\u00e9gustation, whisky, masterclass, Paris&lt;\/p&gt;\n\" data-image-caption=\"&lt;p&gt;Whisky Fran\u00e7ais &#8211; French Whisky, Matthieu Acar, Xavier Brevet, d\u00e9gustation, whisky, masterclass, Paris, atelier, d\u00e9gustation, whisky&lt;\/p&gt;\n\" data-medium-file=\"https:\/\/whisky-francais.com\/wp-content\/uploads\/2017\/02\/certifie.jpg\" data-large-file=\"https:\/\/whisky-francais.com\/wp-content\/uploads\/2017\/02\/certifie.jpg\" class=\"size-full wp-image-670 aligncenter\" src=\"https:\/\/whisky-francais.com\/wp-content\/uploads\/2017\/02\/certifie.jpg\" alt=\"\" width=\"125\" height=\"125\" srcset=\"https:\/\/whisky-francais.com\/wp-content\/uploads\/2017\/02\/certifie.jpg 125w, https:\/\/whisky-francais.com\/wp-content\/uploads\/2017\/02\/certifie-32x32.jpg 32w, https:\/\/whisky-francais.com\/wp-content\/uploads\/2017\/02\/certifie-50x50.jpg 50w, https:\/\/whisky-francais.com\/wp-content\/uploads\/2017\/02\/certifie-64x64.jpg 64w, https:\/\/whisky-francais.com\/wp-content\/uploads\/2017\/02\/certifie-96x96.jpg 96w\" sizes=\"(max-width: 125px) 100vw, 125px\" \/><\/p>\n<p>Fond\u00e9e en <strong>1850<\/strong> par la famille Lehmann, la distillerie est pass\u00e9e de p\u00e8re en fils au fil des g\u00e9n\u00e9rations (5 en tout\u00a0!). Aujourd\u2019hui entre les mains du couple Lehmann, elle propose une <strong>gamme vari\u00e9e<\/strong>* attestant d\u2019un savoir-faire ancestral en mati\u00e8re de production de spiritueux.<\/p>\n<p>La mise en avant de son <strong>caract\u00e8re artisanal<\/strong> et la conservation de celui-ci (production ax\u00e9e sur la qualit\u00e9 produit, canaux de distribution favorisant les cavistes ind\u00e9pendants) ont valu \u00e0 la distillerie l\u2019obtention de l\u2019accr\u00e9ditation\u00a0<strong><em>Entreprise du Patrimoine Vivant <\/em><\/strong>(label EPV attestant du savoir-faire rare et ancestral de l\u2019\u00e9tablissement et du \u00ab\u00a0made in France\u00a0\u00bb).<\/p>\n<table>\n<tbody>\n<tr>\n<td style=\"width: 106px;\">Statut<\/td>\n<td style=\"width: 619px;\">Produit et Commercialise son propre whisky<\/td>\n<\/tr>\n<tr>\n<td style=\"width: 106px;\">Localisation<\/td>\n<td style=\"width: 619px;\">\ud83d\udceb Chemin des Peupliers, 67210 Obernai, France<br \/>\n7\u00b030\u201932\u00bb E \/ 48\u00b028\u201941\u00bb N<\/td>\n<\/tr>\n<tr>\n<td style=\"width: 106px;\">Dates Cl\u00e9s<\/td>\n<td style=\"width: 619px;\"><strong>1850<\/strong>: Cr\u00e9ation de la distillerie<\/p>\n<p>1982\u00a0: Y. Lehmann succ\u00e8de \u00e0 son p\u00e8re Marcel Lehmann<\/p>\n<p>2008\u00a0: S. Lehmann int\u00e8gre la distillerie<\/td>\n<\/tr>\n<tr>\n<td style=\"width: 106px;\">Personnages Cl\u00e9s<\/td>\n<td style=\"width: 619px;\"><strong>Simone et Yves Lehmann<\/strong> (actuels dirigeants)<\/p>\n<p><strong>Florent Lehmann <\/strong>(Repr\u00e9sentant de la sixi\u00e8me g\u00e9n\u00e9ration de distillateurs)<\/td>\n<\/tr>\n<tr>\n<td style=\"width: 106px;\">Gamme<\/td>\n<td style=\"width: 619px;\"><a href=\"https:\/\/whisky-francais.com\/index.php\/2017\/05\/04\/origine-single-malt-40-elsass-whisky-alsacien-2\/\" target=\"blank\" rel=\"noopener noreferrer\"><strong>\ud83e\udd43 Origine<\/strong><\/a> (40%, 7ans, vieillissement en f\u00fbts de Bordeaux Blanc)<a href=\"https:\/\/whisky-francais.com\/index.php\/2017\/05\/05\/gold-single-malt-40-elsass-whisky\/\" target=\"blank\" rel=\"noopener noreferrer\"><strong>\ud83e\udd43 Gold<\/strong><\/a> (40%, 7ans,\u00a0vieillissement en f\u00fbts de Bordeaux Blanc, finition d\u20191an en f\u00fbts de Sauternes)<\/p>\n<p><a href=\"https:\/\/whisky-francais.com\/index.php\/2017\/03\/22\/elsass-whisky-single-malt-premium-50\/\" target=\"blank\" rel=\"noopener noreferrer\"><strong>\ud83e\udd43 Premium<\/strong> <\/a>(50%, 8ans, vieillissement en f\u00fbts de Sauternes)<\/p>\n<p><a href=\"https:\/\/whisky-francais.com\/index.php\/2020\/03\/19\/une-nouvelle-gamme-de-whiskys-signe-lehmann\/\"><strong>\ud83e\udd43 C\u2019est la vie<\/strong><\/a> (Assemblage de 4 c\u00e9r\u00e9ales , trois ans dans des fut de Bordeaux blanc )<\/p>\n<p><a href=\"https:\/\/whisky-francais.com\/index.php\/2020\/03\/19\/une-nouvelle-gamme-de-whiskys-signe-lehmann\/\"><strong>\ud83e\udd43 Coup de foudre<\/strong><\/a> (single malt de 5 ans vieillis en fut de cognac )<\/p>\n<p><a href=\"https:\/\/whisky-francais.com\/index.php\/2020\/03\/19\/une-nouvelle-gamme-de-whiskys-signe-lehmann\/\"><strong>\ud83e\udd43 Rendez-vous<\/strong><\/a> ( single malt tourb\u00e9, 5 ans en fut de Bordeaux blanc.)<\/td>\n<\/tr>\n<tr>\n<td style=\"width: 106px;\">Alambic<\/td>\n<td style=\"width: 619px;\"><strong>Alambics traditionnels \u00e0 repasse<\/strong>.<\/td>\n<\/tr>\n<tr>\n<td style=\"width: 106px;\">F\u00fbts<\/td>\n<td style=\"width: 619px;\">Ex-f\u00fbts de vin :\ud83c\udf47 Sauternes<\/p>\n<p>\ud83c\udf47 Bordeaux Blanc<\/p>\n<p>\ud83c\udf47 Coteaux du Layon<\/p>\n<p>Ex-f\u00fbt de Cognac<\/td>\n<\/tr>\n<tr>\n<td style=\"width: 106px;\">Donn\u00e9es Territoriales<\/td>\n<td style=\"width: 619px;\">Climat: Continental<\/p>\n<p>Altitude: 174m<\/td>\n<\/tr>\n<tr>\n<td style=\"width: 106px;\">Notes<\/td>\n<td style=\"width: 619px;\">Appartient \u00e0 l\u2019IGP Whisky Alsace depuis 2016<\/td>\n<\/tr>\n<tr>\n<td style=\"width: 106px;\">Site Web<\/td>\n<td style=\"width: 619px;\"><a href=\"https:\/\/www.distillerielehmann.com\/\" target=\"blank\" rel=\"noopener noreferrer\">https:\/\/www.distillerielehmann.com\/<\/a><\/td>\n<\/tr>\n<\/tbody>\n<\/table>\n<p>* Parmi les eaux-de-vie, qui ont fait la renomm\u00e9e de la distillerie, on compte des eaux-de-vie de Kirsch, Poire Williams, Mirabelle, Framboise, Vieille Prune, Quetsch et Marc d\u2019Alsace Gew\u00fcrztraminer. Des eaux-de-vie bio, liqueurs et vodka compl\u00e8tent la gamme.<\/p>\n","protected":false},"excerpt":{"rendered":"<p>Fond\u00e9e en 1850 par la famille Lehmann, la distillerie est pass\u00e9e de p\u00e8re en fils au fil des g\u00e9n\u00e9rations (5<\/p>\n","protected":false},"author":1,"featured_media":328,"parent":56,"menu_order":0,"comment_status":"closed","ping_status":"closed","template":"","meta":{"jetpack_post_was_ever_published":false,"footnotes":""},"class_list":["post-70","page","type-page","status-publish","has-post-thumbnail","hentry"],"jetpack_sharing_enabled":true,"jetpack_shortlink":"https:\/\/wp.me\/P8oZPa-18","jetpack-related-posts":[{"id":56,"url":"https:\/\/whisky-francais.com\/index.php\/distilleries\/","url_meta":{"origin":70,"position":0},"title":"Producteurs \/ Distilleries","date":"11 f\u00e9vrier 2017","format":false,"excerpt":"Auvergne-Rh\u00f4ne-Alpes Distillerie du Drac Distillerie des Bughes Distillerie du Vercors Domaine des Hautes Glaces Distillerie des Hautes Terres AlpSpirits (ferm\u00e9e) Monsieur Balthazar Mont Blanc Ninkasi O\u2019Baptiste (Ne produit plus de whisky) Bourgogne-Franche-Comt\u00e9 Br\u00fblerie du Revermont Michel Couvreur Rouget de Lisle Bretagne La Bambelle Distillerie des Menhirs Distillerie FDC (Bale Bro)\u2026","rel":"","context":"Article similaire","img":{"alt_text":"","src":"","width":0,"height":0},"classes":[]},{"id":713,"url":"https:\/\/whisky-francais.com\/index.php\/distilleries\/claeyssens\/","url_meta":{"origin":70,"position":1},"title":"Claeyssens","date":"28 mars 2017","format":false,"excerpt":"C'est du haut de ses 200 ans d'existence que la distillerie Claeyssens s'est lanc\u00e9e dans la confection de whisky au cours des ann\u00e9es 2000. Forte d'un savoir-faire s\u00e9culaire, cette institution est un monument d'histoire nous rappelant la grande \u00e9poque de la distillation dans le Nord de la France. Statut Produit\u2026","rel":"","context":"Article similaire","img":{"alt_text":"Matthieu Acar, Xavier Brevet, Lilya Sekkal, d\u00e9gustation, whisky, acad\u00e9mie, masterclass, Paris, atelier, d\u00e9gustation, whisky","src":"https:\/\/i0.wp.com\/whisky-francais.com\/wp-content\/uploads\/2017\/03\/CLAEYSSENSFONTAINE.jpg?resize=350%2C200&ssl=1","width":350,"height":200},"classes":[]},{"id":108,"url":"https:\/\/whisky-francais.com\/index.php\/distilleries\/distillerie-des-menhirs\/","url_meta":{"origin":70,"position":2},"title":"Distillerie des Menhirs","date":"17 f\u00e9vrier 2017","format":false,"excerpt":"Cr\u00e9\u00e9e en 1986 par Guy Le Lay, alors professeur de math\u00e9matique, la Distillerie des Menhirs parach\u00e8ve une histoire familiale de bouilleur de cru qui remonte \u00e0 1921 ! En 1999 elle se lance dans la production de whisky et opte alors pour l'utilisation du bl\u00e9 noir, une c\u00e9r\u00e9ale (une Polygonac\u00e9e\u2026","rel":"","context":"Article similaire","img":{"alt_text":"","src":"https:\/\/i0.wp.com\/whisky-francais.com\/wp-content\/uploads\/2017\/02\/LOGO.jpg?resize=350%2C200","width":350,"height":200},"classes":[]},{"id":6142,"url":"https:\/\/whisky-francais.com\/index.php\/merlet-fils\/","url_meta":{"origin":70,"position":3},"title":"Merlet &#038; fils","date":"18 octobre 2021","format":false,"excerpt":"Issu d\u2019un vieux patois charentais, COPERIES signifie \u00ab moissons \u00bb. Si Luc & Gilles Merlet ont d\u00e9cid\u00e9 de baptiser ainsi leur whisky, c\u2019est pour faire r\u00e9f\u00e9rence \u00e0 son identit\u00e9 fran\u00e7aise, mais aussi, sp\u00e9cifiquement Charentaises.\u00a0\u00a0\u00a0\u00a0\u00a0\u00a0\u00a0 Statut Distillerie productive Localisation \ud83d\udceb Distillerie Merlet et Fils40 Rue de Chevessac 17610 SAINT-SAUVANT Dates Cl\u00e9s\u2026","rel":"","context":"Article similaire","img":{"alt_text":"","src":"","width":0,"height":0},"classes":[]},{"id":385,"url":"https:\/\/whisky-francais.com\/index.php\/distilleries\/g-rozelieures\/","url_meta":{"origin":70,"position":4},"title":"Rozelieures &#8211; Distillerie Grallet-Dupic","date":"28 f\u00e9vrier 2017","format":false,"excerpt":"De l\u2019AOC Mirabelles de Lorraine a\u0300 la confection de whisky il n\u2019y a qu\u2019un pas ! La distillerie Grallet-Dupic en est le parfait exemple. Forte d\u2019une tradition se\u0301culaire en matie\u0300re en fabrication d\u2019eau-de-vie, la distillerie se lance dans la production de whisky il y a 17 ans de cela. Cette\u2026","rel":"","context":"Article similaire","img":{"alt_text":"Rozelieures, G. Rozelieures, Grallet-Dupic, AOC Mirabelle de Lorraine, Christophe Dupic, Hubert Grallet, Christian Vergier, Rare Collection, Fum\u00e9e Colletion, Tourb\u00e9e Collection, Vosne Roman\u00e9e, Rully , Vosges, Le Grenier, La Bergerie, Le Fort P\u00e9lissier, Tokay, Porto, Banyuls, Saint Joseph, Condrieu, Bourbon, Fino, Oloroso, Pedro Ximenez, France, whisky, whisky Fran\u00e7ais, French whisky, orge, d\u00e9gustation, Matthieu Acar, Xavier Brevet, d\u00e9gustation, whisky, masterclass, Paris, atelier, d\u00e9gustation, whisky","src":"https:\/\/i0.wp.com\/whisky-francais.com\/wp-content\/uploads\/2017\/02\/tonneaux-1.jpg?resize=350%2C200&ssl=1","width":350,"height":200},"classes":[]},{"id":4470,"url":"https:\/\/whisky-francais.com\/index.php\/distilleries\/alfred-giraud\/","url_meta":{"origin":70,"position":5},"title":"Alfred Giraud","date":"12 juillet 2019","format":false,"excerpt":"Issues du savoir-faire cogna\u00e7ais, les cuv\u00e9es HARMONIE et HERITAGE d\u2019Alfred GIRAUD\u00a0sont issus d'une\u00a0histoire familiale de plus d\u2019un si\u00e8cle ! Statut En production. En 2019, la production totale est de 7000 bouteilles (5000 de \"HERITAGE\" et 2000 de \"HARMONIE\"). Une part des whiskies repose sur des f\u00fbts d'exception (cognac de 30,\u2026","rel":"","context":"Article similaire","img":{"alt_text":"","src":"https:\/\/i0.wp.com\/whisky-francais.com\/wp-content\/uploads\/2019\/07\/Family-Maison-GIRAUD-2.jpg?resize=350%2C200&ssl=1","width":350,"height":200},"classes":[]}],"_links":{"self":[{"href":"https:\/\/whisky-francais.com\/index.php\/wp-json\/wp\/v2\/pages\/70"}],"collection":[{"href":"https:\/\/whisky-francais.com\/index.php\/wp-json\/wp\/v2\/pages"}],"about":[{"href":"https:\/\/whisky-francais.com\/index.php\/wp-json\/wp\/v2\/types\/page"}],"author":[{"embeddable":true,"href":"https:\/\/whisky-francais.com\/index.php\/wp-json\/wp\/v2\/users\/1"}],"replies":[{"embeddable":true,"href":"https:\/\/whisky-francais.com\/index.php\/wp-json\/wp\/v2\/comments?post=70"}],"version-history":[{"count":19,"href":"https:\/\/whisky-francais.com\/index.php\/wp-json\/wp\/v2\/pages\/70\/revisions"}],"predecessor-version":[{"id":5040,"href":"https:\/\/whisky-francais.com\/index.php\/wp-json\/wp\/v2\/pages\/70\/revisions\/5040"}],"up":[{"embeddable":true,"href":"https:\/\/whisky-francais.com\/index.php\/wp-json\/wp\/v2\/pages\/56"}],"wp:featuredmedia":[{"embeddable":true,"href":"https:\/\/whisky-francais.com\/index.php\/wp-json\/wp\/v2\/media\/328"}],"wp:attachment":[{"href":"https:\/\/whisky-francais.com\/index.php\/wp-json\/wp\/v2\/media?parent=70"}],"curies":[{"name":"wp","href":"https:\/\/api.w.org\/{rel}","templated":true}]}}