{"id":7124,"date":"2024-02-07T21:45:48","date_gmt":"2024-02-07T20:45:48","guid":{"rendered":"https:\/\/whisky-francais.com\/?page_id=7124"},"modified":"2024-02-07T21:45:48","modified_gmt":"2024-02-07T20:45:48","slug":"auguste-ricouard","status":"publish","type":"page","link":"https:\/\/whisky-francais.com\/index.php\/auguste-ricouard\/","title":{"rendered":"Auguste Ricouard"},"content":{"rendered":"\n<p><span style=\"font-weight: 400;\">Tout commence en 2012, Paul Ricouard, alors technicien a\u00e9ronautique, d\u00e9cide de changer de vie et de reprendre la ferme de la Randouerie, une exploitation familiale situ\u00e9e \u00e0 Fontenay pr\u00e8s du Havre. La ferme est dans la famille depuis son arri\u00e8re-grand-p\u00e8re : Auguste Ricouard, un \u00e9leveur laitier renomm\u00e9 \u00e0 l&rsquo;\u00e9poque. Les ann\u00e9es passant, l\u2019activit\u00e9 de la ferme s\u2019est consid\u00e9rablement diversifi\u00e9e jusqu\u2019\u00e0 int\u00e9grer la culture de c\u00e9r\u00e9ales et notamment de l\u2019orge !\u00a0<\/span><\/p>\n<table width=\"595\">\n<tbody>\n<tr>\n<td width=\"180\">\n<p>Statut<\/p>\n<\/td>\n<td width=\"415\">\n<p>\u00a0En production<\/p>\n<\/td>\n<\/tr>\n<tr>\n<td width=\"180\">\n<p>Localisation<\/p>\n<\/td>\n<td width=\"415\">\n<p>12 Rue de la Randouerie, 76290 Fontenay<\/p>\n<\/td>\n<\/tr>\n<tr>\n<td width=\"180\">\n<p>Volume de Production<\/p>\n<\/td>\n<td width=\"415\">\n<p>Confidentiel<\/p>\n<\/td>\n<\/tr>\n<tr>\n<td width=\"180\">\n<p>Dates Cl\u00e9s<\/p>\n<\/td>\n<td width=\"415\">\n<p>2019\u00a0: Cr\u00e9ation de la distillerie Auguste Ricouard<\/p>\n<p>2023\u00a0: Premi\u00e8re commercialisation du whisky Auguste<\/p>\n<\/td>\n<\/tr>\n<tr>\n<td width=\"180\">\n<p>Personnages Cl\u00e9s<\/p>\n<\/td>\n<td width=\"415\">\n<p>Paul Ricouard<\/p>\n<\/td>\n<\/tr>\n<tr>\n<td width=\"180\">\n<p>Gamme<\/p>\n<\/td>\n<td width=\"415\">\n<p>Whisky Auguste &#8211; 45% &#8211; Bio &#8211; Fut de vin retoast\u00e9, finition porto blanc<\/p>\n<p><img loading=\"lazy\" decoding=\"async\" data-attachment-id=\"7125\" data-permalink=\"https:\/\/whisky-francais.com\/index.php\/auguste-ricouard\/whisky-normand-bio-auguste-ricouard-7\/\" data-orig-file=\"https:\/\/whisky-francais.com\/wp-content\/uploads\/2024\/02\/whisky-normand-bio-auguste-ricouard-7.jpg\" data-orig-size=\"1200,1341\" data-comments-opened=\"0\" data-image-meta=\"{&quot;aperture&quot;:&quot;0&quot;,&quot;credit&quot;:&quot;&quot;,&quot;camera&quot;:&quot;&quot;,&quot;caption&quot;:&quot;&quot;,&quot;created_timestamp&quot;:&quot;0&quot;,&quot;copyright&quot;:&quot;&quot;,&quot;focal_length&quot;:&quot;0&quot;,&quot;iso&quot;:&quot;0&quot;,&quot;shutter_speed&quot;:&quot;0&quot;,&quot;title&quot;:&quot;&quot;,&quot;orientation&quot;:&quot;0&quot;}\" data-image-title=\"whisky-normand-bio-auguste-ricouard-7\" data-image-description=\"\" data-image-caption=\"\" data-medium-file=\"https:\/\/whisky-francais.com\/wp-content\/uploads\/2024\/02\/whisky-normand-bio-auguste-ricouard-7-268x300.jpg\" data-large-file=\"https:\/\/whisky-francais.com\/wp-content\/uploads\/2024\/02\/whisky-normand-bio-auguste-ricouard-7-916x1024.jpg\" class=\"alignnone size-full wp-image-7125\" src=\"https:\/\/whisky-francais.com\/wp-content\/uploads\/2024\/02\/whisky-normand-bio-auguste-ricouard-7.jpg\" alt=\"\" width=\"1200\" height=\"1341\" srcset=\"https:\/\/whisky-francais.com\/wp-content\/uploads\/2024\/02\/whisky-normand-bio-auguste-ricouard-7.jpg 1200w, https:\/\/whisky-francais.com\/wp-content\/uploads\/2024\/02\/whisky-normand-bio-auguste-ricouard-7-268x300.jpg 268w, https:\/\/whisky-francais.com\/wp-content\/uploads\/2024\/02\/whisky-normand-bio-auguste-ricouard-7-916x1024.jpg 916w, https:\/\/whisky-francais.com\/wp-content\/uploads\/2024\/02\/whisky-normand-bio-auguste-ricouard-7-768x858.jpg 768w\" sizes=\"(max-width: 1200px) 100vw, 1200px\" \/><\/p>\n<\/td>\n<\/tr>\n<tr>\n<td width=\"180\">\n<p>Eau<\/p>\n<\/td>\n<td width=\"415\">\n<p>\u00a0<\/p>\n<\/td>\n<\/tr>\n<tr>\n<td width=\"180\">\n<p>C\u00e9r\u00e9ale(s)<\/p>\n<\/td>\n<td width=\"415\">\n<p>Orge biologique de brasserie (Rgt Planet) cultiv\u00e9 localement.<\/p>\n<\/td>\n<\/tr>\n<tr>\n<td width=\"180\">\n<p>Maltage<\/p>\n<\/td>\n<td width=\"415\">\n<p>Malterie Normandie Malt\u00a0situ\u00e9 \u00e0 Bayeux<\/p>\n<\/td>\n<\/tr>\n<tr>\n<td width=\"180\">\n<p>Fermentation\/Levures<\/p>\n<\/td>\n<td width=\"415\">\n<p>Fermentation longue (5 a 7 jours)<\/p>\n<p>Wash entre 6,5% et 7% alc.<\/p>\n<\/td>\n<\/tr>\n<tr>\n<td width=\"180\">\n<p>Alambics<\/p>\n<\/td>\n<td width=\"415\">\n<p>Deux alambics Portugais\u00a0:<\/p>\n<p>Un Wash still d\u2019une capacit\u00e9 de 1\u00a0000 litres<\/p>\n<p>Un Spirit still d\u2019une capacit\u00e9 de 500\u00a0litres.<\/p>\n<\/td>\n<\/tr>\n<tr>\n<td width=\"180\">\n<p>Distillation<\/p>\n<\/td>\n<td width=\"415\">\n<p>Apr\u00e8s deux distillations, Paul r\u00e9colte un c\u0153ur de chauffe a 68% qu\u2019il r\u00e9duit \u00e0 63% pour l\u2019enfutage.<\/p>\n<\/td>\n<\/tr>\n<tr>\n<td width=\"180\">\n<p>Type de chai<\/p>\n<\/td>\n<td width=\"415\">\n<p>Non r\u00e9gul\u00e9<\/p>\n<\/td>\n<\/tr>\n<tr>\n<td width=\"180\">\n<p>F\u00fbt(s)<\/p>\n<\/td>\n<td width=\"415\">\n<p>\u00a0<\/p>\n<\/td>\n<\/tr>\n<tr>\n<td width=\"180\">\n<p>Donn\u00e9es Territoriales<\/p>\n<\/td>\n<td width=\"415\">\n<p>\u00a0<\/p>\n<\/td>\n<\/tr>\n<tr>\n<td width=\"180\">\n<p>Notes<\/p>\n<\/td>\n<td width=\"415\">\u00a0<\/td>\n<\/tr>\n<tr>\n<td width=\"180\">\n<p>Site Web<\/p>\n<\/td>\n<td width=\"415\">\n<p><a href=\"https:\/\/whisky-augustericouard.fr\/\">https:\/\/whisky-augustericouard.fr\/<\/a><\/p>\n<\/td>\n<\/tr>\n<\/tbody>\n<\/table>\n<p>\u00a0<\/p>\n<p>\u00a0<\/p>\n<p>\u00a0<\/p>\n","protected":false},"excerpt":{"rendered":"<p>Tout commence en 2012, Paul Ricouard, alors technicien a\u00e9ronautique, d\u00e9cide de changer de vie et de reprendre la ferme de<\/p>\n","protected":false},"author":1,"featured_media":7123,"parent":0,"menu_order":0,"comment_status":"closed","ping_status":"closed","template":"","meta":{"jetpack_post_was_ever_published":false,"footnotes":""},"class_list":["post-7124","page","type-page","status-publish","has-post-thumbnail","hentry"],"jetpack_sharing_enabled":true,"jetpack_shortlink":"https:\/\/wp.me\/P8oZPa-1QU","jetpack-related-posts":[{"id":56,"url":"https:\/\/whisky-francais.com\/index.php\/distilleries\/","url_meta":{"origin":7124,"position":0},"title":"Producteurs \/ Distilleries","date":"11 f\u00e9vrier 2017","format":false,"excerpt":"Auvergne-Rh\u00f4ne-Alpes Distillerie du Drac Distillerie des Bughes Distillerie du Vercors Domaine des Hautes Glaces Distillerie des Hautes Terres AlpSpirits (ferm\u00e9e) Monsieur Balthazar Mont Blanc Ninkasi O\u2019Baptiste (Ne produit plus de whisky) Bourgogne-Franche-Comt\u00e9 Br\u00fblerie du Revermont Michel Couvreur Rouget de Lisle Bretagne La Bambelle Distillerie des Menhirs Distillerie FDC (Bale Bro)\u2026","rel":"","context":"Article similaire","img":{"alt_text":"","src":"","width":0,"height":0},"classes":[]},{"id":6182,"url":"https:\/\/whisky-francais.com\/index.php\/ferme-distillerie-de-faronville\/","url_meta":{"origin":7124,"position":1},"title":"Ferme Distillerie de Faronville","date":"7 novembre 2021","format":false,"excerpt":"Derni\u00e8res mises \u00e0 jour : Novembre 2023 C\u2019est \u00e0 Faronville dans le d\u00e9partement du Loiret que Paul-Henri et Pauline LELUC on reprit l\u2019exploitation familial en 2007.\u00a0 Statut Whisky en production. Vodkas, Gin et eau-de-vie de Pomme de terre disponible. Capacit\u00e9 de production \u00a0 Localisation Ferme-Distillerie de FARONVILLE 1 Pl. de\u2026","rel":"","context":"Article similaire","img":{"alt_text":"","src":"https:\/\/i0.wp.com\/whisky-francais.com\/wp-content\/uploads\/2023\/10\/faronville-lagomorphe-whisky-francais-logo.jpg?resize=350%2C200&ssl=1","width":350,"height":200},"classes":[]},{"id":7500,"url":"https:\/\/whisky-francais.com\/index.php\/brasserie-artisanale-des-2-caps-christophe-noyon-brasseur\/","url_meta":{"origin":7124,"position":2},"title":"Brasserie Artisanale des 2 Caps\u00a0 &#8211; Christophe noyon Brasseur","date":"14 septembre 2024","format":false,"excerpt":"\u00a0 Statut En production Localisation \u00a0 Volume de Production Environ 3000 bouteilles par an. Dates Cl\u00e9s 1946 : Le Grand-p\u00e8re de Christophe Noyon, Michel Noyon, monte une distillerie d\u2019alcool de Betterave au c\u0153ur de sa propri\u00e9t\u00e9, le Domaine de Warcove, situ\u00e9e sur la C\u00f4te d\u2019Opale. Le mat\u00e9riel avait \u00e9t\u00e9 achet\u00e9\u2026","rel":"","context":"Article similaire","img":{"alt_text":"","src":"https:\/\/i0.wp.com\/whisky-francais.com\/wp-content\/uploads\/2024\/09\/tableau-2caps-scaled-warcove-whisky-francais.jpg?resize=350%2C200&ssl=1","width":350,"height":200},"classes":[]},{"id":7818,"url":"https:\/\/whisky-francais.com\/index.php\/labarrere-1773\/","url_meta":{"origin":7124,"position":3},"title":"Labarr\u00e8re 1773","date":"8 mars 2025","format":false,"excerpt":"Situ\u00e9e dans le B\u00e9arn, la distillerie Labarr\u00e8re 1773 propose une interpr\u00e9tation pyr\u00e9n\u00e9enne du whisky de ma\u00efs. \u00c0 sa t\u00eate, Romain Selle, ancien technicien en \u00e9lectrotechnique, qui, apr\u00e8s 18 ans pass\u00e9s dans la production d\u2019\u00e9lectricit\u00e9, a choisi de revenir \u00e0 ses racines agricoles. En 2021, il reprend la ferme familiale \u00e0\u2026","rel":"","context":"Article similaire","img":{"alt_text":"","src":"https:\/\/i0.wp.com\/whisky-francais.com\/wp-content\/uploads\/2025\/03\/labarrere-1773-whisky-francais-logo.jpg?resize=350%2C200&ssl=1","width":350,"height":200},"classes":[]},{"id":585,"url":"https:\/\/whisky-francais.com\/index.php\/distilleries\/hautefeuille\/","url_meta":{"origin":7124,"position":4},"title":"Distillerie d&rsquo;Hautefeuille","date":"20 mars 2017","format":false,"excerpt":"La distillerie d'Hautefeuille est install\u00e9e au coeur de la Picardie, dans une propri\u00e9t\u00e9 familiale vieille de 10 g\u00e9n\u00e9rations. Lorsqu'\u00c9tienne d\u2019Hautefeuille\u00a0- ing\u00e9nieur de formation - reprend l'exploitation agricole, il songe d\u00e9j\u00e0 \u00e0 la possibilit\u00e9 de produire ses propres spiritueux (Gin & Whisky). Cette volont\u00e9 se concr\u00e9tisera \u00e0 la suite de sa\u2026","rel":"","context":"Article similaire","img":{"alt_text":"","src":"https:\/\/i0.wp.com\/whisky-francais.com\/wp-content\/uploads\/2017\/03\/DJI_0036-min.jpg?resize=350%2C200","width":350,"height":200},"classes":[]},{"id":141,"url":"https:\/\/whisky-francais.com\/index.php\/distilleries\/northmaen\/","url_meta":{"origin":7124,"position":5},"title":"Northmaen","date":"17 f\u00e9vrier 2017","format":false,"excerpt":"Nich\u00e9e au coeur de la campagne, Northmaen est le repr\u00e9sentant Normand sur\u00a0la sc\u00e8ne du whisky Fran\u00e7ais.\u00a0Ses whiskies sont le reflet d'un terroir riche et g\u00e9n\u00e9reux o\u00f9 l'\u00e2me des Dieux Nordiques veille au bon vieillissement de la production. Statut Produit et commercialise son propre whisky Localisation 154 le Bourg, 76780 La\u2026","rel":"","context":"Article similaire","img":{"alt_text":"Whisky Fran\u00c3\u00a7ais, French Whisky, Northmaen, Single Malt, Single Barrel, Normandie, La Chapelle-Saint-Ouen, Thor Boyo, Fafnir, Sleipnir, brut de f\u00c3\u00bbt, exploitation agricole, malt","src":"https:\/\/i0.wp.com\/whisky-francais.com\/wp-content\/uploads\/2017\/04\/Ferme-Northmaen.jpg?resize=350%2C200","width":350,"height":200},"classes":[]}],"_links":{"self":[{"href":"https:\/\/whisky-francais.com\/index.php\/wp-json\/wp\/v2\/pages\/7124"}],"collection":[{"href":"https:\/\/whisky-francais.com\/index.php\/wp-json\/wp\/v2\/pages"}],"about":[{"href":"https:\/\/whisky-francais.com\/index.php\/wp-json\/wp\/v2\/types\/page"}],"author":[{"embeddable":true,"href":"https:\/\/whisky-francais.com\/index.php\/wp-json\/wp\/v2\/users\/1"}],"replies":[{"embeddable":true,"href":"https:\/\/whisky-francais.com\/index.php\/wp-json\/wp\/v2\/comments?post=7124"}],"version-history":[{"count":1,"href":"https:\/\/whisky-francais.com\/index.php\/wp-json\/wp\/v2\/pages\/7124\/revisions"}],"predecessor-version":[{"id":7126,"href":"https:\/\/whisky-francais.com\/index.php\/wp-json\/wp\/v2\/pages\/7124\/revisions\/7126"}],"wp:featuredmedia":[{"embeddable":true,"href":"https:\/\/whisky-francais.com\/index.php\/wp-json\/wp\/v2\/media\/7123"}],"wp:attachment":[{"href":"https:\/\/whisky-francais.com\/index.php\/wp-json\/wp\/v2\/media?parent=7124"}],"curies":[{"name":"wp","href":"https:\/\/api.w.org\/{rel}","templated":true}]}}