{"id":727,"date":"2017-03-28T18:54:05","date_gmt":"2017-03-28T16:54:05","guid":{"rendered":"http:\/\/whisky-francais.com\/?page_id=727"},"modified":"2020-10-25T08:17:35","modified_gmt":"2020-10-25T07:17:35","slug":"contact","status":"publish","type":"page","link":"https:\/\/whisky-francais.com\/index.php\/contact\/","title":{"rendered":"Contact"},"content":{"rendered":"<p><img loading=\"lazy\" decoding=\"async\" data-attachment-id=\"5580\" data-permalink=\"https:\/\/whisky-francais.com\/index.php\/contact\/logo-lwf-classic-littlr\/\" data-orig-file=\"https:\/\/whisky-francais.com\/wp-content\/uploads\/2020\/10\/LOGO-LWF-CLASSIC-littlr.jpg\" data-orig-size=\"480,468\" data-comments-opened=\"0\" data-image-meta=\"{&quot;aperture&quot;:&quot;0&quot;,&quot;credit&quot;:&quot;&quot;,&quot;camera&quot;:&quot;&quot;,&quot;caption&quot;:&quot;&quot;,&quot;created_timestamp&quot;:&quot;0&quot;,&quot;copyright&quot;:&quot;&quot;,&quot;focal_length&quot;:&quot;0&quot;,&quot;iso&quot;:&quot;0&quot;,&quot;shutter_speed&quot;:&quot;0&quot;,&quot;title&quot;:&quot;&quot;,&quot;orientation&quot;:&quot;1&quot;}\" data-image-title=\"LOGO LWF CLASSIC littlr\" data-image-description=\"\" data-image-caption=\"\" data-medium-file=\"https:\/\/whisky-francais.com\/wp-content\/uploads\/2020\/10\/LOGO-LWF-CLASSIC-littlr-300x293.jpg\" data-large-file=\"https:\/\/whisky-francais.com\/wp-content\/uploads\/2020\/10\/LOGO-LWF-CLASSIC-littlr.jpg\" class=\"alignnone size-medium wp-image-5580 alignleft\" src=\"https:\/\/whisky-francais.com\/wp-content\/uploads\/2020\/10\/LOGO-LWF-CLASSIC-littlr-300x293.jpg\" alt=\"\" width=\"300\" height=\"293\" srcset=\"https:\/\/whisky-francais.com\/wp-content\/uploads\/2020\/10\/LOGO-LWF-CLASSIC-littlr-300x293.jpg 300w, https:\/\/whisky-francais.com\/wp-content\/uploads\/2020\/10\/LOGO-LWF-CLASSIC-littlr.jpg 480w\" sizes=\"(max-width: 300px) 100vw, 300px\" \/><\/p>\n<p style=\"text-align: right;\"><em>\u00ab Promouvoir le savoir-faire des producteurs,<\/em><br \/>\n<em>Mettre en avant la richesse des terroirs,<\/em><br \/>\n<em>Contribuer \u00e0 la formidable aventure du Whisky Fran\u00e7ais,<\/em><br \/>\n<em>Telle est la volont\u00e9 de ce site qui se veut \u00eatre un point de rencontre entre les diff\u00e9rents acteurs d&rsquo;un\u00a0univers en pleine effervescence.<\/em><br \/>\n<em>Longue vie au Whisky Fran\u00e7ais. \u00bb<\/em><\/p>\n<table border=\"none\">\n<tbody>\n<tr>\n<td style=\"border: none; text-align: center; width: 238.5px;\"><span style=\"font-size: 12pt;\"><strong>Lilya<\/strong><\/span><\/p>\n<p><span style=\"font-size: 10pt;\"><img loading=\"lazy\" decoding=\"async\" data-attachment-id=\"4206\" data-permalink=\"https:\/\/whisky-francais.com\/index.php\/contact\/lilya-min\/\" data-orig-file=\"https:\/\/whisky-francais.com\/wp-content\/uploads\/2017\/03\/lilya-min.jpg\" data-orig-size=\"480,480\" data-comments-opened=\"0\" data-image-meta=\"{&quot;aperture&quot;:&quot;0&quot;,&quot;credit&quot;:&quot;&quot;,&quot;camera&quot;:&quot;&quot;,&quot;caption&quot;:&quot;&quot;,&quot;created_timestamp&quot;:&quot;0&quot;,&quot;copyright&quot;:&quot;&quot;,&quot;focal_length&quot;:&quot;0&quot;,&quot;iso&quot;:&quot;0&quot;,&quot;shutter_speed&quot;:&quot;0&quot;,&quot;title&quot;:&quot;&quot;,&quot;orientation&quot;:&quot;0&quot;}\" data-image-title=\"Whisky Fran\u00e7ais, French Whisky, Xavier Brevet, Matthieu Acar, Lilya Sekkal, d\u00e9gustation, whisky, masterclass, Paris, atelier, d\u00e9gustation\" data-image-description=\"&lt;p&gt;Whisky Fran\u00e7ais, French Whisky, Xavier Brevet, Matthieu Acar, Lilya Sekkal, d\u00e9gustation, whisky, masterclass, Paris, atelier, d\u00e9gustation&lt;\/p&gt;\n\" data-image-caption=\"&lt;p&gt;Whisky Fran\u00e7ais, French Whisky, Xavier Brevet, Matthieu Acar, Lilya Sekkal, d\u00e9gustation, whisky, masterclass, Paris, atelier, d\u00e9gustation&lt;\/p&gt;\n\" data-medium-file=\"https:\/\/whisky-francais.com\/wp-content\/uploads\/2017\/03\/lilya-min-300x300.jpg\" data-large-file=\"https:\/\/whisky-francais.com\/wp-content\/uploads\/2017\/03\/lilya-min.jpg\" class=\"alignnone wp-image-4206\" style=\"border-radius: 50%;\" src=\"https:\/\/whisky-francais.com\/wp-content\/uploads\/2017\/03\/lilya-min-300x300.jpg\" alt=\"\" width=\"180\" height=\"180\" srcset=\"https:\/\/whisky-francais.com\/wp-content\/uploads\/2017\/03\/lilya-min-300x300.jpg 300w, https:\/\/whisky-francais.com\/wp-content\/uploads\/2017\/03\/lilya-min-150x150.jpg 150w, https:\/\/whisky-francais.com\/wp-content\/uploads\/2017\/03\/lilya-min-32x32.jpg 32w, https:\/\/whisky-francais.com\/wp-content\/uploads\/2017\/03\/lilya-min-50x50.jpg 50w, https:\/\/whisky-francais.com\/wp-content\/uploads\/2017\/03\/lilya-min-64x64.jpg 64w, https:\/\/whisky-francais.com\/wp-content\/uploads\/2017\/03\/lilya-min-96x96.jpg 96w, https:\/\/whisky-francais.com\/wp-content\/uploads\/2017\/03\/lilya-min-128x128.jpg 128w, https:\/\/whisky-francais.com\/wp-content\/uploads\/2017\/03\/lilya-min.jpg 480w\" sizes=\"(max-width: 180px) 100vw, 180px\" \/>lilya@whisky-francais.com<\/span><br \/>\n<span style=\"font-size: 10pt; color: #ffffff;\"> &#8211;<\/span><\/td>\n<td style=\"border: none; text-align: center; width: 237.5px;\"><span style=\"font-size: 12pt;\"><strong>Matthieu<\/strong><\/span><\/p>\n<p><span style=\"font-size: 10pt;\"><img loading=\"lazy\" decoding=\"async\" data-attachment-id=\"4207\" data-permalink=\"https:\/\/whisky-francais.com\/index.php\/contact\/p1020049-min\/\" data-orig-file=\"https:\/\/whisky-francais.com\/wp-content\/uploads\/2019\/02\/P1020049-min.jpg\" data-orig-size=\"1698,1698\" data-comments-opened=\"0\" data-image-meta=\"{&quot;aperture&quot;:&quot;0&quot;,&quot;credit&quot;:&quot;&quot;,&quot;camera&quot;:&quot;&quot;,&quot;caption&quot;:&quot;&quot;,&quot;created_timestamp&quot;:&quot;0&quot;,&quot;copyright&quot;:&quot;&quot;,&quot;focal_length&quot;:&quot;0&quot;,&quot;iso&quot;:&quot;0&quot;,&quot;shutter_speed&quot;:&quot;0&quot;,&quot;title&quot;:&quot;&quot;,&quot;orientation&quot;:&quot;0&quot;}\" data-image-title=\"Whisky Fran\u00e7ais, French Whisky, Xavier Brevet, Matthieu Acar, Lilya Sekkal, d\u00e9gustation, whisky, masterclass, Paris, atelier, d\u00e9gustation\" data-image-description=\"&lt;p&gt;Whisky Fran\u00e7ais, French Whisky, Xavier Brevet, Matthieu Acar, Lilya Sekkal, d\u00e9gustation, whisky, masterclass, Paris, atelier, d\u00e9gustation&lt;\/p&gt;\n\" data-image-caption=\"&lt;p&gt;Whisky Fran\u00e7ais, French Whisky, Xavier Brevet, Matthieu Acar, Lilya Sekkal, d\u00e9gustation, whisky, masterclass, Paris, atelier, d\u00e9gustation&lt;\/p&gt;\n\" data-medium-file=\"https:\/\/whisky-francais.com\/wp-content\/uploads\/2019\/02\/P1020049-min-300x300.jpg\" data-large-file=\"https:\/\/whisky-francais.com\/wp-content\/uploads\/2019\/02\/P1020049-min-1024x1024.jpg\" class=\"alignnone size-medium wp-image-4207\" style=\"border-radius: 50%;\" src=\"https:\/\/whisky-francais.com\/wp-content\/uploads\/2019\/02\/P1020049-min-300x300.jpg\" alt=\"\" width=\"180\" height=\"180\" srcset=\"https:\/\/whisky-francais.com\/wp-content\/uploads\/2019\/02\/P1020049-min-300x300.jpg 300w, https:\/\/whisky-francais.com\/wp-content\/uploads\/2019\/02\/P1020049-min-150x150.jpg 150w, https:\/\/whisky-francais.com\/wp-content\/uploads\/2019\/02\/P1020049-min-768x768.jpg 768w, https:\/\/whisky-francais.com\/wp-content\/uploads\/2019\/02\/P1020049-min-1024x1024.jpg 1024w, https:\/\/whisky-francais.com\/wp-content\/uploads\/2019\/02\/P1020049-min-32x32.jpg 32w, https:\/\/whisky-francais.com\/wp-content\/uploads\/2019\/02\/P1020049-min-50x50.jpg 50w, https:\/\/whisky-francais.com\/wp-content\/uploads\/2019\/02\/P1020049-min-64x64.jpg 64w, https:\/\/whisky-francais.com\/wp-content\/uploads\/2019\/02\/P1020049-min-96x96.jpg 96w, https:\/\/whisky-francais.com\/wp-content\/uploads\/2019\/02\/P1020049-min-128x128.jpg 128w, https:\/\/whisky-francais.com\/wp-content\/uploads\/2019\/02\/P1020049-min.jpg 1698w\" sizes=\"(max-width: 180px) 100vw, 180px\" \/>matthieu@whisky-francais.com<\/span><br \/>\n<span style=\"font-size: 10pt;\"> 06 63 96 66 01<\/span><\/td>\n<td style=\"border: none; text-align: center; width: 239px;\"><span style=\"font-size: 12pt;\"><strong>Xavier<\/strong><\/span><\/p>\n<p><span style=\"font-size: 10pt;\"><img loading=\"lazy\" decoding=\"async\" data-attachment-id=\"4208\" data-permalink=\"https:\/\/whisky-francais.com\/index.php\/contact\/p1020846-min\/\" data-orig-file=\"https:\/\/whisky-francais.com\/wp-content\/uploads\/2019\/02\/P1020846-min.jpg\" data-orig-size=\"1718,1718\" data-comments-opened=\"0\" data-image-meta=\"{&quot;aperture&quot;:&quot;0&quot;,&quot;credit&quot;:&quot;&quot;,&quot;camera&quot;:&quot;&quot;,&quot;caption&quot;:&quot;&quot;,&quot;created_timestamp&quot;:&quot;0&quot;,&quot;copyright&quot;:&quot;&quot;,&quot;focal_length&quot;:&quot;0&quot;,&quot;iso&quot;:&quot;0&quot;,&quot;shutter_speed&quot;:&quot;0&quot;,&quot;title&quot;:&quot;&quot;,&quot;orientation&quot;:&quot;0&quot;}\" data-image-title=\"Whisky Fran\u00e7ais, French Whisky, Xavier Brevet, Matthieu Acar, Lilya Sekkal, d\u00e9gustation, whisky, masterclass, Paris, atelier, d\u00e9gustation\" data-image-description=\"&lt;p&gt;Whisky Fran\u00e7ais, French Whisky, Xavier Brevet, Matthieu Acar, Lilya Sekkal, d\u00e9gustation, whisky, masterclass, Paris, atelier, d\u00e9gustation&lt;\/p&gt;\n\" data-image-caption=\"&lt;p&gt;Whisky Fran\u00e7ais, French Whisky, Xavier Brevet, Matthieu Acar, Lilya Sekkal, d\u00e9gustation, whisky, masterclass, Paris, atelier, d\u00e9gustation&lt;\/p&gt;\n\" data-medium-file=\"https:\/\/whisky-francais.com\/wp-content\/uploads\/2019\/02\/P1020846-min-300x300.jpg\" data-large-file=\"https:\/\/whisky-francais.com\/wp-content\/uploads\/2019\/02\/P1020846-min-1024x1024.jpg\" class=\"alignnone size-medium wp-image-4208\" style=\"border-radius: 50%;\" src=\"https:\/\/whisky-francais.com\/wp-content\/uploads\/2019\/02\/P1020846-min-300x300.jpg\" alt=\"\" width=\"180\" height=\"180\" srcset=\"https:\/\/whisky-francais.com\/wp-content\/uploads\/2019\/02\/P1020846-min-300x300.jpg 300w, https:\/\/whisky-francais.com\/wp-content\/uploads\/2019\/02\/P1020846-min-150x150.jpg 150w, https:\/\/whisky-francais.com\/wp-content\/uploads\/2019\/02\/P1020846-min-768x768.jpg 768w, https:\/\/whisky-francais.com\/wp-content\/uploads\/2019\/02\/P1020846-min-1024x1024.jpg 1024w, https:\/\/whisky-francais.com\/wp-content\/uploads\/2019\/02\/P1020846-min-32x32.jpg 32w, https:\/\/whisky-francais.com\/wp-content\/uploads\/2019\/02\/P1020846-min-50x50.jpg 50w, https:\/\/whisky-francais.com\/wp-content\/uploads\/2019\/02\/P1020846-min-64x64.jpg 64w, https:\/\/whisky-francais.com\/wp-content\/uploads\/2019\/02\/P1020846-min-96x96.jpg 96w, https:\/\/whisky-francais.com\/wp-content\/uploads\/2019\/02\/P1020846-min-128x128.jpg 128w, https:\/\/whisky-francais.com\/wp-content\/uploads\/2019\/02\/P1020846-min.jpg 1718w\" sizes=\"(max-width: 180px) 100vw, 180px\" \/>xabi@whisky-francais.com<\/span><br \/>\n<span style=\"font-size: 10pt;\"> 06 74 74 79 09<\/span><\/td>\n<\/tr>\n<tr>\n<td style=\"border: none; text-align: center; width: 238.5px;\"><\/td>\n<td style=\"border: none; text-align: center; width: 237.5px;\"><\/td>\n<td style=\"border: none; text-align: center; width: 239px;\"><\/td>\n<\/tr>\n<\/tbody>\n<\/table>\n<table>\n<tbody>\n<tr>\n<td style=\"border: none;\"><a href=\"https:\/\/www.facebook.com\/whiskyfrancais\/\" target=\"_blank\" rel=\"noopener noreferrer\"><img loading=\"lazy\" decoding=\"async\" data-attachment-id=\"4199\" data-permalink=\"https:\/\/whisky-francais.com\/index.php\/contact\/facebook\/\" data-orig-file=\"https:\/\/whisky-francais.com\/wp-content\/uploads\/2017\/03\/facebook.png\" data-orig-size=\"512,512\" data-comments-opened=\"0\" data-image-meta=\"{&quot;aperture&quot;:&quot;0&quot;,&quot;credit&quot;:&quot;&quot;,&quot;camera&quot;:&quot;&quot;,&quot;caption&quot;:&quot;&quot;,&quot;created_timestamp&quot;:&quot;0&quot;,&quot;copyright&quot;:&quot;&quot;,&quot;focal_length&quot;:&quot;0&quot;,&quot;iso&quot;:&quot;0&quot;,&quot;shutter_speed&quot;:&quot;0&quot;,&quot;title&quot;:&quot;&quot;,&quot;orientation&quot;:&quot;0&quot;}\" data-image-title=\"Whisky Fran\u00e7ais, French Whisky, Xavier Brevet, Matthieu Acar, Lilya Sekkal, d\u00e9gustation, whisky, masterclass, Paris, atelier, d\u00e9gustation\" data-image-description=\"&lt;p&gt;Whisky Fran\u00e7ais, French Whisky, Xavier Brevet, Matthieu Acar, Lilya Sekkal, d\u00e9gustation, whisky, masterclass, Paris, atelier, d\u00e9gustation&lt;\/p&gt;\n\" data-image-caption=\"&lt;p&gt;Whisky Fran\u00e7ais, French Whisky, Xavier Brevet, Matthieu Acar, Lilya Sekkal, d\u00e9gustation, whisky, masterclass, Paris, atelier, d\u00e9gustation&lt;\/p&gt;\n\" data-medium-file=\"https:\/\/whisky-francais.com\/wp-content\/uploads\/2017\/03\/facebook-300x300.png\" data-large-file=\"https:\/\/whisky-francais.com\/wp-content\/uploads\/2017\/03\/facebook.png\" class=\"alignright wp-image-4199\" src=\"https:\/\/whisky-francais.com\/wp-content\/uploads\/2017\/03\/facebook-300x300.png\" alt=\"\" width=\"33\" height=\"33\" srcset=\"https:\/\/whisky-francais.com\/wp-content\/uploads\/2017\/03\/facebook-300x300.png 300w, https:\/\/whisky-francais.com\/wp-content\/uploads\/2017\/03\/facebook-150x150.png 150w, https:\/\/whisky-francais.com\/wp-content\/uploads\/2017\/03\/facebook-32x32.png 32w, https:\/\/whisky-francais.com\/wp-content\/uploads\/2017\/03\/facebook-50x50.png 50w, https:\/\/whisky-francais.com\/wp-content\/uploads\/2017\/03\/facebook-64x64.png 64w, https:\/\/whisky-francais.com\/wp-content\/uploads\/2017\/03\/facebook-96x96.png 96w, https:\/\/whisky-francais.com\/wp-content\/uploads\/2017\/03\/facebook-128x128.png 128w, https:\/\/whisky-francais.com\/wp-content\/uploads\/2017\/03\/facebook.png 512w\" sizes=\"(max-width: 33px) 100vw, 33px\" \/><\/a><\/td>\n<td style=\"border: none;\"><a href=\"https:\/\/www.instagram.com\/whisky_francais\/\" target=\"_blank\" rel=\"noopener noreferrer\"><img loading=\"lazy\" decoding=\"async\" data-attachment-id=\"4198\" data-permalink=\"https:\/\/whisky-francais.com\/index.php\/contact\/instagram\/\" data-orig-file=\"https:\/\/whisky-francais.com\/wp-content\/uploads\/2017\/03\/instagram.png\" data-orig-size=\"512,512\" data-comments-opened=\"0\" data-image-meta=\"{&quot;aperture&quot;:&quot;0&quot;,&quot;credit&quot;:&quot;&quot;,&quot;camera&quot;:&quot;&quot;,&quot;caption&quot;:&quot;&quot;,&quot;created_timestamp&quot;:&quot;0&quot;,&quot;copyright&quot;:&quot;&quot;,&quot;focal_length&quot;:&quot;0&quot;,&quot;iso&quot;:&quot;0&quot;,&quot;shutter_speed&quot;:&quot;0&quot;,&quot;title&quot;:&quot;&quot;,&quot;orientation&quot;:&quot;0&quot;}\" data-image-title=\"Whisky Fran\u00e7ais, French Whisky, Xavier Brevet, Matthieu Acar, Lilya Sekkal, d\u00e9gustation, whisky, masterclass, Paris, atelier, d\u00e9gustation\" data-image-description=\"&lt;p&gt;Whisky Fran\u00e7ais, French Whisky, Xavier Brevet, Matthieu Acar, Lilya Sekkal, d\u00e9gustation, whisky, masterclass, Paris, atelier, d\u00e9gustation&lt;\/p&gt;\n\" data-image-caption=\"&lt;p&gt;Whisky Fran\u00e7ais, French Whisky, Xavier Brevet, Matthieu Acar, Lilya Sekkal, d\u00e9gustation, whisky, masterclass, Paris, atelier, d\u00e9gustation&lt;\/p&gt;\n\" data-medium-file=\"https:\/\/whisky-francais.com\/wp-content\/uploads\/2017\/03\/instagram-300x300.png\" data-large-file=\"https:\/\/whisky-francais.com\/wp-content\/uploads\/2017\/03\/instagram.png\" class=\"alignleft wp-image-4198\" src=\"https:\/\/whisky-francais.com\/wp-content\/uploads\/2017\/03\/instagram-300x300.png\" alt=\"\" width=\"33\" height=\"33\" srcset=\"https:\/\/whisky-francais.com\/wp-content\/uploads\/2017\/03\/instagram-300x300.png 300w, https:\/\/whisky-francais.com\/wp-content\/uploads\/2017\/03\/instagram-150x150.png 150w, https:\/\/whisky-francais.com\/wp-content\/uploads\/2017\/03\/instagram-32x32.png 32w, https:\/\/whisky-francais.com\/wp-content\/uploads\/2017\/03\/instagram-50x50.png 50w, https:\/\/whisky-francais.com\/wp-content\/uploads\/2017\/03\/instagram-64x64.png 64w, https:\/\/whisky-francais.com\/wp-content\/uploads\/2017\/03\/instagram-96x96.png 96w, https:\/\/whisky-francais.com\/wp-content\/uploads\/2017\/03\/instagram-128x128.png 128w, https:\/\/whisky-francais.com\/wp-content\/uploads\/2017\/03\/instagram.png 512w\" sizes=\"(max-width: 33px) 100vw, 33px\" \/><\/a><\/td>\n<\/tr>\n<\/tbody>\n<\/table>\n","protected":false},"excerpt":{"rendered":"<p>\u00ab Promouvoir le savoir-faire des producteurs, Mettre en avant la richesse des terroirs, Contribuer \u00e0 la formidable aventure du Whisky<\/p>\n","protected":false},"author":1,"featured_media":0,"parent":0,"menu_order":0,"comment_status":"closed","ping_status":"closed","template":"","meta":{"jetpack_post_was_ever_published":false,"footnotes":""},"class_list":["post-727","page","type-page","status-publish","hentry"],"jetpack_sharing_enabled":true,"jetpack_shortlink":"https:\/\/wp.me\/P8oZPa-bJ","jetpack-related-posts":[{"id":5561,"url":"https:\/\/whisky-francais.com\/index.php\/brasserie-des-faux-semblables\/","url_meta":{"origin":727,"position":0},"title":"Brasserie des Faux Semblables","date":"19 octobre 2020","format":false,"excerpt":"","rel":"","context":"Article similaire","img":{"alt_text":"","src":"","width":0,"height":0},"classes":[]},{"id":4214,"url":"https:\/\/whisky-francais.com\/index.php\/distilleries\/coqlicorne-company\/","url_meta":{"origin":727,"position":1},"title":"Distillerie Coqlicorne","date":"10 mars 2019","format":false,"excerpt":"La distillerie d\u00e9tient le palmar\u00e8s du plus jeune couple de producteur de whisky Fran\u00e7ais\u00a0! Laure-Anne et Liam se sont rencontr\u00e9s il y a quelques ann\u00e9es en \u00c9cosse. \ud83d\udc13 Laure-Anne, 26 ans, vient du Perche. Elle fait ses \u00e9tudes en \u00c9cosse et dans le Tennessee. C\u2019est l\u00e0 qu\u2019elle d\u00e9couvre le MOONSHINE\u2026","rel":"","context":"Article similaire","img":{"alt_text":"Coqlicorne, coqlicorne company, Liam Hope, laure-anne civet, laure anne vivet, ugo, Nogent le bernard, Nogent-le-bernard, corn whisky, whisky ma\u00c3\u00afs, whisky ma\u00c3\u00afs et orge, whisky ma\u00c3\u00afs et malt, whisky mais, whisky mais et orge, whisky mais et malt, Appalachian Pot Still, Al-Ambic, Dunnage warehouse, ch\u00c3\u00aane am\u00c3\u00a9ricain, pineau des charentes, f\u00c3\u00bbt de pineau des charentes, bourbon barrel, f\u00c3\u00bbts de Jasni\u00c3\u00a8res, f\u00c3\u00bbt de Jasni\u00c3\u00a8res, distillerie fran\u00c3\u00a7aise, whisky fran\u00c3\u00a7ais, french whisky, France, distillerie, Matthieu Acar, Xavier Brevet, Lilya Sekkal, d\u00c3\u00a9gustation, whisky, masterclass, Paris, atelier, d\u00c3\u00a9gustation, whisky Francais, whisky fran\u00c3\u00a7ais, france whisky.","src":"https:\/\/i0.wp.com\/whisky-francais.com\/wp-content\/uploads\/2019\/03\/coqlicorne_logo.jpg?resize=350%2C200","width":350,"height":200},"classes":[]},{"id":124,"url":"https:\/\/whisky-francais.com\/index.php\/distilleries\/hepp\/","url_meta":{"origin":727,"position":2},"title":"Hepp","date":"17 f\u00e9vrier 2017","format":false,"excerpt":"C'est dans la ville d'Uberach, \u00e0 30km au Nord de Strasbourg, que la famille Hepp fonda la distillerie du m\u00eame nom en 1972. Fruit d'une famille de\u00a0bouilleurs ambulants et forte d'une modernisation de ses installations en 2000,\u00a0son premier whisky verra le jour en 2007. Statut Produit et Commercialise son propre\u2026","rel":"","context":"Article similaire","img":{"alt_text":"Hepp, Uberach, Alsace, France, Ren\u00c3\u00a9 Hepp, Tharcis Hepp, Yannick Hepp, IGP, Ouisky, Single Malt, Pinot Gris, Pinot Noir, Vieille Prune, Marc de gew\u00c3\u00bcrztraminer, bourbon, eau-de-vie, liqueur, cr\u00c3\u00a8me, Meteor, orge, Christian Carl, alambic, chai, whisky, whisky Fran\u00c3\u00a7ais, French whisky, orge, distillation, Matthieu Acar, Xavier Brevet, Lilya Sekkal, d\u00c3\u00a9gustation, whisky, acad\u00c3\u00a9mie, masterclass, Paris","src":"https:\/\/i0.wp.com\/whisky-francais.com\/wp-content\/uploads\/2019\/06\/YANNICK.jpg?resize=350%2C200","width":350,"height":200},"classes":[]},{"id":5536,"url":"https:\/\/whisky-francais.com\/index.php\/distillerie-franc-tireur\/","url_meta":{"origin":727,"position":3},"title":"Distillerie Franc-Tireur","date":"16 octobre 2020","format":false,"excerpt":"\u00ab\u00a0Petit, mes parents et grands-parents m\u2019emmenaient acheter du vin chez les viticulteurs. Nous restions pendant des heures \u00e0 visiter les chais et \u00e0 tout go\u00fbter avant de repartir le coffre plein de bouteilles. Je suis tomb\u00e9 dedans \u00e9tant tout jeune, mais le coup de foudre pour les spiritueux a v\u00e9ritablement\u2026","rel":"","context":"Article similaire","img":{"alt_text":"","src":"https:\/\/i0.wp.com\/whisky-francais.com\/wp-content\/uploads\/2020\/10\/Franc-Tireur_distillerie_2020_09255.jpeg?resize=350%2C200&ssl=1","width":350,"height":200},"classes":[]},{"id":3427,"url":"https:\/\/whisky-francais.com\/index.php\/distilleries\/la-fabrique-des-bieres-danjou\/","url_meta":{"origin":727,"position":4},"title":"LA FABRIQUE DES BI\u00c8RES D&rsquo;ANJOU dite LA PIAUTRE","date":"22 f\u00e9vrier 2018","format":false,"excerpt":"La Fabrique des Bi\u00e8res d'Anjou aussi connue sous le nom de La Piautre, est une brasserie-malterie-distillerie fran\u00e7aise nich\u00e9e sur les bords de la Loire. Fier de son territoire et des ressources qui en d\u00e9coulent, Vincent Leli\u00e8vre montre une vive volont\u00e9 de ne travailler qu'avec des produits de la r\u00e9gion. \u00ab\u00a0Nous\u2026","rel":"","context":"Article similaire","img":{"alt_text":"Fabrique des Bi\u00e8res d'Anjou, brasserie, malterie, distillerie, la Gare, Loire, Vincent Leli\u00e8vre, Gilles Boudier, Yann Leroux, agriculture biologique, Single Malt, Single Malt Tourb\u00e9, Rye, orge, seigle, grand \u00e9peautre, alambic, chenin, C\u00f4teaux de l'Aubance, C\u00f4teaux du layon, whisky Fran\u00e7ais, French Whisky, malt, Matthieu Acar, Xavier Brevet, d\u00e9gustation, whisky, masterclass, acad\u00e9mie, Paris, atelier, d\u00e9gustation, whisky","src":"https:\/\/i0.wp.com\/whisky-francais.com\/wp-content\/uploads\/2018\/02\/05-Logos-La-Piautre.jpg?resize=350%2C200&ssl=1","width":350,"height":200},"classes":[]},{"id":2246,"url":"https:\/\/whisky-francais.com\/index.php\/distilleries\/maison-daucourt-bastille-1789\/","url_meta":{"origin":727,"position":5},"title":"Maison Daucourt (Bastille 1789)","date":"14 juillet 2017","format":false,"excerpt":"Forte d'une reconnaissance de son savoir-faire \u00e0 l'international, la Maison Daucourt propose d\u00e9sormais son whisky \"Bastille\" sur le march\u00e9 hexagonal. Statut Produit et commercialise son propre whisky depuis 2010. Localisation 24 Rue des Bosquets, 16000 Angoul\u00eame 45\u00b039'18>>N \/ 0\u00b07'42>>E Volume de Production Dates Cl\u00e9s 1996: naissance du projet whisky. 2010:\u2026","rel":"","context":"Article similaire","img":{"alt_text":"Bastille 1789 Single Malt, Bastille 1789 Blended Whisky, Maison Daucourt,Jean Marc Daucourt, Edouard Daucourt, Charles Daucourt, V\u00e9ronique Daucourt-Wilkinson, Angoul\u00eame, Charentes, Cognac, France, whisky, whisky Fran\u00e7ais, French whisky, orge, distillation, Sauternes, Bourgogne, Sherry, X\u00e9r\u00e8s. Matthieu Acar, Xavier Brevet, Lilya Sekkal, d\u00e9gustation, whisky, acad\u00e9mie, masterclass, Paris, atelier, d\u00e9gustation, whisky","src":"https:\/\/i0.wp.com\/whisky-francais.com\/wp-content\/uploads\/2017\/07\/BASTILLE.jpg?resize=350%2C200&ssl=1","width":350,"height":200},"classes":[]}],"_links":{"self":[{"href":"https:\/\/whisky-francais.com\/index.php\/wp-json\/wp\/v2\/pages\/727"}],"collection":[{"href":"https:\/\/whisky-francais.com\/index.php\/wp-json\/wp\/v2\/pages"}],"about":[{"href":"https:\/\/whisky-francais.com\/index.php\/wp-json\/wp\/v2\/types\/page"}],"author":[{"embeddable":true,"href":"https:\/\/whisky-francais.com\/index.php\/wp-json\/wp\/v2\/users\/1"}],"replies":[{"embeddable":true,"href":"https:\/\/whisky-francais.com\/index.php\/wp-json\/wp\/v2\/comments?post=727"}],"version-history":[{"count":25,"href":"https:\/\/whisky-francais.com\/index.php\/wp-json\/wp\/v2\/pages\/727\/revisions"}],"predecessor-version":[{"id":5611,"href":"https:\/\/whisky-francais.com\/index.php\/wp-json\/wp\/v2\/pages\/727\/revisions\/5611"}],"wp:attachment":[{"href":"https:\/\/whisky-francais.com\/index.php\/wp-json\/wp\/v2\/media?parent=727"}],"curies":[{"name":"wp","href":"https:\/\/api.w.org\/{rel}","templated":true}]}}