{"id":7295,"date":"2024-06-16T21:38:12","date_gmt":"2024-06-16T19:38:12","guid":{"rendered":"https:\/\/whisky-francais.com\/?page_id=7295"},"modified":"2025-04-25T22:00:09","modified_gmt":"2025-04-25T20:00:09","slug":"milhoc","status":"publish","type":"page","link":"https:\/\/whisky-francais.com\/index.php\/milhoc\/","title":{"rendered":"Milh\u00f2c"},"content":{"rendered":"\n<p>Situ\u00e9 \u00e0 Sorbets, dans le Gers, le Ch\u00e2teau de Laubade est un nom bien connu des amateurs d\u2019Armagnac. R\u00e9put\u00e9 pour la qualit\u00e9 de ses eaux-de-vie, ce domaine embl\u00e9matique, fond\u00e9 \u00e0 la fin du XIXe si\u00e8cle,\u00a0 \u00e0 ajouter une nouvelle corde \u00e0 son arc : la production de whisky !\u00a0<\/p>\n<table style=\"width: 100%; height: 5781px;\" width=\"595\">\n<tbody>\n<tr style=\"height: 86px;\">\n<td style=\"height: 86px;\" width=\"180\">\n<p>Statut<\/p>\n<\/td>\n<td style=\"height: 86px;\" width=\"415\">\n<p>En production<\/p>\n<\/td>\n<\/tr>\n<tr style=\"height: 86px;\">\n<td style=\"height: 86px;\" width=\"180\">\n<p>Localisation<\/p>\n<\/td>\n<td style=\"height: 86px;\" width=\"415\">\n<p>Ch\u00e2teau de Laubade, 32110 Sorbets<\/p>\n<\/td>\n<\/tr>\n<tr style=\"height: 86px;\">\n<td style=\"height: 86px;\" width=\"180\">\n<p>Volume de Production<\/p>\n<\/td>\n<td style=\"height: 86px;\" width=\"415\">\n<p>18.000 \/ 20.000 LAP<\/p>\n<\/td>\n<\/tr>\n<tr style=\"height: 1430px;\">\n<td style=\"height: 1430px;\" width=\"180\">\n<p>Dates Cl\u00e9s<\/p>\n<\/td>\n<td style=\"height: 1430px;\" width=\"415\">\n<p>\u00b7\u00a0\u00a0\u00a0\u00a0\u00a0\u00a0 1870\u00a0: Monsieur Joseph Noulens, d\u00e9put\u00e9 puis s\u00e9nateur du Gers et ambassadeur de France en Russie fait construire le ch\u00e2teau de Laubade.<\/p>\n<p>\u00b7\u00a0\u00a0\u00a0\u00a0\u00a0\u00a0 1898\u00a0: Un incendie d\u00e9truit une grande partie du ch\u00e2teau<\/p>\n<p>\u00b7\u00a0\u00a0\u00a0\u00a0\u00a0\u00a0 1903\u00a0: Le ch\u00e2teau est reconstruit \u00e0 l\u2019identique<\/p>\n<p>\u00b7\u00a0\u00a0\u00a0\u00a0\u00a0\u00a0 1945\u00a0: Joseph Noulens d\u00e9c\u00e8de et entre 1945 et 1974 pas moins de 5 familles se succ\u00e8de pour reprendre le domaine.<\/p>\n<p>\u00b7\u00a0\u00a0\u00a0\u00a0\u00a0\u00a0 \u00a01974\u00a0: Maurice Lesgourgues, producteur de semences (dont du Ma\u00efs) dans les Landes, fait l\u2019acquisition du Ch\u00e2teau de Laubade subjugu\u00e9 par la beaut\u00e9 du lieu. Il mise tout sur l\u2019Armagnac et s\u2019impose de ne pas commercialiser de bouteilles d\u2019un \u00e2ge inf\u00e9rieur \u00e0 8 ans.<\/p>\n<p><img loading=\"lazy\" decoding=\"async\" data-attachment-id=\"7300\" data-permalink=\"https:\/\/whisky-francais.com\/index.php\/milhoc\/vignoble-laubade-vue-sur-les-pyrennees-whisky-francais\/\" data-orig-file=\"https:\/\/whisky-francais.com\/wp-content\/uploads\/2024\/06\/vignoble-laubade-vue-sur-les-pyrennees-whisky-francais.jpg\" data-orig-size=\"2073,1031\" data-comments-opened=\"0\" data-image-meta=\"{&quot;aperture&quot;:&quot;10&quot;,&quot;credit&quot;:&quot;&quot;,&quot;camera&quot;:&quot;Canon EOS 550D&quot;,&quot;caption&quot;:&quot;&quot;,&quot;created_timestamp&quot;:&quot;1711651032&quot;,&quot;copyright&quot;:&quot;&quot;,&quot;focal_length&quot;:&quot;39&quot;,&quot;iso&quot;:&quot;100&quot;,&quot;shutter_speed&quot;:&quot;0.005&quot;,&quot;title&quot;:&quot;&quot;,&quot;orientation&quot;:&quot;1&quot;}\" data-image-title=\"vignoble laubade vue sur les pyrennees whisky francais\" data-image-description=\"\" data-image-caption=\"\" data-medium-file=\"https:\/\/whisky-francais.com\/wp-content\/uploads\/2024\/06\/vignoble-laubade-vue-sur-les-pyrennees-whisky-francais-300x149.jpg\" data-large-file=\"https:\/\/whisky-francais.com\/wp-content\/uploads\/2024\/06\/vignoble-laubade-vue-sur-les-pyrennees-whisky-francais-1024x509.jpg\" class=\"alignleft size-full wp-image-7300\" src=\"https:\/\/whisky-francais.com\/wp-content\/uploads\/2024\/06\/vignoble-laubade-vue-sur-les-pyrennees-whisky-francais.jpg\" alt=\"\" width=\"2073\" height=\"1031\" srcset=\"https:\/\/whisky-francais.com\/wp-content\/uploads\/2024\/06\/vignoble-laubade-vue-sur-les-pyrennees-whisky-francais.jpg 2073w, https:\/\/whisky-francais.com\/wp-content\/uploads\/2024\/06\/vignoble-laubade-vue-sur-les-pyrennees-whisky-francais-300x149.jpg 300w, https:\/\/whisky-francais.com\/wp-content\/uploads\/2024\/06\/vignoble-laubade-vue-sur-les-pyrennees-whisky-francais-1024x509.jpg 1024w, https:\/\/whisky-francais.com\/wp-content\/uploads\/2024\/06\/vignoble-laubade-vue-sur-les-pyrennees-whisky-francais-768x382.jpg 768w, https:\/\/whisky-francais.com\/wp-content\/uploads\/2024\/06\/vignoble-laubade-vue-sur-les-pyrennees-whisky-francais-1536x764.jpg 1536w, https:\/\/whisky-francais.com\/wp-content\/uploads\/2024\/06\/vignoble-laubade-vue-sur-les-pyrennees-whisky-francais-2048x1019.jpg 2048w\" sizes=\"auto, (max-width: 2073px) 100vw, 2073px\" \/><\/p>\n<p>\u00b7\u00a0\u00a0\u00a0\u00a0\u00a0\u00a0 1982\u00a0: Premi\u00e8re bouteille commercialis\u00e9 depuis la reprise.<\/p>\n<p>\u00b7\u00a0\u00a0\u00a0\u00a0\u00a0\u00a0 1997\u00a0: Soucieux de maintenir la tradition, le ch\u00e2teau de Laubade replante un ancien c\u00e9page\u00a0:\u00a0 le Plant de graisse<\/p>\n<p>\u00b7\u00a0\u00a0\u00a0\u00a0\u00a0\u00a0 1999\u00a0: Arnaud Lesgourgues rejoint son p\u00e8re et prendra petit a petit en charge la partie Vins AOC (Graves et Madiran)<\/p>\n<p>\u00b7\u00a0\u00a0\u00a0\u00a0\u00a0\u00a0 2001\u00a0: Denis Lesgourgues, apr\u00e8s avoir dirig\u00e9 leur filiale am\u00e9ricaine, rejoint l\u2019aventure pour s\u2019occuper des spiritueux.<\/p>\n<p>\u00b7\u00a0\u00a0\u00a0\u00a0\u00a0\u00a0 Leur s\u0153ur Jeanne les rejoint en 2015 en tant que Directrice Financi\u00e8re et Administrative<\/p>\n<p>\u00b7\u00a0\u00a0\u00a0\u00a0\u00a0\u00a0 2020\u00a0:\u00a0 Pendant le confinement l\u2019id\u00e9e de produire du whisky prend forme et est rapidement concr\u00e9tis\u00e9, notamment en semant du ma\u00efs sur 17 hectares.<\/p>\n<p>\u00b7\u00a0 \u00a0 \u00a0 \u00a031 Mars 2025 : Lancement des deux premiers whisky :<em> Le premier nez<\/em> et <em>Premi\u00e8re flamme<\/em>.<\/p>\n<\/td>\n<\/tr>\n<tr style=\"height: 723px;\">\n<td style=\"height: 723px;\" width=\"180\">\u00a0<\/td>\n<td style=\"height: 723px;\" width=\"415\">\n<p>\u00b7\u00a0\u00a0\u00a0\u00a0\u00a0\u00a0 <strong>M<\/strong><strong>aurice Lesgourgues\u00a0:<\/strong> En 1974 Maurice Lesgourgues fait l\u2019acquisition du Ch\u00e2teau de Laubade et d\u00e9cide de tout miser sur l\u2019eau de vie gasconne<\/p>\n<p>\u00b7\u00a0\u00a0\u00a0\u00a0\u00a0\u00a0 <strong>Jean-Jacques Lesgourgues\u00a0:<\/strong> Deuxi\u00e8me g\u00e9n\u00e9ration. Il hisse Laubade au premier plan en France et d\u00e9veloppe l\u2019export et notamment l\u2019Asie.<\/p>\n<p>\u00b7\u00a0\u00a0\u00a0\u00a0\u00a0\u00a0 <strong>Troisi\u00e8me g\u00e9n\u00e9ration<\/strong><\/p>\n<p>o\u00a0\u00a0 <strong>Denis Lesgourgues\u00a0:<\/strong> Responsable des Spiritueux.<\/p>\n<p>o\u00a0\u00a0 <strong>Arnaud Lesgourgues\u00a0:<\/strong> Responsable des Vins.<\/p>\n<p>o\u00a0\u00a0 <strong>Jeanne Lesgourgues\u00a0:<\/strong> Responsable de l\u2019administratif (tr\u00e9sorerie, comptabilit\u00e9, ressources humaines etc\u2026)<\/p>\n<p>\u00b7\u00a0\u00a0\u00a0\u00a0\u00a0\u00a0 <strong>Fran\u00e7ois Laura<\/strong>\u00a0: Directeur et \u0153nologue<\/p>\n<p>+ une \u00e9quipe de 20 personnes \u00e0 temps plein.<\/p>\n<p>\u00a0<\/p>\n<\/td>\n<\/tr>\n<tr style=\"height: 642px;\">\n<td style=\"height: 642px;\" width=\"180\">\n<p>Gamme<\/p>\n<\/td>\n<td style=\"height: 642px;\" width=\"415\">\n<p>Toute la gamme des Armagnacs de Laubade bien entendu\u00a0!<\/p>\n<p>Cot\u00e9 whisky, c\u2019est sous la marque Milh\u00f2c que le ch\u00e2teau commercialise ses diff\u00e9rentes expressions.<\/p>\n<p>Milh\u00f2c Premi\u00e8re flamme : 50% Us char 3 et 4 + ex Armagnac<\/p>\n<p>Milh\u00f2c Le Premier Nez 45% : ch\u00eane neuf, ex bourbon et ex armagnac<\/p>\n<p><img loading=\"lazy\" decoding=\"async\" data-attachment-id=\"7884\" data-permalink=\"https:\/\/whisky-francais.com\/index.php\/milhoc\/milhoc-whisky-francais-laubade\/\" data-orig-file=\"https:\/\/whisky-francais.com\/wp-content\/uploads\/2025\/04\/milhoc-whisky-francais-laubade.jpg\" data-orig-size=\"1862,1036\" data-comments-opened=\"0\" data-image-meta=\"{&quot;aperture&quot;:&quot;0&quot;,&quot;credit&quot;:&quot;&quot;,&quot;camera&quot;:&quot;&quot;,&quot;caption&quot;:&quot;&quot;,&quot;created_timestamp&quot;:&quot;0&quot;,&quot;copyright&quot;:&quot;&quot;,&quot;focal_length&quot;:&quot;0&quot;,&quot;iso&quot;:&quot;0&quot;,&quot;shutter_speed&quot;:&quot;0&quot;,&quot;title&quot;:&quot;&quot;,&quot;orientation&quot;:&quot;1&quot;}\" data-image-title=\"milhoc whisky francais laubade\" data-image-description=\"\" data-image-caption=\"\" data-medium-file=\"https:\/\/whisky-francais.com\/wp-content\/uploads\/2025\/04\/milhoc-whisky-francais-laubade-300x167.jpg\" data-large-file=\"https:\/\/whisky-francais.com\/wp-content\/uploads\/2025\/04\/milhoc-whisky-francais-laubade-1024x570.jpg\" class=\"aligncenter size-large wp-image-7884\" src=\"https:\/\/whisky-francais.com\/wp-content\/uploads\/2025\/04\/milhoc-whisky-francais-laubade-1024x570.jpg\" alt=\"\" width=\"840\" height=\"468\" srcset=\"https:\/\/whisky-francais.com\/wp-content\/uploads\/2025\/04\/milhoc-whisky-francais-laubade-1024x570.jpg 1024w, https:\/\/whisky-francais.com\/wp-content\/uploads\/2025\/04\/milhoc-whisky-francais-laubade-300x167.jpg 300w, https:\/\/whisky-francais.com\/wp-content\/uploads\/2025\/04\/milhoc-whisky-francais-laubade-768x427.jpg 768w, https:\/\/whisky-francais.com\/wp-content\/uploads\/2025\/04\/milhoc-whisky-francais-laubade-1536x855.jpg 1536w, https:\/\/whisky-francais.com\/wp-content\/uploads\/2025\/04\/milhoc-whisky-francais-laubade-360x200.jpg 360w, https:\/\/whisky-francais.com\/wp-content\/uploads\/2025\/04\/milhoc-whisky-francais-laubade.jpg 1862w\" sizes=\"auto, (max-width: 840px) 100vw, 840px\" \/><\/p>\n<\/td>\n<\/tr>\n<tr style=\"height: 86px;\">\n<td style=\"height: 86px;\" width=\"180\">\n<p>Eau<\/p>\n<\/td>\n<td style=\"height: 86px;\" width=\"415\">\n<p>L\u2019eau du r\u00e9seau local de la ville de Nogaro, issue des sources locales.<\/p>\n<\/td>\n<\/tr>\n<tr style=\"height: 815px;\">\n<td style=\"height: 815px;\" width=\"180\">\n<p>C\u00e9r\u00e9ale(s)<\/p>\n<\/td>\n<td style=\"height: 815px;\" width=\"415\">\n<p>Le ch\u00e2teau dispose de 100 hectares de vignes, 50 hectares de bois et foret dont 15 de ch\u00eane sessile et p\u00e9doncul\u00e9. Pour le whisky, la distillerie s\u2019appuie sur deux c\u00e9r\u00e9ales :\u00a0<\/p>\n<p><strong>Ma\u00efs\u00a0:<\/strong>\u00a0 Soucieux de s\u2019inscrire dans son terroir, le ch\u00e2teau de Laubade s\u00e8me 17 hectares de Ma\u00efs du sud-ouest. L\u2019\u00e9quipe s\u00e9lectionne une vari\u00e9t\u00e9 pr\u00e9coce afin de semer t\u00f4t dans la saison et de ne pas avoir \u00e0 irriguer les cultures.<\/p>\n<p><strong>Orge\u00a0:<\/strong> Aujourd\u2019hui Milh\u00f2c est fabriqu\u00e9 avec un m\u00e9lange ma\u00efs et orge mais le ch\u00e2teau ne s\u2019interdit rien (Peut-\u00eatre un jour un 100% ma\u00efs, un whisky de seigle etc\u2026) . Pour l&rsquo;orge il s&rsquo;agit d&rsquo;Orge d\u2019hiver (Faro ou Etincelle) et de printemps (Laur\u00e9ate)<\/p>\n<p>\u00a0<\/p>\n<blockquote>\n<p><em>On ne vise pas une copie d\u2019un bourbon mais quelque chose de singulier, a l\u2019image de notre terroir.<\/em><\/p>\n<p style=\"text-align: right;\"><em>Denis Lesgourgues<\/em><\/p>\n<\/blockquote>\n<p>\u00a0<\/p>\n<\/td>\n<\/tr>\n<tr style=\"height: 270px;\">\n<td style=\"height: 270px;\" width=\"180\">\n<p>Brassage\/Fermentation<\/p>\n<\/td>\n<td style=\"height: 270px;\" width=\"415\">\n<p>Le ch\u00e2teau de Laubade travaille avec diff\u00e9rents prestataires pour la fabrication de son Wash. Notamment la brasserie Meteor puis, plus r\u00e9cemment, la brasserie Salem \u00e0 Angoul\u00eame et Bercloux en Charente.<\/p>\n<p>Environ 5 \u00e0 7 jours de fermentation autour de 25\u00b0C.<\/p>\n<p>Le wash titre g\u00e9n\u00e9ralement entre 8,5% et 9% alc.<\/p>\n<\/td>\n<\/tr>\n<tr style=\"height: 448px;\">\n<td style=\"height: 448px;\" width=\"180\">\n<p>Alambics<\/p>\n<\/td>\n<td style=\"height: 448px;\" width=\"415\">\n<p>Alambic Armagnacais SOFAC (Condom dans le Gers) construit sur mesure en 1974<\/p>\n<p><img loading=\"lazy\" decoding=\"async\" data-attachment-id=\"7301\" data-permalink=\"https:\/\/whisky-francais.com\/index.php\/milhoc\/alambic-sofac-milhoc-whisky-francais-armagnacais\/\" data-orig-file=\"https:\/\/whisky-francais.com\/wp-content\/uploads\/2024\/06\/Alambic-sofac-milhoc-whisky-francais-armagnacais.jpg\" data-orig-size=\"2073,1129\" data-comments-opened=\"0\" data-image-meta=\"{&quot;aperture&quot;:&quot;3.5&quot;,&quot;credit&quot;:&quot;&quot;,&quot;camera&quot;:&quot;Canon EOS 550D&quot;,&quot;caption&quot;:&quot;&quot;,&quot;created_timestamp&quot;:&quot;1711651933&quot;,&quot;copyright&quot;:&quot;&quot;,&quot;focal_length&quot;:&quot;18&quot;,&quot;iso&quot;:&quot;320&quot;,&quot;shutter_speed&quot;:&quot;0.033333333333333&quot;,&quot;title&quot;:&quot;&quot;,&quot;orientation&quot;:&quot;1&quot;}\" data-image-title=\"Alambic sofac milhoc whisky francais armagnacais\" data-image-description=\"\" data-image-caption=\"\" data-medium-file=\"https:\/\/whisky-francais.com\/wp-content\/uploads\/2024\/06\/Alambic-sofac-milhoc-whisky-francais-armagnacais-300x163.jpg\" data-large-file=\"https:\/\/whisky-francais.com\/wp-content\/uploads\/2024\/06\/Alambic-sofac-milhoc-whisky-francais-armagnacais-1024x558.jpg\" class=\"alignleft size-full wp-image-7301\" src=\"https:\/\/whisky-francais.com\/wp-content\/uploads\/2024\/06\/Alambic-sofac-milhoc-whisky-francais-armagnacais.jpg\" alt=\"\" width=\"2073\" height=\"1129\" srcset=\"https:\/\/whisky-francais.com\/wp-content\/uploads\/2024\/06\/Alambic-sofac-milhoc-whisky-francais-armagnacais.jpg 2073w, https:\/\/whisky-francais.com\/wp-content\/uploads\/2024\/06\/Alambic-sofac-milhoc-whisky-francais-armagnacais-300x163.jpg 300w, https:\/\/whisky-francais.com\/wp-content\/uploads\/2024\/06\/Alambic-sofac-milhoc-whisky-francais-armagnacais-1024x558.jpg 1024w, https:\/\/whisky-francais.com\/wp-content\/uploads\/2024\/06\/Alambic-sofac-milhoc-whisky-francais-armagnacais-768x418.jpg 768w, https:\/\/whisky-francais.com\/wp-content\/uploads\/2024\/06\/Alambic-sofac-milhoc-whisky-francais-armagnacais-1536x837.jpg 1536w, https:\/\/whisky-francais.com\/wp-content\/uploads\/2024\/06\/Alambic-sofac-milhoc-whisky-francais-armagnacais-2048x1115.jpg 2048w\" sizes=\"auto, (max-width: 2073px) 100vw, 2073px\" \/><\/p>\n<\/td>\n<\/tr>\n<tr style=\"height: 86px;\">\n<td style=\"height: 86px;\" width=\"180\">\n<p>Distillation<\/p>\n<\/td>\n<td style=\"height: 86px;\" width=\"415\">\n<p>Une seule distillation \u00ab\u00a0armagnacaise\u00a0\u00bb en continu<\/p>\n<\/td>\n<\/tr>\n<tr style=\"height: 86px;\">\n<td style=\"height: 86px;\" width=\"180\">\n<p>Type de chai<\/p>\n<\/td>\n<td style=\"height: 86px;\" width=\"415\">\n<p>7 chais allants de sec \u00e0 semi-humide voire plus humide<\/p>\n<\/td>\n<\/tr>\n<tr style=\"height: 593px;\">\n<td style=\"height: 593px;\" width=\"180\">\n<p>F\u00fbt(s)<\/p>\n<\/td>\n<td style=\"height: 593px;\" width=\"415\">\n<p>Ex-fut d\u2019Armagnac bien entendu\u00a0!<\/p>\n<p>Fut neuf (ch\u00eane fran\u00e7ais de diff\u00e9rents grains, ch\u00eane am\u00e9ricain) avec des chauffes vari\u00e9es dont du charred 3 et 4.<\/p>\n<p>Fut de bourbon<\/p>\n<p><img loading=\"lazy\" decoding=\"async\" data-attachment-id=\"7299\" data-permalink=\"https:\/\/whisky-francais.com\/index.php\/milhoc\/milhoc-whisky-francais-fut-char-4-us\/\" data-orig-file=\"https:\/\/whisky-francais.com\/wp-content\/uploads\/2024\/06\/milhoc-whisky-francais-fut-char-4-us.jpg\" data-orig-size=\"2534,1498\" data-comments-opened=\"0\" data-image-meta=\"{&quot;aperture&quot;:&quot;3.5&quot;,&quot;credit&quot;:&quot;&quot;,&quot;camera&quot;:&quot;Canon EOS 550D&quot;,&quot;caption&quot;:&quot;&quot;,&quot;created_timestamp&quot;:&quot;1711654967&quot;,&quot;copyright&quot;:&quot;&quot;,&quot;focal_length&quot;:&quot;18&quot;,&quot;iso&quot;:&quot;3200&quot;,&quot;shutter_speed&quot;:&quot;0.04&quot;,&quot;title&quot;:&quot;&quot;,&quot;orientation&quot;:&quot;1&quot;}\" data-image-title=\"milhoc whisky francais fut char 4 us\" data-image-description=\"\" data-image-caption=\"\" data-medium-file=\"https:\/\/whisky-francais.com\/wp-content\/uploads\/2024\/06\/milhoc-whisky-francais-fut-char-4-us-300x177.jpg\" data-large-file=\"https:\/\/whisky-francais.com\/wp-content\/uploads\/2024\/06\/milhoc-whisky-francais-fut-char-4-us-1024x605.jpg\" class=\"alignleft size-full wp-image-7299\" src=\"https:\/\/whisky-francais.com\/wp-content\/uploads\/2024\/06\/milhoc-whisky-francais-fut-char-4-us.jpg\" alt=\"\" width=\"2534\" height=\"1498\" srcset=\"https:\/\/whisky-francais.com\/wp-content\/uploads\/2024\/06\/milhoc-whisky-francais-fut-char-4-us.jpg 2534w, https:\/\/whisky-francais.com\/wp-content\/uploads\/2024\/06\/milhoc-whisky-francais-fut-char-4-us-300x177.jpg 300w, https:\/\/whisky-francais.com\/wp-content\/uploads\/2024\/06\/milhoc-whisky-francais-fut-char-4-us-1024x605.jpg 1024w, https:\/\/whisky-francais.com\/wp-content\/uploads\/2024\/06\/milhoc-whisky-francais-fut-char-4-us-768x454.jpg 768w, https:\/\/whisky-francais.com\/wp-content\/uploads\/2024\/06\/milhoc-whisky-francais-fut-char-4-us-1536x908.jpg 1536w, https:\/\/whisky-francais.com\/wp-content\/uploads\/2024\/06\/milhoc-whisky-francais-fut-char-4-us-2048x1211.jpg 2048w\" sizes=\"auto, (max-width: 2534px) 100vw, 2534px\" \/><\/p>\n<\/td>\n<\/tr>\n<tr style=\"height: 86px;\">\n<td style=\"height: 86px;\" width=\"180\">\n<p>Donn\u00e9es Territoriales<\/p>\n<\/td>\n<td style=\"height: 86px;\" width=\"415\">\n<p>\u00a0Climat oc\u00e9anique temp\u00e9r\u00e9. Altitude\u00a0: 160m.<\/p>\n<\/td>\n<\/tr>\n<tr style=\"height: 86px;\">\n<td style=\"height: 86px;\" width=\"180\">\n<p>Notes<\/p>\n<\/td>\n<td style=\"height: 86px;\" width=\"415\">\u00a0<\/td>\n<\/tr>\n<tr style=\"height: 86px;\">\n<td style=\"height: 86px;\" width=\"180\">\n<p>Site Web<\/p>\n<\/td>\n<td style=\"height: 86px;\" width=\"415\">\n<p><a href=\"http:\/\/www.whiskymilhoc.com\">www.whiskymilhoc.com<\/a><\/p>\n<\/td>\n<\/tr>\n<tr style=\"height: 86px;\">\n<td style=\"height: 86px;\" width=\"180\">\n<p>\u00a0<\/p>\n<\/td>\n<td style=\"height: 86px;\" width=\"415\">\n<p>\u00a0<\/p>\n<\/td>\n<\/tr>\n<\/tbody>\n<\/table>\n<p><img loading=\"lazy\" decoding=\"async\" data-attachment-id=\"7298\" data-permalink=\"https:\/\/whisky-francais.com\/index.php\/milhoc\/chateau-de-laubade-milhoc-batiment-whisky-francais\/\" data-orig-file=\"https:\/\/whisky-francais.com\/wp-content\/uploads\/2024\/06\/Chateau-de-laubade-Milhoc-batiment-whisky-francais.jpg\" data-orig-size=\"2491,1459\" data-comments-opened=\"0\" data-image-meta=\"{&quot;aperture&quot;:&quot;7.1&quot;,&quot;credit&quot;:&quot;&quot;,&quot;camera&quot;:&quot;Canon EOS 550D&quot;,&quot;caption&quot;:&quot;&quot;,&quot;created_timestamp&quot;:&quot;1711650897&quot;,&quot;copyright&quot;:&quot;&quot;,&quot;focal_length&quot;:&quot;20&quot;,&quot;iso&quot;:&quot;100&quot;,&quot;shutter_speed&quot;:&quot;0.008&quot;,&quot;title&quot;:&quot;&quot;,&quot;orientation&quot;:&quot;1&quot;}\" data-image-title=\"Chateau de laubade Milhoc batiment whisky francais\" data-image-description=\"\" data-image-caption=\"\" data-medium-file=\"https:\/\/whisky-francais.com\/wp-content\/uploads\/2024\/06\/Chateau-de-laubade-Milhoc-batiment-whisky-francais-300x176.jpg\" data-large-file=\"https:\/\/whisky-francais.com\/wp-content\/uploads\/2024\/06\/Chateau-de-laubade-Milhoc-batiment-whisky-francais-1024x600.jpg\" class=\"aligncenter size-large wp-image-7298\" src=\"https:\/\/whisky-francais.com\/wp-content\/uploads\/2024\/06\/Chateau-de-laubade-Milhoc-batiment-whisky-francais-1024x600.jpg\" alt=\"\" width=\"840\" height=\"492\" srcset=\"https:\/\/whisky-francais.com\/wp-content\/uploads\/2024\/06\/Chateau-de-laubade-Milhoc-batiment-whisky-francais-1024x600.jpg 1024w, https:\/\/whisky-francais.com\/wp-content\/uploads\/2024\/06\/Chateau-de-laubade-Milhoc-batiment-whisky-francais-300x176.jpg 300w, https:\/\/whisky-francais.com\/wp-content\/uploads\/2024\/06\/Chateau-de-laubade-Milhoc-batiment-whisky-francais-768x450.jpg 768w, https:\/\/whisky-francais.com\/wp-content\/uploads\/2024\/06\/Chateau-de-laubade-Milhoc-batiment-whisky-francais-1536x900.jpg 1536w, https:\/\/whisky-francais.com\/wp-content\/uploads\/2024\/06\/Chateau-de-laubade-Milhoc-batiment-whisky-francais-2048x1200.jpg 2048w\" sizes=\"auto, (max-width: 840px) 100vw, 840px\" \/><\/p>\n<p>\u00a0<\/p>\n","protected":false},"excerpt":{"rendered":"<p>Situ\u00e9 \u00e0 Sorbets, dans le Gers, le Ch\u00e2teau de Laubade est un nom bien connu des amateurs d\u2019Armagnac. R\u00e9put\u00e9 pour<\/p>\n","protected":false},"author":1,"featured_media":7886,"parent":0,"menu_order":0,"comment_status":"closed","ping_status":"closed","template":"","meta":{"jetpack_post_was_ever_published":false,"footnotes":""},"class_list":["post-7295","page","type-page","status-publish","has-post-thumbnail","hentry"],"jetpack_sharing_enabled":true,"jetpack_shortlink":"https:\/\/wp.me\/P8oZPa-1TF","jetpack-related-posts":[{"id":56,"url":"https:\/\/whisky-francais.com\/index.php\/distilleries\/","url_meta":{"origin":7295,"position":0},"title":"Producteurs \/ Distilleries","date":"11 f\u00e9vrier 2017","format":false,"excerpt":"Auvergne-Rh\u00f4ne-Alpes Distillerie du Drac Distillerie des Bughes Distillerie du Vercors Domaine des Hautes Glaces Distillerie des Hautes Terres AlpSpirits (ferm\u00e9e) Monsieur Balthazar Mont Blanc Ninkasi O\u2019Baptiste (Ne produit plus de whisky) Bourgogne-Franche-Comt\u00e9 Br\u00fblerie du Revermont Michel Couvreur Rouget de Lisle Bretagne La Bambelle Distillerie des Menhirs Distillerie FDC (Bale Bro)\u2026","rel":"","context":"Article similaire","img":{"alt_text":"","src":"","width":0,"height":0},"classes":[]},{"id":6768,"url":"https:\/\/whisky-francais.com\/index.php\/chateau-du-barroux\/","url_meta":{"origin":7295,"position":1},"title":"Ch\u00e2teau du Barroux","date":"8 juillet 2023","format":false,"excerpt":"Une seconde distillerie de whisky a \u00e9t\u00e9 inaugur\u00e9e en 2021 dans la r\u00e9gion Provence-Alpes-C\u00f4te d'Azur. Le ch\u00e2teau du Barroux, situ\u00e9 dans le Vaucluse, a une histoire mouvement\u00e9e, passant par diff\u00e9rentes p\u00e9riodes d'abandon et de r\u00e9novation. En 2020, Jean-Baptiste Vayson et sa femme Fanny d\u00e9cident de redonner vie au ch\u00e2teau et\u2026","rel":"","context":"Article similaire","img":{"alt_text":"","src":"https:\/\/i0.wp.com\/whisky-francais.com\/wp-content\/uploads\/2023\/07\/logo-distillerie-chateau-du-Barroux-whisky-Francais.png?resize=350%2C200&ssl=1","width":350,"height":200},"classes":[]},{"id":5923,"url":"https:\/\/whisky-francais.com\/index.php\/chateau-du-breuil\/","url_meta":{"origin":7295,"position":2},"title":"Ch\u00e2teau du Breuil","date":"28 f\u00e9vrier 2021","format":false,"excerpt":"Situ\u00e9 \u00e0 Breuil-en-auge en Normandie, le ch\u00e2teau du Breuil est r\u00e9put\u00e9 pour la qualit\u00e9 de ses Calvados. Depuis peu, et en toute discr\u00e9tion, la distillerie s'est lanc\u00e9e dans la production d\u2019un whisky fran\u00e7ais hautement qualitatif. Pour ce projet, rien n\u2019a \u00e9t\u00e9 laiss\u00e9 au hasard et tout d\u00e9coule du choix de\u2026","rel":"","context":"Article similaire","img":{"alt_text":"","src":"https:\/\/i0.wp.com\/whisky-francais.com\/wp-content\/uploads\/2021\/02\/chateau-du-breuil-whisky-francais-Matthieu-ACAR-1.jpg?resize=350%2C200&ssl=1","width":350,"height":200},"classes":[]},{"id":4056,"url":"https:\/\/whisky-francais.com\/index.php\/distilleries\/moon-harbour\/","url_meta":{"origin":7295,"position":3},"title":"Moon Harbour","date":"31 janvier 2019","format":false,"excerpt":"Passionn\u00e9s de whisky et entrepreneurs chevronn\u00e9s, Yves M\u00e9dina et Jean Philippe Ballanger s\u2019unissent en 2014 autour d\u2019un projet unique : r\u00e9am\u00e9nager un ancien bunker pour y installer une distillerie\u00a0! Trois ans plus tard, Moon Harbour ouvre ses portes. Pour Bordeaux, c\u2019est le d\u00e9but d\u2019un nouveau chapitre\u00a0: la ville compte d\u00e9sormais\u2026","rel":"","context":"Article similaire","img":{"alt_text":"","src":"https:\/\/i0.wp.com\/whisky-francais.com\/wp-content\/uploads\/2019\/01\/MOONHARBOUR2-min.jpg?resize=350%2C200","width":350,"height":200},"classes":[]},{"id":6347,"url":"https:\/\/whisky-francais.com\/index.php\/samalens\/","url_meta":{"origin":7295,"position":4},"title":"Samalens","date":"27 avril 2022","format":false,"excerpt":"Si l\u2019histoire du whisky Fran\u00e7ais est plut\u00f4t r\u00e9cente, la maitrise de la distillation et du vieillissement est bien ant\u00e9rieure. En 1310, Ma\u00eetre Vital Dufour, Prieur d'Eauze et de Saint Mont, fait l\u2019apologie de l\u2019Armagnac dans son ouvrage \u00ab pour garder la sant\u00e9 et rester en bonne forme \u00bb\u00a0 Cet \u00e9crit\u2026","rel":"","context":"Article similaire","img":{"alt_text":"","src":"https:\/\/i0.wp.com\/whisky-francais.com\/wp-content\/uploads\/2022\/04\/logo-tchankat-noir.png?resize=350%2C200&ssl=1","width":350,"height":200},"classes":[]},{"id":4093,"url":"https:\/\/whisky-francais.com\/index.php\/distilleries\/landas\/","url_meta":{"origin":7295,"position":5},"title":"Landa&rsquo;s","date":"5 f\u00e9vrier 2019","format":false,"excerpt":"Derni\u00e8re mise \u00e0 jour : Aout 2024 La distillerie Landa\u2019s \u00e0 ouvert ses portes en Mai 2019 avec Mathieu Recoules \u00e0 sa t\u00eate. L\u2019aboutissement de ce projet, initi\u00e9 en 2017, perp\u00e9tue une tradition distillatoire familiale vieille de plus de soixante ans. Statut Distillerie en production Localisation \ud83d\udceb\u00a04 rue des Artisans,\u2026","rel":"","context":"Article similaire","img":{"alt_text":"Landa's, Mathieu Recoules, Lestrade-et-Thouels, Justin Thiers, Raoul Thiers, whisky de grain, orge malt\u00e9e, ma\u00efs, gin, vodka, pastis, alambic Sofac, Kovodel, whisky fran\u00e7ais, french whisky, whisky France, distillerie, Matthieu Acar, Xavier Brevet, Lilya Sekkal, d\u00e9gustation, whisky, masterclass, Paris, atelier, d\u00e9gustation","src":"https:\/\/i0.wp.com\/whisky-francais.com\/wp-content\/uploads\/2019\/02\/DISTiLLERIE.jpg?resize=350%2C200&ssl=1","width":350,"height":200},"classes":[]}],"_links":{"self":[{"href":"https:\/\/whisky-francais.com\/index.php\/wp-json\/wp\/v2\/pages\/7295","targetHints":{"allow":["GET"]}}],"collection":[{"href":"https:\/\/whisky-francais.com\/index.php\/wp-json\/wp\/v2\/pages"}],"about":[{"href":"https:\/\/whisky-francais.com\/index.php\/wp-json\/wp\/v2\/types\/page"}],"author":[{"embeddable":true,"href":"https:\/\/whisky-francais.com\/index.php\/wp-json\/wp\/v2\/users\/1"}],"replies":[{"embeddable":true,"href":"https:\/\/whisky-francais.com\/index.php\/wp-json\/wp\/v2\/comments?post=7295"}],"version-history":[{"count":9,"href":"https:\/\/whisky-francais.com\/index.php\/wp-json\/wp\/v2\/pages\/7295\/revisions"}],"predecessor-version":[{"id":7890,"href":"https:\/\/whisky-francais.com\/index.php\/wp-json\/wp\/v2\/pages\/7295\/revisions\/7890"}],"wp:featuredmedia":[{"embeddable":true,"href":"https:\/\/whisky-francais.com\/index.php\/wp-json\/wp\/v2\/media\/7886"}],"wp:attachment":[{"href":"https:\/\/whisky-francais.com\/index.php\/wp-json\/wp\/v2\/media?parent=7295"}],"curies":[{"name":"wp","href":"https:\/\/api.w.org\/{rel}","templated":true}]}}