{"id":7367,"date":"2024-08-02T16:58:46","date_gmt":"2024-08-02T14:58:46","guid":{"rendered":"https:\/\/whisky-francais.com\/?page_id=7367"},"modified":"2024-08-02T16:58:46","modified_gmt":"2024-08-02T14:58:46","slug":"domaine-de-la-peze","status":"publish","type":"page","link":"https:\/\/whisky-francais.com\/index.php\/domaine-de-la-peze\/","title":{"rendered":"Domaine de la P\u00e8ze"},"content":{"rendered":"\n<p><\/p>\n<p>L\u2019histoire commence lorsque Charles, travaillant dans le domaine viticole \u00e0 l\u2019export revient du Cambodge en 2018 avec l\u2019intention de diversifier les activit\u00e9s du domaine Familial. \u00c0 cette \u00e9poque, le domaine de la P\u00e8ze est avant tout consacr\u00e9 \u00e0 l\u2019\u00e9levage de daim mais, afin d\u2019\u00eatre autonome en fourrage et en alimentation pour les animaux, le domaine dispose d\u00e9j\u00e0 d\u2019une poign\u00e9e d\u2019hectares d\u00e9volus \u00e0 la culture de l\u2019orge.<\/p>\n<p> <\/p>\n<p>Il ne faudra pas longtemps \u00e0 Charles et \u00e0 sa femme Barbara, tous deux amateurs de single malt, pour avoir l\u2019id\u00e9e d\u2019exploiter ses c\u00e9r\u00e9ales pour la production de whisky\u00a0!<\/p>\n<p><img loading=\"lazy\" decoding=\"async\" data-attachment-id=\"7368\" data-permalink=\"https:\/\/whisky-francais.com\/index.php\/domaine-de-la-peze\/daim-au-domaine-de-la-peze-whisky-francais-moyssou\/\" data-orig-file=\"https:\/\/whisky-francais.com\/wp-content\/uploads\/2024\/08\/Daim-au-domaine-de-la-peze-whisky-francais-moyssou.jpg\" data-orig-size=\"1439,914\" data-comments-opened=\"0\" data-image-meta=\"{&quot;aperture&quot;:&quot;0&quot;,&quot;credit&quot;:&quot;&quot;,&quot;camera&quot;:&quot;&quot;,&quot;caption&quot;:&quot;&quot;,&quot;created_timestamp&quot;:&quot;0&quot;,&quot;copyright&quot;:&quot;&quot;,&quot;focal_length&quot;:&quot;0&quot;,&quot;iso&quot;:&quot;0&quot;,&quot;shutter_speed&quot;:&quot;0&quot;,&quot;title&quot;:&quot;&quot;,&quot;orientation&quot;:&quot;1&quot;}\" data-image-title=\"Daim au domaine de la peze whisky francais moyssou\" data-image-description=\"\" data-image-caption=\"\" data-medium-file=\"https:\/\/whisky-francais.com\/wp-content\/uploads\/2024\/08\/Daim-au-domaine-de-la-peze-whisky-francais-moyssou-300x191.jpg\" data-large-file=\"https:\/\/whisky-francais.com\/wp-content\/uploads\/2024\/08\/Daim-au-domaine-de-la-peze-whisky-francais-moyssou-1024x650.jpg\" class=\"alignright size-full wp-image-7368\" src=\"https:\/\/whisky-francais.com\/wp-content\/uploads\/2024\/08\/Daim-au-domaine-de-la-peze-whisky-francais-moyssou.jpg\" alt=\"\" width=\"1439\" height=\"914\" srcset=\"https:\/\/whisky-francais.com\/wp-content\/uploads\/2024\/08\/Daim-au-domaine-de-la-peze-whisky-francais-moyssou.jpg 1439w, https:\/\/whisky-francais.com\/wp-content\/uploads\/2024\/08\/Daim-au-domaine-de-la-peze-whisky-francais-moyssou-300x191.jpg 300w, https:\/\/whisky-francais.com\/wp-content\/uploads\/2024\/08\/Daim-au-domaine-de-la-peze-whisky-francais-moyssou-1024x650.jpg 1024w, https:\/\/whisky-francais.com\/wp-content\/uploads\/2024\/08\/Daim-au-domaine-de-la-peze-whisky-francais-moyssou-768x488.jpg 768w\" sizes=\"(max-width: 1439px) 100vw, 1439px\" \/><\/p>\n<p><strong>\u00a0<\/strong><\/p>\n<table width=\"595\">\n<tbody>\n<tr>\n<td width=\"180\">\n<p>Statut<\/p>\n<\/td>\n<td width=\"415\">\n<p>En production<\/p>\n<\/td>\n<\/tr>\n<tr>\n<td width=\"180\">\n<p>Localisation<\/p>\n<\/td>\n<td width=\"415\">\n<p>La P\u00e8ze &#8211; 12200 Savignac<\/p>\n<\/td>\n<\/tr>\n<tr>\n<td width=\"180\">\n<p>Volume de Production<\/p>\n<\/td>\n<td width=\"415\">\n<p>La premi\u00e8re ann\u00e9e, le Domaine de la P\u00e8ze a produit l\u2019\u00e9quivalent de 1000 bouteilles. \u00c0 terme, la distillerie vise un rythme de croisi\u00e8re avoisinant les 10 000 bouteilles par an.<\/p>\n<\/td>\n<\/tr>\n<tr>\n<td width=\"180\">\n<p>Dates Cl\u00e9s<\/p>\n<\/td>\n<td width=\"415\">\n<p>A l\u2019origine, le Domaine de la P\u00e8ze se concentre sur l\u2019\u00e9levage. D\u2019abord des vaches puis des brebis et dans les ann\u00e9es 80, faute de temps, Laurence Cagnat d\u00e9cide de passer \u00e0 l\u2019\u00e9levage de Daim. Effectivement, ces animaux, quasi sauvages, demandent peu d\u2019intervention humaine.<\/p>\n<p>Lorsque Charles, repr\u00e9sentant de la 14eme g\u00e9n\u00e9ration, revient du Cambodge en 2018, le domaine est autonome en fourrage et en c\u00e9r\u00e9ales pour l\u2019alimentation des daims. Cherchant \u00e0 se diversifier, l\u2019id\u00e9e d\u2019exploiter 3 hectares de c\u00e9r\u00e9ales suppl\u00e9mentaires pour la production de whisky s\u2019impose\u00a0rapidement\u00a0!<\/p>\n<p><strong>2019\u00a0:<\/strong> Premi\u00e8re semence d\u2019orge destin\u00e9 \u00e0 la production de whisky.<\/p>\n<p><strong>2020\u00a0:<\/strong> Premi\u00e8re r\u00e9colte compl\u00e9t\u00e9e par l\u2019achat d\u2019orge a la malterie du ch\u00e2teau.<\/p>\n<p><strong>2021\u00a0:<\/strong> Premi\u00e8re distillation avec Mathieu Recoules \u00e0 la distillerie Landa\u2019s<\/p>\n<p><strong>2022\u00a0:<\/strong> Achat de son propre alambic \u00e0 colonne aupr\u00e8s de la SOFAC.<\/p>\n<p><strong>2023\u00a0(F\u00e9vrier)\u00a0: <\/strong>Premi\u00e8re distillation au domaine de la P\u00e8ze.<\/p>\n<p><strong>2024\u00a0:<\/strong> Installation de la brasserie sur site.<\/p>\n<\/td>\n<\/tr>\n<tr>\n<td width=\"180\">\n<p>Personnages Cl\u00e9s<\/p>\n<\/td>\n<td width=\"415\">\n<p>Charles et Barbara Cagnat<\/p>\n<p><img loading=\"lazy\" decoding=\"async\" data-attachment-id=\"7373\" data-permalink=\"https:\/\/whisky-francais.com\/index.php\/domaine-de-la-peze\/charles-et-barbara-cagnat-domaine-de-la-peze-whisky-francais-france\/\" data-orig-file=\"https:\/\/whisky-francais.com\/wp-content\/uploads\/2024\/08\/Charles-et-Barbara-Cagnat-domaine-de-la-peze-whisky-francais-france.jpg\" data-orig-size=\"907,1134\" data-comments-opened=\"0\" data-image-meta=\"{&quot;aperture&quot;:&quot;1.78&quot;,&quot;credit&quot;:&quot;&quot;,&quot;camera&quot;:&quot;iPhone 14 Pro Max&quot;,&quot;caption&quot;:&quot;&quot;,&quot;created_timestamp&quot;:&quot;1704232507&quot;,&quot;copyright&quot;:&quot;&quot;,&quot;focal_length&quot;:&quot;6.86&quot;,&quot;iso&quot;:&quot;500&quot;,&quot;shutter_speed&quot;:&quot;0.04&quot;,&quot;title&quot;:&quot;&quot;,&quot;orientation&quot;:&quot;1&quot;}\" data-image-title=\"Charles et Barbara Cagnat domaine de la p\u00e8ze whisky francais france\" data-image-description=\"\" data-image-caption=\"\" data-medium-file=\"https:\/\/whisky-francais.com\/wp-content\/uploads\/2024\/08\/Charles-et-Barbara-Cagnat-domaine-de-la-peze-whisky-francais-france-240x300.jpg\" data-large-file=\"https:\/\/whisky-francais.com\/wp-content\/uploads\/2024\/08\/Charles-et-Barbara-Cagnat-domaine-de-la-peze-whisky-francais-france-819x1024.jpg\" class=\"alignright size-full wp-image-7373\" src=\"https:\/\/whisky-francais.com\/wp-content\/uploads\/2024\/08\/Charles-et-Barbara-Cagnat-domaine-de-la-peze-whisky-francais-france.jpg\" alt=\"\" width=\"907\" height=\"1134\" srcset=\"https:\/\/whisky-francais.com\/wp-content\/uploads\/2024\/08\/Charles-et-Barbara-Cagnat-domaine-de-la-peze-whisky-francais-france.jpg 907w, https:\/\/whisky-francais.com\/wp-content\/uploads\/2024\/08\/Charles-et-Barbara-Cagnat-domaine-de-la-peze-whisky-francais-france-240x300.jpg 240w, https:\/\/whisky-francais.com\/wp-content\/uploads\/2024\/08\/Charles-et-Barbara-Cagnat-domaine-de-la-peze-whisky-francais-france-819x1024.jpg 819w, https:\/\/whisky-francais.com\/wp-content\/uploads\/2024\/08\/Charles-et-Barbara-Cagnat-domaine-de-la-peze-whisky-francais-france-768x960.jpg 768w\" sizes=\"(max-width: 907px) 100vw, 907px\" \/><\/p>\n<\/td>\n<\/tr>\n<tr>\n<td width=\"180\">\n<p>Gamme<\/p>\n<\/td>\n<td width=\"415\">\n<p><img loading=\"lazy\" decoding=\"async\" data-attachment-id=\"7374\" data-permalink=\"https:\/\/whisky-francais.com\/index.php\/domaine-de-la-peze\/moyssou-2020-domaine-de-la-peze-whisky-francais-2\/\" data-orig-file=\"https:\/\/whisky-francais.com\/wp-content\/uploads\/2024\/08\/Moyssou-2020-domaine-de-la-peze-whisky-francais-1.jpg\" data-orig-size=\"1200,1800\" data-comments-opened=\"0\" data-image-meta=\"{&quot;aperture&quot;:&quot;2&quot;,&quot;credit&quot;:&quot;&quot;,&quot;camera&quot;:&quot;Canon EOS 2000D&quot;,&quot;caption&quot;:&quot;&quot;,&quot;created_timestamp&quot;:&quot;1714682363&quot;,&quot;copyright&quot;:&quot;&quot;,&quot;focal_length&quot;:&quot;50&quot;,&quot;iso&quot;:&quot;1600&quot;,&quot;shutter_speed&quot;:&quot;0.016666666666667&quot;,&quot;title&quot;:&quot;&quot;,&quot;orientation&quot;:&quot;1&quot;}\" data-image-title=\"Moyssou 2020 domaine de la peze whisky francais\" data-image-description=\"\" data-image-caption=\"\" data-medium-file=\"https:\/\/whisky-francais.com\/wp-content\/uploads\/2024\/08\/Moyssou-2020-domaine-de-la-peze-whisky-francais-1-200x300.jpg\" data-large-file=\"https:\/\/whisky-francais.com\/wp-content\/uploads\/2024\/08\/Moyssou-2020-domaine-de-la-peze-whisky-francais-1-683x1024.jpg\" class=\"wp-image-7374 alignright\" src=\"https:\/\/whisky-francais.com\/wp-content\/uploads\/2024\/08\/Moyssou-2020-domaine-de-la-peze-whisky-francais-1.jpg\" alt=\"\" width=\"280\" height=\"420\" srcset=\"https:\/\/whisky-francais.com\/wp-content\/uploads\/2024\/08\/Moyssou-2020-domaine-de-la-peze-whisky-francais-1.jpg 1200w, https:\/\/whisky-francais.com\/wp-content\/uploads\/2024\/08\/Moyssou-2020-domaine-de-la-peze-whisky-francais-1-200x300.jpg 200w, https:\/\/whisky-francais.com\/wp-content\/uploads\/2024\/08\/Moyssou-2020-domaine-de-la-peze-whisky-francais-1-683x1024.jpg 683w, https:\/\/whisky-francais.com\/wp-content\/uploads\/2024\/08\/Moyssou-2020-domaine-de-la-peze-whisky-francais-1-768x1152.jpg 768w, https:\/\/whisky-francais.com\/wp-content\/uploads\/2024\/08\/Moyssou-2020-domaine-de-la-peze-whisky-francais-1-1024x1536.jpg 1024w\" sizes=\"(max-width: 280px) 100vw, 280px\" \/>Le Domaine de la P\u00e8ze a fait le choix de ne produire que du whisky qu\u2019il baptise Moyssou, Moisson en Occitan.<\/p>\n<p>La premi\u00e8re ann\u00e9e, deux expressions voient le jour. Toutes deux issues d\u2019une double distillation en Pot-Still et \u00e9lev\u00e9 en Ex fut de Cognac, ils ne diff\u00e8rent que par la provenance de leur c\u00e9r\u00e9ale\u00a0!<\/p>\n<p>\u2060<strong>Moyssou 2020 Orge Du Domaine De La P<\/strong><strong>\u00e8<\/strong><strong>ze\u00a0:<\/strong> Issu d\u2019une orge d\u2019hiver \u00e0 deux rangs Calypso cultiv\u00e9e Parcelle du S\u00e9gala<\/p>\n<p><strong>Moyssou 2020 Orge Fran<\/strong><strong>\u00e7<\/strong><strong>aise De La Malterie Du Ch<\/strong><strong>\u00e2<\/strong><strong>teau<\/strong>\u00a0: Issu d\u2019une orge de printemps \u00e0 deux rangs d\u2019origine fran\u00e7aise.<\/p>\n<\/td>\n<\/tr>\n<tr>\n<td width=\"180\">\n<p>Eau<\/p>\n<\/td>\n<td width=\"415\">\n<p>Eau distill\u00e9e pour la r\u00e9duction.<\/p>\n<\/td>\n<\/tr>\n<tr>\n<td width=\"180\">\n<p>C\u00e9r\u00e9ale(s)<\/p>\n<\/td>\n<td width=\"415\">\n<p>Du fait de son histoire et sa situation g\u00e9ographique, le Domaine de la P\u00e8ze est l\u2019un des rares producteurs de whisky \u00e0 travailler principalement sur de l\u2019orge d\u2019hiver et notamment les vari\u00e9t\u00e9s Margaux (6 rangs) et Calypso (2 rangs).<\/p>\n<p>Lorsqu\u2019en 2020, une partie de la moisson est d\u00e9truite par la gr\u00eale, Charles en profite pour se fournir en orge de printemps\u00a0: la Laur\u00e9ate (2 rangs) qu\u2019il brasse et distille \u00e0 part pour mesurer l\u2019impact aromatique de la mati\u00e8re premi\u00e8re.<\/p>\n<\/td>\n<\/tr>\n<tr>\n<td width=\"180\">\n<p>Maltage<\/p>\n<\/td>\n<td width=\"415\">\n<p>Le maltage est effectu\u00e9 \u00e0 la Malterie du vieux silo.<\/p>\n<\/td>\n<\/tr>\n<tr>\n<td width=\"180\">\n<p>Fermentation\/Levures<\/p>\n<\/td>\n<td width=\"415\">\n<p>\u00a0<\/p>\n<p>Dans un premier temps, le brassage \u00e9tait r\u00e9alis\u00e9 par la Brasserie de la Hocq mais depuis 2024, cette \u00e9tape est r\u00e9alis\u00e9e au Domaine.<\/p>\n<p>\u00a0<\/p>\n<p>Le Wash oscille g\u00e9n\u00e9ralement autour de 8%<\/p>\n<p>\u00a0<\/p>\n<\/td>\n<\/tr>\n<tr>\n<td width=\"180\">\n<p>Alambics<\/p>\n<\/td>\n<td width=\"415\">\n<p>Les deux premi\u00e8res ann\u00e9es, le Domaine de la P\u00e8ze a distill\u00e9 sur l\u2019alambics Pot-Still de 400 Litres de la distillerie Landa\u2019s mais depuis 2023, le domaine dispose d\u2019un alambic construit sur mesure par la SOFAC. Il s\u2019agit d\u2019un alambic de 10 hectolitres disposant d\u2019une colonne.<\/p>\n<\/td>\n<\/tr>\n<tr>\n<td width=\"180\">\n<p>Distillation<\/p>\n<\/td>\n<td width=\"415\">\n<p>Simple et double distillation pour obtenir un distillat oscillant entre 65 et 70%<\/p>\n<\/td>\n<\/tr>\n<tr>\n<td width=\"180\">\n<p>Type de chai<\/p>\n<\/td>\n<td width=\"415\">\n<p>Non r\u00e9gul\u00e9, humide, avec une part des anges autour de 2%<\/p>\n<\/td>\n<\/tr>\n<tr>\n<td width=\"180\">\n<p>F\u00fbt(s)<\/p>\n<\/td>\n<td width=\"415\">\n<p>Fut de Cognac<\/p>\n<p>Fut de pineau<\/p>\n<p>Ainsi que quelques tests.<\/p>\n<p><img loading=\"lazy\" decoding=\"async\" data-attachment-id=\"7375\" data-permalink=\"https:\/\/whisky-francais.com\/index.php\/domaine-de-la-peze\/fut-au-domaine-de-la-peze-whisky-francais-moyssou\/\" data-orig-file=\"https:\/\/whisky-francais.com\/wp-content\/uploads\/2024\/08\/Fut-au-domaine-de-la-peze-whisky-francais-moyssou.jpeg\" data-orig-size=\"1209,907\" data-comments-opened=\"0\" data-image-meta=\"{&quot;aperture&quot;:&quot;1.6&quot;,&quot;credit&quot;:&quot;&quot;,&quot;camera&quot;:&quot;iPhone 12 Pro Max&quot;,&quot;caption&quot;:&quot;&quot;,&quot;created_timestamp&quot;:&quot;1684430927&quot;,&quot;copyright&quot;:&quot;&quot;,&quot;focal_length&quot;:&quot;5.1&quot;,&quot;iso&quot;:&quot;400&quot;,&quot;shutter_speed&quot;:&quot;0.02&quot;,&quot;title&quot;:&quot;&quot;,&quot;orientation&quot;:&quot;1&quot;}\" data-image-title=\"Fut au domaine de la peze whisky francais moyssou\" data-image-description=\"\" data-image-caption=\"\" data-medium-file=\"https:\/\/whisky-francais.com\/wp-content\/uploads\/2024\/08\/Fut-au-domaine-de-la-peze-whisky-francais-moyssou-300x225.jpeg\" data-large-file=\"https:\/\/whisky-francais.com\/wp-content\/uploads\/2024\/08\/Fut-au-domaine-de-la-peze-whisky-francais-moyssou-1024x768.jpeg\" class=\"alignright size-full wp-image-7375\" src=\"https:\/\/whisky-francais.com\/wp-content\/uploads\/2024\/08\/Fut-au-domaine-de-la-peze-whisky-francais-moyssou.jpeg\" alt=\"\" width=\"1209\" height=\"907\" srcset=\"https:\/\/whisky-francais.com\/wp-content\/uploads\/2024\/08\/Fut-au-domaine-de-la-peze-whisky-francais-moyssou.jpeg 1209w, https:\/\/whisky-francais.com\/wp-content\/uploads\/2024\/08\/Fut-au-domaine-de-la-peze-whisky-francais-moyssou-300x225.jpeg 300w, https:\/\/whisky-francais.com\/wp-content\/uploads\/2024\/08\/Fut-au-domaine-de-la-peze-whisky-francais-moyssou-1024x768.jpeg 1024w, https:\/\/whisky-francais.com\/wp-content\/uploads\/2024\/08\/Fut-au-domaine-de-la-peze-whisky-francais-moyssou-768x576.jpeg 768w\" sizes=\"(max-width: 1209px) 100vw, 1209px\" \/><\/p>\n<\/td>\n<\/tr>\n<tr>\n<td width=\"180\">\n<p>Donn\u00e9es Territoriales<\/p>\n<\/td>\n<td width=\"415\">\n<p>Savignac poss\u00e8de un climat temp\u00e9r\u00e9 oc\u00e9anique<\/p>\n<\/td>\n<\/tr>\n<tr>\n<td width=\"180\">\n<p>Notes<\/p>\n<\/td>\n<td width=\"415\">\n<p>\u00a0<\/p>\n<\/td>\n<\/tr>\n<tr>\n<td width=\"180\">\n<p>Site Web<\/p>\n<\/td>\n<td width=\"415\">\n<p><blockquote class=\"wp-embedded-content\" data-secret=\"3LMKYNnhvW\"><a href=\"https:\/\/domainedelapeze.com\/\">Accueil<\/a><\/blockquote><iframe loading=\"lazy\" class=\"wp-embedded-content\" sandbox=\"allow-scripts\" security=\"restricted\" style=\"position: absolute; clip: rect(1px, 1px, 1px, 1px);\" title=\"\u00ab\u00a0Accueil\u00a0\u00bb &#8212; Domaine de La P\u00e8ze\" src=\"https:\/\/domainedelapeze.com\/embed\/#?secret=4ZljT59ox8#?secret=3LMKYNnhvW\" data-secret=\"3LMKYNnhvW\" width=\"600\" height=\"338\" frameborder=\"0\" marginwidth=\"0\" marginheight=\"0\" scrolling=\"no\"><\/iframe><\/p>\n<\/td>\n<\/tr>\n<\/tbody>\n<\/table>\n<p>\u00a0<\/p>\n\n\n\n<p><\/p>\n\n\n\n<p><\/p>\n","protected":false},"excerpt":{"rendered":"<p>L\u2019histoire commence lorsque Charles, travaillant dans le domaine viticole \u00e0 l\u2019export revient du Cambodge en 2018 avec l\u2019intention de diversifier<\/p>\n","protected":false},"author":1,"featured_media":7370,"parent":0,"menu_order":0,"comment_status":"closed","ping_status":"closed","template":"","meta":{"jetpack_post_was_ever_published":false,"footnotes":""},"class_list":["post-7367","page","type-page","status-publish","has-post-thumbnail","hentry"],"jetpack_sharing_enabled":true,"jetpack_shortlink":"https:\/\/wp.me\/P8oZPa-1UP","jetpack-related-posts":[{"id":56,"url":"https:\/\/whisky-francais.com\/index.php\/distilleries\/","url_meta":{"origin":7367,"position":0},"title":"Producteurs \/ Distilleries","date":"11 f\u00e9vrier 2017","format":false,"excerpt":"Auvergne-Rh\u00f4ne-Alpes Distillerie du Drac Distillerie des Bughes Distillerie du Vercors Domaine des Hautes Glaces Distillerie des Hautes Terres AlpSpirits (ferm\u00e9e) Monsieur Balthazar Mont Blanc Ninkasi O\u2019Baptiste (Ne produit plus de whisky) Bourgogne-Franche-Comt\u00e9 Br\u00fblerie du Revermont Michel Couvreur Rouget de Lisle Bretagne La Bambelle Distillerie des Menhirs Distillerie FDC (Bale Bro)\u2026","rel":"","context":"Article similaire","img":{"alt_text":"","src":"","width":0,"height":0},"classes":[]},{"id":1893,"url":"https:\/\/whisky-francais.com\/index.php\/distilleries\/domaine-de-bourjac\/","url_meta":{"origin":7367,"position":1},"title":"Domaine de Bourjac","date":"21 juin 2017","format":false,"excerpt":"Perch\u00e9 \u00e0 350 m\u00e8tres d'altitude dans l\u2019Aveyron, le Domaine de Bourjac a d'abord produit du vin et des ap\u00e9ritifs (Pastis, Ch\u00e2taigne, Prunelle, etc.) avant de signer un whisky artisanal de grande qualit\u00e9 ! Autodidacte et amateur de spiritueux - et plus particuli\u00e8rement de whisky tourb\u00e9 - Olivier Toulouse entreprend d\u00e8s\u2026","rel":"","context":"Article similaire","img":{"alt_text":"Domaine de Bourjac, Broqui\u00e8s, Olivier Toulouse, DDB 3 ans tou&dy, DDB 3 ans Chat Teigne, f\u00fbt par f\u00fbt, double distillation, orge malt\u00e9e biologique, culture raisonn\u00e9e, conduite raisonn\u00e9e, bruy\u00e8re, tourbe, alambic charentais, chauffe au bois, double distillation, f\u00fbt de ch\u00eane, ap\u00e9ritif, domaine, whisky Fran\u00e7ais, French Whisky, malt, whisky France, Passerelles, H\u00f4tel Parister, organiser, d\u00e9gustation, whisky, paris, priv\u00e9e, entreprise, \u00e9v\u00e9nement, masterclass, Matthieu Acar, Xavier Brevet, Lilya Sekkal, d\u00e9gustation, whisky, acad\u00e9mie, masterclass, Paris, atelier, d\u00e9gustation, whisky","src":"https:\/\/i0.wp.com\/whisky-francais.com\/wp-content\/uploads\/2017\/06\/logo-ddb-domaine-de-bourjac-1.png?resize=350%2C200&ssl=1","width":350,"height":200},"classes":[]},{"id":6571,"url":"https:\/\/whisky-francais.com\/index.php\/domaine-brana\/","url_meta":{"origin":7367,"position":2},"title":"Domaine Brana","date":"10 avril 2023","format":false,"excerpt":"\u00a0 Initialement n\u00e9gociant en vin, la famille Brana s'est convertie \u00e0 la distillation dans les ann\u00e9es 70. La m\u00eame ann\u00e9e, la famille plante ses premiers vergers, l'objectif \u00e9tait alors de produire des eaux-de-vie de fruits ainsi que des marcs. En 2017, sous l'impulsion de Martine Brana, la distillerie se diversifie\u2026","rel":"","context":"Article similaire","img":{"alt_text":"","src":"https:\/\/i0.wp.com\/whisky-francais.com\/wp-content\/uploads\/2023\/04\/Whisky-francais-Laminak-Brana.png?resize=350%2C200","width":350,"height":200},"classes":[]},{"id":5784,"url":"https:\/\/whisky-francais.com\/index.php\/distilleries\/domaine-valentin-zusslin\/","url_meta":{"origin":7367,"position":3},"title":"Domaine Valentin Zusslin","date":"30 janvier 2021","format":false,"excerpt":"Le Domaine Valentin Zusslin, connu pour la qualit\u00e9 de ses vins certifi\u00e9s \"biodynamie\" et pour son souci de l\u2019environnement, produit \u00e9galement des eaux-de-vie et depuis peu, un whisky ! Situ\u00e9 \u00e0 Orschwihr en Alsace, le domaine poss\u00e8de une histoire riche de plus de trois si\u00e8cles, dans laquelle la distillation occupe\u2026","rel":"","context":"Article similaire","img":{"alt_text":"","src":"https:\/\/i0.wp.com\/whisky-francais.com\/wp-content\/uploads\/2021\/01\/backslide-zusslin-8-1781x600-1.jpg?resize=350%2C200","width":350,"height":200},"classes":[]},{"id":3810,"url":"https:\/\/whisky-francais.com\/index.php\/distilleries\/domaine-mabillot\/","url_meta":{"origin":7367,"position":4},"title":"Domaine Mabillot","date":"2 novembre 2018","format":false,"excerpt":"\u00c0 l\u2019origine producteur de c\u00e9r\u00e9ales, Le Domaine Mabillot diversifie son activit\u00e9 dans les ann\u00e9es 1990 en acqu\u00e9rant un vignoble situ\u00e9 au c\u0153ur de l\u2019appellation Reuilly. C\u2019est sous l\u2019impulsion de Matthieu et Renaud \u2013 fils du fondateur \u2013 que le Domaine entame un nouveau chapitre en 2018 en s\u2019\u00e9quipant d\u2019un alambic\u2026","rel":"","context":"Article similaire","img":{"alt_text":"Domaine Mabillot, Sainte Lizaigne, Centre-Val de Loire, France, Reuilly, Renaud Mabillot, Matthieu Mabillot, ferme-distillerie, distillerie, orge, Holstein, whisky Fran\u00e7ais, French whisky, whisky, d\u00e9gustation, Matthieu Acar, Xavier Brevet, Lilya Sekkal, masterclass, Paris, atelier.","src":"https:\/\/i0.wp.com\/whisky-francais.com\/wp-content\/uploads\/2018\/11\/MABILLOT.jpg?resize=350%2C200&ssl=1","width":350,"height":200},"classes":[]},{"id":2,"url":"https:\/\/whisky-francais.com\/index.php\/distilleries\/dmg\/","url_meta":{"origin":7367,"position":5},"title":"Domaine des Hautes Glaces","date":"9 f\u00e9vrier 2017","format":false,"excerpt":"Le Domaine des Hautes Glaces est une ferme-distillerie fran\u00e7aise perch\u00e9e \u00e0 quelque 896 m\u00e8tres d'altitude, dans une batisse construite il y a de cela 400 ans par un alchimiste du coin. Un lieu pr\u00e9destin\u00e9 \u00e0 la fabrication d'eau-de-vie donc ! Statut Produit et Commercialise son propre whisky Localisation Domaine des\u2026","rel":"","context":"Article similaire","img":{"alt_text":"Le domaine des hautes glaces","src":"https:\/\/i0.wp.com\/whisky-francais.com\/wp-content\/uploads\/2017\/02\/distillerie-whisky-bio-06.jpg?resize=350%2C200","width":350,"height":200},"classes":[]}],"_links":{"self":[{"href":"https:\/\/whisky-francais.com\/index.php\/wp-json\/wp\/v2\/pages\/7367"}],"collection":[{"href":"https:\/\/whisky-francais.com\/index.php\/wp-json\/wp\/v2\/pages"}],"about":[{"href":"https:\/\/whisky-francais.com\/index.php\/wp-json\/wp\/v2\/types\/page"}],"author":[{"embeddable":true,"href":"https:\/\/whisky-francais.com\/index.php\/wp-json\/wp\/v2\/users\/1"}],"replies":[{"embeddable":true,"href":"https:\/\/whisky-francais.com\/index.php\/wp-json\/wp\/v2\/comments?post=7367"}],"version-history":[{"count":1,"href":"https:\/\/whisky-francais.com\/index.php\/wp-json\/wp\/v2\/pages\/7367\/revisions"}],"predecessor-version":[{"id":7376,"href":"https:\/\/whisky-francais.com\/index.php\/wp-json\/wp\/v2\/pages\/7367\/revisions\/7376"}],"wp:featuredmedia":[{"embeddable":true,"href":"https:\/\/whisky-francais.com\/index.php\/wp-json\/wp\/v2\/media\/7370"}],"wp:attachment":[{"href":"https:\/\/whisky-francais.com\/index.php\/wp-json\/wp\/v2\/media?parent=7367"}],"curies":[{"name":"wp","href":"https:\/\/api.w.org\/{rel}","templated":true}]}}