{"id":7473,"date":"2024-08-30T22:39:48","date_gmt":"2024-08-30T20:39:48","guid":{"rendered":"https:\/\/whisky-francais.com\/?page_id=7473"},"modified":"2024-12-12T09:21:24","modified_gmt":"2024-12-12T08:21:24","slug":"maison-victors","status":"publish","type":"page","link":"https:\/\/whisky-francais.com\/index.php\/maison-victors\/","title":{"rendered":"Maison Victors"},"content":{"rendered":"\n<p>C\u2019est dans les coteaux du Frontonnais, pr\u00e8s de Toulouse, que Gilles Victors, coutelier d&rsquo;art reconnu depuis plus de 15 ans, s\u2019est tourn\u00e9 vers une autre de ses passions : le whisky.<\/p>\n<p>Apr\u00e8s un voyage en \u00c9cosse, il installe son atelier dans une \u00e9coconstruction en bottes de paille, donnant ainsi naissance \u00e0 sa distillerie. Engag\u00e9 dans une d\u00e9marche \u00e9co responsable, il privil\u00e9gie le circuit court et l&rsquo;agriculture biologique. Avec une grande humilit\u00e9 et en s&rsquo;inspirant des techniques \u00e9cossaises, Gilles \u00e9labore soigneusement son single malt.<\/p>\n<p><img loading=\"lazy\" decoding=\"async\" data-attachment-id=\"7478\" data-permalink=\"https:\/\/whisky-francais.com\/index.php\/maison-victors\/maison-victors-sherry-bourbon-whisky-francais-batiment\/\" data-orig-file=\"https:\/\/whisky-francais.com\/wp-content\/uploads\/2024\/08\/maison-victors-sherry-bourbon-whisky-francais-batiment.jpg\" data-orig-size=\"800,308\" data-comments-opened=\"0\" data-image-meta=\"{&quot;aperture&quot;:&quot;0&quot;,&quot;credit&quot;:&quot;&quot;,&quot;camera&quot;:&quot;&quot;,&quot;caption&quot;:&quot;&quot;,&quot;created_timestamp&quot;:&quot;0&quot;,&quot;copyright&quot;:&quot;&quot;,&quot;focal_length&quot;:&quot;0&quot;,&quot;iso&quot;:&quot;0&quot;,&quot;shutter_speed&quot;:&quot;0&quot;,&quot;title&quot;:&quot;&quot;,&quot;orientation&quot;:&quot;0&quot;}\" data-image-title=\"maison victors sherry bourbon whisky francais batiment\" data-image-description=\"\" data-image-caption=\"\" data-medium-file=\"https:\/\/whisky-francais.com\/wp-content\/uploads\/2024\/08\/maison-victors-sherry-bourbon-whisky-francais-batiment-300x116.jpg\" data-large-file=\"https:\/\/whisky-francais.com\/wp-content\/uploads\/2024\/08\/maison-victors-sherry-bourbon-whisky-francais-batiment.jpg\" class=\"alignright size-full wp-image-7478\" src=\"https:\/\/whisky-francais.com\/wp-content\/uploads\/2024\/08\/maison-victors-sherry-bourbon-whisky-francais-batiment.jpg\" alt=\"\" width=\"800\" height=\"308\" srcset=\"https:\/\/whisky-francais.com\/wp-content\/uploads\/2024\/08\/maison-victors-sherry-bourbon-whisky-francais-batiment.jpg 800w, https:\/\/whisky-francais.com\/wp-content\/uploads\/2024\/08\/maison-victors-sherry-bourbon-whisky-francais-batiment-300x116.jpg 300w, https:\/\/whisky-francais.com\/wp-content\/uploads\/2024\/08\/maison-victors-sherry-bourbon-whisky-francais-batiment-768x296.jpg 768w\" sizes=\"(max-width: 800px) 100vw, 800px\" \/><\/p>\n<p>\u00a0<\/p>\n<table>\n<tbody>\n<tr style=\"height: 86px;\">\n<td style=\"width: 11.7859%; height: 86px;\">\n<p>Statut<\/p>\n<\/td>\n<td style=\"height: 86px; width: 318.916%;\">\n<p>Productive\u00a0<\/p>\n<\/td>\n<\/tr>\n<tr style=\"height: 86px;\">\n<td style=\"width: 11.7859%; height: 86px;\">\n<p>Localisation<\/p>\n<\/td>\n<td style=\"height: 86px; width: 318.916%;\">\n<p>Maison Victors 166 impasse Timbal &#8211; 31340 Vacquiers<\/p>\n<\/td>\n<\/tr>\n<tr style=\"height: 145px;\">\n<td style=\"width: 11.7859%; height: 152px;\">\n<p>Volume de Production<\/p>\n<\/td>\n<td style=\"height: 152px; width: 318.916%;\">\n<p>50 f\u00fbts par an.<\/p>\n<p>Cela devrait monter \u00e0 300 f\u00fbts\/an apr\u00e8s le d\u00e9m\u00e9nagement.<\/p>\n<\/td>\n<\/tr>\n<tr style=\"height: 858px;\">\n<td style=\"width: 11.7859%; height: 858px;\">\n<p>Dates Cl\u00e9s<\/p>\n<\/td>\n<td style=\"height: 858px; width: 318.916%;\">\n<p><strong>2015 :<\/strong>\u00a0 Gilles Victors, alors coutelier d\u2019art effectue un voyage en \u00c9cosse, sur l\u2019\u00eele d\u2019Islay. Il visite plusieurs distilleries et observe attentivement le processus de fabrication du whisky.<\/p>\n<p>\u00c9trangement, l\u2019ambiance et les \u00e9l\u00e9ments de la distillation r\u00e9sonnent avec son exp\u00e9rience de coutelier et le conduit \u00e0 prendre la d\u00e9cision de monter sa propre distillerie.<\/p>\n<p><strong>2016 :<\/strong>\u00a0 Ann\u00e9e d\u00e9terminante pour le projet de Gilles.<\/p>\n<p>Rencontre avec Jean-Luc Braud via le CIDS, d\u00e9veloppement d\u2019une recette de pastis nomm\u00e9 Pink Pastaga.<\/p>\n<p>Formation \u00e0 la distillation \u00e0 la distillerie d\u2019Autignac et au brassage avec Thomas Vergnio \u00e0 Niort.<\/p>\n<p><strong>2017 :<\/strong> Ann\u00e9e d\u2019exp\u00e9rimentation pour Gilles.<\/p>\n<p>R\u00e9alisation de plusieurs essais de brassage et de micro-distillation.<\/p>\n<p><strong>2018 :<\/strong>\u00a0 D\u00e9but de la production<\/p>\n<p><strong>2022:<\/strong>\u00a0 Embouteillage du premier whisky single cask, sherry cask (250 cols)<\/p>\n<p><strong>Novembre 2023 :<\/strong> Sortie d\u2019un premier \u00ab Batch \u00bb, un whisky issu de l\u2019assemblage d\u2019une barrique de Oloroso et d\u2019une autre de Pedro Ximenez.<\/p>\n<p><strong>Avril 2024 :<\/strong> Premi\u00e8re whisky en \u00e9dition permanente : Maison Victors Origines Whisky Single Malt ex f\u00fbt de bourbon &#8211; 46%, non filtr\u00e9 et couleur naturelle.<\/p>\n<p><strong>Automne 2024 :<\/strong> Second whisky en \u00e9dition permanente :\u00a0<\/p>\n<p>Maison Victors Origines Whisky Single Malt ex f\u00fbt de Sherry &#8211; 46%, non filtr\u00e9 et couleur naturelle.<\/p>\n<p>\u00a0<\/p>\n<\/td>\n<\/tr>\n<tr style=\"height: 145px;\">\n<td style=\"width: 11.7859%; height: 145px;\">\n<p>Personnages Cl\u00e9s<\/p>\n<\/td>\n<td style=\"height: 145px; width: 318.916%;\">\n<p><strong>Gilles Victors :<\/strong> Fondateur de la distillerie et artisan distillateur.<\/p>\n<p><strong>Marc Penavayre<\/strong> (Domaine plaisance Penavayre \u00e0 Vacquiers) : Vigneron Bio sur le m\u00eame village et soutien du projet d\u00e8s la premi\u00e8re heure. D\u2019abord sur la s\u00e9lection de f\u00fbt, puis sur l\u2019orge et la cr\u00e9ation de la fili\u00e8re agricole.<\/p>\n<\/td>\n<\/tr>\n<tr style=\"height: 649px;\">\n<td style=\"width: 11.7859%; height: 649px;\">\n<p>Gamme<\/p>\n<\/td>\n<td style=\"height: 649px; width: 318.916%;\">\n<p>Deux \u00e9ditions permanentes :<\/p>\n<p>\u00b7\u00a0\u00a0 Maison Victors Origines Whisky Single Malt ex f\u00fbt de bourbon &#8211; 46%, non filtr\u00e9 et couleur naturelle.<\/p>\n<p>\u00b7\u00a0\u00a0 Maison Victors Origines Whisky Single Malt ex f\u00fbt de sherry &#8211; 46%, non filtr\u00e9 et couleur naturelle.<\/p>\n<p>Tout cela sera anim\u00e9 par des single cask et d&rsquo;autres petites \u00e9ditions !<\/p>\n<p><img loading=\"lazy\" decoding=\"async\" data-attachment-id=\"7479\" data-permalink=\"https:\/\/whisky-francais.com\/index.php\/maison-victors\/maison-victors-sherry-bourbon-whisky-francais\/\" data-orig-file=\"https:\/\/whisky-francais.com\/wp-content\/uploads\/2024\/08\/maison-victors-sherry-bourbon-whisky-francais.jpg\" data-orig-size=\"519,550\" data-comments-opened=\"0\" data-image-meta=\"{&quot;aperture&quot;:&quot;0&quot;,&quot;credit&quot;:&quot;&quot;,&quot;camera&quot;:&quot;&quot;,&quot;caption&quot;:&quot;&quot;,&quot;created_timestamp&quot;:&quot;0&quot;,&quot;copyright&quot;:&quot;&quot;,&quot;focal_length&quot;:&quot;0&quot;,&quot;iso&quot;:&quot;0&quot;,&quot;shutter_speed&quot;:&quot;0&quot;,&quot;title&quot;:&quot;&quot;,&quot;orientation&quot;:&quot;0&quot;}\" data-image-title=\"maison victors sherry bourbon whisky francais\" data-image-description=\"\" data-image-caption=\"\" data-medium-file=\"https:\/\/whisky-francais.com\/wp-content\/uploads\/2024\/08\/maison-victors-sherry-bourbon-whisky-francais-283x300.jpg\" data-large-file=\"https:\/\/whisky-francais.com\/wp-content\/uploads\/2024\/08\/maison-victors-sherry-bourbon-whisky-francais.jpg\" class=\" wp-image-7479 alignleft\" src=\"https:\/\/whisky-francais.com\/wp-content\/uploads\/2024\/08\/maison-victors-sherry-bourbon-whisky-francais.jpg\" alt=\"\" width=\"346\" height=\"367\" srcset=\"https:\/\/whisky-francais.com\/wp-content\/uploads\/2024\/08\/maison-victors-sherry-bourbon-whisky-francais.jpg 519w, https:\/\/whisky-francais.com\/wp-content\/uploads\/2024\/08\/maison-victors-sherry-bourbon-whisky-francais-283x300.jpg 283w\" sizes=\"(max-width: 346px) 100vw, 346px\" \/><\/p>\n<\/td>\n<\/tr>\n<tr style=\"height: 145px;\">\n<td style=\"width: 11.7859%; height: 145px;\">\n<p>Eau<\/p>\n<\/td>\n<td style=\"height: 145px; width: 318.916%;\">\n<p><strong>Eau de brassage : <\/strong>L\u2019eau du r\u00e9seau filtr\u00e9 travers une s\u00e9rie de filtre visant \u00e0 retirer les \u00e9l\u00e9ments n\u00e9fastes tout en apportant une charge min\u00e9ral (notamment des sels min\u00e9raux bon pour les levures)<\/p>\n<p><strong>Eau de r\u00e9duction : <\/strong>100% eau de source des Pyr\u00e9n\u00e9es ari\u00e9geoises (Apr\u00e8s plusieurs tests, Gilles a choisi la plus accessible en termes de logistique)<\/p>\n<\/td>\n<\/tr>\n<tr style=\"height: 145px;\">\n<td style=\"width: 11.7859%; height: 145px;\">\n<p>C\u00e9r\u00e9ale(s)<\/p>\n<\/td>\n<td style=\"height: 145px; width: 318.916%;\">\n<p>Orge Laur\u00e9ate Bio 100% fran\u00e7aise et dont la majorit\u00e9 est locale.<\/p>\n<p>Un second circuit d\u2019approvisionnement bio pr\u00e8s de la Rochelle permet \u00e0 la distillerie de se pr\u00e9munir des al\u00e9as climatiques.<\/p>\n<\/td>\n<\/tr>\n<tr style=\"height: 86px;\">\n<td style=\"width: 11.7859%; height: 86px;\">\n<p>Maltage<\/p>\n<\/td>\n<td style=\"height: 86px; width: 318.916%;\">\n<p>Malterie du vieux silo et malterie Occitane<\/p>\n<\/td>\n<\/tr>\n<tr style=\"height: 205px;\">\n<td style=\"width: 11.7859%; height: 205px;\">\n<p>Fermentation\/Levures<\/p>\n<\/td>\n<td style=\"height: 205px; width: 318.916%;\">\n<p>Brassage par lot de 1500 litre de Wash<\/p>\n<p>S\u00e9lection d&rsquo;une levure pour ses ar\u00f4mes fruit\u00e9s.<\/p>\n<p>Apr\u00e8s 7 jours de fermentation le Wash titre 7%<\/p>\n<\/td>\n<\/tr>\n<tr>\n<td>\n<p>Alambic<\/p>\n<p>\u00a0<\/p>\n<\/td>\n<td>\n<p>Wash still de 1500 litres que j\u2019utilise aussi en spirit still<\/p>\n<p>Alambic double retort 1000 litres pour la production de Rhum.<\/p>\n<p>Gin still 300 litres avec un oignon pour maximiser le reflux.<\/p>\n<p>Alambic test de 100 litres pour les tests ou les extractions.<\/p>\n<\/td>\n<\/tr>\n<tr>\n<td>\n<p>Distillation<\/p>\n<\/td>\n<td>\n<p>Double distillation.<\/p>\n<p>Pour l\u2019heure, il s\u2019agit de chauffe \u00e0 feu nu mais dans la future distillerie, Gilles passera \u00e0 la vapeur pour des consid\u00e9rations \u00e9cologiques notamment.<\/p>\n<p>\u00a0<\/p>\n<\/td>\n<\/tr>\n<tr style=\"height: 264px;\">\n<td style=\"width: 11.7859%; height: 264px;\">\n<p>Type de chai<\/p>\n<\/td>\n<td style=\"height: 264px; width: 318.916%;\">\n<p>Deux Chais<\/p>\n<p>Le Chai d\u2019apparat situ\u00e9 \u00e0 la distillerie qui contient 50 f\u00fbts.<\/p>\n<p>Le second chai dans le village. Construit en brique toulousaine, dispose d\u2019un sol en gravier et permet de conserver la fra\u00eecheur.<\/p>\n<p>Aucun des deux chais ne voit sa temp\u00e9rature ou son humidit\u00e9 r\u00e9gul\u00e9e et la part des anges avoisine les 4 \u00e0 5%.<\/p>\n<\/td>\n<\/tr>\n<tr style=\"height: 296px;\">\n<td style=\"width: 11.7859%; height: 296px;\">\n<p>F\u00fbt(s)<\/p>\n<\/td>\n<td style=\"height: 296px; width: 318.916%;\">\n<p>Majoritairement :<\/p>\n<ul>\n<li>Ex-Bourbon (first fill uniquement !)<\/li>\n<li>Ex-Sherry (First fill uniquement \u00e9galement) avec des Oloroso, des Amontillado et des Pedro Ximenez.<\/li>\n<\/ul>\n<p>A cela s\u2019ajoute des Ex-Peated et des Ex-Vin (syrah, n\u00e9grette, muscat) de chez Penavayre<\/p>\n<p>Format des barriques : 200, 225 et 250\u00a0<\/p>\n<\/td>\n<\/tr>\n<tr style=\"height: 86px;\">\n<td style=\"width: 11.7859%; height: 86px;\">\n<p>Donn\u00e9es Territoriales<\/p>\n<\/td>\n<td style=\"height: 86px; width: 318.916%;\">\n<p>Climat Oc\u00e9anique<\/p>\n<\/td>\n<\/tr>\n<tr style=\"height: 86px;\">\n<td style=\"width: 11.7859%; height: 86px;\">\n<p>Notes<\/p>\n<\/td>\n<td style=\"height: 86px; width: 318.916%;\">\n<p>\u00a0<\/p>\n<\/td>\n<\/tr>\n<tr style=\"height: 86px;\">\n<td style=\"width: 11.7859%; height: 86px;\">\n<p>Site Web<\/p>\n<\/td>\n<td style=\"height: 86px; width: 318.916%;\">\n<p>https:\/\/www.maison-victors.com\/<\/p>\n<\/td>\n<\/tr>\n<\/tbody>\n<\/table>\n<p>\u00a0<\/p>\n\n\n","protected":false},"excerpt":{"rendered":"<p>C\u2019est dans les coteaux du Frontonnais, pr\u00e8s de Toulouse, que Gilles Victors, coutelier d&rsquo;art reconnu depuis plus de 15 ans,<\/p>\n","protected":false},"author":1,"featured_media":7475,"parent":0,"menu_order":0,"comment_status":"closed","ping_status":"closed","template":"","meta":{"jetpack_post_was_ever_published":false,"footnotes":""},"class_list":["post-7473","page","type-page","status-publish","has-post-thumbnail","hentry"],"jetpack_sharing_enabled":true,"jetpack_shortlink":"https:\/\/wp.me\/P8oZPa-1Wx","jetpack-related-posts":[{"id":6142,"url":"https:\/\/whisky-francais.com\/index.php\/merlet-fils\/","url_meta":{"origin":7473,"position":0},"title":"Merlet &#038; fils","date":"18 octobre 2021","format":false,"excerpt":"Issu d\u2019un vieux patois charentais, COPERIES signifie \u00ab moissons \u00bb. Si Luc & Gilles Merlet ont d\u00e9cid\u00e9 de baptiser ainsi leur whisky, c\u2019est pour faire r\u00e9f\u00e9rence \u00e0 son identit\u00e9 fran\u00e7aise, mais aussi, sp\u00e9cifiquement Charentaises.\u00a0\u00a0\u00a0\u00a0\u00a0\u00a0\u00a0 Statut Distillerie productive Localisation \ud83d\udceb Distillerie Merlet et Fils40 Rue de Chevessac 17610 SAINT-SAUVANT Dates Cl\u00e9s\u2026","rel":"","context":"Article similaire","img":{"alt_text":"","src":"","width":0,"height":0},"classes":[]},{"id":3427,"url":"https:\/\/whisky-francais.com\/index.php\/distilleries\/la-fabrique-des-bieres-danjou\/","url_meta":{"origin":7473,"position":1},"title":"LA FABRIQUE DES BI\u00c8RES D&rsquo;ANJOU dite LA PIAUTRE","date":"22 f\u00e9vrier 2018","format":false,"excerpt":"La Fabrique des Bi\u00e8res d'Anjou aussi connue sous le nom de La Piautre, est une brasserie-malterie-distillerie fran\u00e7aise nich\u00e9e sur les bords de la Loire. Fier de son territoire et des ressources qui en d\u00e9coulent, Vincent Leli\u00e8vre montre une vive volont\u00e9 de ne travailler qu'avec des produits de la r\u00e9gion. \u00ab\u00a0Nous\u2026","rel":"","context":"Article similaire","img":{"alt_text":"Fabrique des Bi\u00e8res d'Anjou, brasserie, malterie, distillerie, la Gare, Loire, Vincent Leli\u00e8vre, Gilles Boudier, Yann Leroux, agriculture biologique, Single Malt, Single Malt Tourb\u00e9, Rye, orge, seigle, grand \u00e9peautre, alambic, chenin, C\u00f4teaux de l'Aubance, C\u00f4teaux du layon, whisky Fran\u00e7ais, French Whisky, malt, Matthieu Acar, Xavier Brevet, d\u00e9gustation, whisky, masterclass, acad\u00e9mie, Paris, atelier, d\u00e9gustation, whisky","src":"https:\/\/i0.wp.com\/whisky-francais.com\/wp-content\/uploads\/2018\/02\/05-Logos-La-Piautre.jpg?resize=350%2C200&ssl=1","width":350,"height":200},"classes":[]},{"id":129,"url":"https:\/\/whisky-francais.com\/index.php\/distilleries\/meyers\/","url_meta":{"origin":7473,"position":2},"title":"Meyer&rsquo;s","date":"17 f\u00e9vrier 2017","format":false,"excerpt":"\u00c0 l'origine producteur d'eaux-de-vie, cr\u00e8mes et liqueurs, Meyer's s'est lanc\u00e9e depuis 2007\u00a0dans l'aventure du whisky. Statut Produit et Commercialise son propre Whisky Localisation \ud83d\udceb 18 Rue Saint Gilles, 67220 Saint-Pierre-Bois Hohwarth 7\u00b021'15\u00bb E \/ 48\u00b020'14\u00bb N Volume de production Dates Cl\u00e9s 1958: Cr\u00e9ation de la distillerie 1976: Jean Claude Meyer\u2026","rel":"","context":"Article similaire","img":{"alt_text":"","src":"https:\/\/i0.wp.com\/whisky-francais.com\/wp-content\/uploads\/2017\/02\/MEYER2.png?resize=350%2C200","width":350,"height":200},"classes":[]},{"id":139,"url":"https:\/\/whisky-francais.com\/index.php\/distilleries\/warenghem\/","url_meta":{"origin":7473,"position":3},"title":"Warenghem","date":"17 f\u00e9vrier 2017","format":false,"excerpt":"Derni\u00e8re mise \u00e0 jour : Avril 2024 Pionni\u00e8re en France dans la distillation de whisky avec le lancement commercial de l\u2019assemblage WB en 1987 puis avec le 1er Single Malt 100% Fran\u00e7ais Armorik en 1998, la distillerie Warenghem est un classique incontournable du whisky Fran\u00e7ais. Statut Produit et Commercialise son\u2026","rel":"","context":"Article similaire","img":{"alt_text":"","src":"https:\/\/i0.wp.com\/whisky-francais.com\/wp-content\/uploads\/2017\/02\/futs-warenghem.jpg?resize=350%2C200","width":350,"height":200},"classes":[]},{"id":1280,"url":"https:\/\/whisky-francais.com\/index.php\/distilleries\/mandrin-brasserie-du-dauphine\/","url_meta":{"origin":7473,"position":4},"title":"AlpSpirits (ferm\u00e9e)","date":"22 mai 2017","format":false,"excerpt":"Situ\u00e9e \u00e0 Saint-Martin-d'H\u00e8res, dans le d\u00e9partement de l'Is\u00e8re (r\u00e9gion Auvergne Rh\u00f4ne-Alpes), la brasserie du Dauphin\u00e9 nous propose deux whiskies Alpins dont un inspir\u00e9 de la l\u00e9gende de Mandrin! En effet, ce whisky tient son nom de Louis Mandrin, c\u00e9l\u00e8bre contrebandier du XVIII\u00e8me si\u00e8cle qui s'\u00e9tait rebell\u00e9 contre les taxes prohibitives\u2026","rel":"","context":"Article similaire","img":{"alt_text":"France, Mandrin, L'Esprit de Mandrin, Brasserie du Dauphin\u00e9, Saint-Martin-d'H\u00e8res, Is\u00e8re, Vincent Gachet, Rivesaltes, whisky fran\u00e7ais, France, French whisky, Matthieu Acar, Xavier Brevet, d\u00e9gustation, whisky, masterclass, Paris, atelier, d\u00e9gustation, whisky","src":"https:\/\/i0.wp.com\/whisky-francais.com\/wp-content\/uploads\/2017\/05\/MANDRIN.jpg?resize=350%2C200&ssl=1","width":350,"height":200},"classes":[]},{"id":56,"url":"https:\/\/whisky-francais.com\/index.php\/distilleries\/","url_meta":{"origin":7473,"position":5},"title":"Producteurs \/ Distilleries","date":"11 f\u00e9vrier 2017","format":false,"excerpt":"Auvergne-Rh\u00f4ne-Alpes Distillerie du Drac Distillerie des Bughes Distillerie du Vercors Domaine des Hautes Glaces Distillerie des Hautes Terres AlpSpirits (ferm\u00e9e) Monsieur Balthazar Mont Blanc Ninkasi O\u2019Baptiste (Ne produit plus de whisky) Bourgogne-Franche-Comt\u00e9 Br\u00fblerie du Revermont Michel Couvreur Rouget de Lisle Bretagne La Bambelle Distillerie des Menhirs Distillerie FDC (Bale Bro)\u2026","rel":"","context":"Article similaire","img":{"alt_text":"","src":"","width":0,"height":0},"classes":[]}],"_links":{"self":[{"href":"https:\/\/whisky-francais.com\/index.php\/wp-json\/wp\/v2\/pages\/7473"}],"collection":[{"href":"https:\/\/whisky-francais.com\/index.php\/wp-json\/wp\/v2\/pages"}],"about":[{"href":"https:\/\/whisky-francais.com\/index.php\/wp-json\/wp\/v2\/types\/page"}],"author":[{"embeddable":true,"href":"https:\/\/whisky-francais.com\/index.php\/wp-json\/wp\/v2\/users\/1"}],"replies":[{"embeddable":true,"href":"https:\/\/whisky-francais.com\/index.php\/wp-json\/wp\/v2\/comments?post=7473"}],"version-history":[{"count":13,"href":"https:\/\/whisky-francais.com\/index.php\/wp-json\/wp\/v2\/pages\/7473\/revisions"}],"predecessor-version":[{"id":7654,"href":"https:\/\/whisky-francais.com\/index.php\/wp-json\/wp\/v2\/pages\/7473\/revisions\/7654"}],"wp:featuredmedia":[{"embeddable":true,"href":"https:\/\/whisky-francais.com\/index.php\/wp-json\/wp\/v2\/media\/7475"}],"wp:attachment":[{"href":"https:\/\/whisky-francais.com\/index.php\/wp-json\/wp\/v2\/media?parent=7473"}],"curies":[{"name":"wp","href":"https:\/\/api.w.org\/{rel}","templated":true}]}}