{"id":7500,"date":"2024-09-14T18:19:37","date_gmt":"2024-09-14T16:19:37","guid":{"rendered":"https:\/\/whisky-francais.com\/?page_id=7500"},"modified":"2024-09-14T18:19:37","modified_gmt":"2024-09-14T16:19:37","slug":"brasserie-artisanale-des-2-caps-christophe-noyon-brasseur","status":"publish","type":"page","link":"https:\/\/whisky-francais.com\/index.php\/brasserie-artisanale-des-2-caps-christophe-noyon-brasseur\/","title":{"rendered":"Brasserie Artisanale des 2 Caps\u00a0 &#8211; Christophe noyon Brasseur"},"content":{"rendered":"\n<p>\u00a0<\/p>\n<table width=\"595\">\n<tbody>\n<tr>\n<td width=\"180\">\n<p>Statut<\/p>\n<\/td>\n<td width=\"415\">\n<p>En production<\/p>\n<\/td>\n<\/tr>\n<tr>\n<td width=\"180\">\n<p>Localisation<\/p>\n<\/td>\n<td width=\"415\">\u00a0<\/td>\n<\/tr>\n<tr>\n<td width=\"180\">\n<p>Volume de Production<\/p>\n<\/td>\n<td width=\"415\">\n<p>Environ 3000 bouteilles par an.<\/p>\n<\/td>\n<\/tr>\n<tr>\n<td width=\"180\">\n<p>Dates Cl\u00e9s<\/p>\n<\/td>\n<td width=\"415\">\n<p><strong>1946 : <\/strong>Le Grand-p\u00e8re de Christophe Noyon, Michel Noyon, monte une distillerie d\u2019alcool de Betterave au c\u0153ur de sa propri\u00e9t\u00e9, le Domaine de Warcove, situ\u00e9e sur la C\u00f4te d\u2019Opale. Le mat\u00e9riel avait \u00e9t\u00e9 achet\u00e9 d\u2019occasion \u00e0 une distillerie du Var. L\u2019\u00e9nergie \u00e9tait produite par une machine \u00e0 vapeur. Cette petite distillerie \u00e9crasait environ 400 tonnes de betteraves. Le p\u00e8re de Christophe, qui suivit des \u00e9tudes \u00e0 l\u2019Ecole de Fermentation de Gand (Be), travaillait tout naturellement \u00e0 la distillerie.<\/p>\n<p><strong>\u00a0<\/strong><\/p>\n<p><strong>1966\u00a0: <\/strong>Subissant le m\u00eame sort qu\u2019un grand nombre de distilleries du nord de la France, la distillerie Noyon ferme ses portes. Le p\u00e8re de Christophe sugg\u00e9ra alors \u00e0 son p\u00e8re de transformer cette petite distillerie pour y produire du Whisky. Ce projet ne verra pas le jour (\u00e0 cette \u00e9poque).<\/p>\n<p>\u00a0<\/p>\n<p><strong>2003\u00a0:<\/strong> Fondation de la brasserie Artisanale des 2 Caps par Christophe et Alexia Noyon.<\/p>\n<p>La Brasserie avait pour ambition initiale de donner un nouvel \u00e9lan \u00e9conomique \u00e0 la petite ferme familiale, afin d&rsquo;assurer sa p\u00e9rennit\u00e9, tout en pr\u00e9servant le patrimoine architectural exceptionnel de la Ferme de Belle Dalle.<\/p>\n<p>Pour les deux premi\u00e8res ann\u00e9es, Christophe et Alexia soustraite le brassage de leurs bi\u00e8res.<\/p>\n<p>\u00a0<\/p>\n<p><strong>2005\u00a0:<\/strong> Le couple rach\u00e8te des \u00e9quipements de brasserie en Slovaquie et d\u00e9marre la production sur site. Lors de l\u2019arriv\u00e9e du mat\u00e9riel \u00e0 la ferme, les habitants du coin pensaient que Christophe relan\u00e7ait la distillerie de son grand-p\u00e8re. A ce moment, Christophe se dit que si son projet de bi\u00e8re fonctionne, il fera du whisky renouant ainsi avec son histoire familiale et concr\u00e9tisant l\u2019id\u00e9e de son p\u00e8re.<\/p>\n<p>\u00a0<\/p>\n<p><strong>2016\u00a0<\/strong>: Christophe se forme aupr\u00e8s du CIDS en vue de maitriser la production et l\u2019\u00e9levage d\u2019alcool brun, ici ce sera du whisky bien entendu.<\/p>\n<p>\u00a0<\/p>\n<p><strong>2018\u00a0:<\/strong> Premi\u00e8re distillation \u00e0 la distillerie d\u2019Hautefeuille (le wash est \u00e9labor\u00e9 dans la distillerie \u00e0 partir des orges produites par Christophe Noyon).<\/p>\n<p>\u00a0<\/p>\n<p><strong>2021 :<\/strong> Lancement du premier Whisky de la brasserie. Baptis\u00e9 Warcove, du nom de la propri\u00e9t\u00e9 familial dans laquelle se trouvait la Distillerie Noyon ! Ceux sont 1311 flacons qui sont commercialis\u00e9s.<\/p>\n<p>\u00a0<\/p>\n<p><strong>2024 (Octobre)\u00a0:<\/strong> Lancement du second lot de Warcove, dont le wash est \u00e9labor\u00e9 sur la C\u00f4te d\u2019Opale \u00e0 la brasserie des 2 Caps, \u00e0 partir des orges de Christophe Noyon.<\/p>\n<p>\u00a0<\/p>\n<p><strong>2026\u00a0:<\/strong> Un nouveau chai de vieillissement sera construit sur place, permettant aux futurs whiskies de profiter de l\u2019air marin.<\/p>\n<p>\u00a0<\/p>\n<\/td>\n<\/tr>\n<tr>\n<td width=\"180\">\n<p>Personnages Cl\u00e9s<\/p>\n<\/td>\n<td width=\"415\">\n<p><strong>Christophe Noyon\u00a0:<\/strong> Ing\u00e9nieur agronome de formation, Christophe travaillait dans l\u2019agro-industrie en r\u00e9gion parisienne. Souhaitant reprendre la ferme familiale, il cherche un nouveau mod\u00e8le \u00e9conomique a m\u00eame de valoriser son Orge. C\u2019est en visitant une brasserie en bretagne (Lancelot) qu\u2019il se dit qu\u2019apr\u00e8s tout, la Bi\u00e8re ce serait une bonne id\u00e9e. A 37 ans il se lance et fais un master en science de la malterie et de la brasserie.<\/p>\n<\/td>\n<\/tr>\n<tr>\n<td width=\"180\">\n<p>Gamme<\/p>\n<\/td>\n<td width=\"415\">\n<p>Warcove\u00a0single malt: 45\u20ac les 50cl<\/p>\n<\/td>\n<\/tr>\n<tr>\n<td width=\"180\">\n<p>Eau<\/p>\n<\/td>\n<td width=\"415\">\u00a0<\/td>\n<\/tr>\n<tr>\n<td width=\"180\">\n<p>C\u00e9r\u00e9ale(s)<\/p>\n<\/td>\n<td width=\"415\">\n<p>Orge maritime de la c\u00f4te d\u2019opale. A ce jour il s\u2019agit principalement de vari\u00e9t\u00e9 brassicole mais \u00e0 compter de 2025, la ferme passera sur de la Laur\u00e9ate ou de la SY Chaska, des orges de printemps de distillerie Non-GN.<\/p>\n<p>La ferme dispose de 69 hectares de culture<\/p>\n<\/td>\n<\/tr>\n<tr>\n<td width=\"180\">\n<p>Maltage<\/p>\n<\/td>\n<td width=\"415\">\n<p>Malterie Dingemans<\/p>\n<\/td>\n<\/tr>\n<tr>\n<td width=\"180\">\n<p>Fermentation\/Levures<\/p>\n<\/td>\n<td width=\"415\">\n<p>Levure classique<\/p>\n<\/td>\n<\/tr>\n<tr>\n<td width=\"180\">\n<p>Alambics<\/p>\n<\/td>\n<td width=\"415\">\n<p>Stupfler de la distillerie d\u2019Hautefeuille.<\/p>\n<p>Comme pour la bi\u00e8re au d\u00e9but, Christophe commence par de la sous-traitance mais il n\u2019exclut pas d\u2019investir dans un alambic.<\/p>\n<\/td>\n<\/tr>\n<tr>\n<td width=\"180\">\n<p>Distillation<\/p>\n<\/td>\n<td width=\"415\">\n<p>Simple<\/p>\n<\/td>\n<\/tr>\n<tr>\n<td width=\"180\">\n<p>Type de chai<\/p>\n<\/td>\n<td width=\"415\">\n<p>En projet au sein du Domaine de Belledalle, qui se situe \u00e0 1 kilom\u00e8tre de la mer au c\u0153ur du Grand Site National des 2 Caps, pour b\u00e9n\u00e9ficier de l\u2019influence maritime.<\/p>\n<\/td>\n<\/tr>\n<tr>\n<td width=\"180\">\n<p>F\u00fbt(s)<\/p>\n<\/td>\n<td width=\"415\">\n<p>La distillerie utilise des barriques rousses de Rhum, du ch\u00eane fran\u00e7ais, mais aussi des barriques de PX<\/p>\n<\/td>\n<\/tr>\n<tr>\n<td width=\"180\">\n<p>Donn\u00e9es Territoriales<\/p>\n<\/td>\n<td width=\"415\">\n<p>\u00a0<\/p>\n<\/td>\n<\/tr>\n<tr>\n<td width=\"180\">\n<p>Notes<\/p>\n<\/td>\n<td width=\"415\">\n<p>\u00a0<\/p>\n<\/td>\n<\/tr>\n<tr>\n<td width=\"180\">\n<p>Site Web<\/p>\n<\/td>\n<td width=\"415\">\n<p>\u00a0<\/p>\n<\/td>\n<\/tr>\n<\/tbody>\n<\/table>\n","protected":false},"excerpt":{"rendered":"<p>\u00a0 Statut En production Localisation \u00a0 Volume de Production Environ 3000 bouteilles par an. Dates Cl\u00e9s 1946 : Le Grand-p\u00e8re<\/p>\n","protected":false},"author":1,"featured_media":7501,"parent":0,"menu_order":0,"comment_status":"closed","ping_status":"closed","template":"","meta":{"jetpack_post_was_ever_published":false,"footnotes":""},"class_list":["post-7500","page","type-page","status-publish","has-post-thumbnail","hentry"],"jetpack_sharing_enabled":true,"jetpack_shortlink":"https:\/\/wp.me\/P8oZPa-1WY","jetpack-related-posts":[{"id":385,"url":"https:\/\/whisky-francais.com\/index.php\/distilleries\/g-rozelieures\/","url_meta":{"origin":7500,"position":0},"title":"Rozelieures &#8211; Distillerie Grallet-Dupic","date":"28 f\u00e9vrier 2017","format":false,"excerpt":"De l\u2019AOC Mirabelles de Lorraine a\u0300 la confection de whisky il n\u2019y a qu\u2019un pas ! La distillerie Grallet-Dupic en est le parfait exemple. Forte d\u2019une tradition se\u0301culaire en matie\u0300re en fabrication d\u2019eau-de-vie, la distillerie se lance dans la production de whisky il y a 17 ans de cela. Cette\u2026","rel":"","context":"Article similaire","img":{"alt_text":"Rozelieures, G. Rozelieures, Grallet-Dupic, AOC Mirabelle de Lorraine, Christophe Dupic, Hubert Grallet, Christian Vergier, Rare Collection, Fum\u00e9e Colletion, Tourb\u00e9e Collection, Vosne Roman\u00e9e, Rully , Vosges, Le Grenier, La Bergerie, Le Fort P\u00e9lissier, Tokay, Porto, Banyuls, Saint Joseph, Condrieu, Bourbon, Fino, Oloroso, Pedro Ximenez, France, whisky, whisky Fran\u00e7ais, French whisky, orge, d\u00e9gustation, Matthieu Acar, Xavier Brevet, d\u00e9gustation, whisky, masterclass, Paris, atelier, d\u00e9gustation, whisky","src":"https:\/\/i0.wp.com\/whisky-francais.com\/wp-content\/uploads\/2017\/02\/tonneaux-1.jpg?resize=350%2C200&ssl=1","width":350,"height":200},"classes":[]},{"id":5152,"url":"https:\/\/whisky-francais.com\/index.php\/distilleries\/la-fabrique-a-alcools\/","url_meta":{"origin":7500,"position":1},"title":"La Fabrique \u00e0 Alcools","date":"7 avril 2020","format":false,"excerpt":"Non loin de Paris, dans le d\u00e9partement de l'Essonne se trouve la fabrique \u00e0 Alcools, un nom plut\u00f4t \u00e9vocateur pour une distillerie ! Initi\u00e9e par Eric ESNAULT et Christophe ASTORRI en 2017, la fabrique commence \u00e0 produire d\u00e8s 2018. Statut Distille son propre whisky depuis fin 2017 Localisation Ferme de\u2026","rel":"","context":"Article similaire","img":{"alt_text":"","src":"https:\/\/i0.wp.com\/whisky-francais.com\/wp-content\/uploads\/2020\/04\/La-fabrique-a-alcools-whisky-fran\u00e7ais.jpg?resize=350%2C200&ssl=1","width":350,"height":200},"classes":[]},{"id":5988,"url":"https:\/\/whisky-francais.com\/index.php\/distillerie-du-cotentin\/","url_meta":{"origin":7500,"position":2},"title":"Distillerie du Cotentin","date":"11 avril 2021","format":false,"excerpt":"Derni\u00e8re mise \u00e0 jour : Octobre 2025 Laurence Giraud \u00e0 Saint-Germain-le-Gaillard le 3 mars 2021. Micro distillerie produisant du whisky et de l'alcool d'orge malt\u00e9e issue de l'agriculture locale. Le parcours de Laurence est atypique et provient d\u2019histoires de rencontres ! Elle passe de quelques belles ann\u00e9es dans l\u2019\u00e9ducation populaire,\u2026","rel":"","context":"Article similaire","img":{"alt_text":"","src":"https:\/\/i0.wp.com\/whisky-francais.com\/wp-content\/uploads\/2021\/04\/distillerie-du-cotentin-3-1-scaled.jpg?resize=350%2C200&ssl=1","width":350,"height":200},"classes":[]},{"id":4371,"url":"https:\/\/whisky-francais.com\/index.php\/distilleries\/distillerie-disle-de-france\/","url_meta":{"origin":7500,"position":3},"title":"Distillerie d&rsquo;Isle de France","date":"13 mai 2019","format":false,"excerpt":"Derni\u00e8re mise \u00e0 jour : 15\/08\/2023 Cr\u00e9\u00e9e en 2017 par trois amis, la distillerie d\u2019Isle de France d\u00e9butera sa production de whisky en 2019. Centr\u00e9e sur une approche m\u00ealant esprit de camaraderie, valorisation de l\u2019\u00e9conomie circulaire et pr\u00e9servation de la biodiversit\u00e9, la distillerie s\u2019appr\u00eate \u00e0 lancer une campagne de financement\u2026","rel":"","context":"Article similaire","img":{"alt_text":"Distillerie d'Isle de France, Fresnes sur Marne, France, Olivier Fl\u00e9, Antonin Van Niel, Michael Landart, whisky, orge, ma\u00efs, seigle, brasserie rabourdin, Stupfler, Whisky Fran\u00e7ais, French Whisky, Xavier Brevet, Matthieu Acar, Lilya Sekkal, d\u00e9gustation, whisky, masterclass, Paris, atelier, d\u00e9gustation","src":"https:\/\/i0.wp.com\/whisky-francais.com\/wp-content\/uploads\/2019\/05\/5eb2b6cb-0e7e-4d6c-a7f0-48566d25032b-min-1.jpg?resize=350%2C200&ssl=1","width":350,"height":200},"classes":[]},{"id":345,"url":"https:\/\/whisky-francais.com\/index.php\/distilleries\/ninkasi\/","url_meta":{"origin":7500,"position":4},"title":"Ninkasi","date":"27 f\u00e9vrier 2017","format":false,"excerpt":"Fort du succe\u0300s des brasseries Lyonnaises du me\u0302me nom, Ninkasi se lance dans la confection de whisky en 2015 suite a\u0300 son implantation a\u0300 Tarare en 2012 (sur le site d'une ancienne teinturerie). 2019 marquera le lancement de Track 001, le premier whisky de la distillerie. Statut Produit et commercialise\u2026","rel":"","context":"Article similaire","img":{"alt_text":"","src":"https:\/\/i0.wp.com\/whisky-francais.com\/wp-content\/uploads\/2023\/09\/ninkasi-whisky-francais-banniere-honore-pot-still.jpg?resize=350%2C200&ssl=1","width":350,"height":200},"classes":[]},{"id":4093,"url":"https:\/\/whisky-francais.com\/index.php\/distilleries\/landas\/","url_meta":{"origin":7500,"position":5},"title":"Landa&rsquo;s","date":"5 f\u00e9vrier 2019","format":false,"excerpt":"Derni\u00e8re mise \u00e0 jour : Aout 2024 La distillerie Landa\u2019s \u00e0 ouvert ses portes en Mai 2019 avec Mathieu Recoules \u00e0 sa t\u00eate. L\u2019aboutissement de ce projet, initi\u00e9 en 2017, perp\u00e9tue une tradition distillatoire familiale vieille de plus de soixante ans. Statut Distillerie en production Localisation \ud83d\udceb\u00a04 rue des Artisans,\u2026","rel":"","context":"Article similaire","img":{"alt_text":"Landa's, Mathieu Recoules, Lestrade-et-Thouels, Justin Thiers, Raoul Thiers, whisky de grain, orge malt\u00e9e, ma\u00efs, gin, vodka, pastis, alambic Sofac, Kovodel, whisky fran\u00e7ais, french whisky, whisky France, distillerie, Matthieu Acar, Xavier Brevet, Lilya Sekkal, d\u00e9gustation, whisky, masterclass, Paris, atelier, d\u00e9gustation","src":"https:\/\/i0.wp.com\/whisky-francais.com\/wp-content\/uploads\/2019\/02\/DISTiLLERIE.jpg?resize=350%2C200&ssl=1","width":350,"height":200},"classes":[]}],"_links":{"self":[{"href":"https:\/\/whisky-francais.com\/index.php\/wp-json\/wp\/v2\/pages\/7500"}],"collection":[{"href":"https:\/\/whisky-francais.com\/index.php\/wp-json\/wp\/v2\/pages"}],"about":[{"href":"https:\/\/whisky-francais.com\/index.php\/wp-json\/wp\/v2\/types\/page"}],"author":[{"embeddable":true,"href":"https:\/\/whisky-francais.com\/index.php\/wp-json\/wp\/v2\/users\/1"}],"replies":[{"embeddable":true,"href":"https:\/\/whisky-francais.com\/index.php\/wp-json\/wp\/v2\/comments?post=7500"}],"version-history":[{"count":1,"href":"https:\/\/whisky-francais.com\/index.php\/wp-json\/wp\/v2\/pages\/7500\/revisions"}],"predecessor-version":[{"id":7502,"href":"https:\/\/whisky-francais.com\/index.php\/wp-json\/wp\/v2\/pages\/7500\/revisions\/7502"}],"wp:featuredmedia":[{"embeddable":true,"href":"https:\/\/whisky-francais.com\/index.php\/wp-json\/wp\/v2\/media\/7501"}],"wp:attachment":[{"href":"https:\/\/whisky-francais.com\/index.php\/wp-json\/wp\/v2\/media?parent=7500"}],"curies":[{"name":"wp","href":"https:\/\/api.w.org\/{rel}","templated":true}]}}